{"id":9216,"date":"2022-12-28T16:03:41","date_gmt":"2022-12-28T14:03:41","guid":{"rendered":"https:\/\/rtt-dev.sitewise.ee\/?post_type=product&#038;p=9216"},"modified":"2025-07-07T20:51:33","modified_gmt":"2025-07-07T17:51:33","slug":"kasutatud-must-valge-a4-sharp-mx-b450w","status":"publish","type":"product","link":"https:\/\/rtt-dev.sitewise.ee\/ru\/toode\/koopiamasinad-ru\/kasutatud-must-valge-a4-sharp-mx-b450w\/","title":{"rendered":"Kasutatud must-valge A4 SHARP MX-B450W"},"content":{"rendered":"<p>Liisinguperioodi l\u00f5ppedes tagasi ostetud ja\u00a0<strong>v\u00e4he kasutatud<\/strong> (teinud ca m\/v 46 000 A4\u00a0 v\u00e4ljatr\u00fckki)<br \/>\nV\u00e4ga\u00a0<strong>soodne<\/strong>\u00a0kulumaterjal ja edaspidine \u00fclalpidamine.<br \/>\nSeade on meie tehnikute poolt \u00fcle kontrollitud ja hooldatud.<br \/>\nV\u00f5imalik ka seadet\u00a0<strong>rentida<\/strong>, k\u00fcsige\u00a0<strong>rendi<\/strong>\u00a0pakkumust!<\/p>\n<p><strong>V\u00e4rviline<\/strong> A4-A6 V\u00d5RGUPRINTER-KOOPIAMASIN-V\u00d5RGUSKANNER-FAKS (V\u00f5rk)<\/p>\n<p>M\u00f5eldud v\u00e4ikese ja keskmise suurusega meeskondadele.<\/p>\n<p>45 koopiat minutis mustvalgelt.<br \/>\nMultifunktsionaalne Copy \/ Print \/ Scan \/ Faks\/ V\u00f5rk<br \/>\nKompaktne disain,\u00a0t\u00e4iustatud kasutatavus ja v\u00e4ga hea kvaliteet<\/p>\n<p>Seadmele kehtib 6 kuu pikkune garantii.<\/p>\n<p><strong>T\u00e4ishooldusrendi lahendus, k\u00fcsi pakkumist!<\/strong><\/p>\n<p>Mobiil: +372 5014 470<\/p>\n<p>&nbsp;<\/p>\n<p>&nbsp;<\/p>\n","protected":false},"excerpt":{"rendered":"<p>Liisinguperioodi l\u00f5ppedes tagasi ostetud ja\u00a0v\u00e4he kasutatud (teinud ca m\/v 46 000 A4\u00a0 v\u00e4ljatr\u00fckki) V\u00e4ga\u00a0soodne\u00a0kulumaterjal ja edaspidine \u00fclalpidamine. Seade on meie tehnikute poolt \u00fcle kontrollitud ja hooldatud. V\u00f5imalik ka seadet\u00a0rentida, k\u00fcsige\u00a0rendi\u00a0pakkumust! V\u00e4rviline A4-A6 V\u00d5RGUPRINTER-KOOPIAMASIN-V\u00d5RGUSKANNER-FAKS (V\u00f5rk) M\u00f5eldud v\u00e4ikese ja keskmise suurusega meeskondadele. 45 koopiat minutis mustvalgelt. Multifunktsionaalne Copy \/ Print \/ Scan \/ Faks\/ V\u00f5rk Kompaktne disain,\u00a0t\u00e4iustatud [&hellip;]<\/p>\n","protected":false},"featured_media":9219,"template":"","meta":[],"product_brand":[],"product_cat":[340,233],"product_tag":[],"class_list":{"0":"post-9216","1":"product","2":"type-product","3":"status-publish","4":"has-post-thumbnail","6":"product_cat-a4-kasutatud-koopiamasinad-ru","7":"product_cat-koopiamasinad-ru","9":"first","10":"instock","11":"taxable","12":"shipping-taxable","13":"purchasable","14":"product-type-simple"},"acf":[],"yoast_head":"<!-- This site is optimized with the Yoast SEO plugin v24.4 - https:\/\/yoast.com\/wordpress\/plugins\/seo\/ -->\n<title>Kasutatud must-valge A4 SHARP MX-B450W - RTT<\/title>\n<meta name=\"description\" content=\"Kasutatud A4 v\u00e4rviline printer, koopiamasin. M\u00f5istlikud \u00fclalpidamiskulud, t\u00e4isteenusrendi v\u00f5imalus! Multifunktsionaalne printer\" \/>\n<meta name=\"robots\" content=\"noindex, follow, max-snippet:-1, max-image-preview:large, max-video-preview:-1\" \/>\n<meta property=\"og:locale\" content=\"ru_RU\" \/>\n<meta property=\"og:type\" content=\"article\" \/>\n<meta property=\"og:title\" content=\"Kasutatud must-valge A4 SHARP MX-B450W - RTT\" \/>\n<meta property=\"og:description\" content=\"Kasutatud A4 v\u00e4rviline printer, koopiamasin. M\u00f5istlikud \u00fclalpidamiskulud, t\u00e4isteenusrendi v\u00f5imalus! Multifunktsionaalne printer\" \/>\n<meta property=\"og:url\" content=\"https:\/\/rtt-dev.sitewise.ee\/toode\/koopiamasinad\/a4-kasutatud-koopiamasinad\/kasutatud-must-valge-a4-sharp-mx-b450w\/\" \/>\n<meta property=\"og:site_name\" content=\"RTT\" \/>\n<meta property=\"article:modified_time\" content=\"2025-07-07T17:51:33+00:00\" \/>\n<meta property=\"og:image\" content=\"https:\/\/rtt-dev.sitewise.ee\/wp-content\/uploads\/2022\/12\/b450w.jpg\" \/>\n\t<meta property=\"og:image:width\" content=\"1234\" \/>\n\t<meta property=\"og:image:height\" content=\"1524\" \/>\n\t<meta property=\"og:image:type\" content=\"image\/jpeg\" \/>\n<meta name=\"twitter:card\" content=\"summary_large_image\" \/>\n<script type=\"application\/ld+json\" class=\"yoast-schema-graph\">{\"@context\":\"https:\/\/schema.org\",\"@graph\":[{\"@type\":\"WebPage\",\"@id\":\"https:\/\/rtt-dev.sitewise.ee\/toode\/koopiamasinad\/a4-kasutatud-koopiamasinad\/kasutatud-must-valge-a4-sharp-mx-b450w\/\",\"url\":\"https:\/\/rtt-dev.sitewise.ee\/toode\/koopiamasinad\/a4-kasutatud-koopiamasinad\/kasutatud-must-valge-a4-sharp-mx-b450w\/\",\"name\":\"Kasutatud must-valge A4 SHARP MX-B450W - RTT\",\"isPartOf\":{\"@id\":\"https:\/\/rtt-dev.sitewise.ee\/#website\"},\"primaryImageOfPage\":{\"@id\":\"https:\/\/rtt-dev.sitewise.ee\/toode\/koopiamasinad\/a4-kasutatud-koopiamasinad\/kasutatud-must-valge-a4-sharp-mx-b450w\/#primaryimage\"},\"image\":{\"@id\":\"https:\/\/rtt-dev.sitewise.ee\/toode\/koopiamasinad\/a4-kasutatud-koopiamasinad\/kasutatud-must-valge-a4-sharp-mx-b450w\/#primaryimage\"},\"thumbnailUrl\":\"https:\/\/rtt-dev.sitewise.ee\/wp-content\/uploads\/2022\/12\/b450w.jpg\",\"datePublished\":\"2022-12-28T14:03:41+00:00\",\"dateModified\":\"2025-07-07T17:51:33+00:00\",\"description\":\"Kasutatud A4 v\u00e4rviline printer, koopiamasin. M\u00f5istlikud \u00fclalpidamiskulud, t\u00e4isteenusrendi v\u00f5imalus! Multifunktsionaalne printer\",\"breadcrumb\":{\"@id\":\"https:\/\/rtt-dev.sitewise.ee\/toode\/koopiamasinad\/a4-kasutatud-koopiamasinad\/kasutatud-must-valge-a4-sharp-mx-b450w\/#breadcrumb\"},\"inLanguage\":\"ru-RU\",\"potentialAction\":[{\"@type\":\"ReadAction\",\"target\":[\"https:\/\/rtt-dev.sitewise.ee\/toode\/koopiamasinad\/a4-kasutatud-koopiamasinad\/kasutatud-must-valge-a4-sharp-mx-b450w\/\"]}]},{\"@type\":\"ImageObject\",\"inLanguage\":\"ru-RU\",\"@id\":\"https:\/\/rtt-dev.sitewise.ee\/toode\/koopiamasinad\/a4-kasutatud-koopiamasinad\/kasutatud-must-valge-a4-sharp-mx-b450w\/#primaryimage\",\"url\":\"https:\/\/rtt-dev.sitewise.ee\/wp-content\/uploads\/2022\/12\/b450w.jpg\",\"contentUrl\":\"https:\/\/rtt-dev.sitewise.ee\/wp-content\/uploads\/2022\/12\/b450w.jpg\",\"width\":1234,\"height\":1524},{\"@type\":\"BreadcrumbList\",\"@id\":\"https:\/\/rtt-dev.sitewise.ee\/toode\/koopiamasinad\/a4-kasutatud-koopiamasinad\/kasutatud-must-valge-a4-sharp-mx-b450w\/#breadcrumb\",\"itemListElement\":[{\"@type\":\"ListItem\",\"position\":1,\"name\":\"\u0413\u043b\u0430\u0432\u043d\u0430\u044f\",\"item\":\"https:\/\/rtt-dev.sitewise.ee\/\"},{\"@type\":\"ListItem\",\"position\":2,\"name\":\"Magazin\",\"item\":\"https:\/\/rtt-dev.sitewise.ee\/pood\/\"},{\"@type\":\"ListItem\",\"position\":3,\"name\":\"Koopiamasinad\",\"item\":\"https:\/\/rtt-dev.sitewise.ee\/tootekategooria\/koopiamasinad\/\"},{\"@type\":\"ListItem\",\"position\":4,\"name\":\"A4 kasutatud koopiamasinad\",\"item\":\"https:\/\/rtt-dev.sitewise.ee\/tootekategooria\/koopiamasinad\/a4-kasutatud-koopiamasinad\/\"},{\"@type\":\"ListItem\",\"position\":5,\"name\":\"Kasutatud must-valge A4 SHARP MX-B450W\"}]},{\"@type\":\"WebSite\",\"@id\":\"https:\/\/rtt-dev.sitewise.ee\/#website\",\"url\":\"https:\/\/rtt-dev.sitewise.ee\/\",\"name\":\"RTT\",\"description\":\"Kassaaparaadid ja kontorikaubad\",\"potentialAction\":[{\"@type\":\"SearchAction\",\"target\":{\"@type\":\"EntryPoint\",\"urlTemplate\":\"https:\/\/rtt-dev.sitewise.ee\/?s={search_term_string}\"},\"query-input\":{\"@type\":\"PropertyValueSpecification\",\"valueRequired\":true,\"valueName\":\"search_term_string\"}}],\"inLanguage\":\"ru-RU\"}]}<\/script>\n<!-- \/ Yoast SEO plugin. -->","yoast_head_json":{"title":"Kasutatud must-valge A4 SHARP MX-B450W - RTT","description":"Kasutatud A4 v\u00e4rviline printer, koopiamasin. M\u00f5istlikud \u00fclalpidamiskulud, t\u00e4isteenusrendi v\u00f5imalus! Multifunktsionaalne printer","robots":{"index":"noindex","follow":"follow","max-snippet":"max-snippet:-1","max-image-preview":"max-image-preview:large","max-video-preview":"max-video-preview:-1"},"og_locale":"ru_RU","og_type":"article","og_title":"Kasutatud must-valge A4 SHARP MX-B450W - RTT","og_description":"Kasutatud A4 v\u00e4rviline printer, koopiamasin. M\u00f5istlikud \u00fclalpidamiskulud, t\u00e4isteenusrendi v\u00f5imalus! Multifunktsionaalne printer","og_url":"https:\/\/rtt-dev.sitewise.ee\/toode\/koopiamasinad\/a4-kasutatud-koopiamasinad\/kasutatud-must-valge-a4-sharp-mx-b450w\/","og_site_name":"RTT","article_modified_time":"2025-07-07T17:51:33+00:00","og_image":[{"width":1234,"height":1524,"url":"https:\/\/rtt-dev.sitewise.ee\/wp-content\/uploads\/2022\/12\/b450w.jpg","type":"image\/jpeg"}],"twitter_card":"summary_large_image","schema":{"@context":"https:\/\/schema.org","@graph":[{"@type":"WebPage","@id":"https:\/\/rtt-dev.sitewise.ee\/toode\/koopiamasinad\/a4-kasutatud-koopiamasinad\/kasutatud-must-valge-a4-sharp-mx-b450w\/","url":"https:\/\/rtt-dev.sitewise.ee\/toode\/koopiamasinad\/a4-kasutatud-koopiamasinad\/kasutatud-must-valge-a4-sharp-mx-b450w\/","name":"Kasutatud must-valge A4 SHARP MX-B450W - RTT","isPartOf":{"@id":"https:\/\/rtt-dev.sitewise.ee\/#website"},"primaryImageOfPage":{"@id":"https:\/\/rtt-dev.sitewise.ee\/toode\/koopiamasinad\/a4-kasutatud-koopiamasinad\/kasutatud-must-valge-a4-sharp-mx-b450w\/#primaryimage"},"image":{"@id":"https:\/\/rtt-dev.sitewise.ee\/toode\/koopiamasinad\/a4-kasutatud-koopiamasinad\/kasutatud-must-valge-a4-sharp-mx-b450w\/#primaryimage"},"thumbnailUrl":"https:\/\/rtt-dev.sitewise.ee\/wp-content\/uploads\/2022\/12\/b450w.jpg","datePublished":"2022-12-28T14:03:41+00:00","dateModified":"2025-07-07T17:51:33+00:00","description":"Kasutatud A4 v\u00e4rviline printer, koopiamasin. M\u00f5istlikud \u00fclalpidamiskulud, t\u00e4isteenusrendi v\u00f5imalus! Multifunktsionaalne printer","breadcrumb":{"@id":"https:\/\/rtt-dev.sitewise.ee\/toode\/koopiamasinad\/a4-kasutatud-koopiamasinad\/kasutatud-must-valge-a4-sharp-mx-b450w\/#breadcrumb"},"inLanguage":"ru-RU","potentialAction":[{"@type":"ReadAction","target":["https:\/\/rtt-dev.sitewise.ee\/toode\/koopiamasinad\/a4-kasutatud-koopiamasinad\/kasutatud-must-valge-a4-sharp-mx-b450w\/"]}]},{"@type":"ImageObject","inLanguage":"ru-RU","@id":"https:\/\/rtt-dev.sitewise.ee\/toode\/koopiamasinad\/a4-kasutatud-koopiamasinad\/kasutatud-must-valge-a4-sharp-mx-b450w\/#primaryimage","url":"https:\/\/rtt-dev.sitewise.ee\/wp-content\/uploads\/2022\/12\/b450w.jpg","contentUrl":"https:\/\/rtt-dev.sitewise.ee\/wp-content\/uploads\/2022\/12\/b450w.jpg","width":1234,"height":1524},{"@type":"BreadcrumbList","@id":"https:\/\/rtt-dev.sitewise.ee\/toode\/koopiamasinad\/a4-kasutatud-koopiamasinad\/kasutatud-must-valge-a4-sharp-mx-b450w\/#breadcrumb","itemListElement":[{"@type":"ListItem","position":1,"name":"\u0413\u043b\u0430\u0432\u043d\u0430\u044f","item":"https:\/\/rtt-dev.sitewise.ee\/"},{"@type":"ListItem","position":2,"name":"Magazin","item":"https:\/\/rtt-dev.sitewise.ee\/pood\/"},{"@type":"ListItem","position":3,"name":"Koopiamasinad","item":"https:\/\/rtt-dev.sitewise.ee\/tootekategooria\/koopiamasinad\/"},{"@type":"ListItem","position":4,"name":"A4 kasutatud koopiamasinad","item":"https:\/\/rtt-dev.sitewise.ee\/tootekategooria\/koopiamasinad\/a4-kasutatud-koopiamasinad\/"},{"@type":"ListItem","position":5,"name":"Kasutatud must-valge A4 SHARP MX-B450W"}]},{"@type":"WebSite","@id":"https:\/\/rtt-dev.sitewise.ee\/#website","url":"https:\/\/rtt-dev.sitewise.ee\/","name":"RTT","description":"Kassaaparaadid ja kontorikaubad","potentialAction":[{"@type":"SearchAction","target":{"@type":"EntryPoint","urlTemplate":"https:\/\/rtt-dev.sitewise.ee\/?s={search_term_string}"},"query-input":{"@type":"PropertyValueSpecification","valueRequired":true,"valueName":"search_term_string"}}],"inLanguage":"ru-RU"}]}},"_links":{"self":[{"href":"https:\/\/rtt-dev.sitewise.ee\/ru\/wp-json\/wp\/v2\/product\/9216","targetHints":{"allow":["GET"]}}],"collection":[{"href":"https:\/\/rtt-dev.sitewise.ee\/ru\/wp-json\/wp\/v2\/product"}],"about":[{"href":"https:\/\/rtt-dev.sitewise.ee\/ru\/wp-json\/wp\/v2\/types\/product"}],"wp:featuredmedia":[{"embeddable":true,"href":"https:\/\/rtt-dev.sitewise.ee\/ru\/wp-json\/wp\/v2\/media\/9219"}],"wp:attachment":[{"href":"https:\/\/rtt-dev.sitewise.ee\/ru\/wp-json\/wp\/v2\/media?parent=9216"}],"wp:term":[{"taxonomy":"product_brand","embeddable":true,"href":"https:\/\/rtt-dev.sitewise.ee\/ru\/wp-json\/wp\/v2\/product_brand?post=9216"},{"taxonomy":"product_cat","embeddable":true,"href":"https:\/\/rtt-dev.sitewise.ee\/ru\/wp-json\/wp\/v2\/product_cat?post=9216"},{"taxonomy":"product_tag","embeddable":true,"href":"https:\/\/rtt-dev.sitewise.ee\/ru\/wp-json\/wp\/v2\/product_tag?post=9216"}],"curies":[{"name":"wp","href":"https:\/\/api.w.org\/{rel}","templated":true}]}}