{"id":8822,"date":"2022-10-05T10:44:20","date_gmt":"2022-10-05T07:44:20","guid":{"rendered":"https:\/\/rtt-dev.sitewise.ee\/toode\/uncategorized\/evolis-cardpresso-tarkvara\/"},"modified":"2025-07-07T20:51:35","modified_gmt":"2025-07-07T17:51:35","slug":"evolis-cardpresso-tarkvara","status":"publish","type":"product","link":"https:\/\/rtt-dev.sitewise.ee\/ru\/toode\/tarkvara-ru\/evolis-cardpresso-tarkvara\/","title":{"rendered":"Evolis Cardpresso tarkvara"},"content":{"rendered":"<p>Evolis Zenius, Primacy ja Quantum kaardiprinterid tarnitakse cardPresso tarkvaraga. CardPresso on kasutajas\u00f5bralik kaardidisaineri tarkvara, mis pakub parimaid v\u00f5imalusi ja v\u00f5imalusi igat t\u00fc\u00fcpi m\u00e4rkide loomiseks.<\/p>\n<p>Erinevad Versioonid:<br \/>\nPrinteriga kaasas:<br \/>\nZenius printeritega: XXS lite<br \/>\nPrimacy &amp; Quantum: XXS<\/p>\n<p>Vajad rohkem v\u00f5imalusi uuenda vastavalt oma vajadustele:<br \/>\n-XS<br \/>\n-XM<br \/>\n-XL<br \/>\n-XXL<\/p>\n<p>K\u00fcsimusi?<br \/>\n<strong>Telefon: +372 5014 470<\/strong><\/p>\n","protected":false},"excerpt":{"rendered":"<p>Evolis Zenius, Primacy ja Quantum kaardiprinterid tarnitakse cardPresso tarkvaraga. CardPresso on kasutajas\u00f5bralik kaardidisaineri tarkvara, mis pakub parimaid v\u00f5imalusi ja v\u00f5imalusi igat t\u00fc\u00fcpi m\u00e4rkide loomiseks. Erinevad Versioonid: Printeriga kaasas: Zenius printeritega: XXS lite Primacy &amp; Quantum: XXS Vajad rohkem v\u00f5imalusi uuenda vastavalt oma vajadustele: -XS -XM -XL -XXL K\u00fcsimusi? Telefon: +372 5014 470<\/p>\n","protected":false},"featured_media":8825,"template":"","meta":[],"product_brand":[],"product_cat":[232],"product_tag":[],"class_list":{"0":"post-8822","1":"product","2":"type-product","3":"status-publish","4":"has-post-thumbnail","6":"product_cat-tarkvara-ru","8":"first","9":"instock","10":"taxable","11":"shipping-taxable","12":"purchasable","13":"product-type-simple"},"acf":[],"yoast_head":"<!-- This site is optimized with the Yoast SEO plugin v24.4 - https:\/\/yoast.com\/wordpress\/plugins\/seo\/ -->\n<title>Evolis Cardpresso tarkvara - RTT<\/title>\n<meta name=\"description\" content=\"Evolis Cardpersso kaardiprinteri tarkvara on lihtne ja kasutajas\u00f5bralik tarkvara, millega saad disainida vajaminevad kaardid.\" \/>\n<meta name=\"robots\" content=\"noindex, follow, max-snippet:-1, max-image-preview:large, max-video-preview:-1\" \/>\n<meta property=\"og:locale\" content=\"ru_RU\" \/>\n<meta property=\"og:type\" content=\"article\" \/>\n<meta property=\"og:title\" content=\"Evolis Cardpresso tarkvara - RTT\" \/>\n<meta property=\"og:description\" content=\"Evolis Cardpersso kaardiprinteri tarkvara on lihtne ja kasutajas\u00f5bralik tarkvara, millega saad disainida vajaminevad kaardid.\" \/>\n<meta property=\"og:url\" content=\"https:\/\/rtt-dev.sitewise.ee\/toode\/tarkvara\/evolis-cardpresso-tarkvara\/\" \/>\n<meta property=\"og:site_name\" content=\"RTT\" \/>\n<meta property=\"article:modified_time\" content=\"2025-07-07T17:51:35+00:00\" \/>\n<meta property=\"og:image\" content=\"https:\/\/rtt-dev.sitewise.ee\/wp-content\/uploads\/2022\/10\/VISUEL_CARDPRESSO_COUV_v4.jpg\" \/>\n\t<meta property=\"og:image:width\" content=\"1815\" \/>\n\t<meta property=\"og:image:height\" content=\"1278\" \/>\n\t<meta property=\"og:image:type\" content=\"image\/jpeg\" \/>\n<meta name=\"twitter:card\" content=\"summary_large_image\" \/>\n<script type=\"application\/ld+json\" class=\"yoast-schema-graph\">{\"@context\":\"https:\/\/schema.org\",\"@graph\":[{\"@type\":\"WebPage\",\"@id\":\"https:\/\/rtt-dev.sitewise.ee\/toode\/tarkvara\/evolis-cardpresso-tarkvara\/\",\"url\":\"https:\/\/rtt-dev.sitewise.ee\/toode\/tarkvara\/evolis-cardpresso-tarkvara\/\",\"name\":\"Evolis Cardpresso tarkvara - RTT\",\"isPartOf\":{\"@id\":\"https:\/\/rtt-dev.sitewise.ee\/#website\"},\"primaryImageOfPage\":{\"@id\":\"https:\/\/rtt-dev.sitewise.ee\/toode\/tarkvara\/evolis-cardpresso-tarkvara\/#primaryimage\"},\"image\":{\"@id\":\"https:\/\/rtt-dev.sitewise.ee\/toode\/tarkvara\/evolis-cardpresso-tarkvara\/#primaryimage\"},\"thumbnailUrl\":\"https:\/\/rtt-dev.sitewise.ee\/wp-content\/uploads\/2022\/10\/VISUEL_CARDPRESSO_COUV_v4.jpg\",\"datePublished\":\"2022-10-05T07:44:20+00:00\",\"dateModified\":\"2025-07-07T17:51:35+00:00\",\"description\":\"Evolis Cardpersso kaardiprinteri tarkvara on lihtne ja kasutajas\u00f5bralik tarkvara, millega saad disainida vajaminevad kaardid.\",\"breadcrumb\":{\"@id\":\"https:\/\/rtt-dev.sitewise.ee\/toode\/tarkvara\/evolis-cardpresso-tarkvara\/#breadcrumb\"},\"inLanguage\":\"ru-RU\",\"potentialAction\":[{\"@type\":\"ReadAction\",\"target\":[\"https:\/\/rtt-dev.sitewise.ee\/toode\/tarkvara\/evolis-cardpresso-tarkvara\/\"]}]},{\"@type\":\"ImageObject\",\"inLanguage\":\"ru-RU\",\"@id\":\"https:\/\/rtt-dev.sitewise.ee\/toode\/tarkvara\/evolis-cardpresso-tarkvara\/#primaryimage\",\"url\":\"https:\/\/rtt-dev.sitewise.ee\/wp-content\/uploads\/2022\/10\/VISUEL_CARDPRESSO_COUV_v4.jpg\",\"contentUrl\":\"https:\/\/rtt-dev.sitewise.ee\/wp-content\/uploads\/2022\/10\/VISUEL_CARDPRESSO_COUV_v4.jpg\",\"width\":1815,\"height\":1278},{\"@type\":\"BreadcrumbList\",\"@id\":\"https:\/\/rtt-dev.sitewise.ee\/toode\/tarkvara\/evolis-cardpresso-tarkvara\/#breadcrumb\",\"itemListElement\":[{\"@type\":\"ListItem\",\"position\":1,\"name\":\"\u0413\u043b\u0430\u0432\u043d\u0430\u044f\",\"item\":\"https:\/\/rtt-dev.sitewise.ee\/\"},{\"@type\":\"ListItem\",\"position\":2,\"name\":\"Magazin\",\"item\":\"https:\/\/rtt-dev.sitewise.ee\/pood\/\"},{\"@type\":\"ListItem\",\"position\":3,\"name\":\"Tarkvara\",\"item\":\"https:\/\/rtt-dev.sitewise.ee\/tootekategooria\/tarkvara\/\"},{\"@type\":\"ListItem\",\"position\":4,\"name\":\"Evolis Cardpresso tarkvara\"}]},{\"@type\":\"WebSite\",\"@id\":\"https:\/\/rtt-dev.sitewise.ee\/#website\",\"url\":\"https:\/\/rtt-dev.sitewise.ee\/\",\"name\":\"RTT\",\"description\":\"Kassaaparaadid ja kontorikaubad\",\"potentialAction\":[{\"@type\":\"SearchAction\",\"target\":{\"@type\":\"EntryPoint\",\"urlTemplate\":\"https:\/\/rtt-dev.sitewise.ee\/?s={search_term_string}\"},\"query-input\":{\"@type\":\"PropertyValueSpecification\",\"valueRequired\":true,\"valueName\":\"search_term_string\"}}],\"inLanguage\":\"ru-RU\"}]}<\/script>\n<!-- \/ Yoast SEO plugin. -->","yoast_head_json":{"title":"Evolis Cardpresso tarkvara - RTT","description":"Evolis Cardpersso kaardiprinteri tarkvara on lihtne ja kasutajas\u00f5bralik tarkvara, millega saad disainida vajaminevad kaardid.","robots":{"index":"noindex","follow":"follow","max-snippet":"max-snippet:-1","max-image-preview":"max-image-preview:large","max-video-preview":"max-video-preview:-1"},"og_locale":"ru_RU","og_type":"article","og_title":"Evolis Cardpresso tarkvara - RTT","og_description":"Evolis Cardpersso kaardiprinteri tarkvara on lihtne ja kasutajas\u00f5bralik tarkvara, millega saad disainida vajaminevad kaardid.","og_url":"https:\/\/rtt-dev.sitewise.ee\/toode\/tarkvara\/evolis-cardpresso-tarkvara\/","og_site_name":"RTT","article_modified_time":"2025-07-07T17:51:35+00:00","og_image":[{"width":1815,"height":1278,"url":"https:\/\/rtt-dev.sitewise.ee\/wp-content\/uploads\/2022\/10\/VISUEL_CARDPRESSO_COUV_v4.jpg","type":"image\/jpeg"}],"twitter_card":"summary_large_image","schema":{"@context":"https:\/\/schema.org","@graph":[{"@type":"WebPage","@id":"https:\/\/rtt-dev.sitewise.ee\/toode\/tarkvara\/evolis-cardpresso-tarkvara\/","url":"https:\/\/rtt-dev.sitewise.ee\/toode\/tarkvara\/evolis-cardpresso-tarkvara\/","name":"Evolis Cardpresso tarkvara - RTT","isPartOf":{"@id":"https:\/\/rtt-dev.sitewise.ee\/#website"},"primaryImageOfPage":{"@id":"https:\/\/rtt-dev.sitewise.ee\/toode\/tarkvara\/evolis-cardpresso-tarkvara\/#primaryimage"},"image":{"@id":"https:\/\/rtt-dev.sitewise.ee\/toode\/tarkvara\/evolis-cardpresso-tarkvara\/#primaryimage"},"thumbnailUrl":"https:\/\/rtt-dev.sitewise.ee\/wp-content\/uploads\/2022\/10\/VISUEL_CARDPRESSO_COUV_v4.jpg","datePublished":"2022-10-05T07:44:20+00:00","dateModified":"2025-07-07T17:51:35+00:00","description":"Evolis Cardpersso kaardiprinteri tarkvara on lihtne ja kasutajas\u00f5bralik tarkvara, millega saad disainida vajaminevad kaardid.","breadcrumb":{"@id":"https:\/\/rtt-dev.sitewise.ee\/toode\/tarkvara\/evolis-cardpresso-tarkvara\/#breadcrumb"},"inLanguage":"ru-RU","potentialAction":[{"@type":"ReadAction","target":["https:\/\/rtt-dev.sitewise.ee\/toode\/tarkvara\/evolis-cardpresso-tarkvara\/"]}]},{"@type":"ImageObject","inLanguage":"ru-RU","@id":"https:\/\/rtt-dev.sitewise.ee\/toode\/tarkvara\/evolis-cardpresso-tarkvara\/#primaryimage","url":"https:\/\/rtt-dev.sitewise.ee\/wp-content\/uploads\/2022\/10\/VISUEL_CARDPRESSO_COUV_v4.jpg","contentUrl":"https:\/\/rtt-dev.sitewise.ee\/wp-content\/uploads\/2022\/10\/VISUEL_CARDPRESSO_COUV_v4.jpg","width":1815,"height":1278},{"@type":"BreadcrumbList","@id":"https:\/\/rtt-dev.sitewise.ee\/toode\/tarkvara\/evolis-cardpresso-tarkvara\/#breadcrumb","itemListElement":[{"@type":"ListItem","position":1,"name":"\u0413\u043b\u0430\u0432\u043d\u0430\u044f","item":"https:\/\/rtt-dev.sitewise.ee\/"},{"@type":"ListItem","position":2,"name":"Magazin","item":"https:\/\/rtt-dev.sitewise.ee\/pood\/"},{"@type":"ListItem","position":3,"name":"Tarkvara","item":"https:\/\/rtt-dev.sitewise.ee\/tootekategooria\/tarkvara\/"},{"@type":"ListItem","position":4,"name":"Evolis Cardpresso tarkvara"}]},{"@type":"WebSite","@id":"https:\/\/rtt-dev.sitewise.ee\/#website","url":"https:\/\/rtt-dev.sitewise.ee\/","name":"RTT","description":"Kassaaparaadid ja kontorikaubad","potentialAction":[{"@type":"SearchAction","target":{"@type":"EntryPoint","urlTemplate":"https:\/\/rtt-dev.sitewise.ee\/?s={search_term_string}"},"query-input":{"@type":"PropertyValueSpecification","valueRequired":true,"valueName":"search_term_string"}}],"inLanguage":"ru-RU"}]}},"_links":{"self":[{"href":"https:\/\/rtt-dev.sitewise.ee\/ru\/wp-json\/wp\/v2\/product\/8822","targetHints":{"allow":["GET"]}}],"collection":[{"href":"https:\/\/rtt-dev.sitewise.ee\/ru\/wp-json\/wp\/v2\/product"}],"about":[{"href":"https:\/\/rtt-dev.sitewise.ee\/ru\/wp-json\/wp\/v2\/types\/product"}],"wp:featuredmedia":[{"embeddable":true,"href":"https:\/\/rtt-dev.sitewise.ee\/ru\/wp-json\/wp\/v2\/media\/8825"}],"wp:attachment":[{"href":"https:\/\/rtt-dev.sitewise.ee\/ru\/wp-json\/wp\/v2\/media?parent=8822"}],"wp:term":[{"taxonomy":"product_brand","embeddable":true,"href":"https:\/\/rtt-dev.sitewise.ee\/ru\/wp-json\/wp\/v2\/product_brand?post=8822"},{"taxonomy":"product_cat","embeddable":true,"href":"https:\/\/rtt-dev.sitewise.ee\/ru\/wp-json\/wp\/v2\/product_cat?post=8822"},{"taxonomy":"product_tag","embeddable":true,"href":"https:\/\/rtt-dev.sitewise.ee\/ru\/wp-json\/wp\/v2\/product_tag?post=8822"}],"curies":[{"name":"wp","href":"https:\/\/api.w.org\/{rel}","templated":true}]}}