{"id":8799,"date":"2022-10-04T16:15:58","date_gmt":"2022-10-04T13:15:58","guid":{"rendered":"https:\/\/rtt-dev.sitewise.ee\/toode\/uncategorized\/kaardiprinter\/"},"modified":"2025-07-07T20:51:35","modified_gmt":"2025-07-07T17:51:35","slug":"kaardiprinter","status":"publish","type":"product","link":"https:\/\/rtt-dev.sitewise.ee\/ru\/toode\/printerid-ru\/kaardiprinter-ru\/kaardiprinter\/","title":{"rendered":"Evolis Tattoo 2 RW"},"content":{"rendered":"<p>J\u00e4rgmise p\u00f5lvkonna printer \u00fcmberkirjutatavate kaartide jaoks Tattoo RW on \u00fclim lahendus ajutiste v\u00f5i uuendatavate kaartide printimiseks.<\/p>\n<ul>\n<li>Tehnoloogia \u00fcmberkirjutamine (kuni 500 korda)<\/li>\n<li>Kustutus- ja puhastusts\u00fckkel: 8 sekundit<\/li>\n<li>2-aastane garantii (printer ja prindipea), piiratud 15000 sisestusega<\/li>\n<\/ul>\n<p>&nbsp;<\/p>\n","protected":false},"excerpt":{"rendered":"<p>J\u00e4rgmise p\u00f5lvkonna printer \u00fcmberkirjutatavate kaartide jaoks Tattoo RW on \u00fclim lahendus ajutiste v\u00f5i uuendatavate kaartide printimiseks. Tehnoloogia \u00fcmberkirjutamine (kuni 500 korda) Kustutus- ja puhastusts\u00fckkel: 8 sekundit 2-aastane garantii (printer ja prindipea), piiratud 15000 sisestusega &nbsp;<\/p>\n","protected":false},"featured_media":8797,"template":"","meta":[],"product_brand":[],"product_cat":[259,262],"product_tag":[],"class_list":{"0":"post-8799","1":"product","2":"type-product","3":"status-publish","4":"has-post-thumbnail","6":"product_cat-printerid-ru","7":"product_cat-kaardiprinter-ru","8":"product_brands-evolis-ru","10":"first","11":"instock","12":"sale","13":"taxable","14":"shipping-taxable","15":"purchasable","16":"product-type-simple"},"acf":[],"yoast_head":"<!-- This site is optimized with the Yoast SEO plugin v24.4 - https:\/\/yoast.com\/wordpress\/plugins\/seo\/ -->\n<title>Evolis Tattoo 2 RW - RTT<\/title>\n<meta name=\"description\" content=\"Evolis Tattoo 2 RW on kaardiprinter , mis suudab tr\u00fckkida nii tavalisi PVC kaarte kui ka korduvkasutatavaid kaarte. Roheline kaardiprinter!\" \/>\n<meta name=\"robots\" content=\"noindex, follow, max-snippet:-1, max-image-preview:large, max-video-preview:-1\" \/>\n<meta property=\"og:locale\" content=\"ru_RU\" \/>\n<meta property=\"og:type\" content=\"article\" \/>\n<meta property=\"og:title\" content=\"Evolis Tattoo 2 RW - RTT\" \/>\n<meta property=\"og:description\" content=\"Evolis Tattoo 2 RW on kaardiprinter , mis suudab tr\u00fckkida nii tavalisi PVC kaarte kui ka korduvkasutatavaid kaarte. Roheline kaardiprinter!\" \/>\n<meta property=\"og:url\" content=\"https:\/\/rtt-dev.sitewise.ee\/toode\/printerid\/kaardiprinter\/kaardiprinter\/\" \/>\n<meta property=\"og:site_name\" content=\"RTT\" \/>\n<meta property=\"article:modified_time\" content=\"2025-07-07T17:51:35+00:00\" \/>\n<meta property=\"og:image\" content=\"https:\/\/rtt-dev.sitewise.ee\/wp-content\/uploads\/2022\/10\/TATTOO2RW10Q-300dpi-scaled.jpg\" \/>\n\t<meta property=\"og:image:width\" content=\"2560\" \/>\n\t<meta property=\"og:image:height\" content=\"1704\" \/>\n\t<meta property=\"og:image:type\" content=\"image\/jpeg\" \/>\n<meta name=\"twitter:card\" content=\"summary_large_image\" \/>\n<script type=\"application\/ld+json\" class=\"yoast-schema-graph\">{\"@context\":\"https:\/\/schema.org\",\"@graph\":[{\"@type\":\"WebPage\",\"@id\":\"https:\/\/rtt-dev.sitewise.ee\/toode\/printerid\/kaardiprinter\/kaardiprinter\/\",\"url\":\"https:\/\/rtt-dev.sitewise.ee\/toode\/printerid\/kaardiprinter\/kaardiprinter\/\",\"name\":\"Evolis Tattoo 2 RW - RTT\",\"isPartOf\":{\"@id\":\"https:\/\/rtt-dev.sitewise.ee\/#website\"},\"primaryImageOfPage\":{\"@id\":\"https:\/\/rtt-dev.sitewise.ee\/toode\/printerid\/kaardiprinter\/kaardiprinter\/#primaryimage\"},\"image\":{\"@id\":\"https:\/\/rtt-dev.sitewise.ee\/toode\/printerid\/kaardiprinter\/kaardiprinter\/#primaryimage\"},\"thumbnailUrl\":\"https:\/\/rtt-dev.sitewise.ee\/wp-content\/uploads\/2022\/10\/TATTOO2RW10Q-300dpi-scaled.jpg\",\"datePublished\":\"2022-10-04T13:15:58+00:00\",\"dateModified\":\"2025-07-07T17:51:35+00:00\",\"description\":\"Evolis Tattoo 2 RW on kaardiprinter , mis suudab tr\u00fckkida nii tavalisi PVC kaarte kui ka korduvkasutatavaid kaarte. Roheline kaardiprinter!\",\"breadcrumb\":{\"@id\":\"https:\/\/rtt-dev.sitewise.ee\/toode\/printerid\/kaardiprinter\/kaardiprinter\/#breadcrumb\"},\"inLanguage\":\"ru-RU\",\"potentialAction\":[{\"@type\":\"ReadAction\",\"target\":[\"https:\/\/rtt-dev.sitewise.ee\/toode\/printerid\/kaardiprinter\/kaardiprinter\/\"]}]},{\"@type\":\"ImageObject\",\"inLanguage\":\"ru-RU\",\"@id\":\"https:\/\/rtt-dev.sitewise.ee\/toode\/printerid\/kaardiprinter\/kaardiprinter\/#primaryimage\",\"url\":\"https:\/\/rtt-dev.sitewise.ee\/wp-content\/uploads\/2022\/10\/TATTOO2RW10Q-300dpi-scaled.jpg\",\"contentUrl\":\"https:\/\/rtt-dev.sitewise.ee\/wp-content\/uploads\/2022\/10\/TATTOO2RW10Q-300dpi-scaled.jpg\",\"width\":2560,\"height\":1704},{\"@type\":\"BreadcrumbList\",\"@id\":\"https:\/\/rtt-dev.sitewise.ee\/toode\/printerid\/kaardiprinter\/kaardiprinter\/#breadcrumb\",\"itemListElement\":[{\"@type\":\"ListItem\",\"position\":1,\"name\":\"\u0413\u043b\u0430\u0432\u043d\u0430\u044f\",\"item\":\"https:\/\/rtt-dev.sitewise.ee\/\"},{\"@type\":\"ListItem\",\"position\":2,\"name\":\"Magazin\",\"item\":\"https:\/\/rtt-dev.sitewise.ee\/pood\/\"},{\"@type\":\"ListItem\",\"position\":3,\"name\":\"Printerid\",\"item\":\"https:\/\/rtt-dev.sitewise.ee\/tootekategooria\/printerid\/\"},{\"@type\":\"ListItem\",\"position\":4,\"name\":\"Kaardiprinter\",\"item\":\"https:\/\/rtt-dev.sitewise.ee\/tootekategooria\/printerid\/kaardiprinter\/\"},{\"@type\":\"ListItem\",\"position\":5,\"name\":\"Evolis Tattoo 2 RW\"}]},{\"@type\":\"WebSite\",\"@id\":\"https:\/\/rtt-dev.sitewise.ee\/#website\",\"url\":\"https:\/\/rtt-dev.sitewise.ee\/\",\"name\":\"RTT\",\"description\":\"Kassaaparaadid ja kontorikaubad\",\"potentialAction\":[{\"@type\":\"SearchAction\",\"target\":{\"@type\":\"EntryPoint\",\"urlTemplate\":\"https:\/\/rtt-dev.sitewise.ee\/?s={search_term_string}\"},\"query-input\":{\"@type\":\"PropertyValueSpecification\",\"valueRequired\":true,\"valueName\":\"search_term_string\"}}],\"inLanguage\":\"ru-RU\"}]}<\/script>\n<!-- \/ Yoast SEO plugin. -->","yoast_head_json":{"title":"Evolis Tattoo 2 RW - RTT","description":"Evolis Tattoo 2 RW on kaardiprinter , mis suudab tr\u00fckkida nii tavalisi PVC kaarte kui ka korduvkasutatavaid kaarte. Roheline kaardiprinter!","robots":{"index":"noindex","follow":"follow","max-snippet":"max-snippet:-1","max-image-preview":"max-image-preview:large","max-video-preview":"max-video-preview:-1"},"og_locale":"ru_RU","og_type":"article","og_title":"Evolis Tattoo 2 RW - RTT","og_description":"Evolis Tattoo 2 RW on kaardiprinter , mis suudab tr\u00fckkida nii tavalisi PVC kaarte kui ka korduvkasutatavaid kaarte. Roheline kaardiprinter!","og_url":"https:\/\/rtt-dev.sitewise.ee\/toode\/printerid\/kaardiprinter\/kaardiprinter\/","og_site_name":"RTT","article_modified_time":"2025-07-07T17:51:35+00:00","og_image":[{"width":2560,"height":1704,"url":"https:\/\/rtt-dev.sitewise.ee\/wp-content\/uploads\/2022\/10\/TATTOO2RW10Q-300dpi-scaled.jpg","type":"image\/jpeg"}],"twitter_card":"summary_large_image","schema":{"@context":"https:\/\/schema.org","@graph":[{"@type":"WebPage","@id":"https:\/\/rtt-dev.sitewise.ee\/toode\/printerid\/kaardiprinter\/kaardiprinter\/","url":"https:\/\/rtt-dev.sitewise.ee\/toode\/printerid\/kaardiprinter\/kaardiprinter\/","name":"Evolis Tattoo 2 RW - RTT","isPartOf":{"@id":"https:\/\/rtt-dev.sitewise.ee\/#website"},"primaryImageOfPage":{"@id":"https:\/\/rtt-dev.sitewise.ee\/toode\/printerid\/kaardiprinter\/kaardiprinter\/#primaryimage"},"image":{"@id":"https:\/\/rtt-dev.sitewise.ee\/toode\/printerid\/kaardiprinter\/kaardiprinter\/#primaryimage"},"thumbnailUrl":"https:\/\/rtt-dev.sitewise.ee\/wp-content\/uploads\/2022\/10\/TATTOO2RW10Q-300dpi-scaled.jpg","datePublished":"2022-10-04T13:15:58+00:00","dateModified":"2025-07-07T17:51:35+00:00","description":"Evolis Tattoo 2 RW on kaardiprinter , mis suudab tr\u00fckkida nii tavalisi PVC kaarte kui ka korduvkasutatavaid kaarte. Roheline kaardiprinter!","breadcrumb":{"@id":"https:\/\/rtt-dev.sitewise.ee\/toode\/printerid\/kaardiprinter\/kaardiprinter\/#breadcrumb"},"inLanguage":"ru-RU","potentialAction":[{"@type":"ReadAction","target":["https:\/\/rtt-dev.sitewise.ee\/toode\/printerid\/kaardiprinter\/kaardiprinter\/"]}]},{"@type":"ImageObject","inLanguage":"ru-RU","@id":"https:\/\/rtt-dev.sitewise.ee\/toode\/printerid\/kaardiprinter\/kaardiprinter\/#primaryimage","url":"https:\/\/rtt-dev.sitewise.ee\/wp-content\/uploads\/2022\/10\/TATTOO2RW10Q-300dpi-scaled.jpg","contentUrl":"https:\/\/rtt-dev.sitewise.ee\/wp-content\/uploads\/2022\/10\/TATTOO2RW10Q-300dpi-scaled.jpg","width":2560,"height":1704},{"@type":"BreadcrumbList","@id":"https:\/\/rtt-dev.sitewise.ee\/toode\/printerid\/kaardiprinter\/kaardiprinter\/#breadcrumb","itemListElement":[{"@type":"ListItem","position":1,"name":"\u0413\u043b\u0430\u0432\u043d\u0430\u044f","item":"https:\/\/rtt-dev.sitewise.ee\/"},{"@type":"ListItem","position":2,"name":"Magazin","item":"https:\/\/rtt-dev.sitewise.ee\/pood\/"},{"@type":"ListItem","position":3,"name":"Printerid","item":"https:\/\/rtt-dev.sitewise.ee\/tootekategooria\/printerid\/"},{"@type":"ListItem","position":4,"name":"Kaardiprinter","item":"https:\/\/rtt-dev.sitewise.ee\/tootekategooria\/printerid\/kaardiprinter\/"},{"@type":"ListItem","position":5,"name":"Evolis Tattoo 2 RW"}]},{"@type":"WebSite","@id":"https:\/\/rtt-dev.sitewise.ee\/#website","url":"https:\/\/rtt-dev.sitewise.ee\/","name":"RTT","description":"Kassaaparaadid ja kontorikaubad","potentialAction":[{"@type":"SearchAction","target":{"@type":"EntryPoint","urlTemplate":"https:\/\/rtt-dev.sitewise.ee\/?s={search_term_string}"},"query-input":{"@type":"PropertyValueSpecification","valueRequired":true,"valueName":"search_term_string"}}],"inLanguage":"ru-RU"}]}},"_links":{"self":[{"href":"https:\/\/rtt-dev.sitewise.ee\/ru\/wp-json\/wp\/v2\/product\/8799","targetHints":{"allow":["GET"]}}],"collection":[{"href":"https:\/\/rtt-dev.sitewise.ee\/ru\/wp-json\/wp\/v2\/product"}],"about":[{"href":"https:\/\/rtt-dev.sitewise.ee\/ru\/wp-json\/wp\/v2\/types\/product"}],"wp:featuredmedia":[{"embeddable":true,"href":"https:\/\/rtt-dev.sitewise.ee\/ru\/wp-json\/wp\/v2\/media\/8797"}],"wp:attachment":[{"href":"https:\/\/rtt-dev.sitewise.ee\/ru\/wp-json\/wp\/v2\/media?parent=8799"}],"wp:term":[{"taxonomy":"product_brand","embeddable":true,"href":"https:\/\/rtt-dev.sitewise.ee\/ru\/wp-json\/wp\/v2\/product_brand?post=8799"},{"taxonomy":"product_cat","embeddable":true,"href":"https:\/\/rtt-dev.sitewise.ee\/ru\/wp-json\/wp\/v2\/product_cat?post=8799"},{"taxonomy":"product_tag","embeddable":true,"href":"https:\/\/rtt-dev.sitewise.ee\/ru\/wp-json\/wp\/v2\/product_tag?post=8799"}],"curies":[{"name":"wp","href":"https:\/\/api.w.org\/{rel}","templated":true}]}}