{"id":8755,"date":"2022-09-22T10:02:51","date_gmt":"2022-09-22T07:02:51","guid":{"rendered":"https:\/\/rtt-dev.sitewise.ee\/?post_type=product&#038;p=8755"},"modified":"2025-07-07T20:51:35","modified_gmt":"2025-07-07T17:51:35","slug":"kasutatud-xerox-phaser-6510","status":"publish","type":"product","link":"https:\/\/rtt-dev.sitewise.ee\/ru\/toode\/printerid-ru\/kasutatud-xerox-phaser-6510\/","title":{"rendered":"Kasutatud Xerox Phaser 6510"},"content":{"rendered":"<p><strong>Xerox Phaser 6510<\/strong><\/p>\n<p>tr\u00fckkimiskiirus<br \/>\nV\u00e4rvus: kuni 28 ppm<br \/>\nMust: kuni 28 lk\/min<br \/>\nT\u00f6\u00f6ts\u00fckkel<br \/>\nKuni 50 000 pilti kuus \u24d8<br \/>\nKahepoolne v\u00e4ljund<br \/>\nNA<br \/>\nMaksimaalne prindieraldusv\u00f5ime<br \/>\nKuni 1200 x 2400 dpi<br \/>\nTurvafunktsioonid<br \/>\n802.1x autentimine, IP-filtreerimine, IPSec, IPv6, LDAP (SASL), S\/MIME, SNMPv3, turvaline HTTPS (TLS), turvaline printimine<br \/>\nLehe kirjelduse keeled (PDL)<br \/>\nAdobe\u00ae PostScript\u00ae 3\u2122, PCL\u00ae 5e, 6, PDF, TIFF<br \/>\nJ\u00e4tkusuutlikkus<br \/>\nEPEAT<br \/>\nENERGY STAR\u00ae<\/p>\n<p>V\u00e4he kasutatud: tr\u00fckitud 2050 lehte , komplekt toonereid sees.<\/p>\n<p>Lisainfo:<\/p>\n<p>Tel: +372 6 112 256<br \/>\nGSM: +372 5 014 470<\/p>\n","protected":false},"excerpt":{"rendered":"<p>Xerox Phaser 6510 tr\u00fckkimiskiirus V\u00e4rvus: kuni 28 ppm Must: kuni 28 lk\/min T\u00f6\u00f6ts\u00fckkel Kuni 50 000 pilti kuus \u24d8 Kahepoolne v\u00e4ljund NA Maksimaalne prindieraldusv\u00f5ime Kuni 1200 x 2400 dpi Turvafunktsioonid 802.1x autentimine, IP-filtreerimine, IPSec, IPv6, LDAP (SASL), S\/MIME, SNMPv3, turvaline HTTPS (TLS), turvaline printimine Lehe kirjelduse keeled (PDL) Adobe\u00ae PostScript\u00ae 3\u2122, PCL\u00ae 5e, 6, PDF, [&hellip;]<\/p>\n","protected":false},"featured_media":8758,"template":"","meta":[],"product_brand":[],"product_cat":[330,259],"product_tag":[],"class_list":{"0":"post-8755","1":"product","2":"type-product","3":"status-publish","4":"has-post-thumbnail","6":"product_cat-a4-printer-ru","7":"product_cat-printerid-ru","9":"first","10":"instock","11":"taxable","12":"shipping-taxable","13":"purchasable","14":"product-type-simple"},"acf":[],"yoast_head":"<!-- This site is optimized with the Yoast SEO plugin v24.4 - https:\/\/yoast.com\/wordpress\/plugins\/seo\/ -->\n<title>Kasutatud Xerox Phaser 6510 - RTT<\/title>\n<meta name=\"description\" content=\"Xerox v\u00e4rviline A4 printer on usaldusv\u00e4\u00e4rne ja kiire tr\u00fckiga. A4 printer sobib igap\u00e4evaseks printimiseks.\" \/>\n<meta name=\"robots\" content=\"noindex, follow, max-snippet:-1, max-image-preview:large, max-video-preview:-1\" \/>\n<meta property=\"og:locale\" content=\"ru_RU\" \/>\n<meta property=\"og:type\" content=\"article\" \/>\n<meta property=\"og:title\" content=\"Kasutatud Xerox Phaser 6510 - RTT\" \/>\n<meta property=\"og:description\" content=\"Xerox v\u00e4rviline A4 printer on usaldusv\u00e4\u00e4rne ja kiire tr\u00fckiga. A4 printer sobib igap\u00e4evaseks printimiseks.\" \/>\n<meta property=\"og:url\" content=\"https:\/\/rtt-dev.sitewise.ee\/toode\/printerid\/a4-printer\/kasutatud-xerox-phaser-6510\/\" \/>\n<meta property=\"og:site_name\" content=\"RTT\" \/>\n<meta property=\"article:modified_time\" content=\"2025-07-07T17:51:35+00:00\" \/>\n<meta property=\"og:image\" content=\"https:\/\/rtt-dev.sitewise.ee\/wp-content\/uploads\/2022\/09\/6510V_N_FRONT_1408x1220.jpg\" \/>\n\t<meta property=\"og:image:width\" content=\"1408\" \/>\n\t<meta property=\"og:image:height\" content=\"1220\" \/>\n\t<meta property=\"og:image:type\" content=\"image\/jpeg\" \/>\n<meta name=\"twitter:card\" content=\"summary_large_image\" \/>\n<script type=\"application\/ld+json\" class=\"yoast-schema-graph\">{\"@context\":\"https:\/\/schema.org\",\"@graph\":[{\"@type\":\"WebPage\",\"@id\":\"https:\/\/rtt-dev.sitewise.ee\/toode\/printerid\/a4-printer\/kasutatud-xerox-phaser-6510\/\",\"url\":\"https:\/\/rtt-dev.sitewise.ee\/toode\/printerid\/a4-printer\/kasutatud-xerox-phaser-6510\/\",\"name\":\"Kasutatud Xerox Phaser 6510 - RTT\",\"isPartOf\":{\"@id\":\"https:\/\/rtt-dev.sitewise.ee\/#website\"},\"primaryImageOfPage\":{\"@id\":\"https:\/\/rtt-dev.sitewise.ee\/toode\/printerid\/a4-printer\/kasutatud-xerox-phaser-6510\/#primaryimage\"},\"image\":{\"@id\":\"https:\/\/rtt-dev.sitewise.ee\/toode\/printerid\/a4-printer\/kasutatud-xerox-phaser-6510\/#primaryimage\"},\"thumbnailUrl\":\"https:\/\/rtt-dev.sitewise.ee\/wp-content\/uploads\/2022\/09\/6510V_N_FRONT_1408x1220.jpg\",\"datePublished\":\"2022-09-22T07:02:51+00:00\",\"dateModified\":\"2025-07-07T17:51:35+00:00\",\"description\":\"Xerox v\u00e4rviline A4 printer on usaldusv\u00e4\u00e4rne ja kiire tr\u00fckiga. A4 printer sobib igap\u00e4evaseks printimiseks.\",\"breadcrumb\":{\"@id\":\"https:\/\/rtt-dev.sitewise.ee\/toode\/printerid\/a4-printer\/kasutatud-xerox-phaser-6510\/#breadcrumb\"},\"inLanguage\":\"ru-RU\",\"potentialAction\":[{\"@type\":\"ReadAction\",\"target\":[\"https:\/\/rtt-dev.sitewise.ee\/toode\/printerid\/a4-printer\/kasutatud-xerox-phaser-6510\/\"]}]},{\"@type\":\"ImageObject\",\"inLanguage\":\"ru-RU\",\"@id\":\"https:\/\/rtt-dev.sitewise.ee\/toode\/printerid\/a4-printer\/kasutatud-xerox-phaser-6510\/#primaryimage\",\"url\":\"https:\/\/rtt-dev.sitewise.ee\/wp-content\/uploads\/2022\/09\/6510V_N_FRONT_1408x1220.jpg\",\"contentUrl\":\"https:\/\/rtt-dev.sitewise.ee\/wp-content\/uploads\/2022\/09\/6510V_N_FRONT_1408x1220.jpg\",\"width\":1408,\"height\":1220},{\"@type\":\"BreadcrumbList\",\"@id\":\"https:\/\/rtt-dev.sitewise.ee\/toode\/printerid\/a4-printer\/kasutatud-xerox-phaser-6510\/#breadcrumb\",\"itemListElement\":[{\"@type\":\"ListItem\",\"position\":1,\"name\":\"\u0413\u043b\u0430\u0432\u043d\u0430\u044f\",\"item\":\"https:\/\/rtt-dev.sitewise.ee\/\"},{\"@type\":\"ListItem\",\"position\":2,\"name\":\"Magazin\",\"item\":\"https:\/\/rtt-dev.sitewise.ee\/pood\/\"},{\"@type\":\"ListItem\",\"position\":3,\"name\":\"Printerid\",\"item\":\"https:\/\/rtt-dev.sitewise.ee\/tootekategooria\/printerid\/\"},{\"@type\":\"ListItem\",\"position\":4,\"name\":\"Kasutatud Xerox Phaser 6510\"}]},{\"@type\":\"WebSite\",\"@id\":\"https:\/\/rtt-dev.sitewise.ee\/#website\",\"url\":\"https:\/\/rtt-dev.sitewise.ee\/\",\"name\":\"RTT\",\"description\":\"Kassaaparaadid ja kontorikaubad\",\"potentialAction\":[{\"@type\":\"SearchAction\",\"target\":{\"@type\":\"EntryPoint\",\"urlTemplate\":\"https:\/\/rtt-dev.sitewise.ee\/?s={search_term_string}\"},\"query-input\":{\"@type\":\"PropertyValueSpecification\",\"valueRequired\":true,\"valueName\":\"search_term_string\"}}],\"inLanguage\":\"ru-RU\"}]}<\/script>\n<!-- \/ Yoast SEO plugin. -->","yoast_head_json":{"title":"Kasutatud Xerox Phaser 6510 - RTT","description":"Xerox v\u00e4rviline A4 printer on usaldusv\u00e4\u00e4rne ja kiire tr\u00fckiga. A4 printer sobib igap\u00e4evaseks printimiseks.","robots":{"index":"noindex","follow":"follow","max-snippet":"max-snippet:-1","max-image-preview":"max-image-preview:large","max-video-preview":"max-video-preview:-1"},"og_locale":"ru_RU","og_type":"article","og_title":"Kasutatud Xerox Phaser 6510 - RTT","og_description":"Xerox v\u00e4rviline A4 printer on usaldusv\u00e4\u00e4rne ja kiire tr\u00fckiga. A4 printer sobib igap\u00e4evaseks printimiseks.","og_url":"https:\/\/rtt-dev.sitewise.ee\/toode\/printerid\/a4-printer\/kasutatud-xerox-phaser-6510\/","og_site_name":"RTT","article_modified_time":"2025-07-07T17:51:35+00:00","og_image":[{"width":1408,"height":1220,"url":"https:\/\/rtt-dev.sitewise.ee\/wp-content\/uploads\/2022\/09\/6510V_N_FRONT_1408x1220.jpg","type":"image\/jpeg"}],"twitter_card":"summary_large_image","schema":{"@context":"https:\/\/schema.org","@graph":[{"@type":"WebPage","@id":"https:\/\/rtt-dev.sitewise.ee\/toode\/printerid\/a4-printer\/kasutatud-xerox-phaser-6510\/","url":"https:\/\/rtt-dev.sitewise.ee\/toode\/printerid\/a4-printer\/kasutatud-xerox-phaser-6510\/","name":"Kasutatud Xerox Phaser 6510 - RTT","isPartOf":{"@id":"https:\/\/rtt-dev.sitewise.ee\/#website"},"primaryImageOfPage":{"@id":"https:\/\/rtt-dev.sitewise.ee\/toode\/printerid\/a4-printer\/kasutatud-xerox-phaser-6510\/#primaryimage"},"image":{"@id":"https:\/\/rtt-dev.sitewise.ee\/toode\/printerid\/a4-printer\/kasutatud-xerox-phaser-6510\/#primaryimage"},"thumbnailUrl":"https:\/\/rtt-dev.sitewise.ee\/wp-content\/uploads\/2022\/09\/6510V_N_FRONT_1408x1220.jpg","datePublished":"2022-09-22T07:02:51+00:00","dateModified":"2025-07-07T17:51:35+00:00","description":"Xerox v\u00e4rviline A4 printer on usaldusv\u00e4\u00e4rne ja kiire tr\u00fckiga. A4 printer sobib igap\u00e4evaseks printimiseks.","breadcrumb":{"@id":"https:\/\/rtt-dev.sitewise.ee\/toode\/printerid\/a4-printer\/kasutatud-xerox-phaser-6510\/#breadcrumb"},"inLanguage":"ru-RU","potentialAction":[{"@type":"ReadAction","target":["https:\/\/rtt-dev.sitewise.ee\/toode\/printerid\/a4-printer\/kasutatud-xerox-phaser-6510\/"]}]},{"@type":"ImageObject","inLanguage":"ru-RU","@id":"https:\/\/rtt-dev.sitewise.ee\/toode\/printerid\/a4-printer\/kasutatud-xerox-phaser-6510\/#primaryimage","url":"https:\/\/rtt-dev.sitewise.ee\/wp-content\/uploads\/2022\/09\/6510V_N_FRONT_1408x1220.jpg","contentUrl":"https:\/\/rtt-dev.sitewise.ee\/wp-content\/uploads\/2022\/09\/6510V_N_FRONT_1408x1220.jpg","width":1408,"height":1220},{"@type":"BreadcrumbList","@id":"https:\/\/rtt-dev.sitewise.ee\/toode\/printerid\/a4-printer\/kasutatud-xerox-phaser-6510\/#breadcrumb","itemListElement":[{"@type":"ListItem","position":1,"name":"\u0413\u043b\u0430\u0432\u043d\u0430\u044f","item":"https:\/\/rtt-dev.sitewise.ee\/"},{"@type":"ListItem","position":2,"name":"Magazin","item":"https:\/\/rtt-dev.sitewise.ee\/pood\/"},{"@type":"ListItem","position":3,"name":"Printerid","item":"https:\/\/rtt-dev.sitewise.ee\/tootekategooria\/printerid\/"},{"@type":"ListItem","position":4,"name":"Kasutatud Xerox Phaser 6510"}]},{"@type":"WebSite","@id":"https:\/\/rtt-dev.sitewise.ee\/#website","url":"https:\/\/rtt-dev.sitewise.ee\/","name":"RTT","description":"Kassaaparaadid ja kontorikaubad","potentialAction":[{"@type":"SearchAction","target":{"@type":"EntryPoint","urlTemplate":"https:\/\/rtt-dev.sitewise.ee\/?s={search_term_string}"},"query-input":{"@type":"PropertyValueSpecification","valueRequired":true,"valueName":"search_term_string"}}],"inLanguage":"ru-RU"}]}},"_links":{"self":[{"href":"https:\/\/rtt-dev.sitewise.ee\/ru\/wp-json\/wp\/v2\/product\/8755","targetHints":{"allow":["GET"]}}],"collection":[{"href":"https:\/\/rtt-dev.sitewise.ee\/ru\/wp-json\/wp\/v2\/product"}],"about":[{"href":"https:\/\/rtt-dev.sitewise.ee\/ru\/wp-json\/wp\/v2\/types\/product"}],"wp:featuredmedia":[{"embeddable":true,"href":"https:\/\/rtt-dev.sitewise.ee\/ru\/wp-json\/wp\/v2\/media\/8758"}],"wp:attachment":[{"href":"https:\/\/rtt-dev.sitewise.ee\/ru\/wp-json\/wp\/v2\/media?parent=8755"}],"wp:term":[{"taxonomy":"product_brand","embeddable":true,"href":"https:\/\/rtt-dev.sitewise.ee\/ru\/wp-json\/wp\/v2\/product_brand?post=8755"},{"taxonomy":"product_cat","embeddable":true,"href":"https:\/\/rtt-dev.sitewise.ee\/ru\/wp-json\/wp\/v2\/product_cat?post=8755"},{"taxonomy":"product_tag","embeddable":true,"href":"https:\/\/rtt-dev.sitewise.ee\/ru\/wp-json\/wp\/v2\/product_tag?post=8755"}],"curies":[{"name":"wp","href":"https:\/\/api.w.org\/{rel}","templated":true}]}}