{"id":8679,"date":"2022-09-13T09:46:17","date_gmt":"2022-09-13T06:46:17","guid":{"rendered":"https:\/\/rtt-dev.sitewise.ee\/?post_type=product&#038;p=8679"},"modified":"2025-07-07T20:51:36","modified_gmt":"2025-07-07T17:51:36","slug":"sharp-bp-70c65","status":"publish","type":"product","link":"https:\/\/rtt-dev.sitewise.ee\/ru\/toode\/koopiamasinad-ru\/varvilised-koopiamasinad-ru\/sharp-bp-70c65\/","title":{"rendered":"Sharp BP-70C65"},"content":{"rendered":"<div id=\"tw-container\" class=\"YQaNob\" data-cp=\"1\" data-is-ver=\"false\" data-nnttsvi=\"1\" data-sm=\"1\" data-sugg-time=\"500\" data-sugg-url=\"https:\/\/clients1.google.com\/complete\/search\" data-uilc=\"et\">\n<div id=\"tw-ob\" class=\"tw-src-ltr\">\n<div class=\"oSioSc\">\n<div id=\"tw-target\">\n<div id=\"kAz1tf\" class=\"g9WsWb\">\n<div id=\"tw-target-text-container\" class=\"tw-ta-container F0azHf tw-nfl\">\n<p><span style=\"font-size: 14pt;\"><strong>Sharp BP-70C65<\/strong><\/span><\/p>\n<ul>\n<li>Print, kopeerimine, skannimine, faks, fail<\/li>\n<li>Lehek\u00fclgi minutis: 65 B\/W 65V\u00e4rv<\/li>\n<li>Paberi maht: Std 650 Max 6,300 lehte<\/li>\n<li>Sujuv integratsioon ja \u00fchendus pilvep\u00f5histe \u00e4riprotsesside rakendustega<\/li>\n<li>Riistvara ja lahenduste platvorm, mis toetab h\u00fcbriidset t\u00f6\u00f6keskkonda<\/li>\n<li>Sisseehitatud Microsoft\u00ae Teamsi konnektor tugevdab koost\u00f6\u00f6d, v\u00f5imaldades otsest ja turvalist juurdep\u00e4\u00e4su Microsoft\u00ae Teamsi kanalitele printimiseks v\u00f5i skannimiseks<\/li>\n<li>Valdkonna juhtivad s\u00fcsteemi- ja andmekaitsefunktsioonid, sealhulgas BIOS-p\u00f5hine turve, pahavaravastane (valikuline) ja standardne usaldusv\u00e4\u00e4rse platvormi moodul, tagavad konfidentsiaalsete andmete turvalisuse<\/li>\n<li>Suhelge MFP-ga otse oma mobiilseadmest WiFi, AirPrinti, Bluetoothi, NFC ja QR-koodi kaudu<\/li>\n<\/ul>\n<p>&nbsp;<\/p>\n<\/div>\n<div class=\"iYB33c\">\n<div class=\"dlJLJe\">\n<div data-cviv=\"false\" data-ved=\"2ahUKEwjJ7fe8qNDxAhWBi8MKHaRDAzAQz_AEMAB6BAgCEA8\">\n<div class=\"U9URNb\">\n<div id=\"tw-container\" class=\"YQaNob\" data-cp=\"1\" data-is-ver=\"false\" data-nnttsvi=\"1\" data-sm=\"1\" data-sugg-time=\"500\" data-sugg-url=\"https:\/\/clients1.google.com\/complete\/search\" data-uilc=\"et\">\n<div id=\"tw-ob\" class=\"tw-src-ltr\">\n<div class=\"oSioSc\">\n<div id=\"tw-target\">\n<div id=\"kAz1tf\" class=\"g9WsWb\">\n<div id=\"tw-target-text-container\" class=\"tw-ta-container F0azHf tw-nfl\">\n<div id=\"tw-container\" class=\"YQaNob\" data-cp=\"1\" data-is-ver=\"false\" data-nnttsvi=\"1\" data-sm=\"1\" data-sugg-time=\"500\" data-sugg-url=\"https:\/\/clients1.google.com\/complete\/search\" data-uilc=\"et\">\n<div id=\"tw-ob\" class=\"tw-src-ltr\">\n<div class=\"oSioSc\">\n<p style=\"text-align: left;\">Lisainfo:<\/p>\n<p style=\"text-align: left;\">Tel: +372 6 112 256<br \/>\nGSM: +372 5 014 470<\/p>\n<\/div>\n<\/div>\n<\/div>\n<pre id=\"tw-target-text\" class=\"tw-data-text tw-text-large XcVN5d tw-ta\" data-placeholder=\"T\u00f5lge\"><span class=\"Y2IQFc\" lang=\"et\" style=\"font-size: 14pt;\">\u00a0<\/span><\/pre>\n<\/div>\n<\/div>\n<\/div>\n<\/div>\n<\/div>\n<\/div>\n<\/div>\n<\/div>\n<\/div>\n<\/div>\n<\/div>\n<\/div>\n<\/div>\n<\/div>\n<div class=\"dURPtb\"><\/div>\n<div>\n<div><\/div>\n<\/div>\n<\/div>\n<div class=\"KFFQ0c xKf9F\"><\/div>\n","protected":false},"excerpt":{"rendered":"<p>Sharp BP-70C65 Print, kopeerimine, skannimine, faks, fail Lehek\u00fclgi minutis: 65 B\/W 65V\u00e4rv Paberi maht: Std 650 Max 6,300 lehte Sujuv integratsioon ja \u00fchendus pilvep\u00f5histe \u00e4riprotsesside rakendustega Riistvara ja lahenduste platvorm, mis toetab h\u00fcbriidset t\u00f6\u00f6keskkonda Sisseehitatud Microsoft\u00ae Teamsi konnektor tugevdab koost\u00f6\u00f6d, v\u00f5imaldades otsest ja turvalist juurdep\u00e4\u00e4su Microsoft\u00ae Teamsi kanalitele printimiseks v\u00f5i skannimiseks Valdkonna juhtivad s\u00fcsteemi- ja [&hellip;]<\/p>\n","protected":false},"featured_media":8685,"template":"","meta":[],"product_brand":[],"product_cat":[233,239],"product_tag":[304],"class_list":{"0":"post-8679","1":"product","2":"type-product","3":"status-publish","4":"has-post-thumbnail","6":"product_cat-koopiamasinad-ru","7":"product_cat-varvilised-koopiamasinad-ru","8":"product_tag-uus-ru","10":"first","11":"instock","12":"taxable","13":"shipping-taxable","14":"purchasable","15":"product-type-simple"},"acf":[],"yoast_head":"<!-- This site is optimized with the Yoast SEO plugin v24.4 - https:\/\/yoast.com\/wordpress\/plugins\/seo\/ -->\n<title>Sharp BP-70C65 - RTT<\/title>\n<meta name=\"description\" content=\"V\u00e4rviline A3, A4 printer, koopiamasin. Odava tr\u00fckihinna ja \u00fclalpidamiskuluga. T\u00e4isteenusrendi v\u00f5imalus, murevaba lahendus! Tahmad meilt!\" \/>\n<meta name=\"robots\" content=\"noindex, follow, max-snippet:-1, max-image-preview:large, max-video-preview:-1\" \/>\n<meta property=\"og:locale\" content=\"ru_RU\" \/>\n<meta property=\"og:type\" content=\"article\" \/>\n<meta property=\"og:title\" content=\"Sharp BP-70C65 - RTT\" \/>\n<meta property=\"og:description\" content=\"V\u00e4rviline A3, A4 printer, koopiamasin. Odava tr\u00fckihinna ja \u00fclalpidamiskuluga. T\u00e4isteenusrendi v\u00f5imalus, murevaba lahendus! Tahmad meilt!\" \/>\n<meta property=\"og:url\" content=\"https:\/\/rtt-dev.sitewise.ee\/toode\/koopiamasinad\/varvi-koopiamasinad\/sharp-bp-70c65\/\" \/>\n<meta property=\"og:site_name\" content=\"RTT\" \/>\n<meta property=\"article:modified_time\" content=\"2025-07-07T17:51:36+00:00\" \/>\n<meta property=\"og:image\" content=\"https:\/\/rtt-dev.sitewise.ee\/wp-content\/uploads\/2022\/09\/img-p-bp-70c65-fd10-front-889x1024.png\" \/>\n\t<meta property=\"og:image:width\" content=\"889\" \/>\n\t<meta property=\"og:image:height\" content=\"1024\" \/>\n\t<meta property=\"og:image:type\" content=\"image\/png\" \/>\n<meta name=\"twitter:card\" content=\"summary_large_image\" \/>\n<script type=\"application\/ld+json\" class=\"yoast-schema-graph\">{\"@context\":\"https:\/\/schema.org\",\"@graph\":[{\"@type\":\"WebPage\",\"@id\":\"https:\/\/rtt-dev.sitewise.ee\/toode\/koopiamasinad\/varvi-koopiamasinad\/sharp-bp-70c65\/\",\"url\":\"https:\/\/rtt-dev.sitewise.ee\/toode\/koopiamasinad\/varvi-koopiamasinad\/sharp-bp-70c65\/\",\"name\":\"Sharp BP-70C65 - RTT\",\"isPartOf\":{\"@id\":\"https:\/\/rtt-dev.sitewise.ee\/#website\"},\"primaryImageOfPage\":{\"@id\":\"https:\/\/rtt-dev.sitewise.ee\/toode\/koopiamasinad\/varvi-koopiamasinad\/sharp-bp-70c65\/#primaryimage\"},\"image\":{\"@id\":\"https:\/\/rtt-dev.sitewise.ee\/toode\/koopiamasinad\/varvi-koopiamasinad\/sharp-bp-70c65\/#primaryimage\"},\"thumbnailUrl\":\"https:\/\/rtt-dev.sitewise.ee\/wp-content\/uploads\/2022\/09\/img-p-bp-70c65-fd10-front.png\",\"datePublished\":\"2022-09-13T06:46:17+00:00\",\"dateModified\":\"2025-07-07T17:51:36+00:00\",\"description\":\"V\u00e4rviline A3, A4 printer, koopiamasin. Odava tr\u00fckihinna ja \u00fclalpidamiskuluga. T\u00e4isteenusrendi v\u00f5imalus, murevaba lahendus! Tahmad meilt!\",\"breadcrumb\":{\"@id\":\"https:\/\/rtt-dev.sitewise.ee\/toode\/koopiamasinad\/varvi-koopiamasinad\/sharp-bp-70c65\/#breadcrumb\"},\"inLanguage\":\"ru-RU\",\"potentialAction\":[{\"@type\":\"ReadAction\",\"target\":[\"https:\/\/rtt-dev.sitewise.ee\/toode\/koopiamasinad\/varvi-koopiamasinad\/sharp-bp-70c65\/\"]}]},{\"@type\":\"ImageObject\",\"inLanguage\":\"ru-RU\",\"@id\":\"https:\/\/rtt-dev.sitewise.ee\/toode\/koopiamasinad\/varvi-koopiamasinad\/sharp-bp-70c65\/#primaryimage\",\"url\":\"https:\/\/rtt-dev.sitewise.ee\/wp-content\/uploads\/2022\/09\/img-p-bp-70c65-fd10-front.png\",\"contentUrl\":\"https:\/\/rtt-dev.sitewise.ee\/wp-content\/uploads\/2022\/09\/img-p-bp-70c65-fd10-front.png\",\"width\":3085,\"height\":3555},{\"@type\":\"BreadcrumbList\",\"@id\":\"https:\/\/rtt-dev.sitewise.ee\/toode\/koopiamasinad\/varvi-koopiamasinad\/sharp-bp-70c65\/#breadcrumb\",\"itemListElement\":[{\"@type\":\"ListItem\",\"position\":1,\"name\":\"\u0413\u043b\u0430\u0432\u043d\u0430\u044f\",\"item\":\"https:\/\/rtt-dev.sitewise.ee\/\"},{\"@type\":\"ListItem\",\"position\":2,\"name\":\"Magazin\",\"item\":\"https:\/\/rtt-dev.sitewise.ee\/pood\/\"},{\"@type\":\"ListItem\",\"position\":3,\"name\":\"Koopiamasinad\",\"item\":\"https:\/\/rtt-dev.sitewise.ee\/tootekategooria\/koopiamasinad\/\"},{\"@type\":\"ListItem\",\"position\":4,\"name\":\"V\u00e4rvi koopiamasinad\",\"item\":\"https:\/\/rtt-dev.sitewise.ee\/tootekategooria\/koopiamasinad\/varvi-koopiamasinad\/\"},{\"@type\":\"ListItem\",\"position\":5,\"name\":\"Sharp BP-70C65\"}]},{\"@type\":\"WebSite\",\"@id\":\"https:\/\/rtt-dev.sitewise.ee\/#website\",\"url\":\"https:\/\/rtt-dev.sitewise.ee\/\",\"name\":\"RTT\",\"description\":\"Kassaaparaadid ja kontorikaubad\",\"potentialAction\":[{\"@type\":\"SearchAction\",\"target\":{\"@type\":\"EntryPoint\",\"urlTemplate\":\"https:\/\/rtt-dev.sitewise.ee\/?s={search_term_string}\"},\"query-input\":{\"@type\":\"PropertyValueSpecification\",\"valueRequired\":true,\"valueName\":\"search_term_string\"}}],\"inLanguage\":\"ru-RU\"}]}<\/script>\n<!-- \/ Yoast SEO plugin. -->","yoast_head_json":{"title":"Sharp BP-70C65 - RTT","description":"V\u00e4rviline A3, A4 printer, koopiamasin. Odava tr\u00fckihinna ja \u00fclalpidamiskuluga. T\u00e4isteenusrendi v\u00f5imalus, murevaba lahendus! Tahmad meilt!","robots":{"index":"noindex","follow":"follow","max-snippet":"max-snippet:-1","max-image-preview":"max-image-preview:large","max-video-preview":"max-video-preview:-1"},"og_locale":"ru_RU","og_type":"article","og_title":"Sharp BP-70C65 - RTT","og_description":"V\u00e4rviline A3, A4 printer, koopiamasin. Odava tr\u00fckihinna ja \u00fclalpidamiskuluga. T\u00e4isteenusrendi v\u00f5imalus, murevaba lahendus! Tahmad meilt!","og_url":"https:\/\/rtt-dev.sitewise.ee\/toode\/koopiamasinad\/varvi-koopiamasinad\/sharp-bp-70c65\/","og_site_name":"RTT","article_modified_time":"2025-07-07T17:51:36+00:00","og_image":[{"width":889,"height":1024,"url":"https:\/\/rtt-dev.sitewise.ee\/wp-content\/uploads\/2022\/09\/img-p-bp-70c65-fd10-front-889x1024.png","type":"image\/png"}],"twitter_card":"summary_large_image","schema":{"@context":"https:\/\/schema.org","@graph":[{"@type":"WebPage","@id":"https:\/\/rtt-dev.sitewise.ee\/toode\/koopiamasinad\/varvi-koopiamasinad\/sharp-bp-70c65\/","url":"https:\/\/rtt-dev.sitewise.ee\/toode\/koopiamasinad\/varvi-koopiamasinad\/sharp-bp-70c65\/","name":"Sharp BP-70C65 - RTT","isPartOf":{"@id":"https:\/\/rtt-dev.sitewise.ee\/#website"},"primaryImageOfPage":{"@id":"https:\/\/rtt-dev.sitewise.ee\/toode\/koopiamasinad\/varvi-koopiamasinad\/sharp-bp-70c65\/#primaryimage"},"image":{"@id":"https:\/\/rtt-dev.sitewise.ee\/toode\/koopiamasinad\/varvi-koopiamasinad\/sharp-bp-70c65\/#primaryimage"},"thumbnailUrl":"https:\/\/rtt-dev.sitewise.ee\/wp-content\/uploads\/2022\/09\/img-p-bp-70c65-fd10-front.png","datePublished":"2022-09-13T06:46:17+00:00","dateModified":"2025-07-07T17:51:36+00:00","description":"V\u00e4rviline A3, A4 printer, koopiamasin. Odava tr\u00fckihinna ja \u00fclalpidamiskuluga. T\u00e4isteenusrendi v\u00f5imalus, murevaba lahendus! Tahmad meilt!","breadcrumb":{"@id":"https:\/\/rtt-dev.sitewise.ee\/toode\/koopiamasinad\/varvi-koopiamasinad\/sharp-bp-70c65\/#breadcrumb"},"inLanguage":"ru-RU","potentialAction":[{"@type":"ReadAction","target":["https:\/\/rtt-dev.sitewise.ee\/toode\/koopiamasinad\/varvi-koopiamasinad\/sharp-bp-70c65\/"]}]},{"@type":"ImageObject","inLanguage":"ru-RU","@id":"https:\/\/rtt-dev.sitewise.ee\/toode\/koopiamasinad\/varvi-koopiamasinad\/sharp-bp-70c65\/#primaryimage","url":"https:\/\/rtt-dev.sitewise.ee\/wp-content\/uploads\/2022\/09\/img-p-bp-70c65-fd10-front.png","contentUrl":"https:\/\/rtt-dev.sitewise.ee\/wp-content\/uploads\/2022\/09\/img-p-bp-70c65-fd10-front.png","width":3085,"height":3555},{"@type":"BreadcrumbList","@id":"https:\/\/rtt-dev.sitewise.ee\/toode\/koopiamasinad\/varvi-koopiamasinad\/sharp-bp-70c65\/#breadcrumb","itemListElement":[{"@type":"ListItem","position":1,"name":"\u0413\u043b\u0430\u0432\u043d\u0430\u044f","item":"https:\/\/rtt-dev.sitewise.ee\/"},{"@type":"ListItem","position":2,"name":"Magazin","item":"https:\/\/rtt-dev.sitewise.ee\/pood\/"},{"@type":"ListItem","position":3,"name":"Koopiamasinad","item":"https:\/\/rtt-dev.sitewise.ee\/tootekategooria\/koopiamasinad\/"},{"@type":"ListItem","position":4,"name":"V\u00e4rvi koopiamasinad","item":"https:\/\/rtt-dev.sitewise.ee\/tootekategooria\/koopiamasinad\/varvi-koopiamasinad\/"},{"@type":"ListItem","position":5,"name":"Sharp BP-70C65"}]},{"@type":"WebSite","@id":"https:\/\/rtt-dev.sitewise.ee\/#website","url":"https:\/\/rtt-dev.sitewise.ee\/","name":"RTT","description":"Kassaaparaadid ja kontorikaubad","potentialAction":[{"@type":"SearchAction","target":{"@type":"EntryPoint","urlTemplate":"https:\/\/rtt-dev.sitewise.ee\/?s={search_term_string}"},"query-input":{"@type":"PropertyValueSpecification","valueRequired":true,"valueName":"search_term_string"}}],"inLanguage":"ru-RU"}]}},"_links":{"self":[{"href":"https:\/\/rtt-dev.sitewise.ee\/ru\/wp-json\/wp\/v2\/product\/8679","targetHints":{"allow":["GET"]}}],"collection":[{"href":"https:\/\/rtt-dev.sitewise.ee\/ru\/wp-json\/wp\/v2\/product"}],"about":[{"href":"https:\/\/rtt-dev.sitewise.ee\/ru\/wp-json\/wp\/v2\/types\/product"}],"wp:featuredmedia":[{"embeddable":true,"href":"https:\/\/rtt-dev.sitewise.ee\/ru\/wp-json\/wp\/v2\/media\/8685"}],"wp:attachment":[{"href":"https:\/\/rtt-dev.sitewise.ee\/ru\/wp-json\/wp\/v2\/media?parent=8679"}],"wp:term":[{"taxonomy":"product_brand","embeddable":true,"href":"https:\/\/rtt-dev.sitewise.ee\/ru\/wp-json\/wp\/v2\/product_brand?post=8679"},{"taxonomy":"product_cat","embeddable":true,"href":"https:\/\/rtt-dev.sitewise.ee\/ru\/wp-json\/wp\/v2\/product_cat?post=8679"},{"taxonomy":"product_tag","embeddable":true,"href":"https:\/\/rtt-dev.sitewise.ee\/ru\/wp-json\/wp\/v2\/product_tag?post=8679"}],"curies":[{"name":"wp","href":"https:\/\/api.w.org\/{rel}","templated":true}]}}