{"id":8444,"date":"2020-12-08T16:15:05","date_gmt":"2020-12-08T14:15:05","guid":{"rendered":"https:\/\/rtt-dev.sitewise.ee\/toode\/uncategorized\/kontorikombain-epson-workforce-pro-wf-c579rdtwf\/"},"modified":"2025-07-07T20:51:38","modified_gmt":"2025-07-07T17:51:38","slug":"kontorikombain-epson-workforce-pro-wf-c579rdtwf","status":"publish","type":"product","link":"https:\/\/rtt-dev.sitewise.ee\/ru\/toode\/koopiamasinad-ru\/a4-printer-skanner-koopiamasinad-ru\/kontorikombain-epson-workforce-pro-wf-c579rdtwf\/","title":{"rendered":"Epson WorkForce Pro WF-C579RDTWF"},"content":{"rendered":"<pre id=\"tw-target-text\" class=\"tw-data-text tw-text-large XcVN5d tw-ta\" dir=\"ltr\" data-placeholder=\"T\u00f5lge\"><span lang=\"et\" style=\"font-family: georgia, palatino, serif;\">Suure tootlikkusega A4 RIPS Multifunktsionaalne printer\r\nUusim A4 RIPS MFP tagab kiire printimise, sk\u00e4nnimise ja kopeerimise.<\/span><\/pre>\n<p><span style=\"font-family: georgia, palatino, serif;\">V\u00e4iksem keskkonna jalaj\u00e4lg ; madal TCO ja v\u00e4hene energia tarbimine.<\/span><\/p>\n","protected":false},"excerpt":{"rendered":"<p>Suure tootlikkusega A4 RIPS Multifunktsionaalne printer Uusim A4 RIPS MFP tagab kiire printimise, sk\u00e4nnimise ja kopeerimise. V\u00e4iksem keskkonna jalaj\u00e4lg ; madal TCO ja v\u00e4hene energia tarbimine.<\/p>\n","protected":false},"featured_media":7120,"template":"","meta":[],"product_brand":[],"product_cat":[236],"product_tag":[],"class_list":{"0":"post-8444","1":"product","2":"type-product","3":"status-publish","4":"has-post-thumbnail","6":"product_cat-a4-printer-skanner-koopiamasinad-ru","7":"product_brands-epson-ru","9":"first","10":"instock","11":"taxable","12":"shipping-taxable","13":"purchasable","14":"product-type-simple"},"acf":[],"yoast_head":"<!-- This site is optimized with the Yoast SEO plugin v24.4 - https:\/\/yoast.com\/wordpress\/plugins\/seo\/ -->\n<title>Epson WorkForce Pro WF-C579RDTWF - RTT<\/title>\n<meta name=\"description\" content=\"Suure tootlikkusega A4 RIPS koopiamasin. Uusim A4 RIPS Koopiamasin tagab kiire printimise, sk\u00e4nnimise ja kopeerimise.V\u00e4iksem keskkonna jalaj\u00e4lg. Madal TCO.\" \/>\n<meta name=\"robots\" content=\"noindex, follow, max-snippet:-1, max-image-preview:large, max-video-preview:-1\" \/>\n<meta property=\"og:locale\" content=\"ru_RU\" \/>\n<meta property=\"og:type\" content=\"article\" \/>\n<meta property=\"og:title\" content=\"Epson WorkForce Pro WF-C579RDTWF - RTT\" \/>\n<meta property=\"og:description\" content=\"Suure tootlikkusega A4 RIPS koopiamasin. Uusim A4 RIPS Koopiamasin tagab kiire printimise, sk\u00e4nnimise ja kopeerimise.V\u00e4iksem keskkonna jalaj\u00e4lg. Madal TCO.\" \/>\n<meta property=\"og:url\" content=\"https:\/\/rtt-dev.sitewise.ee\/toode\/koopiamasinad\/a4-printer-skanner-koopiamasinad\/kontorikombain-epson-workforce-pro-wf-c579rdtwf\/\" \/>\n<meta property=\"og:site_name\" content=\"RTT\" \/>\n<meta property=\"article:modified_time\" content=\"2025-07-07T17:51:38+00:00\" \/>\n<meta property=\"og:image\" content=\"https:\/\/rtt-dev.sitewise.ee\/wp-content\/uploads\/2020\/12\/23135-productpicture-hires-en-wf-c579rdtwf-832x1024.png\" \/>\n\t<meta property=\"og:image:width\" content=\"832\" \/>\n\t<meta property=\"og:image:height\" content=\"1024\" \/>\n\t<meta property=\"og:image:type\" content=\"image\/png\" \/>\n<meta name=\"twitter:card\" content=\"summary_large_image\" \/>\n<script type=\"application\/ld+json\" class=\"yoast-schema-graph\">{\"@context\":\"https:\/\/schema.org\",\"@graph\":[{\"@type\":\"WebPage\",\"@id\":\"https:\/\/rtt-dev.sitewise.ee\/toode\/koopiamasinad\/a4-printer-skanner-koopiamasinad\/kontorikombain-epson-workforce-pro-wf-c579rdtwf\/\",\"url\":\"https:\/\/rtt-dev.sitewise.ee\/toode\/koopiamasinad\/a4-printer-skanner-koopiamasinad\/kontorikombain-epson-workforce-pro-wf-c579rdtwf\/\",\"name\":\"Epson WorkForce Pro WF-C579RDTWF - RTT\",\"isPartOf\":{\"@id\":\"https:\/\/rtt-dev.sitewise.ee\/#website\"},\"primaryImageOfPage\":{\"@id\":\"https:\/\/rtt-dev.sitewise.ee\/toode\/koopiamasinad\/a4-printer-skanner-koopiamasinad\/kontorikombain-epson-workforce-pro-wf-c579rdtwf\/#primaryimage\"},\"image\":{\"@id\":\"https:\/\/rtt-dev.sitewise.ee\/toode\/koopiamasinad\/a4-printer-skanner-koopiamasinad\/kontorikombain-epson-workforce-pro-wf-c579rdtwf\/#primaryimage\"},\"thumbnailUrl\":\"https:\/\/rtt-dev.sitewise.ee\/wp-content\/uploads\/2020\/12\/23135-productpicture-hires-en-wf-c579rdtwf.png\",\"datePublished\":\"2020-12-08T14:15:05+00:00\",\"dateModified\":\"2025-07-07T17:51:38+00:00\",\"description\":\"Suure tootlikkusega A4 RIPS koopiamasin. Uusim A4 RIPS Koopiamasin tagab kiire printimise, sk\u00e4nnimise ja kopeerimise.V\u00e4iksem keskkonna jalaj\u00e4lg. Madal TCO.\",\"breadcrumb\":{\"@id\":\"https:\/\/rtt-dev.sitewise.ee\/toode\/koopiamasinad\/a4-printer-skanner-koopiamasinad\/kontorikombain-epson-workforce-pro-wf-c579rdtwf\/#breadcrumb\"},\"inLanguage\":\"ru-RU\",\"potentialAction\":[{\"@type\":\"ReadAction\",\"target\":[\"https:\/\/rtt-dev.sitewise.ee\/toode\/koopiamasinad\/a4-printer-skanner-koopiamasinad\/kontorikombain-epson-workforce-pro-wf-c579rdtwf\/\"]}]},{\"@type\":\"ImageObject\",\"inLanguage\":\"ru-RU\",\"@id\":\"https:\/\/rtt-dev.sitewise.ee\/toode\/koopiamasinad\/a4-printer-skanner-koopiamasinad\/kontorikombain-epson-workforce-pro-wf-c579rdtwf\/#primaryimage\",\"url\":\"https:\/\/rtt-dev.sitewise.ee\/wp-content\/uploads\/2020\/12\/23135-productpicture-hires-en-wf-c579rdtwf.png\",\"contentUrl\":\"https:\/\/rtt-dev.sitewise.ee\/wp-content\/uploads\/2020\/12\/23135-productpicture-hires-en-wf-c579rdtwf.png\",\"width\":2908,\"height\":3577,\"caption\":\"WF-C579RDTWF\"},{\"@type\":\"BreadcrumbList\",\"@id\":\"https:\/\/rtt-dev.sitewise.ee\/toode\/koopiamasinad\/a4-printer-skanner-koopiamasinad\/kontorikombain-epson-workforce-pro-wf-c579rdtwf\/#breadcrumb\",\"itemListElement\":[{\"@type\":\"ListItem\",\"position\":1,\"name\":\"\u0413\u043b\u0430\u0432\u043d\u0430\u044f\",\"item\":\"https:\/\/rtt-dev.sitewise.ee\/\"},{\"@type\":\"ListItem\",\"position\":2,\"name\":\"Magazin\",\"item\":\"https:\/\/rtt-dev.sitewise.ee\/pood\/\"},{\"@type\":\"ListItem\",\"position\":3,\"name\":\"Koopiamasinad\",\"item\":\"https:\/\/rtt-dev.sitewise.ee\/tootekategooria\/koopiamasinad\/\"},{\"@type\":\"ListItem\",\"position\":4,\"name\":\"A4 Printer-Sk\u00e4nner-Koopiamasinad\",\"item\":\"https:\/\/rtt-dev.sitewise.ee\/tootekategooria\/koopiamasinad\/a4-printer-skanner-koopiamasinad\/\"},{\"@type\":\"ListItem\",\"position\":5,\"name\":\"Epson WorkForce Pro WF-C579RDTWF\"}]},{\"@type\":\"WebSite\",\"@id\":\"https:\/\/rtt-dev.sitewise.ee\/#website\",\"url\":\"https:\/\/rtt-dev.sitewise.ee\/\",\"name\":\"RTT\",\"description\":\"Kassaaparaadid ja kontorikaubad\",\"potentialAction\":[{\"@type\":\"SearchAction\",\"target\":{\"@type\":\"EntryPoint\",\"urlTemplate\":\"https:\/\/rtt-dev.sitewise.ee\/?s={search_term_string}\"},\"query-input\":{\"@type\":\"PropertyValueSpecification\",\"valueRequired\":true,\"valueName\":\"search_term_string\"}}],\"inLanguage\":\"ru-RU\"}]}<\/script>\n<!-- \/ Yoast SEO plugin. -->","yoast_head_json":{"title":"Epson WorkForce Pro WF-C579RDTWF - RTT","description":"Suure tootlikkusega A4 RIPS koopiamasin. Uusim A4 RIPS Koopiamasin tagab kiire printimise, sk\u00e4nnimise ja kopeerimise.V\u00e4iksem keskkonna jalaj\u00e4lg. Madal TCO.","robots":{"index":"noindex","follow":"follow","max-snippet":"max-snippet:-1","max-image-preview":"max-image-preview:large","max-video-preview":"max-video-preview:-1"},"og_locale":"ru_RU","og_type":"article","og_title":"Epson WorkForce Pro WF-C579RDTWF - RTT","og_description":"Suure tootlikkusega A4 RIPS koopiamasin. Uusim A4 RIPS Koopiamasin tagab kiire printimise, sk\u00e4nnimise ja kopeerimise.V\u00e4iksem keskkonna jalaj\u00e4lg. Madal TCO.","og_url":"https:\/\/rtt-dev.sitewise.ee\/toode\/koopiamasinad\/a4-printer-skanner-koopiamasinad\/kontorikombain-epson-workforce-pro-wf-c579rdtwf\/","og_site_name":"RTT","article_modified_time":"2025-07-07T17:51:38+00:00","og_image":[{"width":832,"height":1024,"url":"https:\/\/rtt-dev.sitewise.ee\/wp-content\/uploads\/2020\/12\/23135-productpicture-hires-en-wf-c579rdtwf-832x1024.png","type":"image\/png"}],"twitter_card":"summary_large_image","schema":{"@context":"https:\/\/schema.org","@graph":[{"@type":"WebPage","@id":"https:\/\/rtt-dev.sitewise.ee\/toode\/koopiamasinad\/a4-printer-skanner-koopiamasinad\/kontorikombain-epson-workforce-pro-wf-c579rdtwf\/","url":"https:\/\/rtt-dev.sitewise.ee\/toode\/koopiamasinad\/a4-printer-skanner-koopiamasinad\/kontorikombain-epson-workforce-pro-wf-c579rdtwf\/","name":"Epson WorkForce Pro WF-C579RDTWF - RTT","isPartOf":{"@id":"https:\/\/rtt-dev.sitewise.ee\/#website"},"primaryImageOfPage":{"@id":"https:\/\/rtt-dev.sitewise.ee\/toode\/koopiamasinad\/a4-printer-skanner-koopiamasinad\/kontorikombain-epson-workforce-pro-wf-c579rdtwf\/#primaryimage"},"image":{"@id":"https:\/\/rtt-dev.sitewise.ee\/toode\/koopiamasinad\/a4-printer-skanner-koopiamasinad\/kontorikombain-epson-workforce-pro-wf-c579rdtwf\/#primaryimage"},"thumbnailUrl":"https:\/\/rtt-dev.sitewise.ee\/wp-content\/uploads\/2020\/12\/23135-productpicture-hires-en-wf-c579rdtwf.png","datePublished":"2020-12-08T14:15:05+00:00","dateModified":"2025-07-07T17:51:38+00:00","description":"Suure tootlikkusega A4 RIPS koopiamasin. Uusim A4 RIPS Koopiamasin tagab kiire printimise, sk\u00e4nnimise ja kopeerimise.V\u00e4iksem keskkonna jalaj\u00e4lg. Madal TCO.","breadcrumb":{"@id":"https:\/\/rtt-dev.sitewise.ee\/toode\/koopiamasinad\/a4-printer-skanner-koopiamasinad\/kontorikombain-epson-workforce-pro-wf-c579rdtwf\/#breadcrumb"},"inLanguage":"ru-RU","potentialAction":[{"@type":"ReadAction","target":["https:\/\/rtt-dev.sitewise.ee\/toode\/koopiamasinad\/a4-printer-skanner-koopiamasinad\/kontorikombain-epson-workforce-pro-wf-c579rdtwf\/"]}]},{"@type":"ImageObject","inLanguage":"ru-RU","@id":"https:\/\/rtt-dev.sitewise.ee\/toode\/koopiamasinad\/a4-printer-skanner-koopiamasinad\/kontorikombain-epson-workforce-pro-wf-c579rdtwf\/#primaryimage","url":"https:\/\/rtt-dev.sitewise.ee\/wp-content\/uploads\/2020\/12\/23135-productpicture-hires-en-wf-c579rdtwf.png","contentUrl":"https:\/\/rtt-dev.sitewise.ee\/wp-content\/uploads\/2020\/12\/23135-productpicture-hires-en-wf-c579rdtwf.png","width":2908,"height":3577,"caption":"WF-C579RDTWF"},{"@type":"BreadcrumbList","@id":"https:\/\/rtt-dev.sitewise.ee\/toode\/koopiamasinad\/a4-printer-skanner-koopiamasinad\/kontorikombain-epson-workforce-pro-wf-c579rdtwf\/#breadcrumb","itemListElement":[{"@type":"ListItem","position":1,"name":"\u0413\u043b\u0430\u0432\u043d\u0430\u044f","item":"https:\/\/rtt-dev.sitewise.ee\/"},{"@type":"ListItem","position":2,"name":"Magazin","item":"https:\/\/rtt-dev.sitewise.ee\/pood\/"},{"@type":"ListItem","position":3,"name":"Koopiamasinad","item":"https:\/\/rtt-dev.sitewise.ee\/tootekategooria\/koopiamasinad\/"},{"@type":"ListItem","position":4,"name":"A4 Printer-Sk\u00e4nner-Koopiamasinad","item":"https:\/\/rtt-dev.sitewise.ee\/tootekategooria\/koopiamasinad\/a4-printer-skanner-koopiamasinad\/"},{"@type":"ListItem","position":5,"name":"Epson WorkForce Pro WF-C579RDTWF"}]},{"@type":"WebSite","@id":"https:\/\/rtt-dev.sitewise.ee\/#website","url":"https:\/\/rtt-dev.sitewise.ee\/","name":"RTT","description":"Kassaaparaadid ja kontorikaubad","potentialAction":[{"@type":"SearchAction","target":{"@type":"EntryPoint","urlTemplate":"https:\/\/rtt-dev.sitewise.ee\/?s={search_term_string}"},"query-input":{"@type":"PropertyValueSpecification","valueRequired":true,"valueName":"search_term_string"}}],"inLanguage":"ru-RU"}]}},"_links":{"self":[{"href":"https:\/\/rtt-dev.sitewise.ee\/ru\/wp-json\/wp\/v2\/product\/8444","targetHints":{"allow":["GET"]}}],"collection":[{"href":"https:\/\/rtt-dev.sitewise.ee\/ru\/wp-json\/wp\/v2\/product"}],"about":[{"href":"https:\/\/rtt-dev.sitewise.ee\/ru\/wp-json\/wp\/v2\/types\/product"}],"wp:featuredmedia":[{"embeddable":true,"href":"https:\/\/rtt-dev.sitewise.ee\/ru\/wp-json\/wp\/v2\/media\/7120"}],"wp:attachment":[{"href":"https:\/\/rtt-dev.sitewise.ee\/ru\/wp-json\/wp\/v2\/media?parent=8444"}],"wp:term":[{"taxonomy":"product_brand","embeddable":true,"href":"https:\/\/rtt-dev.sitewise.ee\/ru\/wp-json\/wp\/v2\/product_brand?post=8444"},{"taxonomy":"product_cat","embeddable":true,"href":"https:\/\/rtt-dev.sitewise.ee\/ru\/wp-json\/wp\/v2\/product_cat?post=8444"},{"taxonomy":"product_tag","embeddable":true,"href":"https:\/\/rtt-dev.sitewise.ee\/ru\/wp-json\/wp\/v2\/product_tag?post=8444"}],"curies":[{"name":"wp","href":"https:\/\/api.w.org\/{rel}","templated":true}]}}