{"id":8059,"date":"2021-11-23T10:35:22","date_gmt":"2021-11-23T08:35:22","guid":{"rendered":"https:\/\/rtt-dev.sitewise.ee\/?post_type=product&#038;p=8059"},"modified":"2025-07-07T20:51:36","modified_gmt":"2025-07-07T17:51:36","slug":"sharp-mx-c407p","status":"publish","type":"product","link":"https:\/\/rtt-dev.sitewise.ee\/ru\/toode\/printerid-ru\/sharp-mx-c407p\/","title":{"rendered":"SHARP MX-C407P"},"content":{"rendered":"<p><strong>SHARP MX-C407P<\/strong><\/p>\n<ul>\n<li>Kompaktne ja v\u00f5imas 38 lk\/min v\u00e4rviline A4-printer 1200 x 1200 eraldusv\u00f5imega\u00a0prindieraldusv\u00f5ime<\/li>\n<li>Lihtne juurdep\u00e4\u00e4s avalikele pilveteenustele, nagu box, Google Drive, Dropbox, OneDrive jne*<\/li>\n<li>4,3-tolline v\u00e4rviline LCD-puuteekraan, mida saab h\u00f5lpsaks ja intuitiivseks vaatamiseks kallutada<\/li>\n<li>Mobiiliprintimise tugi AirPrinti ja Google&#8217;i pilvprintimise kaudu<\/li>\n<li>Paberimaht kuni 1451 A4 lehte ja paindlik \u00a0paberk\u00e4sitlus toetab kaardimaterjali, v\u00e4ikeseid pabereid ja \u00fcmbrikud p\u00f5hisalvelt v\u00f5i \u00fchelehe s\u00f6\u00f6turist<\/li>\n<li>Eesmine USB-port v\u00f5imaldab populaarsetest failivormingutest kiiret printimist ilma arvutita<\/li>\n<li>Kompaktne jalaj\u00e4lg, mis v\u00f5imaldab h\u00f5lpsat kasutuselev\u00f5ttu kontoris Energiahaldusfunktsioonid v\u00e4hendavad energiatarbimist aktiivses olekus kasutada v\u00f5i puhkere\u017eiimi<\/li>\n<\/ul>\n<p>&nbsp;<\/p>\n<p>Lisainfo:<\/p>\n<p>Tel: +372 6 112 256<br \/>\nGSM: +372 5 014 470<\/p>\n","protected":false},"excerpt":{"rendered":"<p>SHARP MX-C407P Kompaktne ja v\u00f5imas 38 lk\/min v\u00e4rviline A4-printer 1200 x 1200 eraldusv\u00f5imega\u00a0prindieraldusv\u00f5ime Lihtne juurdep\u00e4\u00e4s avalikele pilveteenustele, nagu box, Google Drive, Dropbox, OneDrive jne* 4,3-tolline v\u00e4rviline LCD-puuteekraan, mida saab h\u00f5lpsaks ja intuitiivseks vaatamiseks kallutada Mobiiliprintimise tugi AirPrinti ja Google&#8217;i pilvprintimise kaudu Paberimaht kuni 1451 A4 lehte ja paindlik \u00a0paberk\u00e4sitlus toetab kaardimaterjali, v\u00e4ikeseid pabereid ja \u00fcmbrikud [&hellip;]<\/p>\n","protected":false},"featured_media":8054,"template":"","meta":[],"product_brand":[],"product_cat":[330,259],"product_tag":[],"class_list":{"0":"post-8059","1":"product","2":"type-product","3":"status-publish","4":"has-post-thumbnail","6":"product_cat-a4-printer-ru","7":"product_cat-printerid-ru","9":"first","10":"instock","11":"taxable","12":"shipping-taxable","13":"purchasable","14":"product-type-simple"},"acf":[],"yoast_head":"<!-- This site is optimized with the Yoast SEO plugin v24.4 - https:\/\/yoast.com\/wordpress\/plugins\/seo\/ -->\n<title>SHARP MX-C407P - RTT<\/title>\n<meta name=\"description\" content=\"Sharp v\u00e4rviline A4 printer on usaldusv\u00e4\u00e4rne ja kiire tr\u00fckiga. A4 printer sobib igap\u00e4evaseks printimiseks ja on madala lehe tr\u00fcki hinnaga.\" \/>\n<meta name=\"robots\" content=\"noindex, follow, max-snippet:-1, max-image-preview:large, max-video-preview:-1\" \/>\n<meta property=\"og:locale\" content=\"ru_RU\" \/>\n<meta property=\"og:type\" content=\"article\" \/>\n<meta property=\"og:title\" content=\"SHARP MX-C407P - RTT\" \/>\n<meta property=\"og:description\" content=\"Sharp v\u00e4rviline A4 printer on usaldusv\u00e4\u00e4rne ja kiire tr\u00fckiga. A4 printer sobib igap\u00e4evaseks printimiseks ja on madala lehe tr\u00fcki hinnaga.\" \/>\n<meta property=\"og:url\" content=\"https:\/\/rtt-dev.sitewise.ee\/toode\/printerid\/a4-printer\/sharp-mx-c407p\/\" \/>\n<meta property=\"og:site_name\" content=\"RTT\" \/>\n<meta property=\"article:modified_time\" content=\"2025-07-07T17:51:36+00:00\" \/>\n<meta property=\"og:image\" content=\"https:\/\/rtt-dev.sitewise.ee\/wp-content\/uploads\/2021\/11\/103-PROImg_LXM_PNG-MX-C407P-contactless-reader-front.png\" \/>\n\t<meta property=\"og:image:width\" content=\"701\" \/>\n\t<meta property=\"og:image:height\" content=\"622\" \/>\n\t<meta property=\"og:image:type\" content=\"image\/png\" \/>\n<meta name=\"twitter:card\" content=\"summary_large_image\" \/>\n<meta name=\"twitter:label1\" content=\"\u041f\u0440\u0438\u043c\u0435\u0440\u043d\u043e\u0435 \u0432\u0440\u0435\u043c\u044f \u0434\u043b\u044f \u0447\u0442\u0435\u043d\u0438\u044f\" \/>\n\t<meta name=\"twitter:data1\" content=\"1 \u043c\u0438\u043d\u0443\u0442\u0430\" \/>\n<script type=\"application\/ld+json\" class=\"yoast-schema-graph\">{\"@context\":\"https:\/\/schema.org\",\"@graph\":[{\"@type\":\"WebPage\",\"@id\":\"https:\/\/rtt-dev.sitewise.ee\/toode\/printerid\/a4-printer\/sharp-mx-c407p\/\",\"url\":\"https:\/\/rtt-dev.sitewise.ee\/toode\/printerid\/a4-printer\/sharp-mx-c407p\/\",\"name\":\"SHARP MX-C407P - RTT\",\"isPartOf\":{\"@id\":\"https:\/\/rtt-dev.sitewise.ee\/#website\"},\"primaryImageOfPage\":{\"@id\":\"https:\/\/rtt-dev.sitewise.ee\/toode\/printerid\/a4-printer\/sharp-mx-c407p\/#primaryimage\"},\"image\":{\"@id\":\"https:\/\/rtt-dev.sitewise.ee\/toode\/printerid\/a4-printer\/sharp-mx-c407p\/#primaryimage\"},\"thumbnailUrl\":\"https:\/\/rtt-dev.sitewise.ee\/wp-content\/uploads\/2021\/11\/103-PROImg_LXM_PNG-MX-C407P-contactless-reader-front.png\",\"datePublished\":\"2021-11-23T08:35:22+00:00\",\"dateModified\":\"2025-07-07T17:51:36+00:00\",\"description\":\"Sharp v\u00e4rviline A4 printer on usaldusv\u00e4\u00e4rne ja kiire tr\u00fckiga. A4 printer sobib igap\u00e4evaseks printimiseks ja on madala lehe tr\u00fcki hinnaga.\",\"breadcrumb\":{\"@id\":\"https:\/\/rtt-dev.sitewise.ee\/toode\/printerid\/a4-printer\/sharp-mx-c407p\/#breadcrumb\"},\"inLanguage\":\"ru-RU\",\"potentialAction\":[{\"@type\":\"ReadAction\",\"target\":[\"https:\/\/rtt-dev.sitewise.ee\/toode\/printerid\/a4-printer\/sharp-mx-c407p\/\"]}]},{\"@type\":\"ImageObject\",\"inLanguage\":\"ru-RU\",\"@id\":\"https:\/\/rtt-dev.sitewise.ee\/toode\/printerid\/a4-printer\/sharp-mx-c407p\/#primaryimage\",\"url\":\"https:\/\/rtt-dev.sitewise.ee\/wp-content\/uploads\/2021\/11\/103-PROImg_LXM_PNG-MX-C407P-contactless-reader-front.png\",\"contentUrl\":\"https:\/\/rtt-dev.sitewise.ee\/wp-content\/uploads\/2021\/11\/103-PROImg_LXM_PNG-MX-C407P-contactless-reader-front.png\",\"width\":701,\"height\":622},{\"@type\":\"BreadcrumbList\",\"@id\":\"https:\/\/rtt-dev.sitewise.ee\/toode\/printerid\/a4-printer\/sharp-mx-c407p\/#breadcrumb\",\"itemListElement\":[{\"@type\":\"ListItem\",\"position\":1,\"name\":\"\u0413\u043b\u0430\u0432\u043d\u0430\u044f\",\"item\":\"https:\/\/rtt-dev.sitewise.ee\/\"},{\"@type\":\"ListItem\",\"position\":2,\"name\":\"Magazin\",\"item\":\"https:\/\/rtt-dev.sitewise.ee\/pood\/\"},{\"@type\":\"ListItem\",\"position\":3,\"name\":\"Printerid\",\"item\":\"https:\/\/rtt-dev.sitewise.ee\/tootekategooria\/printerid\/\"},{\"@type\":\"ListItem\",\"position\":4,\"name\":\"SHARP MX-C407P\"}]},{\"@type\":\"WebSite\",\"@id\":\"https:\/\/rtt-dev.sitewise.ee\/#website\",\"url\":\"https:\/\/rtt-dev.sitewise.ee\/\",\"name\":\"RTT\",\"description\":\"Kassaaparaadid ja kontorikaubad\",\"potentialAction\":[{\"@type\":\"SearchAction\",\"target\":{\"@type\":\"EntryPoint\",\"urlTemplate\":\"https:\/\/rtt-dev.sitewise.ee\/?s={search_term_string}\"},\"query-input\":{\"@type\":\"PropertyValueSpecification\",\"valueRequired\":true,\"valueName\":\"search_term_string\"}}],\"inLanguage\":\"ru-RU\"}]}<\/script>\n<!-- \/ Yoast SEO plugin. -->","yoast_head_json":{"title":"SHARP MX-C407P - RTT","description":"Sharp v\u00e4rviline A4 printer on usaldusv\u00e4\u00e4rne ja kiire tr\u00fckiga. A4 printer sobib igap\u00e4evaseks printimiseks ja on madala lehe tr\u00fcki hinnaga.","robots":{"index":"noindex","follow":"follow","max-snippet":"max-snippet:-1","max-image-preview":"max-image-preview:large","max-video-preview":"max-video-preview:-1"},"og_locale":"ru_RU","og_type":"article","og_title":"SHARP MX-C407P - RTT","og_description":"Sharp v\u00e4rviline A4 printer on usaldusv\u00e4\u00e4rne ja kiire tr\u00fckiga. A4 printer sobib igap\u00e4evaseks printimiseks ja on madala lehe tr\u00fcki hinnaga.","og_url":"https:\/\/rtt-dev.sitewise.ee\/toode\/printerid\/a4-printer\/sharp-mx-c407p\/","og_site_name":"RTT","article_modified_time":"2025-07-07T17:51:36+00:00","og_image":[{"width":701,"height":622,"url":"https:\/\/rtt-dev.sitewise.ee\/wp-content\/uploads\/2021\/11\/103-PROImg_LXM_PNG-MX-C407P-contactless-reader-front.png","type":"image\/png"}],"twitter_card":"summary_large_image","twitter_misc":{"\u041f\u0440\u0438\u043c\u0435\u0440\u043d\u043e\u0435 \u0432\u0440\u0435\u043c\u044f \u0434\u043b\u044f \u0447\u0442\u0435\u043d\u0438\u044f":"1 \u043c\u0438\u043d\u0443\u0442\u0430"},"schema":{"@context":"https:\/\/schema.org","@graph":[{"@type":"WebPage","@id":"https:\/\/rtt-dev.sitewise.ee\/toode\/printerid\/a4-printer\/sharp-mx-c407p\/","url":"https:\/\/rtt-dev.sitewise.ee\/toode\/printerid\/a4-printer\/sharp-mx-c407p\/","name":"SHARP MX-C407P - RTT","isPartOf":{"@id":"https:\/\/rtt-dev.sitewise.ee\/#website"},"primaryImageOfPage":{"@id":"https:\/\/rtt-dev.sitewise.ee\/toode\/printerid\/a4-printer\/sharp-mx-c407p\/#primaryimage"},"image":{"@id":"https:\/\/rtt-dev.sitewise.ee\/toode\/printerid\/a4-printer\/sharp-mx-c407p\/#primaryimage"},"thumbnailUrl":"https:\/\/rtt-dev.sitewise.ee\/wp-content\/uploads\/2021\/11\/103-PROImg_LXM_PNG-MX-C407P-contactless-reader-front.png","datePublished":"2021-11-23T08:35:22+00:00","dateModified":"2025-07-07T17:51:36+00:00","description":"Sharp v\u00e4rviline A4 printer on usaldusv\u00e4\u00e4rne ja kiire tr\u00fckiga. A4 printer sobib igap\u00e4evaseks printimiseks ja on madala lehe tr\u00fcki hinnaga.","breadcrumb":{"@id":"https:\/\/rtt-dev.sitewise.ee\/toode\/printerid\/a4-printer\/sharp-mx-c407p\/#breadcrumb"},"inLanguage":"ru-RU","potentialAction":[{"@type":"ReadAction","target":["https:\/\/rtt-dev.sitewise.ee\/toode\/printerid\/a4-printer\/sharp-mx-c407p\/"]}]},{"@type":"ImageObject","inLanguage":"ru-RU","@id":"https:\/\/rtt-dev.sitewise.ee\/toode\/printerid\/a4-printer\/sharp-mx-c407p\/#primaryimage","url":"https:\/\/rtt-dev.sitewise.ee\/wp-content\/uploads\/2021\/11\/103-PROImg_LXM_PNG-MX-C407P-contactless-reader-front.png","contentUrl":"https:\/\/rtt-dev.sitewise.ee\/wp-content\/uploads\/2021\/11\/103-PROImg_LXM_PNG-MX-C407P-contactless-reader-front.png","width":701,"height":622},{"@type":"BreadcrumbList","@id":"https:\/\/rtt-dev.sitewise.ee\/toode\/printerid\/a4-printer\/sharp-mx-c407p\/#breadcrumb","itemListElement":[{"@type":"ListItem","position":1,"name":"\u0413\u043b\u0430\u0432\u043d\u0430\u044f","item":"https:\/\/rtt-dev.sitewise.ee\/"},{"@type":"ListItem","position":2,"name":"Magazin","item":"https:\/\/rtt-dev.sitewise.ee\/pood\/"},{"@type":"ListItem","position":3,"name":"Printerid","item":"https:\/\/rtt-dev.sitewise.ee\/tootekategooria\/printerid\/"},{"@type":"ListItem","position":4,"name":"SHARP MX-C407P"}]},{"@type":"WebSite","@id":"https:\/\/rtt-dev.sitewise.ee\/#website","url":"https:\/\/rtt-dev.sitewise.ee\/","name":"RTT","description":"Kassaaparaadid ja kontorikaubad","potentialAction":[{"@type":"SearchAction","target":{"@type":"EntryPoint","urlTemplate":"https:\/\/rtt-dev.sitewise.ee\/?s={search_term_string}"},"query-input":{"@type":"PropertyValueSpecification","valueRequired":true,"valueName":"search_term_string"}}],"inLanguage":"ru-RU"}]}},"_links":{"self":[{"href":"https:\/\/rtt-dev.sitewise.ee\/ru\/wp-json\/wp\/v2\/product\/8059","targetHints":{"allow":["GET"]}}],"collection":[{"href":"https:\/\/rtt-dev.sitewise.ee\/ru\/wp-json\/wp\/v2\/product"}],"about":[{"href":"https:\/\/rtt-dev.sitewise.ee\/ru\/wp-json\/wp\/v2\/types\/product"}],"wp:featuredmedia":[{"embeddable":true,"href":"https:\/\/rtt-dev.sitewise.ee\/ru\/wp-json\/wp\/v2\/media\/8054"}],"wp:attachment":[{"href":"https:\/\/rtt-dev.sitewise.ee\/ru\/wp-json\/wp\/v2\/media?parent=8059"}],"wp:term":[{"taxonomy":"product_brand","embeddable":true,"href":"https:\/\/rtt-dev.sitewise.ee\/ru\/wp-json\/wp\/v2\/product_brand?post=8059"},{"taxonomy":"product_cat","embeddable":true,"href":"https:\/\/rtt-dev.sitewise.ee\/ru\/wp-json\/wp\/v2\/product_cat?post=8059"},{"taxonomy":"product_tag","embeddable":true,"href":"https:\/\/rtt-dev.sitewise.ee\/ru\/wp-json\/wp\/v2\/product_tag?post=8059"}],"curies":[{"name":"wp","href":"https:\/\/api.w.org\/{rel}","templated":true}]}}