{"id":7953,"date":"2021-10-27T11:37:34","date_gmt":"2021-10-27T08:37:34","guid":{"rendered":"https:\/\/rtt-dev.sitewise.ee\/?post_type=product&#038;p=7953"},"modified":"2025-07-07T20:51:37","modified_gmt":"2025-07-07T17:51:37","slug":"kasutatud-m-v-sharp-ar5623n","status":"publish","type":"product","link":"https:\/\/rtt-dev.sitewise.ee\/ru\/toode\/koopiamasinad-ru\/a3-kasutatud-koopiamasinad-ru\/kasutatud-m-v-sharp-ar5623n\/","title":{"rendered":"Kasutatud M\/V SHARP AR5623N"},"content":{"rendered":"<p>Liisinguperioodi l\u00f5ppedes tagasi ostetud ja <strong>v\u00e4he kasutatud<\/strong> (teinud ca m\/v 20 415 A4)<br \/>\nMust-valge on <strong>odavam<\/strong> kui kunagi varem!<br \/>\nV\u00e4ga <strong>soodne<\/strong> kulumaterjal ja edaspidine \u00fclalpidamine.<br \/>\nSeade on meie tehnikute poolt \u00fcle kontrollitud ja hooldatud.<\/p>\n<p>Seadmele kehtib 6 kuu pikkune garantii.<\/p>\n<p>Mobiil: +372 5014 470<\/p>\n","protected":false},"excerpt":{"rendered":"<p>Liisinguperioodi l\u00f5ppedes tagasi ostetud ja v\u00e4he kasutatud (teinud ca m\/v 20 415 A4) Must-valge on odavam kui kunagi varem! V\u00e4ga soodne kulumaterjal ja edaspidine \u00fclalpidamine. Seade on meie tehnikute poolt \u00fcle kontrollitud ja hooldatud. Seadmele kehtib 6 kuu pikkune garantii. Mobiil: +372 5014 470<\/p>\n","protected":false},"featured_media":7957,"template":"","meta":[],"product_brand":[],"product_cat":[233,234],"product_tag":[],"class_list":{"0":"post-7953","1":"product","2":"type-product","3":"status-publish","4":"has-post-thumbnail","6":"product_cat-koopiamasinad-ru","7":"product_cat-a3-kasutatud-koopiamasinad-ru","9":"first","10":"instock","11":"sale","12":"taxable","13":"shipping-taxable","14":"purchasable","15":"product-type-simple"},"acf":[],"yoast_head":"<!-- This site is optimized with the Yoast SEO plugin v24.4 - https:\/\/yoast.com\/wordpress\/plugins\/seo\/ -->\n<title>Kasutatud M\/V SHARP AR5623N - RTT<\/title>\n<meta name=\"description\" content=\"Kasutatud koopiamasin, Sharp AR-5623N. M\/V A3 kasutatud koopiamasin on odav lahendus sinu kontorisse. Rendi ja hoolduslepingu v\u00f5imalus.\" \/>\n<meta name=\"robots\" content=\"noindex, follow, max-snippet:-1, max-image-preview:large, max-video-preview:-1\" \/>\n<meta property=\"og:locale\" content=\"ru_RU\" \/>\n<meta property=\"og:type\" content=\"article\" \/>\n<meta property=\"og:title\" content=\"Kasutatud M\/V SHARP AR5623N - RTT\" \/>\n<meta property=\"og:description\" content=\"Kasutatud koopiamasin, Sharp AR-5623N. M\/V A3 kasutatud koopiamasin on odav lahendus sinu kontorisse. Rendi ja hoolduslepingu v\u00f5imalus.\" \/>\n<meta property=\"og:url\" content=\"https:\/\/rtt-dev.sitewise.ee\/toode\/koopiamasinad\/a3-kasutatud-koopiamasinad\/kasutatud-m-v-sharp-ar5623n\/\" \/>\n<meta property=\"og:site_name\" content=\"RTT\" \/>\n<meta property=\"article:modified_time\" content=\"2025-07-07T17:51:37+00:00\" \/>\n<meta property=\"og:image\" content=\"https:\/\/rtt-dev.sitewise.ee\/wp-content\/uploads\/2021\/10\/AR5623N.png\" \/>\n\t<meta property=\"og:image:width\" content=\"1773\" \/>\n\t<meta property=\"og:image:height\" content=\"1905\" \/>\n\t<meta property=\"og:image:type\" content=\"image\/png\" \/>\n<meta name=\"twitter:card\" content=\"summary_large_image\" \/>\n<script type=\"application\/ld+json\" class=\"yoast-schema-graph\">{\"@context\":\"https:\/\/schema.org\",\"@graph\":[{\"@type\":\"WebPage\",\"@id\":\"https:\/\/rtt-dev.sitewise.ee\/toode\/koopiamasinad\/a3-kasutatud-koopiamasinad\/kasutatud-m-v-sharp-ar5623n\/\",\"url\":\"https:\/\/rtt-dev.sitewise.ee\/toode\/koopiamasinad\/a3-kasutatud-koopiamasinad\/kasutatud-m-v-sharp-ar5623n\/\",\"name\":\"Kasutatud M\/V SHARP AR5623N - RTT\",\"isPartOf\":{\"@id\":\"https:\/\/rtt-dev.sitewise.ee\/#website\"},\"primaryImageOfPage\":{\"@id\":\"https:\/\/rtt-dev.sitewise.ee\/toode\/koopiamasinad\/a3-kasutatud-koopiamasinad\/kasutatud-m-v-sharp-ar5623n\/#primaryimage\"},\"image\":{\"@id\":\"https:\/\/rtt-dev.sitewise.ee\/toode\/koopiamasinad\/a3-kasutatud-koopiamasinad\/kasutatud-m-v-sharp-ar5623n\/#primaryimage\"},\"thumbnailUrl\":\"https:\/\/rtt-dev.sitewise.ee\/wp-content\/uploads\/2021\/10\/AR5623N.png\",\"datePublished\":\"2021-10-27T08:37:34+00:00\",\"dateModified\":\"2025-07-07T17:51:37+00:00\",\"description\":\"Kasutatud koopiamasin, Sharp AR-5623N. M\/V A3 kasutatud koopiamasin on odav lahendus sinu kontorisse. Rendi ja hoolduslepingu v\u00f5imalus.\",\"breadcrumb\":{\"@id\":\"https:\/\/rtt-dev.sitewise.ee\/toode\/koopiamasinad\/a3-kasutatud-koopiamasinad\/kasutatud-m-v-sharp-ar5623n\/#breadcrumb\"},\"inLanguage\":\"ru-RU\",\"potentialAction\":[{\"@type\":\"ReadAction\",\"target\":[\"https:\/\/rtt-dev.sitewise.ee\/toode\/koopiamasinad\/a3-kasutatud-koopiamasinad\/kasutatud-m-v-sharp-ar5623n\/\"]}]},{\"@type\":\"ImageObject\",\"inLanguage\":\"ru-RU\",\"@id\":\"https:\/\/rtt-dev.sitewise.ee\/toode\/koopiamasinad\/a3-kasutatud-koopiamasinad\/kasutatud-m-v-sharp-ar5623n\/#primaryimage\",\"url\":\"https:\/\/rtt-dev.sitewise.ee\/wp-content\/uploads\/2021\/10\/AR5623N.png\",\"contentUrl\":\"https:\/\/rtt-dev.sitewise.ee\/wp-content\/uploads\/2021\/10\/AR5623N.png\",\"width\":1773,\"height\":1905},{\"@type\":\"BreadcrumbList\",\"@id\":\"https:\/\/rtt-dev.sitewise.ee\/toode\/koopiamasinad\/a3-kasutatud-koopiamasinad\/kasutatud-m-v-sharp-ar5623n\/#breadcrumb\",\"itemListElement\":[{\"@type\":\"ListItem\",\"position\":1,\"name\":\"\u0413\u043b\u0430\u0432\u043d\u0430\u044f\",\"item\":\"https:\/\/rtt-dev.sitewise.ee\/\"},{\"@type\":\"ListItem\",\"position\":2,\"name\":\"Magazin\",\"item\":\"https:\/\/rtt-dev.sitewise.ee\/pood\/\"},{\"@type\":\"ListItem\",\"position\":3,\"name\":\"Koopiamasinad\",\"item\":\"https:\/\/rtt-dev.sitewise.ee\/tootekategooria\/koopiamasinad\/\"},{\"@type\":\"ListItem\",\"position\":4,\"name\":\"A3 Kasutatud Koopiamasinad\",\"item\":\"https:\/\/rtt-dev.sitewise.ee\/tootekategooria\/koopiamasinad\/a3-kasutatud-koopiamasinad\/\"},{\"@type\":\"ListItem\",\"position\":5,\"name\":\"Kasutatud M\/V SHARP AR5623N\"}]},{\"@type\":\"WebSite\",\"@id\":\"https:\/\/rtt-dev.sitewise.ee\/#website\",\"url\":\"https:\/\/rtt-dev.sitewise.ee\/\",\"name\":\"RTT\",\"description\":\"Kassaaparaadid ja kontorikaubad\",\"potentialAction\":[{\"@type\":\"SearchAction\",\"target\":{\"@type\":\"EntryPoint\",\"urlTemplate\":\"https:\/\/rtt-dev.sitewise.ee\/?s={search_term_string}\"},\"query-input\":{\"@type\":\"PropertyValueSpecification\",\"valueRequired\":true,\"valueName\":\"search_term_string\"}}],\"inLanguage\":\"ru-RU\"}]}<\/script>\n<!-- \/ Yoast SEO plugin. -->","yoast_head_json":{"title":"Kasutatud M\/V SHARP AR5623N - RTT","description":"Kasutatud koopiamasin, Sharp AR-5623N. M\/V A3 kasutatud koopiamasin on odav lahendus sinu kontorisse. Rendi ja hoolduslepingu v\u00f5imalus.","robots":{"index":"noindex","follow":"follow","max-snippet":"max-snippet:-1","max-image-preview":"max-image-preview:large","max-video-preview":"max-video-preview:-1"},"og_locale":"ru_RU","og_type":"article","og_title":"Kasutatud M\/V SHARP AR5623N - RTT","og_description":"Kasutatud koopiamasin, Sharp AR-5623N. M\/V A3 kasutatud koopiamasin on odav lahendus sinu kontorisse. Rendi ja hoolduslepingu v\u00f5imalus.","og_url":"https:\/\/rtt-dev.sitewise.ee\/toode\/koopiamasinad\/a3-kasutatud-koopiamasinad\/kasutatud-m-v-sharp-ar5623n\/","og_site_name":"RTT","article_modified_time":"2025-07-07T17:51:37+00:00","og_image":[{"width":1773,"height":1905,"url":"https:\/\/rtt-dev.sitewise.ee\/wp-content\/uploads\/2021\/10\/AR5623N.png","type":"image\/png"}],"twitter_card":"summary_large_image","schema":{"@context":"https:\/\/schema.org","@graph":[{"@type":"WebPage","@id":"https:\/\/rtt-dev.sitewise.ee\/toode\/koopiamasinad\/a3-kasutatud-koopiamasinad\/kasutatud-m-v-sharp-ar5623n\/","url":"https:\/\/rtt-dev.sitewise.ee\/toode\/koopiamasinad\/a3-kasutatud-koopiamasinad\/kasutatud-m-v-sharp-ar5623n\/","name":"Kasutatud M\/V SHARP AR5623N - RTT","isPartOf":{"@id":"https:\/\/rtt-dev.sitewise.ee\/#website"},"primaryImageOfPage":{"@id":"https:\/\/rtt-dev.sitewise.ee\/toode\/koopiamasinad\/a3-kasutatud-koopiamasinad\/kasutatud-m-v-sharp-ar5623n\/#primaryimage"},"image":{"@id":"https:\/\/rtt-dev.sitewise.ee\/toode\/koopiamasinad\/a3-kasutatud-koopiamasinad\/kasutatud-m-v-sharp-ar5623n\/#primaryimage"},"thumbnailUrl":"https:\/\/rtt-dev.sitewise.ee\/wp-content\/uploads\/2021\/10\/AR5623N.png","datePublished":"2021-10-27T08:37:34+00:00","dateModified":"2025-07-07T17:51:37+00:00","description":"Kasutatud koopiamasin, Sharp AR-5623N. M\/V A3 kasutatud koopiamasin on odav lahendus sinu kontorisse. Rendi ja hoolduslepingu v\u00f5imalus.","breadcrumb":{"@id":"https:\/\/rtt-dev.sitewise.ee\/toode\/koopiamasinad\/a3-kasutatud-koopiamasinad\/kasutatud-m-v-sharp-ar5623n\/#breadcrumb"},"inLanguage":"ru-RU","potentialAction":[{"@type":"ReadAction","target":["https:\/\/rtt-dev.sitewise.ee\/toode\/koopiamasinad\/a3-kasutatud-koopiamasinad\/kasutatud-m-v-sharp-ar5623n\/"]}]},{"@type":"ImageObject","inLanguage":"ru-RU","@id":"https:\/\/rtt-dev.sitewise.ee\/toode\/koopiamasinad\/a3-kasutatud-koopiamasinad\/kasutatud-m-v-sharp-ar5623n\/#primaryimage","url":"https:\/\/rtt-dev.sitewise.ee\/wp-content\/uploads\/2021\/10\/AR5623N.png","contentUrl":"https:\/\/rtt-dev.sitewise.ee\/wp-content\/uploads\/2021\/10\/AR5623N.png","width":1773,"height":1905},{"@type":"BreadcrumbList","@id":"https:\/\/rtt-dev.sitewise.ee\/toode\/koopiamasinad\/a3-kasutatud-koopiamasinad\/kasutatud-m-v-sharp-ar5623n\/#breadcrumb","itemListElement":[{"@type":"ListItem","position":1,"name":"\u0413\u043b\u0430\u0432\u043d\u0430\u044f","item":"https:\/\/rtt-dev.sitewise.ee\/"},{"@type":"ListItem","position":2,"name":"Magazin","item":"https:\/\/rtt-dev.sitewise.ee\/pood\/"},{"@type":"ListItem","position":3,"name":"Koopiamasinad","item":"https:\/\/rtt-dev.sitewise.ee\/tootekategooria\/koopiamasinad\/"},{"@type":"ListItem","position":4,"name":"A3 Kasutatud Koopiamasinad","item":"https:\/\/rtt-dev.sitewise.ee\/tootekategooria\/koopiamasinad\/a3-kasutatud-koopiamasinad\/"},{"@type":"ListItem","position":5,"name":"Kasutatud M\/V SHARP AR5623N"}]},{"@type":"WebSite","@id":"https:\/\/rtt-dev.sitewise.ee\/#website","url":"https:\/\/rtt-dev.sitewise.ee\/","name":"RTT","description":"Kassaaparaadid ja kontorikaubad","potentialAction":[{"@type":"SearchAction","target":{"@type":"EntryPoint","urlTemplate":"https:\/\/rtt-dev.sitewise.ee\/?s={search_term_string}"},"query-input":{"@type":"PropertyValueSpecification","valueRequired":true,"valueName":"search_term_string"}}],"inLanguage":"ru-RU"}]}},"_links":{"self":[{"href":"https:\/\/rtt-dev.sitewise.ee\/ru\/wp-json\/wp\/v2\/product\/7953","targetHints":{"allow":["GET"]}}],"collection":[{"href":"https:\/\/rtt-dev.sitewise.ee\/ru\/wp-json\/wp\/v2\/product"}],"about":[{"href":"https:\/\/rtt-dev.sitewise.ee\/ru\/wp-json\/wp\/v2\/types\/product"}],"wp:featuredmedia":[{"embeddable":true,"href":"https:\/\/rtt-dev.sitewise.ee\/ru\/wp-json\/wp\/v2\/media\/7957"}],"wp:attachment":[{"href":"https:\/\/rtt-dev.sitewise.ee\/ru\/wp-json\/wp\/v2\/media?parent=7953"}],"wp:term":[{"taxonomy":"product_brand","embeddable":true,"href":"https:\/\/rtt-dev.sitewise.ee\/ru\/wp-json\/wp\/v2\/product_brand?post=7953"},{"taxonomy":"product_cat","embeddable":true,"href":"https:\/\/rtt-dev.sitewise.ee\/ru\/wp-json\/wp\/v2\/product_cat?post=7953"},{"taxonomy":"product_tag","embeddable":true,"href":"https:\/\/rtt-dev.sitewise.ee\/ru\/wp-json\/wp\/v2\/product_tag?post=7953"}],"curies":[{"name":"wp","href":"https:\/\/api.w.org\/{rel}","templated":true}]}}