{"id":7677,"date":"2021-07-27T11:24:37","date_gmt":"2021-07-27T08:24:37","guid":{"rendered":"https:\/\/rtt-dev.sitewise.ee\/toode\/uncategorized\/epson-ecotank-pro-l15180\/"},"modified":"2025-07-07T20:51:37","modified_gmt":"2025-07-07T17:51:37","slug":"epson-ecotank-pro-l15180","status":"publish","type":"product","link":"https:\/\/rtt-dev.sitewise.ee\/ru\/toode\/koopiamasinad-ru\/varvilised-koopiamasinad-ru\/epson-ecotank-pro-l15180\/","title":{"rendered":"Epson EcoTank Pro L15180"},"content":{"rendered":"<p><span style=\"font-size: 14pt;\">EcoTank Pro L15180<br \/>\nPrintimine, skannimine, kopeerimine, faksimine<br \/>\n<\/span><\/p>\n<ul>\n<li id=\"tw-target-text\" class=\"tw-data-text tw-text-large XcVN5d tw-ta\" data-placeholder=\"T\u00f5lge\"><span class=\"Y2IQFc\" lang=\"et\" style=\"font-size: 12pt;\"><strong>Eriti odav, 4-\u00fches A3 v\u00e4rviprinter<\/strong><br \/>\n\u00d6konoomne tindimahuti s\u00fcsteem<\/span><\/li>\n<li class=\"tw-data-text tw-text-large XcVN5d tw-ta\" data-placeholder=\"T\u00f5lge\"><span class=\"Y2IQFc\" lang=\"et\" style=\"font-size: 12pt;\"><strong>Kiire printimise ja skannimise kiirus<\/strong><br \/>\nPrintige kuni 25 lk \/ min ja skannige kuni 26 kujutist minutis <\/span><\/li>\n<li class=\"tw-data-text tw-text-large XcVN5d tw-ta\" data-placeholder=\"T\u00f5lge\"><span class=\"Y2IQFc\" lang=\"et\" style=\"font-size: 12pt;\"><strong>Lihtne kasutada eesmist tindimahutit<\/strong><br \/>\nNautige t\u00e4iustatud tindipudelitega vaeva ja segadusteta t\u00e4itmist <\/span><\/li>\n<li class=\"tw-data-text tw-text-large XcVN5d tw-ta\" data-placeholder=\"T\u00f5lge\"><span class=\"Y2IQFc\" lang=\"et\" style=\"font-size: 12pt;\"><strong>Mobiilne printimine ja \u00fchenduvus<\/strong><br \/>\nWi-Fi, Wi-Fi Direct, Ethernet ja tasuta mobiilsed printimisrakendused<\/span><\/li>\n<li class=\"tw-data-text tw-text-large XcVN5d tw-ta\" data-placeholder=\"T\u00f5lge\"><span class=\"Y2IQFc\" lang=\"et\" style=\"font-size: 12pt;\"><strong>T\u00e4iustatud tarkvaralahendused<\/strong><br \/>\nIntegreerige tarkvara sujuvalt olemasolevasse IT-infrastruktuuri<\/span><\/li>\n<\/ul>\n","protected":false},"excerpt":{"rendered":"<p>EcoTank Pro L15180 Printimine, skannimine, kopeerimine, faksimine Eriti odav, 4-\u00fches A3 v\u00e4rviprinter \u00d6konoomne tindimahuti s\u00fcsteem Kiire printimise ja skannimise kiirus Printige kuni 25 lk \/ min ja skannige kuni 26 kujutist minutis Lihtne kasutada eesmist tindimahutit Nautige t\u00e4iustatud tindipudelitega vaeva ja segadusteta t\u00e4itmist Mobiilne printimine ja \u00fchenduvus Wi-Fi, Wi-Fi Direct, Ethernet ja tasuta mobiilsed printimisrakendused [&hellip;]<\/p>\n","protected":false},"featured_media":7669,"template":"","meta":[],"product_brand":[],"product_cat":[233,239],"product_tag":[304],"class_list":{"0":"post-7677","1":"product","2":"type-product","3":"status-publish","4":"has-post-thumbnail","6":"product_cat-koopiamasinad-ru","7":"product_cat-varvilised-koopiamasinad-ru","8":"product_tag-uus-ru","9":"product_brands-epson-ru","11":"first","12":"outofstock","13":"taxable","14":"shipping-taxable","15":"purchasable","16":"product-type-simple"},"acf":[],"yoast_head":"<!-- This site is optimized with the Yoast SEO plugin v24.4 - https:\/\/yoast.com\/wordpress\/plugins\/seo\/ -->\n<title>Epson EcoTank Pro L15180 - RTT<\/title>\n<meta name=\"description\" content=\"Epsoni kontorikombainid,printerid ja skannerid. Odav printimine ja energias\u00e4stlik. Roheline m\u00f5tlemine!\" \/>\n<meta name=\"robots\" content=\"noindex, follow, max-snippet:-1, max-image-preview:large, max-video-preview:-1\" \/>\n<meta property=\"og:locale\" content=\"ru_RU\" \/>\n<meta property=\"og:type\" content=\"article\" \/>\n<meta property=\"og:title\" content=\"Epson EcoTank Pro L15180 - RTT\" \/>\n<meta property=\"og:description\" content=\"Epsoni kontorikombainid,printerid ja skannerid. Odav printimine ja energias\u00e4stlik. Roheline m\u00f5tlemine!\" \/>\n<meta property=\"og:url\" content=\"https:\/\/rtt-dev.sitewise.ee\/toode\/koopiamasinad\/varvi-koopiamasinad\/epson-ecotank-pro-l15180\/\" \/>\n<meta property=\"og:site_name\" content=\"RTT\" \/>\n<meta property=\"article:modified_time\" content=\"2025-07-07T17:51:37+00:00\" \/>\n<meta property=\"og:image\" content=\"https:\/\/rtt-dev.sitewise.ee\/wp-content\/uploads\/2021\/07\/ecotank-pro-et-16680_l15180_et-m16680_m15180-product-image-12-.jpg\" \/>\n\t<meta property=\"og:image:width\" content=\"960\" \/>\n\t<meta property=\"og:image:height\" content=\"720\" \/>\n\t<meta property=\"og:image:type\" content=\"image\/jpeg\" \/>\n<meta name=\"twitter:card\" content=\"summary_large_image\" \/>\n<script type=\"application\/ld+json\" class=\"yoast-schema-graph\">{\"@context\":\"https:\/\/schema.org\",\"@graph\":[{\"@type\":\"WebPage\",\"@id\":\"https:\/\/rtt-dev.sitewise.ee\/toode\/koopiamasinad\/varvi-koopiamasinad\/epson-ecotank-pro-l15180\/\",\"url\":\"https:\/\/rtt-dev.sitewise.ee\/toode\/koopiamasinad\/varvi-koopiamasinad\/epson-ecotank-pro-l15180\/\",\"name\":\"Epson EcoTank Pro L15180 - RTT\",\"isPartOf\":{\"@id\":\"https:\/\/rtt-dev.sitewise.ee\/#website\"},\"primaryImageOfPage\":{\"@id\":\"https:\/\/rtt-dev.sitewise.ee\/toode\/koopiamasinad\/varvi-koopiamasinad\/epson-ecotank-pro-l15180\/#primaryimage\"},\"image\":{\"@id\":\"https:\/\/rtt-dev.sitewise.ee\/toode\/koopiamasinad\/varvi-koopiamasinad\/epson-ecotank-pro-l15180\/#primaryimage\"},\"thumbnailUrl\":\"https:\/\/rtt-dev.sitewise.ee\/wp-content\/uploads\/2021\/07\/ecotank-pro-et-16680_l15180_et-m16680_m15180-product-image-12-.jpg\",\"datePublished\":\"2021-07-27T08:24:37+00:00\",\"dateModified\":\"2025-07-07T17:51:37+00:00\",\"description\":\"Epsoni kontorikombainid,printerid ja skannerid. Odav printimine ja energias\u00e4stlik. Roheline m\u00f5tlemine!\",\"breadcrumb\":{\"@id\":\"https:\/\/rtt-dev.sitewise.ee\/toode\/koopiamasinad\/varvi-koopiamasinad\/epson-ecotank-pro-l15180\/#breadcrumb\"},\"inLanguage\":\"ru-RU\",\"potentialAction\":[{\"@type\":\"ReadAction\",\"target\":[\"https:\/\/rtt-dev.sitewise.ee\/toode\/koopiamasinad\/varvi-koopiamasinad\/epson-ecotank-pro-l15180\/\"]}]},{\"@type\":\"ImageObject\",\"inLanguage\":\"ru-RU\",\"@id\":\"https:\/\/rtt-dev.sitewise.ee\/toode\/koopiamasinad\/varvi-koopiamasinad\/epson-ecotank-pro-l15180\/#primaryimage\",\"url\":\"https:\/\/rtt-dev.sitewise.ee\/wp-content\/uploads\/2021\/07\/ecotank-pro-et-16680_l15180_et-m16680_m15180-product-image-12-.jpg\",\"contentUrl\":\"https:\/\/rtt-dev.sitewise.ee\/wp-content\/uploads\/2021\/07\/ecotank-pro-et-16680_l15180_et-m16680_m15180-product-image-12-.jpg\",\"width\":960,\"height\":720},{\"@type\":\"BreadcrumbList\",\"@id\":\"https:\/\/rtt-dev.sitewise.ee\/toode\/koopiamasinad\/varvi-koopiamasinad\/epson-ecotank-pro-l15180\/#breadcrumb\",\"itemListElement\":[{\"@type\":\"ListItem\",\"position\":1,\"name\":\"\u0413\u043b\u0430\u0432\u043d\u0430\u044f\",\"item\":\"https:\/\/rtt-dev.sitewise.ee\/\"},{\"@type\":\"ListItem\",\"position\":2,\"name\":\"Magazin\",\"item\":\"https:\/\/rtt-dev.sitewise.ee\/pood\/\"},{\"@type\":\"ListItem\",\"position\":3,\"name\":\"Koopiamasinad\",\"item\":\"https:\/\/rtt-dev.sitewise.ee\/tootekategooria\/koopiamasinad\/\"},{\"@type\":\"ListItem\",\"position\":4,\"name\":\"V\u00e4rvi koopiamasinad\",\"item\":\"https:\/\/rtt-dev.sitewise.ee\/tootekategooria\/koopiamasinad\/varvi-koopiamasinad\/\"},{\"@type\":\"ListItem\",\"position\":5,\"name\":\"Epson EcoTank Pro L15180\"}]},{\"@type\":\"WebSite\",\"@id\":\"https:\/\/rtt-dev.sitewise.ee\/#website\",\"url\":\"https:\/\/rtt-dev.sitewise.ee\/\",\"name\":\"RTT\",\"description\":\"Kassaaparaadid ja kontorikaubad\",\"potentialAction\":[{\"@type\":\"SearchAction\",\"target\":{\"@type\":\"EntryPoint\",\"urlTemplate\":\"https:\/\/rtt-dev.sitewise.ee\/?s={search_term_string}\"},\"query-input\":{\"@type\":\"PropertyValueSpecification\",\"valueRequired\":true,\"valueName\":\"search_term_string\"}}],\"inLanguage\":\"ru-RU\"}]}<\/script>\n<!-- \/ Yoast SEO plugin. -->","yoast_head_json":{"title":"Epson EcoTank Pro L15180 - RTT","description":"Epsoni kontorikombainid,printerid ja skannerid. Odav printimine ja energias\u00e4stlik. Roheline m\u00f5tlemine!","robots":{"index":"noindex","follow":"follow","max-snippet":"max-snippet:-1","max-image-preview":"max-image-preview:large","max-video-preview":"max-video-preview:-1"},"og_locale":"ru_RU","og_type":"article","og_title":"Epson EcoTank Pro L15180 - RTT","og_description":"Epsoni kontorikombainid,printerid ja skannerid. Odav printimine ja energias\u00e4stlik. Roheline m\u00f5tlemine!","og_url":"https:\/\/rtt-dev.sitewise.ee\/toode\/koopiamasinad\/varvi-koopiamasinad\/epson-ecotank-pro-l15180\/","og_site_name":"RTT","article_modified_time":"2025-07-07T17:51:37+00:00","og_image":[{"width":960,"height":720,"url":"https:\/\/rtt-dev.sitewise.ee\/wp-content\/uploads\/2021\/07\/ecotank-pro-et-16680_l15180_et-m16680_m15180-product-image-12-.jpg","type":"image\/jpeg"}],"twitter_card":"summary_large_image","schema":{"@context":"https:\/\/schema.org","@graph":[{"@type":"WebPage","@id":"https:\/\/rtt-dev.sitewise.ee\/toode\/koopiamasinad\/varvi-koopiamasinad\/epson-ecotank-pro-l15180\/","url":"https:\/\/rtt-dev.sitewise.ee\/toode\/koopiamasinad\/varvi-koopiamasinad\/epson-ecotank-pro-l15180\/","name":"Epson EcoTank Pro L15180 - RTT","isPartOf":{"@id":"https:\/\/rtt-dev.sitewise.ee\/#website"},"primaryImageOfPage":{"@id":"https:\/\/rtt-dev.sitewise.ee\/toode\/koopiamasinad\/varvi-koopiamasinad\/epson-ecotank-pro-l15180\/#primaryimage"},"image":{"@id":"https:\/\/rtt-dev.sitewise.ee\/toode\/koopiamasinad\/varvi-koopiamasinad\/epson-ecotank-pro-l15180\/#primaryimage"},"thumbnailUrl":"https:\/\/rtt-dev.sitewise.ee\/wp-content\/uploads\/2021\/07\/ecotank-pro-et-16680_l15180_et-m16680_m15180-product-image-12-.jpg","datePublished":"2021-07-27T08:24:37+00:00","dateModified":"2025-07-07T17:51:37+00:00","description":"Epsoni kontorikombainid,printerid ja skannerid. Odav printimine ja energias\u00e4stlik. Roheline m\u00f5tlemine!","breadcrumb":{"@id":"https:\/\/rtt-dev.sitewise.ee\/toode\/koopiamasinad\/varvi-koopiamasinad\/epson-ecotank-pro-l15180\/#breadcrumb"},"inLanguage":"ru-RU","potentialAction":[{"@type":"ReadAction","target":["https:\/\/rtt-dev.sitewise.ee\/toode\/koopiamasinad\/varvi-koopiamasinad\/epson-ecotank-pro-l15180\/"]}]},{"@type":"ImageObject","inLanguage":"ru-RU","@id":"https:\/\/rtt-dev.sitewise.ee\/toode\/koopiamasinad\/varvi-koopiamasinad\/epson-ecotank-pro-l15180\/#primaryimage","url":"https:\/\/rtt-dev.sitewise.ee\/wp-content\/uploads\/2021\/07\/ecotank-pro-et-16680_l15180_et-m16680_m15180-product-image-12-.jpg","contentUrl":"https:\/\/rtt-dev.sitewise.ee\/wp-content\/uploads\/2021\/07\/ecotank-pro-et-16680_l15180_et-m16680_m15180-product-image-12-.jpg","width":960,"height":720},{"@type":"BreadcrumbList","@id":"https:\/\/rtt-dev.sitewise.ee\/toode\/koopiamasinad\/varvi-koopiamasinad\/epson-ecotank-pro-l15180\/#breadcrumb","itemListElement":[{"@type":"ListItem","position":1,"name":"\u0413\u043b\u0430\u0432\u043d\u0430\u044f","item":"https:\/\/rtt-dev.sitewise.ee\/"},{"@type":"ListItem","position":2,"name":"Magazin","item":"https:\/\/rtt-dev.sitewise.ee\/pood\/"},{"@type":"ListItem","position":3,"name":"Koopiamasinad","item":"https:\/\/rtt-dev.sitewise.ee\/tootekategooria\/koopiamasinad\/"},{"@type":"ListItem","position":4,"name":"V\u00e4rvi koopiamasinad","item":"https:\/\/rtt-dev.sitewise.ee\/tootekategooria\/koopiamasinad\/varvi-koopiamasinad\/"},{"@type":"ListItem","position":5,"name":"Epson EcoTank Pro L15180"}]},{"@type":"WebSite","@id":"https:\/\/rtt-dev.sitewise.ee\/#website","url":"https:\/\/rtt-dev.sitewise.ee\/","name":"RTT","description":"Kassaaparaadid ja kontorikaubad","potentialAction":[{"@type":"SearchAction","target":{"@type":"EntryPoint","urlTemplate":"https:\/\/rtt-dev.sitewise.ee\/?s={search_term_string}"},"query-input":{"@type":"PropertyValueSpecification","valueRequired":true,"valueName":"search_term_string"}}],"inLanguage":"ru-RU"}]}},"_links":{"self":[{"href":"https:\/\/rtt-dev.sitewise.ee\/ru\/wp-json\/wp\/v2\/product\/7677","targetHints":{"allow":["GET"]}}],"collection":[{"href":"https:\/\/rtt-dev.sitewise.ee\/ru\/wp-json\/wp\/v2\/product"}],"about":[{"href":"https:\/\/rtt-dev.sitewise.ee\/ru\/wp-json\/wp\/v2\/types\/product"}],"wp:featuredmedia":[{"embeddable":true,"href":"https:\/\/rtt-dev.sitewise.ee\/ru\/wp-json\/wp\/v2\/media\/7669"}],"wp:attachment":[{"href":"https:\/\/rtt-dev.sitewise.ee\/ru\/wp-json\/wp\/v2\/media?parent=7677"}],"wp:term":[{"taxonomy":"product_brand","embeddable":true,"href":"https:\/\/rtt-dev.sitewise.ee\/ru\/wp-json\/wp\/v2\/product_brand?post=7677"},{"taxonomy":"product_cat","embeddable":true,"href":"https:\/\/rtt-dev.sitewise.ee\/ru\/wp-json\/wp\/v2\/product_cat?post=7677"},{"taxonomy":"product_tag","embeddable":true,"href":"https:\/\/rtt-dev.sitewise.ee\/ru\/wp-json\/wp\/v2\/product_tag?post=7677"}],"curies":[{"name":"wp","href":"https:\/\/api.w.org\/{rel}","templated":true}]}}