{"id":7626,"date":"2021-07-07T14:11:22","date_gmt":"2021-07-07T11:11:22","guid":{"rendered":"https:\/\/rtt-dev.sitewise.ee\/toode\/uncategorized\/sharp-mx-b427w\/"},"modified":"2025-07-07T20:51:38","modified_gmt":"2025-07-07T17:51:38","slug":"sharp-mx-b427w","status":"publish","type":"product","link":"https:\/\/rtt-dev.sitewise.ee\/ru\/toode\/koopiamasinad-ru\/a4-printer-skanner-koopiamasinad-ru\/sharp-mx-b427w\/","title":{"rendered":"Sharp MX-B427W"},"content":{"rendered":"<p><span style=\"font-size: 14pt;\"><strong>SHARP MX-B427W<\/strong><\/span><\/p>\n<ul>\n<li><span style=\"font-size: 14pt;\">Kompaktne A4-mustvalge MFP kiirusega kuni 40 lk \/ min ja a 50-leheline DSPF, mis skannib dokumente kiirusega 92 kujutist minutis *<\/span><\/li>\n<li><span style=\"font-size: 14pt;\">2,8-tolline v\u00e4rviline LCD-puutetundlik ekraan<\/span><\/li>\n<li><span style=\"font-size: 14pt;\">Usaldusv\u00e4\u00e4rne ja paindlik paberk\u00e4sitlus toetab kaardimaterjali, v\u00e4ikeseid pabereid ja \u00fcmbrikud p\u00f5hisalvelt v\u00f5i mitmeotstarbelisest s\u00f6\u00f6turist<\/span><\/li>\n<li><span style=\"font-size: 14pt;\">Kaugjuhtimise funktsioon kuvab MFP juhtpaneeli arvutis v\u00f5i mobiilseadmes, mis v\u00f5imaldab MFP-d juhtida\u00a0 arvuti v\u00f5i mobiilseadme kaudu<\/span><\/li>\n<li><span style=\"font-size: 14pt;\">Eesmine USB-port v\u00f5imaldab printida populaarseid failivorminguid ilma arvutita<\/span><\/li>\n<li><span style=\"font-size: 14pt;\">Mitmed turvaelemendid hoiavad dokumendi teavet , seadmes ja \u00fcle v\u00f5rgu turvaliselt. T\u00e4iendatud turvafunktsioonid kaitsevad seadet r\u00fcnnakute eest<\/span><\/li>\n<li><span style=\"font-family: georgia, palatino, serif; font-size: 14pt;\">Traadita \u00fchendus v\u00f5imaldab juurdep\u00e4\u00e4su mobiiltelefonilt ja paindliku MFP paigutuse<\/span><\/li>\n<li><span style=\"font-size: 14pt;\">Energiajuhtimise funktsioonid v\u00e4hendavad aktiivset energiatarbimist kasutus- v\u00f5i unere\u017eiimis<\/span><\/li>\n<\/ul>\n<p>&nbsp;<\/p>\n<p style=\"text-align: left;\">Lisainfo:<\/p>\n<p style=\"text-align: left;\">Tel: +372 6 112 256<br \/>\nGSM: +372 5 014 470<\/p>\n","protected":false},"excerpt":{"rendered":"<p>SHARP MX-B427W Kompaktne A4-mustvalge MFP kiirusega kuni 40 lk \/ min ja a 50-leheline DSPF, mis skannib dokumente kiirusega 92 kujutist minutis * 2,8-tolline v\u00e4rviline LCD-puutetundlik ekraan Usaldusv\u00e4\u00e4rne ja paindlik paberk\u00e4sitlus toetab kaardimaterjali, v\u00e4ikeseid pabereid ja \u00fcmbrikud p\u00f5hisalvelt v\u00f5i mitmeotstarbelisest s\u00f6\u00f6turist Kaugjuhtimise funktsioon kuvab MFP juhtpaneeli arvutis v\u00f5i mobiilseadmes, mis v\u00f5imaldab MFP-d juhtida\u00a0 arvuti v\u00f5i [&hellip;]<\/p>\n","protected":false},"featured_media":7508,"template":"","meta":[],"product_brand":[],"product_cat":[233,238,236],"product_tag":[304],"class_list":{"0":"post-7626","1":"product","2":"type-product","3":"status-publish","4":"has-post-thumbnail","6":"product_cat-koopiamasinad-ru","7":"product_cat-must-valged-koopiamasinad-ru","8":"product_cat-a4-printer-skanner-koopiamasinad-ru","9":"product_tag-uus-ru","10":"product_brands-sharp-ru","12":"first","13":"instock","14":"taxable","15":"shipping-taxable","16":"purchasable","17":"product-type-simple"},"acf":[],"yoast_head":"<!-- This site is optimized with the Yoast SEO plugin v24.4 - https:\/\/yoast.com\/wordpress\/plugins\/seo\/ -->\n<title>Sharp MX-B427W - RTT<\/title>\n<meta name=\"description\" content=\"Sharp koopiamasinate, printerite ja toonorite m\u00fc\u00fck. Rent ja t\u00e4ishooldusrent. Hooldame ja remondime k\u00f5iki koopiamasinaid ja laserprintereid.\" \/>\n<meta name=\"robots\" content=\"noindex, follow, max-snippet:-1, max-image-preview:large, max-video-preview:-1\" \/>\n<meta property=\"og:locale\" content=\"ru_RU\" \/>\n<meta property=\"og:type\" content=\"article\" \/>\n<meta property=\"og:title\" content=\"Sharp MX-B427W - RTT\" \/>\n<meta property=\"og:description\" content=\"Sharp koopiamasinate, printerite ja toonorite m\u00fc\u00fck. Rent ja t\u00e4ishooldusrent. Hooldame ja remondime k\u00f5iki koopiamasinaid ja laserprintereid.\" \/>\n<meta property=\"og:url\" content=\"https:\/\/rtt-dev.sitewise.ee\/toode\/koopiamasinad\/a4-printer-skanner-koopiamasinad\/sharp-mx-b427w\/\" \/>\n<meta property=\"og:site_name\" content=\"RTT\" \/>\n<meta property=\"article:modified_time\" content=\"2025-07-07T17:51:38+00:00\" \/>\n<meta property=\"og:image\" content=\"https:\/\/rtt-dev.sitewise.ee\/wp-content\/uploads\/2021\/07\/img-p-mx-b427w-front-380.jpg\" \/>\n\t<meta property=\"og:image:width\" content=\"720\" \/>\n\t<meta property=\"og:image:height\" content=\"380\" \/>\n\t<meta property=\"og:image:type\" content=\"image\/jpeg\" \/>\n<meta name=\"twitter:card\" content=\"summary_large_image\" \/>\n<meta name=\"twitter:label1\" content=\"\u041f\u0440\u0438\u043c\u0435\u0440\u043d\u043e\u0435 \u0432\u0440\u0435\u043c\u044f \u0434\u043b\u044f \u0447\u0442\u0435\u043d\u0438\u044f\" \/>\n\t<meta name=\"twitter:data1\" content=\"1 \u043c\u0438\u043d\u0443\u0442\u0430\" \/>\n<script type=\"application\/ld+json\" class=\"yoast-schema-graph\">{\"@context\":\"https:\/\/schema.org\",\"@graph\":[{\"@type\":\"WebPage\",\"@id\":\"https:\/\/rtt-dev.sitewise.ee\/toode\/koopiamasinad\/a4-printer-skanner-koopiamasinad\/sharp-mx-b427w\/\",\"url\":\"https:\/\/rtt-dev.sitewise.ee\/toode\/koopiamasinad\/a4-printer-skanner-koopiamasinad\/sharp-mx-b427w\/\",\"name\":\"Sharp MX-B427W - RTT\",\"isPartOf\":{\"@id\":\"https:\/\/rtt-dev.sitewise.ee\/#website\"},\"primaryImageOfPage\":{\"@id\":\"https:\/\/rtt-dev.sitewise.ee\/toode\/koopiamasinad\/a4-printer-skanner-koopiamasinad\/sharp-mx-b427w\/#primaryimage\"},\"image\":{\"@id\":\"https:\/\/rtt-dev.sitewise.ee\/toode\/koopiamasinad\/a4-printer-skanner-koopiamasinad\/sharp-mx-b427w\/#primaryimage\"},\"thumbnailUrl\":\"https:\/\/rtt-dev.sitewise.ee\/wp-content\/uploads\/2021\/07\/img-p-mx-b427w-front-380.jpg\",\"datePublished\":\"2021-07-07T11:11:22+00:00\",\"dateModified\":\"2025-07-07T17:51:38+00:00\",\"description\":\"Sharp koopiamasinate, printerite ja toonorite m\u00fc\u00fck. Rent ja t\u00e4ishooldusrent. Hooldame ja remondime k\u00f5iki koopiamasinaid ja laserprintereid.\",\"breadcrumb\":{\"@id\":\"https:\/\/rtt-dev.sitewise.ee\/toode\/koopiamasinad\/a4-printer-skanner-koopiamasinad\/sharp-mx-b427w\/#breadcrumb\"},\"inLanguage\":\"ru-RU\",\"potentialAction\":[{\"@type\":\"ReadAction\",\"target\":[\"https:\/\/rtt-dev.sitewise.ee\/toode\/koopiamasinad\/a4-printer-skanner-koopiamasinad\/sharp-mx-b427w\/\"]}]},{\"@type\":\"ImageObject\",\"inLanguage\":\"ru-RU\",\"@id\":\"https:\/\/rtt-dev.sitewise.ee\/toode\/koopiamasinad\/a4-printer-skanner-koopiamasinad\/sharp-mx-b427w\/#primaryimage\",\"url\":\"https:\/\/rtt-dev.sitewise.ee\/wp-content\/uploads\/2021\/07\/img-p-mx-b427w-front-380.jpg\",\"contentUrl\":\"https:\/\/rtt-dev.sitewise.ee\/wp-content\/uploads\/2021\/07\/img-p-mx-b427w-front-380.jpg\",\"width\":720,\"height\":380},{\"@type\":\"BreadcrumbList\",\"@id\":\"https:\/\/rtt-dev.sitewise.ee\/toode\/koopiamasinad\/a4-printer-skanner-koopiamasinad\/sharp-mx-b427w\/#breadcrumb\",\"itemListElement\":[{\"@type\":\"ListItem\",\"position\":1,\"name\":\"\u0413\u043b\u0430\u0432\u043d\u0430\u044f\",\"item\":\"https:\/\/rtt-dev.sitewise.ee\/\"},{\"@type\":\"ListItem\",\"position\":2,\"name\":\"Magazin\",\"item\":\"https:\/\/rtt-dev.sitewise.ee\/pood\/\"},{\"@type\":\"ListItem\",\"position\":3,\"name\":\"Koopiamasinad\",\"item\":\"https:\/\/rtt-dev.sitewise.ee\/tootekategooria\/koopiamasinad\/\"},{\"@type\":\"ListItem\",\"position\":4,\"name\":\"Must-valged koopiamasinad\",\"item\":\"https:\/\/rtt-dev.sitewise.ee\/tootekategooria\/koopiamasinad\/must-valge-koopiamasinad\/\"},{\"@type\":\"ListItem\",\"position\":5,\"name\":\"Sharp MX-B427W\"}]},{\"@type\":\"WebSite\",\"@id\":\"https:\/\/rtt-dev.sitewise.ee\/#website\",\"url\":\"https:\/\/rtt-dev.sitewise.ee\/\",\"name\":\"RTT\",\"description\":\"Kassaaparaadid ja kontorikaubad\",\"potentialAction\":[{\"@type\":\"SearchAction\",\"target\":{\"@type\":\"EntryPoint\",\"urlTemplate\":\"https:\/\/rtt-dev.sitewise.ee\/?s={search_term_string}\"},\"query-input\":{\"@type\":\"PropertyValueSpecification\",\"valueRequired\":true,\"valueName\":\"search_term_string\"}}],\"inLanguage\":\"ru-RU\"}]}<\/script>\n<!-- \/ Yoast SEO plugin. -->","yoast_head_json":{"title":"Sharp MX-B427W - RTT","description":"Sharp koopiamasinate, printerite ja toonorite m\u00fc\u00fck. Rent ja t\u00e4ishooldusrent. Hooldame ja remondime k\u00f5iki koopiamasinaid ja laserprintereid.","robots":{"index":"noindex","follow":"follow","max-snippet":"max-snippet:-1","max-image-preview":"max-image-preview:large","max-video-preview":"max-video-preview:-1"},"og_locale":"ru_RU","og_type":"article","og_title":"Sharp MX-B427W - RTT","og_description":"Sharp koopiamasinate, printerite ja toonorite m\u00fc\u00fck. Rent ja t\u00e4ishooldusrent. Hooldame ja remondime k\u00f5iki koopiamasinaid ja laserprintereid.","og_url":"https:\/\/rtt-dev.sitewise.ee\/toode\/koopiamasinad\/a4-printer-skanner-koopiamasinad\/sharp-mx-b427w\/","og_site_name":"RTT","article_modified_time":"2025-07-07T17:51:38+00:00","og_image":[{"width":720,"height":380,"url":"https:\/\/rtt-dev.sitewise.ee\/wp-content\/uploads\/2021\/07\/img-p-mx-b427w-front-380.jpg","type":"image\/jpeg"}],"twitter_card":"summary_large_image","twitter_misc":{"\u041f\u0440\u0438\u043c\u0435\u0440\u043d\u043e\u0435 \u0432\u0440\u0435\u043c\u044f \u0434\u043b\u044f \u0447\u0442\u0435\u043d\u0438\u044f":"1 \u043c\u0438\u043d\u0443\u0442\u0430"},"schema":{"@context":"https:\/\/schema.org","@graph":[{"@type":"WebPage","@id":"https:\/\/rtt-dev.sitewise.ee\/toode\/koopiamasinad\/a4-printer-skanner-koopiamasinad\/sharp-mx-b427w\/","url":"https:\/\/rtt-dev.sitewise.ee\/toode\/koopiamasinad\/a4-printer-skanner-koopiamasinad\/sharp-mx-b427w\/","name":"Sharp MX-B427W - RTT","isPartOf":{"@id":"https:\/\/rtt-dev.sitewise.ee\/#website"},"primaryImageOfPage":{"@id":"https:\/\/rtt-dev.sitewise.ee\/toode\/koopiamasinad\/a4-printer-skanner-koopiamasinad\/sharp-mx-b427w\/#primaryimage"},"image":{"@id":"https:\/\/rtt-dev.sitewise.ee\/toode\/koopiamasinad\/a4-printer-skanner-koopiamasinad\/sharp-mx-b427w\/#primaryimage"},"thumbnailUrl":"https:\/\/rtt-dev.sitewise.ee\/wp-content\/uploads\/2021\/07\/img-p-mx-b427w-front-380.jpg","datePublished":"2021-07-07T11:11:22+00:00","dateModified":"2025-07-07T17:51:38+00:00","description":"Sharp koopiamasinate, printerite ja toonorite m\u00fc\u00fck. Rent ja t\u00e4ishooldusrent. Hooldame ja remondime k\u00f5iki koopiamasinaid ja laserprintereid.","breadcrumb":{"@id":"https:\/\/rtt-dev.sitewise.ee\/toode\/koopiamasinad\/a4-printer-skanner-koopiamasinad\/sharp-mx-b427w\/#breadcrumb"},"inLanguage":"ru-RU","potentialAction":[{"@type":"ReadAction","target":["https:\/\/rtt-dev.sitewise.ee\/toode\/koopiamasinad\/a4-printer-skanner-koopiamasinad\/sharp-mx-b427w\/"]}]},{"@type":"ImageObject","inLanguage":"ru-RU","@id":"https:\/\/rtt-dev.sitewise.ee\/toode\/koopiamasinad\/a4-printer-skanner-koopiamasinad\/sharp-mx-b427w\/#primaryimage","url":"https:\/\/rtt-dev.sitewise.ee\/wp-content\/uploads\/2021\/07\/img-p-mx-b427w-front-380.jpg","contentUrl":"https:\/\/rtt-dev.sitewise.ee\/wp-content\/uploads\/2021\/07\/img-p-mx-b427w-front-380.jpg","width":720,"height":380},{"@type":"BreadcrumbList","@id":"https:\/\/rtt-dev.sitewise.ee\/toode\/koopiamasinad\/a4-printer-skanner-koopiamasinad\/sharp-mx-b427w\/#breadcrumb","itemListElement":[{"@type":"ListItem","position":1,"name":"\u0413\u043b\u0430\u0432\u043d\u0430\u044f","item":"https:\/\/rtt-dev.sitewise.ee\/"},{"@type":"ListItem","position":2,"name":"Magazin","item":"https:\/\/rtt-dev.sitewise.ee\/pood\/"},{"@type":"ListItem","position":3,"name":"Koopiamasinad","item":"https:\/\/rtt-dev.sitewise.ee\/tootekategooria\/koopiamasinad\/"},{"@type":"ListItem","position":4,"name":"Must-valged koopiamasinad","item":"https:\/\/rtt-dev.sitewise.ee\/tootekategooria\/koopiamasinad\/must-valge-koopiamasinad\/"},{"@type":"ListItem","position":5,"name":"Sharp MX-B427W"}]},{"@type":"WebSite","@id":"https:\/\/rtt-dev.sitewise.ee\/#website","url":"https:\/\/rtt-dev.sitewise.ee\/","name":"RTT","description":"Kassaaparaadid ja kontorikaubad","potentialAction":[{"@type":"SearchAction","target":{"@type":"EntryPoint","urlTemplate":"https:\/\/rtt-dev.sitewise.ee\/?s={search_term_string}"},"query-input":{"@type":"PropertyValueSpecification","valueRequired":true,"valueName":"search_term_string"}}],"inLanguage":"ru-RU"}]}},"_links":{"self":[{"href":"https:\/\/rtt-dev.sitewise.ee\/ru\/wp-json\/wp\/v2\/product\/7626","targetHints":{"allow":["GET"]}}],"collection":[{"href":"https:\/\/rtt-dev.sitewise.ee\/ru\/wp-json\/wp\/v2\/product"}],"about":[{"href":"https:\/\/rtt-dev.sitewise.ee\/ru\/wp-json\/wp\/v2\/types\/product"}],"wp:featuredmedia":[{"embeddable":true,"href":"https:\/\/rtt-dev.sitewise.ee\/ru\/wp-json\/wp\/v2\/media\/7508"}],"wp:attachment":[{"href":"https:\/\/rtt-dev.sitewise.ee\/ru\/wp-json\/wp\/v2\/media?parent=7626"}],"wp:term":[{"taxonomy":"product_brand","embeddable":true,"href":"https:\/\/rtt-dev.sitewise.ee\/ru\/wp-json\/wp\/v2\/product_brand?post=7626"},{"taxonomy":"product_cat","embeddable":true,"href":"https:\/\/rtt-dev.sitewise.ee\/ru\/wp-json\/wp\/v2\/product_cat?post=7626"},{"taxonomy":"product_tag","embeddable":true,"href":"https:\/\/rtt-dev.sitewise.ee\/ru\/wp-json\/wp\/v2\/product_tag?post=7626"}],"curies":[{"name":"wp","href":"https:\/\/api.w.org\/{rel}","templated":true}]}}