{"id":7603,"date":"2021-07-08T09:29:17","date_gmt":"2021-07-08T06:29:17","guid":{"rendered":"https:\/\/rtt-dev.sitewise.ee\/toode\/uncategorized\/sharp-mx-c407f\/"},"modified":"2025-07-07T20:51:37","modified_gmt":"2025-07-07T17:51:37","slug":"sharp-mx-c407f","status":"publish","type":"product","link":"https:\/\/rtt-dev.sitewise.ee\/ru\/toode\/koopiamasinad-ru\/a4-printer-skanner-koopiamasinad-ru\/sharp-mx-c407f\/","title":{"rendered":"Sharp MX-C407F"},"content":{"rendered":"<p><span style=\"font-size: 14pt;font-family: georgia, palatino, serif\"><strong>Sharp MX-C407F<\/strong><\/span><\/p>\n<p>&nbsp;<\/p>\n<ul>\n<li><span style=\"font-size: 14pt;font-family: georgia, palatino, serif\">A4 v\u00e4rviline MFP kiirusega kuni 38 lk \/ min koos 1200 x 1200 dpi printimisresolutsiooniga<\/span><\/li>\n<li><span style=\"font-size: 14pt;font-family: georgia, palatino, serif\">Kompaktne, v\u00f5imaldab paindlikku kasutuselev\u00f5ttu kontorisse v\u00f5i koju<\/span><\/li>\n<li><span style=\"font-size: 14pt;font-family: georgia, palatino, serif\">7-tolline v\u00e4rviline LCD-puutetundlik ekraan ja lihtne kasutajaliides muudab lihtsaks kasutamiseks k\u00f5igile<\/span><\/li>\n<li><span style=\"font-family: georgia, palatino, serif;font-size: 14pt\">Microsoft Office&#8217;i failide ning muude dokumentide ja piltide otseprintimine otse m\u00e4lupulgalt<\/span><\/li>\n<li><span style=\"font-family: georgia, palatino, serif;font-size: 14pt\">Laiendatava sahtlite abil saate printida mitmele paberit\u00fc\u00fcbile ja suurendada sisendmahtu kuni 2300 lehele<\/span><\/li>\n<li><span style=\"font-size: 14pt;font-family: georgia, palatino, serif\">T\u00e4isv\u00e4rviline v\u00f5rgus skaneerimine, mitme skannimise sihtkohaga ja skannimiskiirus kuni 56 kujutist minutis<\/span><\/li>\n<li><span style=\"font-size: 14pt;font-family: georgia, palatino, serif\">Mobiilne printimine iOS-i, Androidi ja Windows Mobile&#8217;i seadmetest ja nutitelefonidest valikuline traadita ja NFC otsene mobiilprintimine ja tabletid<\/span><\/li>\n<li><span style=\"font-size: 14pt;font-family: georgia, palatino, serif\">Paindlik paberk\u00e4sitlus toetab kaardimaterjali, v\u00e4ikeseid pabereid ja \u00fcmbrikud p\u00f5hisalvelt v\u00f5i \u00fchelehelisest s\u00f6\u00f6turist<\/span><\/li>\n<li><span style=\"font-size: 14pt;font-family: georgia, palatino, serif\">Lihtne juurdep\u00e4\u00e4s avalikele pilveteenustele nagu box, Google Drive, Dropbox, OneDrive jne *<\/span><\/li>\n<li><span style=\"font-family: georgia, palatino, serif;font-size: 14pt\">Tundlikud andmed j\u00e4\u00e4vad turvaliseks koos kasutaja autentimise, kr\u00fcptimise ,pordi ja \u00fchenduse juurdep\u00e4\u00e4su piiramine<\/span><\/li>\n<li><span style=\"font-size: 14pt;font-family: georgia, palatino, serif\">Energiajuhtimise funktsioonid v\u00e4hendavad energiatarbimist aktiivses kasutuses v\u00f5i puhkere\u017eiimis<\/span><\/li>\n<\/ul>\n<p>&nbsp;<\/p>\n<p style=\"text-align: left\">Lisainfo:<\/p>\n<p style=\"text-align: left\">Tel: +372 6 112 256<br \/>\nGSM: +372 5 014 470<\/p>\n","protected":false},"excerpt":{"rendered":"<p>Sharp MX-C407F &nbsp; A4 v\u00e4rviline MFP kiirusega kuni 38 lk \/ min koos 1200 x 1200 dpi printimisresolutsiooniga Kompaktne, v\u00f5imaldab paindlikku kasutuselev\u00f5ttu kontorisse v\u00f5i koju 7-tolline v\u00e4rviline LCD-puutetundlik ekraan ja lihtne kasutajaliides muudab lihtsaks kasutamiseks k\u00f5igile Microsoft Office&#8217;i failide ning muude dokumentide ja piltide otseprintimine otse m\u00e4lupulgalt Laiendatava sahtlite abil saate printida mitmele paberit\u00fc\u00fcbile ja [&hellip;]<\/p>\n","protected":false},"featured_media":7582,"template":"","meta":[],"product_brand":[],"product_cat":[236],"product_tag":[304],"class_list":{"0":"post-7603","1":"product","2":"type-product","3":"status-publish","4":"has-post-thumbnail","6":"product_cat-a4-printer-skanner-koopiamasinad-ru","7":"product_tag-uus-ru","8":"product_brands-sharp-ru","10":"first","11":"instock","12":"taxable","13":"shipping-taxable","14":"purchasable","15":"product-type-simple"},"acf":[],"yoast_head":"<!-- This site is optimized with the Yoast SEO plugin v24.4 - https:\/\/yoast.com\/wordpress\/plugins\/seo\/ -->\n<title>Sharp MX-C407F - RTT<\/title>\n<meta name=\"robots\" content=\"noindex, follow, max-snippet:-1, max-image-preview:large, max-video-preview:-1\" \/>\n<meta property=\"og:locale\" content=\"ru_RU\" \/>\n<meta property=\"og:type\" content=\"article\" \/>\n<meta property=\"og:title\" content=\"Sharp MX-C407F - RTT\" \/>\n<meta property=\"og:description\" content=\"Sharp MX-C407F &nbsp; A4 v\u00e4rviline MFP kiirusega kuni 38 lk \/ min koos 1200 x 1200 dpi printimisresolutsiooniga Kompaktne, v\u00f5imaldab paindlikku kasutuselev\u00f5ttu kontorisse v\u00f5i koju 7-tolline v\u00e4rviline LCD-puutetundlik ekraan ja lihtne kasutajaliides muudab lihtsaks kasutamiseks k\u00f5igile Microsoft Office&#8217;i failide ning muude dokumentide ja piltide otseprintimine otse m\u00e4lupulgalt Laiendatava sahtlite abil saate printida mitmele paberit\u00fc\u00fcbile ja [&hellip;]\" \/>\n<meta property=\"og:url\" content=\"https:\/\/rtt-dev.sitewise.ee\/toode\/koopiamasinad\/a4-printer-skanner-koopiamasinad\/sharp-mx-c407f\/\" \/>\n<meta property=\"og:site_name\" content=\"RTT\" \/>\n<meta property=\"article:modified_time\" content=\"2025-07-07T17:51:37+00:00\" \/>\n<meta property=\"og:image\" content=\"https:\/\/rtt-dev.sitewise.ee\/wp-content\/uploads\/2021\/07\/img-p-mx-c507f-front-380.jpg\" \/>\n\t<meta property=\"og:image:width\" content=\"720\" \/>\n\t<meta property=\"og:image:height\" content=\"380\" \/>\n\t<meta property=\"og:image:type\" content=\"image\/jpeg\" \/>\n<meta name=\"twitter:card\" content=\"summary_large_image\" \/>\n<meta name=\"twitter:label1\" content=\"\u041f\u0440\u0438\u043c\u0435\u0440\u043d\u043e\u0435 \u0432\u0440\u0435\u043c\u044f \u0434\u043b\u044f \u0447\u0442\u0435\u043d\u0438\u044f\" \/>\n\t<meta name=\"twitter:data1\" content=\"1 \u043c\u0438\u043d\u0443\u0442\u0430\" \/>\n<script type=\"application\/ld+json\" class=\"yoast-schema-graph\">{\"@context\":\"https:\/\/schema.org\",\"@graph\":[{\"@type\":\"WebPage\",\"@id\":\"https:\/\/rtt-dev.sitewise.ee\/toode\/koopiamasinad\/a4-printer-skanner-koopiamasinad\/sharp-mx-c407f\/\",\"url\":\"https:\/\/rtt-dev.sitewise.ee\/toode\/koopiamasinad\/a4-printer-skanner-koopiamasinad\/sharp-mx-c407f\/\",\"name\":\"Sharp MX-C407F - RTT\",\"isPartOf\":{\"@id\":\"https:\/\/rtt-dev.sitewise.ee\/#website\"},\"primaryImageOfPage\":{\"@id\":\"https:\/\/rtt-dev.sitewise.ee\/toode\/koopiamasinad\/a4-printer-skanner-koopiamasinad\/sharp-mx-c407f\/#primaryimage\"},\"image\":{\"@id\":\"https:\/\/rtt-dev.sitewise.ee\/toode\/koopiamasinad\/a4-printer-skanner-koopiamasinad\/sharp-mx-c407f\/#primaryimage\"},\"thumbnailUrl\":\"https:\/\/rtt-dev.sitewise.ee\/wp-content\/uploads\/2021\/07\/img-p-mx-c507f-front-380.jpg\",\"datePublished\":\"2021-07-08T06:29:17+00:00\",\"dateModified\":\"2025-07-07T17:51:37+00:00\",\"breadcrumb\":{\"@id\":\"https:\/\/rtt-dev.sitewise.ee\/toode\/koopiamasinad\/a4-printer-skanner-koopiamasinad\/sharp-mx-c407f\/#breadcrumb\"},\"inLanguage\":\"ru-RU\",\"potentialAction\":[{\"@type\":\"ReadAction\",\"target\":[\"https:\/\/rtt-dev.sitewise.ee\/toode\/koopiamasinad\/a4-printer-skanner-koopiamasinad\/sharp-mx-c407f\/\"]}]},{\"@type\":\"ImageObject\",\"inLanguage\":\"ru-RU\",\"@id\":\"https:\/\/rtt-dev.sitewise.ee\/toode\/koopiamasinad\/a4-printer-skanner-koopiamasinad\/sharp-mx-c407f\/#primaryimage\",\"url\":\"https:\/\/rtt-dev.sitewise.ee\/wp-content\/uploads\/2021\/07\/img-p-mx-c507f-front-380.jpg\",\"contentUrl\":\"https:\/\/rtt-dev.sitewise.ee\/wp-content\/uploads\/2021\/07\/img-p-mx-c507f-front-380.jpg\",\"width\":720,\"height\":380},{\"@type\":\"BreadcrumbList\",\"@id\":\"https:\/\/rtt-dev.sitewise.ee\/toode\/koopiamasinad\/a4-printer-skanner-koopiamasinad\/sharp-mx-c407f\/#breadcrumb\",\"itemListElement\":[{\"@type\":\"ListItem\",\"position\":1,\"name\":\"\u0413\u043b\u0430\u0432\u043d\u0430\u044f\",\"item\":\"https:\/\/rtt-dev.sitewise.ee\/\"},{\"@type\":\"ListItem\",\"position\":2,\"name\":\"Magazin\",\"item\":\"https:\/\/rtt-dev.sitewise.ee\/pood\/\"},{\"@type\":\"ListItem\",\"position\":3,\"name\":\"Koopiamasinad\",\"item\":\"https:\/\/rtt-dev.sitewise.ee\/tootekategooria\/koopiamasinad\/\"},{\"@type\":\"ListItem\",\"position\":4,\"name\":\"A4 Printer-Sk\u00e4nner-Koopiamasinad\",\"item\":\"https:\/\/rtt-dev.sitewise.ee\/tootekategooria\/koopiamasinad\/a4-printer-skanner-koopiamasinad\/\"},{\"@type\":\"ListItem\",\"position\":5,\"name\":\"Sharp MX-C407F\"}]},{\"@type\":\"WebSite\",\"@id\":\"https:\/\/rtt-dev.sitewise.ee\/#website\",\"url\":\"https:\/\/rtt-dev.sitewise.ee\/\",\"name\":\"RTT\",\"description\":\"Kassaaparaadid ja kontorikaubad\",\"potentialAction\":[{\"@type\":\"SearchAction\",\"target\":{\"@type\":\"EntryPoint\",\"urlTemplate\":\"https:\/\/rtt-dev.sitewise.ee\/?s={search_term_string}\"},\"query-input\":{\"@type\":\"PropertyValueSpecification\",\"valueRequired\":true,\"valueName\":\"search_term_string\"}}],\"inLanguage\":\"ru-RU\"}]}<\/script>\n<!-- \/ Yoast SEO plugin. -->","yoast_head_json":{"title":"Sharp MX-C407F - RTT","robots":{"index":"noindex","follow":"follow","max-snippet":"max-snippet:-1","max-image-preview":"max-image-preview:large","max-video-preview":"max-video-preview:-1"},"og_locale":"ru_RU","og_type":"article","og_title":"Sharp MX-C407F - RTT","og_description":"Sharp MX-C407F &nbsp; A4 v\u00e4rviline MFP kiirusega kuni 38 lk \/ min koos 1200 x 1200 dpi printimisresolutsiooniga Kompaktne, v\u00f5imaldab paindlikku kasutuselev\u00f5ttu kontorisse v\u00f5i koju 7-tolline v\u00e4rviline LCD-puutetundlik ekraan ja lihtne kasutajaliides muudab lihtsaks kasutamiseks k\u00f5igile Microsoft Office&#8217;i failide ning muude dokumentide ja piltide otseprintimine otse m\u00e4lupulgalt Laiendatava sahtlite abil saate printida mitmele paberit\u00fc\u00fcbile ja [&hellip;]","og_url":"https:\/\/rtt-dev.sitewise.ee\/toode\/koopiamasinad\/a4-printer-skanner-koopiamasinad\/sharp-mx-c407f\/","og_site_name":"RTT","article_modified_time":"2025-07-07T17:51:37+00:00","og_image":[{"width":720,"height":380,"url":"https:\/\/rtt-dev.sitewise.ee\/wp-content\/uploads\/2021\/07\/img-p-mx-c507f-front-380.jpg","type":"image\/jpeg"}],"twitter_card":"summary_large_image","twitter_misc":{"\u041f\u0440\u0438\u043c\u0435\u0440\u043d\u043e\u0435 \u0432\u0440\u0435\u043c\u044f \u0434\u043b\u044f \u0447\u0442\u0435\u043d\u0438\u044f":"1 \u043c\u0438\u043d\u0443\u0442\u0430"},"schema":{"@context":"https:\/\/schema.org","@graph":[{"@type":"WebPage","@id":"https:\/\/rtt-dev.sitewise.ee\/toode\/koopiamasinad\/a4-printer-skanner-koopiamasinad\/sharp-mx-c407f\/","url":"https:\/\/rtt-dev.sitewise.ee\/toode\/koopiamasinad\/a4-printer-skanner-koopiamasinad\/sharp-mx-c407f\/","name":"Sharp MX-C407F - RTT","isPartOf":{"@id":"https:\/\/rtt-dev.sitewise.ee\/#website"},"primaryImageOfPage":{"@id":"https:\/\/rtt-dev.sitewise.ee\/toode\/koopiamasinad\/a4-printer-skanner-koopiamasinad\/sharp-mx-c407f\/#primaryimage"},"image":{"@id":"https:\/\/rtt-dev.sitewise.ee\/toode\/koopiamasinad\/a4-printer-skanner-koopiamasinad\/sharp-mx-c407f\/#primaryimage"},"thumbnailUrl":"https:\/\/rtt-dev.sitewise.ee\/wp-content\/uploads\/2021\/07\/img-p-mx-c507f-front-380.jpg","datePublished":"2021-07-08T06:29:17+00:00","dateModified":"2025-07-07T17:51:37+00:00","breadcrumb":{"@id":"https:\/\/rtt-dev.sitewise.ee\/toode\/koopiamasinad\/a4-printer-skanner-koopiamasinad\/sharp-mx-c407f\/#breadcrumb"},"inLanguage":"ru-RU","potentialAction":[{"@type":"ReadAction","target":["https:\/\/rtt-dev.sitewise.ee\/toode\/koopiamasinad\/a4-printer-skanner-koopiamasinad\/sharp-mx-c407f\/"]}]},{"@type":"ImageObject","inLanguage":"ru-RU","@id":"https:\/\/rtt-dev.sitewise.ee\/toode\/koopiamasinad\/a4-printer-skanner-koopiamasinad\/sharp-mx-c407f\/#primaryimage","url":"https:\/\/rtt-dev.sitewise.ee\/wp-content\/uploads\/2021\/07\/img-p-mx-c507f-front-380.jpg","contentUrl":"https:\/\/rtt-dev.sitewise.ee\/wp-content\/uploads\/2021\/07\/img-p-mx-c507f-front-380.jpg","width":720,"height":380},{"@type":"BreadcrumbList","@id":"https:\/\/rtt-dev.sitewise.ee\/toode\/koopiamasinad\/a4-printer-skanner-koopiamasinad\/sharp-mx-c407f\/#breadcrumb","itemListElement":[{"@type":"ListItem","position":1,"name":"\u0413\u043b\u0430\u0432\u043d\u0430\u044f","item":"https:\/\/rtt-dev.sitewise.ee\/"},{"@type":"ListItem","position":2,"name":"Magazin","item":"https:\/\/rtt-dev.sitewise.ee\/pood\/"},{"@type":"ListItem","position":3,"name":"Koopiamasinad","item":"https:\/\/rtt-dev.sitewise.ee\/tootekategooria\/koopiamasinad\/"},{"@type":"ListItem","position":4,"name":"A4 Printer-Sk\u00e4nner-Koopiamasinad","item":"https:\/\/rtt-dev.sitewise.ee\/tootekategooria\/koopiamasinad\/a4-printer-skanner-koopiamasinad\/"},{"@type":"ListItem","position":5,"name":"Sharp MX-C407F"}]},{"@type":"WebSite","@id":"https:\/\/rtt-dev.sitewise.ee\/#website","url":"https:\/\/rtt-dev.sitewise.ee\/","name":"RTT","description":"Kassaaparaadid ja kontorikaubad","potentialAction":[{"@type":"SearchAction","target":{"@type":"EntryPoint","urlTemplate":"https:\/\/rtt-dev.sitewise.ee\/?s={search_term_string}"},"query-input":{"@type":"PropertyValueSpecification","valueRequired":true,"valueName":"search_term_string"}}],"inLanguage":"ru-RU"}]}},"_links":{"self":[{"href":"https:\/\/rtt-dev.sitewise.ee\/ru\/wp-json\/wp\/v2\/product\/7603","targetHints":{"allow":["GET"]}}],"collection":[{"href":"https:\/\/rtt-dev.sitewise.ee\/ru\/wp-json\/wp\/v2\/product"}],"about":[{"href":"https:\/\/rtt-dev.sitewise.ee\/ru\/wp-json\/wp\/v2\/types\/product"}],"wp:featuredmedia":[{"embeddable":true,"href":"https:\/\/rtt-dev.sitewise.ee\/ru\/wp-json\/wp\/v2\/media\/7582"}],"wp:attachment":[{"href":"https:\/\/rtt-dev.sitewise.ee\/ru\/wp-json\/wp\/v2\/media?parent=7603"}],"wp:term":[{"taxonomy":"product_brand","embeddable":true,"href":"https:\/\/rtt-dev.sitewise.ee\/ru\/wp-json\/wp\/v2\/product_brand?post=7603"},{"taxonomy":"product_cat","embeddable":true,"href":"https:\/\/rtt-dev.sitewise.ee\/ru\/wp-json\/wp\/v2\/product_cat?post=7603"},{"taxonomy":"product_tag","embeddable":true,"href":"https:\/\/rtt-dev.sitewise.ee\/ru\/wp-json\/wp\/v2\/product_tag?post=7603"}],"curies":[{"name":"wp","href":"https:\/\/api.w.org\/{rel}","templated":true}]}}