{"id":6702,"date":"2020-10-14T10:16:54","date_gmt":"2020-10-14T07:30:46","guid":{"rendered":"https:\/\/rtt-dev.sitewise.ee\/?post_type=product&#038;p=6702"},"modified":"2025-07-07T20:58:17","modified_gmt":"2025-07-07T17:58:17","slug":"%d0%bf%d1%80%d0%b8%d0%bd%d1%82%d0%b5%d1%80-%d0%bf%d0%b5%d1%87%d0%b0%d1%82%d0%b8-%d1%8d%d1%82%d0%b8%d0%ba%d0%b5%d1%82%d0%be%d0%ba-godex-zx420i","status":"publish","type":"product","link":"https:\/\/rtt-dev.sitewise.ee\/ru\/toode\/printerid-ru\/etiketiprinter-ru\/%d0%bf%d1%80%d0%b8%d0%bd%d1%82%d0%b5%d1%80-%d0%bf%d0%b5%d1%87%d0%b0%d1%82%d0%b8-%d1%8d%d1%82%d0%b8%d0%ba%d0%b5%d1%82%d0%be%d0%ba-godex-zx420i\/","title":{"rendered":"\u041f\u0420\u0418\u041d\u0422\u0415\u0420 \u041f\u0415\u0427\u0410\u0422\u0418 \u042d\u0422\u0418\u041a\u0415\u0422\u041e\u041a Godex ZX420I"},"content":{"rendered":"<pre id=\"tw-target-text\" class=\"tw-data-text tw-text-large XcVN5d tw-ta\" dir=\"ltr\" data-placeholder=\"T\u00f5lge\"><span style=\"font-family: georgia, palatino, serif;\"><span lang=\"ru\">\u041b\u0443\u0447\u0448\u0435\u0435 \u0441\u043e\u0447\u0435\u0442\u0430\u043d\u0438\u0435 \u043a\u043e\u043c\u043f\u0430\u043a\u0442\u043d\u043e\u0441\u0442\u0438 \u0438 \u043f\u0440\u043e\u0447\u043d\u043e\u0433\u043e \u0434\u0438\u0437\u0430\u0439\u043d\u0430.\r\n\u0421\u043e\u0433\u043b\u0430\u0441\u043d\u043e \u043e\u0442\u0437\u044b\u0432\u0430\u043c \u043a\u043b\u0438\u0435\u043d\u0442\u043e\u0432, GoDEX - \u0441\u0430\u043c\u044b\u0439 \u044d\u043a\u043e\u043d\u043e\u043c\u0438\u0447\u043d\u044b\u0439 \u0438 \u043a\u043e\u043c\u043f\u0430\u043a\u0442\u043d\u044b\u0439 \u043f\u0440\u0438\u043d\u0442\u0435\u0440.\r\nGoDEX ZX400 \/ ZX400i, \u043e\u0431\u044a\u0435\u0434\u0438\u043d\u044f\u044e\u0449\u0438\u0439 \u043e\u0442\u0440\u0430\u0441\u043b\u0435\u0432\u044b\u0435 \u0432\u043e\u0437\u043c\u043e\u0436\u043d\u043e\u0441\u0442\u0438 \u0438 \u043f\u0440\u0435\u0432\u043e\u0441\u0445\u043e\u0434\u043d\u044b\u0439 \u0434\u0438\u0437\u0430\u0439\u043d.\r\n\r\n\u041e\u0447\u0435\u043d\u044c \u0445\u043e\u0440\u043e\u0448\u0430\u044f \u0430\u043b\u044c\u0442\u0435\u0440\u043d\u0430\u0442\u0438\u0432\u0430 Zebra ZT230!\r\n\r\n\u0412\u044b \u043c\u043e\u0436\u0435\u0442\u0435 \u0438\u0441\u043f\u043e\u043b\u044c\u0437\u043e\u0432\u0430\u0442\u044c Bartender, Zebra Designer, \r\n<\/span>\u0430 \u0442\u0430\u043a\u0436\u0435 \u0441\u043e\u0431\u0441\u0442\u0432\u0435\u043d\u043d\u043e\u0435 \u043f\u0440\u043e\u0433\u0440\u0430\u043c\u043c\u043d\u043e\u0435 \u043e\u0431\u0435\u0441\u043f\u0435\u0447\u0435\u043d\u0438\u0435 Godex GOLabel.<\/span><\/pre>\n","protected":false},"excerpt":{"rendered":"<p>\u041b\u0443\u0447\u0448\u0435\u0435 \u0441\u043e\u0447\u0435\u0442\u0430\u043d\u0438\u0435 \u043a\u043e\u043c\u043f\u0430\u043a\u0442\u043d\u043e\u0441\u0442\u0438 \u0438 \u043f\u0440\u043e\u0447\u043d\u043e\u0433\u043e \u0434\u0438\u0437\u0430\u0439\u043d\u0430. \u0421\u043e\u0433\u043b\u0430\u0441\u043d\u043e \u043e\u0442\u0437\u044b\u0432\u0430\u043c \u043a\u043b\u0438\u0435\u043d\u0442\u043e\u0432, GoDEX &#8212; \u0441\u0430\u043c\u044b\u0439 \u044d\u043a\u043e\u043d\u043e\u043c\u0438\u0447\u043d\u044b\u0439 \u0438 \u043a\u043e\u043c\u043f\u0430\u043a\u0442\u043d\u044b\u0439 \u043f\u0440\u0438\u043d\u0442\u0435\u0440. GoDEX ZX400 \/ ZX400i, \u043e\u0431\u044a\u0435\u0434\u0438\u043d\u044f\u044e\u0449\u0438\u0439 \u043e\u0442\u0440\u0430\u0441\u043b\u0435\u0432\u044b\u0435 \u0432\u043e\u0437\u043c\u043e\u0436\u043d\u043e\u0441\u0442\u0438 \u0438 \u043f\u0440\u0435\u0432\u043e\u0441\u0445\u043e\u0434\u043d\u044b\u0439 \u0434\u0438\u0437\u0430\u0439\u043d. \u041e\u0447\u0435\u043d\u044c \u0445\u043e\u0440\u043e\u0448\u0430\u044f \u0430\u043b\u044c\u0442\u0435\u0440\u043d\u0430\u0442\u0438\u0432\u0430 Zebra ZT230! \u0412\u044b \u043c\u043e\u0436\u0435\u0442\u0435 \u0438\u0441\u043f\u043e\u043b\u044c\u0437\u043e\u0432\u0430\u0442\u044c Bartender, Zebra Designer, \u0430 \u0442\u0430\u043a\u0436\u0435 \u0441\u043e\u0431\u0441\u0442\u0432\u0435\u043d\u043d\u043e\u0435 \u043f\u0440\u043e\u0433\u0440\u0430\u043c\u043c\u043d\u043e\u0435 \u043e\u0431\u0435\u0441\u043f\u0435\u0447\u0435\u043d\u0438\u0435 Godex GOLabel.<\/p>\n","protected":false},"featured_media":6696,"template":"","meta":[],"product_brand":[],"product_cat":[259,261],"product_tag":[304],"class_list":{"0":"post-6702","1":"product","2":"type-product","3":"status-publish","4":"has-post-thumbnail","6":"product_cat-printerid-ru","7":"product_cat-etiketiprinter-ru","8":"product_tag-uus-ru","9":"product_brands-godex-ru","11":"first","12":"outofstock","13":"sale","14":"taxable","15":"shipping-taxable","16":"purchasable","17":"product-type-simple"},"acf":[],"yoast_head":"<!-- This site is optimized with the Yoast SEO plugin v24.4 - https:\/\/yoast.com\/wordpress\/plugins\/seo\/ -->\n<title>\u041f\u0420\u0418\u041d\u0422\u0415\u0420 \u041f\u0415\u0427\u0410\u0422\u0418 \u042d\u0422\u0418\u041a\u0415\u0422\u041e\u041a Godex ZX420I - RTT<\/title>\n<meta name=\"description\" content=\"Tuginedes klientide tagasisidele on GoDEXi k\u00f5ige kuluefektiivsemad ja ruumis\u00e4\u00e4stlikumad printerid GoDEX ZX400 \/ ZX400i, integreerides t\u00f6\u00f6stuse v\u00f5imekuse ja suurep\u00e4rase disaini.\" \/>\n<meta name=\"robots\" content=\"noindex, follow, max-snippet:-1, max-image-preview:large, max-video-preview:-1\" \/>\n<meta property=\"og:locale\" content=\"ru_RU\" \/>\n<meta property=\"og:type\" content=\"article\" \/>\n<meta property=\"og:title\" content=\"\u041f\u0420\u0418\u041d\u0422\u0415\u0420 \u041f\u0415\u0427\u0410\u0422\u0418 \u042d\u0422\u0418\u041a\u0415\u0422\u041e\u041a Godex ZX420I - RTT\" \/>\n<meta property=\"og:description\" content=\"Tuginedes klientide tagasisidele on GoDEXi k\u00f5ige kuluefektiivsemad ja ruumis\u00e4\u00e4stlikumad printerid GoDEX ZX400 \/ ZX400i, integreerides t\u00f6\u00f6stuse v\u00f5imekuse ja suurep\u00e4rase disaini.\" \/>\n<meta property=\"og:url\" content=\"https:\/\/rtt-dev.sitewise.ee\/toode\/printerid\/etiketiprinter\/etiketiprinter-godex-zx420i-2\/\" \/>\n<meta property=\"og:site_name\" content=\"RTT\" \/>\n<meta property=\"article:modified_time\" content=\"2025-07-07T17:58:17+00:00\" \/>\n<meta property=\"og:image\" content=\"https:\/\/rtt-dev.sitewise.ee\/wp-content\/uploads\/2020\/10\/zx420i.png\" \/>\n\t<meta property=\"og:image:width\" content=\"800\" \/>\n\t<meta property=\"og:image:height\" content=\"800\" \/>\n\t<meta property=\"og:image:type\" content=\"image\/png\" \/>\n<meta name=\"twitter:card\" content=\"summary_large_image\" \/>\n<script type=\"application\/ld+json\" class=\"yoast-schema-graph\">{\"@context\":\"https:\/\/schema.org\",\"@graph\":[{\"@type\":\"WebPage\",\"@id\":\"https:\/\/rtt-dev.sitewise.ee\/toode\/printerid\/etiketiprinter\/etiketiprinter-godex-zx420i-2\/\",\"url\":\"https:\/\/rtt-dev.sitewise.ee\/toode\/printerid\/etiketiprinter\/etiketiprinter-godex-zx420i-2\/\",\"name\":\"\u041f\u0420\u0418\u041d\u0422\u0415\u0420 \u041f\u0415\u0427\u0410\u0422\u0418 \u042d\u0422\u0418\u041a\u0415\u0422\u041e\u041a Godex ZX420I - RTT\",\"isPartOf\":{\"@id\":\"https:\/\/rtt-dev.sitewise.ee\/#website\"},\"primaryImageOfPage\":{\"@id\":\"https:\/\/rtt-dev.sitewise.ee\/toode\/printerid\/etiketiprinter\/etiketiprinter-godex-zx420i-2\/#primaryimage\"},\"image\":{\"@id\":\"https:\/\/rtt-dev.sitewise.ee\/toode\/printerid\/etiketiprinter\/etiketiprinter-godex-zx420i-2\/#primaryimage\"},\"thumbnailUrl\":\"https:\/\/rtt-dev.sitewise.ee\/wp-content\/uploads\/2020\/10\/zx420i.png\",\"datePublished\":\"2020-10-14T07:30:46+00:00\",\"dateModified\":\"2025-07-07T17:58:17+00:00\",\"description\":\"Tuginedes klientide tagasisidele on GoDEXi k\u00f5ige kuluefektiivsemad ja ruumis\u00e4\u00e4stlikumad printerid GoDEX ZX400 \/ ZX400i, integreerides t\u00f6\u00f6stuse v\u00f5imekuse ja suurep\u00e4rase disaini.\",\"breadcrumb\":{\"@id\":\"https:\/\/rtt-dev.sitewise.ee\/toode\/printerid\/etiketiprinter\/etiketiprinter-godex-zx420i-2\/#breadcrumb\"},\"inLanguage\":\"ru-RU\",\"potentialAction\":[{\"@type\":\"ReadAction\",\"target\":[\"https:\/\/rtt-dev.sitewise.ee\/toode\/printerid\/etiketiprinter\/etiketiprinter-godex-zx420i-2\/\"]}]},{\"@type\":\"ImageObject\",\"inLanguage\":\"ru-RU\",\"@id\":\"https:\/\/rtt-dev.sitewise.ee\/toode\/printerid\/etiketiprinter\/etiketiprinter-godex-zx420i-2\/#primaryimage\",\"url\":\"https:\/\/rtt-dev.sitewise.ee\/wp-content\/uploads\/2020\/10\/zx420i.png\",\"contentUrl\":\"https:\/\/rtt-dev.sitewise.ee\/wp-content\/uploads\/2020\/10\/zx420i.png\",\"width\":800,\"height\":800},{\"@type\":\"BreadcrumbList\",\"@id\":\"https:\/\/rtt-dev.sitewise.ee\/toode\/printerid\/etiketiprinter\/etiketiprinter-godex-zx420i-2\/#breadcrumb\",\"itemListElement\":[{\"@type\":\"ListItem\",\"position\":1,\"name\":\"\u0413\u043b\u0430\u0432\u043d\u0430\u044f\",\"item\":\"https:\/\/rtt-dev.sitewise.ee\/\"},{\"@type\":\"ListItem\",\"position\":2,\"name\":\"Magazin\",\"item\":\"https:\/\/rtt-dev.sitewise.ee\/pood\/\"},{\"@type\":\"ListItem\",\"position\":3,\"name\":\"Printerid\",\"item\":\"https:\/\/rtt-dev.sitewise.ee\/tootekategooria\/printerid\/\"},{\"@type\":\"ListItem\",\"position\":4,\"name\":\"Etiketiprinter\",\"item\":\"https:\/\/rtt-dev.sitewise.ee\/tootekategooria\/printerid\/etiketiprinter\/\"},{\"@type\":\"ListItem\",\"position\":5,\"name\":\"\u041f\u0420\u0418\u041d\u0422\u0415\u0420 \u041f\u0415\u0427\u0410\u0422\u0418 \u042d\u0422\u0418\u041a\u0415\u0422\u041e\u041a Godex ZX420I\"}]},{\"@type\":\"WebSite\",\"@id\":\"https:\/\/rtt-dev.sitewise.ee\/#website\",\"url\":\"https:\/\/rtt-dev.sitewise.ee\/\",\"name\":\"RTT\",\"description\":\"Kassaaparaadid ja kontorikaubad\",\"potentialAction\":[{\"@type\":\"SearchAction\",\"target\":{\"@type\":\"EntryPoint\",\"urlTemplate\":\"https:\/\/rtt-dev.sitewise.ee\/?s={search_term_string}\"},\"query-input\":{\"@type\":\"PropertyValueSpecification\",\"valueRequired\":true,\"valueName\":\"search_term_string\"}}],\"inLanguage\":\"ru-RU\"}]}<\/script>\n<!-- \/ Yoast SEO plugin. -->","yoast_head_json":{"title":"\u041f\u0420\u0418\u041d\u0422\u0415\u0420 \u041f\u0415\u0427\u0410\u0422\u0418 \u042d\u0422\u0418\u041a\u0415\u0422\u041e\u041a Godex ZX420I - RTT","description":"Tuginedes klientide tagasisidele on GoDEXi k\u00f5ige kuluefektiivsemad ja ruumis\u00e4\u00e4stlikumad printerid GoDEX ZX400 \/ ZX400i, integreerides t\u00f6\u00f6stuse v\u00f5imekuse ja suurep\u00e4rase disaini.","robots":{"index":"noindex","follow":"follow","max-snippet":"max-snippet:-1","max-image-preview":"max-image-preview:large","max-video-preview":"max-video-preview:-1"},"og_locale":"ru_RU","og_type":"article","og_title":"\u041f\u0420\u0418\u041d\u0422\u0415\u0420 \u041f\u0415\u0427\u0410\u0422\u0418 \u042d\u0422\u0418\u041a\u0415\u0422\u041e\u041a Godex ZX420I - RTT","og_description":"Tuginedes klientide tagasisidele on GoDEXi k\u00f5ige kuluefektiivsemad ja ruumis\u00e4\u00e4stlikumad printerid GoDEX ZX400 \/ ZX400i, integreerides t\u00f6\u00f6stuse v\u00f5imekuse ja suurep\u00e4rase disaini.","og_url":"https:\/\/rtt-dev.sitewise.ee\/toode\/printerid\/etiketiprinter\/etiketiprinter-godex-zx420i-2\/","og_site_name":"RTT","article_modified_time":"2025-07-07T17:58:17+00:00","og_image":[{"width":800,"height":800,"url":"https:\/\/rtt-dev.sitewise.ee\/wp-content\/uploads\/2020\/10\/zx420i.png","type":"image\/png"}],"twitter_card":"summary_large_image","schema":{"@context":"https:\/\/schema.org","@graph":[{"@type":"WebPage","@id":"https:\/\/rtt-dev.sitewise.ee\/toode\/printerid\/etiketiprinter\/etiketiprinter-godex-zx420i-2\/","url":"https:\/\/rtt-dev.sitewise.ee\/toode\/printerid\/etiketiprinter\/etiketiprinter-godex-zx420i-2\/","name":"\u041f\u0420\u0418\u041d\u0422\u0415\u0420 \u041f\u0415\u0427\u0410\u0422\u0418 \u042d\u0422\u0418\u041a\u0415\u0422\u041e\u041a Godex ZX420I - RTT","isPartOf":{"@id":"https:\/\/rtt-dev.sitewise.ee\/#website"},"primaryImageOfPage":{"@id":"https:\/\/rtt-dev.sitewise.ee\/toode\/printerid\/etiketiprinter\/etiketiprinter-godex-zx420i-2\/#primaryimage"},"image":{"@id":"https:\/\/rtt-dev.sitewise.ee\/toode\/printerid\/etiketiprinter\/etiketiprinter-godex-zx420i-2\/#primaryimage"},"thumbnailUrl":"https:\/\/rtt-dev.sitewise.ee\/wp-content\/uploads\/2020\/10\/zx420i.png","datePublished":"2020-10-14T07:30:46+00:00","dateModified":"2025-07-07T17:58:17+00:00","description":"Tuginedes klientide tagasisidele on GoDEXi k\u00f5ige kuluefektiivsemad ja ruumis\u00e4\u00e4stlikumad printerid GoDEX ZX400 \/ ZX400i, integreerides t\u00f6\u00f6stuse v\u00f5imekuse ja suurep\u00e4rase disaini.","breadcrumb":{"@id":"https:\/\/rtt-dev.sitewise.ee\/toode\/printerid\/etiketiprinter\/etiketiprinter-godex-zx420i-2\/#breadcrumb"},"inLanguage":"ru-RU","potentialAction":[{"@type":"ReadAction","target":["https:\/\/rtt-dev.sitewise.ee\/toode\/printerid\/etiketiprinter\/etiketiprinter-godex-zx420i-2\/"]}]},{"@type":"ImageObject","inLanguage":"ru-RU","@id":"https:\/\/rtt-dev.sitewise.ee\/toode\/printerid\/etiketiprinter\/etiketiprinter-godex-zx420i-2\/#primaryimage","url":"https:\/\/rtt-dev.sitewise.ee\/wp-content\/uploads\/2020\/10\/zx420i.png","contentUrl":"https:\/\/rtt-dev.sitewise.ee\/wp-content\/uploads\/2020\/10\/zx420i.png","width":800,"height":800},{"@type":"BreadcrumbList","@id":"https:\/\/rtt-dev.sitewise.ee\/toode\/printerid\/etiketiprinter\/etiketiprinter-godex-zx420i-2\/#breadcrumb","itemListElement":[{"@type":"ListItem","position":1,"name":"\u0413\u043b\u0430\u0432\u043d\u0430\u044f","item":"https:\/\/rtt-dev.sitewise.ee\/"},{"@type":"ListItem","position":2,"name":"Magazin","item":"https:\/\/rtt-dev.sitewise.ee\/pood\/"},{"@type":"ListItem","position":3,"name":"Printerid","item":"https:\/\/rtt-dev.sitewise.ee\/tootekategooria\/printerid\/"},{"@type":"ListItem","position":4,"name":"Etiketiprinter","item":"https:\/\/rtt-dev.sitewise.ee\/tootekategooria\/printerid\/etiketiprinter\/"},{"@type":"ListItem","position":5,"name":"\u041f\u0420\u0418\u041d\u0422\u0415\u0420 \u041f\u0415\u0427\u0410\u0422\u0418 \u042d\u0422\u0418\u041a\u0415\u0422\u041e\u041a Godex ZX420I"}]},{"@type":"WebSite","@id":"https:\/\/rtt-dev.sitewise.ee\/#website","url":"https:\/\/rtt-dev.sitewise.ee\/","name":"RTT","description":"Kassaaparaadid ja kontorikaubad","potentialAction":[{"@type":"SearchAction","target":{"@type":"EntryPoint","urlTemplate":"https:\/\/rtt-dev.sitewise.ee\/?s={search_term_string}"},"query-input":{"@type":"PropertyValueSpecification","valueRequired":true,"valueName":"search_term_string"}}],"inLanguage":"ru-RU"}]}},"_links":{"self":[{"href":"https:\/\/rtt-dev.sitewise.ee\/ru\/wp-json\/wp\/v2\/product\/6702","targetHints":{"allow":["GET"]}}],"collection":[{"href":"https:\/\/rtt-dev.sitewise.ee\/ru\/wp-json\/wp\/v2\/product"}],"about":[{"href":"https:\/\/rtt-dev.sitewise.ee\/ru\/wp-json\/wp\/v2\/types\/product"}],"wp:featuredmedia":[{"embeddable":true,"href":"https:\/\/rtt-dev.sitewise.ee\/ru\/wp-json\/wp\/v2\/media\/6696"}],"wp:attachment":[{"href":"https:\/\/rtt-dev.sitewise.ee\/ru\/wp-json\/wp\/v2\/media?parent=6702"}],"wp:term":[{"taxonomy":"product_brand","embeddable":true,"href":"https:\/\/rtt-dev.sitewise.ee\/ru\/wp-json\/wp\/v2\/product_brand?post=6702"},{"taxonomy":"product_cat","embeddable":true,"href":"https:\/\/rtt-dev.sitewise.ee\/ru\/wp-json\/wp\/v2\/product_cat?post=6702"},{"taxonomy":"product_tag","embeddable":true,"href":"https:\/\/rtt-dev.sitewise.ee\/ru\/wp-json\/wp\/v2\/product_tag?post=6702"}],"curies":[{"name":"wp","href":"https:\/\/api.w.org\/{rel}","templated":true}]}}