{"id":3764,"date":"2018-10-16T01:05:17","date_gmt":"2018-10-15T22:05:17","guid":{"rendered":"https:\/\/rtt-dev.sitewise.ee\/toode\/maaratlemata\/hinnaarvestusega-letikaal-toshiba-tec-sl-1200\/"},"modified":"2025-07-07T21:08:15","modified_gmt":"2025-07-07T18:08:15","slug":"hinnaarvestusega-letikaal-toshiba-tec-sl-1200","status":"publish","type":"product","link":"https:\/\/rtt-dev.sitewise.ee\/ru\/toode\/kaalud-ru\/hinnaarvestusega-letikaal-toshiba-tec-sl-1200\/","title":{"rendered":"\u0422\u043e\u0440\u0433\u043e\u0432\u044b\u0435 \u044d\u043b\u0435\u043a\u0442\u0440\u043e\u043d\u043d\u044b\u0435 \u0432\u0435\u0441\u044b Toshiba TEC SL-1200"},"content":{"rendered":"<p><strong>\u00dcldandmed<\/strong>:<\/p>\n<p>LCD-ekraan taustavalguse v\u00f5imalusega<br \/>\nKliendin\u00e4idik kaalu integreeritud v\u00f5i tulbal<br \/>\nKaalu (5 numbrit +\/- m\u00e4rgiga), eseme hinna (7 numbrit) ja kaalutava koguse maksumuse (8 numbrikohta) numbriline n\u00e4it nii kliendi kui teenindaja tablool<br \/>\nM\u00e4rguanne heliga,\u00a0kui kaal \u00fcletab piiranguid<br \/>\nT\u00e4isautomaatne 0-korrektuur<br \/>\n\u00dchiku hinna kustutamise funktsioon<br \/>\nKlaviatuuril alternatiivne valitav baashind \u00fchikule (kg\/100g)<br \/>\n0-seadistamise klahv<br \/>\nKaal on t\u00e4ielikult kaitstud raadiolainetest tingitud h\u00e4irete m\u00f5ju eest<br \/>\nV\u00e4ga kiire reageerimine kaalutava eseme kaalu muutustele<br \/>\nToide vooluv\u00f5rgust v\u00f5i patareidelt<br \/>\nMaksimaalne\u00a0kaalutav raskus:\u00a015kg<br \/>\nJaotused: 0 &#8212; 15 kg 5 grammi intervalliga<br \/>\nToide: vooluv\u00f5rk, 6x &#8216;D&#8217; suurusega patareid, 1x 9v aku PP3, taaslaetav<\/p>\n<p>Lisainfo telefonil\u00a0+372 5087866\u00a0v\u00f5i\u00a0<a href=\"mailto:info@rtt.ee\">info@rtt.ee<\/a><\/p>\n","protected":false},"excerpt":{"rendered":"<p>\u00dcldandmed: LCD-ekraan taustavalguse v\u00f5imalusega Kliendin\u00e4idik kaalu integreeritud v\u00f5i tulbal Kaalu (5 numbrit +\/- m\u00e4rgiga), eseme hinna (7 numbrit) ja kaalutava koguse maksumuse (8 numbrikohta) numbriline n\u00e4it nii kliendi kui teenindaja tablool M\u00e4rguanne heliga,\u00a0kui kaal \u00fcletab piiranguid T\u00e4isautomaatne 0-korrektuur \u00dchiku hinna kustutamise funktsioon Klaviatuuril alternatiivne valitav baashind \u00fchikule (kg\/100g) 0-seadistamise klahv Kaal on t\u00e4ielikult kaitstud raadiolainetest [&hellip;]<\/p>\n","protected":false},"featured_media":3765,"template":"","meta":[],"product_brand":[],"product_cat":[220],"product_tag":[],"class_list":{"0":"post-3764","1":"product","2":"type-product","3":"status-publish","4":"has-post-thumbnail","6":"product_cat-kaalud-ru","7":"product_brands-toshiba-ru","9":"first","10":"outofstock","11":"taxable","12":"shipping-taxable","13":"purchasable","14":"product-type-simple"},"acf":[],"yoast_head":"<!-- This site is optimized with the Yoast SEO plugin v24.4 - https:\/\/yoast.com\/wordpress\/plugins\/seo\/ -->\n<title>\u0422\u043e\u0440\u0433\u043e\u0432\u044b\u0435 \u044d\u043b\u0435\u043a\u0442\u0440\u043e\u043d\u043d\u044b\u0435 \u0432\u0435\u0441\u044b Toshiba TEC SL-1200 - RTT<\/title>\n<meta name=\"robots\" content=\"noindex, follow, max-snippet:-1, max-image-preview:large, max-video-preview:-1\" \/>\n<meta property=\"og:locale\" content=\"ru_RU\" \/>\n<meta property=\"og:type\" content=\"article\" \/>\n<meta property=\"og:title\" content=\"\u0422\u043e\u0440\u0433\u043e\u0432\u044b\u0435 \u044d\u043b\u0435\u043a\u0442\u0440\u043e\u043d\u043d\u044b\u0435 \u0432\u0435\u0441\u044b Toshiba TEC SL-1200 - RTT\" \/>\n<meta property=\"og:description\" content=\"\u00dcldandmed: LCD-ekraan taustavalguse v\u00f5imalusega Kliendin\u00e4idik kaalu integreeritud v\u00f5i tulbal Kaalu (5 numbrit +\/- m\u00e4rgiga), eseme hinna (7 numbrit) ja kaalutava koguse maksumuse (8 numbrikohta) numbriline n\u00e4it nii kliendi kui teenindaja tablool M\u00e4rguanne heliga,\u00a0kui kaal \u00fcletab piiranguid T\u00e4isautomaatne 0-korrektuur \u00dchiku hinna kustutamise funktsioon Klaviatuuril alternatiivne valitav baashind \u00fchikule (kg\/100g) 0-seadistamise klahv Kaal on t\u00e4ielikult kaitstud raadiolainetest [&hellip;]\" \/>\n<meta property=\"og:url\" content=\"https:\/\/rtt-dev.sitewise.ee\/toode\/kaalud\/hinnaarvestusega-letikaal-toshiba-tec-sl-1200\/\" \/>\n<meta property=\"og:site_name\" content=\"RTT\" \/>\n<meta property=\"article:modified_time\" content=\"2025-07-07T18:08:15+00:00\" \/>\n<meta property=\"og:image\" content=\"https:\/\/rtt-dev.sitewise.ee\/wp-content\/uploads\/2018\/10\/266_1_s.jpg\" \/>\n\t<meta property=\"og:image:width\" content=\"415\" \/>\n\t<meta property=\"og:image:height\" content=\"450\" \/>\n\t<meta property=\"og:image:type\" content=\"image\/jpeg\" \/>\n<meta name=\"twitter:card\" content=\"summary_large_image\" \/>\n<meta name=\"twitter:label1\" content=\"\u041f\u0440\u0438\u043c\u0435\u0440\u043d\u043e\u0435 \u0432\u0440\u0435\u043c\u044f \u0434\u043b\u044f \u0447\u0442\u0435\u043d\u0438\u044f\" \/>\n\t<meta name=\"twitter:data1\" content=\"1 \u043c\u0438\u043d\u0443\u0442\u0430\" \/>\n<script type=\"application\/ld+json\" class=\"yoast-schema-graph\">{\"@context\":\"https:\/\/schema.org\",\"@graph\":[{\"@type\":\"WebPage\",\"@id\":\"https:\/\/rtt-dev.sitewise.ee\/toode\/kaalud\/hinnaarvestusega-letikaal-toshiba-tec-sl-1200\/\",\"url\":\"https:\/\/rtt-dev.sitewise.ee\/toode\/kaalud\/hinnaarvestusega-letikaal-toshiba-tec-sl-1200\/\",\"name\":\"\u0422\u043e\u0440\u0433\u043e\u0432\u044b\u0435 \u044d\u043b\u0435\u043a\u0442\u0440\u043e\u043d\u043d\u044b\u0435 \u0432\u0435\u0441\u044b Toshiba TEC SL-1200 - RTT\",\"isPartOf\":{\"@id\":\"https:\/\/rtt-dev.sitewise.ee\/#website\"},\"primaryImageOfPage\":{\"@id\":\"https:\/\/rtt-dev.sitewise.ee\/toode\/kaalud\/hinnaarvestusega-letikaal-toshiba-tec-sl-1200\/#primaryimage\"},\"image\":{\"@id\":\"https:\/\/rtt-dev.sitewise.ee\/toode\/kaalud\/hinnaarvestusega-letikaal-toshiba-tec-sl-1200\/#primaryimage\"},\"thumbnailUrl\":\"https:\/\/rtt-dev.sitewise.ee\/wp-content\/uploads\/2018\/10\/266_1_s.jpg\",\"datePublished\":\"2018-10-15T22:05:17+00:00\",\"dateModified\":\"2025-07-07T18:08:15+00:00\",\"breadcrumb\":{\"@id\":\"https:\/\/rtt-dev.sitewise.ee\/toode\/kaalud\/hinnaarvestusega-letikaal-toshiba-tec-sl-1200\/#breadcrumb\"},\"inLanguage\":\"ru-RU\",\"potentialAction\":[{\"@type\":\"ReadAction\",\"target\":[\"https:\/\/rtt-dev.sitewise.ee\/toode\/kaalud\/hinnaarvestusega-letikaal-toshiba-tec-sl-1200\/\"]}]},{\"@type\":\"ImageObject\",\"inLanguage\":\"ru-RU\",\"@id\":\"https:\/\/rtt-dev.sitewise.ee\/toode\/kaalud\/hinnaarvestusega-letikaal-toshiba-tec-sl-1200\/#primaryimage\",\"url\":\"https:\/\/rtt-dev.sitewise.ee\/wp-content\/uploads\/2018\/10\/266_1_s.jpg\",\"contentUrl\":\"https:\/\/rtt-dev.sitewise.ee\/wp-content\/uploads\/2018\/10\/266_1_s.jpg\",\"width\":415,\"height\":450},{\"@type\":\"BreadcrumbList\",\"@id\":\"https:\/\/rtt-dev.sitewise.ee\/toode\/kaalud\/hinnaarvestusega-letikaal-toshiba-tec-sl-1200\/#breadcrumb\",\"itemListElement\":[{\"@type\":\"ListItem\",\"position\":1,\"name\":\"\u0413\u043b\u0430\u0432\u043d\u0430\u044f\",\"item\":\"https:\/\/rtt-dev.sitewise.ee\/\"},{\"@type\":\"ListItem\",\"position\":2,\"name\":\"Magazin\",\"item\":\"https:\/\/rtt-dev.sitewise.ee\/pood\/\"},{\"@type\":\"ListItem\",\"position\":3,\"name\":\"Kaalud\",\"item\":\"https:\/\/rtt-dev.sitewise.ee\/tootekategooria\/kaalud\/\"},{\"@type\":\"ListItem\",\"position\":4,\"name\":\"\u0422\u043e\u0440\u0433\u043e\u0432\u044b\u0435 \u044d\u043b\u0435\u043a\u0442\u0440\u043e\u043d\u043d\u044b\u0435 \u0432\u0435\u0441\u044b Toshiba TEC SL-1200\"}]},{\"@type\":\"WebSite\",\"@id\":\"https:\/\/rtt-dev.sitewise.ee\/#website\",\"url\":\"https:\/\/rtt-dev.sitewise.ee\/\",\"name\":\"RTT\",\"description\":\"Kassaaparaadid ja kontorikaubad\",\"potentialAction\":[{\"@type\":\"SearchAction\",\"target\":{\"@type\":\"EntryPoint\",\"urlTemplate\":\"https:\/\/rtt-dev.sitewise.ee\/?s={search_term_string}\"},\"query-input\":{\"@type\":\"PropertyValueSpecification\",\"valueRequired\":true,\"valueName\":\"search_term_string\"}}],\"inLanguage\":\"ru-RU\"}]}<\/script>\n<!-- \/ Yoast SEO plugin. -->","yoast_head_json":{"title":"\u0422\u043e\u0440\u0433\u043e\u0432\u044b\u0435 \u044d\u043b\u0435\u043a\u0442\u0440\u043e\u043d\u043d\u044b\u0435 \u0432\u0435\u0441\u044b Toshiba TEC SL-1200 - RTT","robots":{"index":"noindex","follow":"follow","max-snippet":"max-snippet:-1","max-image-preview":"max-image-preview:large","max-video-preview":"max-video-preview:-1"},"og_locale":"ru_RU","og_type":"article","og_title":"\u0422\u043e\u0440\u0433\u043e\u0432\u044b\u0435 \u044d\u043b\u0435\u043a\u0442\u0440\u043e\u043d\u043d\u044b\u0435 \u0432\u0435\u0441\u044b Toshiba TEC SL-1200 - RTT","og_description":"\u00dcldandmed: LCD-ekraan taustavalguse v\u00f5imalusega Kliendin\u00e4idik kaalu integreeritud v\u00f5i tulbal Kaalu (5 numbrit +\/- m\u00e4rgiga), eseme hinna (7 numbrit) ja kaalutava koguse maksumuse (8 numbrikohta) numbriline n\u00e4it nii kliendi kui teenindaja tablool M\u00e4rguanne heliga,\u00a0kui kaal \u00fcletab piiranguid T\u00e4isautomaatne 0-korrektuur \u00dchiku hinna kustutamise funktsioon Klaviatuuril alternatiivne valitav baashind \u00fchikule (kg\/100g) 0-seadistamise klahv Kaal on t\u00e4ielikult kaitstud raadiolainetest [&hellip;]","og_url":"https:\/\/rtt-dev.sitewise.ee\/toode\/kaalud\/hinnaarvestusega-letikaal-toshiba-tec-sl-1200\/","og_site_name":"RTT","article_modified_time":"2025-07-07T18:08:15+00:00","og_image":[{"width":415,"height":450,"url":"https:\/\/rtt-dev.sitewise.ee\/wp-content\/uploads\/2018\/10\/266_1_s.jpg","type":"image\/jpeg"}],"twitter_card":"summary_large_image","twitter_misc":{"\u041f\u0440\u0438\u043c\u0435\u0440\u043d\u043e\u0435 \u0432\u0440\u0435\u043c\u044f \u0434\u043b\u044f \u0447\u0442\u0435\u043d\u0438\u044f":"1 \u043c\u0438\u043d\u0443\u0442\u0430"},"schema":{"@context":"https:\/\/schema.org","@graph":[{"@type":"WebPage","@id":"https:\/\/rtt-dev.sitewise.ee\/toode\/kaalud\/hinnaarvestusega-letikaal-toshiba-tec-sl-1200\/","url":"https:\/\/rtt-dev.sitewise.ee\/toode\/kaalud\/hinnaarvestusega-letikaal-toshiba-tec-sl-1200\/","name":"\u0422\u043e\u0440\u0433\u043e\u0432\u044b\u0435 \u044d\u043b\u0435\u043a\u0442\u0440\u043e\u043d\u043d\u044b\u0435 \u0432\u0435\u0441\u044b Toshiba TEC SL-1200 - RTT","isPartOf":{"@id":"https:\/\/rtt-dev.sitewise.ee\/#website"},"primaryImageOfPage":{"@id":"https:\/\/rtt-dev.sitewise.ee\/toode\/kaalud\/hinnaarvestusega-letikaal-toshiba-tec-sl-1200\/#primaryimage"},"image":{"@id":"https:\/\/rtt-dev.sitewise.ee\/toode\/kaalud\/hinnaarvestusega-letikaal-toshiba-tec-sl-1200\/#primaryimage"},"thumbnailUrl":"https:\/\/rtt-dev.sitewise.ee\/wp-content\/uploads\/2018\/10\/266_1_s.jpg","datePublished":"2018-10-15T22:05:17+00:00","dateModified":"2025-07-07T18:08:15+00:00","breadcrumb":{"@id":"https:\/\/rtt-dev.sitewise.ee\/toode\/kaalud\/hinnaarvestusega-letikaal-toshiba-tec-sl-1200\/#breadcrumb"},"inLanguage":"ru-RU","potentialAction":[{"@type":"ReadAction","target":["https:\/\/rtt-dev.sitewise.ee\/toode\/kaalud\/hinnaarvestusega-letikaal-toshiba-tec-sl-1200\/"]}]},{"@type":"ImageObject","inLanguage":"ru-RU","@id":"https:\/\/rtt-dev.sitewise.ee\/toode\/kaalud\/hinnaarvestusega-letikaal-toshiba-tec-sl-1200\/#primaryimage","url":"https:\/\/rtt-dev.sitewise.ee\/wp-content\/uploads\/2018\/10\/266_1_s.jpg","contentUrl":"https:\/\/rtt-dev.sitewise.ee\/wp-content\/uploads\/2018\/10\/266_1_s.jpg","width":415,"height":450},{"@type":"BreadcrumbList","@id":"https:\/\/rtt-dev.sitewise.ee\/toode\/kaalud\/hinnaarvestusega-letikaal-toshiba-tec-sl-1200\/#breadcrumb","itemListElement":[{"@type":"ListItem","position":1,"name":"\u0413\u043b\u0430\u0432\u043d\u0430\u044f","item":"https:\/\/rtt-dev.sitewise.ee\/"},{"@type":"ListItem","position":2,"name":"Magazin","item":"https:\/\/rtt-dev.sitewise.ee\/pood\/"},{"@type":"ListItem","position":3,"name":"Kaalud","item":"https:\/\/rtt-dev.sitewise.ee\/tootekategooria\/kaalud\/"},{"@type":"ListItem","position":4,"name":"\u0422\u043e\u0440\u0433\u043e\u0432\u044b\u0435 \u044d\u043b\u0435\u043a\u0442\u0440\u043e\u043d\u043d\u044b\u0435 \u0432\u0435\u0441\u044b Toshiba TEC SL-1200"}]},{"@type":"WebSite","@id":"https:\/\/rtt-dev.sitewise.ee\/#website","url":"https:\/\/rtt-dev.sitewise.ee\/","name":"RTT","description":"Kassaaparaadid ja kontorikaubad","potentialAction":[{"@type":"SearchAction","target":{"@type":"EntryPoint","urlTemplate":"https:\/\/rtt-dev.sitewise.ee\/?s={search_term_string}"},"query-input":{"@type":"PropertyValueSpecification","valueRequired":true,"valueName":"search_term_string"}}],"inLanguage":"ru-RU"}]}},"_links":{"self":[{"href":"https:\/\/rtt-dev.sitewise.ee\/ru\/wp-json\/wp\/v2\/product\/3764","targetHints":{"allow":["GET"]}}],"collection":[{"href":"https:\/\/rtt-dev.sitewise.ee\/ru\/wp-json\/wp\/v2\/product"}],"about":[{"href":"https:\/\/rtt-dev.sitewise.ee\/ru\/wp-json\/wp\/v2\/types\/product"}],"wp:featuredmedia":[{"embeddable":true,"href":"https:\/\/rtt-dev.sitewise.ee\/ru\/wp-json\/wp\/v2\/media\/3765"}],"wp:attachment":[{"href":"https:\/\/rtt-dev.sitewise.ee\/ru\/wp-json\/wp\/v2\/media?parent=3764"}],"wp:term":[{"taxonomy":"product_brand","embeddable":true,"href":"https:\/\/rtt-dev.sitewise.ee\/ru\/wp-json\/wp\/v2\/product_brand?post=3764"},{"taxonomy":"product_cat","embeddable":true,"href":"https:\/\/rtt-dev.sitewise.ee\/ru\/wp-json\/wp\/v2\/product_cat?post=3764"},{"taxonomy":"product_tag","embeddable":true,"href":"https:\/\/rtt-dev.sitewise.ee\/ru\/wp-json\/wp\/v2\/product_tag?post=3764"}],"curies":[{"name":"wp","href":"https:\/\/api.w.org\/{rel}","templated":true}]}}