{"id":3755,"date":"2018-10-16T01:05:17","date_gmt":"2018-10-15T22:05:17","guid":{"rendered":"https:\/\/rtt-dev.sitewise.ee\/toode\/maaratlemata\/uus-kassatarkvara\/"},"modified":"2025-07-07T21:08:15","modified_gmt":"2025-07-07T18:08:15","slug":"uus-kassatarkvara","status":"publish","type":"product","link":"https:\/\/rtt-dev.sitewise.ee\/ru\/toode\/tarkvara-ru\/uus-kassatarkvara\/","title":{"rendered":"\u041a\u0430\u0441\u0441\u043e\u0432\u043e\u0435 \u043f\u0440\u043e\u0433\u0440\u0430\u043c\u043c\u043d\u043e\u0435 \u043e\u0431\u0435\u0441\u043f\u0435\u0447\u0435\u043d\u0438\u0435"},"content":{"rendered":"<p><title><\/title><br \/>\n<meta http-equiv=\"Content-Type\" content=\"text\/html; charset=utf-8\" \/><\/p>\n<table border=\"0\" cellpadding=\"0\" cellspacing=\"0\" class=\"reb-container\" width=\"100%\">\n<tbody>\n<tr>\n<td bgcolor=\"#f6f6f6\" style=\"padding-top:20px;\">\n<table align=\"center\" border=\"0\" cellpadding=\"0\" cellspacing=\"0\" class=\"re-container\" width=\"550\">\n<tbody>\n<tr>\n<td bgcolor=\"#ffffff\" class=\"re-container-padding\">\n<table border=\"0\" cellpadding=\"0\" cellspacing=\"0\" width=\"100%\">\n<tbody>\n<tr>\n<td height=\"80\" style=\"text-align:center; background:#EC0003;\"><a href=\"https:\/\/rtt-dev.sitewise.ee\/kontakt\/ \" style=\"font-family:Arial, Helvetica, sans-serif;font-size:18px; mso-line-height-rule: exactly;line-height:24px; color:#ffffff;text-decoration:none; white-space:pre-wrap; font-weight:bold;\" target=\"_blank\"><img decoding=\"async\" alt=\"RTT Tabby V\u00f5imekas Kassatarkvara igasse m\u00fc\u00fcgikohta!\nN\u00c3\u0153\u00c3\u0153D ERIHIND! K\u00c3\u0153SI PAKUMIST &gt;\" src=\"http:\/\/kampaaniakuller.com\/rtt5\/images\/header.jpg\" style=\"display:block; width:100%!important; min-height:auto!important; border:0;\" \/><\/a><\/td>\n<\/tr>\n<tr>\n<td height=\"726\" style=\"background-color: #2A2A28\">&nbsp;<\/p>\n<table align=\"center\" border=\"0\" cellpadding=\"0\" cellspacing=\"0\" style=\"background-color: #2A2A28\" width=\"90%\">\n<tbody>\n<tr>\n<td width=\"51%\">\n<div style=\"font-family:Arial, Helvetica, sans-serif;font-size:18px; mso-line-height-rule: exactly;line-height:24px; color:#ffffff; text-transform:uppercase;\"><strong>k&otilde;ik &uuml;hes<\/strong><\/div>\n<p>\n\t\t\t\t\t\t\t\t\t\t\t\t<span style=\"font-family:Arial, Helvetica, sans-serif;font-size:16px; mso-line-height-rule: exactly;line-height:22px; color:#c2c2c2;\"><span style=\"font-size:18px; color:#EC0003;\">&bull;<\/span>&nbsp; Printer Kliendin&auml;idik<br \/>\n\t\t\t\t\t\t\t\t\t\t\t\t<span style=\"font-size:18px; color:#EC0003;\">&bull;<\/span>&nbsp; Euro detector<br \/>\n\t\t\t\t\t\t\t\t\t\t\t\t<span style=\"font-size:18px; color:#EC0003;\">&bull;<\/span>&nbsp; Sahtel<br \/>\n\t\t\t\t\t\t\t\t\t\t\t\t<span style=\"font-size:18px; color:#EC0003;\">&bull;<\/span>&nbsp; Puutetundlik ekraan<br \/>\n\t\t\t\t\t\t\t\t\t\t\t\t<span style=\"font-size:18px; color:#EC0003;\">&bull;<\/span>&nbsp; Operatsiooni s&uuml;steem<br \/>\n\t\t\t\t\t\t\t\t\t\t\t\t&nbsp;&nbsp;&nbsp;&nbsp;Windows Posready 7<\/span><br \/>\n\t\t\t\t\t\t\t\t\t\t\t\t<span style=\"font-family: Arial, Helvetica, sans-serif; background-color: rgb(42, 42, 40); font-size: 18px; color: rgb(236, 0, 3);\">&bull;<\/span><span style=\"color: rgb(194, 194, 194); font-family: Arial, Helvetica, sans-serif; font-size: 16px; background-color: rgb(42, 42, 40);\">&nbsp; Privaatne teie enda Cloud &nbsp; &nbsp; &nbsp; &nbsp; &nbsp; &nbsp; &nbsp; kassatarkvara<\/span><br style=\"color: rgb(194, 194, 194); font-family: Arial, Helvetica, sans-serif; font-size: 16px; background-color: rgb(42, 42, 40);\" \/><br \/>\n\t\t\t\t\t\t\t\t\t\t\t\t<span style=\"color: rgb(194, 194, 194); font-family: Arial, Helvetica, sans-serif; font-size: 16px; background-color: rgb(42, 42, 40);\">&nbsp; &nbsp;<\/span><br \/>\n\t\t\t\t\t\t\t\t\t\t\t\t&nbsp;<\/td>\n<td width=\"49%\">\n<div style=\"font-family:Arial, Helvetica, sans-serif;font-size:18px; mso-line-height-rule: exactly;line-height:24px; color:#ffffff; text-transform:uppercase;\"><strong>EELISED<\/strong><\/div>\n<p>\n\t\t\t\t\t\t\t\t\t\t\t\t<span style=\"font-family:Arial, Helvetica, sans-serif;font-size:16px; mso-line-height-rule: exactly;line-height:22px; color:#c2c2c2;\"><span style=\"font-size:18px; color:#EC0003;\">&bull;<\/span>&nbsp; Teie firma andmed on teie k&auml;es!<br \/>\n\t\t\t\t\t\t\t\t\t\t\t\t<span style=\"font-size:18px; color:#EC0003;\">&bull;<\/span>&nbsp; Puudub kuumaks<br \/>\n\t\t\t\t\t\t\t\t\t\t\t\t<span style=\"font-size:18px; color:#EC0003;\">&bull;<\/span>&nbsp; Tasuta telefonitugi<br \/>\n\t\t\t\t\t\t\t\t\t\t\t\t<span style=\"font-size:18px; color:#EC0003;\">&bull;<\/span>&nbsp; Eesti keelne kasutusliides<br \/>\n\t\t\t\t\t\t\t\t\t\t\t\t<span style=\"font-size:18px; color:#EC0003;\">&bull;<\/span>&nbsp; V&otilde;imalus osta kassatarkvara &nbsp; &nbsp; &nbsp;olenemata&nbsp;<\/span><span style=\"color: rgb(194, 194, 194); font-family: Arial, Helvetica, sans-serif; font-size: 16px; background-color: rgb(42, 42, 40);\">operatsioonis&uuml;steemist<\/span><br \/>\n\t\t\t\t\t\t\t\t\t\t\t\t<span style=\"font-family: Arial, Helvetica, sans-serif; background-color: rgb(42, 42, 40); font-size: 18px; color: rgb(236, 0, 3);\">&bull;<\/span><span style=\"color: rgb(194, 194, 194); font-family: Arial, Helvetica, sans-serif; font-size: 16px; background-color: rgb(42, 42, 40);\">&nbsp; T&ouml;&ouml;tab ka tahvelarvutil<\/span><\/td>\n<\/tr>\n<\/tbody>\n<\/table>\n<p>\t\t\t\t\t\t\t\t\t&nbsp;<\/p>\n<table align=\"center\" border=\"0\" cellpadding=\"0\" cellspacing=\"0\" style=\"background-color: #2A2A28\" width=\"90%\">\n<tbody>\n<tr>\n<td width=\"47%\">\n<div style=\"font-family:Arial, Helvetica, sans-serif;font-size:18px; mso-line-height-rule: exactly;line-height:24px; color:#ffffff; text-transform:uppercase;\"><strong>V&Otilde;IMALUSED<\/strong><\/div>\n<p>\n\t\t\t\t\t\t\t\t\t\t\t\t<span style=\"font-family:Arial, Helvetica, sans-serif;font-size:14px; mso-line-height-rule: exactly;line-height:22px; color:#c2c2c2;\"><span style=\"font-size:18px; color:#EC0003;\">&bull;<\/span>&nbsp; Erinevad makseviisid<br \/>\n\t\t\t\t\t\t\t\t\t\t\t\t<span style=\"font-size:18px; color:#EC0003;\">&bull;<\/span>&nbsp; Arvete printimine ja haldus<br \/>\n\t\t\t\t\t\t\t\t\t\t\t\t<span style=\"font-size:18px; color:#EC0003;\">&bull;<\/span>&nbsp; Laoseis ja inventuur<br \/>\n\t\t\t\t\t\t\t\t\t\t\t\t<span style=\"font-size:18px; color:#EC0003;\">&bull;<\/span>&nbsp; Ribakoodi lugemine<br \/>\n\t\t\t\t\t\t\t\t\t\t\t\t<span style=\"font-size:18px; color:#EC0003;\">&bull;<\/span>&nbsp; V&auml;lisseadmetega integreerimine<br \/>\n\t\t\t\t\t\t\t\t\t\t\t\t<span style=\"font-size:18px; color:#EC0003;\">&bull;<\/span>&nbsp; Kliendiandmete haldamine<br \/>\n\t\t\t\t\t\t\t\t\t\t\t\t<span style=\"font-size:18px; color:#EC0003;\">&bull;<\/span>&nbsp; Backoffice haldus<br \/>\n\t\t\t\t\t\t\t\t\t\t\t\t<span style=\"font-size:18px; color:#EC0003;\">&bull;<\/span>&nbsp; Statistika<br \/>\n\t\t\t\t\t\t\t\t\t\t\t\t<span style=\"font-size:18px; color:#EC0003;\">&bull;<\/span>&nbsp; E-kirja saatmine l&auml;bi s&uuml;steemi <\/span><\/td>\n<td width=\"53%\"><img loading=\"lazy\" decoding=\"async\" alt=\"\" height=\"170\" src=\"http:\/\/kampaaniakuller.com\/rtt5\/images\/pic1.png\" width=\"261\" \/><\/td>\n<\/tr>\n<\/tbody>\n<\/table>\n<p>\t\t\t\t\t\t\t\t\t&nbsp;<\/p>\n<table align=\"center\" border=\"0\" cellpadding=\"0\" cellspacing=\"0\" style=\"background-color: #2A2A28\" width=\"90%\">\n<tbody>\n<tr>\n<td width=\"47%\">\n<div style=\"font-family:Arial, Helvetica, sans-serif;font-size:18px; mso-line-height-rule: exactly;line-height:24px; color:#ffffff; text-transform:uppercase;\"><strong>Aruandlus<\/strong><\/div>\n<p>\n\t\t\t\t\t\t\t\t\t\t\t\t<span style=\"font-family:Arial, Helvetica, sans-serif;font-size:14px; mso-line-height-rule: exactly;line-height:22px; color:#c2c2c2;\"><span style=\"font-size:18px; color:#EC0003;\">&bull;<\/span>&nbsp; Kassaraportite printimine<br \/>\n\t\t\t\t\t\t\t\t\t\t\t\t<span style=\"font-size:18px; color:#EC0003;\">&bull;<\/span>&nbsp; Allahindlused ja kampaaniad<br \/>\n\t\t\t\t\t\t\t\t\t\t\t\t<span style=\"font-size:18px; color:#EC0003;\">&bull;<\/span>&nbsp; Erinevad maksum&auml;&auml;rad<br \/>\n\t\t\t\t\t\t\t\t\t\t\t\t<span style=\"font-size:18px; color:#EC0003;\">&bull;<\/span>&nbsp; Toote- ja grupip&otilde;hine anal&uuml;&uuml;s<br \/>\n\t\t\t\t\t\t\t\t\t\t\t\t<span style=\"font-size:18px; color:#EC0003;\">&bull;<\/span>&nbsp; Aruanded klientide kaupa<br \/>\n\t\t\t\t\t\t\t\t\t\t\t\t<span style=\"font-size:18px; color:#EC0003;\">&bull;<\/span>&nbsp; Raport Reaalajas&nbsp;<\/span><\/td>\n<td width=\"53%\"><img loading=\"lazy\" decoding=\"async\" alt=\"\" height=\"170\" src=\"http:\/\/kampaaniakuller.com\/rtt5\/images\/pic2.png\" width=\"261\" \/><\/td>\n<\/tr>\n<\/tbody>\n<\/table>\n<p>\n\t\t\t\t\t\t\t\t\t&nbsp;<\/td>\n<\/tr>\n<\/tbody>\n<\/table>\n<\/td>\n<\/tr>\n<\/tbody>\n<\/table>\n<p>&nbsp;<\/p>\n<p>\n\t\t\t&nbsp;<\/p>\n<\/td>\n<\/tr>\n<\/tbody>\n<\/table>\n<p>Loe l\u00e4hemalt: <a href=\"http:\/\/www.kassasusteemid.ee\/\" title=\"Kassas\u00fcsteem\">Kassas\u00fcsteem<\/a><\/p>\n","protected":false},"excerpt":{"rendered":"<p>&nbsp; k&otilde;ik &uuml;hes &bull;&nbsp; Printer Kliendin&auml;idik &bull;&nbsp; Euro detector &bull;&nbsp; Sahtel &bull;&nbsp; Puutetundlik ekraan &bull;&nbsp; Operatsiooni s&uuml;steem &nbsp;&nbsp;&nbsp;&nbsp;Windows Posready 7 &bull;&nbsp; Privaatne teie enda Cloud &nbsp; &nbsp; &nbsp; &nbsp; &nbsp; &nbsp; &nbsp; kassatarkvara &nbsp; &nbsp; &nbsp; EELISED &bull;&nbsp; Teie firma andmed on teie k&auml;es! &bull;&nbsp; Puudub kuumaks &bull;&nbsp; Tasuta telefonitugi &bull;&nbsp; Eesti keelne kasutusliides &bull;&nbsp; [&hellip;]<\/p>\n","protected":false},"featured_media":3756,"template":"","meta":[],"product_brand":[],"product_cat":[232],"product_tag":[],"class_list":{"0":"post-3755","1":"product","2":"type-product","3":"status-publish","4":"has-post-thumbnail","6":"product_cat-tarkvara-ru","8":"first","9":"instock","10":"taxable","11":"shipping-taxable","12":"purchasable","13":"product-type-simple"},"acf":[],"yoast_head":"<!-- This site is optimized with the Yoast SEO plugin v24.4 - https:\/\/yoast.com\/wordpress\/plugins\/seo\/ -->\n<title>\u041a\u0430\u0441\u0441\u043e\u0432\u043e\u0435 \u043f\u0440\u043e\u0433\u0440\u0430\u043c\u043c\u043d\u043e\u0435 \u043e\u0431\u0435\u0441\u043f\u0435\u0447\u0435\u043d\u0438\u0435 - RTT<\/title>\n<meta name=\"robots\" content=\"noindex, follow, max-snippet:-1, max-image-preview:large, max-video-preview:-1\" \/>\n<meta property=\"og:locale\" content=\"ru_RU\" \/>\n<meta property=\"og:type\" content=\"article\" \/>\n<meta property=\"og:title\" content=\"\u041a\u0430\u0441\u0441\u043e\u0432\u043e\u0435 \u043f\u0440\u043e\u0433\u0440\u0430\u043c\u043c\u043d\u043e\u0435 \u043e\u0431\u0435\u0441\u043f\u0435\u0447\u0435\u043d\u0438\u0435 - RTT\" \/>\n<meta property=\"og:description\" content=\"&nbsp; k&otilde;ik &uuml;hes &bull;&nbsp; Printer Kliendin&auml;idik &bull;&nbsp; Euro detector &bull;&nbsp; Sahtel &bull;&nbsp; Puutetundlik ekraan &bull;&nbsp; Operatsiooni s&uuml;steem &nbsp;&nbsp;&nbsp;&nbsp;Windows Posready 7 &bull;&nbsp; Privaatne teie enda Cloud &nbsp; &nbsp; &nbsp; &nbsp; &nbsp; &nbsp; &nbsp; kassatarkvara &nbsp; &nbsp; &nbsp; EELISED &bull;&nbsp; Teie firma andmed on teie k&auml;es! &bull;&nbsp; Puudub kuumaks &bull;&nbsp; Tasuta telefonitugi &bull;&nbsp; Eesti keelne kasutusliides &bull;&nbsp; [&hellip;]\" \/>\n<meta property=\"og:url\" content=\"https:\/\/rtt-dev.sitewise.ee\/toode\/tarkvara\/uus-kassatarkvara\/\" \/>\n<meta property=\"og:site_name\" content=\"RTT\" \/>\n<meta property=\"article:modified_time\" content=\"2025-07-07T18:08:15+00:00\" \/>\n<meta property=\"og:image\" content=\"https:\/\/rtt-dev.sitewise.ee\/wp-content\/uploads\/2018\/10\/271_1_s.jpg\" \/>\n\t<meta property=\"og:image:width\" content=\"1042\" \/>\n\t<meta property=\"og:image:height\" content=\"772\" \/>\n\t<meta property=\"og:image:type\" content=\"image\/jpeg\" \/>\n<meta name=\"twitter:card\" content=\"summary_large_image\" \/>\n<meta name=\"twitter:label1\" content=\"\u041f\u0440\u0438\u043c\u0435\u0440\u043d\u043e\u0435 \u0432\u0440\u0435\u043c\u044f \u0434\u043b\u044f \u0447\u0442\u0435\u043d\u0438\u044f\" \/>\n\t<meta name=\"twitter:data1\" content=\"1 \u043c\u0438\u043d\u0443\u0442\u0430\" \/>\n<script type=\"application\/ld+json\" class=\"yoast-schema-graph\">{\"@context\":\"https:\/\/schema.org\",\"@graph\":[{\"@type\":\"WebPage\",\"@id\":\"https:\/\/rtt-dev.sitewise.ee\/toode\/tarkvara\/uus-kassatarkvara\/\",\"url\":\"https:\/\/rtt-dev.sitewise.ee\/toode\/tarkvara\/uus-kassatarkvara\/\",\"name\":\"\u041a\u0430\u0441\u0441\u043e\u0432\u043e\u0435 \u043f\u0440\u043e\u0433\u0440\u0430\u043c\u043c\u043d\u043e\u0435 \u043e\u0431\u0435\u0441\u043f\u0435\u0447\u0435\u043d\u0438\u0435 - RTT\",\"isPartOf\":{\"@id\":\"https:\/\/rtt-dev.sitewise.ee\/#website\"},\"primaryImageOfPage\":{\"@id\":\"https:\/\/rtt-dev.sitewise.ee\/toode\/tarkvara\/uus-kassatarkvara\/#primaryimage\"},\"image\":{\"@id\":\"https:\/\/rtt-dev.sitewise.ee\/toode\/tarkvara\/uus-kassatarkvara\/#primaryimage\"},\"thumbnailUrl\":\"https:\/\/rtt-dev.sitewise.ee\/wp-content\/uploads\/2018\/10\/271_1_s.jpg\",\"datePublished\":\"2018-10-15T22:05:17+00:00\",\"dateModified\":\"2025-07-07T18:08:15+00:00\",\"breadcrumb\":{\"@id\":\"https:\/\/rtt-dev.sitewise.ee\/toode\/tarkvara\/uus-kassatarkvara\/#breadcrumb\"},\"inLanguage\":\"ru-RU\",\"potentialAction\":[{\"@type\":\"ReadAction\",\"target\":[\"https:\/\/rtt-dev.sitewise.ee\/toode\/tarkvara\/uus-kassatarkvara\/\"]}]},{\"@type\":\"ImageObject\",\"inLanguage\":\"ru-RU\",\"@id\":\"https:\/\/rtt-dev.sitewise.ee\/toode\/tarkvara\/uus-kassatarkvara\/#primaryimage\",\"url\":\"https:\/\/rtt-dev.sitewise.ee\/wp-content\/uploads\/2018\/10\/271_1_s.jpg\",\"contentUrl\":\"https:\/\/rtt-dev.sitewise.ee\/wp-content\/uploads\/2018\/10\/271_1_s.jpg\",\"width\":1042,\"height\":772},{\"@type\":\"BreadcrumbList\",\"@id\":\"https:\/\/rtt-dev.sitewise.ee\/toode\/tarkvara\/uus-kassatarkvara\/#breadcrumb\",\"itemListElement\":[{\"@type\":\"ListItem\",\"position\":1,\"name\":\"\u0413\u043b\u0430\u0432\u043d\u0430\u044f\",\"item\":\"https:\/\/rtt-dev.sitewise.ee\/\"},{\"@type\":\"ListItem\",\"position\":2,\"name\":\"Magazin\",\"item\":\"https:\/\/rtt-dev.sitewise.ee\/pood\/\"},{\"@type\":\"ListItem\",\"position\":3,\"name\":\"Tarkvara\",\"item\":\"https:\/\/rtt-dev.sitewise.ee\/tootekategooria\/tarkvara\/\"},{\"@type\":\"ListItem\",\"position\":4,\"name\":\"\u041a\u0430\u0441\u0441\u043e\u0432\u044b\u0435 \u041f\u0440\u043e\u0433\u0440\u0430\u043c\u043c\u043d\u043e\u0435 \u043e\u0431\u0435\u0441\u043f\u0435\u0447\u0435\u043d\u0438\u0435\",\"item\":\"https:\/\/rtt-dev.sitewise.ee\/ru\/tootekategooria\/tarkvara\/%d0%ba%d0%b0%d1%81%d1%81%d0%be%d0%b2%d1%8b%d0%b5-%d0%bf%d1%80%d0%be%d0%b3%d1%80%d0%b0%d0%bc%d0%bc%d0%bd%d0%be%d0%b5-%d0%be%d0%b1%d0%b5%d1%81%d0%bf%d0%b5%d1%87%d0%b5%d0%bd%d0%b8%d0%b5\/\"},{\"@type\":\"ListItem\",\"position\":5,\"name\":\"\u041a\u0430\u0441\u0441\u043e\u0432\u043e\u0435 \u043f\u0440\u043e\u0433\u0440\u0430\u043c\u043c\u043d\u043e\u0435 \u043e\u0431\u0435\u0441\u043f\u0435\u0447\u0435\u043d\u0438\u0435\"}]},{\"@type\":\"WebSite\",\"@id\":\"https:\/\/rtt-dev.sitewise.ee\/#website\",\"url\":\"https:\/\/rtt-dev.sitewise.ee\/\",\"name\":\"RTT\",\"description\":\"Kassaaparaadid ja kontorikaubad\",\"potentialAction\":[{\"@type\":\"SearchAction\",\"target\":{\"@type\":\"EntryPoint\",\"urlTemplate\":\"https:\/\/rtt-dev.sitewise.ee\/?s={search_term_string}\"},\"query-input\":{\"@type\":\"PropertyValueSpecification\",\"valueRequired\":true,\"valueName\":\"search_term_string\"}}],\"inLanguage\":\"ru-RU\"}]}<\/script>\n<!-- \/ Yoast SEO plugin. -->","yoast_head_json":{"title":"\u041a\u0430\u0441\u0441\u043e\u0432\u043e\u0435 \u043f\u0440\u043e\u0433\u0440\u0430\u043c\u043c\u043d\u043e\u0435 \u043e\u0431\u0435\u0441\u043f\u0435\u0447\u0435\u043d\u0438\u0435 - RTT","robots":{"index":"noindex","follow":"follow","max-snippet":"max-snippet:-1","max-image-preview":"max-image-preview:large","max-video-preview":"max-video-preview:-1"},"og_locale":"ru_RU","og_type":"article","og_title":"\u041a\u0430\u0441\u0441\u043e\u0432\u043e\u0435 \u043f\u0440\u043e\u0433\u0440\u0430\u043c\u043c\u043d\u043e\u0435 \u043e\u0431\u0435\u0441\u043f\u0435\u0447\u0435\u043d\u0438\u0435 - RTT","og_description":"&nbsp; k&otilde;ik &uuml;hes &bull;&nbsp; Printer Kliendin&auml;idik &bull;&nbsp; Euro detector &bull;&nbsp; Sahtel &bull;&nbsp; Puutetundlik ekraan &bull;&nbsp; Operatsiooni s&uuml;steem &nbsp;&nbsp;&nbsp;&nbsp;Windows Posready 7 &bull;&nbsp; Privaatne teie enda Cloud &nbsp; &nbsp; &nbsp; &nbsp; &nbsp; &nbsp; &nbsp; kassatarkvara &nbsp; &nbsp; &nbsp; EELISED &bull;&nbsp; Teie firma andmed on teie k&auml;es! &bull;&nbsp; Puudub kuumaks &bull;&nbsp; Tasuta telefonitugi &bull;&nbsp; Eesti keelne kasutusliides &bull;&nbsp; [&hellip;]","og_url":"https:\/\/rtt-dev.sitewise.ee\/toode\/tarkvara\/uus-kassatarkvara\/","og_site_name":"RTT","article_modified_time":"2025-07-07T18:08:15+00:00","og_image":[{"width":1042,"height":772,"url":"https:\/\/rtt-dev.sitewise.ee\/wp-content\/uploads\/2018\/10\/271_1_s.jpg","type":"image\/jpeg"}],"twitter_card":"summary_large_image","twitter_misc":{"\u041f\u0440\u0438\u043c\u0435\u0440\u043d\u043e\u0435 \u0432\u0440\u0435\u043c\u044f \u0434\u043b\u044f \u0447\u0442\u0435\u043d\u0438\u044f":"1 \u043c\u0438\u043d\u0443\u0442\u0430"},"schema":{"@context":"https:\/\/schema.org","@graph":[{"@type":"WebPage","@id":"https:\/\/rtt-dev.sitewise.ee\/toode\/tarkvara\/uus-kassatarkvara\/","url":"https:\/\/rtt-dev.sitewise.ee\/toode\/tarkvara\/uus-kassatarkvara\/","name":"\u041a\u0430\u0441\u0441\u043e\u0432\u043e\u0435 \u043f\u0440\u043e\u0433\u0440\u0430\u043c\u043c\u043d\u043e\u0435 \u043e\u0431\u0435\u0441\u043f\u0435\u0447\u0435\u043d\u0438\u0435 - RTT","isPartOf":{"@id":"https:\/\/rtt-dev.sitewise.ee\/#website"},"primaryImageOfPage":{"@id":"https:\/\/rtt-dev.sitewise.ee\/toode\/tarkvara\/uus-kassatarkvara\/#primaryimage"},"image":{"@id":"https:\/\/rtt-dev.sitewise.ee\/toode\/tarkvara\/uus-kassatarkvara\/#primaryimage"},"thumbnailUrl":"https:\/\/rtt-dev.sitewise.ee\/wp-content\/uploads\/2018\/10\/271_1_s.jpg","datePublished":"2018-10-15T22:05:17+00:00","dateModified":"2025-07-07T18:08:15+00:00","breadcrumb":{"@id":"https:\/\/rtt-dev.sitewise.ee\/toode\/tarkvara\/uus-kassatarkvara\/#breadcrumb"},"inLanguage":"ru-RU","potentialAction":[{"@type":"ReadAction","target":["https:\/\/rtt-dev.sitewise.ee\/toode\/tarkvara\/uus-kassatarkvara\/"]}]},{"@type":"ImageObject","inLanguage":"ru-RU","@id":"https:\/\/rtt-dev.sitewise.ee\/toode\/tarkvara\/uus-kassatarkvara\/#primaryimage","url":"https:\/\/rtt-dev.sitewise.ee\/wp-content\/uploads\/2018\/10\/271_1_s.jpg","contentUrl":"https:\/\/rtt-dev.sitewise.ee\/wp-content\/uploads\/2018\/10\/271_1_s.jpg","width":1042,"height":772},{"@type":"BreadcrumbList","@id":"https:\/\/rtt-dev.sitewise.ee\/toode\/tarkvara\/uus-kassatarkvara\/#breadcrumb","itemListElement":[{"@type":"ListItem","position":1,"name":"\u0413\u043b\u0430\u0432\u043d\u0430\u044f","item":"https:\/\/rtt-dev.sitewise.ee\/"},{"@type":"ListItem","position":2,"name":"Magazin","item":"https:\/\/rtt-dev.sitewise.ee\/pood\/"},{"@type":"ListItem","position":3,"name":"Tarkvara","item":"https:\/\/rtt-dev.sitewise.ee\/tootekategooria\/tarkvara\/"},{"@type":"ListItem","position":4,"name":"\u041a\u0430\u0441\u0441\u043e\u0432\u044b\u0435 \u041f\u0440\u043e\u0433\u0440\u0430\u043c\u043c\u043d\u043e\u0435 \u043e\u0431\u0435\u0441\u043f\u0435\u0447\u0435\u043d\u0438\u0435","item":"https:\/\/rtt-dev.sitewise.ee\/ru\/tootekategooria\/tarkvara\/%d0%ba%d0%b0%d1%81%d1%81%d0%be%d0%b2%d1%8b%d0%b5-%d0%bf%d1%80%d0%be%d0%b3%d1%80%d0%b0%d0%bc%d0%bc%d0%bd%d0%be%d0%b5-%d0%be%d0%b1%d0%b5%d1%81%d0%bf%d0%b5%d1%87%d0%b5%d0%bd%d0%b8%d0%b5\/"},{"@type":"ListItem","position":5,"name":"\u041a\u0430\u0441\u0441\u043e\u0432\u043e\u0435 \u043f\u0440\u043e\u0433\u0440\u0430\u043c\u043c\u043d\u043e\u0435 \u043e\u0431\u0435\u0441\u043f\u0435\u0447\u0435\u043d\u0438\u0435"}]},{"@type":"WebSite","@id":"https:\/\/rtt-dev.sitewise.ee\/#website","url":"https:\/\/rtt-dev.sitewise.ee\/","name":"RTT","description":"Kassaaparaadid ja kontorikaubad","potentialAction":[{"@type":"SearchAction","target":{"@type":"EntryPoint","urlTemplate":"https:\/\/rtt-dev.sitewise.ee\/?s={search_term_string}"},"query-input":{"@type":"PropertyValueSpecification","valueRequired":true,"valueName":"search_term_string"}}],"inLanguage":"ru-RU"}]}},"_links":{"self":[{"href":"https:\/\/rtt-dev.sitewise.ee\/ru\/wp-json\/wp\/v2\/product\/3755","targetHints":{"allow":["GET"]}}],"collection":[{"href":"https:\/\/rtt-dev.sitewise.ee\/ru\/wp-json\/wp\/v2\/product"}],"about":[{"href":"https:\/\/rtt-dev.sitewise.ee\/ru\/wp-json\/wp\/v2\/types\/product"}],"wp:featuredmedia":[{"embeddable":true,"href":"https:\/\/rtt-dev.sitewise.ee\/ru\/wp-json\/wp\/v2\/media\/3756"}],"wp:attachment":[{"href":"https:\/\/rtt-dev.sitewise.ee\/ru\/wp-json\/wp\/v2\/media?parent=3755"}],"wp:term":[{"taxonomy":"product_brand","embeddable":true,"href":"https:\/\/rtt-dev.sitewise.ee\/ru\/wp-json\/wp\/v2\/product_brand?post=3755"},{"taxonomy":"product_cat","embeddable":true,"href":"https:\/\/rtt-dev.sitewise.ee\/ru\/wp-json\/wp\/v2\/product_cat?post=3755"},{"taxonomy":"product_tag","embeddable":true,"href":"https:\/\/rtt-dev.sitewise.ee\/ru\/wp-json\/wp\/v2\/product_tag?post=3755"}],"curies":[{"name":"wp","href":"https:\/\/api.w.org\/{rel}","templated":true}]}}