{"id":3421,"date":"2018-10-16T01:56:31","date_gmt":"2018-10-15T22:56:31","guid":{"rendered":"https:\/\/rtt-dev.sitewise.ee\/toode\/maaratlemata\/tahvelarvuti-panasonic-toughpad-fz-b2-android-4-4-kitkat\/"},"modified":"2025-07-07T21:07:45","modified_gmt":"2025-07-07T18:07:45","slug":"tahvelarvuti-panasonic-toughpad-fz-b2-android-4-4-kitkat","status":"publish","type":"product","link":"https:\/\/rtt-dev.sitewise.ee\/ru\/toode\/mobiilsed-arvutid-ru\/tahvelarvutid-ru\/tahvelarvuti-panasonic-toughpad-fz-b2-android-4-4-kitkat\/","title":{"rendered":"\u041f\u043b\u0430\u043d\u0448\u0435\u0442 Panasonic Toughpad FZ-B2 Android 4.4 KitKat"},"content":{"rendered":"<h3><em><strong>Panasonic Toughpad FZ-B2<\/strong><\/em><\/h3>\n<p>-\u00c2\u0178 7\u201d WXGA ekraan p\u00e4ikesevalguses loetav<\/p>\n<p>-\u00c2\u0178 Android 4.4 KitKat<\/p>\n<p>-\u00c2\u0178 Intel Celeron N2930 neljatuumaline 1.83GHz protsessor<\/p>\n<p>-\u00c2\u0178 Wi-Fi \u00a0ja Bluetooth<\/p>\n<p>-\u00c2\u0178 akutoitel autonoomsus kuni 7 tundi (standardaku)<\/p>\n<p>-\u00c2\u0178 Sobib kasutamiseks veokis v\u00f5i t\u00f5stukil (hoidik saadaval lisavarustusena)<\/p>\n","protected":false},"excerpt":{"rendered":"<p>Panasonic Toughpad FZ-B2 -\u00c2\u0178 7\u201d WXGA ekraan p\u00e4ikesevalguses loetav -\u00c2\u0178 Android 4.4 KitKat -\u00c2\u0178 Intel Celeron N2930 neljatuumaline 1.83GHz protsessor -\u00c2\u0178 Wi-Fi \u00a0ja Bluetooth -\u00c2\u0178 akutoitel autonoomsus kuni 7 tundi (standardaku) -\u00c2\u0178 Sobib kasutamiseks veokis v\u00f5i t\u00f5stukil (hoidik saadaval lisavarustusena)<\/p>\n","protected":false},"featured_media":3422,"template":"","meta":[],"product_brand":[],"product_cat":[255],"product_tag":[],"class_list":{"0":"post-3421","1":"product","2":"type-product","3":"status-publish","4":"has-post-thumbnail","6":"product_cat-tahvelarvutid-ru","8":"first","9":"outofstock","10":"taxable","11":"shipping-taxable","12":"purchasable","13":"product-type-simple"},"acf":[],"yoast_head":"<!-- This site is optimized with the Yoast SEO plugin v24.4 - https:\/\/yoast.com\/wordpress\/plugins\/seo\/ -->\n<title>\u041f\u043b\u0430\u043d\u0448\u0435\u0442 Panasonic Toughpad FZ-B2 Android 4.4 KitKat - RTT<\/title>\n<meta name=\"robots\" content=\"noindex, follow, max-snippet:-1, max-image-preview:large, max-video-preview:-1\" \/>\n<meta property=\"og:locale\" content=\"ru_RU\" \/>\n<meta property=\"og:type\" content=\"article\" \/>\n<meta property=\"og:title\" content=\"\u041f\u043b\u0430\u043d\u0448\u0435\u0442 Panasonic Toughpad FZ-B2 Android 4.4 KitKat - RTT\" \/>\n<meta property=\"og:description\" content=\"Panasonic Toughpad FZ-B2 -\u00c2\u0178 7\u201d WXGA ekraan p\u00e4ikesevalguses loetav -\u00c2\u0178 Android 4.4 KitKat -\u00c2\u0178 Intel Celeron N2930 neljatuumaline 1.83GHz protsessor -\u00c2\u0178 Wi-Fi \u00a0ja Bluetooth -\u00c2\u0178 akutoitel autonoomsus kuni 7 tundi (standardaku) -\u00c2\u0178 Sobib kasutamiseks veokis v\u00f5i t\u00f5stukil (hoidik saadaval lisavarustusena)\" \/>\n<meta property=\"og:url\" content=\"https:\/\/rtt-dev.sitewise.ee\/toode\/mobiilsed-arvutid\/tahvelarvutid\/tahvelarvuti-panasonic-toughpad-fz-b2-android-4-4-kitkat\/\" \/>\n<meta property=\"og:site_name\" content=\"RTT\" \/>\n<meta property=\"article:modified_time\" content=\"2025-07-07T18:07:45+00:00\" \/>\n<meta property=\"og:image\" content=\"https:\/\/rtt-dev.sitewise.ee\/wp-content\/uploads\/2018\/10\/497_1_s.jpg\" \/>\n\t<meta property=\"og:image:width\" content=\"395\" \/>\n\t<meta property=\"og:image:height\" content=\"342\" \/>\n\t<meta property=\"og:image:type\" content=\"image\/jpeg\" \/>\n<meta name=\"twitter:card\" content=\"summary_large_image\" \/>\n<script type=\"application\/ld+json\" class=\"yoast-schema-graph\">{\"@context\":\"https:\/\/schema.org\",\"@graph\":[{\"@type\":\"WebPage\",\"@id\":\"https:\/\/rtt-dev.sitewise.ee\/toode\/mobiilsed-arvutid\/tahvelarvutid\/tahvelarvuti-panasonic-toughpad-fz-b2-android-4-4-kitkat\/\",\"url\":\"https:\/\/rtt-dev.sitewise.ee\/toode\/mobiilsed-arvutid\/tahvelarvutid\/tahvelarvuti-panasonic-toughpad-fz-b2-android-4-4-kitkat\/\",\"name\":\"\u041f\u043b\u0430\u043d\u0448\u0435\u0442 Panasonic Toughpad FZ-B2 Android 4.4 KitKat - RTT\",\"isPartOf\":{\"@id\":\"https:\/\/rtt-dev.sitewise.ee\/#website\"},\"primaryImageOfPage\":{\"@id\":\"https:\/\/rtt-dev.sitewise.ee\/toode\/mobiilsed-arvutid\/tahvelarvutid\/tahvelarvuti-panasonic-toughpad-fz-b2-android-4-4-kitkat\/#primaryimage\"},\"image\":{\"@id\":\"https:\/\/rtt-dev.sitewise.ee\/toode\/mobiilsed-arvutid\/tahvelarvutid\/tahvelarvuti-panasonic-toughpad-fz-b2-android-4-4-kitkat\/#primaryimage\"},\"thumbnailUrl\":\"https:\/\/rtt-dev.sitewise.ee\/wp-content\/uploads\/2018\/10\/497_1_s.jpg\",\"datePublished\":\"2018-10-15T22:56:31+00:00\",\"dateModified\":\"2025-07-07T18:07:45+00:00\",\"breadcrumb\":{\"@id\":\"https:\/\/rtt-dev.sitewise.ee\/toode\/mobiilsed-arvutid\/tahvelarvutid\/tahvelarvuti-panasonic-toughpad-fz-b2-android-4-4-kitkat\/#breadcrumb\"},\"inLanguage\":\"ru-RU\",\"potentialAction\":[{\"@type\":\"ReadAction\",\"target\":[\"https:\/\/rtt-dev.sitewise.ee\/toode\/mobiilsed-arvutid\/tahvelarvutid\/tahvelarvuti-panasonic-toughpad-fz-b2-android-4-4-kitkat\/\"]}]},{\"@type\":\"ImageObject\",\"inLanguage\":\"ru-RU\",\"@id\":\"https:\/\/rtt-dev.sitewise.ee\/toode\/mobiilsed-arvutid\/tahvelarvutid\/tahvelarvuti-panasonic-toughpad-fz-b2-android-4-4-kitkat\/#primaryimage\",\"url\":\"https:\/\/rtt-dev.sitewise.ee\/wp-content\/uploads\/2018\/10\/497_1_s.jpg\",\"contentUrl\":\"https:\/\/rtt-dev.sitewise.ee\/wp-content\/uploads\/2018\/10\/497_1_s.jpg\",\"width\":395,\"height\":342},{\"@type\":\"BreadcrumbList\",\"@id\":\"https:\/\/rtt-dev.sitewise.ee\/toode\/mobiilsed-arvutid\/tahvelarvutid\/tahvelarvuti-panasonic-toughpad-fz-b2-android-4-4-kitkat\/#breadcrumb\",\"itemListElement\":[{\"@type\":\"ListItem\",\"position\":1,\"name\":\"\u0413\u043b\u0430\u0432\u043d\u0430\u044f\",\"item\":\"https:\/\/rtt-dev.sitewise.ee\/\"},{\"@type\":\"ListItem\",\"position\":2,\"name\":\"Magazin\",\"item\":\"https:\/\/rtt-dev.sitewise.ee\/pood\/\"},{\"@type\":\"ListItem\",\"position\":3,\"name\":\"Mobiilsed arvutid\",\"item\":\"https:\/\/rtt-dev.sitewise.ee\/tootekategooria\/mobiilsed-arvutid\/\"},{\"@type\":\"ListItem\",\"position\":4,\"name\":\"Tahvelarvutid\",\"item\":\"https:\/\/rtt-dev.sitewise.ee\/tootekategooria\/mobiilsed-arvutid\/tahvelarvutid\/\"},{\"@type\":\"ListItem\",\"position\":5,\"name\":\"\u041f\u043b\u0430\u043d\u0448\u0435\u0442 Panasonic Toughpad FZ-B2 Android 4.4 KitKat\"}]},{\"@type\":\"WebSite\",\"@id\":\"https:\/\/rtt-dev.sitewise.ee\/#website\",\"url\":\"https:\/\/rtt-dev.sitewise.ee\/\",\"name\":\"RTT\",\"description\":\"Kassaaparaadid ja kontorikaubad\",\"potentialAction\":[{\"@type\":\"SearchAction\",\"target\":{\"@type\":\"EntryPoint\",\"urlTemplate\":\"https:\/\/rtt-dev.sitewise.ee\/?s={search_term_string}\"},\"query-input\":{\"@type\":\"PropertyValueSpecification\",\"valueRequired\":true,\"valueName\":\"search_term_string\"}}],\"inLanguage\":\"ru-RU\"}]}<\/script>\n<!-- \/ Yoast SEO plugin. -->","yoast_head_json":{"title":"\u041f\u043b\u0430\u043d\u0448\u0435\u0442 Panasonic Toughpad FZ-B2 Android 4.4 KitKat - RTT","robots":{"index":"noindex","follow":"follow","max-snippet":"max-snippet:-1","max-image-preview":"max-image-preview:large","max-video-preview":"max-video-preview:-1"},"og_locale":"ru_RU","og_type":"article","og_title":"\u041f\u043b\u0430\u043d\u0448\u0435\u0442 Panasonic Toughpad FZ-B2 Android 4.4 KitKat - RTT","og_description":"Panasonic Toughpad FZ-B2 -\u00c2\u0178 7\u201d WXGA ekraan p\u00e4ikesevalguses loetav -\u00c2\u0178 Android 4.4 KitKat -\u00c2\u0178 Intel Celeron N2930 neljatuumaline 1.83GHz protsessor -\u00c2\u0178 Wi-Fi \u00a0ja Bluetooth -\u00c2\u0178 akutoitel autonoomsus kuni 7 tundi (standardaku) -\u00c2\u0178 Sobib kasutamiseks veokis v\u00f5i t\u00f5stukil (hoidik saadaval lisavarustusena)","og_url":"https:\/\/rtt-dev.sitewise.ee\/toode\/mobiilsed-arvutid\/tahvelarvutid\/tahvelarvuti-panasonic-toughpad-fz-b2-android-4-4-kitkat\/","og_site_name":"RTT","article_modified_time":"2025-07-07T18:07:45+00:00","og_image":[{"width":395,"height":342,"url":"https:\/\/rtt-dev.sitewise.ee\/wp-content\/uploads\/2018\/10\/497_1_s.jpg","type":"image\/jpeg"}],"twitter_card":"summary_large_image","schema":{"@context":"https:\/\/schema.org","@graph":[{"@type":"WebPage","@id":"https:\/\/rtt-dev.sitewise.ee\/toode\/mobiilsed-arvutid\/tahvelarvutid\/tahvelarvuti-panasonic-toughpad-fz-b2-android-4-4-kitkat\/","url":"https:\/\/rtt-dev.sitewise.ee\/toode\/mobiilsed-arvutid\/tahvelarvutid\/tahvelarvuti-panasonic-toughpad-fz-b2-android-4-4-kitkat\/","name":"\u041f\u043b\u0430\u043d\u0448\u0435\u0442 Panasonic Toughpad FZ-B2 Android 4.4 KitKat - RTT","isPartOf":{"@id":"https:\/\/rtt-dev.sitewise.ee\/#website"},"primaryImageOfPage":{"@id":"https:\/\/rtt-dev.sitewise.ee\/toode\/mobiilsed-arvutid\/tahvelarvutid\/tahvelarvuti-panasonic-toughpad-fz-b2-android-4-4-kitkat\/#primaryimage"},"image":{"@id":"https:\/\/rtt-dev.sitewise.ee\/toode\/mobiilsed-arvutid\/tahvelarvutid\/tahvelarvuti-panasonic-toughpad-fz-b2-android-4-4-kitkat\/#primaryimage"},"thumbnailUrl":"https:\/\/rtt-dev.sitewise.ee\/wp-content\/uploads\/2018\/10\/497_1_s.jpg","datePublished":"2018-10-15T22:56:31+00:00","dateModified":"2025-07-07T18:07:45+00:00","breadcrumb":{"@id":"https:\/\/rtt-dev.sitewise.ee\/toode\/mobiilsed-arvutid\/tahvelarvutid\/tahvelarvuti-panasonic-toughpad-fz-b2-android-4-4-kitkat\/#breadcrumb"},"inLanguage":"ru-RU","potentialAction":[{"@type":"ReadAction","target":["https:\/\/rtt-dev.sitewise.ee\/toode\/mobiilsed-arvutid\/tahvelarvutid\/tahvelarvuti-panasonic-toughpad-fz-b2-android-4-4-kitkat\/"]}]},{"@type":"ImageObject","inLanguage":"ru-RU","@id":"https:\/\/rtt-dev.sitewise.ee\/toode\/mobiilsed-arvutid\/tahvelarvutid\/tahvelarvuti-panasonic-toughpad-fz-b2-android-4-4-kitkat\/#primaryimage","url":"https:\/\/rtt-dev.sitewise.ee\/wp-content\/uploads\/2018\/10\/497_1_s.jpg","contentUrl":"https:\/\/rtt-dev.sitewise.ee\/wp-content\/uploads\/2018\/10\/497_1_s.jpg","width":395,"height":342},{"@type":"BreadcrumbList","@id":"https:\/\/rtt-dev.sitewise.ee\/toode\/mobiilsed-arvutid\/tahvelarvutid\/tahvelarvuti-panasonic-toughpad-fz-b2-android-4-4-kitkat\/#breadcrumb","itemListElement":[{"@type":"ListItem","position":1,"name":"\u0413\u043b\u0430\u0432\u043d\u0430\u044f","item":"https:\/\/rtt-dev.sitewise.ee\/"},{"@type":"ListItem","position":2,"name":"Magazin","item":"https:\/\/rtt-dev.sitewise.ee\/pood\/"},{"@type":"ListItem","position":3,"name":"Mobiilsed arvutid","item":"https:\/\/rtt-dev.sitewise.ee\/tootekategooria\/mobiilsed-arvutid\/"},{"@type":"ListItem","position":4,"name":"Tahvelarvutid","item":"https:\/\/rtt-dev.sitewise.ee\/tootekategooria\/mobiilsed-arvutid\/tahvelarvutid\/"},{"@type":"ListItem","position":5,"name":"\u041f\u043b\u0430\u043d\u0448\u0435\u0442 Panasonic Toughpad FZ-B2 Android 4.4 KitKat"}]},{"@type":"WebSite","@id":"https:\/\/rtt-dev.sitewise.ee\/#website","url":"https:\/\/rtt-dev.sitewise.ee\/","name":"RTT","description":"Kassaaparaadid ja kontorikaubad","potentialAction":[{"@type":"SearchAction","target":{"@type":"EntryPoint","urlTemplate":"https:\/\/rtt-dev.sitewise.ee\/?s={search_term_string}"},"query-input":{"@type":"PropertyValueSpecification","valueRequired":true,"valueName":"search_term_string"}}],"inLanguage":"ru-RU"}]}},"_links":{"self":[{"href":"https:\/\/rtt-dev.sitewise.ee\/ru\/wp-json\/wp\/v2\/product\/3421","targetHints":{"allow":["GET"]}}],"collection":[{"href":"https:\/\/rtt-dev.sitewise.ee\/ru\/wp-json\/wp\/v2\/product"}],"about":[{"href":"https:\/\/rtt-dev.sitewise.ee\/ru\/wp-json\/wp\/v2\/types\/product"}],"wp:featuredmedia":[{"embeddable":true,"href":"https:\/\/rtt-dev.sitewise.ee\/ru\/wp-json\/wp\/v2\/media\/3422"}],"wp:attachment":[{"href":"https:\/\/rtt-dev.sitewise.ee\/ru\/wp-json\/wp\/v2\/media?parent=3421"}],"wp:term":[{"taxonomy":"product_brand","embeddable":true,"href":"https:\/\/rtt-dev.sitewise.ee\/ru\/wp-json\/wp\/v2\/product_brand?post=3421"},{"taxonomy":"product_cat","embeddable":true,"href":"https:\/\/rtt-dev.sitewise.ee\/ru\/wp-json\/wp\/v2\/product_cat?post=3421"},{"taxonomy":"product_tag","embeddable":true,"href":"https:\/\/rtt-dev.sitewise.ee\/ru\/wp-json\/wp\/v2\/product_tag?post=3421"}],"curies":[{"name":"wp","href":"https:\/\/api.w.org\/{rel}","templated":true}]}}