{"id":3340,"date":"2022-03-16T02:05:04","date_gmt":"2018-10-15T23:05:04","guid":{"rendered":"https:\/\/rtt-dev.sitewise.ee\/toode\/maaratlemata\/sharp-pn-60ta3-whiteboard\/"},"modified":"2025-07-07T20:51:36","modified_gmt":"2025-07-07T17:51:36","slug":"sharp-pn-60ta3-whiteboard","status":"publish","type":"product","link":"https:\/\/rtt-dev.sitewise.ee\/ru\/toode\/reklaamekraanid-ru\/sharp-pn-60ta3-whiteboard\/","title":{"rendered":"SHARP PN-60TA3 (WHITEBOARD)"},"content":{"rendered":"<p>Tahvlit saab s\u00f5rmega juhtida ning presenteerimisel kasutada \u201cPliiats\u201d funktsiooni. Seda saab kujutada, kui\u00a0 digitaalset tahvlit, kus on erinevaid v\u00f5imalusi pildi v\u00f5i diagrammi paremaks esitlemiseks. Tihtipeale tehakse presenteerimisel tahvlile m\u00e4rkmeid ning hiljem need kustutakse. Smartboardil on v\u00f5imalus need m\u00e4rkmed salvestada ja printida hilisemaks anal\u00fc\u00fcsiks.<\/p>\n<p>Paigaldamiseks on olemas erinevaid lahendusi, alustades spetsiaalsest ratastel liikuvast jalast ning l\u00f5petades tavap\u00e4rase seinakinnitusega.<\/p>\n<p><strong>Tahvli peamised eesm\u00e4rgid<\/strong>:<\/p>\n<p>1. Konverentsk\u00f5nede mugav l\u00e4biviimine<\/p>\n<p>2. \u00d5pperuumides loengute esitlemine<\/p>\n<p>3. Koosolekute korraldamine<\/p>\n<p>4. Presentatsioonid<\/p>\n<p>5. Koolituste l\u00e4biviimine<\/p>\n<p>Lisainfo telefonil\u00a0+372 5087866\u00a0v\u00f5i\u00a0<a href=\"mailto:info@rtt.ee\">info@rtt.ee<\/a><\/p>\n","protected":false},"excerpt":{"rendered":"<p>Tahvlit saab s\u00f5rmega juhtida ning presenteerimisel kasutada \u201cPliiats\u201d funktsiooni. Seda saab kujutada, kui\u00a0 digitaalset tahvlit, kus on erinevaid v\u00f5imalusi pildi v\u00f5i diagrammi paremaks esitlemiseks. Tihtipeale tehakse presenteerimisel tahvlile m\u00e4rkmeid ning hiljem need kustutakse. Smartboardil on v\u00f5imalus need m\u00e4rkmed salvestada ja printida hilisemaks anal\u00fc\u00fcsiks. Paigaldamiseks on olemas erinevaid lahendusi, alustades spetsiaalsest ratastel liikuvast jalast ning l\u00f5petades [&hellip;]<\/p>\n","protected":false},"featured_media":3341,"template":"","meta":[],"product_brand":[],"product_cat":[265],"product_tag":[],"class_list":{"0":"post-3340","1":"product","2":"type-product","3":"status-publish","4":"has-post-thumbnail","6":"product_cat-reklaamekraanid-ru","8":"first","9":"instock","10":"sale","11":"taxable","12":"shipping-taxable","13":"purchasable","14":"product-type-simple"},"acf":[],"yoast_head":"<!-- This site is optimized with the Yoast SEO plugin v24.4 - https:\/\/yoast.com\/wordpress\/plugins\/seo\/ -->\n<title>SHARP PN-60TA3 (WHITEBOARD) - RTT<\/title>\n<meta name=\"robots\" content=\"noindex, follow, max-snippet:-1, max-image-preview:large, max-video-preview:-1\" \/>\n<meta property=\"og:locale\" content=\"ru_RU\" \/>\n<meta property=\"og:type\" content=\"article\" \/>\n<meta property=\"og:title\" content=\"SHARP PN-60TA3 (WHITEBOARD) - RTT\" \/>\n<meta property=\"og:description\" content=\"Tahvlit saab s\u00f5rmega juhtida ning presenteerimisel kasutada \u201cPliiats\u201d funktsiooni. Seda saab kujutada, kui\u00a0 digitaalset tahvlit, kus on erinevaid v\u00f5imalusi pildi v\u00f5i diagrammi paremaks esitlemiseks. Tihtipeale tehakse presenteerimisel tahvlile m\u00e4rkmeid ning hiljem need kustutakse. Smartboardil on v\u00f5imalus need m\u00e4rkmed salvestada ja printida hilisemaks anal\u00fc\u00fcsiks. Paigaldamiseks on olemas erinevaid lahendusi, alustades spetsiaalsest ratastel liikuvast jalast ning l\u00f5petades [&hellip;]\" \/>\n<meta property=\"og:url\" content=\"https:\/\/rtt-dev.sitewise.ee\/toode\/reklaamekraanid\/sharp-pn-60ta3-whiteboard\/\" \/>\n<meta property=\"og:site_name\" content=\"RTT\" \/>\n<meta property=\"article:modified_time\" content=\"2025-07-07T17:51:36+00:00\" \/>\n<meta property=\"og:image\" content=\"https:\/\/rtt-dev.sitewise.ee\/wp-content\/uploads\/2018\/10\/542_1_s.jpg\" \/>\n\t<meta property=\"og:image:width\" content=\"720\" \/>\n\t<meta property=\"og:image:height\" content=\"380\" \/>\n\t<meta property=\"og:image:type\" content=\"image\/jpeg\" \/>\n<meta name=\"twitter:card\" content=\"summary_large_image\" \/>\n<script type=\"application\/ld+json\" class=\"yoast-schema-graph\">{\"@context\":\"https:\/\/schema.org\",\"@graph\":[{\"@type\":\"WebPage\",\"@id\":\"https:\/\/rtt-dev.sitewise.ee\/toode\/reklaamekraanid\/sharp-pn-60ta3-whiteboard\/\",\"url\":\"https:\/\/rtt-dev.sitewise.ee\/toode\/reklaamekraanid\/sharp-pn-60ta3-whiteboard\/\",\"name\":\"SHARP PN-60TA3 (WHITEBOARD) - RTT\",\"isPartOf\":{\"@id\":\"https:\/\/rtt-dev.sitewise.ee\/#website\"},\"primaryImageOfPage\":{\"@id\":\"https:\/\/rtt-dev.sitewise.ee\/toode\/reklaamekraanid\/sharp-pn-60ta3-whiteboard\/#primaryimage\"},\"image\":{\"@id\":\"https:\/\/rtt-dev.sitewise.ee\/toode\/reklaamekraanid\/sharp-pn-60ta3-whiteboard\/#primaryimage\"},\"thumbnailUrl\":\"https:\/\/rtt-dev.sitewise.ee\/wp-content\/uploads\/2018\/10\/542_1_s.jpg\",\"datePublished\":\"2018-10-15T23:05:04+00:00\",\"dateModified\":\"2025-07-07T17:51:36+00:00\",\"breadcrumb\":{\"@id\":\"https:\/\/rtt-dev.sitewise.ee\/toode\/reklaamekraanid\/sharp-pn-60ta3-whiteboard\/#breadcrumb\"},\"inLanguage\":\"ru-RU\",\"potentialAction\":[{\"@type\":\"ReadAction\",\"target\":[\"https:\/\/rtt-dev.sitewise.ee\/toode\/reklaamekraanid\/sharp-pn-60ta3-whiteboard\/\"]}]},{\"@type\":\"ImageObject\",\"inLanguage\":\"ru-RU\",\"@id\":\"https:\/\/rtt-dev.sitewise.ee\/toode\/reklaamekraanid\/sharp-pn-60ta3-whiteboard\/#primaryimage\",\"url\":\"https:\/\/rtt-dev.sitewise.ee\/wp-content\/uploads\/2018\/10\/542_1_s.jpg\",\"contentUrl\":\"https:\/\/rtt-dev.sitewise.ee\/wp-content\/uploads\/2018\/10\/542_1_s.jpg\",\"width\":720,\"height\":380},{\"@type\":\"BreadcrumbList\",\"@id\":\"https:\/\/rtt-dev.sitewise.ee\/toode\/reklaamekraanid\/sharp-pn-60ta3-whiteboard\/#breadcrumb\",\"itemListElement\":[{\"@type\":\"ListItem\",\"position\":1,\"name\":\"\u0413\u043b\u0430\u0432\u043d\u0430\u044f\",\"item\":\"https:\/\/rtt-dev.sitewise.ee\/\"},{\"@type\":\"ListItem\",\"position\":2,\"name\":\"Magazin\",\"item\":\"https:\/\/rtt-dev.sitewise.ee\/pood\/\"},{\"@type\":\"ListItem\",\"position\":3,\"name\":\"Reklaamekraanid\",\"item\":\"https:\/\/rtt-dev.sitewise.ee\/tootekategooria\/reklaamekraanid\/\"},{\"@type\":\"ListItem\",\"position\":4,\"name\":\"SHARP PN-60TA3 (WHITEBOARD)\"}]},{\"@type\":\"WebSite\",\"@id\":\"https:\/\/rtt-dev.sitewise.ee\/#website\",\"url\":\"https:\/\/rtt-dev.sitewise.ee\/\",\"name\":\"RTT\",\"description\":\"Kassaaparaadid ja kontorikaubad\",\"potentialAction\":[{\"@type\":\"SearchAction\",\"target\":{\"@type\":\"EntryPoint\",\"urlTemplate\":\"https:\/\/rtt-dev.sitewise.ee\/?s={search_term_string}\"},\"query-input\":{\"@type\":\"PropertyValueSpecification\",\"valueRequired\":true,\"valueName\":\"search_term_string\"}}],\"inLanguage\":\"ru-RU\"}]}<\/script>\n<!-- \/ Yoast SEO plugin. -->","yoast_head_json":{"title":"SHARP PN-60TA3 (WHITEBOARD) - RTT","robots":{"index":"noindex","follow":"follow","max-snippet":"max-snippet:-1","max-image-preview":"max-image-preview:large","max-video-preview":"max-video-preview:-1"},"og_locale":"ru_RU","og_type":"article","og_title":"SHARP PN-60TA3 (WHITEBOARD) - RTT","og_description":"Tahvlit saab s\u00f5rmega juhtida ning presenteerimisel kasutada \u201cPliiats\u201d funktsiooni. Seda saab kujutada, kui\u00a0 digitaalset tahvlit, kus on erinevaid v\u00f5imalusi pildi v\u00f5i diagrammi paremaks esitlemiseks. Tihtipeale tehakse presenteerimisel tahvlile m\u00e4rkmeid ning hiljem need kustutakse. Smartboardil on v\u00f5imalus need m\u00e4rkmed salvestada ja printida hilisemaks anal\u00fc\u00fcsiks. Paigaldamiseks on olemas erinevaid lahendusi, alustades spetsiaalsest ratastel liikuvast jalast ning l\u00f5petades [&hellip;]","og_url":"https:\/\/rtt-dev.sitewise.ee\/toode\/reklaamekraanid\/sharp-pn-60ta3-whiteboard\/","og_site_name":"RTT","article_modified_time":"2025-07-07T17:51:36+00:00","og_image":[{"width":720,"height":380,"url":"https:\/\/rtt-dev.sitewise.ee\/wp-content\/uploads\/2018\/10\/542_1_s.jpg","type":"image\/jpeg"}],"twitter_card":"summary_large_image","schema":{"@context":"https:\/\/schema.org","@graph":[{"@type":"WebPage","@id":"https:\/\/rtt-dev.sitewise.ee\/toode\/reklaamekraanid\/sharp-pn-60ta3-whiteboard\/","url":"https:\/\/rtt-dev.sitewise.ee\/toode\/reklaamekraanid\/sharp-pn-60ta3-whiteboard\/","name":"SHARP PN-60TA3 (WHITEBOARD) - RTT","isPartOf":{"@id":"https:\/\/rtt-dev.sitewise.ee\/#website"},"primaryImageOfPage":{"@id":"https:\/\/rtt-dev.sitewise.ee\/toode\/reklaamekraanid\/sharp-pn-60ta3-whiteboard\/#primaryimage"},"image":{"@id":"https:\/\/rtt-dev.sitewise.ee\/toode\/reklaamekraanid\/sharp-pn-60ta3-whiteboard\/#primaryimage"},"thumbnailUrl":"https:\/\/rtt-dev.sitewise.ee\/wp-content\/uploads\/2018\/10\/542_1_s.jpg","datePublished":"2018-10-15T23:05:04+00:00","dateModified":"2025-07-07T17:51:36+00:00","breadcrumb":{"@id":"https:\/\/rtt-dev.sitewise.ee\/toode\/reklaamekraanid\/sharp-pn-60ta3-whiteboard\/#breadcrumb"},"inLanguage":"ru-RU","potentialAction":[{"@type":"ReadAction","target":["https:\/\/rtt-dev.sitewise.ee\/toode\/reklaamekraanid\/sharp-pn-60ta3-whiteboard\/"]}]},{"@type":"ImageObject","inLanguage":"ru-RU","@id":"https:\/\/rtt-dev.sitewise.ee\/toode\/reklaamekraanid\/sharp-pn-60ta3-whiteboard\/#primaryimage","url":"https:\/\/rtt-dev.sitewise.ee\/wp-content\/uploads\/2018\/10\/542_1_s.jpg","contentUrl":"https:\/\/rtt-dev.sitewise.ee\/wp-content\/uploads\/2018\/10\/542_1_s.jpg","width":720,"height":380},{"@type":"BreadcrumbList","@id":"https:\/\/rtt-dev.sitewise.ee\/toode\/reklaamekraanid\/sharp-pn-60ta3-whiteboard\/#breadcrumb","itemListElement":[{"@type":"ListItem","position":1,"name":"\u0413\u043b\u0430\u0432\u043d\u0430\u044f","item":"https:\/\/rtt-dev.sitewise.ee\/"},{"@type":"ListItem","position":2,"name":"Magazin","item":"https:\/\/rtt-dev.sitewise.ee\/pood\/"},{"@type":"ListItem","position":3,"name":"Reklaamekraanid","item":"https:\/\/rtt-dev.sitewise.ee\/tootekategooria\/reklaamekraanid\/"},{"@type":"ListItem","position":4,"name":"SHARP PN-60TA3 (WHITEBOARD)"}]},{"@type":"WebSite","@id":"https:\/\/rtt-dev.sitewise.ee\/#website","url":"https:\/\/rtt-dev.sitewise.ee\/","name":"RTT","description":"Kassaaparaadid ja kontorikaubad","potentialAction":[{"@type":"SearchAction","target":{"@type":"EntryPoint","urlTemplate":"https:\/\/rtt-dev.sitewise.ee\/?s={search_term_string}"},"query-input":{"@type":"PropertyValueSpecification","valueRequired":true,"valueName":"search_term_string"}}],"inLanguage":"ru-RU"}]}},"_links":{"self":[{"href":"https:\/\/rtt-dev.sitewise.ee\/ru\/wp-json\/wp\/v2\/product\/3340","targetHints":{"allow":["GET"]}}],"collection":[{"href":"https:\/\/rtt-dev.sitewise.ee\/ru\/wp-json\/wp\/v2\/product"}],"about":[{"href":"https:\/\/rtt-dev.sitewise.ee\/ru\/wp-json\/wp\/v2\/types\/product"}],"wp:featuredmedia":[{"embeddable":true,"href":"https:\/\/rtt-dev.sitewise.ee\/ru\/wp-json\/wp\/v2\/media\/3341"}],"wp:attachment":[{"href":"https:\/\/rtt-dev.sitewise.ee\/ru\/wp-json\/wp\/v2\/media?parent=3340"}],"wp:term":[{"taxonomy":"product_brand","embeddable":true,"href":"https:\/\/rtt-dev.sitewise.ee\/ru\/wp-json\/wp\/v2\/product_brand?post=3340"},{"taxonomy":"product_cat","embeddable":true,"href":"https:\/\/rtt-dev.sitewise.ee\/ru\/wp-json\/wp\/v2\/product_cat?post=3340"},{"taxonomy":"product_tag","embeddable":true,"href":"https:\/\/rtt-dev.sitewise.ee\/ru\/wp-json\/wp\/v2\/product_tag?post=3340"}],"curies":[{"name":"wp","href":"https:\/\/api.w.org\/{rel}","templated":true}]}}