{"id":3306,"date":"2018-10-16T02:09:05","date_gmt":"2018-10-15T23:09:05","guid":{"rendered":"https:\/\/rtt-dev.sitewise.ee\/toode\/maaratlemata\/epson-tm-c3500-va%c2%a4rviline-etiketiprinter\/"},"modified":"2025-07-07T21:07:43","modified_gmt":"2025-07-07T18:07:43","slug":"epson-tm-c3500-va%c2%a4rviline-etiketiprinter","status":"publish","type":"product","link":"https:\/\/rtt-dev.sitewise.ee\/ru\/toode\/printerid-ru\/etiketiprinter-ru\/epson-tm-c3500-va%c2%a4rviline-etiketiprinter\/","title":{"rendered":"\u041f\u043e\u043b\u043d\u043e\u0446\u0432\u0435\u0442\u043d\u044b\u0439 \u0441\u0442\u0440\u0443\u0439\u043d\u044b\u0439 \u043f\u0440\u0438\u043d\u0442\u0435\u0440 \u0434\u043b\u044f \u043f\u0435\u0447\u0430\u0442\u0438 \u044d\u0442\u0438\u043a\u0435\u0442\u043e\u043a Epson TM-C3500"},"content":{"rendered":"<p>Epson TM-C3500 vabastab teid eelprinditud etikettide tellimisest ning teostab v\u00e4rvilise prindi kiirelt ja mugavalt. Sarnaselt must-valgetele etiketiprinteritele on v\u00f5imalik valida erinevate kulumaterjalide vahel( Matt;Pool matt; L\u00e4ige)<br \/>\nKaasa tuleb etiketikujunduse tarkvara NICELABEL.<\/p>\n<p><iframe loading=\"lazy\" src=\"&quot;https:\/\/www.youtube.com\/embed\/5R_fOe5rFMI&quot;\" width=\"&quot;560&quot;\" height=\"&quot;315&quot;\" frameborder=\"&quot;0&quot;\"><\/iframe><\/p>\n<p>&nbsp;<\/p>\n<p><strong>Info: +372 6112 258<br \/>\nBRONEERI AEG ja TULE TUTVUMA MEIE M\u00dc\u00dcGISALONGI Tallinnas KADAKA TEE 36<\/strong><\/p>\n","protected":false},"excerpt":{"rendered":"<p>Epson TM-C3500 vabastab teid eelprinditud etikettide tellimisest ning teostab v\u00e4rvilise prindi kiirelt ja mugavalt. Sarnaselt must-valgetele etiketiprinteritele on v\u00f5imalik valida erinevate kulumaterjalide vahel( Matt;Pool matt; L\u00e4ige) Kaasa tuleb etiketikujunduse tarkvara NICELABEL. &nbsp; Info: +372 6112 258 BRONEERI AEG ja TULE TUTVUMA MEIE M\u00dc\u00dcGISALONGI Tallinnas KADAKA TEE 36<\/p>\n","protected":false},"featured_media":3309,"template":"","meta":[],"product_brand":[],"product_cat":[261],"product_tag":[],"class_list":{"0":"post-3306","1":"product","2":"type-product","3":"status-publish","4":"has-post-thumbnail","6":"product_cat-etiketiprinter-ru","7":"product_brands-epson-ru","9":"first","10":"instock","11":"taxable","12":"shipping-taxable","13":"purchasable","14":"product-type-simple"},"acf":[],"yoast_head":"<!-- This site is optimized with the Yoast SEO plugin v24.4 - https:\/\/yoast.com\/wordpress\/plugins\/seo\/ -->\n<title>\u041f\u043e\u043b\u043d\u043e\u0446\u0432\u0435\u0442\u043d\u044b\u0439 \u0441\u0442\u0440\u0443\u0439\u043d\u044b\u0439 \u043f\u0440\u0438\u043d\u0442\u0435\u0440 \u0434\u043b\u044f \u043f\u0435\u0447\u0430\u0442\u0438 \u044d\u0442\u0438\u043a\u0435\u0442\u043e\u043a Epson TM-C3500 - RTT<\/title>\n<meta name=\"robots\" content=\"noindex, follow, max-snippet:-1, max-image-preview:large, max-video-preview:-1\" \/>\n<meta property=\"og:locale\" content=\"ru_RU\" \/>\n<meta property=\"og:type\" content=\"article\" \/>\n<meta property=\"og:title\" content=\"\u041f\u043e\u043b\u043d\u043e\u0446\u0432\u0435\u0442\u043d\u044b\u0439 \u0441\u0442\u0440\u0443\u0439\u043d\u044b\u0439 \u043f\u0440\u0438\u043d\u0442\u0435\u0440 \u0434\u043b\u044f \u043f\u0435\u0447\u0430\u0442\u0438 \u044d\u0442\u0438\u043a\u0435\u0442\u043e\u043a Epson TM-C3500 - RTT\" \/>\n<meta property=\"og:description\" content=\"Epson TM-C3500 vabastab teid eelprinditud etikettide tellimisest ning teostab v\u00e4rvilise prindi kiirelt ja mugavalt. Sarnaselt must-valgetele etiketiprinteritele on v\u00f5imalik valida erinevate kulumaterjalide vahel( Matt;Pool matt; L\u00e4ige) Kaasa tuleb etiketikujunduse tarkvara NICELABEL. &nbsp; Info: +372 6112 258 BRONEERI AEG ja TULE TUTVUMA MEIE M\u00dc\u00dcGISALONGI Tallinnas KADAKA TEE 36\" \/>\n<meta property=\"og:url\" content=\"https:\/\/rtt-dev.sitewise.ee\/toode\/printerid\/etiketiprinter\/epson-tm-c3500-va\u00a4rviline-etiketiprinter\/\" \/>\n<meta property=\"og:site_name\" content=\"RTT\" \/>\n<meta property=\"article:modified_time\" content=\"2025-07-07T18:07:43+00:00\" \/>\n<meta property=\"og:image\" content=\"https:\/\/rtt-dev.sitewise.ee\/wp-content\/uploads\/2018\/10\/562_1_s.jpg\" \/>\n\t<meta property=\"og:image:width\" content=\"1000\" \/>\n\t<meta property=\"og:image:height\" content=\"1000\" \/>\n\t<meta property=\"og:image:type\" content=\"image\/jpeg\" \/>\n<meta name=\"twitter:card\" content=\"summary_large_image\" \/>\n<script type=\"application\/ld+json\" class=\"yoast-schema-graph\">{\"@context\":\"https:\/\/schema.org\",\"@graph\":[{\"@type\":\"WebPage\",\"@id\":\"https:\/\/rtt-dev.sitewise.ee\/toode\/printerid\/etiketiprinter\/epson-tm-c3500-va%c2%a4rviline-etiketiprinter\/\",\"url\":\"https:\/\/rtt-dev.sitewise.ee\/toode\/printerid\/etiketiprinter\/epson-tm-c3500-va%c2%a4rviline-etiketiprinter\/\",\"name\":\"\u041f\u043e\u043b\u043d\u043e\u0446\u0432\u0435\u0442\u043d\u044b\u0439 \u0441\u0442\u0440\u0443\u0439\u043d\u044b\u0439 \u043f\u0440\u0438\u043d\u0442\u0435\u0440 \u0434\u043b\u044f \u043f\u0435\u0447\u0430\u0442\u0438 \u044d\u0442\u0438\u043a\u0435\u0442\u043e\u043a Epson TM-C3500 - RTT\",\"isPartOf\":{\"@id\":\"https:\/\/rtt-dev.sitewise.ee\/#website\"},\"primaryImageOfPage\":{\"@id\":\"https:\/\/rtt-dev.sitewise.ee\/toode\/printerid\/etiketiprinter\/epson-tm-c3500-va%c2%a4rviline-etiketiprinter\/#primaryimage\"},\"image\":{\"@id\":\"https:\/\/rtt-dev.sitewise.ee\/toode\/printerid\/etiketiprinter\/epson-tm-c3500-va%c2%a4rviline-etiketiprinter\/#primaryimage\"},\"thumbnailUrl\":\"https:\/\/rtt-dev.sitewise.ee\/wp-content\/uploads\/2018\/10\/562_1_s.jpg\",\"datePublished\":\"2018-10-15T23:09:05+00:00\",\"dateModified\":\"2025-07-07T18:07:43+00:00\",\"breadcrumb\":{\"@id\":\"https:\/\/rtt-dev.sitewise.ee\/toode\/printerid\/etiketiprinter\/epson-tm-c3500-va%c2%a4rviline-etiketiprinter\/#breadcrumb\"},\"inLanguage\":\"ru-RU\",\"potentialAction\":[{\"@type\":\"ReadAction\",\"target\":[\"https:\/\/rtt-dev.sitewise.ee\/toode\/printerid\/etiketiprinter\/epson-tm-c3500-va%c2%a4rviline-etiketiprinter\/\"]}]},{\"@type\":\"ImageObject\",\"inLanguage\":\"ru-RU\",\"@id\":\"https:\/\/rtt-dev.sitewise.ee\/toode\/printerid\/etiketiprinter\/epson-tm-c3500-va%c2%a4rviline-etiketiprinter\/#primaryimage\",\"url\":\"https:\/\/rtt-dev.sitewise.ee\/wp-content\/uploads\/2018\/10\/562_1_s.jpg\",\"contentUrl\":\"https:\/\/rtt-dev.sitewise.ee\/wp-content\/uploads\/2018\/10\/562_1_s.jpg\",\"width\":1000,\"height\":1000},{\"@type\":\"BreadcrumbList\",\"@id\":\"https:\/\/rtt-dev.sitewise.ee\/toode\/printerid\/etiketiprinter\/epson-tm-c3500-va%c2%a4rviline-etiketiprinter\/#breadcrumb\",\"itemListElement\":[{\"@type\":\"ListItem\",\"position\":1,\"name\":\"\u0413\u043b\u0430\u0432\u043d\u0430\u044f\",\"item\":\"https:\/\/rtt-dev.sitewise.ee\/\"},{\"@type\":\"ListItem\",\"position\":2,\"name\":\"Magazin\",\"item\":\"https:\/\/rtt-dev.sitewise.ee\/pood\/\"},{\"@type\":\"ListItem\",\"position\":3,\"name\":\"Printerid\",\"item\":\"https:\/\/rtt-dev.sitewise.ee\/tootekategooria\/printerid\/\"},{\"@type\":\"ListItem\",\"position\":4,\"name\":\"Etiketiprinter\",\"item\":\"https:\/\/rtt-dev.sitewise.ee\/tootekategooria\/printerid\/etiketiprinter\/\"},{\"@type\":\"ListItem\",\"position\":5,\"name\":\"\u041f\u043e\u043b\u043d\u043e\u0446\u0432\u0435\u0442\u043d\u044b\u0439 \u0441\u0442\u0440\u0443\u0439\u043d\u044b\u0439 \u043f\u0440\u0438\u043d\u0442\u0435\u0440 \u0434\u043b\u044f \u043f\u0435\u0447\u0430\u0442\u0438 \u044d\u0442\u0438\u043a\u0435\u0442\u043e\u043a Epson TM-C3500\"}]},{\"@type\":\"WebSite\",\"@id\":\"https:\/\/rtt-dev.sitewise.ee\/#website\",\"url\":\"https:\/\/rtt-dev.sitewise.ee\/\",\"name\":\"RTT\",\"description\":\"Kassaaparaadid ja kontorikaubad\",\"potentialAction\":[{\"@type\":\"SearchAction\",\"target\":{\"@type\":\"EntryPoint\",\"urlTemplate\":\"https:\/\/rtt-dev.sitewise.ee\/?s={search_term_string}\"},\"query-input\":{\"@type\":\"PropertyValueSpecification\",\"valueRequired\":true,\"valueName\":\"search_term_string\"}}],\"inLanguage\":\"ru-RU\"}]}<\/script>\n<!-- \/ Yoast SEO plugin. -->","yoast_head_json":{"title":"\u041f\u043e\u043b\u043d\u043e\u0446\u0432\u0435\u0442\u043d\u044b\u0439 \u0441\u0442\u0440\u0443\u0439\u043d\u044b\u0439 \u043f\u0440\u0438\u043d\u0442\u0435\u0440 \u0434\u043b\u044f \u043f\u0435\u0447\u0430\u0442\u0438 \u044d\u0442\u0438\u043a\u0435\u0442\u043e\u043a Epson TM-C3500 - RTT","robots":{"index":"noindex","follow":"follow","max-snippet":"max-snippet:-1","max-image-preview":"max-image-preview:large","max-video-preview":"max-video-preview:-1"},"og_locale":"ru_RU","og_type":"article","og_title":"\u041f\u043e\u043b\u043d\u043e\u0446\u0432\u0435\u0442\u043d\u044b\u0439 \u0441\u0442\u0440\u0443\u0439\u043d\u044b\u0439 \u043f\u0440\u0438\u043d\u0442\u0435\u0440 \u0434\u043b\u044f \u043f\u0435\u0447\u0430\u0442\u0438 \u044d\u0442\u0438\u043a\u0435\u0442\u043e\u043a Epson TM-C3500 - RTT","og_description":"Epson TM-C3500 vabastab teid eelprinditud etikettide tellimisest ning teostab v\u00e4rvilise prindi kiirelt ja mugavalt. Sarnaselt must-valgetele etiketiprinteritele on v\u00f5imalik valida erinevate kulumaterjalide vahel( Matt;Pool matt; L\u00e4ige) Kaasa tuleb etiketikujunduse tarkvara NICELABEL. &nbsp; Info: +372 6112 258 BRONEERI AEG ja TULE TUTVUMA MEIE M\u00dc\u00dcGISALONGI Tallinnas KADAKA TEE 36","og_url":"https:\/\/rtt-dev.sitewise.ee\/toode\/printerid\/etiketiprinter\/epson-tm-c3500-va\u00a4rviline-etiketiprinter\/","og_site_name":"RTT","article_modified_time":"2025-07-07T18:07:43+00:00","og_image":[{"width":1000,"height":1000,"url":"https:\/\/rtt-dev.sitewise.ee\/wp-content\/uploads\/2018\/10\/562_1_s.jpg","type":"image\/jpeg"}],"twitter_card":"summary_large_image","schema":{"@context":"https:\/\/schema.org","@graph":[{"@type":"WebPage","@id":"https:\/\/rtt-dev.sitewise.ee\/toode\/printerid\/etiketiprinter\/epson-tm-c3500-va%c2%a4rviline-etiketiprinter\/","url":"https:\/\/rtt-dev.sitewise.ee\/toode\/printerid\/etiketiprinter\/epson-tm-c3500-va%c2%a4rviline-etiketiprinter\/","name":"\u041f\u043e\u043b\u043d\u043e\u0446\u0432\u0435\u0442\u043d\u044b\u0439 \u0441\u0442\u0440\u0443\u0439\u043d\u044b\u0439 \u043f\u0440\u0438\u043d\u0442\u0435\u0440 \u0434\u043b\u044f \u043f\u0435\u0447\u0430\u0442\u0438 \u044d\u0442\u0438\u043a\u0435\u0442\u043e\u043a Epson TM-C3500 - RTT","isPartOf":{"@id":"https:\/\/rtt-dev.sitewise.ee\/#website"},"primaryImageOfPage":{"@id":"https:\/\/rtt-dev.sitewise.ee\/toode\/printerid\/etiketiprinter\/epson-tm-c3500-va%c2%a4rviline-etiketiprinter\/#primaryimage"},"image":{"@id":"https:\/\/rtt-dev.sitewise.ee\/toode\/printerid\/etiketiprinter\/epson-tm-c3500-va%c2%a4rviline-etiketiprinter\/#primaryimage"},"thumbnailUrl":"https:\/\/rtt-dev.sitewise.ee\/wp-content\/uploads\/2018\/10\/562_1_s.jpg","datePublished":"2018-10-15T23:09:05+00:00","dateModified":"2025-07-07T18:07:43+00:00","breadcrumb":{"@id":"https:\/\/rtt-dev.sitewise.ee\/toode\/printerid\/etiketiprinter\/epson-tm-c3500-va%c2%a4rviline-etiketiprinter\/#breadcrumb"},"inLanguage":"ru-RU","potentialAction":[{"@type":"ReadAction","target":["https:\/\/rtt-dev.sitewise.ee\/toode\/printerid\/etiketiprinter\/epson-tm-c3500-va%c2%a4rviline-etiketiprinter\/"]}]},{"@type":"ImageObject","inLanguage":"ru-RU","@id":"https:\/\/rtt-dev.sitewise.ee\/toode\/printerid\/etiketiprinter\/epson-tm-c3500-va%c2%a4rviline-etiketiprinter\/#primaryimage","url":"https:\/\/rtt-dev.sitewise.ee\/wp-content\/uploads\/2018\/10\/562_1_s.jpg","contentUrl":"https:\/\/rtt-dev.sitewise.ee\/wp-content\/uploads\/2018\/10\/562_1_s.jpg","width":1000,"height":1000},{"@type":"BreadcrumbList","@id":"https:\/\/rtt-dev.sitewise.ee\/toode\/printerid\/etiketiprinter\/epson-tm-c3500-va%c2%a4rviline-etiketiprinter\/#breadcrumb","itemListElement":[{"@type":"ListItem","position":1,"name":"\u0413\u043b\u0430\u0432\u043d\u0430\u044f","item":"https:\/\/rtt-dev.sitewise.ee\/"},{"@type":"ListItem","position":2,"name":"Magazin","item":"https:\/\/rtt-dev.sitewise.ee\/pood\/"},{"@type":"ListItem","position":3,"name":"Printerid","item":"https:\/\/rtt-dev.sitewise.ee\/tootekategooria\/printerid\/"},{"@type":"ListItem","position":4,"name":"Etiketiprinter","item":"https:\/\/rtt-dev.sitewise.ee\/tootekategooria\/printerid\/etiketiprinter\/"},{"@type":"ListItem","position":5,"name":"\u041f\u043e\u043b\u043d\u043e\u0446\u0432\u0435\u0442\u043d\u044b\u0439 \u0441\u0442\u0440\u0443\u0439\u043d\u044b\u0439 \u043f\u0440\u0438\u043d\u0442\u0435\u0440 \u0434\u043b\u044f \u043f\u0435\u0447\u0430\u0442\u0438 \u044d\u0442\u0438\u043a\u0435\u0442\u043e\u043a Epson TM-C3500"}]},{"@type":"WebSite","@id":"https:\/\/rtt-dev.sitewise.ee\/#website","url":"https:\/\/rtt-dev.sitewise.ee\/","name":"RTT","description":"Kassaaparaadid ja kontorikaubad","potentialAction":[{"@type":"SearchAction","target":{"@type":"EntryPoint","urlTemplate":"https:\/\/rtt-dev.sitewise.ee\/?s={search_term_string}"},"query-input":{"@type":"PropertyValueSpecification","valueRequired":true,"valueName":"search_term_string"}}],"inLanguage":"ru-RU"}]}},"_links":{"self":[{"href":"https:\/\/rtt-dev.sitewise.ee\/ru\/wp-json\/wp\/v2\/product\/3306","targetHints":{"allow":["GET"]}}],"collection":[{"href":"https:\/\/rtt-dev.sitewise.ee\/ru\/wp-json\/wp\/v2\/product"}],"about":[{"href":"https:\/\/rtt-dev.sitewise.ee\/ru\/wp-json\/wp\/v2\/types\/product"}],"wp:featuredmedia":[{"embeddable":true,"href":"https:\/\/rtt-dev.sitewise.ee\/ru\/wp-json\/wp\/v2\/media\/3309"}],"wp:attachment":[{"href":"https:\/\/rtt-dev.sitewise.ee\/ru\/wp-json\/wp\/v2\/media?parent=3306"}],"wp:term":[{"taxonomy":"product_brand","embeddable":true,"href":"https:\/\/rtt-dev.sitewise.ee\/ru\/wp-json\/wp\/v2\/product_brand?post=3306"},{"taxonomy":"product_cat","embeddable":true,"href":"https:\/\/rtt-dev.sitewise.ee\/ru\/wp-json\/wp\/v2\/product_cat?post=3306"},{"taxonomy":"product_tag","embeddable":true,"href":"https:\/\/rtt-dev.sitewise.ee\/ru\/wp-json\/wp\/v2\/product_tag?post=3306"}],"curies":[{"name":"wp","href":"https:\/\/api.w.org\/{rel}","templated":true}]}}