{"id":3292,"date":"2018-10-16T02:09:05","date_gmt":"2018-10-15T23:09:05","guid":{"rendered":"https:\/\/rtt-dev.sitewise.ee\/toode\/maaratlemata\/sharp-mx-m266n\/"},"modified":"2025-07-07T21:07:43","modified_gmt":"2025-07-07T18:07:43","slug":"sharp-mx-m266n","status":"publish","type":"product","link":"https:\/\/rtt-dev.sitewise.ee\/ru\/toode\/koopiamasinad-ru\/must-valged-koopiamasinad-ru\/sharp-mx-m266n\/","title":{"rendered":"\u041a\u043e\u043f\u0438\u0440\u043e\u0432\u0430\u043b\u044c\u043d\u044b\u0439 \u0430\u043f\u043f\u0430\u0440\u0430\u0442 \u041c\u0424\u0423 SHARP MX-M266N"},"content":{"rendered":"<p><strong>SHARP MX-M266N<\/strong><\/p>\n<p>Multifunktsionaalne\u00a0must-valge A3 v\u00f5rguseade\u00a0<strong>SHARP MX-M266N<\/strong>. Sobib ideaalselt\u00a0keskmisele b\u00fcroole v\u00f5i\u00a0osakonna t\u00f6\u00f6r\u00fchmale.<\/p>\n<p>Kiirusega kuni\u00a026\u00a0lehte minutis, koos automaatse\u00a0p\u00f6\u00f6rava dokumendis\u00f6\u00f6tja ja dupleksseadmega kahepoolseks<br \/>\nkopeerimiseks ning printimiseks. Seadmel on standardis kaks paberisahtlit mahutavusega 2 x 500 lehte ja<br \/>\nk\u00e4sis\u00f6\u00f6t mahtuvausega 100 lehte<\/p>\n<p>Lihtne ja mugavalt kasutatav\u00a0v\u00e4rviline 7-tolline puutetundlik LCD ekraan, k\u00f5rge tr\u00fckikvaliteet \u00a0( 1200x 600 dpi ) ning kiire v\u00e4rvi v\u00f5rgusk\u00e4nneril liides kiirusega kuni 50 originaali minutis.<\/p>\n<p><strong>SHARP MX-M266N\u00a0<\/strong>pakub igap\u00e4eva t\u00f6\u00f6ks vajalikku t\u00f5husat ning kvaliteetset dokumentide paljundamist, printimist ja skaneerimist.<\/p>\n<p>&nbsp;<\/p>\n<p>&nbsp;<\/p>\n<p class=\"&quot;western&quot;\"><strong>Lisainfo:<\/strong><\/p>\n<p class=\"&quot;western&quot;\"><strong>Imre Kuuskmann<br \/>\nTel: +372 6 112 256<br \/>\nGSM: +372 5 014 470<br \/>\nimre.kuuskmann@rtt.ee<\/strong><\/p>\n","protected":false},"excerpt":{"rendered":"<p>SHARP MX-M266N Multifunktsionaalne\u00a0must-valge A3 v\u00f5rguseade\u00a0SHARP MX-M266N. Sobib ideaalselt\u00a0keskmisele b\u00fcroole v\u00f5i\u00a0osakonna t\u00f6\u00f6r\u00fchmale. Kiirusega kuni\u00a026\u00a0lehte minutis, koos automaatse\u00a0p\u00f6\u00f6rava dokumendis\u00f6\u00f6tja ja dupleksseadmega kahepoolseks kopeerimiseks ning printimiseks. Seadmel on standardis kaks paberisahtlit mahutavusega 2 x 500 lehte ja k\u00e4sis\u00f6\u00f6t mahtuvausega 100 lehte Lihtne ja mugavalt kasutatav\u00a0v\u00e4rviline 7-tolline puutetundlik LCD ekraan, k\u00f5rge tr\u00fckikvaliteet \u00a0( 1200x 600 dpi ) ning kiire [&hellip;]<\/p>\n","protected":false},"featured_media":3296,"template":"","meta":[],"product_brand":[],"product_cat":[238],"product_tag":[],"class_list":{"0":"post-3292","1":"product","2":"type-product","3":"status-publish","4":"has-post-thumbnail","6":"product_cat-must-valged-koopiamasinad-ru","8":"first","9":"outofstock","10":"taxable","11":"shipping-taxable","12":"purchasable","13":"product-type-simple"},"acf":[],"yoast_head":"<!-- This site is optimized with the Yoast SEO plugin v24.4 - https:\/\/yoast.com\/wordpress\/plugins\/seo\/ -->\n<title>\u041a\u043e\u043f\u0438\u0440\u043e\u0432\u0430\u043b\u044c\u043d\u044b\u0439 \u0430\u043f\u043f\u0430\u0440\u0430\u0442 \u041c\u0424\u0423 SHARP MX-M266N - RTT<\/title>\n<meta name=\"robots\" content=\"noindex, follow, max-snippet:-1, max-image-preview:large, max-video-preview:-1\" \/>\n<meta property=\"og:locale\" content=\"ru_RU\" \/>\n<meta property=\"og:type\" content=\"article\" \/>\n<meta property=\"og:title\" content=\"\u041a\u043e\u043f\u0438\u0440\u043e\u0432\u0430\u043b\u044c\u043d\u044b\u0439 \u0430\u043f\u043f\u0430\u0440\u0430\u0442 \u041c\u0424\u0423 SHARP MX-M266N - RTT\" \/>\n<meta property=\"og:description\" content=\"SHARP MX-M266N Multifunktsionaalne\u00a0must-valge A3 v\u00f5rguseade\u00a0SHARP MX-M266N. Sobib ideaalselt\u00a0keskmisele b\u00fcroole v\u00f5i\u00a0osakonna t\u00f6\u00f6r\u00fchmale. Kiirusega kuni\u00a026\u00a0lehte minutis, koos automaatse\u00a0p\u00f6\u00f6rava dokumendis\u00f6\u00f6tja ja dupleksseadmega kahepoolseks kopeerimiseks ning printimiseks. Seadmel on standardis kaks paberisahtlit mahutavusega 2 x 500 lehte ja k\u00e4sis\u00f6\u00f6t mahtuvausega 100 lehte Lihtne ja mugavalt kasutatav\u00a0v\u00e4rviline 7-tolline puutetundlik LCD ekraan, k\u00f5rge tr\u00fckikvaliteet \u00a0( 1200x 600 dpi ) ning kiire [&hellip;]\" \/>\n<meta property=\"og:url\" content=\"https:\/\/rtt-dev.sitewise.ee\/toode\/koopiamasinad\/must-valge-koopiamasinad\/sharp-mx-m266n\/\" \/>\n<meta property=\"og:site_name\" content=\"RTT\" \/>\n<meta property=\"article:modified_time\" content=\"2025-07-07T18:07:43+00:00\" \/>\n<meta property=\"og:image\" content=\"https:\/\/rtt-dev.sitewise.ee\/wp-content\/uploads\/2018\/10\/568_1_s.jpg\" \/>\n\t<meta property=\"og:image:width\" content=\"1200\" \/>\n\t<meta property=\"og:image:height\" content=\"2100\" \/>\n\t<meta property=\"og:image:type\" content=\"image\/jpeg\" \/>\n<meta name=\"twitter:card\" content=\"summary_large_image\" \/>\n<meta name=\"twitter:label1\" content=\"\u041f\u0440\u0438\u043c\u0435\u0440\u043d\u043e\u0435 \u0432\u0440\u0435\u043c\u044f \u0434\u043b\u044f \u0447\u0442\u0435\u043d\u0438\u044f\" \/>\n\t<meta name=\"twitter:data1\" content=\"1 \u043c\u0438\u043d\u0443\u0442\u0430\" \/>\n<script type=\"application\/ld+json\" class=\"yoast-schema-graph\">{\"@context\":\"https:\/\/schema.org\",\"@graph\":[{\"@type\":\"WebPage\",\"@id\":\"https:\/\/rtt-dev.sitewise.ee\/toode\/koopiamasinad\/must-valge-koopiamasinad\/sharp-mx-m266n\/\",\"url\":\"https:\/\/rtt-dev.sitewise.ee\/toode\/koopiamasinad\/must-valge-koopiamasinad\/sharp-mx-m266n\/\",\"name\":\"\u041a\u043e\u043f\u0438\u0440\u043e\u0432\u0430\u043b\u044c\u043d\u044b\u0439 \u0430\u043f\u043f\u0430\u0440\u0430\u0442 \u041c\u0424\u0423 SHARP MX-M266N - RTT\",\"isPartOf\":{\"@id\":\"https:\/\/rtt-dev.sitewise.ee\/#website\"},\"primaryImageOfPage\":{\"@id\":\"https:\/\/rtt-dev.sitewise.ee\/toode\/koopiamasinad\/must-valge-koopiamasinad\/sharp-mx-m266n\/#primaryimage\"},\"image\":{\"@id\":\"https:\/\/rtt-dev.sitewise.ee\/toode\/koopiamasinad\/must-valge-koopiamasinad\/sharp-mx-m266n\/#primaryimage\"},\"thumbnailUrl\":\"https:\/\/rtt-dev.sitewise.ee\/wp-content\/uploads\/2018\/10\/568_1_s.jpg\",\"datePublished\":\"2018-10-15T23:09:05+00:00\",\"dateModified\":\"2025-07-07T18:07:43+00:00\",\"breadcrumb\":{\"@id\":\"https:\/\/rtt-dev.sitewise.ee\/toode\/koopiamasinad\/must-valge-koopiamasinad\/sharp-mx-m266n\/#breadcrumb\"},\"inLanguage\":\"ru-RU\",\"potentialAction\":[{\"@type\":\"ReadAction\",\"target\":[\"https:\/\/rtt-dev.sitewise.ee\/toode\/koopiamasinad\/must-valge-koopiamasinad\/sharp-mx-m266n\/\"]}]},{\"@type\":\"ImageObject\",\"inLanguage\":\"ru-RU\",\"@id\":\"https:\/\/rtt-dev.sitewise.ee\/toode\/koopiamasinad\/must-valge-koopiamasinad\/sharp-mx-m266n\/#primaryimage\",\"url\":\"https:\/\/rtt-dev.sitewise.ee\/wp-content\/uploads\/2018\/10\/568_1_s.jpg\",\"contentUrl\":\"https:\/\/rtt-dev.sitewise.ee\/wp-content\/uploads\/2018\/10\/568_1_s.jpg\",\"width\":1200,\"height\":2100},{\"@type\":\"BreadcrumbList\",\"@id\":\"https:\/\/rtt-dev.sitewise.ee\/toode\/koopiamasinad\/must-valge-koopiamasinad\/sharp-mx-m266n\/#breadcrumb\",\"itemListElement\":[{\"@type\":\"ListItem\",\"position\":1,\"name\":\"\u0413\u043b\u0430\u0432\u043d\u0430\u044f\",\"item\":\"https:\/\/rtt-dev.sitewise.ee\/\"},{\"@type\":\"ListItem\",\"position\":2,\"name\":\"Magazin\",\"item\":\"https:\/\/rtt-dev.sitewise.ee\/pood\/\"},{\"@type\":\"ListItem\",\"position\":3,\"name\":\"Koopiamasinad\",\"item\":\"https:\/\/rtt-dev.sitewise.ee\/tootekategooria\/koopiamasinad\/\"},{\"@type\":\"ListItem\",\"position\":4,\"name\":\"Must-valged koopiamasinad\",\"item\":\"https:\/\/rtt-dev.sitewise.ee\/tootekategooria\/koopiamasinad\/must-valge-koopiamasinad\/\"},{\"@type\":\"ListItem\",\"position\":5,\"name\":\"\u041a\u043e\u043f\u0438\u0440\u043e\u0432\u0430\u043b\u044c\u043d\u044b\u0439 \u0430\u043f\u043f\u0430\u0440\u0430\u0442 \u041c\u0424\u0423 SHARP MX-M266N\"}]},{\"@type\":\"WebSite\",\"@id\":\"https:\/\/rtt-dev.sitewise.ee\/#website\",\"url\":\"https:\/\/rtt-dev.sitewise.ee\/\",\"name\":\"RTT\",\"description\":\"Kassaaparaadid ja kontorikaubad\",\"potentialAction\":[{\"@type\":\"SearchAction\",\"target\":{\"@type\":\"EntryPoint\",\"urlTemplate\":\"https:\/\/rtt-dev.sitewise.ee\/?s={search_term_string}\"},\"query-input\":{\"@type\":\"PropertyValueSpecification\",\"valueRequired\":true,\"valueName\":\"search_term_string\"}}],\"inLanguage\":\"ru-RU\"}]}<\/script>\n<!-- \/ Yoast SEO plugin. -->","yoast_head_json":{"title":"\u041a\u043e\u043f\u0438\u0440\u043e\u0432\u0430\u043b\u044c\u043d\u044b\u0439 \u0430\u043f\u043f\u0430\u0440\u0430\u0442 \u041c\u0424\u0423 SHARP MX-M266N - RTT","robots":{"index":"noindex","follow":"follow","max-snippet":"max-snippet:-1","max-image-preview":"max-image-preview:large","max-video-preview":"max-video-preview:-1"},"og_locale":"ru_RU","og_type":"article","og_title":"\u041a\u043e\u043f\u0438\u0440\u043e\u0432\u0430\u043b\u044c\u043d\u044b\u0439 \u0430\u043f\u043f\u0430\u0440\u0430\u0442 \u041c\u0424\u0423 SHARP MX-M266N - RTT","og_description":"SHARP MX-M266N Multifunktsionaalne\u00a0must-valge A3 v\u00f5rguseade\u00a0SHARP MX-M266N. Sobib ideaalselt\u00a0keskmisele b\u00fcroole v\u00f5i\u00a0osakonna t\u00f6\u00f6r\u00fchmale. Kiirusega kuni\u00a026\u00a0lehte minutis, koos automaatse\u00a0p\u00f6\u00f6rava dokumendis\u00f6\u00f6tja ja dupleksseadmega kahepoolseks kopeerimiseks ning printimiseks. Seadmel on standardis kaks paberisahtlit mahutavusega 2 x 500 lehte ja k\u00e4sis\u00f6\u00f6t mahtuvausega 100 lehte Lihtne ja mugavalt kasutatav\u00a0v\u00e4rviline 7-tolline puutetundlik LCD ekraan, k\u00f5rge tr\u00fckikvaliteet \u00a0( 1200x 600 dpi ) ning kiire [&hellip;]","og_url":"https:\/\/rtt-dev.sitewise.ee\/toode\/koopiamasinad\/must-valge-koopiamasinad\/sharp-mx-m266n\/","og_site_name":"RTT","article_modified_time":"2025-07-07T18:07:43+00:00","og_image":[{"width":1200,"height":2100,"url":"https:\/\/rtt-dev.sitewise.ee\/wp-content\/uploads\/2018\/10\/568_1_s.jpg","type":"image\/jpeg"}],"twitter_card":"summary_large_image","twitter_misc":{"\u041f\u0440\u0438\u043c\u0435\u0440\u043d\u043e\u0435 \u0432\u0440\u0435\u043c\u044f \u0434\u043b\u044f \u0447\u0442\u0435\u043d\u0438\u044f":"1 \u043c\u0438\u043d\u0443\u0442\u0430"},"schema":{"@context":"https:\/\/schema.org","@graph":[{"@type":"WebPage","@id":"https:\/\/rtt-dev.sitewise.ee\/toode\/koopiamasinad\/must-valge-koopiamasinad\/sharp-mx-m266n\/","url":"https:\/\/rtt-dev.sitewise.ee\/toode\/koopiamasinad\/must-valge-koopiamasinad\/sharp-mx-m266n\/","name":"\u041a\u043e\u043f\u0438\u0440\u043e\u0432\u0430\u043b\u044c\u043d\u044b\u0439 \u0430\u043f\u043f\u0430\u0440\u0430\u0442 \u041c\u0424\u0423 SHARP MX-M266N - RTT","isPartOf":{"@id":"https:\/\/rtt-dev.sitewise.ee\/#website"},"primaryImageOfPage":{"@id":"https:\/\/rtt-dev.sitewise.ee\/toode\/koopiamasinad\/must-valge-koopiamasinad\/sharp-mx-m266n\/#primaryimage"},"image":{"@id":"https:\/\/rtt-dev.sitewise.ee\/toode\/koopiamasinad\/must-valge-koopiamasinad\/sharp-mx-m266n\/#primaryimage"},"thumbnailUrl":"https:\/\/rtt-dev.sitewise.ee\/wp-content\/uploads\/2018\/10\/568_1_s.jpg","datePublished":"2018-10-15T23:09:05+00:00","dateModified":"2025-07-07T18:07:43+00:00","breadcrumb":{"@id":"https:\/\/rtt-dev.sitewise.ee\/toode\/koopiamasinad\/must-valge-koopiamasinad\/sharp-mx-m266n\/#breadcrumb"},"inLanguage":"ru-RU","potentialAction":[{"@type":"ReadAction","target":["https:\/\/rtt-dev.sitewise.ee\/toode\/koopiamasinad\/must-valge-koopiamasinad\/sharp-mx-m266n\/"]}]},{"@type":"ImageObject","inLanguage":"ru-RU","@id":"https:\/\/rtt-dev.sitewise.ee\/toode\/koopiamasinad\/must-valge-koopiamasinad\/sharp-mx-m266n\/#primaryimage","url":"https:\/\/rtt-dev.sitewise.ee\/wp-content\/uploads\/2018\/10\/568_1_s.jpg","contentUrl":"https:\/\/rtt-dev.sitewise.ee\/wp-content\/uploads\/2018\/10\/568_1_s.jpg","width":1200,"height":2100},{"@type":"BreadcrumbList","@id":"https:\/\/rtt-dev.sitewise.ee\/toode\/koopiamasinad\/must-valge-koopiamasinad\/sharp-mx-m266n\/#breadcrumb","itemListElement":[{"@type":"ListItem","position":1,"name":"\u0413\u043b\u0430\u0432\u043d\u0430\u044f","item":"https:\/\/rtt-dev.sitewise.ee\/"},{"@type":"ListItem","position":2,"name":"Magazin","item":"https:\/\/rtt-dev.sitewise.ee\/pood\/"},{"@type":"ListItem","position":3,"name":"Koopiamasinad","item":"https:\/\/rtt-dev.sitewise.ee\/tootekategooria\/koopiamasinad\/"},{"@type":"ListItem","position":4,"name":"Must-valged koopiamasinad","item":"https:\/\/rtt-dev.sitewise.ee\/tootekategooria\/koopiamasinad\/must-valge-koopiamasinad\/"},{"@type":"ListItem","position":5,"name":"\u041a\u043e\u043f\u0438\u0440\u043e\u0432\u0430\u043b\u044c\u043d\u044b\u0439 \u0430\u043f\u043f\u0430\u0440\u0430\u0442 \u041c\u0424\u0423 SHARP MX-M266N"}]},{"@type":"WebSite","@id":"https:\/\/rtt-dev.sitewise.ee\/#website","url":"https:\/\/rtt-dev.sitewise.ee\/","name":"RTT","description":"Kassaaparaadid ja kontorikaubad","potentialAction":[{"@type":"SearchAction","target":{"@type":"EntryPoint","urlTemplate":"https:\/\/rtt-dev.sitewise.ee\/?s={search_term_string}"},"query-input":{"@type":"PropertyValueSpecification","valueRequired":true,"valueName":"search_term_string"}}],"inLanguage":"ru-RU"}]}},"_links":{"self":[{"href":"https:\/\/rtt-dev.sitewise.ee\/ru\/wp-json\/wp\/v2\/product\/3292","targetHints":{"allow":["GET"]}}],"collection":[{"href":"https:\/\/rtt-dev.sitewise.ee\/ru\/wp-json\/wp\/v2\/product"}],"about":[{"href":"https:\/\/rtt-dev.sitewise.ee\/ru\/wp-json\/wp\/v2\/types\/product"}],"wp:featuredmedia":[{"embeddable":true,"href":"https:\/\/rtt-dev.sitewise.ee\/ru\/wp-json\/wp\/v2\/media\/3296"}],"wp:attachment":[{"href":"https:\/\/rtt-dev.sitewise.ee\/ru\/wp-json\/wp\/v2\/media?parent=3292"}],"wp:term":[{"taxonomy":"product_brand","embeddable":true,"href":"https:\/\/rtt-dev.sitewise.ee\/ru\/wp-json\/wp\/v2\/product_brand?post=3292"},{"taxonomy":"product_cat","embeddable":true,"href":"https:\/\/rtt-dev.sitewise.ee\/ru\/wp-json\/wp\/v2\/product_cat?post=3292"},{"taxonomy":"product_tag","embeddable":true,"href":"https:\/\/rtt-dev.sitewise.ee\/ru\/wp-json\/wp\/v2\/product_tag?post=3292"}],"curies":[{"name":"wp","href":"https:\/\/api.w.org\/{rel}","templated":true}]}}