{"id":3266,"date":"2018-10-16T02:13:11","date_gmt":"2018-10-15T23:13:11","guid":{"rendered":"https:\/\/rtt-dev.sitewise.ee\/toode\/maaratlemata\/sharp-mx-m4050\/"},"modified":"2025-07-07T21:07:42","modified_gmt":"2025-07-07T18:07:42","slug":"sharp-mx-m4050","status":"publish","type":"product","link":"https:\/\/rtt-dev.sitewise.ee\/ru\/toode\/koopiamasinad-ru\/must-valged-koopiamasinad-ru\/sharp-mx-m4050\/","title":{"rendered":"\u041a\u043e\u043f\u0438\u0440\u043e\u0432\u0430\u043b\u044c\u043d\u044b\u0439 \u0430\u043f\u043f\u0430\u0440\u0430\u0442 \u041c\u0424\u0423 SHARP MX-M4050"},"content":{"rendered":"<h3><strong>SHARP MX-M4050<\/strong><\/h3>\n<h3>Sharp MX-M4050\u00a0on must-valge kuni A3 paberiformaadile m\u00f5eldud multifunktsionaalne seade mis on varustatud paljude t\u00e4iustatud j\u00f5udlusfunktsioonidega.<br \/>\nSharp MX-M4050\u00a0\u00fchendab endas v\u00e4rvi v\u00f5rguskaneerimise,v\u00f5imsad printimise -ja kopeerimise funktsioonid, mis tagavad t\u00f5rgetata t\u00f6\u00f6 igas kontoris.<\/h3>\n<h3>Kiirusega 40\u00a0lehte minutis, koos automaatse p\u00f6\u00f6rava\u00a0dokumendis\u00f6\u00f6tja ja dupleksseadmega v\u00f5imaldab Sharp MX-M4050\u00a0kiiret kahepoolset kopeerimiset, printimist ja skaneerimist.<br \/>\nSeadmel on standardis kaks paberisahtlit mahutavusega 2 x 550 lehte ja\u00a0k\u00e4sis\u00f6\u00f6t mahtuvausega 100 lehte.<\/h3>\n<h3>Seade on varustatud lihtsalt ja mugavalt kasutatava v\u00e4rvilise 10,1-tollise puutetundliku LCD ekraaniga.<\/h3>\n<h3>Sharp MX-M4050\u00a0kiirelt kasutatav kaughaldus v\u00f5imaldab IT- juhtidelt seadme administeerimist ja<br \/>\nhaldamist oma t\u00f6\u00f6laua tagant lahkumatta.<\/h3>\n<h3>Seadet on v\u00f5imalik vastavalt vajadusele komplekteerida lisaseadmetega,<br \/>\nmis muudavad\u00a0Sharp MX-M4050\u00a0kasutamise veelgi mugavamaks ja efektiivsemaks.<\/h3>\n<h3>Sharp MX-M4050\u00a0sobib ideaalselt keskmisele v\u00f5i suuremale t\u00f6\u00f6grupile kus<br \/>\nvajatakse\u00a0kiiret ja t\u00f6\u00f6kindlat kontoritehnikat.<\/h3>\n<p>&nbsp;<\/p>\n<p class=\"&quot;western&quot;\"><strong>Lisainfo:<\/strong><\/p>\n<p class=\"&quot;western&quot;\"><strong>Imre Kuuskmann<br \/>\nTel: +372 6 112 256<br \/>\nGSM: +372 5 014 470<br \/>\nimre.kuuskmann@rtt.ee<\/strong><\/p>\n","protected":false},"excerpt":{"rendered":"<p>SHARP MX-M4050 Sharp MX-M4050\u00a0on must-valge kuni A3 paberiformaadile m\u00f5eldud multifunktsionaalne seade mis on varustatud paljude t\u00e4iustatud j\u00f5udlusfunktsioonidega. Sharp MX-M4050\u00a0\u00fchendab endas v\u00e4rvi v\u00f5rguskaneerimise,v\u00f5imsad printimise -ja kopeerimise funktsioonid, mis tagavad t\u00f5rgetata t\u00f6\u00f6 igas kontoris. Kiirusega 40\u00a0lehte minutis, koos automaatse p\u00f6\u00f6rava\u00a0dokumendis\u00f6\u00f6tja ja dupleksseadmega v\u00f5imaldab Sharp MX-M4050\u00a0kiiret kahepoolset kopeerimiset, printimist ja skaneerimist. Seadmel on standardis kaks paberisahtlit mahutavusega 2 [&hellip;]<\/p>\n","protected":false},"featured_media":3267,"template":"","meta":[],"product_brand":[],"product_cat":[238],"product_tag":[],"class_list":{"0":"post-3266","1":"product","2":"type-product","3":"status-publish","4":"has-post-thumbnail","6":"product_cat-must-valged-koopiamasinad-ru","8":"first","9":"outofstock","10":"taxable","11":"shipping-taxable","12":"purchasable","13":"product-type-simple"},"acf":[],"yoast_head":"<!-- This site is optimized with the Yoast SEO plugin v24.4 - https:\/\/yoast.com\/wordpress\/plugins\/seo\/ -->\n<title>\u041a\u043e\u043f\u0438\u0440\u043e\u0432\u0430\u043b\u044c\u043d\u044b\u0439 \u0430\u043f\u043f\u0430\u0440\u0430\u0442 \u041c\u0424\u0423 SHARP MX-M4050 - RTT<\/title>\n<meta name=\"robots\" content=\"noindex, follow, max-snippet:-1, max-image-preview:large, max-video-preview:-1\" \/>\n<meta property=\"og:locale\" content=\"ru_RU\" \/>\n<meta property=\"og:type\" content=\"article\" \/>\n<meta property=\"og:title\" content=\"\u041a\u043e\u043f\u0438\u0440\u043e\u0432\u0430\u043b\u044c\u043d\u044b\u0439 \u0430\u043f\u043f\u0430\u0440\u0430\u0442 \u041c\u0424\u0423 SHARP MX-M4050 - RTT\" \/>\n<meta property=\"og:description\" content=\"SHARP MX-M4050 Sharp MX-M4050\u00a0on must-valge kuni A3 paberiformaadile m\u00f5eldud multifunktsionaalne seade mis on varustatud paljude t\u00e4iustatud j\u00f5udlusfunktsioonidega. Sharp MX-M4050\u00a0\u00fchendab endas v\u00e4rvi v\u00f5rguskaneerimise,v\u00f5imsad printimise -ja kopeerimise funktsioonid, mis tagavad t\u00f5rgetata t\u00f6\u00f6 igas kontoris. Kiirusega 40\u00a0lehte minutis, koos automaatse p\u00f6\u00f6rava\u00a0dokumendis\u00f6\u00f6tja ja dupleksseadmega v\u00f5imaldab Sharp MX-M4050\u00a0kiiret kahepoolset kopeerimiset, printimist ja skaneerimist. Seadmel on standardis kaks paberisahtlit mahutavusega 2 [&hellip;]\" \/>\n<meta property=\"og:url\" content=\"https:\/\/rtt-dev.sitewise.ee\/toode\/koopiamasinad\/must-valge-koopiamasinad\/sharp-mx-m4050\/\" \/>\n<meta property=\"og:site_name\" content=\"RTT\" \/>\n<meta property=\"article:modified_time\" content=\"2025-07-07T18:07:42+00:00\" \/>\n<meta property=\"og:image\" content=\"https:\/\/rtt-dev.sitewise.ee\/wp-content\/uploads\/2018\/10\/574_1_s.jpg\" \/>\n\t<meta property=\"og:image:width\" content=\"1200\" \/>\n\t<meta property=\"og:image:height\" content=\"2250\" \/>\n\t<meta property=\"og:image:type\" content=\"image\/jpeg\" \/>\n<meta name=\"twitter:card\" content=\"summary_large_image\" \/>\n<meta name=\"twitter:label1\" content=\"\u041f\u0440\u0438\u043c\u0435\u0440\u043d\u043e\u0435 \u0432\u0440\u0435\u043c\u044f \u0434\u043b\u044f \u0447\u0442\u0435\u043d\u0438\u044f\" \/>\n\t<meta name=\"twitter:data1\" content=\"1 \u043c\u0438\u043d\u0443\u0442\u0430\" \/>\n<script type=\"application\/ld+json\" class=\"yoast-schema-graph\">{\"@context\":\"https:\/\/schema.org\",\"@graph\":[{\"@type\":\"WebPage\",\"@id\":\"https:\/\/rtt-dev.sitewise.ee\/toode\/koopiamasinad\/must-valge-koopiamasinad\/sharp-mx-m4050\/\",\"url\":\"https:\/\/rtt-dev.sitewise.ee\/toode\/koopiamasinad\/must-valge-koopiamasinad\/sharp-mx-m4050\/\",\"name\":\"\u041a\u043e\u043f\u0438\u0440\u043e\u0432\u0430\u043b\u044c\u043d\u044b\u0439 \u0430\u043f\u043f\u0430\u0440\u0430\u0442 \u041c\u0424\u0423 SHARP MX-M4050 - RTT\",\"isPartOf\":{\"@id\":\"https:\/\/rtt-dev.sitewise.ee\/#website\"},\"primaryImageOfPage\":{\"@id\":\"https:\/\/rtt-dev.sitewise.ee\/toode\/koopiamasinad\/must-valge-koopiamasinad\/sharp-mx-m4050\/#primaryimage\"},\"image\":{\"@id\":\"https:\/\/rtt-dev.sitewise.ee\/toode\/koopiamasinad\/must-valge-koopiamasinad\/sharp-mx-m4050\/#primaryimage\"},\"thumbnailUrl\":\"https:\/\/rtt-dev.sitewise.ee\/wp-content\/uploads\/2018\/10\/574_1_s.jpg\",\"datePublished\":\"2018-10-15T23:13:11+00:00\",\"dateModified\":\"2025-07-07T18:07:42+00:00\",\"breadcrumb\":{\"@id\":\"https:\/\/rtt-dev.sitewise.ee\/toode\/koopiamasinad\/must-valge-koopiamasinad\/sharp-mx-m4050\/#breadcrumb\"},\"inLanguage\":\"ru-RU\",\"potentialAction\":[{\"@type\":\"ReadAction\",\"target\":[\"https:\/\/rtt-dev.sitewise.ee\/toode\/koopiamasinad\/must-valge-koopiamasinad\/sharp-mx-m4050\/\"]}]},{\"@type\":\"ImageObject\",\"inLanguage\":\"ru-RU\",\"@id\":\"https:\/\/rtt-dev.sitewise.ee\/toode\/koopiamasinad\/must-valge-koopiamasinad\/sharp-mx-m4050\/#primaryimage\",\"url\":\"https:\/\/rtt-dev.sitewise.ee\/wp-content\/uploads\/2018\/10\/574_1_s.jpg\",\"contentUrl\":\"https:\/\/rtt-dev.sitewise.ee\/wp-content\/uploads\/2018\/10\/574_1_s.jpg\",\"width\":1200,\"height\":2250},{\"@type\":\"BreadcrumbList\",\"@id\":\"https:\/\/rtt-dev.sitewise.ee\/toode\/koopiamasinad\/must-valge-koopiamasinad\/sharp-mx-m4050\/#breadcrumb\",\"itemListElement\":[{\"@type\":\"ListItem\",\"position\":1,\"name\":\"\u0413\u043b\u0430\u0432\u043d\u0430\u044f\",\"item\":\"https:\/\/rtt-dev.sitewise.ee\/\"},{\"@type\":\"ListItem\",\"position\":2,\"name\":\"Magazin\",\"item\":\"https:\/\/rtt-dev.sitewise.ee\/pood\/\"},{\"@type\":\"ListItem\",\"position\":3,\"name\":\"Koopiamasinad\",\"item\":\"https:\/\/rtt-dev.sitewise.ee\/tootekategooria\/koopiamasinad\/\"},{\"@type\":\"ListItem\",\"position\":4,\"name\":\"Must-valged koopiamasinad\",\"item\":\"https:\/\/rtt-dev.sitewise.ee\/tootekategooria\/koopiamasinad\/must-valge-koopiamasinad\/\"},{\"@type\":\"ListItem\",\"position\":5,\"name\":\"\u041a\u043e\u043f\u0438\u0440\u043e\u0432\u0430\u043b\u044c\u043d\u044b\u0439 \u0430\u043f\u043f\u0430\u0440\u0430\u0442 \u041c\u0424\u0423 SHARP MX-M4050\"}]},{\"@type\":\"WebSite\",\"@id\":\"https:\/\/rtt-dev.sitewise.ee\/#website\",\"url\":\"https:\/\/rtt-dev.sitewise.ee\/\",\"name\":\"RTT\",\"description\":\"Kassaaparaadid ja kontorikaubad\",\"potentialAction\":[{\"@type\":\"SearchAction\",\"target\":{\"@type\":\"EntryPoint\",\"urlTemplate\":\"https:\/\/rtt-dev.sitewise.ee\/?s={search_term_string}\"},\"query-input\":{\"@type\":\"PropertyValueSpecification\",\"valueRequired\":true,\"valueName\":\"search_term_string\"}}],\"inLanguage\":\"ru-RU\"}]}<\/script>\n<!-- \/ Yoast SEO plugin. -->","yoast_head_json":{"title":"\u041a\u043e\u043f\u0438\u0440\u043e\u0432\u0430\u043b\u044c\u043d\u044b\u0439 \u0430\u043f\u043f\u0430\u0440\u0430\u0442 \u041c\u0424\u0423 SHARP MX-M4050 - RTT","robots":{"index":"noindex","follow":"follow","max-snippet":"max-snippet:-1","max-image-preview":"max-image-preview:large","max-video-preview":"max-video-preview:-1"},"og_locale":"ru_RU","og_type":"article","og_title":"\u041a\u043e\u043f\u0438\u0440\u043e\u0432\u0430\u043b\u044c\u043d\u044b\u0439 \u0430\u043f\u043f\u0430\u0440\u0430\u0442 \u041c\u0424\u0423 SHARP MX-M4050 - RTT","og_description":"SHARP MX-M4050 Sharp MX-M4050\u00a0on must-valge kuni A3 paberiformaadile m\u00f5eldud multifunktsionaalne seade mis on varustatud paljude t\u00e4iustatud j\u00f5udlusfunktsioonidega. Sharp MX-M4050\u00a0\u00fchendab endas v\u00e4rvi v\u00f5rguskaneerimise,v\u00f5imsad printimise -ja kopeerimise funktsioonid, mis tagavad t\u00f5rgetata t\u00f6\u00f6 igas kontoris. Kiirusega 40\u00a0lehte minutis, koos automaatse p\u00f6\u00f6rava\u00a0dokumendis\u00f6\u00f6tja ja dupleksseadmega v\u00f5imaldab Sharp MX-M4050\u00a0kiiret kahepoolset kopeerimiset, printimist ja skaneerimist. Seadmel on standardis kaks paberisahtlit mahutavusega 2 [&hellip;]","og_url":"https:\/\/rtt-dev.sitewise.ee\/toode\/koopiamasinad\/must-valge-koopiamasinad\/sharp-mx-m4050\/","og_site_name":"RTT","article_modified_time":"2025-07-07T18:07:42+00:00","og_image":[{"width":1200,"height":2250,"url":"https:\/\/rtt-dev.sitewise.ee\/wp-content\/uploads\/2018\/10\/574_1_s.jpg","type":"image\/jpeg"}],"twitter_card":"summary_large_image","twitter_misc":{"\u041f\u0440\u0438\u043c\u0435\u0440\u043d\u043e\u0435 \u0432\u0440\u0435\u043c\u044f \u0434\u043b\u044f \u0447\u0442\u0435\u043d\u0438\u044f":"1 \u043c\u0438\u043d\u0443\u0442\u0430"},"schema":{"@context":"https:\/\/schema.org","@graph":[{"@type":"WebPage","@id":"https:\/\/rtt-dev.sitewise.ee\/toode\/koopiamasinad\/must-valge-koopiamasinad\/sharp-mx-m4050\/","url":"https:\/\/rtt-dev.sitewise.ee\/toode\/koopiamasinad\/must-valge-koopiamasinad\/sharp-mx-m4050\/","name":"\u041a\u043e\u043f\u0438\u0440\u043e\u0432\u0430\u043b\u044c\u043d\u044b\u0439 \u0430\u043f\u043f\u0430\u0440\u0430\u0442 \u041c\u0424\u0423 SHARP MX-M4050 - RTT","isPartOf":{"@id":"https:\/\/rtt-dev.sitewise.ee\/#website"},"primaryImageOfPage":{"@id":"https:\/\/rtt-dev.sitewise.ee\/toode\/koopiamasinad\/must-valge-koopiamasinad\/sharp-mx-m4050\/#primaryimage"},"image":{"@id":"https:\/\/rtt-dev.sitewise.ee\/toode\/koopiamasinad\/must-valge-koopiamasinad\/sharp-mx-m4050\/#primaryimage"},"thumbnailUrl":"https:\/\/rtt-dev.sitewise.ee\/wp-content\/uploads\/2018\/10\/574_1_s.jpg","datePublished":"2018-10-15T23:13:11+00:00","dateModified":"2025-07-07T18:07:42+00:00","breadcrumb":{"@id":"https:\/\/rtt-dev.sitewise.ee\/toode\/koopiamasinad\/must-valge-koopiamasinad\/sharp-mx-m4050\/#breadcrumb"},"inLanguage":"ru-RU","potentialAction":[{"@type":"ReadAction","target":["https:\/\/rtt-dev.sitewise.ee\/toode\/koopiamasinad\/must-valge-koopiamasinad\/sharp-mx-m4050\/"]}]},{"@type":"ImageObject","inLanguage":"ru-RU","@id":"https:\/\/rtt-dev.sitewise.ee\/toode\/koopiamasinad\/must-valge-koopiamasinad\/sharp-mx-m4050\/#primaryimage","url":"https:\/\/rtt-dev.sitewise.ee\/wp-content\/uploads\/2018\/10\/574_1_s.jpg","contentUrl":"https:\/\/rtt-dev.sitewise.ee\/wp-content\/uploads\/2018\/10\/574_1_s.jpg","width":1200,"height":2250},{"@type":"BreadcrumbList","@id":"https:\/\/rtt-dev.sitewise.ee\/toode\/koopiamasinad\/must-valge-koopiamasinad\/sharp-mx-m4050\/#breadcrumb","itemListElement":[{"@type":"ListItem","position":1,"name":"\u0413\u043b\u0430\u0432\u043d\u0430\u044f","item":"https:\/\/rtt-dev.sitewise.ee\/"},{"@type":"ListItem","position":2,"name":"Magazin","item":"https:\/\/rtt-dev.sitewise.ee\/pood\/"},{"@type":"ListItem","position":3,"name":"Koopiamasinad","item":"https:\/\/rtt-dev.sitewise.ee\/tootekategooria\/koopiamasinad\/"},{"@type":"ListItem","position":4,"name":"Must-valged koopiamasinad","item":"https:\/\/rtt-dev.sitewise.ee\/tootekategooria\/koopiamasinad\/must-valge-koopiamasinad\/"},{"@type":"ListItem","position":5,"name":"\u041a\u043e\u043f\u0438\u0440\u043e\u0432\u0430\u043b\u044c\u043d\u044b\u0439 \u0430\u043f\u043f\u0430\u0440\u0430\u0442 \u041c\u0424\u0423 SHARP MX-M4050"}]},{"@type":"WebSite","@id":"https:\/\/rtt-dev.sitewise.ee\/#website","url":"https:\/\/rtt-dev.sitewise.ee\/","name":"RTT","description":"Kassaaparaadid ja kontorikaubad","potentialAction":[{"@type":"SearchAction","target":{"@type":"EntryPoint","urlTemplate":"https:\/\/rtt-dev.sitewise.ee\/?s={search_term_string}"},"query-input":{"@type":"PropertyValueSpecification","valueRequired":true,"valueName":"search_term_string"}}],"inLanguage":"ru-RU"}]}},"_links":{"self":[{"href":"https:\/\/rtt-dev.sitewise.ee\/ru\/wp-json\/wp\/v2\/product\/3266","targetHints":{"allow":["GET"]}}],"collection":[{"href":"https:\/\/rtt-dev.sitewise.ee\/ru\/wp-json\/wp\/v2\/product"}],"about":[{"href":"https:\/\/rtt-dev.sitewise.ee\/ru\/wp-json\/wp\/v2\/types\/product"}],"wp:featuredmedia":[{"embeddable":true,"href":"https:\/\/rtt-dev.sitewise.ee\/ru\/wp-json\/wp\/v2\/media\/3267"}],"wp:attachment":[{"href":"https:\/\/rtt-dev.sitewise.ee\/ru\/wp-json\/wp\/v2\/media?parent=3266"}],"wp:term":[{"taxonomy":"product_brand","embeddable":true,"href":"https:\/\/rtt-dev.sitewise.ee\/ru\/wp-json\/wp\/v2\/product_brand?post=3266"},{"taxonomy":"product_cat","embeddable":true,"href":"https:\/\/rtt-dev.sitewise.ee\/ru\/wp-json\/wp\/v2\/product_cat?post=3266"},{"taxonomy":"product_tag","embeddable":true,"href":"https:\/\/rtt-dev.sitewise.ee\/ru\/wp-json\/wp\/v2\/product_tag?post=3266"}],"curies":[{"name":"wp","href":"https:\/\/api.w.org\/{rel}","templated":true}]}}