{"id":3090,"date":"2018-10-16T02:24:59","date_gmt":"2018-10-15T23:24:59","guid":{"rendered":"https:\/\/rtt-dev.sitewise.ee\/toode\/maaratlemata\/epson-pe-matte-label-continuous-51mm-x-29m\/"},"modified":"2025-07-07T20:58:23","modified_gmt":"2025-07-07T17:58:23","slug":"epson-pe-matte-label-continuous-51mm-x-29m","status":"publish","type":"product","link":"https:\/\/rtt-dev.sitewise.ee\/ru\/toode\/etiketid-ja-termokiled-ru\/varvilise-etiketiprinteri-etiketid-ru\/epson-pe-matte-label-continuous-51mm-x-29m\/","title":{"rendered":"Epson PE matte Label Continuous 51\u043c\u043c X 29\u043c"},"content":{"rendered":"<p>Valge vahaga s\u00fcnteetilised etiketid, mis vastavad GHSi keemiliste m\u00e4rgiste BS 5609 standardile. Vee, kuumuse ja enamuse kemikaalide suhtes vastupidavad.Veekindel akr\u00fc\u00fclkleebis tagab suurep\u00e4rase nakkumise ja UV-kindluse. Sobib ravimite kleebisteks.<\/p>\n<p>1.Continuous roll ehk v\u00f5imalik ise etiketi k\u00f5rgust m\u00e4\u00e4rata l\u00f5ikuri abiga.<br \/>\n2.Soovitav kasutusala: Laboratoorsed m\u00e4rgised.<\/p>\n<p><strong>Info: +372 6112 258<\/strong><\/p>\n","protected":false},"excerpt":{"rendered":"<p>Valge vahaga s\u00fcnteetilised etiketid, mis vastavad GHSi keemiliste m\u00e4rgiste BS 5609 standardile. Vee, kuumuse ja enamuse kemikaalide suhtes vastupidavad.Veekindel akr\u00fc\u00fclkleebis tagab suurep\u00e4rase nakkumise ja UV-kindluse. Sobib ravimite kleebisteks. 1.Continuous roll ehk v\u00f5imalik ise etiketi k\u00f5rgust m\u00e4\u00e4rata l\u00f5ikuri abiga. 2.Soovitav kasutusala: Laboratoorsed m\u00e4rgised. Info: +372 6112 258<\/p>\n","protected":false},"featured_media":3091,"template":"","meta":[],"product_brand":[],"product_cat":[218],"product_tag":[],"class_list":{"0":"post-3090","1":"product","2":"type-product","3":"status-publish","4":"has-post-thumbnail","6":"product_cat-varvilise-etiketiprinteri-etiketid-ru","7":"product_brands-epson-ru","9":"first","10":"instock","11":"taxable","12":"shipping-taxable","13":"purchasable","14":"product-type-simple"},"acf":[],"yoast_head":"<!-- This site is optimized with the Yoast SEO plugin v24.4 - https:\/\/yoast.com\/wordpress\/plugins\/seo\/ -->\n<title>Epson PE matte Label Continuous 51\u043c\u043c X 29\u043c - RTT<\/title>\n<meta name=\"robots\" content=\"noindex, follow, max-snippet:-1, max-image-preview:large, max-video-preview:-1\" \/>\n<meta property=\"og:locale\" content=\"ru_RU\" \/>\n<meta property=\"og:type\" content=\"article\" \/>\n<meta property=\"og:title\" content=\"Epson PE matte Label Continuous 51\u043c\u043c X 29\u043c - RTT\" \/>\n<meta property=\"og:description\" content=\"Valge vahaga s\u00fcnteetilised etiketid, mis vastavad GHSi keemiliste m\u00e4rgiste BS 5609 standardile. Vee, kuumuse ja enamuse kemikaalide suhtes vastupidavad.Veekindel akr\u00fc\u00fclkleebis tagab suurep\u00e4rase nakkumise ja UV-kindluse. Sobib ravimite kleebisteks. 1.Continuous roll ehk v\u00f5imalik ise etiketi k\u00f5rgust m\u00e4\u00e4rata l\u00f5ikuri abiga. 2.Soovitav kasutusala: Laboratoorsed m\u00e4rgised. Info: +372 6112 258\" \/>\n<meta property=\"og:url\" content=\"https:\/\/rtt-dev.sitewise.ee\/toode\/etiketid-ja-termokiled\/varvilise-etiketiprinteri-etiketid\/epson-pe-matte-label-continuous-51mm-x-29m\/\" \/>\n<meta property=\"og:site_name\" content=\"RTT\" \/>\n<meta property=\"article:modified_time\" content=\"2025-07-07T17:58:23+00:00\" \/>\n<meta property=\"og:image\" content=\"https:\/\/rtt-dev.sitewise.ee\/wp-content\/uploads\/2018\/10\/639_1_s.jpg\" \/>\n\t<meta property=\"og:image:width\" content=\"350\" \/>\n\t<meta property=\"og:image:height\" content=\"233\" \/>\n\t<meta property=\"og:image:type\" content=\"image\/jpeg\" \/>\n<meta name=\"twitter:card\" content=\"summary_large_image\" \/>\n<script type=\"application\/ld+json\" class=\"yoast-schema-graph\">{\"@context\":\"https:\/\/schema.org\",\"@graph\":[{\"@type\":\"WebPage\",\"@id\":\"https:\/\/rtt-dev.sitewise.ee\/toode\/etiketid-ja-termokiled\/varvilise-etiketiprinteri-etiketid\/epson-pe-matte-label-continuous-51mm-x-29m\/\",\"url\":\"https:\/\/rtt-dev.sitewise.ee\/toode\/etiketid-ja-termokiled\/varvilise-etiketiprinteri-etiketid\/epson-pe-matte-label-continuous-51mm-x-29m\/\",\"name\":\"Epson PE matte Label Continuous 51\u043c\u043c X 29\u043c - RTT\",\"isPartOf\":{\"@id\":\"https:\/\/rtt-dev.sitewise.ee\/#website\"},\"primaryImageOfPage\":{\"@id\":\"https:\/\/rtt-dev.sitewise.ee\/toode\/etiketid-ja-termokiled\/varvilise-etiketiprinteri-etiketid\/epson-pe-matte-label-continuous-51mm-x-29m\/#primaryimage\"},\"image\":{\"@id\":\"https:\/\/rtt-dev.sitewise.ee\/toode\/etiketid-ja-termokiled\/varvilise-etiketiprinteri-etiketid\/epson-pe-matte-label-continuous-51mm-x-29m\/#primaryimage\"},\"thumbnailUrl\":\"https:\/\/rtt-dev.sitewise.ee\/wp-content\/uploads\/2018\/10\/639_1_s.jpg\",\"datePublished\":\"2018-10-15T23:24:59+00:00\",\"dateModified\":\"2025-07-07T17:58:23+00:00\",\"breadcrumb\":{\"@id\":\"https:\/\/rtt-dev.sitewise.ee\/toode\/etiketid-ja-termokiled\/varvilise-etiketiprinteri-etiketid\/epson-pe-matte-label-continuous-51mm-x-29m\/#breadcrumb\"},\"inLanguage\":\"ru-RU\",\"potentialAction\":[{\"@type\":\"ReadAction\",\"target\":[\"https:\/\/rtt-dev.sitewise.ee\/toode\/etiketid-ja-termokiled\/varvilise-etiketiprinteri-etiketid\/epson-pe-matte-label-continuous-51mm-x-29m\/\"]}]},{\"@type\":\"ImageObject\",\"inLanguage\":\"ru-RU\",\"@id\":\"https:\/\/rtt-dev.sitewise.ee\/toode\/etiketid-ja-termokiled\/varvilise-etiketiprinteri-etiketid\/epson-pe-matte-label-continuous-51mm-x-29m\/#primaryimage\",\"url\":\"https:\/\/rtt-dev.sitewise.ee\/wp-content\/uploads\/2018\/10\/639_1_s.jpg\",\"contentUrl\":\"https:\/\/rtt-dev.sitewise.ee\/wp-content\/uploads\/2018\/10\/639_1_s.jpg\",\"width\":350,\"height\":233},{\"@type\":\"BreadcrumbList\",\"@id\":\"https:\/\/rtt-dev.sitewise.ee\/toode\/etiketid-ja-termokiled\/varvilise-etiketiprinteri-etiketid\/epson-pe-matte-label-continuous-51mm-x-29m\/#breadcrumb\",\"itemListElement\":[{\"@type\":\"ListItem\",\"position\":1,\"name\":\"\u0413\u043b\u0430\u0432\u043d\u0430\u044f\",\"item\":\"https:\/\/rtt-dev.sitewise.ee\/\"},{\"@type\":\"ListItem\",\"position\":2,\"name\":\"Magazin\",\"item\":\"https:\/\/rtt-dev.sitewise.ee\/pood\/\"},{\"@type\":\"ListItem\",\"position\":3,\"name\":\"Etiketid ja termokiled\",\"item\":\"https:\/\/rtt-dev.sitewise.ee\/tootekategooria\/etiketid-ja-termokiled\/\"},{\"@type\":\"ListItem\",\"position\":4,\"name\":\"V\u00e4rvilise etiketiprinteri etiketid\",\"item\":\"https:\/\/rtt-dev.sitewise.ee\/tootekategooria\/etiketid-ja-termokiled\/varvilise-etiketiprinteri-etiketid\/\"},{\"@type\":\"ListItem\",\"position\":5,\"name\":\"Epson PE matte Label Continuous 51\u043c\u043c X 29\u043c\"}]},{\"@type\":\"WebSite\",\"@id\":\"https:\/\/rtt-dev.sitewise.ee\/#website\",\"url\":\"https:\/\/rtt-dev.sitewise.ee\/\",\"name\":\"RTT\",\"description\":\"Kassaaparaadid ja kontorikaubad\",\"potentialAction\":[{\"@type\":\"SearchAction\",\"target\":{\"@type\":\"EntryPoint\",\"urlTemplate\":\"https:\/\/rtt-dev.sitewise.ee\/?s={search_term_string}\"},\"query-input\":{\"@type\":\"PropertyValueSpecification\",\"valueRequired\":true,\"valueName\":\"search_term_string\"}}],\"inLanguage\":\"ru-RU\"}]}<\/script>\n<!-- \/ Yoast SEO plugin. -->","yoast_head_json":{"title":"Epson PE matte Label Continuous 51\u043c\u043c X 29\u043c - RTT","robots":{"index":"noindex","follow":"follow","max-snippet":"max-snippet:-1","max-image-preview":"max-image-preview:large","max-video-preview":"max-video-preview:-1"},"og_locale":"ru_RU","og_type":"article","og_title":"Epson PE matte Label Continuous 51\u043c\u043c X 29\u043c - RTT","og_description":"Valge vahaga s\u00fcnteetilised etiketid, mis vastavad GHSi keemiliste m\u00e4rgiste BS 5609 standardile. Vee, kuumuse ja enamuse kemikaalide suhtes vastupidavad.Veekindel akr\u00fc\u00fclkleebis tagab suurep\u00e4rase nakkumise ja UV-kindluse. Sobib ravimite kleebisteks. 1.Continuous roll ehk v\u00f5imalik ise etiketi k\u00f5rgust m\u00e4\u00e4rata l\u00f5ikuri abiga. 2.Soovitav kasutusala: Laboratoorsed m\u00e4rgised. Info: +372 6112 258","og_url":"https:\/\/rtt-dev.sitewise.ee\/toode\/etiketid-ja-termokiled\/varvilise-etiketiprinteri-etiketid\/epson-pe-matte-label-continuous-51mm-x-29m\/","og_site_name":"RTT","article_modified_time":"2025-07-07T17:58:23+00:00","og_image":[{"width":350,"height":233,"url":"https:\/\/rtt-dev.sitewise.ee\/wp-content\/uploads\/2018\/10\/639_1_s.jpg","type":"image\/jpeg"}],"twitter_card":"summary_large_image","schema":{"@context":"https:\/\/schema.org","@graph":[{"@type":"WebPage","@id":"https:\/\/rtt-dev.sitewise.ee\/toode\/etiketid-ja-termokiled\/varvilise-etiketiprinteri-etiketid\/epson-pe-matte-label-continuous-51mm-x-29m\/","url":"https:\/\/rtt-dev.sitewise.ee\/toode\/etiketid-ja-termokiled\/varvilise-etiketiprinteri-etiketid\/epson-pe-matte-label-continuous-51mm-x-29m\/","name":"Epson PE matte Label Continuous 51\u043c\u043c X 29\u043c - RTT","isPartOf":{"@id":"https:\/\/rtt-dev.sitewise.ee\/#website"},"primaryImageOfPage":{"@id":"https:\/\/rtt-dev.sitewise.ee\/toode\/etiketid-ja-termokiled\/varvilise-etiketiprinteri-etiketid\/epson-pe-matte-label-continuous-51mm-x-29m\/#primaryimage"},"image":{"@id":"https:\/\/rtt-dev.sitewise.ee\/toode\/etiketid-ja-termokiled\/varvilise-etiketiprinteri-etiketid\/epson-pe-matte-label-continuous-51mm-x-29m\/#primaryimage"},"thumbnailUrl":"https:\/\/rtt-dev.sitewise.ee\/wp-content\/uploads\/2018\/10\/639_1_s.jpg","datePublished":"2018-10-15T23:24:59+00:00","dateModified":"2025-07-07T17:58:23+00:00","breadcrumb":{"@id":"https:\/\/rtt-dev.sitewise.ee\/toode\/etiketid-ja-termokiled\/varvilise-etiketiprinteri-etiketid\/epson-pe-matte-label-continuous-51mm-x-29m\/#breadcrumb"},"inLanguage":"ru-RU","potentialAction":[{"@type":"ReadAction","target":["https:\/\/rtt-dev.sitewise.ee\/toode\/etiketid-ja-termokiled\/varvilise-etiketiprinteri-etiketid\/epson-pe-matte-label-continuous-51mm-x-29m\/"]}]},{"@type":"ImageObject","inLanguage":"ru-RU","@id":"https:\/\/rtt-dev.sitewise.ee\/toode\/etiketid-ja-termokiled\/varvilise-etiketiprinteri-etiketid\/epson-pe-matte-label-continuous-51mm-x-29m\/#primaryimage","url":"https:\/\/rtt-dev.sitewise.ee\/wp-content\/uploads\/2018\/10\/639_1_s.jpg","contentUrl":"https:\/\/rtt-dev.sitewise.ee\/wp-content\/uploads\/2018\/10\/639_1_s.jpg","width":350,"height":233},{"@type":"BreadcrumbList","@id":"https:\/\/rtt-dev.sitewise.ee\/toode\/etiketid-ja-termokiled\/varvilise-etiketiprinteri-etiketid\/epson-pe-matte-label-continuous-51mm-x-29m\/#breadcrumb","itemListElement":[{"@type":"ListItem","position":1,"name":"\u0413\u043b\u0430\u0432\u043d\u0430\u044f","item":"https:\/\/rtt-dev.sitewise.ee\/"},{"@type":"ListItem","position":2,"name":"Magazin","item":"https:\/\/rtt-dev.sitewise.ee\/pood\/"},{"@type":"ListItem","position":3,"name":"Etiketid ja termokiled","item":"https:\/\/rtt-dev.sitewise.ee\/tootekategooria\/etiketid-ja-termokiled\/"},{"@type":"ListItem","position":4,"name":"V\u00e4rvilise etiketiprinteri etiketid","item":"https:\/\/rtt-dev.sitewise.ee\/tootekategooria\/etiketid-ja-termokiled\/varvilise-etiketiprinteri-etiketid\/"},{"@type":"ListItem","position":5,"name":"Epson PE matte Label Continuous 51\u043c\u043c X 29\u043c"}]},{"@type":"WebSite","@id":"https:\/\/rtt-dev.sitewise.ee\/#website","url":"https:\/\/rtt-dev.sitewise.ee\/","name":"RTT","description":"Kassaaparaadid ja kontorikaubad","potentialAction":[{"@type":"SearchAction","target":{"@type":"EntryPoint","urlTemplate":"https:\/\/rtt-dev.sitewise.ee\/?s={search_term_string}"},"query-input":{"@type":"PropertyValueSpecification","valueRequired":true,"valueName":"search_term_string"}}],"inLanguage":"ru-RU"}]}},"_links":{"self":[{"href":"https:\/\/rtt-dev.sitewise.ee\/ru\/wp-json\/wp\/v2\/product\/3090","targetHints":{"allow":["GET"]}}],"collection":[{"href":"https:\/\/rtt-dev.sitewise.ee\/ru\/wp-json\/wp\/v2\/product"}],"about":[{"href":"https:\/\/rtt-dev.sitewise.ee\/ru\/wp-json\/wp\/v2\/types\/product"}],"wp:featuredmedia":[{"embeddable":true,"href":"https:\/\/rtt-dev.sitewise.ee\/ru\/wp-json\/wp\/v2\/media\/3091"}],"wp:attachment":[{"href":"https:\/\/rtt-dev.sitewise.ee\/ru\/wp-json\/wp\/v2\/media?parent=3090"}],"wp:term":[{"taxonomy":"product_brand","embeddable":true,"href":"https:\/\/rtt-dev.sitewise.ee\/ru\/wp-json\/wp\/v2\/product_brand?post=3090"},{"taxonomy":"product_cat","embeddable":true,"href":"https:\/\/rtt-dev.sitewise.ee\/ru\/wp-json\/wp\/v2\/product_cat?post=3090"},{"taxonomy":"product_tag","embeddable":true,"href":"https:\/\/rtt-dev.sitewise.ee\/ru\/wp-json\/wp\/v2\/product_tag?post=3090"}],"curies":[{"name":"wp","href":"https:\/\/api.w.org\/{rel}","templated":true}]}}