{"id":3067,"date":"2018-10-16T02:24:59","date_gmt":"2018-10-15T23:24:59","guid":{"rendered":"https:\/\/rtt-dev.sitewise.ee\/toode\/maaratlemata\/sharp-6020dv-nv\/"},"modified":"2025-07-07T20:58:23","modified_gmt":"2025-07-07T17:58:23","slug":"sharp-6020dv-nv","status":"publish","type":"product","link":"https:\/\/rtt-dev.sitewise.ee\/ru\/toode\/koopiamasinad-ru\/must-valged-koopiamasinad-ru\/sharp-6020dv-nv\/","title":{"rendered":"\u041a\u043e\u043f\u0438\u0440\u043e\u0432\u0430\u043b\u044c\u043d\u044b\u0439 \u0430\u043f\u043f\u0430\u0440\u0430\u0442 \u041c\u0424\u0423 SHARP 6020DV \/ NV"},"content":{"rendered":"<p>SHARP AR-6020DV ja SHARP AR-6020NV\u00a0on v\u00e4ikesele t\u00f6\u00f6grupile m\u00f5eldud must-valged\u00a0A3 multifunktsionaalsed seadmed<\/p>\n<p>Kiirus\u00a020\u00a0A4\u00a0lehte minutis, esimene koopia juba 7,2 sekundiga. Soovitav kuukoormus kuni 7000 lehte.<\/p>\n<p><strong>Standard seade sisaldab dupleksseadet kahepoolseks\u00a0printimiseks ja kopeerimiseks,<br \/>\n\u00fchte\u00a0paberisahtlit 1 x 250 lehte ja k\u00e4sis\u00f6\u00f6t 100 lehte A5-A3\u00a0<\/strong><\/p>\n<p>&nbsp;<\/p>\n<p>&nbsp;<\/p>\n<p class=\"&quot;western&quot;\"><strong>Lisainfo:<\/strong><\/p>\n<p class=\"&quot;western&quot;\"><strong>Imre Kuuskmann<br \/>\nTel: +372 6 112 256<br \/>\nGSM: +372 5 014 470<br \/>\nimre.kuuskmann@rtt.ee<\/strong><\/p>\n","protected":false},"excerpt":{"rendered":"<p>SHARP AR-6020DV ja SHARP AR-6020NV\u00a0on v\u00e4ikesele t\u00f6\u00f6grupile m\u00f5eldud must-valged\u00a0A3 multifunktsionaalsed seadmed Kiirus\u00a020\u00a0A4\u00a0lehte minutis, esimene koopia juba 7,2 sekundiga. Soovitav kuukoormus kuni 7000 lehte. Standard seade sisaldab dupleksseadet kahepoolseks\u00a0printimiseks ja kopeerimiseks, \u00fchte\u00a0paberisahtlit 1 x 250 lehte ja k\u00e4sis\u00f6\u00f6t 100 lehte A5-A3\u00a0 &nbsp; &nbsp; Lisainfo: Imre Kuuskmann Tel: +372 6 112 256 GSM: +372 5 014 470 [&hellip;]<\/p>\n","protected":false},"featured_media":3066,"template":"","meta":[],"product_brand":[],"product_cat":[238],"product_tag":[],"class_list":{"0":"post-3067","1":"product","2":"type-product","3":"status-publish","4":"has-post-thumbnail","6":"product_cat-must-valged-koopiamasinad-ru","8":"first","9":"outofstock","10":"taxable","11":"shipping-taxable","12":"purchasable","13":"product-type-simple"},"acf":[],"yoast_head":"<!-- This site is optimized with the Yoast SEO plugin v24.4 - https:\/\/yoast.com\/wordpress\/plugins\/seo\/ -->\n<title>\u041a\u043e\u043f\u0438\u0440\u043e\u0432\u0430\u043b\u044c\u043d\u044b\u0439 \u0430\u043f\u043f\u0430\u0440\u0430\u0442 \u041c\u0424\u0423 SHARP 6020DV \/ NV - RTT<\/title>\n<meta name=\"robots\" content=\"noindex, follow, max-snippet:-1, max-image-preview:large, max-video-preview:-1\" \/>\n<meta property=\"og:locale\" content=\"ru_RU\" \/>\n<meta property=\"og:type\" content=\"article\" \/>\n<meta property=\"og:title\" content=\"\u041a\u043e\u043f\u0438\u0440\u043e\u0432\u0430\u043b\u044c\u043d\u044b\u0439 \u0430\u043f\u043f\u0430\u0440\u0430\u0442 \u041c\u0424\u0423 SHARP 6020DV \/ NV - RTT\" \/>\n<meta property=\"og:description\" content=\"SHARP AR-6020DV ja SHARP AR-6020NV\u00a0on v\u00e4ikesele t\u00f6\u00f6grupile m\u00f5eldud must-valged\u00a0A3 multifunktsionaalsed seadmed Kiirus\u00a020\u00a0A4\u00a0lehte minutis, esimene koopia juba 7,2 sekundiga. Soovitav kuukoormus kuni 7000 lehte. Standard seade sisaldab dupleksseadet kahepoolseks\u00a0printimiseks ja kopeerimiseks, \u00fchte\u00a0paberisahtlit 1 x 250 lehte ja k\u00e4sis\u00f6\u00f6t 100 lehte A5-A3\u00a0 &nbsp; &nbsp; Lisainfo: Imre Kuuskmann Tel: +372 6 112 256 GSM: +372 5 014 470 [&hellip;]\" \/>\n<meta property=\"og:url\" content=\"https:\/\/rtt-dev.sitewise.ee\/toode\/koopiamasinad\/must-valge-koopiamasinad\/sharp-6020dv-nv\/\" \/>\n<meta property=\"og:site_name\" content=\"RTT\" \/>\n<meta property=\"article:modified_time\" content=\"2025-07-07T17:58:23+00:00\" \/>\n<meta property=\"og:image\" content=\"https:\/\/rtt-dev.sitewise.ee\/wp-content\/uploads\/2018\/10\/649_1_s.jpg\" \/>\n\t<meta property=\"og:image:width\" content=\"1200\" \/>\n\t<meta property=\"og:image:height\" content=\"1100\" \/>\n\t<meta property=\"og:image:type\" content=\"image\/jpeg\" \/>\n<meta name=\"twitter:card\" content=\"summary_large_image\" \/>\n<script type=\"application\/ld+json\" class=\"yoast-schema-graph\">{\"@context\":\"https:\/\/schema.org\",\"@graph\":[{\"@type\":\"WebPage\",\"@id\":\"https:\/\/rtt-dev.sitewise.ee\/toode\/koopiamasinad\/must-valge-koopiamasinad\/sharp-6020dv-nv\/\",\"url\":\"https:\/\/rtt-dev.sitewise.ee\/toode\/koopiamasinad\/must-valge-koopiamasinad\/sharp-6020dv-nv\/\",\"name\":\"\u041a\u043e\u043f\u0438\u0440\u043e\u0432\u0430\u043b\u044c\u043d\u044b\u0439 \u0430\u043f\u043f\u0430\u0440\u0430\u0442 \u041c\u0424\u0423 SHARP 6020DV \/ NV - RTT\",\"isPartOf\":{\"@id\":\"https:\/\/rtt-dev.sitewise.ee\/#website\"},\"primaryImageOfPage\":{\"@id\":\"https:\/\/rtt-dev.sitewise.ee\/toode\/koopiamasinad\/must-valge-koopiamasinad\/sharp-6020dv-nv\/#primaryimage\"},\"image\":{\"@id\":\"https:\/\/rtt-dev.sitewise.ee\/toode\/koopiamasinad\/must-valge-koopiamasinad\/sharp-6020dv-nv\/#primaryimage\"},\"thumbnailUrl\":\"https:\/\/rtt-dev.sitewise.ee\/wp-content\/uploads\/2018\/10\/649_1_s.jpg\",\"datePublished\":\"2018-10-15T23:24:59+00:00\",\"dateModified\":\"2025-07-07T17:58:23+00:00\",\"breadcrumb\":{\"@id\":\"https:\/\/rtt-dev.sitewise.ee\/toode\/koopiamasinad\/must-valge-koopiamasinad\/sharp-6020dv-nv\/#breadcrumb\"},\"inLanguage\":\"ru-RU\",\"potentialAction\":[{\"@type\":\"ReadAction\",\"target\":[\"https:\/\/rtt-dev.sitewise.ee\/toode\/koopiamasinad\/must-valge-koopiamasinad\/sharp-6020dv-nv\/\"]}]},{\"@type\":\"ImageObject\",\"inLanguage\":\"ru-RU\",\"@id\":\"https:\/\/rtt-dev.sitewise.ee\/toode\/koopiamasinad\/must-valge-koopiamasinad\/sharp-6020dv-nv\/#primaryimage\",\"url\":\"https:\/\/rtt-dev.sitewise.ee\/wp-content\/uploads\/2018\/10\/649_1_s.jpg\",\"contentUrl\":\"https:\/\/rtt-dev.sitewise.ee\/wp-content\/uploads\/2018\/10\/649_1_s.jpg\",\"width\":1200,\"height\":1100},{\"@type\":\"BreadcrumbList\",\"@id\":\"https:\/\/rtt-dev.sitewise.ee\/toode\/koopiamasinad\/must-valge-koopiamasinad\/sharp-6020dv-nv\/#breadcrumb\",\"itemListElement\":[{\"@type\":\"ListItem\",\"position\":1,\"name\":\"\u0413\u043b\u0430\u0432\u043d\u0430\u044f\",\"item\":\"https:\/\/rtt-dev.sitewise.ee\/\"},{\"@type\":\"ListItem\",\"position\":2,\"name\":\"Magazin\",\"item\":\"https:\/\/rtt-dev.sitewise.ee\/pood\/\"},{\"@type\":\"ListItem\",\"position\":3,\"name\":\"Koopiamasinad\",\"item\":\"https:\/\/rtt-dev.sitewise.ee\/tootekategooria\/koopiamasinad\/\"},{\"@type\":\"ListItem\",\"position\":4,\"name\":\"Must-valged koopiamasinad\",\"item\":\"https:\/\/rtt-dev.sitewise.ee\/tootekategooria\/koopiamasinad\/must-valge-koopiamasinad\/\"},{\"@type\":\"ListItem\",\"position\":5,\"name\":\"\u041a\u043e\u043f\u0438\u0440\u043e\u0432\u0430\u043b\u044c\u043d\u044b\u0439 \u0430\u043f\u043f\u0430\u0440\u0430\u0442 \u041c\u0424\u0423 SHARP 6020DV \/ NV\"}]},{\"@type\":\"WebSite\",\"@id\":\"https:\/\/rtt-dev.sitewise.ee\/#website\",\"url\":\"https:\/\/rtt-dev.sitewise.ee\/\",\"name\":\"RTT\",\"description\":\"Kassaaparaadid ja kontorikaubad\",\"potentialAction\":[{\"@type\":\"SearchAction\",\"target\":{\"@type\":\"EntryPoint\",\"urlTemplate\":\"https:\/\/rtt-dev.sitewise.ee\/?s={search_term_string}\"},\"query-input\":{\"@type\":\"PropertyValueSpecification\",\"valueRequired\":true,\"valueName\":\"search_term_string\"}}],\"inLanguage\":\"ru-RU\"}]}<\/script>\n<!-- \/ Yoast SEO plugin. -->","yoast_head_json":{"title":"\u041a\u043e\u043f\u0438\u0440\u043e\u0432\u0430\u043b\u044c\u043d\u044b\u0439 \u0430\u043f\u043f\u0430\u0440\u0430\u0442 \u041c\u0424\u0423 SHARP 6020DV \/ NV - RTT","robots":{"index":"noindex","follow":"follow","max-snippet":"max-snippet:-1","max-image-preview":"max-image-preview:large","max-video-preview":"max-video-preview:-1"},"og_locale":"ru_RU","og_type":"article","og_title":"\u041a\u043e\u043f\u0438\u0440\u043e\u0432\u0430\u043b\u044c\u043d\u044b\u0439 \u0430\u043f\u043f\u0430\u0440\u0430\u0442 \u041c\u0424\u0423 SHARP 6020DV \/ NV - RTT","og_description":"SHARP AR-6020DV ja SHARP AR-6020NV\u00a0on v\u00e4ikesele t\u00f6\u00f6grupile m\u00f5eldud must-valged\u00a0A3 multifunktsionaalsed seadmed Kiirus\u00a020\u00a0A4\u00a0lehte minutis, esimene koopia juba 7,2 sekundiga. Soovitav kuukoormus kuni 7000 lehte. Standard seade sisaldab dupleksseadet kahepoolseks\u00a0printimiseks ja kopeerimiseks, \u00fchte\u00a0paberisahtlit 1 x 250 lehte ja k\u00e4sis\u00f6\u00f6t 100 lehte A5-A3\u00a0 &nbsp; &nbsp; Lisainfo: Imre Kuuskmann Tel: +372 6 112 256 GSM: +372 5 014 470 [&hellip;]","og_url":"https:\/\/rtt-dev.sitewise.ee\/toode\/koopiamasinad\/must-valge-koopiamasinad\/sharp-6020dv-nv\/","og_site_name":"RTT","article_modified_time":"2025-07-07T17:58:23+00:00","og_image":[{"width":1200,"height":1100,"url":"https:\/\/rtt-dev.sitewise.ee\/wp-content\/uploads\/2018\/10\/649_1_s.jpg","type":"image\/jpeg"}],"twitter_card":"summary_large_image","schema":{"@context":"https:\/\/schema.org","@graph":[{"@type":"WebPage","@id":"https:\/\/rtt-dev.sitewise.ee\/toode\/koopiamasinad\/must-valge-koopiamasinad\/sharp-6020dv-nv\/","url":"https:\/\/rtt-dev.sitewise.ee\/toode\/koopiamasinad\/must-valge-koopiamasinad\/sharp-6020dv-nv\/","name":"\u041a\u043e\u043f\u0438\u0440\u043e\u0432\u0430\u043b\u044c\u043d\u044b\u0439 \u0430\u043f\u043f\u0430\u0440\u0430\u0442 \u041c\u0424\u0423 SHARP 6020DV \/ NV - RTT","isPartOf":{"@id":"https:\/\/rtt-dev.sitewise.ee\/#website"},"primaryImageOfPage":{"@id":"https:\/\/rtt-dev.sitewise.ee\/toode\/koopiamasinad\/must-valge-koopiamasinad\/sharp-6020dv-nv\/#primaryimage"},"image":{"@id":"https:\/\/rtt-dev.sitewise.ee\/toode\/koopiamasinad\/must-valge-koopiamasinad\/sharp-6020dv-nv\/#primaryimage"},"thumbnailUrl":"https:\/\/rtt-dev.sitewise.ee\/wp-content\/uploads\/2018\/10\/649_1_s.jpg","datePublished":"2018-10-15T23:24:59+00:00","dateModified":"2025-07-07T17:58:23+00:00","breadcrumb":{"@id":"https:\/\/rtt-dev.sitewise.ee\/toode\/koopiamasinad\/must-valge-koopiamasinad\/sharp-6020dv-nv\/#breadcrumb"},"inLanguage":"ru-RU","potentialAction":[{"@type":"ReadAction","target":["https:\/\/rtt-dev.sitewise.ee\/toode\/koopiamasinad\/must-valge-koopiamasinad\/sharp-6020dv-nv\/"]}]},{"@type":"ImageObject","inLanguage":"ru-RU","@id":"https:\/\/rtt-dev.sitewise.ee\/toode\/koopiamasinad\/must-valge-koopiamasinad\/sharp-6020dv-nv\/#primaryimage","url":"https:\/\/rtt-dev.sitewise.ee\/wp-content\/uploads\/2018\/10\/649_1_s.jpg","contentUrl":"https:\/\/rtt-dev.sitewise.ee\/wp-content\/uploads\/2018\/10\/649_1_s.jpg","width":1200,"height":1100},{"@type":"BreadcrumbList","@id":"https:\/\/rtt-dev.sitewise.ee\/toode\/koopiamasinad\/must-valge-koopiamasinad\/sharp-6020dv-nv\/#breadcrumb","itemListElement":[{"@type":"ListItem","position":1,"name":"\u0413\u043b\u0430\u0432\u043d\u0430\u044f","item":"https:\/\/rtt-dev.sitewise.ee\/"},{"@type":"ListItem","position":2,"name":"Magazin","item":"https:\/\/rtt-dev.sitewise.ee\/pood\/"},{"@type":"ListItem","position":3,"name":"Koopiamasinad","item":"https:\/\/rtt-dev.sitewise.ee\/tootekategooria\/koopiamasinad\/"},{"@type":"ListItem","position":4,"name":"Must-valged koopiamasinad","item":"https:\/\/rtt-dev.sitewise.ee\/tootekategooria\/koopiamasinad\/must-valge-koopiamasinad\/"},{"@type":"ListItem","position":5,"name":"\u041a\u043e\u043f\u0438\u0440\u043e\u0432\u0430\u043b\u044c\u043d\u044b\u0439 \u0430\u043f\u043f\u0430\u0440\u0430\u0442 \u041c\u0424\u0423 SHARP 6020DV \/ NV"}]},{"@type":"WebSite","@id":"https:\/\/rtt-dev.sitewise.ee\/#website","url":"https:\/\/rtt-dev.sitewise.ee\/","name":"RTT","description":"Kassaaparaadid ja kontorikaubad","potentialAction":[{"@type":"SearchAction","target":{"@type":"EntryPoint","urlTemplate":"https:\/\/rtt-dev.sitewise.ee\/?s={search_term_string}"},"query-input":{"@type":"PropertyValueSpecification","valueRequired":true,"valueName":"search_term_string"}}],"inLanguage":"ru-RU"}]}},"_links":{"self":[{"href":"https:\/\/rtt-dev.sitewise.ee\/ru\/wp-json\/wp\/v2\/product\/3067","targetHints":{"allow":["GET"]}}],"collection":[{"href":"https:\/\/rtt-dev.sitewise.ee\/ru\/wp-json\/wp\/v2\/product"}],"about":[{"href":"https:\/\/rtt-dev.sitewise.ee\/ru\/wp-json\/wp\/v2\/types\/product"}],"wp:featuredmedia":[{"embeddable":true,"href":"https:\/\/rtt-dev.sitewise.ee\/ru\/wp-json\/wp\/v2\/media\/3066"}],"wp:attachment":[{"href":"https:\/\/rtt-dev.sitewise.ee\/ru\/wp-json\/wp\/v2\/media?parent=3067"}],"wp:term":[{"taxonomy":"product_brand","embeddable":true,"href":"https:\/\/rtt-dev.sitewise.ee\/ru\/wp-json\/wp\/v2\/product_brand?post=3067"},{"taxonomy":"product_cat","embeddable":true,"href":"https:\/\/rtt-dev.sitewise.ee\/ru\/wp-json\/wp\/v2\/product_cat?post=3067"},{"taxonomy":"product_tag","embeddable":true,"href":"https:\/\/rtt-dev.sitewise.ee\/ru\/wp-json\/wp\/v2\/product_tag?post=3067"}],"curies":[{"name":"wp","href":"https:\/\/api.w.org\/{rel}","templated":true}]}}