{"id":10384,"date":"2023-12-11T09:17:21","date_gmt":"2023-12-11T07:17:21","guid":{"rendered":"https:\/\/rtt-dev.sitewise.ee\/toode\/uncategorized\/bartender-cloud-etiketikujunduse-tarkvara\/"},"modified":"2025-07-07T20:51:31","modified_gmt":"2025-07-07T17:51:31","slug":"bartender-cloud-etiketikujunduse-tarkvara","status":"publish","type":"product","link":"https:\/\/rtt-dev.sitewise.ee\/ru\/toode\/tarkvara-ru\/bartender-cloud-etiketikujunduse-tarkvara\/","title":{"rendered":"BarTender Cloud etiketikujunduse tarkvara"},"content":{"rendered":"<p><strong>Kuidas valida sobiv versioon?<\/strong><br \/>\n1.Kas prindite \u00fchte v\u00f5i mitmesse printerisse?<br \/>\n2.Kas kujundate iga etiketi ise v\u00f5i soovite andmebaasiga integratsiooni?<br \/>\n3.Proovi tasuta vajutades &#171;PROOVI 30 P\u00c4EVA TASUTA&#187; linki.<br \/>\n4.Professional litsentsiga on kaasas ka p\u00f5hjad, mida saate ise muuta. Nt:energiam\u00e4rgis tehnikale<\/p>\n<p>Versioonid:<br \/>\nBartender Essentials<br \/>\nBartender Professional<br \/>\nBartender Automation<\/p>\n<p>&nbsp;<\/p>\n<p><iframe loading=\"lazy\" title=\"YouTube video player\" src=\"https:\/\/www.youtube.com\/embed\/NRnbZQM8OMY?si=Ge5oSRqYSeOxvXr5\" width=\"560\" height=\"315\" frameborder=\"0\" allowfullscreen=\"allowfullscreen\"><\/iframe><\/p>\n<p><strong><span style=\"font-size: 14pt;\">Koostame teile tarkvara ja seadmete pakkumise pidades silmas teie ettev\u00f5tte vajadusi. Aitame seadmete paigalduse ja koolitusega.<br \/>\n<span style=\"color: #ff0000;\">M\u00fc\u00fcme alati uusima saadaoleva Bartenderi versiooni.<\/span><br \/>\nK\u00fcsi lisa: 6 112 258<\/span><\/strong><\/p>\n<p><img loading=\"lazy\" decoding=\"async\" class=\"\" src=\"https:\/\/www.barcoding.co.uk\/wp-content\/uploads\/2023\/04\/Seagull-Cloud-Partner-badge-RGB.png\" alt=\"BarTender | A Cloud SaaS Barcode Printing Software\" width=\"247\" height=\"135\" \/><\/p>\n","protected":false},"excerpt":{"rendered":"<p>Kuidas valida sobiv versioon? 1.Kas prindite \u00fchte v\u00f5i mitmesse printerisse? 2.Kas kujundate iga etiketi ise v\u00f5i soovite andmebaasiga integratsiooni? 3.Proovi tasuta vajutades &#171;PROOVI 30 P\u00c4EVA TASUTA&#187; linki. 4.Professional litsentsiga on kaasas ka p\u00f5hjad, mida saate ise muuta. Nt:energiam\u00e4rgis tehnikale Versioonid: Bartender Essentials Bartender Professional Bartender Automation &nbsp; Koostame teile tarkvara ja seadmete pakkumise pidades silmas [&hellip;]<\/p>\n","protected":false},"featured_media":10393,"template":"","meta":[],"product_brand":[],"product_cat":[232],"product_tag":[],"class_list":{"0":"post-10384","1":"product","2":"type-product","3":"status-publish","4":"has-post-thumbnail","6":"product_cat-tarkvara-ru","7":"product_brands-etiketiprinteri-tarkvara-ru","9":"first","10":"instock","11":"taxable","12":"shipping-taxable","13":"purchasable","14":"product-type-simple"},"acf":[],"yoast_head":"<!-- This site is optimized with the Yoast SEO plugin v24.4 - https:\/\/yoast.com\/wordpress\/plugins\/seo\/ -->\n<title>BarTender Cloud etiketikujunduse tarkvara - RTT<\/title>\n<meta name=\"description\" content=\"Kujundage ja printige peaaegu k\u00f5ike, sealhulgas pakkelehti ja kaubaaluste silte.Sisestage prindiaja teave h\u00f5lpsalt kohandatavate andmesisestusvormide abil.\" \/>\n<meta name=\"robots\" content=\"noindex, follow, max-snippet:-1, max-image-preview:large, max-video-preview:-1\" \/>\n<meta property=\"og:locale\" content=\"ru_RU\" \/>\n<meta property=\"og:type\" content=\"article\" \/>\n<meta property=\"og:title\" content=\"BarTender Cloud etiketikujunduse tarkvara - RTT\" \/>\n<meta property=\"og:description\" content=\"Kujundage ja printige peaaegu k\u00f5ike, sealhulgas pakkelehti ja kaubaaluste silte.Sisestage prindiaja teave h\u00f5lpsalt kohandatavate andmesisestusvormide abil.\" \/>\n<meta property=\"og:url\" content=\"https:\/\/rtt-dev.sitewise.ee\/toode\/tarkvara\/bartender-cloud-etiketikujunduse-tarkvara\/\" \/>\n<meta property=\"og:site_name\" content=\"RTT\" \/>\n<meta property=\"article:modified_time\" content=\"2025-07-07T17:51:31+00:00\" \/>\n<meta property=\"og:image\" content=\"https:\/\/rtt-dev.sitewise.ee\/wp-content\/uploads\/2023\/12\/Seagull-Cloud-Partner-badge-RGB.png\" \/>\n\t<meta property=\"og:image:width\" content=\"800\" \/>\n\t<meta property=\"og:image:height\" content=\"437\" \/>\n\t<meta property=\"og:image:type\" content=\"image\/png\" \/>\n<meta name=\"twitter:card\" content=\"summary_large_image\" \/>\n<script type=\"application\/ld+json\" class=\"yoast-schema-graph\">{\"@context\":\"https:\/\/schema.org\",\"@graph\":[{\"@type\":\"WebPage\",\"@id\":\"https:\/\/rtt-dev.sitewise.ee\/toode\/tarkvara\/bartender-cloud-etiketikujunduse-tarkvara\/\",\"url\":\"https:\/\/rtt-dev.sitewise.ee\/toode\/tarkvara\/bartender-cloud-etiketikujunduse-tarkvara\/\",\"name\":\"BarTender Cloud etiketikujunduse tarkvara - RTT\",\"isPartOf\":{\"@id\":\"https:\/\/rtt-dev.sitewise.ee\/#website\"},\"primaryImageOfPage\":{\"@id\":\"https:\/\/rtt-dev.sitewise.ee\/toode\/tarkvara\/bartender-cloud-etiketikujunduse-tarkvara\/#primaryimage\"},\"image\":{\"@id\":\"https:\/\/rtt-dev.sitewise.ee\/toode\/tarkvara\/bartender-cloud-etiketikujunduse-tarkvara\/#primaryimage\"},\"thumbnailUrl\":\"https:\/\/rtt-dev.sitewise.ee\/wp-content\/uploads\/2023\/12\/Seagull-Cloud-Partner-badge-RGB.png\",\"datePublished\":\"2023-12-11T07:17:21+00:00\",\"dateModified\":\"2025-07-07T17:51:31+00:00\",\"description\":\"Kujundage ja printige peaaegu k\u00f5ike, sealhulgas pakkelehti ja kaubaaluste silte.Sisestage prindiaja teave h\u00f5lpsalt kohandatavate andmesisestusvormide abil.\",\"breadcrumb\":{\"@id\":\"https:\/\/rtt-dev.sitewise.ee\/toode\/tarkvara\/bartender-cloud-etiketikujunduse-tarkvara\/#breadcrumb\"},\"inLanguage\":\"ru-RU\",\"potentialAction\":[{\"@type\":\"ReadAction\",\"target\":[\"https:\/\/rtt-dev.sitewise.ee\/toode\/tarkvara\/bartender-cloud-etiketikujunduse-tarkvara\/\"]}]},{\"@type\":\"ImageObject\",\"inLanguage\":\"ru-RU\",\"@id\":\"https:\/\/rtt-dev.sitewise.ee\/toode\/tarkvara\/bartender-cloud-etiketikujunduse-tarkvara\/#primaryimage\",\"url\":\"https:\/\/rtt-dev.sitewise.ee\/wp-content\/uploads\/2023\/12\/Seagull-Cloud-Partner-badge-RGB.png\",\"contentUrl\":\"https:\/\/rtt-dev.sitewise.ee\/wp-content\/uploads\/2023\/12\/Seagull-Cloud-Partner-badge-RGB.png\",\"width\":800,\"height\":437,\"caption\":\"etiketiprinteri tarkvara\"},{\"@type\":\"BreadcrumbList\",\"@id\":\"https:\/\/rtt-dev.sitewise.ee\/toode\/tarkvara\/bartender-cloud-etiketikujunduse-tarkvara\/#breadcrumb\",\"itemListElement\":[{\"@type\":\"ListItem\",\"position\":1,\"name\":\"\u0413\u043b\u0430\u0432\u043d\u0430\u044f\",\"item\":\"https:\/\/rtt-dev.sitewise.ee\/\"},{\"@type\":\"ListItem\",\"position\":2,\"name\":\"Magazin\",\"item\":\"https:\/\/rtt-dev.sitewise.ee\/pood\/\"},{\"@type\":\"ListItem\",\"position\":3,\"name\":\"Tarkvara\",\"item\":\"https:\/\/rtt-dev.sitewise.ee\/tootekategooria\/tarkvara\/\"},{\"@type\":\"ListItem\",\"position\":4,\"name\":\"BarTender Cloud etiketikujunduse tarkvara\"}]},{\"@type\":\"WebSite\",\"@id\":\"https:\/\/rtt-dev.sitewise.ee\/#website\",\"url\":\"https:\/\/rtt-dev.sitewise.ee\/\",\"name\":\"RTT\",\"description\":\"Kassaaparaadid ja kontorikaubad\",\"potentialAction\":[{\"@type\":\"SearchAction\",\"target\":{\"@type\":\"EntryPoint\",\"urlTemplate\":\"https:\/\/rtt-dev.sitewise.ee\/?s={search_term_string}\"},\"query-input\":{\"@type\":\"PropertyValueSpecification\",\"valueRequired\":true,\"valueName\":\"search_term_string\"}}],\"inLanguage\":\"ru-RU\"}]}<\/script>\n<!-- \/ Yoast SEO plugin. -->","yoast_head_json":{"title":"BarTender Cloud etiketikujunduse tarkvara - RTT","description":"Kujundage ja printige peaaegu k\u00f5ike, sealhulgas pakkelehti ja kaubaaluste silte.Sisestage prindiaja teave h\u00f5lpsalt kohandatavate andmesisestusvormide abil.","robots":{"index":"noindex","follow":"follow","max-snippet":"max-snippet:-1","max-image-preview":"max-image-preview:large","max-video-preview":"max-video-preview:-1"},"og_locale":"ru_RU","og_type":"article","og_title":"BarTender Cloud etiketikujunduse tarkvara - RTT","og_description":"Kujundage ja printige peaaegu k\u00f5ike, sealhulgas pakkelehti ja kaubaaluste silte.Sisestage prindiaja teave h\u00f5lpsalt kohandatavate andmesisestusvormide abil.","og_url":"https:\/\/rtt-dev.sitewise.ee\/toode\/tarkvara\/bartender-cloud-etiketikujunduse-tarkvara\/","og_site_name":"RTT","article_modified_time":"2025-07-07T17:51:31+00:00","og_image":[{"width":800,"height":437,"url":"https:\/\/rtt-dev.sitewise.ee\/wp-content\/uploads\/2023\/12\/Seagull-Cloud-Partner-badge-RGB.png","type":"image\/png"}],"twitter_card":"summary_large_image","schema":{"@context":"https:\/\/schema.org","@graph":[{"@type":"WebPage","@id":"https:\/\/rtt-dev.sitewise.ee\/toode\/tarkvara\/bartender-cloud-etiketikujunduse-tarkvara\/","url":"https:\/\/rtt-dev.sitewise.ee\/toode\/tarkvara\/bartender-cloud-etiketikujunduse-tarkvara\/","name":"BarTender Cloud etiketikujunduse tarkvara - RTT","isPartOf":{"@id":"https:\/\/rtt-dev.sitewise.ee\/#website"},"primaryImageOfPage":{"@id":"https:\/\/rtt-dev.sitewise.ee\/toode\/tarkvara\/bartender-cloud-etiketikujunduse-tarkvara\/#primaryimage"},"image":{"@id":"https:\/\/rtt-dev.sitewise.ee\/toode\/tarkvara\/bartender-cloud-etiketikujunduse-tarkvara\/#primaryimage"},"thumbnailUrl":"https:\/\/rtt-dev.sitewise.ee\/wp-content\/uploads\/2023\/12\/Seagull-Cloud-Partner-badge-RGB.png","datePublished":"2023-12-11T07:17:21+00:00","dateModified":"2025-07-07T17:51:31+00:00","description":"Kujundage ja printige peaaegu k\u00f5ike, sealhulgas pakkelehti ja kaubaaluste silte.Sisestage prindiaja teave h\u00f5lpsalt kohandatavate andmesisestusvormide abil.","breadcrumb":{"@id":"https:\/\/rtt-dev.sitewise.ee\/toode\/tarkvara\/bartender-cloud-etiketikujunduse-tarkvara\/#breadcrumb"},"inLanguage":"ru-RU","potentialAction":[{"@type":"ReadAction","target":["https:\/\/rtt-dev.sitewise.ee\/toode\/tarkvara\/bartender-cloud-etiketikujunduse-tarkvara\/"]}]},{"@type":"ImageObject","inLanguage":"ru-RU","@id":"https:\/\/rtt-dev.sitewise.ee\/toode\/tarkvara\/bartender-cloud-etiketikujunduse-tarkvara\/#primaryimage","url":"https:\/\/rtt-dev.sitewise.ee\/wp-content\/uploads\/2023\/12\/Seagull-Cloud-Partner-badge-RGB.png","contentUrl":"https:\/\/rtt-dev.sitewise.ee\/wp-content\/uploads\/2023\/12\/Seagull-Cloud-Partner-badge-RGB.png","width":800,"height":437,"caption":"etiketiprinteri tarkvara"},{"@type":"BreadcrumbList","@id":"https:\/\/rtt-dev.sitewise.ee\/toode\/tarkvara\/bartender-cloud-etiketikujunduse-tarkvara\/#breadcrumb","itemListElement":[{"@type":"ListItem","position":1,"name":"\u0413\u043b\u0430\u0432\u043d\u0430\u044f","item":"https:\/\/rtt-dev.sitewise.ee\/"},{"@type":"ListItem","position":2,"name":"Magazin","item":"https:\/\/rtt-dev.sitewise.ee\/pood\/"},{"@type":"ListItem","position":3,"name":"Tarkvara","item":"https:\/\/rtt-dev.sitewise.ee\/tootekategooria\/tarkvara\/"},{"@type":"ListItem","position":4,"name":"BarTender Cloud etiketikujunduse tarkvara"}]},{"@type":"WebSite","@id":"https:\/\/rtt-dev.sitewise.ee\/#website","url":"https:\/\/rtt-dev.sitewise.ee\/","name":"RTT","description":"Kassaaparaadid ja kontorikaubad","potentialAction":[{"@type":"SearchAction","target":{"@type":"EntryPoint","urlTemplate":"https:\/\/rtt-dev.sitewise.ee\/?s={search_term_string}"},"query-input":{"@type":"PropertyValueSpecification","valueRequired":true,"valueName":"search_term_string"}}],"inLanguage":"ru-RU"}]}},"_links":{"self":[{"href":"https:\/\/rtt-dev.sitewise.ee\/ru\/wp-json\/wp\/v2\/product\/10384","targetHints":{"allow":["GET"]}}],"collection":[{"href":"https:\/\/rtt-dev.sitewise.ee\/ru\/wp-json\/wp\/v2\/product"}],"about":[{"href":"https:\/\/rtt-dev.sitewise.ee\/ru\/wp-json\/wp\/v2\/types\/product"}],"wp:featuredmedia":[{"embeddable":true,"href":"https:\/\/rtt-dev.sitewise.ee\/ru\/wp-json\/wp\/v2\/media\/10393"}],"wp:attachment":[{"href":"https:\/\/rtt-dev.sitewise.ee\/ru\/wp-json\/wp\/v2\/media?parent=10384"}],"wp:term":[{"taxonomy":"product_brand","embeddable":true,"href":"https:\/\/rtt-dev.sitewise.ee\/ru\/wp-json\/wp\/v2\/product_brand?post=10384"},{"taxonomy":"product_cat","embeddable":true,"href":"https:\/\/rtt-dev.sitewise.ee\/ru\/wp-json\/wp\/v2\/product_cat?post=10384"},{"taxonomy":"product_tag","embeddable":true,"href":"https:\/\/rtt-dev.sitewise.ee\/ru\/wp-json\/wp\/v2\/product_tag?post=10384"}],"curies":[{"name":"wp","href":"https:\/\/api.w.org\/{rel}","templated":true}]}}