{"id":10336,"date":"2023-11-27T17:37:14","date_gmt":"2023-11-27T15:37:14","guid":{"rendered":"https:\/\/rtt-dev.sitewise.ee\/?post_type=product&#038;p=10336"},"modified":"2025-07-07T20:51:31","modified_gmt":"2025-07-07T17:51:31","slug":"ezviz-c3x-2mp-color-night-vision","status":"publish","type":"product","link":"https:\/\/rtt-dev.sitewise.ee\/ru\/toode\/valvekaamerad-ru\/ezviz-c3x-2mp-color-night-vision\/","title":{"rendered":"EZVIZ C3X 2MP Color Night Vision"},"content":{"rendered":"<p><strong>EZVIZ C3X on koduvalve<\/strong> kaamera milel on v\u00e4rviline \u00f6\u00f6re\u017eiim, inimese ja s\u00f5iduki kuju tuvastus ja kaks intelligentset l\u00e4\u00e4tse.<br \/>\nKaamera t\u00f6\u00f6le panekuks on teil vaja ainult Wi-Fi \u00fchendust, EZVIZ rakendust ja vooluv\u00f5rku.<br \/>\nKaameraga tuleb kaasa tasuta EZVIZ rakendus,mille abil on v\u00f5imalik j\u00e4lgida kaamera pilte reaalajas<br \/>\nv\u00f5i j\u00e4rel salvestusi.<br \/>\nRakenduse eeliseks on see, et teie ei pea midagi lisaks tegema,kui tahate j\u00e4lgida enda kaameraid kodust eemal olles.<br \/>\nKaamerasse on ka sisseehitatud infrapuna ja tavaline LED valgustus, mis v\u00f5imaldab n\u00e4ha pimedas kuni 30 meetrit.<br \/>\nK\u00f5lari ja mikrofoni abil on v\u00f5imalik teha kahepoolset suhtlust.<\/p>\n<p>&nbsp;<\/p>\n<p><iframe loading=\"lazy\" title=\"YouTube video player\" src=\"https:\/\/www.youtube.com\/embed\/t1a6y-OoAjc?si=1ZJ-RQNGBJD3SfqX\" width=\"560\" height=\"315\" frameborder=\"0\" allowfullscreen=\"allowfullscreen\"><\/iframe><\/p>\n<p>Inimese tuvastus ja salvestamine microsd kaardile v\u00f5i EZVIZ pilveteenusele.<\/p>\n<p><img loading=\"lazy\" decoding=\"async\" class=\"alignnone size-large wp-image-10339\" src=\"https:\/\/rtt-dev.sitewise.ee\/wp-content\/uploads\/2023\/11\/8883478542-1024x409.png\" alt=\"\" width=\"1024\" height=\"409\" srcset=\"https:\/\/rtt-dev.sitewise.ee\/wp-content\/uploads\/2023\/11\/8883478542-1024x409.png 1024w, https:\/\/rtt-dev.sitewise.ee\/wp-content\/uploads\/2023\/11\/8883478542-300x120.png 300w, https:\/\/rtt-dev.sitewise.ee\/wp-content\/uploads\/2023\/11\/8883478542-768x307.png 768w, https:\/\/rtt-dev.sitewise.ee\/wp-content\/uploads\/2023\/11\/8883478542-150x60.png 150w, https:\/\/rtt-dev.sitewise.ee\/wp-content\/uploads\/2023\/11\/8883478542-600x240.png 600w, https:\/\/rtt-dev.sitewise.ee\/wp-content\/uploads\/2023\/11\/8883478542-64x26.png 64w, https:\/\/rtt-dev.sitewise.ee\/wp-content\/uploads\/2023\/11\/8883478542.png 1276w\" sizes=\"auto, (max-width: 1024px) 100vw, 1024px\" \/><\/p>\n<p><strong>SAADAVAL PALJU ERINEVAID EZVIZI KAAMERAID JA VALVESEADMEID\u00a0<\/strong><br \/>\n<strong><span style=\"color: #ff0000;\"><br \/>\n<\/span><span style=\"font-size: 14pt; color: #ff0000;\">K\u00dcSI LISA: <a style=\"color: #ff0000;\" href=\"tel:6112258\">6112258<\/a><\/span><\/strong><\/p>\n","protected":false},"excerpt":{"rendered":"<p>EZVIZ C3X on koduvalve kaamera milel on v\u00e4rviline \u00f6\u00f6re\u017eiim, inimese ja s\u00f5iduki kuju tuvastus ja kaks intelligentset l\u00e4\u00e4tse. Kaamera t\u00f6\u00f6le panekuks on teil vaja ainult Wi-Fi \u00fchendust, EZVIZ rakendust ja vooluv\u00f5rku. Kaameraga tuleb kaasa tasuta EZVIZ rakendus,mille abil on v\u00f5imalik j\u00e4lgida kaamera pilte reaalajas v\u00f5i j\u00e4rel salvestusi. Rakenduse eeliseks on see, et teie ei pea [&hellip;]<\/p>\n","protected":false},"featured_media":10342,"template":"","meta":[],"product_brand":[],"product_cat":[358],"product_tag":[],"class_list":{"0":"post-10336","1":"product","2":"type-product","3":"status-publish","4":"has-post-thumbnail","6":"product_cat-valvekaamerad-ru","7":"product_brands-valvekaamerad-sise-ja-valistingimustesse-ru","9":"first","10":"outofstock","11":"taxable","12":"shipping-taxable","13":"purchasable","14":"product-type-simple"},"acf":[],"yoast_head":"<!-- This site is optimized with the Yoast SEO plugin v24.4 - https:\/\/yoast.com\/wordpress\/plugins\/seo\/ -->\n<title>EZVIZ C3X 2MP Color Night Vision - RTT<\/title>\n<meta name=\"description\" content=\"EZVIZ C3X on koduvalve kaamera milel on v\u00e4rviline \u00f6\u00f6re\u017eiim, inimese ja s\u00f5iduki kuju tuvastus ja kaks intelligentset l\u00e4\u00e4tse.Kaamera t\u00f6\u00f6le panekuks on teil vaja ainult Wi-Fi \u00fchendust\" \/>\n<meta name=\"robots\" content=\"noindex, follow, max-snippet:-1, max-image-preview:large, max-video-preview:-1\" \/>\n<meta property=\"og:locale\" content=\"ru_RU\" \/>\n<meta property=\"og:type\" content=\"article\" \/>\n<meta property=\"og:title\" content=\"EZVIZ C3X 2MP Color Night Vision - RTT\" \/>\n<meta property=\"og:description\" content=\"EZVIZ C3X on koduvalve kaamera milel on v\u00e4rviline \u00f6\u00f6re\u017eiim, inimese ja s\u00f5iduki kuju tuvastus ja kaks intelligentset l\u00e4\u00e4tse.Kaamera t\u00f6\u00f6le panekuks on teil vaja ainult Wi-Fi \u00fchendust\" \/>\n<meta property=\"og:url\" content=\"https:\/\/rtt-dev.sitewise.ee\/toode\/valveseadmed\/ezviz-c3x-2mp-color-night-vision\/\" \/>\n<meta property=\"og:site_name\" content=\"RTT\" \/>\n<meta property=\"article:modified_time\" content=\"2025-07-07T17:51:31+00:00\" \/>\n<meta property=\"og:image\" content=\"https:\/\/rtt-dev.sitewise.ee\/wp-content\/uploads\/2023\/11\/ezviz-c3x-valvekaamera.jpeg\" \/>\n\t<meta property=\"og:image:width\" content=\"1051\" \/>\n\t<meta property=\"og:image:height\" content=\"786\" \/>\n\t<meta property=\"og:image:type\" content=\"image\/jpeg\" \/>\n<meta name=\"twitter:card\" content=\"summary_large_image\" \/>\n<meta name=\"twitter:label1\" content=\"\u041f\u0440\u0438\u043c\u0435\u0440\u043d\u043e\u0435 \u0432\u0440\u0435\u043c\u044f \u0434\u043b\u044f \u0447\u0442\u0435\u043d\u0438\u044f\" \/>\n\t<meta name=\"twitter:data1\" content=\"1 \u043c\u0438\u043d\u0443\u0442\u0430\" \/>\n<script type=\"application\/ld+json\" class=\"yoast-schema-graph\">{\"@context\":\"https:\/\/schema.org\",\"@graph\":[{\"@type\":\"WebPage\",\"@id\":\"https:\/\/rtt-dev.sitewise.ee\/toode\/valveseadmed\/ezviz-c3x-2mp-color-night-vision\/\",\"url\":\"https:\/\/rtt-dev.sitewise.ee\/toode\/valveseadmed\/ezviz-c3x-2mp-color-night-vision\/\",\"name\":\"EZVIZ C3X 2MP Color Night Vision - RTT\",\"isPartOf\":{\"@id\":\"https:\/\/rtt-dev.sitewise.ee\/#website\"},\"primaryImageOfPage\":{\"@id\":\"https:\/\/rtt-dev.sitewise.ee\/toode\/valveseadmed\/ezviz-c3x-2mp-color-night-vision\/#primaryimage\"},\"image\":{\"@id\":\"https:\/\/rtt-dev.sitewise.ee\/toode\/valveseadmed\/ezviz-c3x-2mp-color-night-vision\/#primaryimage\"},\"thumbnailUrl\":\"https:\/\/rtt-dev.sitewise.ee\/wp-content\/uploads\/2023\/11\/ezviz-c3x-valvekaamera.jpeg\",\"datePublished\":\"2023-11-27T15:37:14+00:00\",\"dateModified\":\"2025-07-07T17:51:31+00:00\",\"description\":\"EZVIZ C3X on koduvalve kaamera milel on v\u00e4rviline \u00f6\u00f6re\u017eiim, inimese ja s\u00f5iduki kuju tuvastus ja kaks intelligentset l\u00e4\u00e4tse.Kaamera t\u00f6\u00f6le panekuks on teil vaja ainult Wi-Fi \u00fchendust\",\"breadcrumb\":{\"@id\":\"https:\/\/rtt-dev.sitewise.ee\/toode\/valveseadmed\/ezviz-c3x-2mp-color-night-vision\/#breadcrumb\"},\"inLanguage\":\"ru-RU\",\"potentialAction\":[{\"@type\":\"ReadAction\",\"target\":[\"https:\/\/rtt-dev.sitewise.ee\/toode\/valveseadmed\/ezviz-c3x-2mp-color-night-vision\/\"]}]},{\"@type\":\"ImageObject\",\"inLanguage\":\"ru-RU\",\"@id\":\"https:\/\/rtt-dev.sitewise.ee\/toode\/valveseadmed\/ezviz-c3x-2mp-color-night-vision\/#primaryimage\",\"url\":\"https:\/\/rtt-dev.sitewise.ee\/wp-content\/uploads\/2023\/11\/ezviz-c3x-valvekaamera.jpeg\",\"contentUrl\":\"https:\/\/rtt-dev.sitewise.ee\/wp-content\/uploads\/2023\/11\/ezviz-c3x-valvekaamera.jpeg\",\"width\":1051,\"height\":786,\"caption\":\"ezviz-c3x-valvekaamera\"},{\"@type\":\"BreadcrumbList\",\"@id\":\"https:\/\/rtt-dev.sitewise.ee\/toode\/valveseadmed\/ezviz-c3x-2mp-color-night-vision\/#breadcrumb\",\"itemListElement\":[{\"@type\":\"ListItem\",\"position\":1,\"name\":\"\u0413\u043b\u0430\u0432\u043d\u0430\u044f\",\"item\":\"https:\/\/rtt-dev.sitewise.ee\/\"},{\"@type\":\"ListItem\",\"position\":2,\"name\":\"Magazin\",\"item\":\"https:\/\/rtt-dev.sitewise.ee\/pood\/\"},{\"@type\":\"ListItem\",\"position\":3,\"name\":\"Valveseadmed\",\"item\":\"https:\/\/rtt-dev.sitewise.ee\/tootekategooria\/valveseadmed\/\"},{\"@type\":\"ListItem\",\"position\":4,\"name\":\"EZVIZ C3X 2MP Color Night Vision\"}]},{\"@type\":\"WebSite\",\"@id\":\"https:\/\/rtt-dev.sitewise.ee\/#website\",\"url\":\"https:\/\/rtt-dev.sitewise.ee\/\",\"name\":\"RTT\",\"description\":\"Kassaaparaadid ja kontorikaubad\",\"potentialAction\":[{\"@type\":\"SearchAction\",\"target\":{\"@type\":\"EntryPoint\",\"urlTemplate\":\"https:\/\/rtt-dev.sitewise.ee\/?s={search_term_string}\"},\"query-input\":{\"@type\":\"PropertyValueSpecification\",\"valueRequired\":true,\"valueName\":\"search_term_string\"}}],\"inLanguage\":\"ru-RU\"}]}<\/script>\n<!-- \/ Yoast SEO plugin. -->","yoast_head_json":{"title":"EZVIZ C3X 2MP Color Night Vision - RTT","description":"EZVIZ C3X on koduvalve kaamera milel on v\u00e4rviline \u00f6\u00f6re\u017eiim, inimese ja s\u00f5iduki kuju tuvastus ja kaks intelligentset l\u00e4\u00e4tse.Kaamera t\u00f6\u00f6le panekuks on teil vaja ainult Wi-Fi \u00fchendust","robots":{"index":"noindex","follow":"follow","max-snippet":"max-snippet:-1","max-image-preview":"max-image-preview:large","max-video-preview":"max-video-preview:-1"},"og_locale":"ru_RU","og_type":"article","og_title":"EZVIZ C3X 2MP Color Night Vision - RTT","og_description":"EZVIZ C3X on koduvalve kaamera milel on v\u00e4rviline \u00f6\u00f6re\u017eiim, inimese ja s\u00f5iduki kuju tuvastus ja kaks intelligentset l\u00e4\u00e4tse.Kaamera t\u00f6\u00f6le panekuks on teil vaja ainult Wi-Fi \u00fchendust","og_url":"https:\/\/rtt-dev.sitewise.ee\/toode\/valveseadmed\/ezviz-c3x-2mp-color-night-vision\/","og_site_name":"RTT","article_modified_time":"2025-07-07T17:51:31+00:00","og_image":[{"width":1051,"height":786,"url":"https:\/\/rtt-dev.sitewise.ee\/wp-content\/uploads\/2023\/11\/ezviz-c3x-valvekaamera.jpeg","type":"image\/jpeg"}],"twitter_card":"summary_large_image","twitter_misc":{"\u041f\u0440\u0438\u043c\u0435\u0440\u043d\u043e\u0435 \u0432\u0440\u0435\u043c\u044f \u0434\u043b\u044f \u0447\u0442\u0435\u043d\u0438\u044f":"1 \u043c\u0438\u043d\u0443\u0442\u0430"},"schema":{"@context":"https:\/\/schema.org","@graph":[{"@type":"WebPage","@id":"https:\/\/rtt-dev.sitewise.ee\/toode\/valveseadmed\/ezviz-c3x-2mp-color-night-vision\/","url":"https:\/\/rtt-dev.sitewise.ee\/toode\/valveseadmed\/ezviz-c3x-2mp-color-night-vision\/","name":"EZVIZ C3X 2MP Color Night Vision - RTT","isPartOf":{"@id":"https:\/\/rtt-dev.sitewise.ee\/#website"},"primaryImageOfPage":{"@id":"https:\/\/rtt-dev.sitewise.ee\/toode\/valveseadmed\/ezviz-c3x-2mp-color-night-vision\/#primaryimage"},"image":{"@id":"https:\/\/rtt-dev.sitewise.ee\/toode\/valveseadmed\/ezviz-c3x-2mp-color-night-vision\/#primaryimage"},"thumbnailUrl":"https:\/\/rtt-dev.sitewise.ee\/wp-content\/uploads\/2023\/11\/ezviz-c3x-valvekaamera.jpeg","datePublished":"2023-11-27T15:37:14+00:00","dateModified":"2025-07-07T17:51:31+00:00","description":"EZVIZ C3X on koduvalve kaamera milel on v\u00e4rviline \u00f6\u00f6re\u017eiim, inimese ja s\u00f5iduki kuju tuvastus ja kaks intelligentset l\u00e4\u00e4tse.Kaamera t\u00f6\u00f6le panekuks on teil vaja ainult Wi-Fi \u00fchendust","breadcrumb":{"@id":"https:\/\/rtt-dev.sitewise.ee\/toode\/valveseadmed\/ezviz-c3x-2mp-color-night-vision\/#breadcrumb"},"inLanguage":"ru-RU","potentialAction":[{"@type":"ReadAction","target":["https:\/\/rtt-dev.sitewise.ee\/toode\/valveseadmed\/ezviz-c3x-2mp-color-night-vision\/"]}]},{"@type":"ImageObject","inLanguage":"ru-RU","@id":"https:\/\/rtt-dev.sitewise.ee\/toode\/valveseadmed\/ezviz-c3x-2mp-color-night-vision\/#primaryimage","url":"https:\/\/rtt-dev.sitewise.ee\/wp-content\/uploads\/2023\/11\/ezviz-c3x-valvekaamera.jpeg","contentUrl":"https:\/\/rtt-dev.sitewise.ee\/wp-content\/uploads\/2023\/11\/ezviz-c3x-valvekaamera.jpeg","width":1051,"height":786,"caption":"ezviz-c3x-valvekaamera"},{"@type":"BreadcrumbList","@id":"https:\/\/rtt-dev.sitewise.ee\/toode\/valveseadmed\/ezviz-c3x-2mp-color-night-vision\/#breadcrumb","itemListElement":[{"@type":"ListItem","position":1,"name":"\u0413\u043b\u0430\u0432\u043d\u0430\u044f","item":"https:\/\/rtt-dev.sitewise.ee\/"},{"@type":"ListItem","position":2,"name":"Magazin","item":"https:\/\/rtt-dev.sitewise.ee\/pood\/"},{"@type":"ListItem","position":3,"name":"Valveseadmed","item":"https:\/\/rtt-dev.sitewise.ee\/tootekategooria\/valveseadmed\/"},{"@type":"ListItem","position":4,"name":"EZVIZ C3X 2MP Color Night Vision"}]},{"@type":"WebSite","@id":"https:\/\/rtt-dev.sitewise.ee\/#website","url":"https:\/\/rtt-dev.sitewise.ee\/","name":"RTT","description":"Kassaaparaadid ja kontorikaubad","potentialAction":[{"@type":"SearchAction","target":{"@type":"EntryPoint","urlTemplate":"https:\/\/rtt-dev.sitewise.ee\/?s={search_term_string}"},"query-input":{"@type":"PropertyValueSpecification","valueRequired":true,"valueName":"search_term_string"}}],"inLanguage":"ru-RU"}]}},"_links":{"self":[{"href":"https:\/\/rtt-dev.sitewise.ee\/ru\/wp-json\/wp\/v2\/product\/10336","targetHints":{"allow":["GET"]}}],"collection":[{"href":"https:\/\/rtt-dev.sitewise.ee\/ru\/wp-json\/wp\/v2\/product"}],"about":[{"href":"https:\/\/rtt-dev.sitewise.ee\/ru\/wp-json\/wp\/v2\/types\/product"}],"wp:featuredmedia":[{"embeddable":true,"href":"https:\/\/rtt-dev.sitewise.ee\/ru\/wp-json\/wp\/v2\/media\/10342"}],"wp:attachment":[{"href":"https:\/\/rtt-dev.sitewise.ee\/ru\/wp-json\/wp\/v2\/media?parent=10336"}],"wp:term":[{"taxonomy":"product_brand","embeddable":true,"href":"https:\/\/rtt-dev.sitewise.ee\/ru\/wp-json\/wp\/v2\/product_brand?post=10336"},{"taxonomy":"product_cat","embeddable":true,"href":"https:\/\/rtt-dev.sitewise.ee\/ru\/wp-json\/wp\/v2\/product_cat?post=10336"},{"taxonomy":"product_tag","embeddable":true,"href":"https:\/\/rtt-dev.sitewise.ee\/ru\/wp-json\/wp\/v2\/product_tag?post=10336"}],"curies":[{"name":"wp","href":"https:\/\/api.w.org\/{rel}","templated":true}]}}