{"id":10249,"date":"2023-11-22T12:10:04","date_gmt":"2023-11-22T10:10:04","guid":{"rendered":"https:\/\/rtt-dev.sitewise.ee\/?post_type=product&#038;p=10249"},"modified":"2025-07-07T20:51:31","modified_gmt":"2025-07-07T17:51:31","slug":"sharp-bp-70c45","status":"publish","type":"product","link":"https:\/\/rtt-dev.sitewise.ee\/ru\/toode\/koopiamasinad-ru\/varvilised-koopiamasinad-ru\/sharp-bp-70c45\/","title":{"rendered":"SHARP BP-70C45"},"content":{"rendered":"<ul>\n<li>Sharp <strong>BP-70C45<\/strong> on A3-v\u00e4rviline multifunktsionaalne seade, mis on loodud tuleviku t\u00f6\u00f6kohale. Selle peamised omadused:\n<ul>\n<li>Funktsioonid: Printimine, kopeerimine, skaneerimine, faksimine, failihaldus.<\/li>\n<li>Kiirus: 45 lehte minutis must-valgelt ja v\u00e4rviliselt.<\/li>\n<li>Paberi maht: Standard 650 lehte, maksimaalselt 6,300 lehte.<\/li>\n<li>\u00dchenduvus: Integreeritud Microsoft\u00ae Teamsi \u00fchendus, WiFi, AirPrint, Bluetooth, NFC, QR-kood.<\/li>\n<li>Turvalisus: BIOS-p\u00f5hine turvalisus, valikuline pahavara t\u00f5rje, usaldusv\u00e4\u00e4rne platvormi moodul.<\/li>\n<li>Lihtne kasutamine: Liikumisandur, kommunikatsioonilambid, 10.1-tolline kallutatav LCD-paneel nutitelefoni stiilis puutetundlikkusega.<\/li>\n<li>Tootlikkus: Kahepoolne \u00fche l\u00e4bimise s\u00f6\u00f6tja skannib kuni 280 pilti minutis, AI-optimeeritud skaneerimine.<\/li>\n<li>J\u00e4tkusuutlikkus: Madal energiatarbimine, ringmajanduse p\u00f5him\u00f5tted tootmises\u200b\u200b.<\/li>\n<\/ul>\n<\/li>\n<\/ul>\n<p style=\"text-align: left;\">Lisainfo:<\/p>\n<p style=\"text-align: left;\">Tel: +372 6 112 256<br \/>\nGSM: +372 5 014 470<\/p>\n","protected":false},"excerpt":{"rendered":"<p>Sharp BP-70C45 on A3-v\u00e4rviline multifunktsionaalne seade, mis on loodud tuleviku t\u00f6\u00f6kohale. Selle peamised omadused: Funktsioonid: Printimine, kopeerimine, skaneerimine, faksimine, failihaldus. Kiirus: 45 lehte minutis must-valgelt ja v\u00e4rviliselt. Paberi maht: Standard 650 lehte, maksimaalselt 6,300 lehte. \u00dchenduvus: Integreeritud Microsoft\u00ae Teamsi \u00fchendus, WiFi, AirPrint, Bluetooth, NFC, QR-kood. Turvalisus: BIOS-p\u00f5hine turvalisus, valikuline pahavara t\u00f5rje, usaldusv\u00e4\u00e4rne platvormi moodul. Lihtne [&hellip;]<\/p>\n","protected":false},"featured_media":10258,"template":"","meta":[],"product_brand":[],"product_cat":[233,239],"product_tag":[],"class_list":{"0":"post-10249","1":"product","2":"type-product","3":"status-publish","4":"has-post-thumbnail","6":"product_cat-koopiamasinad-ru","7":"product_cat-varvilised-koopiamasinad-ru","9":"first","10":"instock","11":"taxable","12":"shipping-taxable","13":"purchasable","14":"product-type-simple"},"acf":[],"yoast_head":"<!-- This site is optimized with the Yoast SEO plugin v24.4 - https:\/\/yoast.com\/wordpress\/plugins\/seo\/ -->\n<title>SHARP BP-70C45 - RTT<\/title>\n<meta name=\"description\" content=\"V\u00e4rviline ,45 lehte min koopiamasin. Odava tr\u00fckihinna ja \u00fclalpidamiskuluga. T\u00e4isteenusrendi v\u00f5imalus, murevaba lahendus! WiFi, AirPrint jne\" \/>\n<meta name=\"robots\" content=\"noindex, follow, max-snippet:-1, max-image-preview:large, max-video-preview:-1\" \/>\n<meta property=\"og:locale\" content=\"ru_RU\" \/>\n<meta property=\"og:type\" content=\"article\" \/>\n<meta property=\"og:title\" content=\"SHARP BP-70C45 - RTT\" \/>\n<meta property=\"og:description\" content=\"V\u00e4rviline ,45 lehte min koopiamasin. Odava tr\u00fckihinna ja \u00fclalpidamiskuluga. T\u00e4isteenusrendi v\u00f5imalus, murevaba lahendus! WiFi, AirPrint jne\" \/>\n<meta property=\"og:url\" content=\"https:\/\/rtt-dev.sitewise.ee\/toode\/koopiamasinad\/varvi-koopiamasinad\/sharp-bp-70c45\/\" \/>\n<meta property=\"og:site_name\" content=\"RTT\" \/>\n<meta property=\"article:modified_time\" content=\"2025-07-07T17:51:31+00:00\" \/>\n<meta property=\"og:image\" content=\"https:\/\/rtt-dev.sitewise.ee\/wp-content\/uploads\/2023\/11\/img-p-bp-70c45-fd10-front-1-889x1024.png\" \/>\n\t<meta property=\"og:image:width\" content=\"889\" \/>\n\t<meta property=\"og:image:height\" content=\"1024\" \/>\n\t<meta property=\"og:image:type\" content=\"image\/png\" \/>\n<meta name=\"twitter:card\" content=\"summary_large_image\" \/>\n<script type=\"application\/ld+json\" class=\"yoast-schema-graph\">{\"@context\":\"https:\/\/schema.org\",\"@graph\":[{\"@type\":\"WebPage\",\"@id\":\"https:\/\/rtt-dev.sitewise.ee\/toode\/koopiamasinad\/varvi-koopiamasinad\/sharp-bp-70c45\/\",\"url\":\"https:\/\/rtt-dev.sitewise.ee\/toode\/koopiamasinad\/varvi-koopiamasinad\/sharp-bp-70c45\/\",\"name\":\"SHARP BP-70C45 - RTT\",\"isPartOf\":{\"@id\":\"https:\/\/rtt-dev.sitewise.ee\/#website\"},\"primaryImageOfPage\":{\"@id\":\"https:\/\/rtt-dev.sitewise.ee\/toode\/koopiamasinad\/varvi-koopiamasinad\/sharp-bp-70c45\/#primaryimage\"},\"image\":{\"@id\":\"https:\/\/rtt-dev.sitewise.ee\/toode\/koopiamasinad\/varvi-koopiamasinad\/sharp-bp-70c45\/#primaryimage\"},\"thumbnailUrl\":\"https:\/\/rtt-dev.sitewise.ee\/wp-content\/uploads\/2023\/11\/img-p-bp-70c45-fd10-front-1.png\",\"datePublished\":\"2023-11-22T10:10:04+00:00\",\"dateModified\":\"2025-07-07T17:51:31+00:00\",\"description\":\"V\u00e4rviline ,45 lehte min koopiamasin. Odava tr\u00fckihinna ja \u00fclalpidamiskuluga. T\u00e4isteenusrendi v\u00f5imalus, murevaba lahendus! WiFi, AirPrint jne\",\"breadcrumb\":{\"@id\":\"https:\/\/rtt-dev.sitewise.ee\/toode\/koopiamasinad\/varvi-koopiamasinad\/sharp-bp-70c45\/#breadcrumb\"},\"inLanguage\":\"ru-RU\",\"potentialAction\":[{\"@type\":\"ReadAction\",\"target\":[\"https:\/\/rtt-dev.sitewise.ee\/toode\/koopiamasinad\/varvi-koopiamasinad\/sharp-bp-70c45\/\"]}]},{\"@type\":\"ImageObject\",\"inLanguage\":\"ru-RU\",\"@id\":\"https:\/\/rtt-dev.sitewise.ee\/toode\/koopiamasinad\/varvi-koopiamasinad\/sharp-bp-70c45\/#primaryimage\",\"url\":\"https:\/\/rtt-dev.sitewise.ee\/wp-content\/uploads\/2023\/11\/img-p-bp-70c45-fd10-front-1.png\",\"contentUrl\":\"https:\/\/rtt-dev.sitewise.ee\/wp-content\/uploads\/2023\/11\/img-p-bp-70c45-fd10-front-1.png\",\"width\":3085,\"height\":3555},{\"@type\":\"BreadcrumbList\",\"@id\":\"https:\/\/rtt-dev.sitewise.ee\/toode\/koopiamasinad\/varvi-koopiamasinad\/sharp-bp-70c45\/#breadcrumb\",\"itemListElement\":[{\"@type\":\"ListItem\",\"position\":1,\"name\":\"\u0413\u043b\u0430\u0432\u043d\u0430\u044f\",\"item\":\"https:\/\/rtt-dev.sitewise.ee\/\"},{\"@type\":\"ListItem\",\"position\":2,\"name\":\"Magazin\",\"item\":\"https:\/\/rtt-dev.sitewise.ee\/pood\/\"},{\"@type\":\"ListItem\",\"position\":3,\"name\":\"Koopiamasinad\",\"item\":\"https:\/\/rtt-dev.sitewise.ee\/tootekategooria\/koopiamasinad\/\"},{\"@type\":\"ListItem\",\"position\":4,\"name\":\"V\u00e4rvi koopiamasinad\",\"item\":\"https:\/\/rtt-dev.sitewise.ee\/tootekategooria\/koopiamasinad\/varvi-koopiamasinad\/\"},{\"@type\":\"ListItem\",\"position\":5,\"name\":\"SHARP BP-70C45\"}]},{\"@type\":\"WebSite\",\"@id\":\"https:\/\/rtt-dev.sitewise.ee\/#website\",\"url\":\"https:\/\/rtt-dev.sitewise.ee\/\",\"name\":\"RTT\",\"description\":\"Kassaaparaadid ja kontorikaubad\",\"potentialAction\":[{\"@type\":\"SearchAction\",\"target\":{\"@type\":\"EntryPoint\",\"urlTemplate\":\"https:\/\/rtt-dev.sitewise.ee\/?s={search_term_string}\"},\"query-input\":{\"@type\":\"PropertyValueSpecification\",\"valueRequired\":true,\"valueName\":\"search_term_string\"}}],\"inLanguage\":\"ru-RU\"}]}<\/script>\n<!-- \/ Yoast SEO plugin. -->","yoast_head_json":{"title":"SHARP BP-70C45 - RTT","description":"V\u00e4rviline ,45 lehte min koopiamasin. Odava tr\u00fckihinna ja \u00fclalpidamiskuluga. T\u00e4isteenusrendi v\u00f5imalus, murevaba lahendus! WiFi, AirPrint jne","robots":{"index":"noindex","follow":"follow","max-snippet":"max-snippet:-1","max-image-preview":"max-image-preview:large","max-video-preview":"max-video-preview:-1"},"og_locale":"ru_RU","og_type":"article","og_title":"SHARP BP-70C45 - RTT","og_description":"V\u00e4rviline ,45 lehte min koopiamasin. Odava tr\u00fckihinna ja \u00fclalpidamiskuluga. T\u00e4isteenusrendi v\u00f5imalus, murevaba lahendus! WiFi, AirPrint jne","og_url":"https:\/\/rtt-dev.sitewise.ee\/toode\/koopiamasinad\/varvi-koopiamasinad\/sharp-bp-70c45\/","og_site_name":"RTT","article_modified_time":"2025-07-07T17:51:31+00:00","og_image":[{"width":889,"height":1024,"url":"https:\/\/rtt-dev.sitewise.ee\/wp-content\/uploads\/2023\/11\/img-p-bp-70c45-fd10-front-1-889x1024.png","type":"image\/png"}],"twitter_card":"summary_large_image","schema":{"@context":"https:\/\/schema.org","@graph":[{"@type":"WebPage","@id":"https:\/\/rtt-dev.sitewise.ee\/toode\/koopiamasinad\/varvi-koopiamasinad\/sharp-bp-70c45\/","url":"https:\/\/rtt-dev.sitewise.ee\/toode\/koopiamasinad\/varvi-koopiamasinad\/sharp-bp-70c45\/","name":"SHARP BP-70C45 - RTT","isPartOf":{"@id":"https:\/\/rtt-dev.sitewise.ee\/#website"},"primaryImageOfPage":{"@id":"https:\/\/rtt-dev.sitewise.ee\/toode\/koopiamasinad\/varvi-koopiamasinad\/sharp-bp-70c45\/#primaryimage"},"image":{"@id":"https:\/\/rtt-dev.sitewise.ee\/toode\/koopiamasinad\/varvi-koopiamasinad\/sharp-bp-70c45\/#primaryimage"},"thumbnailUrl":"https:\/\/rtt-dev.sitewise.ee\/wp-content\/uploads\/2023\/11\/img-p-bp-70c45-fd10-front-1.png","datePublished":"2023-11-22T10:10:04+00:00","dateModified":"2025-07-07T17:51:31+00:00","description":"V\u00e4rviline ,45 lehte min koopiamasin. Odava tr\u00fckihinna ja \u00fclalpidamiskuluga. T\u00e4isteenusrendi v\u00f5imalus, murevaba lahendus! WiFi, AirPrint jne","breadcrumb":{"@id":"https:\/\/rtt-dev.sitewise.ee\/toode\/koopiamasinad\/varvi-koopiamasinad\/sharp-bp-70c45\/#breadcrumb"},"inLanguage":"ru-RU","potentialAction":[{"@type":"ReadAction","target":["https:\/\/rtt-dev.sitewise.ee\/toode\/koopiamasinad\/varvi-koopiamasinad\/sharp-bp-70c45\/"]}]},{"@type":"ImageObject","inLanguage":"ru-RU","@id":"https:\/\/rtt-dev.sitewise.ee\/toode\/koopiamasinad\/varvi-koopiamasinad\/sharp-bp-70c45\/#primaryimage","url":"https:\/\/rtt-dev.sitewise.ee\/wp-content\/uploads\/2023\/11\/img-p-bp-70c45-fd10-front-1.png","contentUrl":"https:\/\/rtt-dev.sitewise.ee\/wp-content\/uploads\/2023\/11\/img-p-bp-70c45-fd10-front-1.png","width":3085,"height":3555},{"@type":"BreadcrumbList","@id":"https:\/\/rtt-dev.sitewise.ee\/toode\/koopiamasinad\/varvi-koopiamasinad\/sharp-bp-70c45\/#breadcrumb","itemListElement":[{"@type":"ListItem","position":1,"name":"\u0413\u043b\u0430\u0432\u043d\u0430\u044f","item":"https:\/\/rtt-dev.sitewise.ee\/"},{"@type":"ListItem","position":2,"name":"Magazin","item":"https:\/\/rtt-dev.sitewise.ee\/pood\/"},{"@type":"ListItem","position":3,"name":"Koopiamasinad","item":"https:\/\/rtt-dev.sitewise.ee\/tootekategooria\/koopiamasinad\/"},{"@type":"ListItem","position":4,"name":"V\u00e4rvi koopiamasinad","item":"https:\/\/rtt-dev.sitewise.ee\/tootekategooria\/koopiamasinad\/varvi-koopiamasinad\/"},{"@type":"ListItem","position":5,"name":"SHARP BP-70C45"}]},{"@type":"WebSite","@id":"https:\/\/rtt-dev.sitewise.ee\/#website","url":"https:\/\/rtt-dev.sitewise.ee\/","name":"RTT","description":"Kassaaparaadid ja kontorikaubad","potentialAction":[{"@type":"SearchAction","target":{"@type":"EntryPoint","urlTemplate":"https:\/\/rtt-dev.sitewise.ee\/?s={search_term_string}"},"query-input":{"@type":"PropertyValueSpecification","valueRequired":true,"valueName":"search_term_string"}}],"inLanguage":"ru-RU"}]}},"_links":{"self":[{"href":"https:\/\/rtt-dev.sitewise.ee\/ru\/wp-json\/wp\/v2\/product\/10249","targetHints":{"allow":["GET"]}}],"collection":[{"href":"https:\/\/rtt-dev.sitewise.ee\/ru\/wp-json\/wp\/v2\/product"}],"about":[{"href":"https:\/\/rtt-dev.sitewise.ee\/ru\/wp-json\/wp\/v2\/types\/product"}],"wp:featuredmedia":[{"embeddable":true,"href":"https:\/\/rtt-dev.sitewise.ee\/ru\/wp-json\/wp\/v2\/media\/10258"}],"wp:attachment":[{"href":"https:\/\/rtt-dev.sitewise.ee\/ru\/wp-json\/wp\/v2\/media?parent=10249"}],"wp:term":[{"taxonomy":"product_brand","embeddable":true,"href":"https:\/\/rtt-dev.sitewise.ee\/ru\/wp-json\/wp\/v2\/product_brand?post=10249"},{"taxonomy":"product_cat","embeddable":true,"href":"https:\/\/rtt-dev.sitewise.ee\/ru\/wp-json\/wp\/v2\/product_cat?post=10249"},{"taxonomy":"product_tag","embeddable":true,"href":"https:\/\/rtt-dev.sitewise.ee\/ru\/wp-json\/wp\/v2\/product_tag?post=10249"}],"curies":[{"name":"wp","href":"https:\/\/api.w.org\/{rel}","templated":true}]}}