{"id":10243,"date":"2019-02-28T15:32:15","date_gmt":"2019-02-28T13:32:15","guid":{"rendered":"https:\/\/rtt-dev.sitewise.ee\/toode\/uncategorized\/valvekaamera-ezviz\/"},"modified":"2025-07-07T20:58:22","modified_gmt":"2025-07-07T17:58:22","slug":"ezviz_a3_keskus","status":"publish","type":"product","link":"https:\/\/rtt-dev.sitewise.ee\/ru\/toode\/valvekaamerad-ru\/ezviz_a3_keskus\/","title":{"rendered":"Ezviz A3 Keskus"},"content":{"rendered":"<ul style=\"list-style-type: circle;\">\n<li><strong>Ezviz nutika kodu keskus<\/strong> erinevate Ezviz turvaseadmete \u00fchendamiseks.<\/li>\n<li>A3 annab kaugelt ligip\u00e4\u00e4su erinevatele EZVIZ seadmete seadistustele ja h\u00e4iretele<\/li>\n<li>RJ45 ja Wifi \u00fchendus.<\/li>\n<li>20 erinevat alarmheli.<\/li>\n<li>M\u00f5\u00f5tmetelt v\u00e4ga v\u00e4ike<\/li>\n<li>Kuni 32 juhtmevaba v\u00f5i 64 juhtmega EZVIZ seadet.<\/li>\n<li>Tegevuste ajalugu.<\/li>\n<\/ul>\n<p>Ezviz uueneb igap\u00e4evaga ning tulevikus saab l\u00e4bi A3 keskuse panna p\u00f6\u00f6rdkaamerat automaatselt p\u00f6\u00f6rama h\u00e4iresse l\u00e4inud liikumisanduri suunda.<br \/>\nSamuti lisandub tootevalikusse v\u00e4lisireen.<\/p>\n<p>Nt: Enamasti kasutatakse koduvalves ukseandurit\/liikumisandurit\/valvekaamerat\/suitsuandurit.<br \/>\nEzvizi valveseadmed annavad teie nutitelefonile h\u00e4ire, kui toimub h\u00e4ire. <strong>Standard funktsionaalsus on t\u00e4iesti tasuta!<\/strong><\/p>\n<p><img loading=\"lazy\" decoding=\"async\" class=\"alignnone size-large wp-image-10288\" src=\"https:\/\/rtt-dev.sitewise.ee\/wp-content\/uploads\/2019\/02\/ezviz_a3_features-1024x511.png\" alt=\"\" width=\"1024\" height=\"511\" srcset=\"https:\/\/rtt-dev.sitewise.ee\/wp-content\/uploads\/2019\/02\/ezviz_a3_features-1024x511.png 1024w, https:\/\/rtt-dev.sitewise.ee\/wp-content\/uploads\/2019\/02\/ezviz_a3_features-300x150.png 300w, https:\/\/rtt-dev.sitewise.ee\/wp-content\/uploads\/2019\/02\/ezviz_a3_features-768x383.png 768w, https:\/\/rtt-dev.sitewise.ee\/wp-content\/uploads\/2019\/02\/ezviz_a3_features-150x75.png 150w, https:\/\/rtt-dev.sitewise.ee\/wp-content\/uploads\/2019\/02\/ezviz_a3_features-600x299.png 600w, https:\/\/rtt-dev.sitewise.ee\/wp-content\/uploads\/2019\/02\/ezviz_a3_features-64x32.png 64w, https:\/\/rtt-dev.sitewise.ee\/wp-content\/uploads\/2019\/02\/ezviz_a3_features.png 1191w\" sizes=\"auto, (max-width: 1024px) 100vw, 1024px\" \/><\/p>\n<p>&nbsp;<\/p>\n<p><iframe loading=\"lazy\" title=\"YouTube video player\" src=\"https:\/\/www.youtube.com\/embed\/nfSIDLfQzqI?si=5HNnMInh_JlTcbFm\" width=\"560\" height=\"315\" frameborder=\"0\" allowfullscreen=\"allowfullscreen\"><\/iframe><\/p>\n","protected":false},"excerpt":{"rendered":"<p>Ezviz nutika kodu keskus erinevate Ezviz turvaseadmete \u00fchendamiseks. A3 annab kaugelt ligip\u00e4\u00e4su erinevatele EZVIZ seadmete seadistustele ja h\u00e4iretele RJ45 ja Wifi \u00fchendus. 20 erinevat alarmheli. M\u00f5\u00f5tmetelt v\u00e4ga v\u00e4ike Kuni 32 juhtmevaba v\u00f5i 64 juhtmega EZVIZ seadet. Tegevuste ajalugu. Ezviz uueneb igap\u00e4evaga ning tulevikus saab l\u00e4bi A3 keskuse panna p\u00f6\u00f6rdkaamerat automaatselt p\u00f6\u00f6rama h\u00e4iresse l\u00e4inud liikumisanduri suunda. [&hellip;]<\/p>\n","protected":false},"featured_media":10282,"template":"","meta":[],"product_brand":[],"product_cat":[358],"product_tag":[],"class_list":{"0":"post-10243","1":"product","2":"type-product","3":"status-publish","4":"has-post-thumbnail","6":"product_cat-valvekaamerad-ru","7":"product_brands-valvekaamerad-sise-ja-valistingimustesse-ru","9":"first","10":"outofstock","11":"taxable","12":"shipping-taxable","13":"purchasable","14":"product-type-simple"},"acf":[],"yoast_head":"<!-- This site is optimized with the Yoast SEO plugin v24.4 - https:\/\/yoast.com\/wordpress\/plugins\/seo\/ -->\n<title>Ezviz A3 Keskus - RTT<\/title>\n<meta name=\"description\" content=\"Ezvizi valvekeskus on m\u00f5eldud kasutamiseks nii siseruumides ning neid saab \u00fchendada koduvalveseadmetega, v\u00f5imaldades kasutajatel j\u00e4lgida oma vara reaalajas l\u00e4bi telefoni.\" \/>\n<meta name=\"robots\" content=\"noindex, follow, max-snippet:-1, max-image-preview:large, max-video-preview:-1\" \/>\n<meta property=\"og:locale\" content=\"ru_RU\" \/>\n<meta property=\"og:type\" content=\"article\" \/>\n<meta property=\"og:title\" content=\"Ezviz A3 Keskus - RTT\" \/>\n<meta property=\"og:description\" content=\"Ezvizi valvekeskus on m\u00f5eldud kasutamiseks nii siseruumides ning neid saab \u00fchendada koduvalveseadmetega, v\u00f5imaldades kasutajatel j\u00e4lgida oma vara reaalajas l\u00e4bi telefoni.\" \/>\n<meta property=\"og:url\" content=\"https:\/\/rtt-dev.sitewise.ee\/toode\/valveseadmed\/ezviz_a3_keskus\/\" \/>\n<meta property=\"og:site_name\" content=\"RTT\" \/>\n<meta property=\"article:modified_time\" content=\"2025-07-07T17:58:22+00:00\" \/>\n<meta property=\"og:image\" content=\"https:\/\/rtt-dev.sitewise.ee\/wp-content\/uploads\/2019\/02\/Ezviz-A3__1.png\" \/>\n\t<meta property=\"og:image:width\" content=\"800\" \/>\n\t<meta property=\"og:image:height\" content=\"800\" \/>\n\t<meta property=\"og:image:type\" content=\"image\/png\" \/>\n<meta name=\"twitter:card\" content=\"summary_large_image\" \/>\n<script type=\"application\/ld+json\" class=\"yoast-schema-graph\">{\"@context\":\"https:\/\/schema.org\",\"@graph\":[{\"@type\":\"WebPage\",\"@id\":\"https:\/\/rtt-dev.sitewise.ee\/toode\/valveseadmed\/ezviz_a3_keskus\/\",\"url\":\"https:\/\/rtt-dev.sitewise.ee\/toode\/valveseadmed\/ezviz_a3_keskus\/\",\"name\":\"Ezviz A3 Keskus - RTT\",\"isPartOf\":{\"@id\":\"https:\/\/rtt-dev.sitewise.ee\/#website\"},\"primaryImageOfPage\":{\"@id\":\"https:\/\/rtt-dev.sitewise.ee\/toode\/valveseadmed\/ezviz_a3_keskus\/#primaryimage\"},\"image\":{\"@id\":\"https:\/\/rtt-dev.sitewise.ee\/toode\/valveseadmed\/ezviz_a3_keskus\/#primaryimage\"},\"thumbnailUrl\":\"https:\/\/rtt-dev.sitewise.ee\/wp-content\/uploads\/2019\/02\/Ezviz-A3__1.png\",\"datePublished\":\"2019-02-28T13:32:15+00:00\",\"dateModified\":\"2025-07-07T17:58:22+00:00\",\"description\":\"Ezvizi valvekeskus on m\u00f5eldud kasutamiseks nii siseruumides ning neid saab \u00fchendada koduvalveseadmetega, v\u00f5imaldades kasutajatel j\u00e4lgida oma vara reaalajas l\u00e4bi telefoni.\",\"breadcrumb\":{\"@id\":\"https:\/\/rtt-dev.sitewise.ee\/toode\/valveseadmed\/ezviz_a3_keskus\/#breadcrumb\"},\"inLanguage\":\"ru-RU\",\"potentialAction\":[{\"@type\":\"ReadAction\",\"target\":[\"https:\/\/rtt-dev.sitewise.ee\/toode\/valveseadmed\/ezviz_a3_keskus\/\"]}]},{\"@type\":\"ImageObject\",\"inLanguage\":\"ru-RU\",\"@id\":\"https:\/\/rtt-dev.sitewise.ee\/toode\/valveseadmed\/ezviz_a3_keskus\/#primaryimage\",\"url\":\"https:\/\/rtt-dev.sitewise.ee\/wp-content\/uploads\/2019\/02\/Ezviz-A3__1.png\",\"contentUrl\":\"https:\/\/rtt-dev.sitewise.ee\/wp-content\/uploads\/2019\/02\/Ezviz-A3__1.png\",\"width\":800,\"height\":800,\"caption\":\"valvekaamera\"},{\"@type\":\"BreadcrumbList\",\"@id\":\"https:\/\/rtt-dev.sitewise.ee\/toode\/valveseadmed\/ezviz_a3_keskus\/#breadcrumb\",\"itemListElement\":[{\"@type\":\"ListItem\",\"position\":1,\"name\":\"\u0413\u043b\u0430\u0432\u043d\u0430\u044f\",\"item\":\"https:\/\/rtt-dev.sitewise.ee\/\"},{\"@type\":\"ListItem\",\"position\":2,\"name\":\"Magazin\",\"item\":\"https:\/\/rtt-dev.sitewise.ee\/pood\/\"},{\"@type\":\"ListItem\",\"position\":3,\"name\":\"Valveseadmed\",\"item\":\"https:\/\/rtt-dev.sitewise.ee\/tootekategooria\/valveseadmed\/\"},{\"@type\":\"ListItem\",\"position\":4,\"name\":\"Ezviz A3 Keskus\"}]},{\"@type\":\"WebSite\",\"@id\":\"https:\/\/rtt-dev.sitewise.ee\/#website\",\"url\":\"https:\/\/rtt-dev.sitewise.ee\/\",\"name\":\"RTT\",\"description\":\"Kassaaparaadid ja kontorikaubad\",\"potentialAction\":[{\"@type\":\"SearchAction\",\"target\":{\"@type\":\"EntryPoint\",\"urlTemplate\":\"https:\/\/rtt-dev.sitewise.ee\/?s={search_term_string}\"},\"query-input\":{\"@type\":\"PropertyValueSpecification\",\"valueRequired\":true,\"valueName\":\"search_term_string\"}}],\"inLanguage\":\"ru-RU\"}]}<\/script>\n<!-- \/ Yoast SEO plugin. -->","yoast_head_json":{"title":"Ezviz A3 Keskus - RTT","description":"Ezvizi valvekeskus on m\u00f5eldud kasutamiseks nii siseruumides ning neid saab \u00fchendada koduvalveseadmetega, v\u00f5imaldades kasutajatel j\u00e4lgida oma vara reaalajas l\u00e4bi telefoni.","robots":{"index":"noindex","follow":"follow","max-snippet":"max-snippet:-1","max-image-preview":"max-image-preview:large","max-video-preview":"max-video-preview:-1"},"og_locale":"ru_RU","og_type":"article","og_title":"Ezviz A3 Keskus - RTT","og_description":"Ezvizi valvekeskus on m\u00f5eldud kasutamiseks nii siseruumides ning neid saab \u00fchendada koduvalveseadmetega, v\u00f5imaldades kasutajatel j\u00e4lgida oma vara reaalajas l\u00e4bi telefoni.","og_url":"https:\/\/rtt-dev.sitewise.ee\/toode\/valveseadmed\/ezviz_a3_keskus\/","og_site_name":"RTT","article_modified_time":"2025-07-07T17:58:22+00:00","og_image":[{"width":800,"height":800,"url":"https:\/\/rtt-dev.sitewise.ee\/wp-content\/uploads\/2019\/02\/Ezviz-A3__1.png","type":"image\/png"}],"twitter_card":"summary_large_image","schema":{"@context":"https:\/\/schema.org","@graph":[{"@type":"WebPage","@id":"https:\/\/rtt-dev.sitewise.ee\/toode\/valveseadmed\/ezviz_a3_keskus\/","url":"https:\/\/rtt-dev.sitewise.ee\/toode\/valveseadmed\/ezviz_a3_keskus\/","name":"Ezviz A3 Keskus - RTT","isPartOf":{"@id":"https:\/\/rtt-dev.sitewise.ee\/#website"},"primaryImageOfPage":{"@id":"https:\/\/rtt-dev.sitewise.ee\/toode\/valveseadmed\/ezviz_a3_keskus\/#primaryimage"},"image":{"@id":"https:\/\/rtt-dev.sitewise.ee\/toode\/valveseadmed\/ezviz_a3_keskus\/#primaryimage"},"thumbnailUrl":"https:\/\/rtt-dev.sitewise.ee\/wp-content\/uploads\/2019\/02\/Ezviz-A3__1.png","datePublished":"2019-02-28T13:32:15+00:00","dateModified":"2025-07-07T17:58:22+00:00","description":"Ezvizi valvekeskus on m\u00f5eldud kasutamiseks nii siseruumides ning neid saab \u00fchendada koduvalveseadmetega, v\u00f5imaldades kasutajatel j\u00e4lgida oma vara reaalajas l\u00e4bi telefoni.","breadcrumb":{"@id":"https:\/\/rtt-dev.sitewise.ee\/toode\/valveseadmed\/ezviz_a3_keskus\/#breadcrumb"},"inLanguage":"ru-RU","potentialAction":[{"@type":"ReadAction","target":["https:\/\/rtt-dev.sitewise.ee\/toode\/valveseadmed\/ezviz_a3_keskus\/"]}]},{"@type":"ImageObject","inLanguage":"ru-RU","@id":"https:\/\/rtt-dev.sitewise.ee\/toode\/valveseadmed\/ezviz_a3_keskus\/#primaryimage","url":"https:\/\/rtt-dev.sitewise.ee\/wp-content\/uploads\/2019\/02\/Ezviz-A3__1.png","contentUrl":"https:\/\/rtt-dev.sitewise.ee\/wp-content\/uploads\/2019\/02\/Ezviz-A3__1.png","width":800,"height":800,"caption":"valvekaamera"},{"@type":"BreadcrumbList","@id":"https:\/\/rtt-dev.sitewise.ee\/toode\/valveseadmed\/ezviz_a3_keskus\/#breadcrumb","itemListElement":[{"@type":"ListItem","position":1,"name":"\u0413\u043b\u0430\u0432\u043d\u0430\u044f","item":"https:\/\/rtt-dev.sitewise.ee\/"},{"@type":"ListItem","position":2,"name":"Magazin","item":"https:\/\/rtt-dev.sitewise.ee\/pood\/"},{"@type":"ListItem","position":3,"name":"Valveseadmed","item":"https:\/\/rtt-dev.sitewise.ee\/tootekategooria\/valveseadmed\/"},{"@type":"ListItem","position":4,"name":"Ezviz A3 Keskus"}]},{"@type":"WebSite","@id":"https:\/\/rtt-dev.sitewise.ee\/#website","url":"https:\/\/rtt-dev.sitewise.ee\/","name":"RTT","description":"Kassaaparaadid ja kontorikaubad","potentialAction":[{"@type":"SearchAction","target":{"@type":"EntryPoint","urlTemplate":"https:\/\/rtt-dev.sitewise.ee\/?s={search_term_string}"},"query-input":{"@type":"PropertyValueSpecification","valueRequired":true,"valueName":"search_term_string"}}],"inLanguage":"ru-RU"}]}},"_links":{"self":[{"href":"https:\/\/rtt-dev.sitewise.ee\/ru\/wp-json\/wp\/v2\/product\/10243","targetHints":{"allow":["GET"]}}],"collection":[{"href":"https:\/\/rtt-dev.sitewise.ee\/ru\/wp-json\/wp\/v2\/product"}],"about":[{"href":"https:\/\/rtt-dev.sitewise.ee\/ru\/wp-json\/wp\/v2\/types\/product"}],"wp:featuredmedia":[{"embeddable":true,"href":"https:\/\/rtt-dev.sitewise.ee\/ru\/wp-json\/wp\/v2\/media\/10282"}],"wp:attachment":[{"href":"https:\/\/rtt-dev.sitewise.ee\/ru\/wp-json\/wp\/v2\/media?parent=10243"}],"wp:term":[{"taxonomy":"product_brand","embeddable":true,"href":"https:\/\/rtt-dev.sitewise.ee\/ru\/wp-json\/wp\/v2\/product_brand?post=10243"},{"taxonomy":"product_cat","embeddable":true,"href":"https:\/\/rtt-dev.sitewise.ee\/ru\/wp-json\/wp\/v2\/product_cat?post=10243"},{"taxonomy":"product_tag","embeddable":true,"href":"https:\/\/rtt-dev.sitewise.ee\/ru\/wp-json\/wp\/v2\/product_tag?post=10243"}],"curies":[{"name":"wp","href":"https:\/\/api.w.org\/{rel}","templated":true}]}}