{"id":8834,"date":"2022-10-06T11:01:25","date_gmt":"2022-10-06T08:01:25","guid":{"rendered":"https:\/\/rtt-dev.sitewise.ee\/?post_type=product&#038;p=8834"},"modified":"2025-07-07T20:51:35","modified_gmt":"2025-07-07T17:51:35","slug":"evolis-badgy-200","status":"publish","type":"product","link":"https:\/\/rtt-dev.sitewise.ee\/en\/toode\/printerid-en\/kaardiprinter-en\/evolis-badgy-200\/","title":{"rendered":"Evolis BADGY 200"},"content":{"rendered":"<p>Badgy pakub teile\u00a0 v\u00f5tmed k\u00e4tte lahendust \u00a0PC- v\u00f5i\u00a0 Mac-arvutile, mis koosneb\u00a0 plastkaardiprinterist,\u00a0\u00a0 Evolis Badge Studio\u00ae kaardi isikup\u00e4rastamise tarkvarast koos tasuta\u00a0\u00a0 kaardi n\u00e4idistega veebis ja pakk tarvikuid (v\u00e4rviline lint ja t\u00fchjad \u00a0plastkaardid).<\/p>\n<p>Selle peamised omadused:<\/p>\n<ul>\n<li>servast servani printimine<\/li>\n<li>J\u00f5udlus (v\u00e4rviline kaart): 38s\/kaart &#8211; 95 kaarti\/tund<\/li>\n<li>Komplektis Evolis Badge Studio\u00ae +\u00a0 kujundamiseks ja printimiseks (Andmete\u00a0 importimine andmebaasist)<\/li>\n<\/ul>\n<p>&nbsp;<\/p>\n<p>Komplektis:<\/p>\n<p>Badgy200 &#8211; Kaartide printimise lahendus<br \/>\n&#8211; Badgy200 plastkaardiprinter<br \/>\n&#8211; 1 v\u00e4rviline lint 100 prindile<br \/>\n&#8211; 100 paksust PVC-kaarti (30MIL &#8211; 0,76MM)<br \/>\n&#8211; Evolis Badge Studio\u00ae+ tarkvaralitsents<\/p>\n<p>&nbsp;<\/p>\n","protected":false},"excerpt":{"rendered":"<p>Badgy pakub teile\u00a0 v\u00f5tmed k\u00e4tte lahendust \u00a0PC- v\u00f5i\u00a0 Mac-arvutile, mis koosneb\u00a0 plastkaardiprinterist,\u00a0\u00a0 Evolis Badge Studio\u00ae kaardi isikup\u00e4rastamise tarkvarast koos tasuta\u00a0\u00a0 kaardi n\u00e4idistega veebis ja pakk tarvikuid (v\u00e4rviline lint ja t\u00fchjad \u00a0plastkaardid). Selle peamised omadused: servast servani printimine J\u00f5udlus (v\u00e4rviline kaart): 38s\/kaart &#8211; 95 kaarti\/tund Komplektis Evolis Badge Studio\u00ae +\u00a0 kujundamiseks ja printimiseks (Andmete\u00a0 importimine andmebaasist) [&hellip;]<\/p>\n","protected":false},"featured_media":8840,"template":"","meta":[],"product_brand":[],"product_cat":[128,132,257],"product_tag":[],"class_list":{"0":"post-8834","1":"product","2":"type-product","3":"status-publish","4":"has-post-thumbnail","6":"product_cat-printerid-en","7":"product_cat-kaardiprinter-en","8":"product_cat-maaramata-en","9":"product_brands-evolis-en","11":"first","12":"instock","13":"taxable","14":"shipping-taxable","15":"purchasable","16":"product-type-simple"},"acf":[],"yoast_head":"<!-- This site is optimized with the Yoast SEO plugin v24.4 - https:\/\/yoast.com\/wordpress\/plugins\/seo\/ -->\n<title>Evolis BADGY 200 - RTT<\/title>\n<meta name=\"description\" content=\"Evolis Badgy 200 on kaardiprinter , mis suudab tr\u00fckkida nii tavalisi PVC kaarte kui ka korduvkasutatavaid kaarte. Roheline kaardiprinter!\" \/>\n<meta name=\"robots\" content=\"noindex, follow, max-snippet:-1, max-image-preview:large, max-video-preview:-1\" \/>\n<meta property=\"og:locale\" content=\"en_US\" \/>\n<meta property=\"og:type\" content=\"article\" \/>\n<meta property=\"og:title\" content=\"Evolis BADGY 200 - RTT\" \/>\n<meta property=\"og:description\" content=\"Evolis Badgy 200 on kaardiprinter , mis suudab tr\u00fckkida nii tavalisi PVC kaarte kui ka korduvkasutatavaid kaarte. Roheline kaardiprinter!\" \/>\n<meta property=\"og:url\" content=\"https:\/\/rtt-dev.sitewise.ee\/toode\/printerid\/kaardiprinter\/evolis-badgy-200\/\" \/>\n<meta property=\"og:site_name\" content=\"RTT\" \/>\n<meta property=\"article:modified_time\" content=\"2025-07-07T17:51:35+00:00\" \/>\n<meta property=\"og:image\" content=\"https:\/\/rtt-dev.sitewise.ee\/wp-content\/uploads\/2022\/10\/packBadgy200-sans_fil-scaled.jpg\" \/>\n\t<meta property=\"og:image:width\" content=\"2560\" \/>\n\t<meta property=\"og:image:height\" content=\"1616\" \/>\n\t<meta property=\"og:image:type\" content=\"image\/jpeg\" \/>\n<meta name=\"twitter:card\" content=\"summary_large_image\" \/>\n<script type=\"application\/ld+json\" class=\"yoast-schema-graph\">{\"@context\":\"https:\/\/schema.org\",\"@graph\":[{\"@type\":\"WebPage\",\"@id\":\"https:\/\/rtt-dev.sitewise.ee\/toode\/printerid\/kaardiprinter\/evolis-badgy-200\/\",\"url\":\"https:\/\/rtt-dev.sitewise.ee\/toode\/printerid\/kaardiprinter\/evolis-badgy-200\/\",\"name\":\"Evolis BADGY 200 - RTT\",\"isPartOf\":{\"@id\":\"https:\/\/rtt-dev.sitewise.ee\/#website\"},\"primaryImageOfPage\":{\"@id\":\"https:\/\/rtt-dev.sitewise.ee\/toode\/printerid\/kaardiprinter\/evolis-badgy-200\/#primaryimage\"},\"image\":{\"@id\":\"https:\/\/rtt-dev.sitewise.ee\/toode\/printerid\/kaardiprinter\/evolis-badgy-200\/#primaryimage\"},\"thumbnailUrl\":\"https:\/\/rtt-dev.sitewise.ee\/wp-content\/uploads\/2022\/10\/packBadgy200-sans_fil-scaled.jpg\",\"datePublished\":\"2022-10-06T08:01:25+00:00\",\"dateModified\":\"2025-07-07T17:51:35+00:00\",\"description\":\"Evolis Badgy 200 on kaardiprinter , mis suudab tr\u00fckkida nii tavalisi PVC kaarte kui ka korduvkasutatavaid kaarte. Roheline kaardiprinter!\",\"breadcrumb\":{\"@id\":\"https:\/\/rtt-dev.sitewise.ee\/toode\/printerid\/kaardiprinter\/evolis-badgy-200\/#breadcrumb\"},\"inLanguage\":\"en-US\",\"potentialAction\":[{\"@type\":\"ReadAction\",\"target\":[\"https:\/\/rtt-dev.sitewise.ee\/toode\/printerid\/kaardiprinter\/evolis-badgy-200\/\"]}]},{\"@type\":\"ImageObject\",\"inLanguage\":\"en-US\",\"@id\":\"https:\/\/rtt-dev.sitewise.ee\/toode\/printerid\/kaardiprinter\/evolis-badgy-200\/#primaryimage\",\"url\":\"https:\/\/rtt-dev.sitewise.ee\/wp-content\/uploads\/2022\/10\/packBadgy200-sans_fil-scaled.jpg\",\"contentUrl\":\"https:\/\/rtt-dev.sitewise.ee\/wp-content\/uploads\/2022\/10\/packBadgy200-sans_fil-scaled.jpg\",\"width\":2560,\"height\":1616},{\"@type\":\"BreadcrumbList\",\"@id\":\"https:\/\/rtt-dev.sitewise.ee\/toode\/printerid\/kaardiprinter\/evolis-badgy-200\/#breadcrumb\",\"itemListElement\":[{\"@type\":\"ListItem\",\"position\":1,\"name\":\"Home\",\"item\":\"https:\/\/rtt-dev.sitewise.ee\/\"},{\"@type\":\"ListItem\",\"position\":2,\"name\":\"Shop\",\"item\":\"https:\/\/rtt-dev.sitewise.ee\/pood\/\"},{\"@type\":\"ListItem\",\"position\":3,\"name\":\"Printerid\",\"item\":\"https:\/\/rtt-dev.sitewise.ee\/tootekategooria\/printerid\/\"},{\"@type\":\"ListItem\",\"position\":4,\"name\":\"Kaardiprinter\",\"item\":\"https:\/\/rtt-dev.sitewise.ee\/tootekategooria\/printerid\/kaardiprinter\/\"},{\"@type\":\"ListItem\",\"position\":5,\"name\":\"Evolis BADGY 200\"}]},{\"@type\":\"WebSite\",\"@id\":\"https:\/\/rtt-dev.sitewise.ee\/#website\",\"url\":\"https:\/\/rtt-dev.sitewise.ee\/\",\"name\":\"RTT\",\"description\":\"Kassaaparaadid ja kontorikaubad\",\"potentialAction\":[{\"@type\":\"SearchAction\",\"target\":{\"@type\":\"EntryPoint\",\"urlTemplate\":\"https:\/\/rtt-dev.sitewise.ee\/?s={search_term_string}\"},\"query-input\":{\"@type\":\"PropertyValueSpecification\",\"valueRequired\":true,\"valueName\":\"search_term_string\"}}],\"inLanguage\":\"en-US\"}]}<\/script>\n<!-- \/ Yoast SEO plugin. -->","yoast_head_json":{"title":"Evolis BADGY 200 - RTT","description":"Evolis Badgy 200 on kaardiprinter , mis suudab tr\u00fckkida nii tavalisi PVC kaarte kui ka korduvkasutatavaid kaarte. Roheline kaardiprinter!","robots":{"index":"noindex","follow":"follow","max-snippet":"max-snippet:-1","max-image-preview":"max-image-preview:large","max-video-preview":"max-video-preview:-1"},"og_locale":"en_US","og_type":"article","og_title":"Evolis BADGY 200 - RTT","og_description":"Evolis Badgy 200 on kaardiprinter , mis suudab tr\u00fckkida nii tavalisi PVC kaarte kui ka korduvkasutatavaid kaarte. Roheline kaardiprinter!","og_url":"https:\/\/rtt-dev.sitewise.ee\/toode\/printerid\/kaardiprinter\/evolis-badgy-200\/","og_site_name":"RTT","article_modified_time":"2025-07-07T17:51:35+00:00","og_image":[{"width":2560,"height":1616,"url":"https:\/\/rtt-dev.sitewise.ee\/wp-content\/uploads\/2022\/10\/packBadgy200-sans_fil-scaled.jpg","type":"image\/jpeg"}],"twitter_card":"summary_large_image","schema":{"@context":"https:\/\/schema.org","@graph":[{"@type":"WebPage","@id":"https:\/\/rtt-dev.sitewise.ee\/toode\/printerid\/kaardiprinter\/evolis-badgy-200\/","url":"https:\/\/rtt-dev.sitewise.ee\/toode\/printerid\/kaardiprinter\/evolis-badgy-200\/","name":"Evolis BADGY 200 - RTT","isPartOf":{"@id":"https:\/\/rtt-dev.sitewise.ee\/#website"},"primaryImageOfPage":{"@id":"https:\/\/rtt-dev.sitewise.ee\/toode\/printerid\/kaardiprinter\/evolis-badgy-200\/#primaryimage"},"image":{"@id":"https:\/\/rtt-dev.sitewise.ee\/toode\/printerid\/kaardiprinter\/evolis-badgy-200\/#primaryimage"},"thumbnailUrl":"https:\/\/rtt-dev.sitewise.ee\/wp-content\/uploads\/2022\/10\/packBadgy200-sans_fil-scaled.jpg","datePublished":"2022-10-06T08:01:25+00:00","dateModified":"2025-07-07T17:51:35+00:00","description":"Evolis Badgy 200 on kaardiprinter , mis suudab tr\u00fckkida nii tavalisi PVC kaarte kui ka korduvkasutatavaid kaarte. Roheline kaardiprinter!","breadcrumb":{"@id":"https:\/\/rtt-dev.sitewise.ee\/toode\/printerid\/kaardiprinter\/evolis-badgy-200\/#breadcrumb"},"inLanguage":"en-US","potentialAction":[{"@type":"ReadAction","target":["https:\/\/rtt-dev.sitewise.ee\/toode\/printerid\/kaardiprinter\/evolis-badgy-200\/"]}]},{"@type":"ImageObject","inLanguage":"en-US","@id":"https:\/\/rtt-dev.sitewise.ee\/toode\/printerid\/kaardiprinter\/evolis-badgy-200\/#primaryimage","url":"https:\/\/rtt-dev.sitewise.ee\/wp-content\/uploads\/2022\/10\/packBadgy200-sans_fil-scaled.jpg","contentUrl":"https:\/\/rtt-dev.sitewise.ee\/wp-content\/uploads\/2022\/10\/packBadgy200-sans_fil-scaled.jpg","width":2560,"height":1616},{"@type":"BreadcrumbList","@id":"https:\/\/rtt-dev.sitewise.ee\/toode\/printerid\/kaardiprinter\/evolis-badgy-200\/#breadcrumb","itemListElement":[{"@type":"ListItem","position":1,"name":"Home","item":"https:\/\/rtt-dev.sitewise.ee\/"},{"@type":"ListItem","position":2,"name":"Shop","item":"https:\/\/rtt-dev.sitewise.ee\/pood\/"},{"@type":"ListItem","position":3,"name":"Printerid","item":"https:\/\/rtt-dev.sitewise.ee\/tootekategooria\/printerid\/"},{"@type":"ListItem","position":4,"name":"Kaardiprinter","item":"https:\/\/rtt-dev.sitewise.ee\/tootekategooria\/printerid\/kaardiprinter\/"},{"@type":"ListItem","position":5,"name":"Evolis BADGY 200"}]},{"@type":"WebSite","@id":"https:\/\/rtt-dev.sitewise.ee\/#website","url":"https:\/\/rtt-dev.sitewise.ee\/","name":"RTT","description":"Kassaaparaadid ja kontorikaubad","potentialAction":[{"@type":"SearchAction","target":{"@type":"EntryPoint","urlTemplate":"https:\/\/rtt-dev.sitewise.ee\/?s={search_term_string}"},"query-input":{"@type":"PropertyValueSpecification","valueRequired":true,"valueName":"search_term_string"}}],"inLanguage":"en-US"}]}},"_links":{"self":[{"href":"https:\/\/rtt-dev.sitewise.ee\/en\/wp-json\/wp\/v2\/product\/8834","targetHints":{"allow":["GET"]}}],"collection":[{"href":"https:\/\/rtt-dev.sitewise.ee\/en\/wp-json\/wp\/v2\/product"}],"about":[{"href":"https:\/\/rtt-dev.sitewise.ee\/en\/wp-json\/wp\/v2\/types\/product"}],"wp:featuredmedia":[{"embeddable":true,"href":"https:\/\/rtt-dev.sitewise.ee\/en\/wp-json\/wp\/v2\/media\/8840"}],"wp:attachment":[{"href":"https:\/\/rtt-dev.sitewise.ee\/en\/wp-json\/wp\/v2\/media?parent=8834"}],"wp:term":[{"taxonomy":"product_brand","embeddable":true,"href":"https:\/\/rtt-dev.sitewise.ee\/en\/wp-json\/wp\/v2\/product_brand?post=8834"},{"taxonomy":"product_cat","embeddable":true,"href":"https:\/\/rtt-dev.sitewise.ee\/en\/wp-json\/wp\/v2\/product_cat?post=8834"},{"taxonomy":"product_tag","embeddable":true,"href":"https:\/\/rtt-dev.sitewise.ee\/en\/wp-json\/wp\/v2\/product_tag?post=8834"}],"curies":[{"name":"wp","href":"https:\/\/api.w.org\/{rel}","templated":true}]}}