{"id":8409,"date":"2021-07-06T15:58:43","date_gmt":"2021-07-06T12:58:43","guid":{"rendered":"https:\/\/rtt-dev.sitewise.ee\/toode\/uncategorized\/sharp-mx-3051\/"},"modified":"2025-07-07T20:51:38","modified_gmt":"2025-07-07T17:51:38","slug":"koopiamasin-bp-50c31","status":"publish","type":"product","link":"https:\/\/rtt-dev.sitewise.ee\/en\/toode\/koopiamasinad-en\/varvilised-koopiamasinad-en\/koopiamasin-bp-50c31\/","title":{"rendered":"SHARP BP-50C31"},"content":{"rendered":"<h3 style=\"text-align: left;\"><strong>SHARP BP-50C31<\/strong><\/h3>\n<ul>\n<li>Print, kopeerimine, skannimine, faks, fail<\/li>\n<li>Lehek\u00fclgi minutis: 31 B\/W 31 V\u00e4rv<\/li>\n<li>Paberi maht: Std 650 Max 6,300 lehte<\/li>\n<li>Sujuv integratsioon ja \u00fchendus pilvep\u00f5histe \u00e4riprotsesside rakendustega<\/li>\n<li>Riistvara ja lahenduste platvorm, mis toetab h\u00fcbriidset t\u00f6\u00f6keskkonda<\/li>\n<li>Sisseehitatud Microsoft\u00ae Teamsi konnektor tugevdab koost\u00f6\u00f6d, v\u00f5imaldades otsest ja turvalist juurdep\u00e4\u00e4su Microsoft\u00ae Teamsi kanalilt printimiseks v\u00f5i skannimiseks<\/li>\n<li>Valdkonna juhtivad s\u00fcsteemi- ja andmekaitsefunktsioonid, sealhulgas BIOS-p\u00f5hine turve, pahavaravastane (valikuline) ja standardne usaldusv\u00e4\u00e4rse platvormi moodul, tagavad konfidentsiaalsete andmete turvalisuse<\/li>\n<li>Suhelge MFP-ga otse oma mobiilseadmest NFC, QR-koodi, WiFi (valikuline) Bluetoothi kaudu( n\u00f5uab wifi-d) ja AirPrinti (n\u00f5uab MX-PK13-postscripti)<\/li>\n<\/ul>\n<p style=\"text-align: left;\">Lisainfo:<\/p>\n<p style=\"text-align: left;\">Tel: +372 6 112 256<br \/>\nGSM: +372 5 014 470<\/p>\n","protected":false},"excerpt":{"rendered":"<p>SHARP BP-50C31 Print, kopeerimine, skannimine, faks, fail Lehek\u00fclgi minutis: 31 B\/W 31 V\u00e4rv Paberi maht: Std 650 Max 6,300 lehte Sujuv integratsioon ja \u00fchendus pilvep\u00f5histe \u00e4riprotsesside rakendustega Riistvara ja lahenduste platvorm, mis toetab h\u00fcbriidset t\u00f6\u00f6keskkonda Sisseehitatud Microsoft\u00ae Teamsi konnektor tugevdab koost\u00f6\u00f6d, v\u00f5imaldades otsest ja turvalist juurdep\u00e4\u00e4su Microsoft\u00ae Teamsi kanalilt printimiseks v\u00f5i skannimiseks Valdkonna juhtivad s\u00fcsteemi- [&hellip;]<\/p>\n","protected":false},"featured_media":8638,"template":"","meta":[],"product_brand":[],"product_cat":[116],"product_tag":[],"class_list":{"0":"post-8409","1":"product","2":"type-product","3":"status-publish","4":"has-post-thumbnail","6":"product_cat-varvilised-koopiamasinad-en","8":"first","9":"instock","10":"taxable","11":"shipping-taxable","12":"purchasable","13":"product-type-simple"},"acf":[],"yoast_head":"<!-- This site is optimized with the Yoast SEO plugin v24.4 - https:\/\/yoast.com\/wordpress\/plugins\/seo\/ -->\n<title>SHARP BP-50C31 - RTT<\/title>\n<meta name=\"description\" content=\"V\u00e4rviline A3, A4 printer, koopiamasin. Odava tr\u00fckihinna ja \u00fclalpidamiskuluga. T\u00e4isteenusrendi v\u00f5imalus, murevaba lahendus! Tahmad kohapeal!\" \/>\n<meta name=\"robots\" content=\"noindex, follow, max-snippet:-1, max-image-preview:large, max-video-preview:-1\" \/>\n<meta property=\"og:locale\" content=\"en_US\" \/>\n<meta property=\"og:type\" content=\"article\" \/>\n<meta property=\"og:title\" content=\"SHARP BP-50C31 - RTT\" \/>\n<meta property=\"og:description\" content=\"V\u00e4rviline A3, A4 printer, koopiamasin. Odava tr\u00fckihinna ja \u00fclalpidamiskuluga. T\u00e4isteenusrendi v\u00f5imalus, murevaba lahendus! Tahmad kohapeal!\" \/>\n<meta property=\"og:url\" content=\"https:\/\/rtt-dev.sitewise.ee\/toode\/koopiamasinad\/varvi-koopiamasinad\/koopiamasin-bp-50c31\/\" \/>\n<meta property=\"og:site_name\" content=\"RTT\" \/>\n<meta property=\"article:modified_time\" content=\"2025-07-07T17:51:38+00:00\" \/>\n<meta property=\"og:image\" content=\"https:\/\/rtt-dev.sitewise.ee\/wp-content\/uploads\/2021\/07\/img-p-bp-50c31-full-front-1024x817.png\" \/>\n\t<meta property=\"og:image:width\" content=\"1024\" \/>\n\t<meta property=\"og:image:height\" content=\"817\" \/>\n\t<meta property=\"og:image:type\" content=\"image\/png\" \/>\n<meta name=\"twitter:card\" content=\"summary_large_image\" \/>\n<meta name=\"twitter:label1\" content=\"Est. reading time\" \/>\n\t<meta name=\"twitter:data1\" content=\"1 minute\" \/>\n<script type=\"application\/ld+json\" class=\"yoast-schema-graph\">{\"@context\":\"https:\/\/schema.org\",\"@graph\":[{\"@type\":\"WebPage\",\"@id\":\"https:\/\/rtt-dev.sitewise.ee\/toode\/koopiamasinad\/varvi-koopiamasinad\/koopiamasin-bp-50c31\/\",\"url\":\"https:\/\/rtt-dev.sitewise.ee\/toode\/koopiamasinad\/varvi-koopiamasinad\/koopiamasin-bp-50c31\/\",\"name\":\"SHARP BP-50C31 - RTT\",\"isPartOf\":{\"@id\":\"https:\/\/rtt-dev.sitewise.ee\/#website\"},\"primaryImageOfPage\":{\"@id\":\"https:\/\/rtt-dev.sitewise.ee\/toode\/koopiamasinad\/varvi-koopiamasinad\/koopiamasin-bp-50c31\/#primaryimage\"},\"image\":{\"@id\":\"https:\/\/rtt-dev.sitewise.ee\/toode\/koopiamasinad\/varvi-koopiamasinad\/koopiamasin-bp-50c31\/#primaryimage\"},\"thumbnailUrl\":\"https:\/\/rtt-dev.sitewise.ee\/wp-content\/uploads\/2021\/07\/img-p-bp-50c31-full-front.png\",\"datePublished\":\"2021-07-06T12:58:43+00:00\",\"dateModified\":\"2025-07-07T17:51:38+00:00\",\"description\":\"V\u00e4rviline A3, A4 printer, koopiamasin. Odava tr\u00fckihinna ja \u00fclalpidamiskuluga. T\u00e4isteenusrendi v\u00f5imalus, murevaba lahendus! Tahmad kohapeal!\",\"breadcrumb\":{\"@id\":\"https:\/\/rtt-dev.sitewise.ee\/toode\/koopiamasinad\/varvi-koopiamasinad\/koopiamasin-bp-50c31\/#breadcrumb\"},\"inLanguage\":\"en-US\",\"potentialAction\":[{\"@type\":\"ReadAction\",\"target\":[\"https:\/\/rtt-dev.sitewise.ee\/toode\/koopiamasinad\/varvi-koopiamasinad\/koopiamasin-bp-50c31\/\"]}]},{\"@type\":\"ImageObject\",\"inLanguage\":\"en-US\",\"@id\":\"https:\/\/rtt-dev.sitewise.ee\/toode\/koopiamasinad\/varvi-koopiamasinad\/koopiamasin-bp-50c31\/#primaryimage\",\"url\":\"https:\/\/rtt-dev.sitewise.ee\/wp-content\/uploads\/2021\/07\/img-p-bp-50c31-full-front.png\",\"contentUrl\":\"https:\/\/rtt-dev.sitewise.ee\/wp-content\/uploads\/2021\/07\/img-p-bp-50c31-full-front.png\",\"width\":4337,\"height\":3460},{\"@type\":\"BreadcrumbList\",\"@id\":\"https:\/\/rtt-dev.sitewise.ee\/toode\/koopiamasinad\/varvi-koopiamasinad\/koopiamasin-bp-50c31\/#breadcrumb\",\"itemListElement\":[{\"@type\":\"ListItem\",\"position\":1,\"name\":\"Home\",\"item\":\"https:\/\/rtt-dev.sitewise.ee\/\"},{\"@type\":\"ListItem\",\"position\":2,\"name\":\"Shop\",\"item\":\"https:\/\/rtt-dev.sitewise.ee\/pood\/\"},{\"@type\":\"ListItem\",\"position\":3,\"name\":\"Koopiamasinad\",\"item\":\"https:\/\/rtt-dev.sitewise.ee\/tootekategooria\/koopiamasinad\/\"},{\"@type\":\"ListItem\",\"position\":4,\"name\":\"V\u00e4rvi koopiamasinad\",\"item\":\"https:\/\/rtt-dev.sitewise.ee\/tootekategooria\/koopiamasinad\/varvi-koopiamasinad\/\"},{\"@type\":\"ListItem\",\"position\":5,\"name\":\"SHARP BP-50C31\"}]},{\"@type\":\"WebSite\",\"@id\":\"https:\/\/rtt-dev.sitewise.ee\/#website\",\"url\":\"https:\/\/rtt-dev.sitewise.ee\/\",\"name\":\"RTT\",\"description\":\"Kassaaparaadid ja kontorikaubad\",\"potentialAction\":[{\"@type\":\"SearchAction\",\"target\":{\"@type\":\"EntryPoint\",\"urlTemplate\":\"https:\/\/rtt-dev.sitewise.ee\/?s={search_term_string}\"},\"query-input\":{\"@type\":\"PropertyValueSpecification\",\"valueRequired\":true,\"valueName\":\"search_term_string\"}}],\"inLanguage\":\"en-US\"}]}<\/script>\n<!-- \/ Yoast SEO plugin. -->","yoast_head_json":{"title":"SHARP BP-50C31 - RTT","description":"V\u00e4rviline A3, A4 printer, koopiamasin. Odava tr\u00fckihinna ja \u00fclalpidamiskuluga. T\u00e4isteenusrendi v\u00f5imalus, murevaba lahendus! Tahmad kohapeal!","robots":{"index":"noindex","follow":"follow","max-snippet":"max-snippet:-1","max-image-preview":"max-image-preview:large","max-video-preview":"max-video-preview:-1"},"og_locale":"en_US","og_type":"article","og_title":"SHARP BP-50C31 - RTT","og_description":"V\u00e4rviline A3, A4 printer, koopiamasin. Odava tr\u00fckihinna ja \u00fclalpidamiskuluga. T\u00e4isteenusrendi v\u00f5imalus, murevaba lahendus! Tahmad kohapeal!","og_url":"https:\/\/rtt-dev.sitewise.ee\/toode\/koopiamasinad\/varvi-koopiamasinad\/koopiamasin-bp-50c31\/","og_site_name":"RTT","article_modified_time":"2025-07-07T17:51:38+00:00","og_image":[{"width":1024,"height":817,"url":"https:\/\/rtt-dev.sitewise.ee\/wp-content\/uploads\/2021\/07\/img-p-bp-50c31-full-front-1024x817.png","type":"image\/png"}],"twitter_card":"summary_large_image","twitter_misc":{"Est. reading time":"1 minute"},"schema":{"@context":"https:\/\/schema.org","@graph":[{"@type":"WebPage","@id":"https:\/\/rtt-dev.sitewise.ee\/toode\/koopiamasinad\/varvi-koopiamasinad\/koopiamasin-bp-50c31\/","url":"https:\/\/rtt-dev.sitewise.ee\/toode\/koopiamasinad\/varvi-koopiamasinad\/koopiamasin-bp-50c31\/","name":"SHARP BP-50C31 - RTT","isPartOf":{"@id":"https:\/\/rtt-dev.sitewise.ee\/#website"},"primaryImageOfPage":{"@id":"https:\/\/rtt-dev.sitewise.ee\/toode\/koopiamasinad\/varvi-koopiamasinad\/koopiamasin-bp-50c31\/#primaryimage"},"image":{"@id":"https:\/\/rtt-dev.sitewise.ee\/toode\/koopiamasinad\/varvi-koopiamasinad\/koopiamasin-bp-50c31\/#primaryimage"},"thumbnailUrl":"https:\/\/rtt-dev.sitewise.ee\/wp-content\/uploads\/2021\/07\/img-p-bp-50c31-full-front.png","datePublished":"2021-07-06T12:58:43+00:00","dateModified":"2025-07-07T17:51:38+00:00","description":"V\u00e4rviline A3, A4 printer, koopiamasin. Odava tr\u00fckihinna ja \u00fclalpidamiskuluga. T\u00e4isteenusrendi v\u00f5imalus, murevaba lahendus! Tahmad kohapeal!","breadcrumb":{"@id":"https:\/\/rtt-dev.sitewise.ee\/toode\/koopiamasinad\/varvi-koopiamasinad\/koopiamasin-bp-50c31\/#breadcrumb"},"inLanguage":"en-US","potentialAction":[{"@type":"ReadAction","target":["https:\/\/rtt-dev.sitewise.ee\/toode\/koopiamasinad\/varvi-koopiamasinad\/koopiamasin-bp-50c31\/"]}]},{"@type":"ImageObject","inLanguage":"en-US","@id":"https:\/\/rtt-dev.sitewise.ee\/toode\/koopiamasinad\/varvi-koopiamasinad\/koopiamasin-bp-50c31\/#primaryimage","url":"https:\/\/rtt-dev.sitewise.ee\/wp-content\/uploads\/2021\/07\/img-p-bp-50c31-full-front.png","contentUrl":"https:\/\/rtt-dev.sitewise.ee\/wp-content\/uploads\/2021\/07\/img-p-bp-50c31-full-front.png","width":4337,"height":3460},{"@type":"BreadcrumbList","@id":"https:\/\/rtt-dev.sitewise.ee\/toode\/koopiamasinad\/varvi-koopiamasinad\/koopiamasin-bp-50c31\/#breadcrumb","itemListElement":[{"@type":"ListItem","position":1,"name":"Home","item":"https:\/\/rtt-dev.sitewise.ee\/"},{"@type":"ListItem","position":2,"name":"Shop","item":"https:\/\/rtt-dev.sitewise.ee\/pood\/"},{"@type":"ListItem","position":3,"name":"Koopiamasinad","item":"https:\/\/rtt-dev.sitewise.ee\/tootekategooria\/koopiamasinad\/"},{"@type":"ListItem","position":4,"name":"V\u00e4rvi koopiamasinad","item":"https:\/\/rtt-dev.sitewise.ee\/tootekategooria\/koopiamasinad\/varvi-koopiamasinad\/"},{"@type":"ListItem","position":5,"name":"SHARP BP-50C31"}]},{"@type":"WebSite","@id":"https:\/\/rtt-dev.sitewise.ee\/#website","url":"https:\/\/rtt-dev.sitewise.ee\/","name":"RTT","description":"Kassaaparaadid ja kontorikaubad","potentialAction":[{"@type":"SearchAction","target":{"@type":"EntryPoint","urlTemplate":"https:\/\/rtt-dev.sitewise.ee\/?s={search_term_string}"},"query-input":{"@type":"PropertyValueSpecification","valueRequired":true,"valueName":"search_term_string"}}],"inLanguage":"en-US"}]}},"_links":{"self":[{"href":"https:\/\/rtt-dev.sitewise.ee\/en\/wp-json\/wp\/v2\/product\/8409","targetHints":{"allow":["GET"]}}],"collection":[{"href":"https:\/\/rtt-dev.sitewise.ee\/en\/wp-json\/wp\/v2\/product"}],"about":[{"href":"https:\/\/rtt-dev.sitewise.ee\/en\/wp-json\/wp\/v2\/types\/product"}],"wp:featuredmedia":[{"embeddable":true,"href":"https:\/\/rtt-dev.sitewise.ee\/en\/wp-json\/wp\/v2\/media\/8638"}],"wp:attachment":[{"href":"https:\/\/rtt-dev.sitewise.ee\/en\/wp-json\/wp\/v2\/media?parent=8409"}],"wp:term":[{"taxonomy":"product_brand","embeddable":true,"href":"https:\/\/rtt-dev.sitewise.ee\/en\/wp-json\/wp\/v2\/product_brand?post=8409"},{"taxonomy":"product_cat","embeddable":true,"href":"https:\/\/rtt-dev.sitewise.ee\/en\/wp-json\/wp\/v2\/product_cat?post=8409"},{"taxonomy":"product_tag","embeddable":true,"href":"https:\/\/rtt-dev.sitewise.ee\/en\/wp-json\/wp\/v2\/product_tag?post=8409"}],"curies":[{"name":"wp","href":"https:\/\/api.w.org\/{rel}","templated":true}]}}