{"id":8405,"date":"2021-07-07T11:43:57","date_gmt":"2021-07-07T08:43:57","guid":{"rendered":"https:\/\/rtt-dev.sitewise.ee\/toode\/uncategorized\/sharp-bp-30c25\/"},"modified":"2025-07-07T20:51:38","modified_gmt":"2025-07-07T17:51:38","slug":"koopiamasin-bp-30c25","status":"publish","type":"product","link":"https:\/\/rtt-dev.sitewise.ee\/en\/toode\/koopiamasinad-en\/varvilised-koopiamasinad-en\/koopiamasin-bp-30c25\/","title":{"rendered":"Sharp BP-30C25"},"content":{"rendered":"<pre data-placeholder=\"T\u00f5lge\"><strong><span style=\"font-family: georgia, palatino, serif; font-size: 14pt;\">SHARP BP-30C25<\/span><\/strong><\/pre>\n<p>&nbsp;<\/p>\n<ul>\n<li id=\"tw-target-text\" class=\"tw-data-text tw-text-large XcVN5d tw-ta\" data-placeholder=\"T\u00f5lge\"><span class=\"Y2IQFc\" lang=\"et\" style=\"font-family: georgia, palatino, serif; font-size: 14pt;\">Printimine, kopeerimine, skannimine, faksimine, fail<\/span><\/li>\n<li class=\"tw-data-text tw-text-large XcVN5d tw-ta\" data-placeholder=\"T\u00f5lge\"><span class=\"Y2IQFc\" lang=\"et\" style=\"font-family: georgia, palatino, serif; font-size: 14pt;\">Lehti minutis: 25 mustvalge 25 v\u00e4rvi<\/span><\/li>\n<li class=\"tw-data-text tw-text-large XcVN5d tw-ta\" data-placeholder=\"T\u00f5lge\"><span class=\"Y2IQFc\" lang=\"et\" style=\"font-family: georgia, palatino, serif; font-size: 14pt;\">Paberi maht: Std 350 Max 1850 lehte<\/span><\/li>\n<li class=\"tw-data-text tw-text-large XcVN5d tw-ta\" data-placeholder=\"T\u00f5lge\"><span class=\"Y2IQFc\" lang=\"et\" style=\"font-family: georgia, palatino, serif; font-size: 14pt;\">Lihtse kasutajaliidese re\u017eiimiga 7-tolline v\u00e4rviline LCD-puutetundlik ekraan tagab lihtsa ja intuitiivse t\u00f6\u00f6<\/span><\/li>\n<li class=\"tw-data-text tw-text-large XcVN5d tw-ta\" data-placeholder=\"T\u00f5lge\"><span class=\"Y2IQFc\" lang=\"et\" style=\"font-family: georgia, palatino, serif; font-size: 14pt;\">Salvestage dokumendid printimisvalmis mis tahes \u00fchilduvast v\u00f5rguga \u00fchendatud MFP-st, kasutades Print Release&#8217;i<\/span><\/li>\n<li class=\"tw-data-text tw-text-large XcVN5d tw-ta\" data-placeholder=\"T\u00f5lge\"><span class=\"Y2IQFc\" lang=\"et\" style=\"font-family: georgia, palatino, serif; font-size: 14pt;\">Valikuline \u00fchekordne sisselogimine tagab lihtsa juurdep\u00e4\u00e4su avalikele pilvesalvestusteenustele<\/span><\/li>\n<li class=\"tw-data-text tw-text-large XcVN5d tw-ta\" data-placeholder=\"T\u00f5lge\"><span class=\"Y2IQFc\" lang=\"et\" style=\"font-family: georgia, palatino, serif; font-size: 14pt;\">Valikuline otseprintimine Microsoft\u00ae Office&#8217;i failidest USB-draividelt<\/span><\/li>\n<li class=\"tw-data-text tw-text-large XcVN5d tw-ta\" data-placeholder=\"T\u00f5lge\"><span class=\"Y2IQFc\" lang=\"et\" style=\"font-family: georgia, palatino, serif; font-size: 14pt;\">T\u00e4iustatud andmekaitse ja juurdep\u00e4\u00e4su kontroll koos SSL-i valideerimise ja lubatud loendisse lisamisega<\/span><\/li>\n<\/ul>\n<p>&nbsp;<\/p>\n<p style=\"text-align: left;\">Lisainfo:<\/p>\n<p style=\"text-align: left;\">Tel: +372 6 112 256<br \/>\nGSM: +372 5 014 470<\/p>\n","protected":false},"excerpt":{"rendered":"<p>SHARP BP-30C25 &nbsp; Printimine, kopeerimine, skannimine, faksimine, fail Lehti minutis: 25 mustvalge 25 v\u00e4rvi Paberi maht: Std 350 Max 1850 lehte Lihtse kasutajaliidese re\u017eiimiga 7-tolline v\u00e4rviline LCD-puutetundlik ekraan tagab lihtsa ja intuitiivse t\u00f6\u00f6 Salvestage dokumendid printimisvalmis mis tahes \u00fchilduvast v\u00f5rguga \u00fchendatud MFP-st, kasutades Print Release&#8217;i Valikuline \u00fchekordne sisselogimine tagab lihtsa juurdep\u00e4\u00e4su avalikele pilvesalvestusteenustele Valikuline otseprintimine [&hellip;]<\/p>\n","protected":false},"featured_media":7477,"template":"","meta":[],"product_brand":[],"product_cat":[116],"product_tag":[303],"class_list":{"0":"post-8405","1":"product","2":"type-product","3":"status-publish","4":"has-post-thumbnail","6":"product_cat-varvilised-koopiamasinad-en","7":"product_tag-uus-en","8":"product_brands-sharp-en","10":"first","11":"outofstock","12":"taxable","13":"shipping-taxable","14":"purchasable","15":"product-type-simple"},"acf":[],"yoast_head":"<!-- This site is optimized with the Yoast SEO plugin v24.4 - https:\/\/yoast.com\/wordpress\/plugins\/seo\/ -->\n<title>Sharp BP-30C25 - RTT<\/title>\n<meta name=\"description\" content=\"V\u00e4rviline A3, A4 printer, koopiamasin. Odava tr\u00fckihinna ja \u00fclalpidamiskuluga. T\u00e4isteenusrendi v\u00f5imalus, murevaba lahendus!\" \/>\n<meta name=\"robots\" content=\"noindex, follow, max-snippet:-1, max-image-preview:large, max-video-preview:-1\" \/>\n<meta property=\"og:locale\" content=\"en_US\" \/>\n<meta property=\"og:type\" content=\"article\" \/>\n<meta property=\"og:title\" content=\"Sharp BP-30C25 - RTT\" \/>\n<meta property=\"og:description\" content=\"V\u00e4rviline A3, A4 printer, koopiamasin. Odava tr\u00fckihinna ja \u00fclalpidamiskuluga. T\u00e4isteenusrendi v\u00f5imalus, murevaba lahendus!\" \/>\n<meta property=\"og:url\" content=\"https:\/\/rtt-dev.sitewise.ee\/toode\/koopiamasinad\/varvi-koopiamasinad\/koopiamasin-bp-30c25\/\" \/>\n<meta property=\"og:site_name\" content=\"RTT\" \/>\n<meta property=\"article:modified_time\" content=\"2025-07-07T17:51:38+00:00\" \/>\n<meta property=\"og:image\" content=\"https:\/\/rtt-dev.sitewise.ee\/wp-content\/uploads\/2021\/07\/img-p-bp-30c25-cubic-5-380.jpg\" \/>\n\t<meta property=\"og:image:width\" content=\"720\" \/>\n\t<meta property=\"og:image:height\" content=\"380\" \/>\n\t<meta property=\"og:image:type\" content=\"image\/jpeg\" \/>\n<meta name=\"twitter:card\" content=\"summary_large_image\" \/>\n<script type=\"application\/ld+json\" class=\"yoast-schema-graph\">{\"@context\":\"https:\/\/schema.org\",\"@graph\":[{\"@type\":\"WebPage\",\"@id\":\"https:\/\/rtt-dev.sitewise.ee\/toode\/koopiamasinad\/varvi-koopiamasinad\/koopiamasin-bp-30c25\/\",\"url\":\"https:\/\/rtt-dev.sitewise.ee\/toode\/koopiamasinad\/varvi-koopiamasinad\/koopiamasin-bp-30c25\/\",\"name\":\"Sharp BP-30C25 - RTT\",\"isPartOf\":{\"@id\":\"https:\/\/rtt-dev.sitewise.ee\/#website\"},\"primaryImageOfPage\":{\"@id\":\"https:\/\/rtt-dev.sitewise.ee\/toode\/koopiamasinad\/varvi-koopiamasinad\/koopiamasin-bp-30c25\/#primaryimage\"},\"image\":{\"@id\":\"https:\/\/rtt-dev.sitewise.ee\/toode\/koopiamasinad\/varvi-koopiamasinad\/koopiamasin-bp-30c25\/#primaryimage\"},\"thumbnailUrl\":\"https:\/\/rtt-dev.sitewise.ee\/wp-content\/uploads\/2021\/07\/img-p-bp-30c25-cubic-5-380.jpg\",\"datePublished\":\"2021-07-07T08:43:57+00:00\",\"dateModified\":\"2025-07-07T17:51:38+00:00\",\"description\":\"V\u00e4rviline A3, A4 printer, koopiamasin. Odava tr\u00fckihinna ja \u00fclalpidamiskuluga. T\u00e4isteenusrendi v\u00f5imalus, murevaba lahendus!\",\"breadcrumb\":{\"@id\":\"https:\/\/rtt-dev.sitewise.ee\/toode\/koopiamasinad\/varvi-koopiamasinad\/koopiamasin-bp-30c25\/#breadcrumb\"},\"inLanguage\":\"en-US\",\"potentialAction\":[{\"@type\":\"ReadAction\",\"target\":[\"https:\/\/rtt-dev.sitewise.ee\/toode\/koopiamasinad\/varvi-koopiamasinad\/koopiamasin-bp-30c25\/\"]}]},{\"@type\":\"ImageObject\",\"inLanguage\":\"en-US\",\"@id\":\"https:\/\/rtt-dev.sitewise.ee\/toode\/koopiamasinad\/varvi-koopiamasinad\/koopiamasin-bp-30c25\/#primaryimage\",\"url\":\"https:\/\/rtt-dev.sitewise.ee\/wp-content\/uploads\/2021\/07\/img-p-bp-30c25-cubic-5-380.jpg\",\"contentUrl\":\"https:\/\/rtt-dev.sitewise.ee\/wp-content\/uploads\/2021\/07\/img-p-bp-30c25-cubic-5-380.jpg\",\"width\":720,\"height\":380},{\"@type\":\"BreadcrumbList\",\"@id\":\"https:\/\/rtt-dev.sitewise.ee\/toode\/koopiamasinad\/varvi-koopiamasinad\/koopiamasin-bp-30c25\/#breadcrumb\",\"itemListElement\":[{\"@type\":\"ListItem\",\"position\":1,\"name\":\"Home\",\"item\":\"https:\/\/rtt-dev.sitewise.ee\/\"},{\"@type\":\"ListItem\",\"position\":2,\"name\":\"Shop\",\"item\":\"https:\/\/rtt-dev.sitewise.ee\/pood\/\"},{\"@type\":\"ListItem\",\"position\":3,\"name\":\"Koopiamasinad\",\"item\":\"https:\/\/rtt-dev.sitewise.ee\/tootekategooria\/koopiamasinad\/\"},{\"@type\":\"ListItem\",\"position\":4,\"name\":\"V\u00e4rvi koopiamasinad\",\"item\":\"https:\/\/rtt-dev.sitewise.ee\/tootekategooria\/koopiamasinad\/varvi-koopiamasinad\/\"},{\"@type\":\"ListItem\",\"position\":5,\"name\":\"Sharp BP-30C25\"}]},{\"@type\":\"WebSite\",\"@id\":\"https:\/\/rtt-dev.sitewise.ee\/#website\",\"url\":\"https:\/\/rtt-dev.sitewise.ee\/\",\"name\":\"RTT\",\"description\":\"Kassaaparaadid ja kontorikaubad\",\"potentialAction\":[{\"@type\":\"SearchAction\",\"target\":{\"@type\":\"EntryPoint\",\"urlTemplate\":\"https:\/\/rtt-dev.sitewise.ee\/?s={search_term_string}\"},\"query-input\":{\"@type\":\"PropertyValueSpecification\",\"valueRequired\":true,\"valueName\":\"search_term_string\"}}],\"inLanguage\":\"en-US\"}]}<\/script>\n<!-- \/ Yoast SEO plugin. -->","yoast_head_json":{"title":"Sharp BP-30C25 - RTT","description":"V\u00e4rviline A3, A4 printer, koopiamasin. Odava tr\u00fckihinna ja \u00fclalpidamiskuluga. T\u00e4isteenusrendi v\u00f5imalus, murevaba lahendus!","robots":{"index":"noindex","follow":"follow","max-snippet":"max-snippet:-1","max-image-preview":"max-image-preview:large","max-video-preview":"max-video-preview:-1"},"og_locale":"en_US","og_type":"article","og_title":"Sharp BP-30C25 - RTT","og_description":"V\u00e4rviline A3, A4 printer, koopiamasin. Odava tr\u00fckihinna ja \u00fclalpidamiskuluga. T\u00e4isteenusrendi v\u00f5imalus, murevaba lahendus!","og_url":"https:\/\/rtt-dev.sitewise.ee\/toode\/koopiamasinad\/varvi-koopiamasinad\/koopiamasin-bp-30c25\/","og_site_name":"RTT","article_modified_time":"2025-07-07T17:51:38+00:00","og_image":[{"width":720,"height":380,"url":"https:\/\/rtt-dev.sitewise.ee\/wp-content\/uploads\/2021\/07\/img-p-bp-30c25-cubic-5-380.jpg","type":"image\/jpeg"}],"twitter_card":"summary_large_image","schema":{"@context":"https:\/\/schema.org","@graph":[{"@type":"WebPage","@id":"https:\/\/rtt-dev.sitewise.ee\/toode\/koopiamasinad\/varvi-koopiamasinad\/koopiamasin-bp-30c25\/","url":"https:\/\/rtt-dev.sitewise.ee\/toode\/koopiamasinad\/varvi-koopiamasinad\/koopiamasin-bp-30c25\/","name":"Sharp BP-30C25 - RTT","isPartOf":{"@id":"https:\/\/rtt-dev.sitewise.ee\/#website"},"primaryImageOfPage":{"@id":"https:\/\/rtt-dev.sitewise.ee\/toode\/koopiamasinad\/varvi-koopiamasinad\/koopiamasin-bp-30c25\/#primaryimage"},"image":{"@id":"https:\/\/rtt-dev.sitewise.ee\/toode\/koopiamasinad\/varvi-koopiamasinad\/koopiamasin-bp-30c25\/#primaryimage"},"thumbnailUrl":"https:\/\/rtt-dev.sitewise.ee\/wp-content\/uploads\/2021\/07\/img-p-bp-30c25-cubic-5-380.jpg","datePublished":"2021-07-07T08:43:57+00:00","dateModified":"2025-07-07T17:51:38+00:00","description":"V\u00e4rviline A3, A4 printer, koopiamasin. Odava tr\u00fckihinna ja \u00fclalpidamiskuluga. T\u00e4isteenusrendi v\u00f5imalus, murevaba lahendus!","breadcrumb":{"@id":"https:\/\/rtt-dev.sitewise.ee\/toode\/koopiamasinad\/varvi-koopiamasinad\/koopiamasin-bp-30c25\/#breadcrumb"},"inLanguage":"en-US","potentialAction":[{"@type":"ReadAction","target":["https:\/\/rtt-dev.sitewise.ee\/toode\/koopiamasinad\/varvi-koopiamasinad\/koopiamasin-bp-30c25\/"]}]},{"@type":"ImageObject","inLanguage":"en-US","@id":"https:\/\/rtt-dev.sitewise.ee\/toode\/koopiamasinad\/varvi-koopiamasinad\/koopiamasin-bp-30c25\/#primaryimage","url":"https:\/\/rtt-dev.sitewise.ee\/wp-content\/uploads\/2021\/07\/img-p-bp-30c25-cubic-5-380.jpg","contentUrl":"https:\/\/rtt-dev.sitewise.ee\/wp-content\/uploads\/2021\/07\/img-p-bp-30c25-cubic-5-380.jpg","width":720,"height":380},{"@type":"BreadcrumbList","@id":"https:\/\/rtt-dev.sitewise.ee\/toode\/koopiamasinad\/varvi-koopiamasinad\/koopiamasin-bp-30c25\/#breadcrumb","itemListElement":[{"@type":"ListItem","position":1,"name":"Home","item":"https:\/\/rtt-dev.sitewise.ee\/"},{"@type":"ListItem","position":2,"name":"Shop","item":"https:\/\/rtt-dev.sitewise.ee\/pood\/"},{"@type":"ListItem","position":3,"name":"Koopiamasinad","item":"https:\/\/rtt-dev.sitewise.ee\/tootekategooria\/koopiamasinad\/"},{"@type":"ListItem","position":4,"name":"V\u00e4rvi koopiamasinad","item":"https:\/\/rtt-dev.sitewise.ee\/tootekategooria\/koopiamasinad\/varvi-koopiamasinad\/"},{"@type":"ListItem","position":5,"name":"Sharp BP-30C25"}]},{"@type":"WebSite","@id":"https:\/\/rtt-dev.sitewise.ee\/#website","url":"https:\/\/rtt-dev.sitewise.ee\/","name":"RTT","description":"Kassaaparaadid ja kontorikaubad","potentialAction":[{"@type":"SearchAction","target":{"@type":"EntryPoint","urlTemplate":"https:\/\/rtt-dev.sitewise.ee\/?s={search_term_string}"},"query-input":{"@type":"PropertyValueSpecification","valueRequired":true,"valueName":"search_term_string"}}],"inLanguage":"en-US"}]}},"_links":{"self":[{"href":"https:\/\/rtt-dev.sitewise.ee\/en\/wp-json\/wp\/v2\/product\/8405","targetHints":{"allow":["GET"]}}],"collection":[{"href":"https:\/\/rtt-dev.sitewise.ee\/en\/wp-json\/wp\/v2\/product"}],"about":[{"href":"https:\/\/rtt-dev.sitewise.ee\/en\/wp-json\/wp\/v2\/types\/product"}],"wp:featuredmedia":[{"embeddable":true,"href":"https:\/\/rtt-dev.sitewise.ee\/en\/wp-json\/wp\/v2\/media\/7477"}],"wp:attachment":[{"href":"https:\/\/rtt-dev.sitewise.ee\/en\/wp-json\/wp\/v2\/media?parent=8405"}],"wp:term":[{"taxonomy":"product_brand","embeddable":true,"href":"https:\/\/rtt-dev.sitewise.ee\/en\/wp-json\/wp\/v2\/product_brand?post=8405"},{"taxonomy":"product_cat","embeddable":true,"href":"https:\/\/rtt-dev.sitewise.ee\/en\/wp-json\/wp\/v2\/product_cat?post=8405"},{"taxonomy":"product_tag","embeddable":true,"href":"https:\/\/rtt-dev.sitewise.ee\/en\/wp-json\/wp\/v2\/product_tag?post=8405"}],"curies":[{"name":"wp","href":"https:\/\/api.w.org\/{rel}","templated":true}]}}