{"id":8397,"date":"2022-03-22T11:16:26","date_gmt":"2022-03-22T09:16:26","guid":{"rendered":"https:\/\/rtt-dev.sitewise.ee\/toode\/uncategorized\/kasutatud-varviline-a4-sharp-mx-c301w\/"},"modified":"2025-07-07T20:51:36","modified_gmt":"2025-07-07T17:51:36","slug":"varviline-printer","status":"publish","type":"product","link":"https:\/\/rtt-dev.sitewise.ee\/en\/toode\/koopiamasinad-en\/a4-used-copiers\/varviline-printer\/","title":{"rendered":"Kasutatud v\u00e4rviline A4 SHARP MX-C301W"},"content":{"rendered":"<p>Liisinguperioodi l\u00f5ppedes tagasi ostetud ja\u00a0<strong>v\u00e4he kasutatud<\/strong> (teinud ca m\/v 6117 A4 v\u00e4rvilist 9661 A4 v\u00e4ljatr\u00fckki)<br \/>\nV\u00e4rviline l\u00f5pplahendus on\u00a0<strong>odavam<\/strong>\u00a0kui kunagi varem!<br \/>\nV\u00e4ga\u00a0<strong>soodne<\/strong>\u00a0kulumaterjal ja edaspidine \u00fclalpidamine.<br \/>\nSeade on meie tehnikute poolt \u00fcle kontrollitud ja hooldatud.<br \/>\nV\u00f5imalik ka seadet\u00a0<strong>rentida<\/strong>, k\u00fcsige\u00a0<strong>rendi<\/strong>\u00a0pakkumust!<\/p>\n<p><strong>V\u00e4rviline<\/strong> A4-A6 V\u00d5RGUPRINTER-KOOPIAMASIN-V\u00d5RGUSKANNER-FAKS (V\u00f5rk)<\/p>\n<p>M\u00f5eldud v\u00e4ikese ja keskmise suurusega meeskondadele.<\/p>\n<p>30 koopiat minutis mustvalgelt ja v\u00e4rviliselt.<br \/>\nMultifunktsionaalne Copy \/ Print \/ Scan \/ Faks\/ V\u00f5rk<br \/>\nKompaktne disain,\u00a0t\u00e4iustatud kasutatavus ja v\u00e4ga hea kvaliteet<\/p>\n<p>Seadmele kehtib 6 kuu pikkune garantii.<\/p>\n<p><strong>T\u00e4ishooldusrendi lahendus, k\u00fcsi pakkumist!<\/strong><\/p>\n<p>Mobiil: +372 5014 470<\/p>\n<p>&nbsp;<\/p>\n<p>&nbsp;<\/p>\n","protected":false},"excerpt":{"rendered":"<p>Liisinguperioodi l\u00f5ppedes tagasi ostetud ja\u00a0v\u00e4he kasutatud (teinud ca m\/v 6117 A4 v\u00e4rvilist 9661 A4 v\u00e4ljatr\u00fckki) V\u00e4rviline l\u00f5pplahendus on\u00a0odavam\u00a0kui kunagi varem! V\u00e4ga\u00a0soodne\u00a0kulumaterjal ja edaspidine \u00fclalpidamine. Seade on meie tehnikute poolt \u00fcle kontrollitud ja hooldatud. V\u00f5imalik ka seadet\u00a0rentida, k\u00fcsige\u00a0rendi\u00a0pakkumust! V\u00e4rviline A4-A6 V\u00d5RGUPRINTER-KOOPIAMASIN-V\u00d5RGUSKANNER-FAKS (V\u00f5rk) M\u00f5eldud v\u00e4ikese ja keskmise suurusega meeskondadele. 30 koopiat minutis mustvalgelt ja v\u00e4rviliselt. Multifunktsionaalne Copy [&hellip;]<\/p>\n","protected":false},"featured_media":8398,"template":"","meta":[],"product_brand":[],"product_cat":[335,115],"product_tag":[],"class_list":{"0":"post-8397","1":"product","2":"type-product","3":"status-publish","4":"has-post-thumbnail","6":"product_cat-a4-used-copiers","7":"product_cat-koopiamasinad-en","9":"first","10":"instock","11":"taxable","12":"shipping-taxable","13":"purchasable","14":"product-type-simple"},"acf":[],"yoast_head":"<!-- This site is optimized with the Yoast SEO plugin v24.4 - https:\/\/yoast.com\/wordpress\/plugins\/seo\/ -->\n<title>Kasutatud v\u00e4rviline A4 SHARP MX-C301W - RTT<\/title>\n<meta name=\"description\" content=\"Kasutatud A4 v\u00e4rviline koopiamasin. M\u00f5istlikud \u00fclalpidamiskulud, rendi v\u00f5i osta v\u00e4lja!\" \/>\n<meta name=\"robots\" content=\"noindex, follow, max-snippet:-1, max-image-preview:large, max-video-preview:-1\" \/>\n<meta property=\"og:locale\" content=\"en_US\" \/>\n<meta property=\"og:type\" content=\"article\" \/>\n<meta property=\"og:title\" content=\"Kasutatud v\u00e4rviline A4 SHARP MX-C301W - RTT\" \/>\n<meta property=\"og:description\" content=\"Kasutatud A4 v\u00e4rviline koopiamasin. M\u00f5istlikud \u00fclalpidamiskulud, rendi v\u00f5i osta v\u00e4lja!\" \/>\n<meta property=\"og:url\" content=\"https:\/\/rtt-dev.sitewise.ee\/toode\/koopiamasinad\/a4-kasutatud-koopiamasinad\/varviline-printer\/\" \/>\n<meta property=\"og:site_name\" content=\"RTT\" \/>\n<meta property=\"article:modified_time\" content=\"2025-07-07T17:51:36+00:00\" \/>\n<meta property=\"og:image\" content=\"https:\/\/rtt-dev.sitewise.ee\/wp-content\/uploads\/2018\/10\/232_1_s.jpg\" \/>\n\t<meta property=\"og:image:width\" content=\"374\" \/>\n\t<meta property=\"og:image:height\" content=\"380\" \/>\n\t<meta property=\"og:image:type\" content=\"image\/jpeg\" \/>\n<meta name=\"twitter:card\" content=\"summary_large_image\" \/>\n<meta name=\"twitter:label1\" content=\"Est. reading time\" \/>\n\t<meta name=\"twitter:data1\" content=\"1 minute\" \/>\n<script type=\"application\/ld+json\" class=\"yoast-schema-graph\">{\"@context\":\"https:\/\/schema.org\",\"@graph\":[{\"@type\":\"WebPage\",\"@id\":\"https:\/\/rtt-dev.sitewise.ee\/toode\/koopiamasinad\/a4-kasutatud-koopiamasinad\/varviline-printer\/\",\"url\":\"https:\/\/rtt-dev.sitewise.ee\/toode\/koopiamasinad\/a4-kasutatud-koopiamasinad\/varviline-printer\/\",\"name\":\"Kasutatud v\u00e4rviline A4 SHARP MX-C301W - RTT\",\"isPartOf\":{\"@id\":\"https:\/\/rtt-dev.sitewise.ee\/#website\"},\"primaryImageOfPage\":{\"@id\":\"https:\/\/rtt-dev.sitewise.ee\/toode\/koopiamasinad\/a4-kasutatud-koopiamasinad\/varviline-printer\/#primaryimage\"},\"image\":{\"@id\":\"https:\/\/rtt-dev.sitewise.ee\/toode\/koopiamasinad\/a4-kasutatud-koopiamasinad\/varviline-printer\/#primaryimage\"},\"thumbnailUrl\":\"https:\/\/rtt-dev.sitewise.ee\/wp-content\/uploads\/2018\/10\/232_1_s.jpg\",\"datePublished\":\"2022-03-22T09:16:26+00:00\",\"dateModified\":\"2025-07-07T17:51:36+00:00\",\"description\":\"Kasutatud A4 v\u00e4rviline koopiamasin. M\u00f5istlikud \u00fclalpidamiskulud, rendi v\u00f5i osta v\u00e4lja!\",\"breadcrumb\":{\"@id\":\"https:\/\/rtt-dev.sitewise.ee\/toode\/koopiamasinad\/a4-kasutatud-koopiamasinad\/varviline-printer\/#breadcrumb\"},\"inLanguage\":\"en-US\",\"potentialAction\":[{\"@type\":\"ReadAction\",\"target\":[\"https:\/\/rtt-dev.sitewise.ee\/toode\/koopiamasinad\/a4-kasutatud-koopiamasinad\/varviline-printer\/\"]}]},{\"@type\":\"ImageObject\",\"inLanguage\":\"en-US\",\"@id\":\"https:\/\/rtt-dev.sitewise.ee\/toode\/koopiamasinad\/a4-kasutatud-koopiamasinad\/varviline-printer\/#primaryimage\",\"url\":\"https:\/\/rtt-dev.sitewise.ee\/wp-content\/uploads\/2018\/10\/232_1_s.jpg\",\"contentUrl\":\"https:\/\/rtt-dev.sitewise.ee\/wp-content\/uploads\/2018\/10\/232_1_s.jpg\",\"width\":374,\"height\":380},{\"@type\":\"BreadcrumbList\",\"@id\":\"https:\/\/rtt-dev.sitewise.ee\/toode\/koopiamasinad\/a4-kasutatud-koopiamasinad\/varviline-printer\/#breadcrumb\",\"itemListElement\":[{\"@type\":\"ListItem\",\"position\":1,\"name\":\"Home\",\"item\":\"https:\/\/rtt-dev.sitewise.ee\/\"},{\"@type\":\"ListItem\",\"position\":2,\"name\":\"Shop\",\"item\":\"https:\/\/rtt-dev.sitewise.ee\/pood\/\"},{\"@type\":\"ListItem\",\"position\":3,\"name\":\"Koopiamasinad\",\"item\":\"https:\/\/rtt-dev.sitewise.ee\/tootekategooria\/koopiamasinad\/\"},{\"@type\":\"ListItem\",\"position\":4,\"name\":\"A4 kasutatud koopiamasinad\",\"item\":\"https:\/\/rtt-dev.sitewise.ee\/tootekategooria\/koopiamasinad\/a4-kasutatud-koopiamasinad\/\"},{\"@type\":\"ListItem\",\"position\":5,\"name\":\"Kasutatud v\u00e4rviline A4 SHARP MX-C301W\"}]},{\"@type\":\"WebSite\",\"@id\":\"https:\/\/rtt-dev.sitewise.ee\/#website\",\"url\":\"https:\/\/rtt-dev.sitewise.ee\/\",\"name\":\"RTT\",\"description\":\"Kassaaparaadid ja kontorikaubad\",\"potentialAction\":[{\"@type\":\"SearchAction\",\"target\":{\"@type\":\"EntryPoint\",\"urlTemplate\":\"https:\/\/rtt-dev.sitewise.ee\/?s={search_term_string}\"},\"query-input\":{\"@type\":\"PropertyValueSpecification\",\"valueRequired\":true,\"valueName\":\"search_term_string\"}}],\"inLanguage\":\"en-US\"}]}<\/script>\n<!-- \/ Yoast SEO plugin. -->","yoast_head_json":{"title":"Kasutatud v\u00e4rviline A4 SHARP MX-C301W - RTT","description":"Kasutatud A4 v\u00e4rviline koopiamasin. M\u00f5istlikud \u00fclalpidamiskulud, rendi v\u00f5i osta v\u00e4lja!","robots":{"index":"noindex","follow":"follow","max-snippet":"max-snippet:-1","max-image-preview":"max-image-preview:large","max-video-preview":"max-video-preview:-1"},"og_locale":"en_US","og_type":"article","og_title":"Kasutatud v\u00e4rviline A4 SHARP MX-C301W - RTT","og_description":"Kasutatud A4 v\u00e4rviline koopiamasin. M\u00f5istlikud \u00fclalpidamiskulud, rendi v\u00f5i osta v\u00e4lja!","og_url":"https:\/\/rtt-dev.sitewise.ee\/toode\/koopiamasinad\/a4-kasutatud-koopiamasinad\/varviline-printer\/","og_site_name":"RTT","article_modified_time":"2025-07-07T17:51:36+00:00","og_image":[{"width":374,"height":380,"url":"https:\/\/rtt-dev.sitewise.ee\/wp-content\/uploads\/2018\/10\/232_1_s.jpg","type":"image\/jpeg"}],"twitter_card":"summary_large_image","twitter_misc":{"Est. reading time":"1 minute"},"schema":{"@context":"https:\/\/schema.org","@graph":[{"@type":"WebPage","@id":"https:\/\/rtt-dev.sitewise.ee\/toode\/koopiamasinad\/a4-kasutatud-koopiamasinad\/varviline-printer\/","url":"https:\/\/rtt-dev.sitewise.ee\/toode\/koopiamasinad\/a4-kasutatud-koopiamasinad\/varviline-printer\/","name":"Kasutatud v\u00e4rviline A4 SHARP MX-C301W - RTT","isPartOf":{"@id":"https:\/\/rtt-dev.sitewise.ee\/#website"},"primaryImageOfPage":{"@id":"https:\/\/rtt-dev.sitewise.ee\/toode\/koopiamasinad\/a4-kasutatud-koopiamasinad\/varviline-printer\/#primaryimage"},"image":{"@id":"https:\/\/rtt-dev.sitewise.ee\/toode\/koopiamasinad\/a4-kasutatud-koopiamasinad\/varviline-printer\/#primaryimage"},"thumbnailUrl":"https:\/\/rtt-dev.sitewise.ee\/wp-content\/uploads\/2018\/10\/232_1_s.jpg","datePublished":"2022-03-22T09:16:26+00:00","dateModified":"2025-07-07T17:51:36+00:00","description":"Kasutatud A4 v\u00e4rviline koopiamasin. M\u00f5istlikud \u00fclalpidamiskulud, rendi v\u00f5i osta v\u00e4lja!","breadcrumb":{"@id":"https:\/\/rtt-dev.sitewise.ee\/toode\/koopiamasinad\/a4-kasutatud-koopiamasinad\/varviline-printer\/#breadcrumb"},"inLanguage":"en-US","potentialAction":[{"@type":"ReadAction","target":["https:\/\/rtt-dev.sitewise.ee\/toode\/koopiamasinad\/a4-kasutatud-koopiamasinad\/varviline-printer\/"]}]},{"@type":"ImageObject","inLanguage":"en-US","@id":"https:\/\/rtt-dev.sitewise.ee\/toode\/koopiamasinad\/a4-kasutatud-koopiamasinad\/varviline-printer\/#primaryimage","url":"https:\/\/rtt-dev.sitewise.ee\/wp-content\/uploads\/2018\/10\/232_1_s.jpg","contentUrl":"https:\/\/rtt-dev.sitewise.ee\/wp-content\/uploads\/2018\/10\/232_1_s.jpg","width":374,"height":380},{"@type":"BreadcrumbList","@id":"https:\/\/rtt-dev.sitewise.ee\/toode\/koopiamasinad\/a4-kasutatud-koopiamasinad\/varviline-printer\/#breadcrumb","itemListElement":[{"@type":"ListItem","position":1,"name":"Home","item":"https:\/\/rtt-dev.sitewise.ee\/"},{"@type":"ListItem","position":2,"name":"Shop","item":"https:\/\/rtt-dev.sitewise.ee\/pood\/"},{"@type":"ListItem","position":3,"name":"Koopiamasinad","item":"https:\/\/rtt-dev.sitewise.ee\/tootekategooria\/koopiamasinad\/"},{"@type":"ListItem","position":4,"name":"A4 kasutatud koopiamasinad","item":"https:\/\/rtt-dev.sitewise.ee\/tootekategooria\/koopiamasinad\/a4-kasutatud-koopiamasinad\/"},{"@type":"ListItem","position":5,"name":"Kasutatud v\u00e4rviline A4 SHARP MX-C301W"}]},{"@type":"WebSite","@id":"https:\/\/rtt-dev.sitewise.ee\/#website","url":"https:\/\/rtt-dev.sitewise.ee\/","name":"RTT","description":"Kassaaparaadid ja kontorikaubad","potentialAction":[{"@type":"SearchAction","target":{"@type":"EntryPoint","urlTemplate":"https:\/\/rtt-dev.sitewise.ee\/?s={search_term_string}"},"query-input":{"@type":"PropertyValueSpecification","valueRequired":true,"valueName":"search_term_string"}}],"inLanguage":"en-US"}]}},"_links":{"self":[{"href":"https:\/\/rtt-dev.sitewise.ee\/en\/wp-json\/wp\/v2\/product\/8397","targetHints":{"allow":["GET"]}}],"collection":[{"href":"https:\/\/rtt-dev.sitewise.ee\/en\/wp-json\/wp\/v2\/product"}],"about":[{"href":"https:\/\/rtt-dev.sitewise.ee\/en\/wp-json\/wp\/v2\/types\/product"}],"wp:featuredmedia":[{"embeddable":true,"href":"https:\/\/rtt-dev.sitewise.ee\/en\/wp-json\/wp\/v2\/media\/8398"}],"wp:attachment":[{"href":"https:\/\/rtt-dev.sitewise.ee\/en\/wp-json\/wp\/v2\/media?parent=8397"}],"wp:term":[{"taxonomy":"product_brand","embeddable":true,"href":"https:\/\/rtt-dev.sitewise.ee\/en\/wp-json\/wp\/v2\/product_brand?post=8397"},{"taxonomy":"product_cat","embeddable":true,"href":"https:\/\/rtt-dev.sitewise.ee\/en\/wp-json\/wp\/v2\/product_cat?post=8397"},{"taxonomy":"product_tag","embeddable":true,"href":"https:\/\/rtt-dev.sitewise.ee\/en\/wp-json\/wp\/v2\/product_tag?post=8397"}],"curies":[{"name":"wp","href":"https:\/\/api.w.org\/{rel}","templated":true}]}}