{"id":8357,"date":"2022-03-29T11:59:48","date_gmt":"2022-03-29T08:59:48","guid":{"rendered":"https:\/\/rtt-dev.sitewise.ee\/?post_type=product&#038;p=8357"},"modified":"2022-03-29T12:17:16","modified_gmt":"2022-03-29T09:17:16","slug":"sharp-pn-hs431-43","status":"publish","type":"product","link":"https:\/\/rtt-dev.sitewise.ee\/en\/toode\/reklaamekraanid-en\/sharp-pn-hs-en\/sharp-pn-hs431-43\/","title":{"rendered":"SHARP PN-HS431 43&#8243;"},"content":{"rendered":"<p><b>Sharp PN-HS seeria<\/b><\/p>\n<p>Uhd-suureformaadiliste digireklaamide uus professionaalne PN-HS seeria n\u00e4itab laias valikus 43\u201355&#8243; (3 mudelit), mida saab h\u00f5lpsasti kasutada transpordi-, jaem\u00fc\u00fcgi- ja ettev\u00f5tterakendustes. <strong>700 cd\/m\u00b2<\/strong> sobib valgusk\u00fcllastesse keskkondadesse ja monitor v\u00f5ib t\u00f6\u00f6tada \u00f6\u00f6p\u00e4evaringselt \u2013 <strong>24\/7<\/strong>, mille tagajalgade eluiga on <strong>50 000h<\/strong> maastiku ja portree jaoks. Aga kui teil on vaja, saate ekraanid paigaldada <strong>360 \u00b0<\/strong> -ni.<\/p>\n<p><strong>PN-HS431<\/strong><\/p>\n<ul>\n<li>M\u00f5jutage 43-tollist ekraani oma jaem\u00fc\u00fcgi-, \u00e4ri- v\u00f5i transpordikeskkonnas<\/li>\n<li>N\u00e4idake pilte ja videoid \u00fcksikasjalikult 4K Ultra HD eraldusv\u00f5imega (3840 x 2160 pikslit)<\/li>\n<li>Laiast v\u00e4rvigammast n\u00e4idatud v\u00e4rvi t\u00e4iustatud ja t\u00f5eline esitus<\/li>\n<li>Sisu pidev kuvamine t\u00f6\u00f6ajal 24\/7<\/li>\n<li>Sisu h\u00f5lpsalt kuvamine ja kuulmine integreeritud 4K USB-meediumipleierite ja k\u00f5laritega<\/li>\n<li>Uusim HDMI-\u00fchendus 4K-le sagedusel 60Hz<\/li>\n<li>50 000h backlite eluiga (portree\/maastik 25\u00b0C)<\/li>\n<li>Paindlik installatsioon &#8220;portrait&#8221; ja &#8220;landscape&#8221;<\/li>\n<\/ul>\n<p><span style=\"font-family: georgia, palatino, serif; font-size: 12pt;\">\u00a0<\/span><\/p>\n<p class=\"&quot;western&quot;\"><strong>Lisainfo:<br \/>\n<\/strong><strong>Tel: +372 6 112 256<br \/>\nGSM: +372 5 014 470<\/strong><\/p>\n<p>&nbsp;<\/p>\n","protected":false},"excerpt":{"rendered":"<p>Sharp PN-HS seeria Uhd-suureformaadiliste digireklaamide uus professionaalne PN-HS seeria n\u00e4itab laias valikus 43\u201355&#8243; (3 mudelit), mida saab h\u00f5lpsasti kasutada transpordi-, jaem\u00fc\u00fcgi- ja ettev\u00f5tterakendustes. 700 cd\/m\u00b2 sobib valgusk\u00fcllastesse keskkondadesse ja monitor v\u00f5ib t\u00f6\u00f6tada \u00f6\u00f6p\u00e4evaringselt \u2013 24\/7, mille tagajalgade eluiga on 50 000h maastiku ja portree jaoks. Aga kui teil on vaja, saate ekraanid paigaldada 360 \u00b0 [&hellip;]<\/p>\n","protected":false},"featured_media":5649,"template":"","meta":[],"product_brand":[],"product_cat":[338,145],"product_tag":[],"class_list":{"0":"post-8357","1":"product","2":"type-product","3":"status-publish","4":"has-post-thumbnail","6":"product_cat-sharp-pn-hs-en","7":"product_cat-reklaamekraanid-en","8":"product_brands-sharp-en","10":"first","11":"outofstock","12":"taxable","13":"shipping-taxable","14":"product-type-simple"},"acf":[],"yoast_head":"<!-- This site is optimized with the Yoast SEO plugin v24.4 - https:\/\/yoast.com\/wordpress\/plugins\/seo\/ -->\n<title>SHARP PN-HS431 43&quot; - RTT<\/title>\n<meta name=\"description\" content=\"24\/7 lubatud t\u00f6\u00f6aeg 43&quot;-55&quot; 4K Ultra HD 700 cd\/m\u00b2 fotode slaidiseansside kuvamiseks v\u00f5i 4K Ultra HD videote ja muusika esitamiseks.\" \/>\n<meta name=\"robots\" content=\"noindex, follow, max-snippet:-1, max-image-preview:large, max-video-preview:-1\" \/>\n<meta property=\"og:locale\" content=\"en_US\" \/>\n<meta property=\"og:type\" content=\"article\" \/>\n<meta property=\"og:title\" content=\"SHARP PN-HS431 43&quot; - RTT\" \/>\n<meta property=\"og:description\" content=\"24\/7 lubatud t\u00f6\u00f6aeg 43&quot;-55&quot; 4K Ultra HD 700 cd\/m\u00b2 fotode slaidiseansside kuvamiseks v\u00f5i 4K Ultra HD videote ja muusika esitamiseks.\" \/>\n<meta property=\"og:url\" content=\"https:\/\/rtt-dev.sitewise.ee\/toode\/reklaamekraanid\/sharp-pn-hs\/sharp-pn-hs431-43\/\" \/>\n<meta property=\"og:site_name\" content=\"RTT\" \/>\n<meta property=\"article:modified_time\" content=\"2022-03-29T09:17:16+00:00\" \/>\n<meta property=\"og:image\" content=\"https:\/\/rtt-dev.sitewise.ee\/wp-content\/uploads\/2019\/08\/Untitled-1.jpg\" \/>\n\t<meta property=\"og:image:width\" content=\"590\" \/>\n\t<meta property=\"og:image:height\" content=\"465\" \/>\n\t<meta property=\"og:image:type\" content=\"image\/jpeg\" \/>\n<meta name=\"twitter:card\" content=\"summary_large_image\" \/>\n<meta name=\"twitter:label1\" content=\"Est. reading time\" \/>\n\t<meta name=\"twitter:data1\" content=\"1 minute\" \/>\n<script type=\"application\/ld+json\" class=\"yoast-schema-graph\">{\"@context\":\"https:\/\/schema.org\",\"@graph\":[{\"@type\":\"WebPage\",\"@id\":\"https:\/\/rtt-dev.sitewise.ee\/toode\/reklaamekraanid\/sharp-pn-hs\/sharp-pn-hs431-43\/\",\"url\":\"https:\/\/rtt-dev.sitewise.ee\/toode\/reklaamekraanid\/sharp-pn-hs\/sharp-pn-hs431-43\/\",\"name\":\"SHARP PN-HS431 43\\\" - RTT\",\"isPartOf\":{\"@id\":\"https:\/\/rtt-dev.sitewise.ee\/#website\"},\"primaryImageOfPage\":{\"@id\":\"https:\/\/rtt-dev.sitewise.ee\/toode\/reklaamekraanid\/sharp-pn-hs\/sharp-pn-hs431-43\/#primaryimage\"},\"image\":{\"@id\":\"https:\/\/rtt-dev.sitewise.ee\/toode\/reklaamekraanid\/sharp-pn-hs\/sharp-pn-hs431-43\/#primaryimage\"},\"thumbnailUrl\":\"https:\/\/rtt-dev.sitewise.ee\/wp-content\/uploads\/2019\/08\/Untitled-1.jpg\",\"datePublished\":\"2022-03-29T08:59:48+00:00\",\"dateModified\":\"2022-03-29T09:17:16+00:00\",\"description\":\"24\/7 lubatud t\u00f6\u00f6aeg 43\\\"-55\\\" 4K Ultra HD 700 cd\/m\u00b2 fotode slaidiseansside kuvamiseks v\u00f5i 4K Ultra HD videote ja muusika esitamiseks.\",\"breadcrumb\":{\"@id\":\"https:\/\/rtt-dev.sitewise.ee\/toode\/reklaamekraanid\/sharp-pn-hs\/sharp-pn-hs431-43\/#breadcrumb\"},\"inLanguage\":\"en-US\",\"potentialAction\":[{\"@type\":\"ReadAction\",\"target\":[\"https:\/\/rtt-dev.sitewise.ee\/toode\/reklaamekraanid\/sharp-pn-hs\/sharp-pn-hs431-43\/\"]}]},{\"@type\":\"ImageObject\",\"inLanguage\":\"en-US\",\"@id\":\"https:\/\/rtt-dev.sitewise.ee\/toode\/reklaamekraanid\/sharp-pn-hs\/sharp-pn-hs431-43\/#primaryimage\",\"url\":\"https:\/\/rtt-dev.sitewise.ee\/wp-content\/uploads\/2019\/08\/Untitled-1.jpg\",\"contentUrl\":\"https:\/\/rtt-dev.sitewise.ee\/wp-content\/uploads\/2019\/08\/Untitled-1.jpg\",\"width\":590,\"height\":465},{\"@type\":\"BreadcrumbList\",\"@id\":\"https:\/\/rtt-dev.sitewise.ee\/toode\/reklaamekraanid\/sharp-pn-hs\/sharp-pn-hs431-43\/#breadcrumb\",\"itemListElement\":[{\"@type\":\"ListItem\",\"position\":1,\"name\":\"Home\",\"item\":\"https:\/\/rtt-dev.sitewise.ee\/\"},{\"@type\":\"ListItem\",\"position\":2,\"name\":\"Shop\",\"item\":\"https:\/\/rtt-dev.sitewise.ee\/pood\/\"},{\"@type\":\"ListItem\",\"position\":3,\"name\":\"Reklaamekraanid\",\"item\":\"https:\/\/rtt-dev.sitewise.ee\/tootekategooria\/reklaamekraanid\/\"},{\"@type\":\"ListItem\",\"position\":4,\"name\":\"SHARP PN-HS431 43&#8243;\"}]},{\"@type\":\"WebSite\",\"@id\":\"https:\/\/rtt-dev.sitewise.ee\/#website\",\"url\":\"https:\/\/rtt-dev.sitewise.ee\/\",\"name\":\"RTT\",\"description\":\"Kassaaparaadid ja kontorikaubad\",\"potentialAction\":[{\"@type\":\"SearchAction\",\"target\":{\"@type\":\"EntryPoint\",\"urlTemplate\":\"https:\/\/rtt-dev.sitewise.ee\/?s={search_term_string}\"},\"query-input\":{\"@type\":\"PropertyValueSpecification\",\"valueRequired\":true,\"valueName\":\"search_term_string\"}}],\"inLanguage\":\"en-US\"}]}<\/script>\n<!-- \/ Yoast SEO plugin. -->","yoast_head_json":{"title":"SHARP PN-HS431 43\" - RTT","description":"24\/7 lubatud t\u00f6\u00f6aeg 43\"-55\" 4K Ultra HD 700 cd\/m\u00b2 fotode slaidiseansside kuvamiseks v\u00f5i 4K Ultra HD videote ja muusika esitamiseks.","robots":{"index":"noindex","follow":"follow","max-snippet":"max-snippet:-1","max-image-preview":"max-image-preview:large","max-video-preview":"max-video-preview:-1"},"og_locale":"en_US","og_type":"article","og_title":"SHARP PN-HS431 43\" - RTT","og_description":"24\/7 lubatud t\u00f6\u00f6aeg 43\"-55\" 4K Ultra HD 700 cd\/m\u00b2 fotode slaidiseansside kuvamiseks v\u00f5i 4K Ultra HD videote ja muusika esitamiseks.","og_url":"https:\/\/rtt-dev.sitewise.ee\/toode\/reklaamekraanid\/sharp-pn-hs\/sharp-pn-hs431-43\/","og_site_name":"RTT","article_modified_time":"2022-03-29T09:17:16+00:00","og_image":[{"width":590,"height":465,"url":"https:\/\/rtt-dev.sitewise.ee\/wp-content\/uploads\/2019\/08\/Untitled-1.jpg","type":"image\/jpeg"}],"twitter_card":"summary_large_image","twitter_misc":{"Est. reading time":"1 minute"},"schema":{"@context":"https:\/\/schema.org","@graph":[{"@type":"WebPage","@id":"https:\/\/rtt-dev.sitewise.ee\/toode\/reklaamekraanid\/sharp-pn-hs\/sharp-pn-hs431-43\/","url":"https:\/\/rtt-dev.sitewise.ee\/toode\/reklaamekraanid\/sharp-pn-hs\/sharp-pn-hs431-43\/","name":"SHARP PN-HS431 43\" - RTT","isPartOf":{"@id":"https:\/\/rtt-dev.sitewise.ee\/#website"},"primaryImageOfPage":{"@id":"https:\/\/rtt-dev.sitewise.ee\/toode\/reklaamekraanid\/sharp-pn-hs\/sharp-pn-hs431-43\/#primaryimage"},"image":{"@id":"https:\/\/rtt-dev.sitewise.ee\/toode\/reklaamekraanid\/sharp-pn-hs\/sharp-pn-hs431-43\/#primaryimage"},"thumbnailUrl":"https:\/\/rtt-dev.sitewise.ee\/wp-content\/uploads\/2019\/08\/Untitled-1.jpg","datePublished":"2022-03-29T08:59:48+00:00","dateModified":"2022-03-29T09:17:16+00:00","description":"24\/7 lubatud t\u00f6\u00f6aeg 43\"-55\" 4K Ultra HD 700 cd\/m\u00b2 fotode slaidiseansside kuvamiseks v\u00f5i 4K Ultra HD videote ja muusika esitamiseks.","breadcrumb":{"@id":"https:\/\/rtt-dev.sitewise.ee\/toode\/reklaamekraanid\/sharp-pn-hs\/sharp-pn-hs431-43\/#breadcrumb"},"inLanguage":"en-US","potentialAction":[{"@type":"ReadAction","target":["https:\/\/rtt-dev.sitewise.ee\/toode\/reklaamekraanid\/sharp-pn-hs\/sharp-pn-hs431-43\/"]}]},{"@type":"ImageObject","inLanguage":"en-US","@id":"https:\/\/rtt-dev.sitewise.ee\/toode\/reklaamekraanid\/sharp-pn-hs\/sharp-pn-hs431-43\/#primaryimage","url":"https:\/\/rtt-dev.sitewise.ee\/wp-content\/uploads\/2019\/08\/Untitled-1.jpg","contentUrl":"https:\/\/rtt-dev.sitewise.ee\/wp-content\/uploads\/2019\/08\/Untitled-1.jpg","width":590,"height":465},{"@type":"BreadcrumbList","@id":"https:\/\/rtt-dev.sitewise.ee\/toode\/reklaamekraanid\/sharp-pn-hs\/sharp-pn-hs431-43\/#breadcrumb","itemListElement":[{"@type":"ListItem","position":1,"name":"Home","item":"https:\/\/rtt-dev.sitewise.ee\/"},{"@type":"ListItem","position":2,"name":"Shop","item":"https:\/\/rtt-dev.sitewise.ee\/pood\/"},{"@type":"ListItem","position":3,"name":"Reklaamekraanid","item":"https:\/\/rtt-dev.sitewise.ee\/tootekategooria\/reklaamekraanid\/"},{"@type":"ListItem","position":4,"name":"SHARP PN-HS431 43&#8243;"}]},{"@type":"WebSite","@id":"https:\/\/rtt-dev.sitewise.ee\/#website","url":"https:\/\/rtt-dev.sitewise.ee\/","name":"RTT","description":"Kassaaparaadid ja kontorikaubad","potentialAction":[{"@type":"SearchAction","target":{"@type":"EntryPoint","urlTemplate":"https:\/\/rtt-dev.sitewise.ee\/?s={search_term_string}"},"query-input":{"@type":"PropertyValueSpecification","valueRequired":true,"valueName":"search_term_string"}}],"inLanguage":"en-US"}]}},"_links":{"self":[{"href":"https:\/\/rtt-dev.sitewise.ee\/en\/wp-json\/wp\/v2\/product\/8357","targetHints":{"allow":["GET"]}}],"collection":[{"href":"https:\/\/rtt-dev.sitewise.ee\/en\/wp-json\/wp\/v2\/product"}],"about":[{"href":"https:\/\/rtt-dev.sitewise.ee\/en\/wp-json\/wp\/v2\/types\/product"}],"wp:featuredmedia":[{"embeddable":true,"href":"https:\/\/rtt-dev.sitewise.ee\/en\/wp-json\/wp\/v2\/media\/5649"}],"wp:attachment":[{"href":"https:\/\/rtt-dev.sitewise.ee\/en\/wp-json\/wp\/v2\/media?parent=8357"}],"wp:term":[{"taxonomy":"product_brand","embeddable":true,"href":"https:\/\/rtt-dev.sitewise.ee\/en\/wp-json\/wp\/v2\/product_brand?post=8357"},{"taxonomy":"product_cat","embeddable":true,"href":"https:\/\/rtt-dev.sitewise.ee\/en\/wp-json\/wp\/v2\/product_cat?post=8357"},{"taxonomy":"product_tag","embeddable":true,"href":"https:\/\/rtt-dev.sitewise.ee\/en\/wp-json\/wp\/v2\/product_tag?post=8357"}],"curies":[{"name":"wp","href":"https:\/\/api.w.org\/{rel}","templated":true}]}}