{"id":8348,"date":"2022-03-29T11:44:16","date_gmt":"2022-03-29T08:44:16","guid":{"rendered":"https:\/\/rtt-dev.sitewise.ee\/?post_type=product&#038;p=8348"},"modified":"2022-03-29T12:16:12","modified_gmt":"2022-03-29T09:16:12","slug":"sharp-pn-pn-hy501-50","status":"publish","type":"product","link":"https:\/\/rtt-dev.sitewise.ee\/en\/toode\/reklaamekraanid-en\/4k-ultra-hd-ekraanid-en\/sharp-pn-pn-hy501-50\/","title":{"rendered":"SHARP PN-HY501 50&#8243;"},"content":{"rendered":"<p><b>Sharp PN-HY seeria<\/b><\/p>\n<p>Sharpi PN-HY501 digitaalse m\u00e4rgistusega ekraaniga saate nautida ideaalset kombinatsiooni \u00f5hukesest ja stiilsest disainist ning kristallselgetest piltidest. \u00a0Nii saate oma s\u00f5numi valjult ja selgelt edastada, kus iganes seda on vaja n\u00e4ha.<\/p>\n<p>Olgu see koosolekuruum, vastuv\u00f5tuala, moepood v\u00f5i digitaalsed sildid ja avalikud ruumid, see suur ekraan t\u00f5mbab kindlasti t\u00e4helepanu. 4K eraldusv\u00f5imega sisuga n\u00e4ete suurep\u00e4rase kvaliteediga pilte ja videoid.<\/p>\n<p>Sisseehitatud USB-meediumipleier pakub lihtsat viisi 4K Ultra HD fotode slaidiseansside kuvamiseks v\u00f5i 4K Ultra HD videote ja muusika esitamiseks \u2013 ilma t\u00e4iendava riistvara v\u00f5i inetu kaabelduseta. \u00a0Seega ei ole vaja osta ja \u00fchendada arvutit meedia k\u00e4itamiseks ega veeta aega spetsiaalsete tarkvararakenduste kasutamise \u00f5ppimiseks. Lihtsalt \u00fchendage USB-pulk ja olete valmis minema!<\/p>\n<p>PN-HW ekraanide valik on m\u00f5eldud kasutamiseks \u00e4ri- ja jaem\u00fc\u00fcgikeskkondades ning on saadaval erinevates suurustes &#8211; alates 43&#8243;kuni 55&#8243;. \u00a0Nii et kas teil on vaja v\u00e4ikest ekraani piiratud ruumide jaoks v\u00f5i suuremat, et teha suurem m\u00f5ju, leiate oma vajadustele vastava ekraani.<\/p>\n<p><strong>PN-HY501<\/strong><\/p>\n<ul>\n<li>M\u00f5jutage 50-tollist ekraani oma jaem\u00fc\u00fcgi- v\u00f5i \u00e4rikeskkonnas<\/li>\n<li>N\u00e4idake pilte ja videoid \u00fcksikasjalikult 4K Ultra HD eraldusv\u00f5imega (3840 x 2160 pikslit)<\/li>\n<li>Laiast v\u00e4rvigammast kujutatud v\u00e4rvide t\u00e4iustatud ja t\u00f5ene esitus<\/li>\n<li>Sisu pidev kuvamine t\u00f6\u00f6aeg 24\/7<\/li>\n<li>Sisu h\u00f5lpsalt kuvamine ja kuulmine integreeritud 4K USB-meediumipleierite ja k\u00f5laritega<\/li>\n<li>Uusim HDMI-\u00fchendus 4K-le sagedusel 60Hz<\/li>\n<li>\u00d5huke ja elegantne disain, mis sobib igale seadistusele<\/li>\n<li>Paindlik installatsioon &#8220;portrait&#8221; ja &#8220;landscape&#8221;<\/li>\n<\/ul>\n<p><span style=\"font-family: georgia, palatino, serif; font-size: 12pt;\">\u00a0<\/span><\/p>\n<p class=\"&quot;western&quot;\"><strong>Lisainfo:<br \/>\n<\/strong><strong>Tel: +372 6 112 256<br \/>\nGSM: +372 5 014 470<\/strong><\/p>\n<p>&nbsp;<\/p>\n","protected":false},"excerpt":{"rendered":"<p>Sharp PN-HY seeria Sharpi PN-HY501 digitaalse m\u00e4rgistusega ekraaniga saate nautida ideaalset kombinatsiooni \u00f5hukesest ja stiilsest disainist ning kristallselgetest piltidest. \u00a0Nii saate oma s\u00f5numi valjult ja selgelt edastada, kus iganes seda on vaja n\u00e4ha. Olgu see koosolekuruum, vastuv\u00f5tuala, moepood v\u00f5i digitaalsed sildid ja avalikud ruumid, see suur ekraan t\u00f5mbab kindlasti t\u00e4helepanu. 4K eraldusv\u00f5imega sisuga n\u00e4ete suurep\u00e4rase [&hellip;]<\/p>\n","protected":false},"featured_media":5649,"template":"","meta":[],"product_brand":[],"product_cat":[336,145],"product_tag":[],"class_list":{"0":"post-8348","1":"product","2":"type-product","3":"status-publish","4":"has-post-thumbnail","6":"product_cat-4k-ultra-hd-ekraanid-en","7":"product_cat-reklaamekraanid-en","8":"product_brands-sharp-en","10":"first","11":"outofstock","12":"taxable","13":"shipping-taxable","14":"product-type-simple"},"acf":[],"yoast_head":"<!-- This site is optimized with the Yoast SEO plugin v24.4 - https:\/\/yoast.com\/wordpress\/plugins\/seo\/ -->\n<title>SHARP PN-HY501 50&quot; - RTT<\/title>\n<meta name=\"description\" content=\"24\/7 lubatud t\u00f6\u00f6aeg 43&quot;-55&quot; 4K Ultra HD fotode slaidiseansside kuvamiseks v\u00f5i 4K Ultra HD videote ja muusika esitamiseks\" \/>\n<meta name=\"robots\" content=\"noindex, follow, max-snippet:-1, max-image-preview:large, max-video-preview:-1\" \/>\n<meta property=\"og:locale\" content=\"en_US\" \/>\n<meta property=\"og:type\" content=\"article\" \/>\n<meta property=\"og:title\" content=\"SHARP PN-HY501 50&quot; - RTT\" \/>\n<meta property=\"og:description\" content=\"24\/7 lubatud t\u00f6\u00f6aeg 43&quot;-55&quot; 4K Ultra HD fotode slaidiseansside kuvamiseks v\u00f5i 4K Ultra HD videote ja muusika esitamiseks\" \/>\n<meta property=\"og:url\" content=\"https:\/\/rtt-dev.sitewise.ee\/toode\/reklaamekraanid\/4k-ultra-hd-ekraanid\/sharp-pn-pn-hy501-50\/\" \/>\n<meta property=\"og:site_name\" content=\"RTT\" \/>\n<meta property=\"article:modified_time\" content=\"2022-03-29T09:16:12+00:00\" \/>\n<meta property=\"og:image\" content=\"https:\/\/rtt-dev.sitewise.ee\/wp-content\/uploads\/2019\/08\/Untitled-1.jpg\" \/>\n\t<meta property=\"og:image:width\" content=\"590\" \/>\n\t<meta property=\"og:image:height\" content=\"465\" \/>\n\t<meta property=\"og:image:type\" content=\"image\/jpeg\" \/>\n<meta name=\"twitter:card\" content=\"summary_large_image\" \/>\n<meta name=\"twitter:label1\" content=\"Est. reading time\" \/>\n\t<meta name=\"twitter:data1\" content=\"1 minute\" \/>\n<script type=\"application\/ld+json\" class=\"yoast-schema-graph\">{\"@context\":\"https:\/\/schema.org\",\"@graph\":[{\"@type\":\"WebPage\",\"@id\":\"https:\/\/rtt-dev.sitewise.ee\/toode\/reklaamekraanid\/4k-ultra-hd-ekraanid\/sharp-pn-pn-hy501-50\/\",\"url\":\"https:\/\/rtt-dev.sitewise.ee\/toode\/reklaamekraanid\/4k-ultra-hd-ekraanid\/sharp-pn-pn-hy501-50\/\",\"name\":\"SHARP PN-HY501 50\\\" - RTT\",\"isPartOf\":{\"@id\":\"https:\/\/rtt-dev.sitewise.ee\/#website\"},\"primaryImageOfPage\":{\"@id\":\"https:\/\/rtt-dev.sitewise.ee\/toode\/reklaamekraanid\/4k-ultra-hd-ekraanid\/sharp-pn-pn-hy501-50\/#primaryimage\"},\"image\":{\"@id\":\"https:\/\/rtt-dev.sitewise.ee\/toode\/reklaamekraanid\/4k-ultra-hd-ekraanid\/sharp-pn-pn-hy501-50\/#primaryimage\"},\"thumbnailUrl\":\"https:\/\/rtt-dev.sitewise.ee\/wp-content\/uploads\/2019\/08\/Untitled-1.jpg\",\"datePublished\":\"2022-03-29T08:44:16+00:00\",\"dateModified\":\"2022-03-29T09:16:12+00:00\",\"description\":\"24\/7 lubatud t\u00f6\u00f6aeg 43\\\"-55\\\" 4K Ultra HD fotode slaidiseansside kuvamiseks v\u00f5i 4K Ultra HD videote ja muusika esitamiseks\",\"breadcrumb\":{\"@id\":\"https:\/\/rtt-dev.sitewise.ee\/toode\/reklaamekraanid\/4k-ultra-hd-ekraanid\/sharp-pn-pn-hy501-50\/#breadcrumb\"},\"inLanguage\":\"en-US\",\"potentialAction\":[{\"@type\":\"ReadAction\",\"target\":[\"https:\/\/rtt-dev.sitewise.ee\/toode\/reklaamekraanid\/4k-ultra-hd-ekraanid\/sharp-pn-pn-hy501-50\/\"]}]},{\"@type\":\"ImageObject\",\"inLanguage\":\"en-US\",\"@id\":\"https:\/\/rtt-dev.sitewise.ee\/toode\/reklaamekraanid\/4k-ultra-hd-ekraanid\/sharp-pn-pn-hy501-50\/#primaryimage\",\"url\":\"https:\/\/rtt-dev.sitewise.ee\/wp-content\/uploads\/2019\/08\/Untitled-1.jpg\",\"contentUrl\":\"https:\/\/rtt-dev.sitewise.ee\/wp-content\/uploads\/2019\/08\/Untitled-1.jpg\",\"width\":590,\"height\":465},{\"@type\":\"BreadcrumbList\",\"@id\":\"https:\/\/rtt-dev.sitewise.ee\/toode\/reklaamekraanid\/4k-ultra-hd-ekraanid\/sharp-pn-pn-hy501-50\/#breadcrumb\",\"itemListElement\":[{\"@type\":\"ListItem\",\"position\":1,\"name\":\"Home\",\"item\":\"https:\/\/rtt-dev.sitewise.ee\/\"},{\"@type\":\"ListItem\",\"position\":2,\"name\":\"Shop\",\"item\":\"https:\/\/rtt-dev.sitewise.ee\/pood\/\"},{\"@type\":\"ListItem\",\"position\":3,\"name\":\"Reklaamekraanid\",\"item\":\"https:\/\/rtt-dev.sitewise.ee\/tootekategooria\/reklaamekraanid\/\"},{\"@type\":\"ListItem\",\"position\":4,\"name\":\"SHARP PN-HY501 50&#8243;\"}]},{\"@type\":\"WebSite\",\"@id\":\"https:\/\/rtt-dev.sitewise.ee\/#website\",\"url\":\"https:\/\/rtt-dev.sitewise.ee\/\",\"name\":\"RTT\",\"description\":\"Kassaaparaadid ja kontorikaubad\",\"potentialAction\":[{\"@type\":\"SearchAction\",\"target\":{\"@type\":\"EntryPoint\",\"urlTemplate\":\"https:\/\/rtt-dev.sitewise.ee\/?s={search_term_string}\"},\"query-input\":{\"@type\":\"PropertyValueSpecification\",\"valueRequired\":true,\"valueName\":\"search_term_string\"}}],\"inLanguage\":\"en-US\"}]}<\/script>\n<!-- \/ Yoast SEO plugin. -->","yoast_head_json":{"title":"SHARP PN-HY501 50\" - RTT","description":"24\/7 lubatud t\u00f6\u00f6aeg 43\"-55\" 4K Ultra HD fotode slaidiseansside kuvamiseks v\u00f5i 4K Ultra HD videote ja muusika esitamiseks","robots":{"index":"noindex","follow":"follow","max-snippet":"max-snippet:-1","max-image-preview":"max-image-preview:large","max-video-preview":"max-video-preview:-1"},"og_locale":"en_US","og_type":"article","og_title":"SHARP PN-HY501 50\" - RTT","og_description":"24\/7 lubatud t\u00f6\u00f6aeg 43\"-55\" 4K Ultra HD fotode slaidiseansside kuvamiseks v\u00f5i 4K Ultra HD videote ja muusika esitamiseks","og_url":"https:\/\/rtt-dev.sitewise.ee\/toode\/reklaamekraanid\/4k-ultra-hd-ekraanid\/sharp-pn-pn-hy501-50\/","og_site_name":"RTT","article_modified_time":"2022-03-29T09:16:12+00:00","og_image":[{"width":590,"height":465,"url":"https:\/\/rtt-dev.sitewise.ee\/wp-content\/uploads\/2019\/08\/Untitled-1.jpg","type":"image\/jpeg"}],"twitter_card":"summary_large_image","twitter_misc":{"Est. reading time":"1 minute"},"schema":{"@context":"https:\/\/schema.org","@graph":[{"@type":"WebPage","@id":"https:\/\/rtt-dev.sitewise.ee\/toode\/reklaamekraanid\/4k-ultra-hd-ekraanid\/sharp-pn-pn-hy501-50\/","url":"https:\/\/rtt-dev.sitewise.ee\/toode\/reklaamekraanid\/4k-ultra-hd-ekraanid\/sharp-pn-pn-hy501-50\/","name":"SHARP PN-HY501 50\" - RTT","isPartOf":{"@id":"https:\/\/rtt-dev.sitewise.ee\/#website"},"primaryImageOfPage":{"@id":"https:\/\/rtt-dev.sitewise.ee\/toode\/reklaamekraanid\/4k-ultra-hd-ekraanid\/sharp-pn-pn-hy501-50\/#primaryimage"},"image":{"@id":"https:\/\/rtt-dev.sitewise.ee\/toode\/reklaamekraanid\/4k-ultra-hd-ekraanid\/sharp-pn-pn-hy501-50\/#primaryimage"},"thumbnailUrl":"https:\/\/rtt-dev.sitewise.ee\/wp-content\/uploads\/2019\/08\/Untitled-1.jpg","datePublished":"2022-03-29T08:44:16+00:00","dateModified":"2022-03-29T09:16:12+00:00","description":"24\/7 lubatud t\u00f6\u00f6aeg 43\"-55\" 4K Ultra HD fotode slaidiseansside kuvamiseks v\u00f5i 4K Ultra HD videote ja muusika esitamiseks","breadcrumb":{"@id":"https:\/\/rtt-dev.sitewise.ee\/toode\/reklaamekraanid\/4k-ultra-hd-ekraanid\/sharp-pn-pn-hy501-50\/#breadcrumb"},"inLanguage":"en-US","potentialAction":[{"@type":"ReadAction","target":["https:\/\/rtt-dev.sitewise.ee\/toode\/reklaamekraanid\/4k-ultra-hd-ekraanid\/sharp-pn-pn-hy501-50\/"]}]},{"@type":"ImageObject","inLanguage":"en-US","@id":"https:\/\/rtt-dev.sitewise.ee\/toode\/reklaamekraanid\/4k-ultra-hd-ekraanid\/sharp-pn-pn-hy501-50\/#primaryimage","url":"https:\/\/rtt-dev.sitewise.ee\/wp-content\/uploads\/2019\/08\/Untitled-1.jpg","contentUrl":"https:\/\/rtt-dev.sitewise.ee\/wp-content\/uploads\/2019\/08\/Untitled-1.jpg","width":590,"height":465},{"@type":"BreadcrumbList","@id":"https:\/\/rtt-dev.sitewise.ee\/toode\/reklaamekraanid\/4k-ultra-hd-ekraanid\/sharp-pn-pn-hy501-50\/#breadcrumb","itemListElement":[{"@type":"ListItem","position":1,"name":"Home","item":"https:\/\/rtt-dev.sitewise.ee\/"},{"@type":"ListItem","position":2,"name":"Shop","item":"https:\/\/rtt-dev.sitewise.ee\/pood\/"},{"@type":"ListItem","position":3,"name":"Reklaamekraanid","item":"https:\/\/rtt-dev.sitewise.ee\/tootekategooria\/reklaamekraanid\/"},{"@type":"ListItem","position":4,"name":"SHARP PN-HY501 50&#8243;"}]},{"@type":"WebSite","@id":"https:\/\/rtt-dev.sitewise.ee\/#website","url":"https:\/\/rtt-dev.sitewise.ee\/","name":"RTT","description":"Kassaaparaadid ja kontorikaubad","potentialAction":[{"@type":"SearchAction","target":{"@type":"EntryPoint","urlTemplate":"https:\/\/rtt-dev.sitewise.ee\/?s={search_term_string}"},"query-input":{"@type":"PropertyValueSpecification","valueRequired":true,"valueName":"search_term_string"}}],"inLanguage":"en-US"}]}},"_links":{"self":[{"href":"https:\/\/rtt-dev.sitewise.ee\/en\/wp-json\/wp\/v2\/product\/8348","targetHints":{"allow":["GET"]}}],"collection":[{"href":"https:\/\/rtt-dev.sitewise.ee\/en\/wp-json\/wp\/v2\/product"}],"about":[{"href":"https:\/\/rtt-dev.sitewise.ee\/en\/wp-json\/wp\/v2\/types\/product"}],"wp:featuredmedia":[{"embeddable":true,"href":"https:\/\/rtt-dev.sitewise.ee\/en\/wp-json\/wp\/v2\/media\/5649"}],"wp:attachment":[{"href":"https:\/\/rtt-dev.sitewise.ee\/en\/wp-json\/wp\/v2\/media?parent=8348"}],"wp:term":[{"taxonomy":"product_brand","embeddable":true,"href":"https:\/\/rtt-dev.sitewise.ee\/en\/wp-json\/wp\/v2\/product_brand?post=8348"},{"taxonomy":"product_cat","embeddable":true,"href":"https:\/\/rtt-dev.sitewise.ee\/en\/wp-json\/wp\/v2\/product_cat?post=8348"},{"taxonomy":"product_tag","embeddable":true,"href":"https:\/\/rtt-dev.sitewise.ee\/en\/wp-json\/wp\/v2\/product_tag?post=8348"}],"curies":[{"name":"wp","href":"https:\/\/api.w.org\/{rel}","templated":true}]}}