{"id":7890,"date":"2021-10-05T11:04:54","date_gmt":"2021-10-05T08:04:54","guid":{"rendered":"https:\/\/rtt-dev.sitewise.ee\/toode\/uncategorized\/workforce-pro-wf-c878rdtwfc\/"},"modified":"2025-07-07T20:51:37","modified_gmt":"2025-07-07T17:51:37","slug":"workforce-pro-wf-c878rdtwfc","status":"publish","type":"product","link":"https:\/\/rtt-dev.sitewise.ee\/en\/toode\/koopiamasinad-en\/varvilised-koopiamasinad-en\/workforce-pro-wf-c878rdtwfc\/","title":{"rendered":"WorkForce Pro WF-C878RDTWFC"},"content":{"rendered":"<p><strong>Tehnoloogia<\/strong>\u00a0\u00a0\u00a0\u00a0\u00a0\u00a0\u00a0\u00a0 PrecisionCore\u2122 Print Head, 4,6 pl With Variable-Sized Droplet Technology<\/p>\n<p><strong>Seadme funktsioonid\u00a0<\/strong>\u00a0\u00a0\u00a0\u00a0\u00a0\u00a0\u00a0\u00a0 Print, Scan, Copy, Fax<\/p>\n<p><strong>Resolutsioon\u00a0<\/strong>\u00a0\u00a0\u00a0\u00a0\u00a0\u00a0 4800 x 1200 DPI printimisel, 600 x 600 DPI skaneerimisel, 600 x 1200 kopeerimisel<\/p>\n<p><strong>Kiirus\u00a0<\/strong>\u00a0\u00a0\u00a0\u00a0 35 lk\/min A4,<\/p>\n<p><strong>Esimese lehe v\u00e4ljastusaeg<\/strong>\u00a0 5,5 sek<\/p>\n<p><strong>Sensor<\/strong>\u00a0\u00a0 Contact image sensor (CIS)<\/p>\n<p><strong>\u00dchildub<\/strong>\u00a0 Citrix XenApp 7.x, Linux, Mac OS 10.10.x, Mac OS 10.11, Mac OS 10.6+, Mac OS 10.7.x, Mac OS 10.8.x, Mac OS 10.9.x, Microsoft Windows XP (Home Edition \/ Prof \/ Prof X64 \/ Vista), SAP, Windows 10, Windows 7, Windows 7 x64, Windows 8 (32\/64 bit), Windows 8.1, Windows 8.1 x64 Edition, Windows Server 2003 (32\/64bit), Windows Server 2008 (32\/64bit), Windows Server 2008 R2, Windows Server 2012 (64bit), Windows Server 2012 R2, Windows Server 2016, Windows Vista, Windows Vista (32\/64 bit), Windows Vista x64, Windows XP x64, Windows Server 2003 R2<\/p>\n<p><strong>Ekraan<\/strong>\u00a0\u00a0 Color, Touchscreen, Diagonal: 12,7 cm<\/p>\n<p><strong>Failiformaadid<\/strong>\u00a0\u00a0\u00a0\u00a0\u00a0 JPEG, TIFF, PDF<\/p>\n<p><strong>V\u00e4rvihaldus\u00a0<\/strong>\u00a0\u00a0\u00a0\u00a0\u00a0\u00a0\u00a0\u00a0 Black, Cyan, Yellow, Magenta<\/p>\n<p><strong>J\u00f5udlus<\/strong>\u00a0 75000 lk kuus<\/p>\n<p><strong>Printeri keel<\/strong>\u00a0\u00a0\u00a0\u00a0\u00a0\u00a0\u00a0\u00a0\u00a0\u00a0 PCL6, PCL5c, PCL5e, ESC\/P-R, PDF 1.7, PostScript 3<\/p>\n<p><strong>Paberik\u00e4sitlus<\/strong> \u00a0\u00a0\u00a0\u00a0 A3+, A3, A4, A5, A6, B5, C4 (Envelope), C6 (Envelope), No. 10 (Envelope), Lett\u00a0 \u00a0 er, 10 x 15 cm, 13 x 18 cm, 20 x 25 cm, Legal, B4, B6, C5 (Envelope), DL (Envelope), HLT, EXE, Tabloid &#8211; 64 g\/m\u00b2 &#8211; 90 g\/m\u00b2<\/p>\n<p><strong>Kahepoolne tr\u00fckk<\/strong> jah<\/p>\n<p><strong>Liidesed<\/strong> Hi-Speed USB &#8211; compatible with USB 2.0 specification, Ethernet Interface (1000 Base-T\/ 100-Base TX\/ 10-Base-T), USB host, Wi-Fi Direct, USB 2.0 Type A (2x), Wireless LAN IEEE 802.11a\/b\/g\/n, USB 3.0 Type B<\/p>\n<p><strong>Muud funktsioonid<\/strong>\u00a0\u00a0\u00a0\u00a0\u00a0\u00a0\u00a0\u00a0\u00a0\u00a0\u00a0\u00a0\u00a0\u00a0 Direct scan-to-print without PC, Direct print from USB, Scan to Email, Scan to FTP, Scan to Network folders, Scan to USB, Computer (Epson Document Capture Pro), Microsoft SharePoint with Epson Document Capture Pro, USB Memory Device \/ Card<\/p>\n<p><strong>M\u00f5\u00f5tmed<\/strong>\u00a0\u00a0\u00a0\u00a0\u00a0\u00a0\u00a0\u00a0\u00a0\u00a0\u00a0\u00a0\u00a0\u00a0 621\u200e x 652 x 1107 mm (Width x Depth x Height)<\/p>\n<p><strong>Toitevool<\/strong>\u00a0\u00a0\u00a0\u00a0\u00a0\u00a0\u00a0\u00a0\u00a0\u00a0\u00a0\u00a0\u00a0\u00a0 100V, 110V, 220V, 240V<\/p>\n<p><strong>M\u00fcratase\u00a0\u00a0<\/strong>\u00a0\u00a0\u00a0\u00a0\u00a0\u00a0\u00a0\u00a0\u00a0\u00a0\u00a0\u00a0 51 dB (A)<\/p>\n<p><strong>Voolutarve<\/strong>\u00a0\u00a0\u00a0\u00a0\u00a0\u00a0\u00a0\u00a0\u00a0\u00a0\u00a0 42 W<\/p>\n<p>&nbsp;<\/p>\n<p>Kontakt: +372 5014 470<\/p>\n","protected":false},"excerpt":{"rendered":"<p>Tehnoloogia\u00a0\u00a0\u00a0\u00a0\u00a0\u00a0\u00a0\u00a0 PrecisionCore\u2122 Print Head, 4,6 pl With Variable-Sized Droplet Technology Seadme funktsioonid\u00a0\u00a0\u00a0\u00a0\u00a0\u00a0\u00a0\u00a0\u00a0 Print, Scan, Copy, Fax Resolutsioon\u00a0\u00a0\u00a0\u00a0\u00a0\u00a0\u00a0 4800 x 1200 DPI printimisel, 600 x 600 DPI skaneerimisel, 600 x 1200 kopeerimisel Kiirus\u00a0\u00a0\u00a0\u00a0\u00a0 35 lk\/min A4, Esimese lehe v\u00e4ljastusaeg\u00a0 5,5 sek Sensor\u00a0\u00a0 Contact image sensor (CIS) \u00dchildub\u00a0 Citrix XenApp 7.x, Linux, Mac OS 10.10.x, Mac OS [&hellip;]<\/p>\n","protected":false},"featured_media":7882,"template":"","meta":[],"product_brand":[],"product_cat":[115,116],"product_tag":[],"class_list":{"0":"post-7890","1":"product","2":"type-product","3":"status-publish","4":"has-post-thumbnail","6":"product_cat-koopiamasinad-en","7":"product_cat-varvilised-koopiamasinad-en","9":"first","10":"instock","11":"sale","12":"taxable","13":"shipping-taxable","14":"purchasable","15":"product-type-simple"},"acf":[],"yoast_head":"<!-- This site is optimized with the Yoast SEO plugin v24.4 - https:\/\/yoast.com\/wordpress\/plugins\/seo\/ -->\n<title>WorkForce Pro WF-C878RDTWFC - RTT<\/title>\n<meta name=\"description\" content=\"Epsoni WorkForce Pro WF-C878RDTWFC C11CH60401BR kvaliteetne v\u00e4rvi koopiamasin, on odav lahendus Sinu kontorisse! Usaldusv\u00e4\u00e4rne koopiamasin.\" \/>\n<meta name=\"robots\" content=\"noindex, follow, max-snippet:-1, max-image-preview:large, max-video-preview:-1\" \/>\n<meta property=\"og:locale\" content=\"en_US\" \/>\n<meta property=\"og:type\" content=\"article\" \/>\n<meta property=\"og:title\" content=\"WorkForce Pro WF-C878RDTWFC - RTT\" \/>\n<meta property=\"og:description\" content=\"Epsoni WorkForce Pro WF-C878RDTWFC C11CH60401BR kvaliteetne v\u00e4rvi koopiamasin, on odav lahendus Sinu kontorisse! Usaldusv\u00e4\u00e4rne koopiamasin.\" \/>\n<meta property=\"og:url\" content=\"https:\/\/rtt-dev.sitewise.ee\/toode\/koopiamasinad\/varvi-koopiamasinad\/workforce-pro-wf-c878rdtwfc\/\" \/>\n<meta property=\"og:site_name\" content=\"RTT\" \/>\n<meta property=\"article:modified_time\" content=\"2025-07-07T17:51:37+00:00\" \/>\n<meta property=\"og:image\" content=\"https:\/\/rtt-dev.sitewise.ee\/wp-content\/uploads\/2021\/10\/28983-productpicture-lores-wf-c878rdtwfc-667x1024.png\" \/>\n\t<meta property=\"og:image:width\" content=\"667\" \/>\n\t<meta property=\"og:image:height\" content=\"1024\" \/>\n\t<meta property=\"og:image:type\" content=\"image\/png\" \/>\n<meta name=\"twitter:card\" content=\"summary_large_image\" \/>\n<meta name=\"twitter:label1\" content=\"Est. reading time\" \/>\n\t<meta name=\"twitter:data1\" content=\"1 minute\" \/>\n<script type=\"application\/ld+json\" class=\"yoast-schema-graph\">{\"@context\":\"https:\/\/schema.org\",\"@graph\":[{\"@type\":\"WebPage\",\"@id\":\"https:\/\/rtt-dev.sitewise.ee\/toode\/koopiamasinad\/varvi-koopiamasinad\/workforce-pro-wf-c878rdtwfc\/\",\"url\":\"https:\/\/rtt-dev.sitewise.ee\/toode\/koopiamasinad\/varvi-koopiamasinad\/workforce-pro-wf-c878rdtwfc\/\",\"name\":\"WorkForce Pro WF-C878RDTWFC - RTT\",\"isPartOf\":{\"@id\":\"https:\/\/rtt-dev.sitewise.ee\/#website\"},\"primaryImageOfPage\":{\"@id\":\"https:\/\/rtt-dev.sitewise.ee\/toode\/koopiamasinad\/varvi-koopiamasinad\/workforce-pro-wf-c878rdtwfc\/#primaryimage\"},\"image\":{\"@id\":\"https:\/\/rtt-dev.sitewise.ee\/toode\/koopiamasinad\/varvi-koopiamasinad\/workforce-pro-wf-c878rdtwfc\/#primaryimage\"},\"thumbnailUrl\":\"https:\/\/rtt-dev.sitewise.ee\/wp-content\/uploads\/2021\/10\/28983-productpicture-lores-wf-c878rdtwfc.png\",\"datePublished\":\"2021-10-05T08:04:54+00:00\",\"dateModified\":\"2025-07-07T17:51:37+00:00\",\"description\":\"Epsoni WorkForce Pro WF-C878RDTWFC C11CH60401BR kvaliteetne v\u00e4rvi koopiamasin, on odav lahendus Sinu kontorisse! Usaldusv\u00e4\u00e4rne koopiamasin.\",\"breadcrumb\":{\"@id\":\"https:\/\/rtt-dev.sitewise.ee\/toode\/koopiamasinad\/varvi-koopiamasinad\/workforce-pro-wf-c878rdtwfc\/#breadcrumb\"},\"inLanguage\":\"en-US\",\"potentialAction\":[{\"@type\":\"ReadAction\",\"target\":[\"https:\/\/rtt-dev.sitewise.ee\/toode\/koopiamasinad\/varvi-koopiamasinad\/workforce-pro-wf-c878rdtwfc\/\"]}]},{\"@type\":\"ImageObject\",\"inLanguage\":\"en-US\",\"@id\":\"https:\/\/rtt-dev.sitewise.ee\/toode\/koopiamasinad\/varvi-koopiamasinad\/workforce-pro-wf-c878rdtwfc\/#primaryimage\",\"url\":\"https:\/\/rtt-dev.sitewise.ee\/wp-content\/uploads\/2021\/10\/28983-productpicture-lores-wf-c878rdtwfc.png\",\"contentUrl\":\"https:\/\/rtt-dev.sitewise.ee\/wp-content\/uploads\/2021\/10\/28983-productpicture-lores-wf-c878rdtwfc.png\",\"width\":1500,\"height\":2304},{\"@type\":\"BreadcrumbList\",\"@id\":\"https:\/\/rtt-dev.sitewise.ee\/toode\/koopiamasinad\/varvi-koopiamasinad\/workforce-pro-wf-c878rdtwfc\/#breadcrumb\",\"itemListElement\":[{\"@type\":\"ListItem\",\"position\":1,\"name\":\"Home\",\"item\":\"https:\/\/rtt-dev.sitewise.ee\/\"},{\"@type\":\"ListItem\",\"position\":2,\"name\":\"Shop\",\"item\":\"https:\/\/rtt-dev.sitewise.ee\/pood\/\"},{\"@type\":\"ListItem\",\"position\":3,\"name\":\"Koopiamasinad\",\"item\":\"https:\/\/rtt-dev.sitewise.ee\/tootekategooria\/koopiamasinad\/\"},{\"@type\":\"ListItem\",\"position\":4,\"name\":\"V\u00e4rvi koopiamasinad\",\"item\":\"https:\/\/rtt-dev.sitewise.ee\/tootekategooria\/koopiamasinad\/varvi-koopiamasinad\/\"},{\"@type\":\"ListItem\",\"position\":5,\"name\":\"WorkForce Pro WF-C878RDTWFC\"}]},{\"@type\":\"WebSite\",\"@id\":\"https:\/\/rtt-dev.sitewise.ee\/#website\",\"url\":\"https:\/\/rtt-dev.sitewise.ee\/\",\"name\":\"RTT\",\"description\":\"Kassaaparaadid ja kontorikaubad\",\"potentialAction\":[{\"@type\":\"SearchAction\",\"target\":{\"@type\":\"EntryPoint\",\"urlTemplate\":\"https:\/\/rtt-dev.sitewise.ee\/?s={search_term_string}\"},\"query-input\":{\"@type\":\"PropertyValueSpecification\",\"valueRequired\":true,\"valueName\":\"search_term_string\"}}],\"inLanguage\":\"en-US\"}]}<\/script>\n<!-- \/ Yoast SEO plugin. -->","yoast_head_json":{"title":"WorkForce Pro WF-C878RDTWFC - RTT","description":"Epsoni WorkForce Pro WF-C878RDTWFC C11CH60401BR kvaliteetne v\u00e4rvi koopiamasin, on odav lahendus Sinu kontorisse! Usaldusv\u00e4\u00e4rne koopiamasin.","robots":{"index":"noindex","follow":"follow","max-snippet":"max-snippet:-1","max-image-preview":"max-image-preview:large","max-video-preview":"max-video-preview:-1"},"og_locale":"en_US","og_type":"article","og_title":"WorkForce Pro WF-C878RDTWFC - RTT","og_description":"Epsoni WorkForce Pro WF-C878RDTWFC C11CH60401BR kvaliteetne v\u00e4rvi koopiamasin, on odav lahendus Sinu kontorisse! Usaldusv\u00e4\u00e4rne koopiamasin.","og_url":"https:\/\/rtt-dev.sitewise.ee\/toode\/koopiamasinad\/varvi-koopiamasinad\/workforce-pro-wf-c878rdtwfc\/","og_site_name":"RTT","article_modified_time":"2025-07-07T17:51:37+00:00","og_image":[{"width":667,"height":1024,"url":"https:\/\/rtt-dev.sitewise.ee\/wp-content\/uploads\/2021\/10\/28983-productpicture-lores-wf-c878rdtwfc-667x1024.png","type":"image\/png"}],"twitter_card":"summary_large_image","twitter_misc":{"Est. reading time":"1 minute"},"schema":{"@context":"https:\/\/schema.org","@graph":[{"@type":"WebPage","@id":"https:\/\/rtt-dev.sitewise.ee\/toode\/koopiamasinad\/varvi-koopiamasinad\/workforce-pro-wf-c878rdtwfc\/","url":"https:\/\/rtt-dev.sitewise.ee\/toode\/koopiamasinad\/varvi-koopiamasinad\/workforce-pro-wf-c878rdtwfc\/","name":"WorkForce Pro WF-C878RDTWFC - RTT","isPartOf":{"@id":"https:\/\/rtt-dev.sitewise.ee\/#website"},"primaryImageOfPage":{"@id":"https:\/\/rtt-dev.sitewise.ee\/toode\/koopiamasinad\/varvi-koopiamasinad\/workforce-pro-wf-c878rdtwfc\/#primaryimage"},"image":{"@id":"https:\/\/rtt-dev.sitewise.ee\/toode\/koopiamasinad\/varvi-koopiamasinad\/workforce-pro-wf-c878rdtwfc\/#primaryimage"},"thumbnailUrl":"https:\/\/rtt-dev.sitewise.ee\/wp-content\/uploads\/2021\/10\/28983-productpicture-lores-wf-c878rdtwfc.png","datePublished":"2021-10-05T08:04:54+00:00","dateModified":"2025-07-07T17:51:37+00:00","description":"Epsoni WorkForce Pro WF-C878RDTWFC C11CH60401BR kvaliteetne v\u00e4rvi koopiamasin, on odav lahendus Sinu kontorisse! Usaldusv\u00e4\u00e4rne koopiamasin.","breadcrumb":{"@id":"https:\/\/rtt-dev.sitewise.ee\/toode\/koopiamasinad\/varvi-koopiamasinad\/workforce-pro-wf-c878rdtwfc\/#breadcrumb"},"inLanguage":"en-US","potentialAction":[{"@type":"ReadAction","target":["https:\/\/rtt-dev.sitewise.ee\/toode\/koopiamasinad\/varvi-koopiamasinad\/workforce-pro-wf-c878rdtwfc\/"]}]},{"@type":"ImageObject","inLanguage":"en-US","@id":"https:\/\/rtt-dev.sitewise.ee\/toode\/koopiamasinad\/varvi-koopiamasinad\/workforce-pro-wf-c878rdtwfc\/#primaryimage","url":"https:\/\/rtt-dev.sitewise.ee\/wp-content\/uploads\/2021\/10\/28983-productpicture-lores-wf-c878rdtwfc.png","contentUrl":"https:\/\/rtt-dev.sitewise.ee\/wp-content\/uploads\/2021\/10\/28983-productpicture-lores-wf-c878rdtwfc.png","width":1500,"height":2304},{"@type":"BreadcrumbList","@id":"https:\/\/rtt-dev.sitewise.ee\/toode\/koopiamasinad\/varvi-koopiamasinad\/workforce-pro-wf-c878rdtwfc\/#breadcrumb","itemListElement":[{"@type":"ListItem","position":1,"name":"Home","item":"https:\/\/rtt-dev.sitewise.ee\/"},{"@type":"ListItem","position":2,"name":"Shop","item":"https:\/\/rtt-dev.sitewise.ee\/pood\/"},{"@type":"ListItem","position":3,"name":"Koopiamasinad","item":"https:\/\/rtt-dev.sitewise.ee\/tootekategooria\/koopiamasinad\/"},{"@type":"ListItem","position":4,"name":"V\u00e4rvi koopiamasinad","item":"https:\/\/rtt-dev.sitewise.ee\/tootekategooria\/koopiamasinad\/varvi-koopiamasinad\/"},{"@type":"ListItem","position":5,"name":"WorkForce Pro WF-C878RDTWFC"}]},{"@type":"WebSite","@id":"https:\/\/rtt-dev.sitewise.ee\/#website","url":"https:\/\/rtt-dev.sitewise.ee\/","name":"RTT","description":"Kassaaparaadid ja kontorikaubad","potentialAction":[{"@type":"SearchAction","target":{"@type":"EntryPoint","urlTemplate":"https:\/\/rtt-dev.sitewise.ee\/?s={search_term_string}"},"query-input":{"@type":"PropertyValueSpecification","valueRequired":true,"valueName":"search_term_string"}}],"inLanguage":"en-US"}]}},"_links":{"self":[{"href":"https:\/\/rtt-dev.sitewise.ee\/en\/wp-json\/wp\/v2\/product\/7890","targetHints":{"allow":["GET"]}}],"collection":[{"href":"https:\/\/rtt-dev.sitewise.ee\/en\/wp-json\/wp\/v2\/product"}],"about":[{"href":"https:\/\/rtt-dev.sitewise.ee\/en\/wp-json\/wp\/v2\/types\/product"}],"wp:featuredmedia":[{"embeddable":true,"href":"https:\/\/rtt-dev.sitewise.ee\/en\/wp-json\/wp\/v2\/media\/7882"}],"wp:attachment":[{"href":"https:\/\/rtt-dev.sitewise.ee\/en\/wp-json\/wp\/v2\/media?parent=7890"}],"wp:term":[{"taxonomy":"product_brand","embeddable":true,"href":"https:\/\/rtt-dev.sitewise.ee\/en\/wp-json\/wp\/v2\/product_brand?post=7890"},{"taxonomy":"product_cat","embeddable":true,"href":"https:\/\/rtt-dev.sitewise.ee\/en\/wp-json\/wp\/v2\/product_cat?post=7890"},{"taxonomy":"product_tag","embeddable":true,"href":"https:\/\/rtt-dev.sitewise.ee\/en\/wp-json\/wp\/v2\/product_tag?post=7890"}],"curies":[{"name":"wp","href":"https:\/\/api.w.org\/{rel}","templated":true}]}}