{"id":7701,"date":"2021-07-27T14:35:52","date_gmt":"2021-07-27T11:35:52","guid":{"rendered":"https:\/\/rtt-dev.sitewise.ee\/toode\/uncategorized\/epson-workforce-pro-wf-c879rdtwf\/"},"modified":"2025-07-07T20:51:37","modified_gmt":"2025-07-07T17:51:37","slug":"epson-workforce-pro-wf-c879rdtwf","status":"publish","type":"product","link":"https:\/\/rtt-dev.sitewise.ee\/en\/toode\/koopiamasinad-en\/varvilised-koopiamasinad-en\/epson-workforce-pro-wf-c879rdtwf\/","title":{"rendered":"Epson WorkForce Pro WF-C879RDTWF"},"content":{"rendered":"<p><span style=\"font-size: 14pt;\">WorkForce Pro WF-C879RDTWF<\/span><\/p>\n<p><strong>\u00dclimalt mahukas printimine<\/strong><br \/>\nT\u00e4nu meie ainulaadsele RIPS-tehnoloogiale saate printida kuni 86k mustvalget v\u00f5i 50k v\u00e4rvilist lehte tindivarusid vahetamata.<br \/>\nSee t\u00e4hendab, et kasutajate sekkumist on v\u00e4hem, tootlikus suureneb ja j\u00e4\u00e4tmekulu v\u00e4heneb.<\/p>\n<p><strong>T\u00e4pne s\u00fcdamik, kuumavaba tehnoloogia<\/strong><br \/>\nEpsoni kuumavaba tehnoloogia ei vaja sissel\u00fclitamisel v\u00f5i unest \u00e4ratamisel soojendamiseks soojust, mis v\u00e4hendab oluliselt energiatarbimist ja s\u00e4\u00e4stab raha.<\/p>\n<p><strong>T\u00e4iustatud automaatne dokumendis\u00f6\u00f6tur (ADF)<\/strong><br \/>\nMeie ADF pakub turu juhtivat \u00f5hukese paberi tuge, millel on kompaktne, vastupidav disain ja parem skaneerimiskiirus ning kvaliteet.<\/p>\n<p><strong>Suurendage funktsionaalsust ettev\u00f5ttesiseste (EDA, EPA) ja kolmandate osapoolte lahenduste (OP) abil<\/strong><br \/>\nEpsoni ja selle partnerite lahenduste abil saate printimistoimingute \u00fcle t\u00e4ieliku kontrolli, v\u00f5imaldades seadmeid seadistada vastama konkreetsetele ja muutuvatele \u00e4rin\u00f5uetele.<\/p>\n<p><strong>Epson Print Admin Serverless (EPA Serverless)<\/strong><br \/>\nIntegreerige WF-C879R seeria sujuvalt turva- ja vastavusreeglitesse ning m\u00e4\u00e4rustesse, ilma et peaksite serveris\u00fcsteemi \u00fclal pidama.<\/p>\n<p><strong>Epsoni kaugteenused (ERS)<\/strong><br \/>\nMeie pilvep\u00f5hine seadme j\u00e4lgimis- ja halduss\u00fcsteem aitab teenuse pakkujatel t\u00e4pset kaugdiagnostikat teostada turvalisust kahjustamata.<br \/>\nWF-C879R-i sisseehitatud agent v\u00f5imaldab sujuvat seadistamist ja kasutamist.<\/p>\n","protected":false},"excerpt":{"rendered":"<p>WorkForce Pro WF-C879RDTWF \u00dclimalt mahukas printimine T\u00e4nu meie ainulaadsele RIPS-tehnoloogiale saate printida kuni 86k mustvalget v\u00f5i 50k v\u00e4rvilist lehte tindivarusid vahetamata. See t\u00e4hendab, et kasutajate sekkumist on v\u00e4hem, tootlikus suureneb ja j\u00e4\u00e4tmekulu v\u00e4heneb. T\u00e4pne s\u00fcdamik, kuumavaba tehnoloogia Epsoni kuumavaba tehnoloogia ei vaja sissel\u00fclitamisel v\u00f5i unest \u00e4ratamisel soojendamiseks soojust, mis v\u00e4hendab oluliselt energiatarbimist ja s\u00e4\u00e4stab raha. [&hellip;]<\/p>\n","protected":false},"featured_media":7699,"template":"","meta":[],"product_brand":[],"product_cat":[115,116],"product_tag":[],"class_list":{"0":"post-7701","1":"product","2":"type-product","3":"status-publish","4":"has-post-thumbnail","6":"product_cat-koopiamasinad-en","7":"product_cat-varvilised-koopiamasinad-en","9":"first","10":"outofstock","11":"taxable","12":"shipping-taxable","13":"purchasable","14":"product-type-simple"},"acf":[],"yoast_head":"<!-- This site is optimized with the Yoast SEO plugin v24.4 - https:\/\/yoast.com\/wordpress\/plugins\/seo\/ -->\n<title>Epson WorkForce Pro WF-C879RDTWF - RTT<\/title>\n<meta name=\"description\" content=\"Epson kontorikombainid, MFP,printerid ,skannerid ja fax. Odav printimine ja energias\u00e4\u00e4stlik. Roheline m\u00f5tlemine!\" \/>\n<meta name=\"robots\" content=\"noindex, follow, max-snippet:-1, max-image-preview:large, max-video-preview:-1\" \/>\n<meta property=\"og:locale\" content=\"en_US\" \/>\n<meta property=\"og:type\" content=\"article\" \/>\n<meta property=\"og:title\" content=\"Epson WorkForce Pro WF-C879RDTWF - RTT\" \/>\n<meta property=\"og:description\" content=\"Epson kontorikombainid, MFP,printerid ,skannerid ja fax. Odav printimine ja energias\u00e4\u00e4stlik. Roheline m\u00f5tlemine!\" \/>\n<meta property=\"og:url\" content=\"https:\/\/rtt-dev.sitewise.ee\/toode\/koopiamasinad\/varvi-koopiamasinad\/epson-workforce-pro-wf-c879rdtwf\/\" \/>\n<meta property=\"og:site_name\" content=\"RTT\" \/>\n<meta property=\"article:modified_time\" content=\"2025-07-07T17:51:37+00:00\" \/>\n<meta property=\"og:image\" content=\"https:\/\/rtt-dev.sitewise.ee\/wp-content\/uploads\/2021\/07\/wf-c879r_productimage-30--scaled.jpg\" \/>\n\t<meta property=\"og:image:width\" content=\"2304\" \/>\n\t<meta property=\"og:image:height\" content=\"2560\" \/>\n\t<meta property=\"og:image:type\" content=\"image\/jpeg\" \/>\n<meta name=\"twitter:card\" content=\"summary_large_image\" \/>\n<meta name=\"twitter:label1\" content=\"Est. reading time\" \/>\n\t<meta name=\"twitter:data1\" content=\"1 minute\" \/>\n<script type=\"application\/ld+json\" class=\"yoast-schema-graph\">{\"@context\":\"https:\/\/schema.org\",\"@graph\":[{\"@type\":\"WebPage\",\"@id\":\"https:\/\/rtt-dev.sitewise.ee\/toode\/koopiamasinad\/varvi-koopiamasinad\/epson-workforce-pro-wf-c879rdtwf\/\",\"url\":\"https:\/\/rtt-dev.sitewise.ee\/toode\/koopiamasinad\/varvi-koopiamasinad\/epson-workforce-pro-wf-c879rdtwf\/\",\"name\":\"Epson WorkForce Pro WF-C879RDTWF - RTT\",\"isPartOf\":{\"@id\":\"https:\/\/rtt-dev.sitewise.ee\/#website\"},\"primaryImageOfPage\":{\"@id\":\"https:\/\/rtt-dev.sitewise.ee\/toode\/koopiamasinad\/varvi-koopiamasinad\/epson-workforce-pro-wf-c879rdtwf\/#primaryimage\"},\"image\":{\"@id\":\"https:\/\/rtt-dev.sitewise.ee\/toode\/koopiamasinad\/varvi-koopiamasinad\/epson-workforce-pro-wf-c879rdtwf\/#primaryimage\"},\"thumbnailUrl\":\"https:\/\/rtt-dev.sitewise.ee\/wp-content\/uploads\/2021\/07\/wf-c879r_productimage-30--scaled.jpg\",\"datePublished\":\"2021-07-27T11:35:52+00:00\",\"dateModified\":\"2025-07-07T17:51:37+00:00\",\"description\":\"Epson kontorikombainid, MFP,printerid ,skannerid ja fax. Odav printimine ja energias\u00e4\u00e4stlik. Roheline m\u00f5tlemine!\",\"breadcrumb\":{\"@id\":\"https:\/\/rtt-dev.sitewise.ee\/toode\/koopiamasinad\/varvi-koopiamasinad\/epson-workforce-pro-wf-c879rdtwf\/#breadcrumb\"},\"inLanguage\":\"en-US\",\"potentialAction\":[{\"@type\":\"ReadAction\",\"target\":[\"https:\/\/rtt-dev.sitewise.ee\/toode\/koopiamasinad\/varvi-koopiamasinad\/epson-workforce-pro-wf-c879rdtwf\/\"]}]},{\"@type\":\"ImageObject\",\"inLanguage\":\"en-US\",\"@id\":\"https:\/\/rtt-dev.sitewise.ee\/toode\/koopiamasinad\/varvi-koopiamasinad\/epson-workforce-pro-wf-c879rdtwf\/#primaryimage\",\"url\":\"https:\/\/rtt-dev.sitewise.ee\/wp-content\/uploads\/2021\/07\/wf-c879r_productimage-30--scaled.jpg\",\"contentUrl\":\"https:\/\/rtt-dev.sitewise.ee\/wp-content\/uploads\/2021\/07\/wf-c879r_productimage-30--scaled.jpg\",\"width\":2304,\"height\":2560},{\"@type\":\"BreadcrumbList\",\"@id\":\"https:\/\/rtt-dev.sitewise.ee\/toode\/koopiamasinad\/varvi-koopiamasinad\/epson-workforce-pro-wf-c879rdtwf\/#breadcrumb\",\"itemListElement\":[{\"@type\":\"ListItem\",\"position\":1,\"name\":\"Home\",\"item\":\"https:\/\/rtt-dev.sitewise.ee\/\"},{\"@type\":\"ListItem\",\"position\":2,\"name\":\"Shop\",\"item\":\"https:\/\/rtt-dev.sitewise.ee\/pood\/\"},{\"@type\":\"ListItem\",\"position\":3,\"name\":\"Koopiamasinad\",\"item\":\"https:\/\/rtt-dev.sitewise.ee\/tootekategooria\/koopiamasinad\/\"},{\"@type\":\"ListItem\",\"position\":4,\"name\":\"Epson WorkForce Pro WF-C879RDTWF\"}]},{\"@type\":\"WebSite\",\"@id\":\"https:\/\/rtt-dev.sitewise.ee\/#website\",\"url\":\"https:\/\/rtt-dev.sitewise.ee\/\",\"name\":\"RTT\",\"description\":\"Kassaaparaadid ja kontorikaubad\",\"potentialAction\":[{\"@type\":\"SearchAction\",\"target\":{\"@type\":\"EntryPoint\",\"urlTemplate\":\"https:\/\/rtt-dev.sitewise.ee\/?s={search_term_string}\"},\"query-input\":{\"@type\":\"PropertyValueSpecification\",\"valueRequired\":true,\"valueName\":\"search_term_string\"}}],\"inLanguage\":\"en-US\"}]}<\/script>\n<!-- \/ Yoast SEO plugin. -->","yoast_head_json":{"title":"Epson WorkForce Pro WF-C879RDTWF - RTT","description":"Epson kontorikombainid, MFP,printerid ,skannerid ja fax. Odav printimine ja energias\u00e4\u00e4stlik. Roheline m\u00f5tlemine!","robots":{"index":"noindex","follow":"follow","max-snippet":"max-snippet:-1","max-image-preview":"max-image-preview:large","max-video-preview":"max-video-preview:-1"},"og_locale":"en_US","og_type":"article","og_title":"Epson WorkForce Pro WF-C879RDTWF - RTT","og_description":"Epson kontorikombainid, MFP,printerid ,skannerid ja fax. Odav printimine ja energias\u00e4\u00e4stlik. Roheline m\u00f5tlemine!","og_url":"https:\/\/rtt-dev.sitewise.ee\/toode\/koopiamasinad\/varvi-koopiamasinad\/epson-workforce-pro-wf-c879rdtwf\/","og_site_name":"RTT","article_modified_time":"2025-07-07T17:51:37+00:00","og_image":[{"width":2304,"height":2560,"url":"https:\/\/rtt-dev.sitewise.ee\/wp-content\/uploads\/2021\/07\/wf-c879r_productimage-30--scaled.jpg","type":"image\/jpeg"}],"twitter_card":"summary_large_image","twitter_misc":{"Est. reading time":"1 minute"},"schema":{"@context":"https:\/\/schema.org","@graph":[{"@type":"WebPage","@id":"https:\/\/rtt-dev.sitewise.ee\/toode\/koopiamasinad\/varvi-koopiamasinad\/epson-workforce-pro-wf-c879rdtwf\/","url":"https:\/\/rtt-dev.sitewise.ee\/toode\/koopiamasinad\/varvi-koopiamasinad\/epson-workforce-pro-wf-c879rdtwf\/","name":"Epson WorkForce Pro WF-C879RDTWF - RTT","isPartOf":{"@id":"https:\/\/rtt-dev.sitewise.ee\/#website"},"primaryImageOfPage":{"@id":"https:\/\/rtt-dev.sitewise.ee\/toode\/koopiamasinad\/varvi-koopiamasinad\/epson-workforce-pro-wf-c879rdtwf\/#primaryimage"},"image":{"@id":"https:\/\/rtt-dev.sitewise.ee\/toode\/koopiamasinad\/varvi-koopiamasinad\/epson-workforce-pro-wf-c879rdtwf\/#primaryimage"},"thumbnailUrl":"https:\/\/rtt-dev.sitewise.ee\/wp-content\/uploads\/2021\/07\/wf-c879r_productimage-30--scaled.jpg","datePublished":"2021-07-27T11:35:52+00:00","dateModified":"2025-07-07T17:51:37+00:00","description":"Epson kontorikombainid, MFP,printerid ,skannerid ja fax. Odav printimine ja energias\u00e4\u00e4stlik. Roheline m\u00f5tlemine!","breadcrumb":{"@id":"https:\/\/rtt-dev.sitewise.ee\/toode\/koopiamasinad\/varvi-koopiamasinad\/epson-workforce-pro-wf-c879rdtwf\/#breadcrumb"},"inLanguage":"en-US","potentialAction":[{"@type":"ReadAction","target":["https:\/\/rtt-dev.sitewise.ee\/toode\/koopiamasinad\/varvi-koopiamasinad\/epson-workforce-pro-wf-c879rdtwf\/"]}]},{"@type":"ImageObject","inLanguage":"en-US","@id":"https:\/\/rtt-dev.sitewise.ee\/toode\/koopiamasinad\/varvi-koopiamasinad\/epson-workforce-pro-wf-c879rdtwf\/#primaryimage","url":"https:\/\/rtt-dev.sitewise.ee\/wp-content\/uploads\/2021\/07\/wf-c879r_productimage-30--scaled.jpg","contentUrl":"https:\/\/rtt-dev.sitewise.ee\/wp-content\/uploads\/2021\/07\/wf-c879r_productimage-30--scaled.jpg","width":2304,"height":2560},{"@type":"BreadcrumbList","@id":"https:\/\/rtt-dev.sitewise.ee\/toode\/koopiamasinad\/varvi-koopiamasinad\/epson-workforce-pro-wf-c879rdtwf\/#breadcrumb","itemListElement":[{"@type":"ListItem","position":1,"name":"Home","item":"https:\/\/rtt-dev.sitewise.ee\/"},{"@type":"ListItem","position":2,"name":"Shop","item":"https:\/\/rtt-dev.sitewise.ee\/pood\/"},{"@type":"ListItem","position":3,"name":"Koopiamasinad","item":"https:\/\/rtt-dev.sitewise.ee\/tootekategooria\/koopiamasinad\/"},{"@type":"ListItem","position":4,"name":"Epson WorkForce Pro WF-C879RDTWF"}]},{"@type":"WebSite","@id":"https:\/\/rtt-dev.sitewise.ee\/#website","url":"https:\/\/rtt-dev.sitewise.ee\/","name":"RTT","description":"Kassaaparaadid ja kontorikaubad","potentialAction":[{"@type":"SearchAction","target":{"@type":"EntryPoint","urlTemplate":"https:\/\/rtt-dev.sitewise.ee\/?s={search_term_string}"},"query-input":{"@type":"PropertyValueSpecification","valueRequired":true,"valueName":"search_term_string"}}],"inLanguage":"en-US"}]}},"_links":{"self":[{"href":"https:\/\/rtt-dev.sitewise.ee\/en\/wp-json\/wp\/v2\/product\/7701","targetHints":{"allow":["GET"]}}],"collection":[{"href":"https:\/\/rtt-dev.sitewise.ee\/en\/wp-json\/wp\/v2\/product"}],"about":[{"href":"https:\/\/rtt-dev.sitewise.ee\/en\/wp-json\/wp\/v2\/types\/product"}],"wp:featuredmedia":[{"embeddable":true,"href":"https:\/\/rtt-dev.sitewise.ee\/en\/wp-json\/wp\/v2\/media\/7699"}],"wp:attachment":[{"href":"https:\/\/rtt-dev.sitewise.ee\/en\/wp-json\/wp\/v2\/media?parent=7701"}],"wp:term":[{"taxonomy":"product_brand","embeddable":true,"href":"https:\/\/rtt-dev.sitewise.ee\/en\/wp-json\/wp\/v2\/product_brand?post=7701"},{"taxonomy":"product_cat","embeddable":true,"href":"https:\/\/rtt-dev.sitewise.ee\/en\/wp-json\/wp\/v2\/product_cat?post=7701"},{"taxonomy":"product_tag","embeddable":true,"href":"https:\/\/rtt-dev.sitewise.ee\/en\/wp-json\/wp\/v2\/product_tag?post=7701"}],"curies":[{"name":"wp","href":"https:\/\/api.w.org\/{rel}","templated":true}]}}