{"id":7623,"date":"2021-07-07T14:11:33","date_gmt":"2021-07-07T11:11:33","guid":{"rendered":"https:\/\/rtt-dev.sitewise.ee\/toode\/uncategorized\/sharp-mx-b427pw\/"},"modified":"2025-07-07T20:51:38","modified_gmt":"2025-07-07T17:51:38","slug":"sharp-mx-b427pw","status":"publish","type":"product","link":"https:\/\/rtt-dev.sitewise.ee\/en\/toode\/koopiamasinad-en\/a4-printer-en\/sharp-mx-b427pw\/","title":{"rendered":"Sharp MX-B427PW"},"content":{"rendered":"<p><span style=\"font-size: 14pt;\"><strong>SHARP MX-B427W<\/strong><\/span><\/p>\n<ul>\n<li><span style=\"font-size: 14pt; font-family: georgia, palatino, serif;\">A4 mustvalge printer kiirusega kuni 40 lk \/ min<\/span><\/li>\n<li><span style=\"font-size: 14pt; font-family: georgia, palatino, serif;\">Kaherealine LCD juhtpaneel muudab seadistamise k\u00f5igile lihtsaks, n\u00e4itab olulist s\u00fcsteemiinfot<\/span><\/li>\n<li><span style=\"font-size: 14pt; font-family: georgia, palatino, serif;\">Usaldusv\u00e4\u00e4rne ja paindlik paberk\u00e4sitlus toetab kaardimaterjali, v\u00e4ikeseid pabereid ja \u00fcmbrikud p\u00f5hisalvelt v\u00f5i mitmeotstarbelisest s\u00f6\u00f6turist<\/span><\/li>\n<li><span style=\"font-size: 14pt; font-family: georgia, palatino, serif;\">Kompaktne , asetage see lihtsalt t\u00f6\u00f6lauale v\u00f5i mujale\u00a0 kus ruum on piiratud<\/span><\/li>\n<li><span style=\"font-size: 14pt; font-family: georgia, palatino, serif;\">Mitmed turvaelemendid hoiavad dokumendi teavet , seadmes ja \u00fcle v\u00f5rgu turvaliselt. T\u00e4iendatud turvafunktsioonid kaitsevad seadet r\u00fcnnakute eest<\/span><\/li>\n<li><span style=\"font-size: 14pt; font-family: georgia, palatino, serif;\">Traadita \u00fchendus v\u00f5imaldab juurdep\u00e4\u00e4su mobiiltelefonilt ja paindliku MFP paigutuse<\/span><\/li>\n<li><span style=\"font-size: 14pt; font-family: georgia, palatino, serif;\">Toetab AirPrinti, mis tuvastab automaatselt sisse l\u00fclitatud printerid samas v\u00f5rgus. Seej\u00e4rel v\u00f5imaldab see teil printida otse mobiilseadmest ilma printeridraiverit kasutamata<\/span><\/li>\n<li><span style=\"font-size: 14pt; font-family: georgia, palatino, serif;\">SRDM (Sharp Remote Device Manager)\u00a0 v\u00f5imaldab tsentraliseeritud v\u00f5rguga \u00fchendatud printerite juhtimise<\/span><\/li>\n<li><span style=\"font-size: 14pt; font-family: georgia, palatino, serif;\">Sharpi printeridraiveri seadistusaken on kasutajas\u00f5braliku kujundusega<\/span><\/li>\n<li><span style=\"font-size: 14pt; font-family: georgia, palatino, serif;\">Energiajuhtimise funktsioonid v\u00e4hendavad aktiivset energiatarbimist kasutus- v\u00f5i unere\u017eiimis<\/span><\/li>\n<\/ul>\n<p>&nbsp;<\/p>\n<p style=\"text-align: left;\">Lisainfo:<\/p>\n<p style=\"text-align: left;\">Tel: +372 6 112 256<br \/>\nGSM: +372 5 014 470<\/p>\n","protected":false},"excerpt":{"rendered":"<p>SHARP MX-B427W A4 mustvalge printer kiirusega kuni 40 lk \/ min Kaherealine LCD juhtpaneel muudab seadistamise k\u00f5igile lihtsaks, n\u00e4itab olulist s\u00fcsteemiinfot Usaldusv\u00e4\u00e4rne ja paindlik paberk\u00e4sitlus toetab kaardimaterjali, v\u00e4ikeseid pabereid ja \u00fcmbrikud p\u00f5hisalvelt v\u00f5i mitmeotstarbelisest s\u00f6\u00f6turist Kompaktne , asetage see lihtsalt t\u00f6\u00f6lauale v\u00f5i mujale\u00a0 kus ruum on piiratud Mitmed turvaelemendid hoiavad dokumendi teavet , seadmes ja [&hellip;]<\/p>\n","protected":false},"featured_media":7525,"template":"","meta":[],"product_brand":[],"product_cat":[329],"product_tag":[303],"class_list":{"0":"post-7623","1":"product","2":"type-product","3":"status-publish","4":"has-post-thumbnail","6":"product_cat-a4-printer-en","7":"product_tag-uus-en","9":"first","10":"instock","11":"taxable","12":"shipping-taxable","13":"purchasable","14":"product-type-simple"},"acf":[],"yoast_head":"<!-- This site is optimized with the Yoast SEO plugin v24.4 - https:\/\/yoast.com\/wordpress\/plugins\/seo\/ -->\n<title>Sharp MX-B427PW - RTT<\/title>\n<meta name=\"description\" content=\"Sharp koopiamasinate, printerite ja toonorite m\u00fc\u00fck. Rent ja t\u00e4ishooldusrent. Hooldame ja remondime k\u00f5iki koopiamasinaid ja laserprintereid.\" \/>\n<meta name=\"robots\" content=\"noindex, follow, max-snippet:-1, max-image-preview:large, max-video-preview:-1\" \/>\n<meta property=\"og:locale\" content=\"en_US\" \/>\n<meta property=\"og:type\" content=\"article\" \/>\n<meta property=\"og:title\" content=\"Sharp MX-B427PW - RTT\" \/>\n<meta property=\"og:description\" content=\"Sharp koopiamasinate, printerite ja toonorite m\u00fc\u00fck. Rent ja t\u00e4ishooldusrent. Hooldame ja remondime k\u00f5iki koopiamasinaid ja laserprintereid.\" \/>\n<meta property=\"og:url\" content=\"https:\/\/rtt-dev.sitewise.ee\/toode\/printerid\/a4-printer\/sharp-mx-b427pw\/\" \/>\n<meta property=\"og:site_name\" content=\"RTT\" \/>\n<meta property=\"article:modified_time\" content=\"2025-07-07T17:51:38+00:00\" \/>\n<meta property=\"og:image\" content=\"https:\/\/rtt-dev.sitewise.ee\/wp-content\/uploads\/2021\/07\/img-p-mx-b427pw-front-380.jpg\" \/>\n\t<meta property=\"og:image:width\" content=\"720\" \/>\n\t<meta property=\"og:image:height\" content=\"380\" \/>\n\t<meta property=\"og:image:type\" content=\"image\/jpeg\" \/>\n<meta name=\"twitter:card\" content=\"summary_large_image\" \/>\n<meta name=\"twitter:label1\" content=\"Est. reading time\" \/>\n\t<meta name=\"twitter:data1\" content=\"1 minute\" \/>\n<script type=\"application\/ld+json\" class=\"yoast-schema-graph\">{\"@context\":\"https:\/\/schema.org\",\"@graph\":[{\"@type\":\"WebPage\",\"@id\":\"https:\/\/rtt-dev.sitewise.ee\/toode\/printerid\/a4-printer\/sharp-mx-b427pw\/\",\"url\":\"https:\/\/rtt-dev.sitewise.ee\/toode\/printerid\/a4-printer\/sharp-mx-b427pw\/\",\"name\":\"Sharp MX-B427PW - RTT\",\"isPartOf\":{\"@id\":\"https:\/\/rtt-dev.sitewise.ee\/#website\"},\"primaryImageOfPage\":{\"@id\":\"https:\/\/rtt-dev.sitewise.ee\/toode\/printerid\/a4-printer\/sharp-mx-b427pw\/#primaryimage\"},\"image\":{\"@id\":\"https:\/\/rtt-dev.sitewise.ee\/toode\/printerid\/a4-printer\/sharp-mx-b427pw\/#primaryimage\"},\"thumbnailUrl\":\"https:\/\/rtt-dev.sitewise.ee\/wp-content\/uploads\/2021\/07\/img-p-mx-b427pw-front-380.jpg\",\"datePublished\":\"2021-07-07T11:11:33+00:00\",\"dateModified\":\"2025-07-07T17:51:38+00:00\",\"description\":\"Sharp koopiamasinate, printerite ja toonorite m\u00fc\u00fck. Rent ja t\u00e4ishooldusrent. Hooldame ja remondime k\u00f5iki koopiamasinaid ja laserprintereid.\",\"breadcrumb\":{\"@id\":\"https:\/\/rtt-dev.sitewise.ee\/toode\/printerid\/a4-printer\/sharp-mx-b427pw\/#breadcrumb\"},\"inLanguage\":\"en-US\",\"potentialAction\":[{\"@type\":\"ReadAction\",\"target\":[\"https:\/\/rtt-dev.sitewise.ee\/toode\/printerid\/a4-printer\/sharp-mx-b427pw\/\"]}]},{\"@type\":\"ImageObject\",\"inLanguage\":\"en-US\",\"@id\":\"https:\/\/rtt-dev.sitewise.ee\/toode\/printerid\/a4-printer\/sharp-mx-b427pw\/#primaryimage\",\"url\":\"https:\/\/rtt-dev.sitewise.ee\/wp-content\/uploads\/2021\/07\/img-p-mx-b427pw-front-380.jpg\",\"contentUrl\":\"https:\/\/rtt-dev.sitewise.ee\/wp-content\/uploads\/2021\/07\/img-p-mx-b427pw-front-380.jpg\",\"width\":720,\"height\":380},{\"@type\":\"BreadcrumbList\",\"@id\":\"https:\/\/rtt-dev.sitewise.ee\/toode\/printerid\/a4-printer\/sharp-mx-b427pw\/#breadcrumb\",\"itemListElement\":[{\"@type\":\"ListItem\",\"position\":1,\"name\":\"Home\",\"item\":\"https:\/\/rtt-dev.sitewise.ee\/\"},{\"@type\":\"ListItem\",\"position\":2,\"name\":\"Shop\",\"item\":\"https:\/\/rtt-dev.sitewise.ee\/pood\/\"},{\"@type\":\"ListItem\",\"position\":3,\"name\":\"Printerid\",\"item\":\"https:\/\/rtt-dev.sitewise.ee\/tootekategooria\/printerid\/\"},{\"@type\":\"ListItem\",\"position\":4,\"name\":\"A4 Printer\",\"item\":\"https:\/\/rtt-dev.sitewise.ee\/tootekategooria\/printerid\/a4-printer\/\"},{\"@type\":\"ListItem\",\"position\":5,\"name\":\"Sharp MX-B427PW\"}]},{\"@type\":\"WebSite\",\"@id\":\"https:\/\/rtt-dev.sitewise.ee\/#website\",\"url\":\"https:\/\/rtt-dev.sitewise.ee\/\",\"name\":\"RTT\",\"description\":\"Kassaaparaadid ja kontorikaubad\",\"potentialAction\":[{\"@type\":\"SearchAction\",\"target\":{\"@type\":\"EntryPoint\",\"urlTemplate\":\"https:\/\/rtt-dev.sitewise.ee\/?s={search_term_string}\"},\"query-input\":{\"@type\":\"PropertyValueSpecification\",\"valueRequired\":true,\"valueName\":\"search_term_string\"}}],\"inLanguage\":\"en-US\"}]}<\/script>\n<!-- \/ Yoast SEO plugin. -->","yoast_head_json":{"title":"Sharp MX-B427PW - RTT","description":"Sharp koopiamasinate, printerite ja toonorite m\u00fc\u00fck. Rent ja t\u00e4ishooldusrent. Hooldame ja remondime k\u00f5iki koopiamasinaid ja laserprintereid.","robots":{"index":"noindex","follow":"follow","max-snippet":"max-snippet:-1","max-image-preview":"max-image-preview:large","max-video-preview":"max-video-preview:-1"},"og_locale":"en_US","og_type":"article","og_title":"Sharp MX-B427PW - RTT","og_description":"Sharp koopiamasinate, printerite ja toonorite m\u00fc\u00fck. Rent ja t\u00e4ishooldusrent. Hooldame ja remondime k\u00f5iki koopiamasinaid ja laserprintereid.","og_url":"https:\/\/rtt-dev.sitewise.ee\/toode\/printerid\/a4-printer\/sharp-mx-b427pw\/","og_site_name":"RTT","article_modified_time":"2025-07-07T17:51:38+00:00","og_image":[{"width":720,"height":380,"url":"https:\/\/rtt-dev.sitewise.ee\/wp-content\/uploads\/2021\/07\/img-p-mx-b427pw-front-380.jpg","type":"image\/jpeg"}],"twitter_card":"summary_large_image","twitter_misc":{"Est. reading time":"1 minute"},"schema":{"@context":"https:\/\/schema.org","@graph":[{"@type":"WebPage","@id":"https:\/\/rtt-dev.sitewise.ee\/toode\/printerid\/a4-printer\/sharp-mx-b427pw\/","url":"https:\/\/rtt-dev.sitewise.ee\/toode\/printerid\/a4-printer\/sharp-mx-b427pw\/","name":"Sharp MX-B427PW - RTT","isPartOf":{"@id":"https:\/\/rtt-dev.sitewise.ee\/#website"},"primaryImageOfPage":{"@id":"https:\/\/rtt-dev.sitewise.ee\/toode\/printerid\/a4-printer\/sharp-mx-b427pw\/#primaryimage"},"image":{"@id":"https:\/\/rtt-dev.sitewise.ee\/toode\/printerid\/a4-printer\/sharp-mx-b427pw\/#primaryimage"},"thumbnailUrl":"https:\/\/rtt-dev.sitewise.ee\/wp-content\/uploads\/2021\/07\/img-p-mx-b427pw-front-380.jpg","datePublished":"2021-07-07T11:11:33+00:00","dateModified":"2025-07-07T17:51:38+00:00","description":"Sharp koopiamasinate, printerite ja toonorite m\u00fc\u00fck. Rent ja t\u00e4ishooldusrent. Hooldame ja remondime k\u00f5iki koopiamasinaid ja laserprintereid.","breadcrumb":{"@id":"https:\/\/rtt-dev.sitewise.ee\/toode\/printerid\/a4-printer\/sharp-mx-b427pw\/#breadcrumb"},"inLanguage":"en-US","potentialAction":[{"@type":"ReadAction","target":["https:\/\/rtt-dev.sitewise.ee\/toode\/printerid\/a4-printer\/sharp-mx-b427pw\/"]}]},{"@type":"ImageObject","inLanguage":"en-US","@id":"https:\/\/rtt-dev.sitewise.ee\/toode\/printerid\/a4-printer\/sharp-mx-b427pw\/#primaryimage","url":"https:\/\/rtt-dev.sitewise.ee\/wp-content\/uploads\/2021\/07\/img-p-mx-b427pw-front-380.jpg","contentUrl":"https:\/\/rtt-dev.sitewise.ee\/wp-content\/uploads\/2021\/07\/img-p-mx-b427pw-front-380.jpg","width":720,"height":380},{"@type":"BreadcrumbList","@id":"https:\/\/rtt-dev.sitewise.ee\/toode\/printerid\/a4-printer\/sharp-mx-b427pw\/#breadcrumb","itemListElement":[{"@type":"ListItem","position":1,"name":"Home","item":"https:\/\/rtt-dev.sitewise.ee\/"},{"@type":"ListItem","position":2,"name":"Shop","item":"https:\/\/rtt-dev.sitewise.ee\/pood\/"},{"@type":"ListItem","position":3,"name":"Printerid","item":"https:\/\/rtt-dev.sitewise.ee\/tootekategooria\/printerid\/"},{"@type":"ListItem","position":4,"name":"A4 Printer","item":"https:\/\/rtt-dev.sitewise.ee\/tootekategooria\/printerid\/a4-printer\/"},{"@type":"ListItem","position":5,"name":"Sharp MX-B427PW"}]},{"@type":"WebSite","@id":"https:\/\/rtt-dev.sitewise.ee\/#website","url":"https:\/\/rtt-dev.sitewise.ee\/","name":"RTT","description":"Kassaaparaadid ja kontorikaubad","potentialAction":[{"@type":"SearchAction","target":{"@type":"EntryPoint","urlTemplate":"https:\/\/rtt-dev.sitewise.ee\/?s={search_term_string}"},"query-input":{"@type":"PropertyValueSpecification","valueRequired":true,"valueName":"search_term_string"}}],"inLanguage":"en-US"}]}},"_links":{"self":[{"href":"https:\/\/rtt-dev.sitewise.ee\/en\/wp-json\/wp\/v2\/product\/7623","targetHints":{"allow":["GET"]}}],"collection":[{"href":"https:\/\/rtt-dev.sitewise.ee\/en\/wp-json\/wp\/v2\/product"}],"about":[{"href":"https:\/\/rtt-dev.sitewise.ee\/en\/wp-json\/wp\/v2\/types\/product"}],"wp:featuredmedia":[{"embeddable":true,"href":"https:\/\/rtt-dev.sitewise.ee\/en\/wp-json\/wp\/v2\/media\/7525"}],"wp:attachment":[{"href":"https:\/\/rtt-dev.sitewise.ee\/en\/wp-json\/wp\/v2\/media?parent=7623"}],"wp:term":[{"taxonomy":"product_brand","embeddable":true,"href":"https:\/\/rtt-dev.sitewise.ee\/en\/wp-json\/wp\/v2\/product_brand?post=7623"},{"taxonomy":"product_cat","embeddable":true,"href":"https:\/\/rtt-dev.sitewise.ee\/en\/wp-json\/wp\/v2\/product_cat?post=7623"},{"taxonomy":"product_tag","embeddable":true,"href":"https:\/\/rtt-dev.sitewise.ee\/en\/wp-json\/wp\/v2\/product_tag?post=7623"}],"curies":[{"name":"wp","href":"https:\/\/api.w.org\/{rel}","templated":true}]}}