{"id":5350,"date":"2019-04-23T10:18:49","date_gmt":"2019-04-23T07:18:49","guid":{"rendered":"https:\/\/rtt-dev.sitewise.ee\/toode\/maaratlemata\/dibal-d900-iseteeninduskaal\/"},"modified":"2025-07-07T20:58:22","modified_gmt":"2025-07-07T17:58:22","slug":"dibal-d900-iseteeninduskaal","status":"publish","type":"product","link":"https:\/\/rtt-dev.sitewise.ee\/en\/toode\/kaalud-en\/dibal-d900-iseteeninduskaal\/","title":{"rendered":"Dibal D900 self-service scale"},"content":{"rendered":"<p>The Dibal D-900 Series self-service scales are the only electronic scales (no PC) on the market with touch screen. These retail scales offer excellent features and are easy to use and intuitive, helping in the management of your business; furthermore, they can be connected to other scales, or to a PC for sending and receiving data and updates.<\/p>\n<p>The colour screen, which can show up to 999 direct article keys on consecutive screens, offers a high level of personalization.<\/p>\n","protected":false},"excerpt":{"rendered":"<p>The Dibal D-900 Series self-service scales are the only electronic scales (no PC) on the market with touch screen. These retail scales offer excellent features and are easy to use and intuitive, helping in the management of your business; furthermore, they can be connected to other scales, or to a PC for sending and receiving [&hellip;]<\/p>\n","protected":false},"featured_media":5344,"template":"","meta":[],"product_brand":[],"product_cat":[146],"product_tag":[],"class_list":{"0":"post-5350","1":"product","2":"type-product","3":"status-publish","4":"has-post-thumbnail","6":"product_cat-kaalud-en","7":"product_brands-dibal-en","9":"first","10":"instock","11":"taxable","12":"shipping-taxable","13":"purchasable","14":"product-type-simple"},"acf":[],"yoast_head":"<!-- This site is optimized with the Yoast SEO plugin v24.4 - https:\/\/yoast.com\/wordpress\/plugins\/seo\/ -->\n<title>Dibal D900 self-service scale - RTT<\/title>\n<meta name=\"description\" content=\"Kaasaegne ja h\u00f5lpsasti kasutatav suure j\u00f5udlusega jaem\u00fc\u00fcgikaal.\" \/>\n<meta name=\"robots\" content=\"noindex, follow, max-snippet:-1, max-image-preview:large, max-video-preview:-1\" \/>\n<meta property=\"og:locale\" content=\"en_US\" \/>\n<meta property=\"og:type\" content=\"article\" \/>\n<meta property=\"og:title\" content=\"Dibal D900 self-service scale - RTT\" \/>\n<meta property=\"og:description\" content=\"Kaasaegne ja h\u00f5lpsasti kasutatav suure j\u00f5udlusega jaem\u00fc\u00fcgikaal.\" \/>\n<meta property=\"og:url\" content=\"https:\/\/rtt-dev.sitewise.ee\/toode\/kaalud\/dibal-d900-iseteeninduskaal\/\" \/>\n<meta property=\"og:site_name\" content=\"RTT\" \/>\n<meta property=\"article:modified_time\" content=\"2025-07-07T17:58:22+00:00\" \/>\n<meta property=\"og:image\" content=\"https:\/\/rtt-dev.sitewise.ee\/wp-content\/uploads\/2019\/04\/D-900_AU-DC_12_FRONT.png\" \/>\n\t<meta property=\"og:image:width\" content=\"650\" \/>\n\t<meta property=\"og:image:height\" content=\"650\" \/>\n\t<meta property=\"og:image:type\" content=\"image\/png\" \/>\n<meta name=\"twitter:card\" content=\"summary_large_image\" \/>\n<script type=\"application\/ld+json\" class=\"yoast-schema-graph\">{\"@context\":\"https:\/\/schema.org\",\"@graph\":[{\"@type\":\"WebPage\",\"@id\":\"https:\/\/rtt-dev.sitewise.ee\/toode\/kaalud\/dibal-d900-iseteeninduskaal\/\",\"url\":\"https:\/\/rtt-dev.sitewise.ee\/toode\/kaalud\/dibal-d900-iseteeninduskaal\/\",\"name\":\"Dibal D900 self-service scale - RTT\",\"isPartOf\":{\"@id\":\"https:\/\/rtt-dev.sitewise.ee\/#website\"},\"primaryImageOfPage\":{\"@id\":\"https:\/\/rtt-dev.sitewise.ee\/toode\/kaalud\/dibal-d900-iseteeninduskaal\/#primaryimage\"},\"image\":{\"@id\":\"https:\/\/rtt-dev.sitewise.ee\/toode\/kaalud\/dibal-d900-iseteeninduskaal\/#primaryimage\"},\"thumbnailUrl\":\"https:\/\/rtt-dev.sitewise.ee\/wp-content\/uploads\/2019\/04\/D-900_AU-DC_12_FRONT.png\",\"datePublished\":\"2019-04-23T07:18:49+00:00\",\"dateModified\":\"2025-07-07T17:58:22+00:00\",\"description\":\"Kaasaegne ja h\u00f5lpsasti kasutatav suure j\u00f5udlusega jaem\u00fc\u00fcgikaal.\",\"breadcrumb\":{\"@id\":\"https:\/\/rtt-dev.sitewise.ee\/toode\/kaalud\/dibal-d900-iseteeninduskaal\/#breadcrumb\"},\"inLanguage\":\"en-US\",\"potentialAction\":[{\"@type\":\"ReadAction\",\"target\":[\"https:\/\/rtt-dev.sitewise.ee\/toode\/kaalud\/dibal-d900-iseteeninduskaal\/\"]}]},{\"@type\":\"ImageObject\",\"inLanguage\":\"en-US\",\"@id\":\"https:\/\/rtt-dev.sitewise.ee\/toode\/kaalud\/dibal-d900-iseteeninduskaal\/#primaryimage\",\"url\":\"https:\/\/rtt-dev.sitewise.ee\/wp-content\/uploads\/2019\/04\/D-900_AU-DC_12_FRONT.png\",\"contentUrl\":\"https:\/\/rtt-dev.sitewise.ee\/wp-content\/uploads\/2019\/04\/D-900_AU-DC_12_FRONT.png\",\"width\":650,\"height\":650},{\"@type\":\"BreadcrumbList\",\"@id\":\"https:\/\/rtt-dev.sitewise.ee\/toode\/kaalud\/dibal-d900-iseteeninduskaal\/#breadcrumb\",\"itemListElement\":[{\"@type\":\"ListItem\",\"position\":1,\"name\":\"Home\",\"item\":\"https:\/\/rtt-dev.sitewise.ee\/\"},{\"@type\":\"ListItem\",\"position\":2,\"name\":\"Shop\",\"item\":\"https:\/\/rtt-dev.sitewise.ee\/pood\/\"},{\"@type\":\"ListItem\",\"position\":3,\"name\":\"Kaalud\",\"item\":\"https:\/\/rtt-dev.sitewise.ee\/tootekategooria\/kaalud\/\"},{\"@type\":\"ListItem\",\"position\":4,\"name\":\"Dibal D900 self-service scale\"}]},{\"@type\":\"WebSite\",\"@id\":\"https:\/\/rtt-dev.sitewise.ee\/#website\",\"url\":\"https:\/\/rtt-dev.sitewise.ee\/\",\"name\":\"RTT\",\"description\":\"Kassaaparaadid ja kontorikaubad\",\"potentialAction\":[{\"@type\":\"SearchAction\",\"target\":{\"@type\":\"EntryPoint\",\"urlTemplate\":\"https:\/\/rtt-dev.sitewise.ee\/?s={search_term_string}\"},\"query-input\":{\"@type\":\"PropertyValueSpecification\",\"valueRequired\":true,\"valueName\":\"search_term_string\"}}],\"inLanguage\":\"en-US\"}]}<\/script>\n<!-- \/ Yoast SEO plugin. -->","yoast_head_json":{"title":"Dibal D900 self-service scale - RTT","description":"Kaasaegne ja h\u00f5lpsasti kasutatav suure j\u00f5udlusega jaem\u00fc\u00fcgikaal.","robots":{"index":"noindex","follow":"follow","max-snippet":"max-snippet:-1","max-image-preview":"max-image-preview:large","max-video-preview":"max-video-preview:-1"},"og_locale":"en_US","og_type":"article","og_title":"Dibal D900 self-service scale - RTT","og_description":"Kaasaegne ja h\u00f5lpsasti kasutatav suure j\u00f5udlusega jaem\u00fc\u00fcgikaal.","og_url":"https:\/\/rtt-dev.sitewise.ee\/toode\/kaalud\/dibal-d900-iseteeninduskaal\/","og_site_name":"RTT","article_modified_time":"2025-07-07T17:58:22+00:00","og_image":[{"width":650,"height":650,"url":"https:\/\/rtt-dev.sitewise.ee\/wp-content\/uploads\/2019\/04\/D-900_AU-DC_12_FRONT.png","type":"image\/png"}],"twitter_card":"summary_large_image","schema":{"@context":"https:\/\/schema.org","@graph":[{"@type":"WebPage","@id":"https:\/\/rtt-dev.sitewise.ee\/toode\/kaalud\/dibal-d900-iseteeninduskaal\/","url":"https:\/\/rtt-dev.sitewise.ee\/toode\/kaalud\/dibal-d900-iseteeninduskaal\/","name":"Dibal D900 self-service scale - RTT","isPartOf":{"@id":"https:\/\/rtt-dev.sitewise.ee\/#website"},"primaryImageOfPage":{"@id":"https:\/\/rtt-dev.sitewise.ee\/toode\/kaalud\/dibal-d900-iseteeninduskaal\/#primaryimage"},"image":{"@id":"https:\/\/rtt-dev.sitewise.ee\/toode\/kaalud\/dibal-d900-iseteeninduskaal\/#primaryimage"},"thumbnailUrl":"https:\/\/rtt-dev.sitewise.ee\/wp-content\/uploads\/2019\/04\/D-900_AU-DC_12_FRONT.png","datePublished":"2019-04-23T07:18:49+00:00","dateModified":"2025-07-07T17:58:22+00:00","description":"Kaasaegne ja h\u00f5lpsasti kasutatav suure j\u00f5udlusega jaem\u00fc\u00fcgikaal.","breadcrumb":{"@id":"https:\/\/rtt-dev.sitewise.ee\/toode\/kaalud\/dibal-d900-iseteeninduskaal\/#breadcrumb"},"inLanguage":"en-US","potentialAction":[{"@type":"ReadAction","target":["https:\/\/rtt-dev.sitewise.ee\/toode\/kaalud\/dibal-d900-iseteeninduskaal\/"]}]},{"@type":"ImageObject","inLanguage":"en-US","@id":"https:\/\/rtt-dev.sitewise.ee\/toode\/kaalud\/dibal-d900-iseteeninduskaal\/#primaryimage","url":"https:\/\/rtt-dev.sitewise.ee\/wp-content\/uploads\/2019\/04\/D-900_AU-DC_12_FRONT.png","contentUrl":"https:\/\/rtt-dev.sitewise.ee\/wp-content\/uploads\/2019\/04\/D-900_AU-DC_12_FRONT.png","width":650,"height":650},{"@type":"BreadcrumbList","@id":"https:\/\/rtt-dev.sitewise.ee\/toode\/kaalud\/dibal-d900-iseteeninduskaal\/#breadcrumb","itemListElement":[{"@type":"ListItem","position":1,"name":"Home","item":"https:\/\/rtt-dev.sitewise.ee\/"},{"@type":"ListItem","position":2,"name":"Shop","item":"https:\/\/rtt-dev.sitewise.ee\/pood\/"},{"@type":"ListItem","position":3,"name":"Kaalud","item":"https:\/\/rtt-dev.sitewise.ee\/tootekategooria\/kaalud\/"},{"@type":"ListItem","position":4,"name":"Dibal D900 self-service scale"}]},{"@type":"WebSite","@id":"https:\/\/rtt-dev.sitewise.ee\/#website","url":"https:\/\/rtt-dev.sitewise.ee\/","name":"RTT","description":"Kassaaparaadid ja kontorikaubad","potentialAction":[{"@type":"SearchAction","target":{"@type":"EntryPoint","urlTemplate":"https:\/\/rtt-dev.sitewise.ee\/?s={search_term_string}"},"query-input":{"@type":"PropertyValueSpecification","valueRequired":true,"valueName":"search_term_string"}}],"inLanguage":"en-US"}]}},"_links":{"self":[{"href":"https:\/\/rtt-dev.sitewise.ee\/en\/wp-json\/wp\/v2\/product\/5350","targetHints":{"allow":["GET"]}}],"collection":[{"href":"https:\/\/rtt-dev.sitewise.ee\/en\/wp-json\/wp\/v2\/product"}],"about":[{"href":"https:\/\/rtt-dev.sitewise.ee\/en\/wp-json\/wp\/v2\/types\/product"}],"wp:featuredmedia":[{"embeddable":true,"href":"https:\/\/rtt-dev.sitewise.ee\/en\/wp-json\/wp\/v2\/media\/5344"}],"wp:attachment":[{"href":"https:\/\/rtt-dev.sitewise.ee\/en\/wp-json\/wp\/v2\/media?parent=5350"}],"wp:term":[{"taxonomy":"product_brand","embeddable":true,"href":"https:\/\/rtt-dev.sitewise.ee\/en\/wp-json\/wp\/v2\/product_brand?post=5350"},{"taxonomy":"product_cat","embeddable":true,"href":"https:\/\/rtt-dev.sitewise.ee\/en\/wp-json\/wp\/v2\/product_cat?post=5350"},{"taxonomy":"product_tag","embeddable":true,"href":"https:\/\/rtt-dev.sitewise.ee\/en\/wp-json\/wp\/v2\/product_tag?post=5350"}],"curies":[{"name":"wp","href":"https:\/\/api.w.org\/{rel}","templated":true}]}}