{"id":2913,"date":"2018-10-16T00:36:58","date_gmt":"2018-10-15T21:36:58","guid":{"rendered":"https:\/\/rtt-dev.sitewise.ee\/toode\/maaratlemata\/casio-v-r200-android-pos\/"},"modified":"2025-07-07T21:08:25","modified_gmt":"2025-07-07T18:08:25","slug":"casio-v-r200-android-pos","status":"publish","type":"product","link":"https:\/\/rtt-dev.sitewise.ee\/en\/toode\/kassatehnika-en\/puutetundlikud-kassaaparaadid-en\/casio-v-r200-android-pos\/","title":{"rendered":"Casio V-R200 Android POS"},"content":{"rendered":"<p>Maailma esimene POS-kassaterminal, mis t\u00f6\u00f6tab Android operatsioonis\u00fcsteemil. Sisaldab endas Printerit, kliendin\u00e4idikut,arvutit ja Tarkvara !<\/p>\n<p>P.S. Antud lahendus on kuumaksuvaba ning sisaldab endas kassatarkvara. S\u00e4\u00e4sta kassas\u00fcsteemi kuludelt iga kuu !<\/p>\n<p><iframe loading=\"lazy\" src=\"https:\/\/www.youtube.com\/embed\/vKpozRUYldw\" width=\"560\" height=\"315\" frameborder=\"0\"><\/iframe><\/p>\n<p>Lisainfo telefonil\u00a0+372 5087866\u00a0v\u00f5i\u00a0<a href=\"mailto:info@rtt.ee\">info@rtt.ee<\/a><\/p>\n","protected":false},"excerpt":{"rendered":"<p>Maailma esimene POS-kassaterminal, mis t\u00f6\u00f6tab Android operatsioonis\u00fcsteemil. Sisaldab endas Printerit, kliendin\u00e4idikut,arvutit ja Tarkvara ! P.S. Antud lahendus on kuumaksuvaba ning sisaldab endas kassatarkvara. S\u00e4\u00e4sta kassas\u00fcsteemi kuludelt iga kuu ! Lisainfo telefonil\u00a0+372 5087866\u00a0v\u00f5i\u00a0info@rtt.ee<\/p>\n","protected":false},"featured_media":2914,"template":"","meta":[],"product_brand":[],"product_cat":[123],"product_tag":[],"class_list":{"0":"post-2913","1":"product","2":"type-product","3":"status-publish","4":"has-post-thumbnail","6":"product_cat-puutetundlikud-kassaaparaadid-en","7":"product_brands-casio-en","9":"first","10":"outofstock","11":"taxable","12":"shipping-taxable","13":"purchasable","14":"product-type-simple"},"acf":[],"yoast_head":"<!-- This site is optimized with the Yoast SEO plugin v24.4 - https:\/\/yoast.com\/wordpress\/plugins\/seo\/ -->\n<title>Casio V-R200 Android POS - RTT<\/title>\n<meta name=\"robots\" content=\"noindex, follow, max-snippet:-1, max-image-preview:large, max-video-preview:-1\" \/>\n<meta property=\"og:locale\" content=\"en_US\" \/>\n<meta property=\"og:type\" content=\"article\" \/>\n<meta property=\"og:title\" content=\"Casio V-R200 Android POS - RTT\" \/>\n<meta property=\"og:description\" content=\"Maailma esimene POS-kassaterminal, mis t\u00f6\u00f6tab Android operatsioonis\u00fcsteemil. Sisaldab endas Printerit, kliendin\u00e4idikut,arvutit ja Tarkvara ! P.S. Antud lahendus on kuumaksuvaba ning sisaldab endas kassatarkvara. S\u00e4\u00e4sta kassas\u00fcsteemi kuludelt iga kuu ! Lisainfo telefonil\u00a0+372 5087866\u00a0v\u00f5i\u00a0info@rtt.ee\" \/>\n<meta property=\"og:url\" content=\"https:\/\/rtt-dev.sitewise.ee\/toode\/kassatehnika\/puutetundlikud-kassaaparaadid\/casio-v-r200-android-pos\/\" \/>\n<meta property=\"og:site_name\" content=\"RTT\" \/>\n<meta property=\"article:modified_time\" content=\"2025-07-07T18:08:25+00:00\" \/>\n<meta property=\"og:image\" content=\"https:\/\/rtt-dev.sitewise.ee\/wp-content\/uploads\/2018\/10\/118_1_s.jpg\" \/>\n\t<meta property=\"og:image:width\" content=\"600\" \/>\n\t<meta property=\"og:image:height\" content=\"374\" \/>\n\t<meta property=\"og:image:type\" content=\"image\/jpeg\" \/>\n<meta name=\"twitter:card\" content=\"summary_large_image\" \/>\n<script type=\"application\/ld+json\" class=\"yoast-schema-graph\">{\"@context\":\"https:\/\/schema.org\",\"@graph\":[{\"@type\":\"WebPage\",\"@id\":\"https:\/\/rtt-dev.sitewise.ee\/toode\/kassatehnika\/puutetundlikud-kassaaparaadid\/casio-v-r200-android-pos\/\",\"url\":\"https:\/\/rtt-dev.sitewise.ee\/toode\/kassatehnika\/puutetundlikud-kassaaparaadid\/casio-v-r200-android-pos\/\",\"name\":\"Casio V-R200 Android POS - RTT\",\"isPartOf\":{\"@id\":\"https:\/\/rtt-dev.sitewise.ee\/#website\"},\"primaryImageOfPage\":{\"@id\":\"https:\/\/rtt-dev.sitewise.ee\/toode\/kassatehnika\/puutetundlikud-kassaaparaadid\/casio-v-r200-android-pos\/#primaryimage\"},\"image\":{\"@id\":\"https:\/\/rtt-dev.sitewise.ee\/toode\/kassatehnika\/puutetundlikud-kassaaparaadid\/casio-v-r200-android-pos\/#primaryimage\"},\"thumbnailUrl\":\"https:\/\/rtt-dev.sitewise.ee\/wp-content\/uploads\/2018\/10\/118_1_s.jpg\",\"datePublished\":\"2018-10-15T21:36:58+00:00\",\"dateModified\":\"2025-07-07T18:08:25+00:00\",\"breadcrumb\":{\"@id\":\"https:\/\/rtt-dev.sitewise.ee\/toode\/kassatehnika\/puutetundlikud-kassaaparaadid\/casio-v-r200-android-pos\/#breadcrumb\"},\"inLanguage\":\"en-US\",\"potentialAction\":[{\"@type\":\"ReadAction\",\"target\":[\"https:\/\/rtt-dev.sitewise.ee\/toode\/kassatehnika\/puutetundlikud-kassaaparaadid\/casio-v-r200-android-pos\/\"]}]},{\"@type\":\"ImageObject\",\"inLanguage\":\"en-US\",\"@id\":\"https:\/\/rtt-dev.sitewise.ee\/toode\/kassatehnika\/puutetundlikud-kassaaparaadid\/casio-v-r200-android-pos\/#primaryimage\",\"url\":\"https:\/\/rtt-dev.sitewise.ee\/wp-content\/uploads\/2018\/10\/118_1_s.jpg\",\"contentUrl\":\"https:\/\/rtt-dev.sitewise.ee\/wp-content\/uploads\/2018\/10\/118_1_s.jpg\",\"width\":600,\"height\":374},{\"@type\":\"BreadcrumbList\",\"@id\":\"https:\/\/rtt-dev.sitewise.ee\/toode\/kassatehnika\/puutetundlikud-kassaaparaadid\/casio-v-r200-android-pos\/#breadcrumb\",\"itemListElement\":[{\"@type\":\"ListItem\",\"position\":1,\"name\":\"Home\",\"item\":\"https:\/\/rtt-dev.sitewise.ee\/\"},{\"@type\":\"ListItem\",\"position\":2,\"name\":\"Shop\",\"item\":\"https:\/\/rtt-dev.sitewise.ee\/pood\/\"},{\"@type\":\"ListItem\",\"position\":3,\"name\":\"Cash register technology\",\"item\":\"https:\/\/rtt-dev.sitewise.ee\/en\/tootekategooria\/kassatehnika-en\/\"},{\"@type\":\"ListItem\",\"position\":4,\"name\":\"Puutetundlikud kassaaparaadid\",\"item\":\"https:\/\/rtt-dev.sitewise.ee\/tootekategooria\/kassatehnika\/puutetundlikud-kassaaparaadid\/\"},{\"@type\":\"ListItem\",\"position\":5,\"name\":\"Casio V-R200 Android POS\"}]},{\"@type\":\"WebSite\",\"@id\":\"https:\/\/rtt-dev.sitewise.ee\/#website\",\"url\":\"https:\/\/rtt-dev.sitewise.ee\/\",\"name\":\"RTT\",\"description\":\"Kassaaparaadid ja kontorikaubad\",\"potentialAction\":[{\"@type\":\"SearchAction\",\"target\":{\"@type\":\"EntryPoint\",\"urlTemplate\":\"https:\/\/rtt-dev.sitewise.ee\/?s={search_term_string}\"},\"query-input\":{\"@type\":\"PropertyValueSpecification\",\"valueRequired\":true,\"valueName\":\"search_term_string\"}}],\"inLanguage\":\"en-US\"}]}<\/script>\n<!-- \/ Yoast SEO plugin. -->","yoast_head_json":{"title":"Casio V-R200 Android POS - RTT","robots":{"index":"noindex","follow":"follow","max-snippet":"max-snippet:-1","max-image-preview":"max-image-preview:large","max-video-preview":"max-video-preview:-1"},"og_locale":"en_US","og_type":"article","og_title":"Casio V-R200 Android POS - RTT","og_description":"Maailma esimene POS-kassaterminal, mis t\u00f6\u00f6tab Android operatsioonis\u00fcsteemil. Sisaldab endas Printerit, kliendin\u00e4idikut,arvutit ja Tarkvara ! P.S. Antud lahendus on kuumaksuvaba ning sisaldab endas kassatarkvara. S\u00e4\u00e4sta kassas\u00fcsteemi kuludelt iga kuu ! Lisainfo telefonil\u00a0+372 5087866\u00a0v\u00f5i\u00a0info@rtt.ee","og_url":"https:\/\/rtt-dev.sitewise.ee\/toode\/kassatehnika\/puutetundlikud-kassaaparaadid\/casio-v-r200-android-pos\/","og_site_name":"RTT","article_modified_time":"2025-07-07T18:08:25+00:00","og_image":[{"width":600,"height":374,"url":"https:\/\/rtt-dev.sitewise.ee\/wp-content\/uploads\/2018\/10\/118_1_s.jpg","type":"image\/jpeg"}],"twitter_card":"summary_large_image","schema":{"@context":"https:\/\/schema.org","@graph":[{"@type":"WebPage","@id":"https:\/\/rtt-dev.sitewise.ee\/toode\/kassatehnika\/puutetundlikud-kassaaparaadid\/casio-v-r200-android-pos\/","url":"https:\/\/rtt-dev.sitewise.ee\/toode\/kassatehnika\/puutetundlikud-kassaaparaadid\/casio-v-r200-android-pos\/","name":"Casio V-R200 Android POS - RTT","isPartOf":{"@id":"https:\/\/rtt-dev.sitewise.ee\/#website"},"primaryImageOfPage":{"@id":"https:\/\/rtt-dev.sitewise.ee\/toode\/kassatehnika\/puutetundlikud-kassaaparaadid\/casio-v-r200-android-pos\/#primaryimage"},"image":{"@id":"https:\/\/rtt-dev.sitewise.ee\/toode\/kassatehnika\/puutetundlikud-kassaaparaadid\/casio-v-r200-android-pos\/#primaryimage"},"thumbnailUrl":"https:\/\/rtt-dev.sitewise.ee\/wp-content\/uploads\/2018\/10\/118_1_s.jpg","datePublished":"2018-10-15T21:36:58+00:00","dateModified":"2025-07-07T18:08:25+00:00","breadcrumb":{"@id":"https:\/\/rtt-dev.sitewise.ee\/toode\/kassatehnika\/puutetundlikud-kassaaparaadid\/casio-v-r200-android-pos\/#breadcrumb"},"inLanguage":"en-US","potentialAction":[{"@type":"ReadAction","target":["https:\/\/rtt-dev.sitewise.ee\/toode\/kassatehnika\/puutetundlikud-kassaaparaadid\/casio-v-r200-android-pos\/"]}]},{"@type":"ImageObject","inLanguage":"en-US","@id":"https:\/\/rtt-dev.sitewise.ee\/toode\/kassatehnika\/puutetundlikud-kassaaparaadid\/casio-v-r200-android-pos\/#primaryimage","url":"https:\/\/rtt-dev.sitewise.ee\/wp-content\/uploads\/2018\/10\/118_1_s.jpg","contentUrl":"https:\/\/rtt-dev.sitewise.ee\/wp-content\/uploads\/2018\/10\/118_1_s.jpg","width":600,"height":374},{"@type":"BreadcrumbList","@id":"https:\/\/rtt-dev.sitewise.ee\/toode\/kassatehnika\/puutetundlikud-kassaaparaadid\/casio-v-r200-android-pos\/#breadcrumb","itemListElement":[{"@type":"ListItem","position":1,"name":"Home","item":"https:\/\/rtt-dev.sitewise.ee\/"},{"@type":"ListItem","position":2,"name":"Shop","item":"https:\/\/rtt-dev.sitewise.ee\/pood\/"},{"@type":"ListItem","position":3,"name":"Cash register technology","item":"https:\/\/rtt-dev.sitewise.ee\/en\/tootekategooria\/kassatehnika-en\/"},{"@type":"ListItem","position":4,"name":"Puutetundlikud kassaaparaadid","item":"https:\/\/rtt-dev.sitewise.ee\/tootekategooria\/kassatehnika\/puutetundlikud-kassaaparaadid\/"},{"@type":"ListItem","position":5,"name":"Casio V-R200 Android POS"}]},{"@type":"WebSite","@id":"https:\/\/rtt-dev.sitewise.ee\/#website","url":"https:\/\/rtt-dev.sitewise.ee\/","name":"RTT","description":"Kassaaparaadid ja kontorikaubad","potentialAction":[{"@type":"SearchAction","target":{"@type":"EntryPoint","urlTemplate":"https:\/\/rtt-dev.sitewise.ee\/?s={search_term_string}"},"query-input":{"@type":"PropertyValueSpecification","valueRequired":true,"valueName":"search_term_string"}}],"inLanguage":"en-US"}]}},"_links":{"self":[{"href":"https:\/\/rtt-dev.sitewise.ee\/en\/wp-json\/wp\/v2\/product\/2913","targetHints":{"allow":["GET"]}}],"collection":[{"href":"https:\/\/rtt-dev.sitewise.ee\/en\/wp-json\/wp\/v2\/product"}],"about":[{"href":"https:\/\/rtt-dev.sitewise.ee\/en\/wp-json\/wp\/v2\/types\/product"}],"wp:featuredmedia":[{"embeddable":true,"href":"https:\/\/rtt-dev.sitewise.ee\/en\/wp-json\/wp\/v2\/media\/2914"}],"wp:attachment":[{"href":"https:\/\/rtt-dev.sitewise.ee\/en\/wp-json\/wp\/v2\/media?parent=2913"}],"wp:term":[{"taxonomy":"product_brand","embeddable":true,"href":"https:\/\/rtt-dev.sitewise.ee\/en\/wp-json\/wp\/v2\/product_brand?post=2913"},{"taxonomy":"product_cat","embeddable":true,"href":"https:\/\/rtt-dev.sitewise.ee\/en\/wp-json\/wp\/v2\/product_cat?post=2913"},{"taxonomy":"product_tag","embeddable":true,"href":"https:\/\/rtt-dev.sitewise.ee\/en\/wp-json\/wp\/v2\/product_tag?post=2913"}],"curies":[{"name":"wp","href":"https:\/\/api.w.org\/{rel}","templated":true}]}}