{"id":2760,"date":"2018-10-16T00:50:48","date_gmt":"2018-10-15T21:50:48","guid":{"rendered":"https:\/\/rtt-dev.sitewise.ee\/toode\/maaratlemata\/taekiprinter-star-micronics-tsp143iiu-eu-eco\/"},"modified":"2025-07-07T21:08:16","modified_gmt":"2025-07-07T18:08:16","slug":"receipt-printer-star-micronics-tsp143iiu-eu-eco","status":"publish","type":"product","link":"https:\/\/rtt-dev.sitewise.ee\/en\/toode\/printerid-en\/tsekiprinterid-en\/receipt-printer-star-micronics-tsp143iiu-eu-eco\/","title":{"rendered":"Receipt printer Star Micronics TSP143IIU EU ECO"},"content":{"rendered":"<p>Lihtne ja eriti t\u00f6\u00f6kindel l\u00f5ikuriga t\u0161\u0161ekiprinter.<br \/>\nGarantii printerile <strong>4 aastat<\/strong>, kaasa arvatud tr\u00fckipea ja l\u00f5ikur.<\/p>\n","protected":false},"excerpt":{"rendered":"<p>Lihtne ja eriti t\u00f6\u00f6kindel l\u00f5ikuriga t\u0161\u0161ekiprinter. Garantii printerile 4 aastat, kaasa arvatud tr\u00fckipea ja l\u00f5ikur.<\/p>\n","protected":false},"featured_media":2763,"template":"","meta":[],"product_brand":[],"product_cat":[131],"product_tag":[],"class_list":{"0":"post-2760","1":"product","2":"type-product","3":"status-publish","4":"has-post-thumbnail","6":"product_cat-tsekiprinterid-en","7":"product_brands-star-en","9":"first","10":"outofstock","11":"taxable","12":"shipping-taxable","13":"purchasable","14":"product-type-simple"},"acf":[],"yoast_head":"<!-- This site is optimized with the Yoast SEO plugin v24.4 - https:\/\/yoast.com\/wordpress\/plugins\/seo\/ -->\n<title>Receipt printer Star Micronics TSP143IIU EU ECO - RTT<\/title>\n<meta name=\"robots\" content=\"noindex, follow, max-snippet:-1, max-image-preview:large, max-video-preview:-1\" \/>\n<meta property=\"og:locale\" content=\"en_US\" \/>\n<meta property=\"og:type\" content=\"article\" \/>\n<meta property=\"og:title\" content=\"Receipt printer Star Micronics TSP143IIU EU ECO - RTT\" \/>\n<meta property=\"og:description\" content=\"Lihtne ja eriti t\u00f6\u00f6kindel l\u00f5ikuriga t\u0161\u0161ekiprinter. Garantii printerile 4 aastat, kaasa arvatud tr\u00fckipea ja l\u00f5ikur.\" \/>\n<meta property=\"og:url\" content=\"https:\/\/rtt-dev.sitewise.ee\/toode\/printerid\/tsekiprinterid\/taekiprinter-star-micronics-tsp143iiu-eu-eco\/\" \/>\n<meta property=\"og:site_name\" content=\"RTT\" \/>\n<meta property=\"article:modified_time\" content=\"2025-07-07T18:08:16+00:00\" \/>\n<meta property=\"og:image\" content=\"https:\/\/rtt-dev.sitewise.ee\/wp-content\/uploads\/2018\/10\/195_1_s.jpg\" \/>\n\t<meta property=\"og:image:width\" content=\"600\" \/>\n\t<meta property=\"og:image:height\" content=\"600\" \/>\n\t<meta property=\"og:image:type\" content=\"image\/jpeg\" \/>\n<meta name=\"twitter:card\" content=\"summary_large_image\" \/>\n<script type=\"application\/ld+json\" class=\"yoast-schema-graph\">{\"@context\":\"https:\/\/schema.org\",\"@graph\":[{\"@type\":\"WebPage\",\"@id\":\"https:\/\/rtt-dev.sitewise.ee\/toode\/printerid\/tsekiprinterid\/taekiprinter-star-micronics-tsp143iiu-eu-eco\/\",\"url\":\"https:\/\/rtt-dev.sitewise.ee\/toode\/printerid\/tsekiprinterid\/taekiprinter-star-micronics-tsp143iiu-eu-eco\/\",\"name\":\"Receipt printer Star Micronics TSP143IIU EU ECO - RTT\",\"isPartOf\":{\"@id\":\"https:\/\/rtt-dev.sitewise.ee\/#website\"},\"primaryImageOfPage\":{\"@id\":\"https:\/\/rtt-dev.sitewise.ee\/toode\/printerid\/tsekiprinterid\/taekiprinter-star-micronics-tsp143iiu-eu-eco\/#primaryimage\"},\"image\":{\"@id\":\"https:\/\/rtt-dev.sitewise.ee\/toode\/printerid\/tsekiprinterid\/taekiprinter-star-micronics-tsp143iiu-eu-eco\/#primaryimage\"},\"thumbnailUrl\":\"https:\/\/rtt-dev.sitewise.ee\/wp-content\/uploads\/2018\/10\/195_1_s.jpg\",\"datePublished\":\"2018-10-15T21:50:48+00:00\",\"dateModified\":\"2025-07-07T18:08:16+00:00\",\"breadcrumb\":{\"@id\":\"https:\/\/rtt-dev.sitewise.ee\/toode\/printerid\/tsekiprinterid\/taekiprinter-star-micronics-tsp143iiu-eu-eco\/#breadcrumb\"},\"inLanguage\":\"en-US\",\"potentialAction\":[{\"@type\":\"ReadAction\",\"target\":[\"https:\/\/rtt-dev.sitewise.ee\/toode\/printerid\/tsekiprinterid\/taekiprinter-star-micronics-tsp143iiu-eu-eco\/\"]}]},{\"@type\":\"ImageObject\",\"inLanguage\":\"en-US\",\"@id\":\"https:\/\/rtt-dev.sitewise.ee\/toode\/printerid\/tsekiprinterid\/taekiprinter-star-micronics-tsp143iiu-eu-eco\/#primaryimage\",\"url\":\"https:\/\/rtt-dev.sitewise.ee\/wp-content\/uploads\/2018\/10\/195_1_s.jpg\",\"contentUrl\":\"https:\/\/rtt-dev.sitewise.ee\/wp-content\/uploads\/2018\/10\/195_1_s.jpg\",\"width\":600,\"height\":600},{\"@type\":\"BreadcrumbList\",\"@id\":\"https:\/\/rtt-dev.sitewise.ee\/toode\/printerid\/tsekiprinterid\/taekiprinter-star-micronics-tsp143iiu-eu-eco\/#breadcrumb\",\"itemListElement\":[{\"@type\":\"ListItem\",\"position\":1,\"name\":\"Home\",\"item\":\"https:\/\/rtt-dev.sitewise.ee\/\"},{\"@type\":\"ListItem\",\"position\":2,\"name\":\"Shop\",\"item\":\"https:\/\/rtt-dev.sitewise.ee\/pood\/\"},{\"@type\":\"ListItem\",\"position\":3,\"name\":\"Printerid\",\"item\":\"https:\/\/rtt-dev.sitewise.ee\/tootekategooria\/printerid\/\"},{\"@type\":\"ListItem\",\"position\":4,\"name\":\"T\u0161ekiprinterid\",\"item\":\"https:\/\/rtt-dev.sitewise.ee\/tootekategooria\/printerid\/tsekiprinterid\/\"},{\"@type\":\"ListItem\",\"position\":5,\"name\":\"Receipt printer Star Micronics TSP143IIU EU ECO\"}]},{\"@type\":\"WebSite\",\"@id\":\"https:\/\/rtt-dev.sitewise.ee\/#website\",\"url\":\"https:\/\/rtt-dev.sitewise.ee\/\",\"name\":\"RTT\",\"description\":\"Kassaaparaadid ja kontorikaubad\",\"potentialAction\":[{\"@type\":\"SearchAction\",\"target\":{\"@type\":\"EntryPoint\",\"urlTemplate\":\"https:\/\/rtt-dev.sitewise.ee\/?s={search_term_string}\"},\"query-input\":{\"@type\":\"PropertyValueSpecification\",\"valueRequired\":true,\"valueName\":\"search_term_string\"}}],\"inLanguage\":\"en-US\"}]}<\/script>\n<!-- \/ Yoast SEO plugin. -->","yoast_head_json":{"title":"Receipt printer Star Micronics TSP143IIU EU ECO - RTT","robots":{"index":"noindex","follow":"follow","max-snippet":"max-snippet:-1","max-image-preview":"max-image-preview:large","max-video-preview":"max-video-preview:-1"},"og_locale":"en_US","og_type":"article","og_title":"Receipt printer Star Micronics TSP143IIU EU ECO - RTT","og_description":"Lihtne ja eriti t\u00f6\u00f6kindel l\u00f5ikuriga t\u0161\u0161ekiprinter. Garantii printerile 4 aastat, kaasa arvatud tr\u00fckipea ja l\u00f5ikur.","og_url":"https:\/\/rtt-dev.sitewise.ee\/toode\/printerid\/tsekiprinterid\/taekiprinter-star-micronics-tsp143iiu-eu-eco\/","og_site_name":"RTT","article_modified_time":"2025-07-07T18:08:16+00:00","og_image":[{"width":600,"height":600,"url":"https:\/\/rtt-dev.sitewise.ee\/wp-content\/uploads\/2018\/10\/195_1_s.jpg","type":"image\/jpeg"}],"twitter_card":"summary_large_image","schema":{"@context":"https:\/\/schema.org","@graph":[{"@type":"WebPage","@id":"https:\/\/rtt-dev.sitewise.ee\/toode\/printerid\/tsekiprinterid\/taekiprinter-star-micronics-tsp143iiu-eu-eco\/","url":"https:\/\/rtt-dev.sitewise.ee\/toode\/printerid\/tsekiprinterid\/taekiprinter-star-micronics-tsp143iiu-eu-eco\/","name":"Receipt printer Star Micronics TSP143IIU EU ECO - RTT","isPartOf":{"@id":"https:\/\/rtt-dev.sitewise.ee\/#website"},"primaryImageOfPage":{"@id":"https:\/\/rtt-dev.sitewise.ee\/toode\/printerid\/tsekiprinterid\/taekiprinter-star-micronics-tsp143iiu-eu-eco\/#primaryimage"},"image":{"@id":"https:\/\/rtt-dev.sitewise.ee\/toode\/printerid\/tsekiprinterid\/taekiprinter-star-micronics-tsp143iiu-eu-eco\/#primaryimage"},"thumbnailUrl":"https:\/\/rtt-dev.sitewise.ee\/wp-content\/uploads\/2018\/10\/195_1_s.jpg","datePublished":"2018-10-15T21:50:48+00:00","dateModified":"2025-07-07T18:08:16+00:00","breadcrumb":{"@id":"https:\/\/rtt-dev.sitewise.ee\/toode\/printerid\/tsekiprinterid\/taekiprinter-star-micronics-tsp143iiu-eu-eco\/#breadcrumb"},"inLanguage":"en-US","potentialAction":[{"@type":"ReadAction","target":["https:\/\/rtt-dev.sitewise.ee\/toode\/printerid\/tsekiprinterid\/taekiprinter-star-micronics-tsp143iiu-eu-eco\/"]}]},{"@type":"ImageObject","inLanguage":"en-US","@id":"https:\/\/rtt-dev.sitewise.ee\/toode\/printerid\/tsekiprinterid\/taekiprinter-star-micronics-tsp143iiu-eu-eco\/#primaryimage","url":"https:\/\/rtt-dev.sitewise.ee\/wp-content\/uploads\/2018\/10\/195_1_s.jpg","contentUrl":"https:\/\/rtt-dev.sitewise.ee\/wp-content\/uploads\/2018\/10\/195_1_s.jpg","width":600,"height":600},{"@type":"BreadcrumbList","@id":"https:\/\/rtt-dev.sitewise.ee\/toode\/printerid\/tsekiprinterid\/taekiprinter-star-micronics-tsp143iiu-eu-eco\/#breadcrumb","itemListElement":[{"@type":"ListItem","position":1,"name":"Home","item":"https:\/\/rtt-dev.sitewise.ee\/"},{"@type":"ListItem","position":2,"name":"Shop","item":"https:\/\/rtt-dev.sitewise.ee\/pood\/"},{"@type":"ListItem","position":3,"name":"Printerid","item":"https:\/\/rtt-dev.sitewise.ee\/tootekategooria\/printerid\/"},{"@type":"ListItem","position":4,"name":"T\u0161ekiprinterid","item":"https:\/\/rtt-dev.sitewise.ee\/tootekategooria\/printerid\/tsekiprinterid\/"},{"@type":"ListItem","position":5,"name":"Receipt printer Star Micronics TSP143IIU EU ECO"}]},{"@type":"WebSite","@id":"https:\/\/rtt-dev.sitewise.ee\/#website","url":"https:\/\/rtt-dev.sitewise.ee\/","name":"RTT","description":"Kassaaparaadid ja kontorikaubad","potentialAction":[{"@type":"SearchAction","target":{"@type":"EntryPoint","urlTemplate":"https:\/\/rtt-dev.sitewise.ee\/?s={search_term_string}"},"query-input":{"@type":"PropertyValueSpecification","valueRequired":true,"valueName":"search_term_string"}}],"inLanguage":"en-US"}]}},"_links":{"self":[{"href":"https:\/\/rtt-dev.sitewise.ee\/en\/wp-json\/wp\/v2\/product\/2760","targetHints":{"allow":["GET"]}}],"collection":[{"href":"https:\/\/rtt-dev.sitewise.ee\/en\/wp-json\/wp\/v2\/product"}],"about":[{"href":"https:\/\/rtt-dev.sitewise.ee\/en\/wp-json\/wp\/v2\/types\/product"}],"wp:featuredmedia":[{"embeddable":true,"href":"https:\/\/rtt-dev.sitewise.ee\/en\/wp-json\/wp\/v2\/media\/2763"}],"wp:attachment":[{"href":"https:\/\/rtt-dev.sitewise.ee\/en\/wp-json\/wp\/v2\/media?parent=2760"}],"wp:term":[{"taxonomy":"product_brand","embeddable":true,"href":"https:\/\/rtt-dev.sitewise.ee\/en\/wp-json\/wp\/v2\/product_brand?post=2760"},{"taxonomy":"product_cat","embeddable":true,"href":"https:\/\/rtt-dev.sitewise.ee\/en\/wp-json\/wp\/v2\/product_cat?post=2760"},{"taxonomy":"product_tag","embeddable":true,"href":"https:\/\/rtt-dev.sitewise.ee\/en\/wp-json\/wp\/v2\/product_tag?post=2760"}],"curies":[{"name":"wp","href":"https:\/\/api.w.org\/{rel}","templated":true}]}}