{"id":2688,"date":"2018-10-16T01:05:17","date_gmt":"2018-10-15T22:05:17","guid":{"rendered":"https:\/\/rtt-dev.sitewise.ee\/toode\/maaratlemata\/uus-kassatarkvara\/"},"modified":"2025-07-07T21:08:15","modified_gmt":"2025-07-07T18:08:15","slug":"new-cash-register-software","status":"publish","type":"product","link":"https:\/\/rtt-dev.sitewise.ee\/en\/toode\/tarkvara-en\/new-cash-register-software\/","title":{"rendered":"New Cash Register Software"},"content":{"rendered":"<p>&nbsp;<\/p>\n<table class=\"reb-container\" border=\"0\" width=\"100%\" cellspacing=\"0\" cellpadding=\"0\">\n<tbody>\n<tr>\n<td style=\"padding-top: 20px;\" bgcolor=\"#f6f6f6\">\n<table class=\"re-container\" border=\"0\" width=\"550\" cellspacing=\"0\" cellpadding=\"0\" align=\"center\">\n<tbody>\n<tr>\n<td class=\"re-container-padding\" bgcolor=\"#ffffff\">\n<table border=\"0\" width=\"100%\" cellspacing=\"0\" cellpadding=\"0\">\n<tbody>\n<tr>\n<td style=\"text-align: center; background: #EC0003;\" height=\"80\"><a style=\"font-family: Arial, Helvetica, sans-serif; font-size: 18px; mso-line-height-rule: exactly; line-height: 24px; color: #ffffff; text-decoration: none; white-space: pre-wrap; font-weight: bold;\" href=\"https:\/\/rtt-dev.sitewise.ee\/kontakt\/ \" target=\"_blank\" rel=\"noopener\"><img decoding=\"async\" style=\"display: block; width: 100%!important; min-height: auto!important; border: 0;\" src=\"http:\/\/kampaaniakuller.com\/rtt5\/images\/header.jpg\" alt=\"RTT Tabby V\u00f5imekas Kassatarkvara igasse m\u00fc\u00fcgikohta! N\u00c3\u0153\u00c3\u0153D ERIHIND! K\u00c3\u0153SI PAKUMIST &gt;\" \/><\/a><\/td>\n<\/tr>\n<tr>\n<td style=\"background-color: #2a2a28;\" height=\"726\">&nbsp;<\/p>\n<table style=\"background-color: #2a2a28;\" border=\"0\" width=\"90%\" cellspacing=\"0\" cellpadding=\"0\" align=\"center\">\n<tbody>\n<tr>\n<td width=\"51%\">\n<div style=\"font-family: Arial, Helvetica, sans-serif; font-size: 18px; mso-line-height-rule: exactly; line-height: 24px; color: #ffffff; text-transform: uppercase;\"><strong>k\u00f5ik \u00fches<\/strong><\/div>\n<p><span style=\"font-family: Arial, Helvetica, sans-serif; font-size: 16px; mso-line-height-rule: exactly; line-height: 22px; color: #c2c2c2;\"><span style=\"font-size: 18px; color: #ec0003;\">\u2022<\/span>\u00a0 Printer Kliendin\u00e4idik<br \/>\n<span style=\"font-size: 18px; color: #ec0003;\">\u2022<\/span>\u00a0 Euro detector<br \/>\n<span style=\"font-size: 18px; color: #ec0003;\">\u2022<\/span>\u00a0 Sahtel<br \/>\n<span style=\"font-size: 18px; color: #ec0003;\">\u2022<\/span>\u00a0 Puutetundlik ekraan<br \/>\n<span style=\"font-size: 18px; color: #ec0003;\">\u2022<\/span>\u00a0 Operatsiooni s\u00fcsteem<br \/>\nWindows Posready 7<\/span><br \/>\n<span style=\"font-family: Arial, Helvetica, sans-serif; background-color: #2a2a28; font-size: 18px; color: #ec0003;\">\u2022<\/span><span style=\"color: #c2c2c2; font-family: Arial, Helvetica, sans-serif; font-size: 16px; background-color: #2a2a28;\">\u00a0 Privaatne teie enda Cloud \u00a0 \u00a0 \u00a0 \u00a0 \u00a0 \u00a0 \u00a0 kassatarkvara<\/span><br style=\"color: #c2c2c2; font-family: Arial, Helvetica, sans-serif; font-size: 16px; background-color: #2a2a28;\" \/><span style=\"color: #c2c2c2; font-family: Arial, Helvetica, sans-serif; font-size: 16px; background-color: #2a2a28;\">\u00a0 \u00a0<\/span><\/td>\n<td width=\"49%\">\n<div style=\"font-family: Arial, Helvetica, sans-serif; font-size: 18px; mso-line-height-rule: exactly; line-height: 24px; color: #ffffff; text-transform: uppercase;\"><strong>EELISED<\/strong><\/div>\n<p><span style=\"font-family: Arial, Helvetica, sans-serif; font-size: 16px; mso-line-height-rule: exactly; line-height: 22px; color: #c2c2c2;\"><span style=\"font-size: 18px; color: #ec0003;\">\u2022<\/span>\u00a0 Teie firma andmed on teie k\u00e4es!<br \/>\n<span style=\"font-size: 18px; color: #ec0003;\">\u2022<\/span>\u00a0 Puudub kuumaks<br \/>\n<span style=\"font-size: 18px; color: #ec0003;\">\u2022<\/span>\u00a0 Tasuta telefonitugi<br \/>\n<span style=\"font-size: 18px; color: #ec0003;\">\u2022<\/span>\u00a0 Eesti keelne kasutusliides<br \/>\n<span style=\"font-size: 18px; color: #ec0003;\">\u2022<\/span>\u00a0 V\u00f5imalus osta kassatarkvara \u00a0 \u00a0 \u00a0olenemata\u00a0<\/span><span style=\"color: #c2c2c2; font-family: Arial, Helvetica, sans-serif; font-size: 16px; background-color: #2a2a28;\">operatsioonis\u00fcsteemist<\/span><br \/>\n<span style=\"font-family: Arial, Helvetica, sans-serif; background-color: #2a2a28; font-size: 18px; color: #ec0003;\">\u2022<\/span><span style=\"color: #c2c2c2; font-family: Arial, Helvetica, sans-serif; font-size: 16px; background-color: #2a2a28;\">\u00a0 T\u00f6\u00f6tab ka tahvelarvutil<\/span><\/td>\n<\/tr>\n<\/tbody>\n<\/table>\n<p>&nbsp;<\/p>\n<table style=\"background-color: #2a2a28;\" border=\"0\" width=\"90%\" cellspacing=\"0\" cellpadding=\"0\" align=\"center\">\n<tbody>\n<tr>\n<td width=\"47%\">\n<div style=\"font-family: Arial, Helvetica, sans-serif; font-size: 18px; mso-line-height-rule: exactly; line-height: 24px; color: #ffffff; text-transform: uppercase;\"><strong>V\u00d5IMALUSED<\/strong><\/div>\n<p><span style=\"font-family: Arial, Helvetica, sans-serif; font-size: 14px; mso-line-height-rule: exactly; line-height: 22px; color: #c2c2c2;\"><span style=\"font-size: 18px; color: #ec0003;\">\u2022<\/span>\u00a0 Erinevad makseviisid<br \/>\n<span style=\"font-size: 18px; color: #ec0003;\">\u2022<\/span>\u00a0 Arvete printimine ja haldus<br \/>\n<span style=\"font-size: 18px; color: #ec0003;\">\u2022<\/span>\u00a0 Laoseis ja inventuur<br \/>\n<span style=\"font-size: 18px; color: #ec0003;\">\u2022<\/span>\u00a0 Ribakoodi lugemine<br \/>\n<span style=\"font-size: 18px; color: #ec0003;\">\u2022<\/span>\u00a0 V\u00e4lisseadmetega integreerimine<br \/>\n<span style=\"font-size: 18px; color: #ec0003;\">\u2022<\/span>\u00a0 Kliendiandmete haldamine<br \/>\n<span style=\"font-size: 18px; color: #ec0003;\">\u2022<\/span>\u00a0 Backoffice haldus<br \/>\n<span style=\"font-size: 18px; color: #ec0003;\">\u2022<\/span>\u00a0 Statistika<br \/>\n<span style=\"font-size: 18px; color: #ec0003;\">\u2022<\/span>\u00a0 E-kirja saatmine l\u00e4bi s\u00fcsteemi <\/span><\/td>\n<td width=\"53%\"><img loading=\"lazy\" decoding=\"async\" src=\"http:\/\/kampaaniakuller.com\/rtt5\/images\/pic1.png\" alt=\"\" width=\"261\" height=\"170\" \/><\/td>\n<\/tr>\n<\/tbody>\n<\/table>\n<p>&nbsp;<\/p>\n<table style=\"background-color: #2a2a28;\" border=\"0\" width=\"90%\" cellspacing=\"0\" cellpadding=\"0\" align=\"center\">\n<tbody>\n<tr>\n<td width=\"47%\">\n<div style=\"font-family: Arial, Helvetica, sans-serif; font-size: 18px; mso-line-height-rule: exactly; line-height: 24px; color: #ffffff; text-transform: uppercase;\"><strong>Aruandlus<\/strong><\/div>\n<p><span style=\"font-family: Arial, Helvetica, sans-serif; font-size: 14px; mso-line-height-rule: exactly; line-height: 22px; color: #c2c2c2;\"><span style=\"font-size: 18px; color: #ec0003;\">\u2022<\/span>\u00a0 Kassaraportite printimine<br \/>\n<span style=\"font-size: 18px; color: #ec0003;\">\u2022<\/span>\u00a0 Allahindlused ja kampaaniad<br \/>\n<span style=\"font-size: 18px; color: #ec0003;\">\u2022<\/span>\u00a0 Erinevad maksum\u00e4\u00e4rad<br \/>\n<span style=\"font-size: 18px; color: #ec0003;\">\u2022<\/span>\u00a0 Toote- ja grupip\u00f5hine anal\u00fc\u00fcs<br \/>\n<span style=\"font-size: 18px; color: #ec0003;\">\u2022<\/span>\u00a0 Aruanded klientide kaupa<br \/>\n<span style=\"font-size: 18px; color: #ec0003;\">\u2022<\/span>\u00a0 Raport Reaalajas\u00a0<\/span><\/td>\n<td width=\"53%\"><img loading=\"lazy\" decoding=\"async\" src=\"http:\/\/kampaaniakuller.com\/rtt5\/images\/pic2.png\" alt=\"\" width=\"261\" height=\"170\" \/><\/td>\n<\/tr>\n<\/tbody>\n<\/table>\n<p>&nbsp;<\/td>\n<\/tr>\n<\/tbody>\n<\/table>\n<\/td>\n<\/tr>\n<\/tbody>\n<\/table>\n<p>&nbsp;<\/p>\n<p>&nbsp;<\/td>\n<\/tr>\n<\/tbody>\n<\/table>\n<p>Loe l\u00e4hemalt: <a title=\"Kassas\u00fcsteem\" href=\"http:\/\/www.kassasusteemid.ee\/\">Kassas\u00fcsteem<\/a><\/p>\n","protected":false},"excerpt":{"rendered":"<p>&nbsp; &nbsp; k\u00f5ik \u00fches \u2022\u00a0 Printer Kliendin\u00e4idik \u2022\u00a0 Euro detector \u2022\u00a0 Sahtel \u2022\u00a0 Puutetundlik ekraan \u2022\u00a0 Operatsiooni s\u00fcsteem Windows Posready 7 \u2022\u00a0 Privaatne teie enda Cloud \u00a0 \u00a0 \u00a0 \u00a0 \u00a0 \u00a0 \u00a0 kassatarkvara\u00a0 \u00a0 EELISED \u2022\u00a0 Teie firma andmed on teie k\u00e4es! \u2022\u00a0 Puudub kuumaks \u2022\u00a0 Tasuta telefonitugi \u2022\u00a0 Eesti keelne kasutusliides \u2022\u00a0 V\u00f5imalus [&hellip;]<\/p>\n","protected":false},"featured_media":2689,"template":"","meta":[],"product_brand":[],"product_cat":[127],"product_tag":[],"class_list":{"0":"post-2688","1":"product","2":"type-product","3":"status-publish","4":"has-post-thumbnail","6":"product_cat-tarkvara-en","8":"first","9":"instock","10":"taxable","11":"shipping-taxable","12":"purchasable","13":"product-type-simple"},"acf":[],"yoast_head":"<!-- This site is optimized with the Yoast SEO plugin v24.4 - https:\/\/yoast.com\/wordpress\/plugins\/seo\/ -->\n<title>New Cash Register Software - RTT<\/title>\n<meta name=\"robots\" content=\"noindex, follow, max-snippet:-1, max-image-preview:large, max-video-preview:-1\" \/>\n<meta property=\"og:locale\" content=\"en_US\" \/>\n<meta property=\"og:type\" content=\"article\" \/>\n<meta property=\"og:title\" content=\"New Cash Register Software - RTT\" \/>\n<meta property=\"og:description\" content=\"&nbsp; &nbsp; k\u00f5ik \u00fches \u2022\u00a0 Printer Kliendin\u00e4idik \u2022\u00a0 Euro detector \u2022\u00a0 Sahtel \u2022\u00a0 Puutetundlik ekraan \u2022\u00a0 Operatsiooni s\u00fcsteem Windows Posready 7 \u2022\u00a0 Privaatne teie enda Cloud \u00a0 \u00a0 \u00a0 \u00a0 \u00a0 \u00a0 \u00a0 kassatarkvara\u00a0 \u00a0 EELISED \u2022\u00a0 Teie firma andmed on teie k\u00e4es! \u2022\u00a0 Puudub kuumaks \u2022\u00a0 Tasuta telefonitugi \u2022\u00a0 Eesti keelne kasutusliides \u2022\u00a0 V\u00f5imalus [&hellip;]\" \/>\n<meta property=\"og:url\" content=\"https:\/\/rtt-dev.sitewise.ee\/toode\/tarkvara\/uus-kassatarkvara\/\" \/>\n<meta property=\"og:site_name\" content=\"RTT\" \/>\n<meta property=\"article:modified_time\" content=\"2025-07-07T18:08:15+00:00\" \/>\n<meta property=\"og:image\" content=\"https:\/\/rtt-dev.sitewise.ee\/wp-content\/uploads\/2018\/10\/271_1_s.jpg\" \/>\n\t<meta property=\"og:image:width\" content=\"1042\" \/>\n\t<meta property=\"og:image:height\" content=\"772\" \/>\n\t<meta property=\"og:image:type\" content=\"image\/jpeg\" \/>\n<meta name=\"twitter:card\" content=\"summary_large_image\" \/>\n<meta name=\"twitter:label1\" content=\"Est. reading time\" \/>\n\t<meta name=\"twitter:data1\" content=\"1 minute\" \/>\n<script type=\"application\/ld+json\" class=\"yoast-schema-graph\">{\"@context\":\"https:\/\/schema.org\",\"@graph\":[{\"@type\":\"WebPage\",\"@id\":\"https:\/\/rtt-dev.sitewise.ee\/toode\/tarkvara\/uus-kassatarkvara\/\",\"url\":\"https:\/\/rtt-dev.sitewise.ee\/toode\/tarkvara\/uus-kassatarkvara\/\",\"name\":\"New Cash Register Software - RTT\",\"isPartOf\":{\"@id\":\"https:\/\/rtt-dev.sitewise.ee\/#website\"},\"primaryImageOfPage\":{\"@id\":\"https:\/\/rtt-dev.sitewise.ee\/toode\/tarkvara\/uus-kassatarkvara\/#primaryimage\"},\"image\":{\"@id\":\"https:\/\/rtt-dev.sitewise.ee\/toode\/tarkvara\/uus-kassatarkvara\/#primaryimage\"},\"thumbnailUrl\":\"https:\/\/rtt-dev.sitewise.ee\/wp-content\/uploads\/2018\/10\/271_1_s.jpg\",\"datePublished\":\"2018-10-15T22:05:17+00:00\",\"dateModified\":\"2025-07-07T18:08:15+00:00\",\"breadcrumb\":{\"@id\":\"https:\/\/rtt-dev.sitewise.ee\/toode\/tarkvara\/uus-kassatarkvara\/#breadcrumb\"},\"inLanguage\":\"en-US\",\"potentialAction\":[{\"@type\":\"ReadAction\",\"target\":[\"https:\/\/rtt-dev.sitewise.ee\/toode\/tarkvara\/uus-kassatarkvara\/\"]}]},{\"@type\":\"ImageObject\",\"inLanguage\":\"en-US\",\"@id\":\"https:\/\/rtt-dev.sitewise.ee\/toode\/tarkvara\/uus-kassatarkvara\/#primaryimage\",\"url\":\"https:\/\/rtt-dev.sitewise.ee\/wp-content\/uploads\/2018\/10\/271_1_s.jpg\",\"contentUrl\":\"https:\/\/rtt-dev.sitewise.ee\/wp-content\/uploads\/2018\/10\/271_1_s.jpg\",\"width\":1042,\"height\":772},{\"@type\":\"BreadcrumbList\",\"@id\":\"https:\/\/rtt-dev.sitewise.ee\/toode\/tarkvara\/uus-kassatarkvara\/#breadcrumb\",\"itemListElement\":[{\"@type\":\"ListItem\",\"position\":1,\"name\":\"Home\",\"item\":\"https:\/\/rtt-dev.sitewise.ee\/\"},{\"@type\":\"ListItem\",\"position\":2,\"name\":\"Shop\",\"item\":\"https:\/\/rtt-dev.sitewise.ee\/pood\/\"},{\"@type\":\"ListItem\",\"position\":3,\"name\":\"Tarkvara\",\"item\":\"https:\/\/rtt-dev.sitewise.ee\/tootekategooria\/tarkvara\/\"},{\"@type\":\"ListItem\",\"position\":4,\"name\":\"POS Software\",\"item\":\"https:\/\/rtt-dev.sitewise.ee\/en\/tootekategooria\/tarkvara\/pos-software\/\"},{\"@type\":\"ListItem\",\"position\":5,\"name\":\"New Cash Register Software\"}]},{\"@type\":\"WebSite\",\"@id\":\"https:\/\/rtt-dev.sitewise.ee\/#website\",\"url\":\"https:\/\/rtt-dev.sitewise.ee\/\",\"name\":\"RTT\",\"description\":\"Kassaaparaadid ja kontorikaubad\",\"potentialAction\":[{\"@type\":\"SearchAction\",\"target\":{\"@type\":\"EntryPoint\",\"urlTemplate\":\"https:\/\/rtt-dev.sitewise.ee\/?s={search_term_string}\"},\"query-input\":{\"@type\":\"PropertyValueSpecification\",\"valueRequired\":true,\"valueName\":\"search_term_string\"}}],\"inLanguage\":\"en-US\"}]}<\/script>\n<!-- \/ Yoast SEO plugin. -->","yoast_head_json":{"title":"New Cash Register Software - RTT","robots":{"index":"noindex","follow":"follow","max-snippet":"max-snippet:-1","max-image-preview":"max-image-preview:large","max-video-preview":"max-video-preview:-1"},"og_locale":"en_US","og_type":"article","og_title":"New Cash Register Software - RTT","og_description":"&nbsp; &nbsp; k\u00f5ik \u00fches \u2022\u00a0 Printer Kliendin\u00e4idik \u2022\u00a0 Euro detector \u2022\u00a0 Sahtel \u2022\u00a0 Puutetundlik ekraan \u2022\u00a0 Operatsiooni s\u00fcsteem Windows Posready 7 \u2022\u00a0 Privaatne teie enda Cloud \u00a0 \u00a0 \u00a0 \u00a0 \u00a0 \u00a0 \u00a0 kassatarkvara\u00a0 \u00a0 EELISED \u2022\u00a0 Teie firma andmed on teie k\u00e4es! \u2022\u00a0 Puudub kuumaks \u2022\u00a0 Tasuta telefonitugi \u2022\u00a0 Eesti keelne kasutusliides \u2022\u00a0 V\u00f5imalus [&hellip;]","og_url":"https:\/\/rtt-dev.sitewise.ee\/toode\/tarkvara\/uus-kassatarkvara\/","og_site_name":"RTT","article_modified_time":"2025-07-07T18:08:15+00:00","og_image":[{"width":1042,"height":772,"url":"https:\/\/rtt-dev.sitewise.ee\/wp-content\/uploads\/2018\/10\/271_1_s.jpg","type":"image\/jpeg"}],"twitter_card":"summary_large_image","twitter_misc":{"Est. reading time":"1 minute"},"schema":{"@context":"https:\/\/schema.org","@graph":[{"@type":"WebPage","@id":"https:\/\/rtt-dev.sitewise.ee\/toode\/tarkvara\/uus-kassatarkvara\/","url":"https:\/\/rtt-dev.sitewise.ee\/toode\/tarkvara\/uus-kassatarkvara\/","name":"New Cash Register Software - RTT","isPartOf":{"@id":"https:\/\/rtt-dev.sitewise.ee\/#website"},"primaryImageOfPage":{"@id":"https:\/\/rtt-dev.sitewise.ee\/toode\/tarkvara\/uus-kassatarkvara\/#primaryimage"},"image":{"@id":"https:\/\/rtt-dev.sitewise.ee\/toode\/tarkvara\/uus-kassatarkvara\/#primaryimage"},"thumbnailUrl":"https:\/\/rtt-dev.sitewise.ee\/wp-content\/uploads\/2018\/10\/271_1_s.jpg","datePublished":"2018-10-15T22:05:17+00:00","dateModified":"2025-07-07T18:08:15+00:00","breadcrumb":{"@id":"https:\/\/rtt-dev.sitewise.ee\/toode\/tarkvara\/uus-kassatarkvara\/#breadcrumb"},"inLanguage":"en-US","potentialAction":[{"@type":"ReadAction","target":["https:\/\/rtt-dev.sitewise.ee\/toode\/tarkvara\/uus-kassatarkvara\/"]}]},{"@type":"ImageObject","inLanguage":"en-US","@id":"https:\/\/rtt-dev.sitewise.ee\/toode\/tarkvara\/uus-kassatarkvara\/#primaryimage","url":"https:\/\/rtt-dev.sitewise.ee\/wp-content\/uploads\/2018\/10\/271_1_s.jpg","contentUrl":"https:\/\/rtt-dev.sitewise.ee\/wp-content\/uploads\/2018\/10\/271_1_s.jpg","width":1042,"height":772},{"@type":"BreadcrumbList","@id":"https:\/\/rtt-dev.sitewise.ee\/toode\/tarkvara\/uus-kassatarkvara\/#breadcrumb","itemListElement":[{"@type":"ListItem","position":1,"name":"Home","item":"https:\/\/rtt-dev.sitewise.ee\/"},{"@type":"ListItem","position":2,"name":"Shop","item":"https:\/\/rtt-dev.sitewise.ee\/pood\/"},{"@type":"ListItem","position":3,"name":"Tarkvara","item":"https:\/\/rtt-dev.sitewise.ee\/tootekategooria\/tarkvara\/"},{"@type":"ListItem","position":4,"name":"POS Software","item":"https:\/\/rtt-dev.sitewise.ee\/en\/tootekategooria\/tarkvara\/pos-software\/"},{"@type":"ListItem","position":5,"name":"New Cash Register Software"}]},{"@type":"WebSite","@id":"https:\/\/rtt-dev.sitewise.ee\/#website","url":"https:\/\/rtt-dev.sitewise.ee\/","name":"RTT","description":"Kassaaparaadid ja kontorikaubad","potentialAction":[{"@type":"SearchAction","target":{"@type":"EntryPoint","urlTemplate":"https:\/\/rtt-dev.sitewise.ee\/?s={search_term_string}"},"query-input":{"@type":"PropertyValueSpecification","valueRequired":true,"valueName":"search_term_string"}}],"inLanguage":"en-US"}]}},"_links":{"self":[{"href":"https:\/\/rtt-dev.sitewise.ee\/en\/wp-json\/wp\/v2\/product\/2688","targetHints":{"allow":["GET"]}}],"collection":[{"href":"https:\/\/rtt-dev.sitewise.ee\/en\/wp-json\/wp\/v2\/product"}],"about":[{"href":"https:\/\/rtt-dev.sitewise.ee\/en\/wp-json\/wp\/v2\/types\/product"}],"wp:featuredmedia":[{"embeddable":true,"href":"https:\/\/rtt-dev.sitewise.ee\/en\/wp-json\/wp\/v2\/media\/2689"}],"wp:attachment":[{"href":"https:\/\/rtt-dev.sitewise.ee\/en\/wp-json\/wp\/v2\/media?parent=2688"}],"wp:term":[{"taxonomy":"product_brand","embeddable":true,"href":"https:\/\/rtt-dev.sitewise.ee\/en\/wp-json\/wp\/v2\/product_brand?post=2688"},{"taxonomy":"product_cat","embeddable":true,"href":"https:\/\/rtt-dev.sitewise.ee\/en\/wp-json\/wp\/v2\/product_cat?post=2688"},{"taxonomy":"product_tag","embeddable":true,"href":"https:\/\/rtt-dev.sitewise.ee\/en\/wp-json\/wp\/v2\/product_tag?post=2688"}],"curies":[{"name":"wp","href":"https:\/\/api.w.org\/{rel}","templated":true}]}}