{"id":2430,"date":"2018-10-16T01:48:09","date_gmt":"2018-10-15T22:48:09","guid":{"rendered":"https:\/\/rtt-dev.sitewise.ee\/toode\/maaratlemata\/pantum-p3255dn-va%c2%b5rgu-a%c2%bchendusega-must-valge-printer\/"},"modified":"2025-07-07T21:07:47","modified_gmt":"2025-07-07T18:07:47","slug":"pantum-p3255dn-lan-black-white-printer","status":"publish","type":"product","link":"https:\/\/rtt-dev.sitewise.ee\/en\/toode\/koopiamasinad-en\/a4-printer-en\/pantum-p3255dn-lan-black-white-printer\/","title":{"rendered":"PANTUM P3255DN LAN Black-White printer"},"content":{"rendered":"<div class=\"&quot;left&quot;\">\n<h4><strong>PANTUM P3255DN V\u00f5rgu \u00fchendusega must-valge printer.<\/strong><\/h4>\n<ul>\n<li>8 sec esimene print<\/li>\n<li>printimis kiirus 35 lk. min<\/li>\n<li>lihtne \u00fchendada<\/li>\n<li>350 MHz protsessor<\/li>\n<li>128 MB m\u00e4lu<\/li>\n<\/ul>\n<ul>\n<li>Kerge CD driver installatsioon and USB kaabel komplektis.<\/li>\n<li>One-touch control for easy navigation<\/li>\n<\/ul>\n<ul>\n<li>3,000 lk. starter tooner<\/li>\n<li>Automaatne dupleks<\/li>\n<\/ul>\n<\/div>\n","protected":false},"excerpt":{"rendered":"<p>PANTUM P3255DN V\u00f5rgu \u00fchendusega must-valge printer. 8 sec esimene print printimis kiirus 35 lk. min lihtne \u00fchendada 350 MHz protsessor 128 MB m\u00e4lu Kerge CD driver installatsioon and USB kaabel komplektis. One-touch control for easy navigation 3,000 lk. starter tooner Automaatne dupleks<\/p>\n","protected":false},"featured_media":2431,"template":"","meta":[],"product_brand":[],"product_cat":[329,128],"product_tag":[],"class_list":{"0":"post-2430","1":"product","2":"type-product","3":"status-publish","4":"has-post-thumbnail","6":"product_cat-a4-printer-en","7":"product_cat-printerid-en","8":"product_brands-pantum-en","10":"first","11":"outofstock","12":"taxable","13":"shipping-taxable","14":"purchasable","15":"product-type-simple"},"acf":[],"yoast_head":"<!-- This site is optimized with the Yoast SEO plugin v24.4 - https:\/\/yoast.com\/wordpress\/plugins\/seo\/ -->\n<title>PANTUM P3255DN LAN Black-White printer - RTT<\/title>\n<meta name=\"robots\" content=\"noindex, follow, max-snippet:-1, max-image-preview:large, max-video-preview:-1\" \/>\n<meta property=\"og:locale\" content=\"en_US\" \/>\n<meta property=\"og:type\" content=\"article\" \/>\n<meta property=\"og:title\" content=\"PANTUM P3255DN LAN Black-White printer - RTT\" \/>\n<meta property=\"og:description\" content=\"PANTUM P3255DN V\u00f5rgu \u00fchendusega must-valge printer. 8 sec esimene print printimis kiirus 35 lk. min lihtne \u00fchendada 350 MHz protsessor 128 MB m\u00e4lu Kerge CD driver installatsioon and USB kaabel komplektis. One-touch control for easy navigation 3,000 lk. starter tooner Automaatne dupleks\" \/>\n<meta property=\"og:url\" content=\"https:\/\/rtt-dev.sitewise.ee\/toode\/printerid\/a4-printer\/pantum-p3255dn-va\u00b5rgu-a\u00bchendusega-must-valge-printer\/\" \/>\n<meta property=\"og:site_name\" content=\"RTT\" \/>\n<meta property=\"article:modified_time\" content=\"2025-07-07T18:07:47+00:00\" \/>\n<meta property=\"og:image\" content=\"https:\/\/rtt-dev.sitewise.ee\/wp-content\/uploads\/2018\/10\/453_1_s.jpg\" \/>\n\t<meta property=\"og:image:width\" content=\"1280\" \/>\n\t<meta property=\"og:image:height\" content=\"960\" \/>\n\t<meta property=\"og:image:type\" content=\"image\/jpeg\" \/>\n<meta name=\"twitter:card\" content=\"summary_large_image\" \/>\n<script type=\"application\/ld+json\" class=\"yoast-schema-graph\">{\"@context\":\"https:\/\/schema.org\",\"@graph\":[{\"@type\":\"WebPage\",\"@id\":\"https:\/\/rtt-dev.sitewise.ee\/toode\/printerid\/a4-printer\/pantum-p3255dn-va%c2%b5rgu-a%c2%bchendusega-must-valge-printer\/\",\"url\":\"https:\/\/rtt-dev.sitewise.ee\/toode\/printerid\/a4-printer\/pantum-p3255dn-va%c2%b5rgu-a%c2%bchendusega-must-valge-printer\/\",\"name\":\"PANTUM P3255DN LAN Black-White printer - RTT\",\"isPartOf\":{\"@id\":\"https:\/\/rtt-dev.sitewise.ee\/#website\"},\"primaryImageOfPage\":{\"@id\":\"https:\/\/rtt-dev.sitewise.ee\/toode\/printerid\/a4-printer\/pantum-p3255dn-va%c2%b5rgu-a%c2%bchendusega-must-valge-printer\/#primaryimage\"},\"image\":{\"@id\":\"https:\/\/rtt-dev.sitewise.ee\/toode\/printerid\/a4-printer\/pantum-p3255dn-va%c2%b5rgu-a%c2%bchendusega-must-valge-printer\/#primaryimage\"},\"thumbnailUrl\":\"https:\/\/rtt-dev.sitewise.ee\/wp-content\/uploads\/2018\/10\/453_1_s.jpg\",\"datePublished\":\"2018-10-15T22:48:09+00:00\",\"dateModified\":\"2025-07-07T18:07:47+00:00\",\"breadcrumb\":{\"@id\":\"https:\/\/rtt-dev.sitewise.ee\/toode\/printerid\/a4-printer\/pantum-p3255dn-va%c2%b5rgu-a%c2%bchendusega-must-valge-printer\/#breadcrumb\"},\"inLanguage\":\"en-US\",\"potentialAction\":[{\"@type\":\"ReadAction\",\"target\":[\"https:\/\/rtt-dev.sitewise.ee\/toode\/printerid\/a4-printer\/pantum-p3255dn-va%c2%b5rgu-a%c2%bchendusega-must-valge-printer\/\"]}]},{\"@type\":\"ImageObject\",\"inLanguage\":\"en-US\",\"@id\":\"https:\/\/rtt-dev.sitewise.ee\/toode\/printerid\/a4-printer\/pantum-p3255dn-va%c2%b5rgu-a%c2%bchendusega-must-valge-printer\/#primaryimage\",\"url\":\"https:\/\/rtt-dev.sitewise.ee\/wp-content\/uploads\/2018\/10\/453_1_s.jpg\",\"contentUrl\":\"https:\/\/rtt-dev.sitewise.ee\/wp-content\/uploads\/2018\/10\/453_1_s.jpg\",\"width\":1280,\"height\":960},{\"@type\":\"BreadcrumbList\",\"@id\":\"https:\/\/rtt-dev.sitewise.ee\/toode\/printerid\/a4-printer\/pantum-p3255dn-va%c2%b5rgu-a%c2%bchendusega-must-valge-printer\/#breadcrumb\",\"itemListElement\":[{\"@type\":\"ListItem\",\"position\":1,\"name\":\"Home\",\"item\":\"https:\/\/rtt-dev.sitewise.ee\/\"},{\"@type\":\"ListItem\",\"position\":2,\"name\":\"Shop\",\"item\":\"https:\/\/rtt-dev.sitewise.ee\/pood\/\"},{\"@type\":\"ListItem\",\"position\":3,\"name\":\"Koopiamasinad\",\"item\":\"https:\/\/rtt-dev.sitewise.ee\/tootekategooria\/koopiamasinad\/\"},{\"@type\":\"ListItem\",\"position\":4,\"name\":\"A4 Printer-Sk\u00e4nner-Koopiamasinad\",\"item\":\"https:\/\/rtt-dev.sitewise.ee\/tootekategooria\/koopiamasinad\/a4-printer-skanner-koopiamasinad\/\"},{\"@type\":\"ListItem\",\"position\":5,\"name\":\"PANTUM P3255DN LAN Black-White printer\"}]},{\"@type\":\"WebSite\",\"@id\":\"https:\/\/rtt-dev.sitewise.ee\/#website\",\"url\":\"https:\/\/rtt-dev.sitewise.ee\/\",\"name\":\"RTT\",\"description\":\"Kassaaparaadid ja kontorikaubad\",\"potentialAction\":[{\"@type\":\"SearchAction\",\"target\":{\"@type\":\"EntryPoint\",\"urlTemplate\":\"https:\/\/rtt-dev.sitewise.ee\/?s={search_term_string}\"},\"query-input\":{\"@type\":\"PropertyValueSpecification\",\"valueRequired\":true,\"valueName\":\"search_term_string\"}}],\"inLanguage\":\"en-US\"}]}<\/script>\n<!-- \/ Yoast SEO plugin. -->","yoast_head_json":{"title":"PANTUM P3255DN LAN Black-White printer - RTT","robots":{"index":"noindex","follow":"follow","max-snippet":"max-snippet:-1","max-image-preview":"max-image-preview:large","max-video-preview":"max-video-preview:-1"},"og_locale":"en_US","og_type":"article","og_title":"PANTUM P3255DN LAN Black-White printer - RTT","og_description":"PANTUM P3255DN V\u00f5rgu \u00fchendusega must-valge printer. 8 sec esimene print printimis kiirus 35 lk. min lihtne \u00fchendada 350 MHz protsessor 128 MB m\u00e4lu Kerge CD driver installatsioon and USB kaabel komplektis. One-touch control for easy navigation 3,000 lk. starter tooner Automaatne dupleks","og_url":"https:\/\/rtt-dev.sitewise.ee\/toode\/printerid\/a4-printer\/pantum-p3255dn-va\u00b5rgu-a\u00bchendusega-must-valge-printer\/","og_site_name":"RTT","article_modified_time":"2025-07-07T18:07:47+00:00","og_image":[{"width":1280,"height":960,"url":"https:\/\/rtt-dev.sitewise.ee\/wp-content\/uploads\/2018\/10\/453_1_s.jpg","type":"image\/jpeg"}],"twitter_card":"summary_large_image","schema":{"@context":"https:\/\/schema.org","@graph":[{"@type":"WebPage","@id":"https:\/\/rtt-dev.sitewise.ee\/toode\/printerid\/a4-printer\/pantum-p3255dn-va%c2%b5rgu-a%c2%bchendusega-must-valge-printer\/","url":"https:\/\/rtt-dev.sitewise.ee\/toode\/printerid\/a4-printer\/pantum-p3255dn-va%c2%b5rgu-a%c2%bchendusega-must-valge-printer\/","name":"PANTUM P3255DN LAN Black-White printer - RTT","isPartOf":{"@id":"https:\/\/rtt-dev.sitewise.ee\/#website"},"primaryImageOfPage":{"@id":"https:\/\/rtt-dev.sitewise.ee\/toode\/printerid\/a4-printer\/pantum-p3255dn-va%c2%b5rgu-a%c2%bchendusega-must-valge-printer\/#primaryimage"},"image":{"@id":"https:\/\/rtt-dev.sitewise.ee\/toode\/printerid\/a4-printer\/pantum-p3255dn-va%c2%b5rgu-a%c2%bchendusega-must-valge-printer\/#primaryimage"},"thumbnailUrl":"https:\/\/rtt-dev.sitewise.ee\/wp-content\/uploads\/2018\/10\/453_1_s.jpg","datePublished":"2018-10-15T22:48:09+00:00","dateModified":"2025-07-07T18:07:47+00:00","breadcrumb":{"@id":"https:\/\/rtt-dev.sitewise.ee\/toode\/printerid\/a4-printer\/pantum-p3255dn-va%c2%b5rgu-a%c2%bchendusega-must-valge-printer\/#breadcrumb"},"inLanguage":"en-US","potentialAction":[{"@type":"ReadAction","target":["https:\/\/rtt-dev.sitewise.ee\/toode\/printerid\/a4-printer\/pantum-p3255dn-va%c2%b5rgu-a%c2%bchendusega-must-valge-printer\/"]}]},{"@type":"ImageObject","inLanguage":"en-US","@id":"https:\/\/rtt-dev.sitewise.ee\/toode\/printerid\/a4-printer\/pantum-p3255dn-va%c2%b5rgu-a%c2%bchendusega-must-valge-printer\/#primaryimage","url":"https:\/\/rtt-dev.sitewise.ee\/wp-content\/uploads\/2018\/10\/453_1_s.jpg","contentUrl":"https:\/\/rtt-dev.sitewise.ee\/wp-content\/uploads\/2018\/10\/453_1_s.jpg","width":1280,"height":960},{"@type":"BreadcrumbList","@id":"https:\/\/rtt-dev.sitewise.ee\/toode\/printerid\/a4-printer\/pantum-p3255dn-va%c2%b5rgu-a%c2%bchendusega-must-valge-printer\/#breadcrumb","itemListElement":[{"@type":"ListItem","position":1,"name":"Home","item":"https:\/\/rtt-dev.sitewise.ee\/"},{"@type":"ListItem","position":2,"name":"Shop","item":"https:\/\/rtt-dev.sitewise.ee\/pood\/"},{"@type":"ListItem","position":3,"name":"Koopiamasinad","item":"https:\/\/rtt-dev.sitewise.ee\/tootekategooria\/koopiamasinad\/"},{"@type":"ListItem","position":4,"name":"A4 Printer-Sk\u00e4nner-Koopiamasinad","item":"https:\/\/rtt-dev.sitewise.ee\/tootekategooria\/koopiamasinad\/a4-printer-skanner-koopiamasinad\/"},{"@type":"ListItem","position":5,"name":"PANTUM P3255DN LAN Black-White printer"}]},{"@type":"WebSite","@id":"https:\/\/rtt-dev.sitewise.ee\/#website","url":"https:\/\/rtt-dev.sitewise.ee\/","name":"RTT","description":"Kassaaparaadid ja kontorikaubad","potentialAction":[{"@type":"SearchAction","target":{"@type":"EntryPoint","urlTemplate":"https:\/\/rtt-dev.sitewise.ee\/?s={search_term_string}"},"query-input":{"@type":"PropertyValueSpecification","valueRequired":true,"valueName":"search_term_string"}}],"inLanguage":"en-US"}]}},"_links":{"self":[{"href":"https:\/\/rtt-dev.sitewise.ee\/en\/wp-json\/wp\/v2\/product\/2430","targetHints":{"allow":["GET"]}}],"collection":[{"href":"https:\/\/rtt-dev.sitewise.ee\/en\/wp-json\/wp\/v2\/product"}],"about":[{"href":"https:\/\/rtt-dev.sitewise.ee\/en\/wp-json\/wp\/v2\/types\/product"}],"wp:featuredmedia":[{"embeddable":true,"href":"https:\/\/rtt-dev.sitewise.ee\/en\/wp-json\/wp\/v2\/media\/2431"}],"wp:attachment":[{"href":"https:\/\/rtt-dev.sitewise.ee\/en\/wp-json\/wp\/v2\/media?parent=2430"}],"wp:term":[{"taxonomy":"product_brand","embeddable":true,"href":"https:\/\/rtt-dev.sitewise.ee\/en\/wp-json\/wp\/v2\/product_brand?post=2430"},{"taxonomy":"product_cat","embeddable":true,"href":"https:\/\/rtt-dev.sitewise.ee\/en\/wp-json\/wp\/v2\/product_cat?post=2430"},{"taxonomy":"product_tag","embeddable":true,"href":"https:\/\/rtt-dev.sitewise.ee\/en\/wp-json\/wp\/v2\/product_tag?post=2430"}],"curies":[{"name":"wp","href":"https:\/\/api.w.org\/{rel}","templated":true}]}}