{"id":2306,"date":"2018-10-16T02:01:01","date_gmt":"2018-10-15T23:01:01","guid":{"rendered":"https:\/\/rtt-dev.sitewise.ee\/toode\/maaratlemata\/pantum-m6555nw-va%c2%b5rk-wifi-koopiamasin-printer-skanner\/"},"modified":"2025-07-07T21:07:45","modified_gmt":"2025-07-07T18:07:45","slug":"pantum-m6555nw-lan-wifi-mfp-printer-scanner","status":"publish","type":"product","link":"https:\/\/rtt-dev.sitewise.ee\/en\/toode\/koopiamasinad-en\/a4-printer-skanner-koopiamasinad-en\/pantum-m6555nw-lan-wifi-mfp-printer-scanner\/","title":{"rendered":"PANTUM M6555NW LAN + WIFI ,MFP, printer,scanner."},"content":{"rendered":"<div class=\"&quot;left&quot;\">\n<h4><strong>PANTUM P3255DN V\u00f5rgu \u00fchendusega must-valge koopiamasin &#8211; printer &#8211; skanner &#8211; printer.<\/strong><\/h4>\n<p><strong>Iga printeri ostuga kaasa 1 pakk A4 koopiapaberit<\/strong><\/p>\n<ul>\n<li>7,8 sec esimene print<\/li>\n<li>Dokumendis\u00f6\u00f6tja kopeerimiseks ja skannimiseks<\/li>\n<li>V\u00f5rgu ja wifi \u00fchendus<\/li>\n<li>printimis kiirus 22 lk. min<\/li>\n<li>printimise res. 1200 x 1200 dpi<\/li>\n<li>lihtne \u00fchendada<\/li>\n<li>600 MHz protsessor<\/li>\n<li>128 MB m\u00e4lu<\/li>\n<\/ul>\n<ul>\n<li>Kerge CD driver installatsioon .<\/li>\n<li>One-touch control for easy navigation<\/li>\n<\/ul>\n<ul>\n<li>Automaatne dupleks<\/li>\n<li>Windows , Mac OS , Linux ( ubuntu ) ,Android<\/li>\n<li>Mobiilne printimine ,skannimine<\/li>\n<\/ul>\n<p>&nbsp;<\/p>\n<p>&nbsp;<\/p>\n<p>&nbsp;<\/p>\n<\/div>\n","protected":false},"excerpt":{"rendered":"<p>PANTUM P3255DN V\u00f5rgu \u00fchendusega must-valge koopiamasin &#8211; printer &#8211; skanner &#8211; printer. Iga printeri ostuga kaasa 1 pakk A4 koopiapaberit 7,8 sec esimene print Dokumendis\u00f6\u00f6tja kopeerimiseks ja skannimiseks V\u00f5rgu ja wifi \u00fchendus printimis kiirus 22 lk. min printimise res. 1200 x 1200 dpi lihtne \u00fchendada 600 MHz protsessor 128 MB m\u00e4lu Kerge CD driver installatsioon [&hellip;]<\/p>\n","protected":false},"featured_media":2307,"template":"","meta":[],"product_brand":[],"product_cat":[118],"product_tag":[],"class_list":{"0":"post-2306","1":"product","2":"type-product","3":"status-publish","4":"has-post-thumbnail","6":"product_cat-a4-printer-skanner-koopiamasinad-en","7":"product_brands-pantum-en","9":"first","10":"outofstock","11":"taxable","12":"shipping-taxable","13":"purchasable","14":"product-type-simple"},"acf":[],"yoast_head":"<!-- This site is optimized with the Yoast SEO plugin v24.4 - https:\/\/yoast.com\/wordpress\/plugins\/seo\/ -->\n<title>PANTUM M6555NW LAN + WIFI ,MFP, printer,scanner. - RTT<\/title>\n<meta name=\"robots\" content=\"noindex, follow, max-snippet:-1, max-image-preview:large, max-video-preview:-1\" \/>\n<meta property=\"og:locale\" content=\"en_US\" \/>\n<meta property=\"og:type\" content=\"article\" \/>\n<meta property=\"og:title\" content=\"PANTUM M6555NW LAN + WIFI ,MFP, printer,scanner. - RTT\" \/>\n<meta property=\"og:description\" content=\"PANTUM P3255DN V\u00f5rgu \u00fchendusega must-valge koopiamasin &#8211; printer &#8211; skanner &#8211; printer. Iga printeri ostuga kaasa 1 pakk A4 koopiapaberit 7,8 sec esimene print Dokumendis\u00f6\u00f6tja kopeerimiseks ja skannimiseks V\u00f5rgu ja wifi \u00fchendus printimis kiirus 22 lk. min printimise res. 1200 x 1200 dpi lihtne \u00fchendada 600 MHz protsessor 128 MB m\u00e4lu Kerge CD driver installatsioon [&hellip;]\" \/>\n<meta property=\"og:url\" content=\"https:\/\/rtt-dev.sitewise.ee\/toode\/koopiamasinad\/a4-printer-skanner-koopiamasinad\/pantum-m6555nw-va\u00b5rk-wifi-koopiamasin-printer-skanner\/\" \/>\n<meta property=\"og:site_name\" content=\"RTT\" \/>\n<meta property=\"article:modified_time\" content=\"2025-07-07T18:07:45+00:00\" \/>\n<meta property=\"og:image\" content=\"https:\/\/rtt-dev.sitewise.ee\/wp-content\/uploads\/2018\/10\/520_1_s.jpg\" \/>\n\t<meta property=\"og:image:width\" content=\"886\" \/>\n\t<meta property=\"og:image:height\" content=\"1031\" \/>\n\t<meta property=\"og:image:type\" content=\"image\/jpeg\" \/>\n<meta name=\"twitter:card\" content=\"summary_large_image\" \/>\n<script type=\"application\/ld+json\" class=\"yoast-schema-graph\">{\"@context\":\"https:\/\/schema.org\",\"@graph\":[{\"@type\":\"WebPage\",\"@id\":\"https:\/\/rtt-dev.sitewise.ee\/toode\/koopiamasinad\/a4-printer-skanner-koopiamasinad\/pantum-m6555nw-va%c2%b5rk-wifi-koopiamasin-printer-skanner\/\",\"url\":\"https:\/\/rtt-dev.sitewise.ee\/toode\/koopiamasinad\/a4-printer-skanner-koopiamasinad\/pantum-m6555nw-va%c2%b5rk-wifi-koopiamasin-printer-skanner\/\",\"name\":\"PANTUM M6555NW LAN + WIFI ,MFP, printer,scanner. - RTT\",\"isPartOf\":{\"@id\":\"https:\/\/rtt-dev.sitewise.ee\/#website\"},\"primaryImageOfPage\":{\"@id\":\"https:\/\/rtt-dev.sitewise.ee\/toode\/koopiamasinad\/a4-printer-skanner-koopiamasinad\/pantum-m6555nw-va%c2%b5rk-wifi-koopiamasin-printer-skanner\/#primaryimage\"},\"image\":{\"@id\":\"https:\/\/rtt-dev.sitewise.ee\/toode\/koopiamasinad\/a4-printer-skanner-koopiamasinad\/pantum-m6555nw-va%c2%b5rk-wifi-koopiamasin-printer-skanner\/#primaryimage\"},\"thumbnailUrl\":\"https:\/\/rtt-dev.sitewise.ee\/wp-content\/uploads\/2018\/10\/520_1_s.jpg\",\"datePublished\":\"2018-10-15T23:01:01+00:00\",\"dateModified\":\"2025-07-07T18:07:45+00:00\",\"breadcrumb\":{\"@id\":\"https:\/\/rtt-dev.sitewise.ee\/toode\/koopiamasinad\/a4-printer-skanner-koopiamasinad\/pantum-m6555nw-va%c2%b5rk-wifi-koopiamasin-printer-skanner\/#breadcrumb\"},\"inLanguage\":\"en-US\",\"potentialAction\":[{\"@type\":\"ReadAction\",\"target\":[\"https:\/\/rtt-dev.sitewise.ee\/toode\/koopiamasinad\/a4-printer-skanner-koopiamasinad\/pantum-m6555nw-va%c2%b5rk-wifi-koopiamasin-printer-skanner\/\"]}]},{\"@type\":\"ImageObject\",\"inLanguage\":\"en-US\",\"@id\":\"https:\/\/rtt-dev.sitewise.ee\/toode\/koopiamasinad\/a4-printer-skanner-koopiamasinad\/pantum-m6555nw-va%c2%b5rk-wifi-koopiamasin-printer-skanner\/#primaryimage\",\"url\":\"https:\/\/rtt-dev.sitewise.ee\/wp-content\/uploads\/2018\/10\/520_1_s.jpg\",\"contentUrl\":\"https:\/\/rtt-dev.sitewise.ee\/wp-content\/uploads\/2018\/10\/520_1_s.jpg\",\"width\":886,\"height\":1031},{\"@type\":\"BreadcrumbList\",\"@id\":\"https:\/\/rtt-dev.sitewise.ee\/toode\/koopiamasinad\/a4-printer-skanner-koopiamasinad\/pantum-m6555nw-va%c2%b5rk-wifi-koopiamasin-printer-skanner\/#breadcrumb\",\"itemListElement\":[{\"@type\":\"ListItem\",\"position\":1,\"name\":\"Home\",\"item\":\"https:\/\/rtt-dev.sitewise.ee\/\"},{\"@type\":\"ListItem\",\"position\":2,\"name\":\"Shop\",\"item\":\"https:\/\/rtt-dev.sitewise.ee\/pood\/\"},{\"@type\":\"ListItem\",\"position\":3,\"name\":\"Koopiamasinad\",\"item\":\"https:\/\/rtt-dev.sitewise.ee\/tootekategooria\/koopiamasinad\/\"},{\"@type\":\"ListItem\",\"position\":4,\"name\":\"A4 Printer-Sk\u00e4nner-Koopiamasinad\",\"item\":\"https:\/\/rtt-dev.sitewise.ee\/tootekategooria\/koopiamasinad\/a4-printer-skanner-koopiamasinad\/\"},{\"@type\":\"ListItem\",\"position\":5,\"name\":\"PANTUM M6555NW LAN + WIFI ,MFP, printer,scanner.\"}]},{\"@type\":\"WebSite\",\"@id\":\"https:\/\/rtt-dev.sitewise.ee\/#website\",\"url\":\"https:\/\/rtt-dev.sitewise.ee\/\",\"name\":\"RTT\",\"description\":\"Kassaaparaadid ja kontorikaubad\",\"potentialAction\":[{\"@type\":\"SearchAction\",\"target\":{\"@type\":\"EntryPoint\",\"urlTemplate\":\"https:\/\/rtt-dev.sitewise.ee\/?s={search_term_string}\"},\"query-input\":{\"@type\":\"PropertyValueSpecification\",\"valueRequired\":true,\"valueName\":\"search_term_string\"}}],\"inLanguage\":\"en-US\"}]}<\/script>\n<!-- \/ Yoast SEO plugin. -->","yoast_head_json":{"title":"PANTUM M6555NW LAN + WIFI ,MFP, printer,scanner. - RTT","robots":{"index":"noindex","follow":"follow","max-snippet":"max-snippet:-1","max-image-preview":"max-image-preview:large","max-video-preview":"max-video-preview:-1"},"og_locale":"en_US","og_type":"article","og_title":"PANTUM M6555NW LAN + WIFI ,MFP, printer,scanner. - RTT","og_description":"PANTUM P3255DN V\u00f5rgu \u00fchendusega must-valge koopiamasin &#8211; printer &#8211; skanner &#8211; printer. Iga printeri ostuga kaasa 1 pakk A4 koopiapaberit 7,8 sec esimene print Dokumendis\u00f6\u00f6tja kopeerimiseks ja skannimiseks V\u00f5rgu ja wifi \u00fchendus printimis kiirus 22 lk. min printimise res. 1200 x 1200 dpi lihtne \u00fchendada 600 MHz protsessor 128 MB m\u00e4lu Kerge CD driver installatsioon [&hellip;]","og_url":"https:\/\/rtt-dev.sitewise.ee\/toode\/koopiamasinad\/a4-printer-skanner-koopiamasinad\/pantum-m6555nw-va\u00b5rk-wifi-koopiamasin-printer-skanner\/","og_site_name":"RTT","article_modified_time":"2025-07-07T18:07:45+00:00","og_image":[{"width":886,"height":1031,"url":"https:\/\/rtt-dev.sitewise.ee\/wp-content\/uploads\/2018\/10\/520_1_s.jpg","type":"image\/jpeg"}],"twitter_card":"summary_large_image","schema":{"@context":"https:\/\/schema.org","@graph":[{"@type":"WebPage","@id":"https:\/\/rtt-dev.sitewise.ee\/toode\/koopiamasinad\/a4-printer-skanner-koopiamasinad\/pantum-m6555nw-va%c2%b5rk-wifi-koopiamasin-printer-skanner\/","url":"https:\/\/rtt-dev.sitewise.ee\/toode\/koopiamasinad\/a4-printer-skanner-koopiamasinad\/pantum-m6555nw-va%c2%b5rk-wifi-koopiamasin-printer-skanner\/","name":"PANTUM M6555NW LAN + WIFI ,MFP, printer,scanner. - RTT","isPartOf":{"@id":"https:\/\/rtt-dev.sitewise.ee\/#website"},"primaryImageOfPage":{"@id":"https:\/\/rtt-dev.sitewise.ee\/toode\/koopiamasinad\/a4-printer-skanner-koopiamasinad\/pantum-m6555nw-va%c2%b5rk-wifi-koopiamasin-printer-skanner\/#primaryimage"},"image":{"@id":"https:\/\/rtt-dev.sitewise.ee\/toode\/koopiamasinad\/a4-printer-skanner-koopiamasinad\/pantum-m6555nw-va%c2%b5rk-wifi-koopiamasin-printer-skanner\/#primaryimage"},"thumbnailUrl":"https:\/\/rtt-dev.sitewise.ee\/wp-content\/uploads\/2018\/10\/520_1_s.jpg","datePublished":"2018-10-15T23:01:01+00:00","dateModified":"2025-07-07T18:07:45+00:00","breadcrumb":{"@id":"https:\/\/rtt-dev.sitewise.ee\/toode\/koopiamasinad\/a4-printer-skanner-koopiamasinad\/pantum-m6555nw-va%c2%b5rk-wifi-koopiamasin-printer-skanner\/#breadcrumb"},"inLanguage":"en-US","potentialAction":[{"@type":"ReadAction","target":["https:\/\/rtt-dev.sitewise.ee\/toode\/koopiamasinad\/a4-printer-skanner-koopiamasinad\/pantum-m6555nw-va%c2%b5rk-wifi-koopiamasin-printer-skanner\/"]}]},{"@type":"ImageObject","inLanguage":"en-US","@id":"https:\/\/rtt-dev.sitewise.ee\/toode\/koopiamasinad\/a4-printer-skanner-koopiamasinad\/pantum-m6555nw-va%c2%b5rk-wifi-koopiamasin-printer-skanner\/#primaryimage","url":"https:\/\/rtt-dev.sitewise.ee\/wp-content\/uploads\/2018\/10\/520_1_s.jpg","contentUrl":"https:\/\/rtt-dev.sitewise.ee\/wp-content\/uploads\/2018\/10\/520_1_s.jpg","width":886,"height":1031},{"@type":"BreadcrumbList","@id":"https:\/\/rtt-dev.sitewise.ee\/toode\/koopiamasinad\/a4-printer-skanner-koopiamasinad\/pantum-m6555nw-va%c2%b5rk-wifi-koopiamasin-printer-skanner\/#breadcrumb","itemListElement":[{"@type":"ListItem","position":1,"name":"Home","item":"https:\/\/rtt-dev.sitewise.ee\/"},{"@type":"ListItem","position":2,"name":"Shop","item":"https:\/\/rtt-dev.sitewise.ee\/pood\/"},{"@type":"ListItem","position":3,"name":"Koopiamasinad","item":"https:\/\/rtt-dev.sitewise.ee\/tootekategooria\/koopiamasinad\/"},{"@type":"ListItem","position":4,"name":"A4 Printer-Sk\u00e4nner-Koopiamasinad","item":"https:\/\/rtt-dev.sitewise.ee\/tootekategooria\/koopiamasinad\/a4-printer-skanner-koopiamasinad\/"},{"@type":"ListItem","position":5,"name":"PANTUM M6555NW LAN + WIFI ,MFP, printer,scanner."}]},{"@type":"WebSite","@id":"https:\/\/rtt-dev.sitewise.ee\/#website","url":"https:\/\/rtt-dev.sitewise.ee\/","name":"RTT","description":"Kassaaparaadid ja kontorikaubad","potentialAction":[{"@type":"SearchAction","target":{"@type":"EntryPoint","urlTemplate":"https:\/\/rtt-dev.sitewise.ee\/?s={search_term_string}"},"query-input":{"@type":"PropertyValueSpecification","valueRequired":true,"valueName":"search_term_string"}}],"inLanguage":"en-US"}]}},"_links":{"self":[{"href":"https:\/\/rtt-dev.sitewise.ee\/en\/wp-json\/wp\/v2\/product\/2306","targetHints":{"allow":["GET"]}}],"collection":[{"href":"https:\/\/rtt-dev.sitewise.ee\/en\/wp-json\/wp\/v2\/product"}],"about":[{"href":"https:\/\/rtt-dev.sitewise.ee\/en\/wp-json\/wp\/v2\/types\/product"}],"wp:featuredmedia":[{"embeddable":true,"href":"https:\/\/rtt-dev.sitewise.ee\/en\/wp-json\/wp\/v2\/media\/2307"}],"wp:attachment":[{"href":"https:\/\/rtt-dev.sitewise.ee\/en\/wp-json\/wp\/v2\/media?parent=2306"}],"wp:term":[{"taxonomy":"product_brand","embeddable":true,"href":"https:\/\/rtt-dev.sitewise.ee\/en\/wp-json\/wp\/v2\/product_brand?post=2306"},{"taxonomy":"product_cat","embeddable":true,"href":"https:\/\/rtt-dev.sitewise.ee\/en\/wp-json\/wp\/v2\/product_cat?post=2306"},{"taxonomy":"product_tag","embeddable":true,"href":"https:\/\/rtt-dev.sitewise.ee\/en\/wp-json\/wp\/v2\/product_tag?post=2306"}],"curies":[{"name":"wp","href":"https:\/\/api.w.org\/{rel}","templated":true}]}}