{"id":2283,"date":"2018-10-16T02:05:04","date_gmt":"2018-10-15T23:05:04","guid":{"rendered":"https:\/\/rtt-dev.sitewise.ee\/toode\/maaratlemata\/toostuslik-etiketiprinter-toshiba-tec-b-ex6\/"},"modified":"2025-07-07T21:07:44","modified_gmt":"2025-07-07T18:07:44","slug":"industrial-label-printer-toshiba-tec-b-ex6","status":"publish","type":"product","link":"https:\/\/rtt-dev.sitewise.ee\/en\/toode\/printerid-en\/etiketiprinter-en\/industrial-label-printer-toshiba-tec-b-ex6\/","title":{"rendered":"Industrial Label Printer Toshiba TEC B-EX6"},"content":{"rendered":"<p>Soodsaim 160 mm laiusega t\u00f6\u00f6stuslik etiketiprinter ! N\u00fc\u00fcdsest v\u00f5imalik kasutada ka Zebra Designer tarkvaraga. Enam ei ole oluline millises tarkvaras Etiketid on disainitud !<\/p>\n<p><strong>PRINTER ON MEIE M\u00dc\u00dcGISALONGIS V\u00c4LJAS.\u00a0TULE VAATAMA JA PROOVIME !<\/strong><\/p>\n<p><iframe loading=\"lazy\" src=\"https:\/\/www.youtube.com\/embed\/afRZoPwY3Js\" width=\"560\" height=\"315\" frameborder=\"0\" allowfullscreen=\"allowfullscreen\"><\/iframe><\/p>\n<p>&nbsp;<\/p>\n<p>Broneeri aeg demoks :\u00a0+372 5087866\u00a0v\u00f5i\u00a0<a href=\"mailto:info@rtt.ee\">info@rtt.ee<\/a><\/p>\n","protected":false},"excerpt":{"rendered":"<p>Soodsaim 160 mm laiusega t\u00f6\u00f6stuslik etiketiprinter ! N\u00fc\u00fcdsest v\u00f5imalik kasutada ka Zebra Designer tarkvaraga. Enam ei ole oluline millises tarkvaras Etiketid on disainitud ! PRINTER ON MEIE M\u00dc\u00dcGISALONGIS V\u00c4LJAS.\u00a0TULE VAATAMA JA PROOVIME ! &nbsp; Broneeri aeg demoks :\u00a0+372 5087866\u00a0v\u00f5i\u00a0info@rtt.ee<\/p>\n","protected":false},"featured_media":362,"template":"","meta":[],"product_brand":[],"product_cat":[129],"product_tag":[],"class_list":{"0":"post-2283","1":"product","2":"type-product","3":"status-publish","4":"has-post-thumbnail","6":"product_cat-etiketiprinter-en","7":"product_brands-toshiba-en","9":"first","10":"outofstock","11":"taxable","12":"shipping-taxable","13":"purchasable","14":"product-type-simple"},"acf":[],"yoast_head":"<!-- This site is optimized with the Yoast SEO plugin v24.4 - https:\/\/yoast.com\/wordpress\/plugins\/seo\/ -->\n<title>Industrial Label Printer Toshiba TEC B-EX6 - RTT<\/title>\n<meta name=\"robots\" content=\"noindex, follow, max-snippet:-1, max-image-preview:large, max-video-preview:-1\" \/>\n<meta property=\"og:locale\" content=\"en_US\" \/>\n<meta property=\"og:type\" content=\"article\" \/>\n<meta property=\"og:title\" content=\"Industrial Label Printer Toshiba TEC B-EX6 - RTT\" \/>\n<meta property=\"og:description\" content=\"Soodsaim 160 mm laiusega t\u00f6\u00f6stuslik etiketiprinter ! N\u00fc\u00fcdsest v\u00f5imalik kasutada ka Zebra Designer tarkvaraga. Enam ei ole oluline millises tarkvaras Etiketid on disainitud ! PRINTER ON MEIE M\u00dc\u00dcGISALONGIS V\u00c4LJAS.\u00a0TULE VAATAMA JA PROOVIME ! &nbsp; Broneeri aeg demoks :\u00a0+372 5087866\u00a0v\u00f5i\u00a0info@rtt.ee\" \/>\n<meta property=\"og:url\" content=\"https:\/\/rtt-dev.sitewise.ee\/toode\/printerid\/etiketiprinter\/toostuslik-etiketiprinter-toshiba-tec-b-ex6\/\" \/>\n<meta property=\"og:site_name\" content=\"RTT\" \/>\n<meta property=\"article:modified_time\" content=\"2025-07-07T18:07:44+00:00\" \/>\n<meta property=\"og:image\" content=\"https:\/\/rtt-dev.sitewise.ee\/wp-content\/uploads\/2018\/10\/533_1_s-1024x681.jpg\" \/>\n\t<meta property=\"og:image:width\" content=\"1024\" \/>\n\t<meta property=\"og:image:height\" content=\"681\" \/>\n\t<meta property=\"og:image:type\" content=\"image\/jpeg\" \/>\n<meta name=\"twitter:card\" content=\"summary_large_image\" \/>\n<script type=\"application\/ld+json\" class=\"yoast-schema-graph\">{\"@context\":\"https:\/\/schema.org\",\"@graph\":[{\"@type\":\"WebPage\",\"@id\":\"https:\/\/rtt-dev.sitewise.ee\/toode\/printerid\/etiketiprinter\/toostuslik-etiketiprinter-toshiba-tec-b-ex6\/\",\"url\":\"https:\/\/rtt-dev.sitewise.ee\/toode\/printerid\/etiketiprinter\/toostuslik-etiketiprinter-toshiba-tec-b-ex6\/\",\"name\":\"Industrial Label Printer Toshiba TEC B-EX6 - RTT\",\"isPartOf\":{\"@id\":\"https:\/\/rtt-dev.sitewise.ee\/#website\"},\"primaryImageOfPage\":{\"@id\":\"https:\/\/rtt-dev.sitewise.ee\/toode\/printerid\/etiketiprinter\/toostuslik-etiketiprinter-toshiba-tec-b-ex6\/#primaryimage\"},\"image\":{\"@id\":\"https:\/\/rtt-dev.sitewise.ee\/toode\/printerid\/etiketiprinter\/toostuslik-etiketiprinter-toshiba-tec-b-ex6\/#primaryimage\"},\"thumbnailUrl\":\"https:\/\/rtt-dev.sitewise.ee\/wp-content\/uploads\/2018\/10\/533_1_s.jpg\",\"datePublished\":\"2018-10-15T23:05:04+00:00\",\"dateModified\":\"2025-07-07T18:07:44+00:00\",\"breadcrumb\":{\"@id\":\"https:\/\/rtt-dev.sitewise.ee\/toode\/printerid\/etiketiprinter\/toostuslik-etiketiprinter-toshiba-tec-b-ex6\/#breadcrumb\"},\"inLanguage\":\"en-US\",\"potentialAction\":[{\"@type\":\"ReadAction\",\"target\":[\"https:\/\/rtt-dev.sitewise.ee\/toode\/printerid\/etiketiprinter\/toostuslik-etiketiprinter-toshiba-tec-b-ex6\/\"]}]},{\"@type\":\"ImageObject\",\"inLanguage\":\"en-US\",\"@id\":\"https:\/\/rtt-dev.sitewise.ee\/toode\/printerid\/etiketiprinter\/toostuslik-etiketiprinter-toshiba-tec-b-ex6\/#primaryimage\",\"url\":\"https:\/\/rtt-dev.sitewise.ee\/wp-content\/uploads\/2018\/10\/533_1_s.jpg\",\"contentUrl\":\"https:\/\/rtt-dev.sitewise.ee\/wp-content\/uploads\/2018\/10\/533_1_s.jpg\",\"width\":4252,\"height\":2829},{\"@type\":\"BreadcrumbList\",\"@id\":\"https:\/\/rtt-dev.sitewise.ee\/toode\/printerid\/etiketiprinter\/toostuslik-etiketiprinter-toshiba-tec-b-ex6\/#breadcrumb\",\"itemListElement\":[{\"@type\":\"ListItem\",\"position\":1,\"name\":\"Home\",\"item\":\"https:\/\/rtt-dev.sitewise.ee\/\"},{\"@type\":\"ListItem\",\"position\":2,\"name\":\"Shop\",\"item\":\"https:\/\/rtt-dev.sitewise.ee\/pood\/\"},{\"@type\":\"ListItem\",\"position\":3,\"name\":\"Printerid\",\"item\":\"https:\/\/rtt-dev.sitewise.ee\/tootekategooria\/printerid\/\"},{\"@type\":\"ListItem\",\"position\":4,\"name\":\"Etiketiprinter\",\"item\":\"https:\/\/rtt-dev.sitewise.ee\/tootekategooria\/printerid\/etiketiprinter\/\"},{\"@type\":\"ListItem\",\"position\":5,\"name\":\"Industrial Label Printer Toshiba TEC B-EX6\"}]},{\"@type\":\"WebSite\",\"@id\":\"https:\/\/rtt-dev.sitewise.ee\/#website\",\"url\":\"https:\/\/rtt-dev.sitewise.ee\/\",\"name\":\"RTT\",\"description\":\"Kassaaparaadid ja kontorikaubad\",\"potentialAction\":[{\"@type\":\"SearchAction\",\"target\":{\"@type\":\"EntryPoint\",\"urlTemplate\":\"https:\/\/rtt-dev.sitewise.ee\/?s={search_term_string}\"},\"query-input\":{\"@type\":\"PropertyValueSpecification\",\"valueRequired\":true,\"valueName\":\"search_term_string\"}}],\"inLanguage\":\"en-US\"}]}<\/script>\n<!-- \/ Yoast SEO plugin. -->","yoast_head_json":{"title":"Industrial Label Printer Toshiba TEC B-EX6 - RTT","robots":{"index":"noindex","follow":"follow","max-snippet":"max-snippet:-1","max-image-preview":"max-image-preview:large","max-video-preview":"max-video-preview:-1"},"og_locale":"en_US","og_type":"article","og_title":"Industrial Label Printer Toshiba TEC B-EX6 - RTT","og_description":"Soodsaim 160 mm laiusega t\u00f6\u00f6stuslik etiketiprinter ! N\u00fc\u00fcdsest v\u00f5imalik kasutada ka Zebra Designer tarkvaraga. Enam ei ole oluline millises tarkvaras Etiketid on disainitud ! PRINTER ON MEIE M\u00dc\u00dcGISALONGIS V\u00c4LJAS.\u00a0TULE VAATAMA JA PROOVIME ! &nbsp; Broneeri aeg demoks :\u00a0+372 5087866\u00a0v\u00f5i\u00a0info@rtt.ee","og_url":"https:\/\/rtt-dev.sitewise.ee\/toode\/printerid\/etiketiprinter\/toostuslik-etiketiprinter-toshiba-tec-b-ex6\/","og_site_name":"RTT","article_modified_time":"2025-07-07T18:07:44+00:00","og_image":[{"width":1024,"height":681,"url":"https:\/\/rtt-dev.sitewise.ee\/wp-content\/uploads\/2018\/10\/533_1_s-1024x681.jpg","type":"image\/jpeg"}],"twitter_card":"summary_large_image","schema":{"@context":"https:\/\/schema.org","@graph":[{"@type":"WebPage","@id":"https:\/\/rtt-dev.sitewise.ee\/toode\/printerid\/etiketiprinter\/toostuslik-etiketiprinter-toshiba-tec-b-ex6\/","url":"https:\/\/rtt-dev.sitewise.ee\/toode\/printerid\/etiketiprinter\/toostuslik-etiketiprinter-toshiba-tec-b-ex6\/","name":"Industrial Label Printer Toshiba TEC B-EX6 - RTT","isPartOf":{"@id":"https:\/\/rtt-dev.sitewise.ee\/#website"},"primaryImageOfPage":{"@id":"https:\/\/rtt-dev.sitewise.ee\/toode\/printerid\/etiketiprinter\/toostuslik-etiketiprinter-toshiba-tec-b-ex6\/#primaryimage"},"image":{"@id":"https:\/\/rtt-dev.sitewise.ee\/toode\/printerid\/etiketiprinter\/toostuslik-etiketiprinter-toshiba-tec-b-ex6\/#primaryimage"},"thumbnailUrl":"https:\/\/rtt-dev.sitewise.ee\/wp-content\/uploads\/2018\/10\/533_1_s.jpg","datePublished":"2018-10-15T23:05:04+00:00","dateModified":"2025-07-07T18:07:44+00:00","breadcrumb":{"@id":"https:\/\/rtt-dev.sitewise.ee\/toode\/printerid\/etiketiprinter\/toostuslik-etiketiprinter-toshiba-tec-b-ex6\/#breadcrumb"},"inLanguage":"en-US","potentialAction":[{"@type":"ReadAction","target":["https:\/\/rtt-dev.sitewise.ee\/toode\/printerid\/etiketiprinter\/toostuslik-etiketiprinter-toshiba-tec-b-ex6\/"]}]},{"@type":"ImageObject","inLanguage":"en-US","@id":"https:\/\/rtt-dev.sitewise.ee\/toode\/printerid\/etiketiprinter\/toostuslik-etiketiprinter-toshiba-tec-b-ex6\/#primaryimage","url":"https:\/\/rtt-dev.sitewise.ee\/wp-content\/uploads\/2018\/10\/533_1_s.jpg","contentUrl":"https:\/\/rtt-dev.sitewise.ee\/wp-content\/uploads\/2018\/10\/533_1_s.jpg","width":4252,"height":2829},{"@type":"BreadcrumbList","@id":"https:\/\/rtt-dev.sitewise.ee\/toode\/printerid\/etiketiprinter\/toostuslik-etiketiprinter-toshiba-tec-b-ex6\/#breadcrumb","itemListElement":[{"@type":"ListItem","position":1,"name":"Home","item":"https:\/\/rtt-dev.sitewise.ee\/"},{"@type":"ListItem","position":2,"name":"Shop","item":"https:\/\/rtt-dev.sitewise.ee\/pood\/"},{"@type":"ListItem","position":3,"name":"Printerid","item":"https:\/\/rtt-dev.sitewise.ee\/tootekategooria\/printerid\/"},{"@type":"ListItem","position":4,"name":"Etiketiprinter","item":"https:\/\/rtt-dev.sitewise.ee\/tootekategooria\/printerid\/etiketiprinter\/"},{"@type":"ListItem","position":5,"name":"Industrial Label Printer Toshiba TEC B-EX6"}]},{"@type":"WebSite","@id":"https:\/\/rtt-dev.sitewise.ee\/#website","url":"https:\/\/rtt-dev.sitewise.ee\/","name":"RTT","description":"Kassaaparaadid ja kontorikaubad","potentialAction":[{"@type":"SearchAction","target":{"@type":"EntryPoint","urlTemplate":"https:\/\/rtt-dev.sitewise.ee\/?s={search_term_string}"},"query-input":{"@type":"PropertyValueSpecification","valueRequired":true,"valueName":"search_term_string"}}],"inLanguage":"en-US"}]}},"_links":{"self":[{"href":"https:\/\/rtt-dev.sitewise.ee\/en\/wp-json\/wp\/v2\/product\/2283","targetHints":{"allow":["GET"]}}],"collection":[{"href":"https:\/\/rtt-dev.sitewise.ee\/en\/wp-json\/wp\/v2\/product"}],"about":[{"href":"https:\/\/rtt-dev.sitewise.ee\/en\/wp-json\/wp\/v2\/types\/product"}],"wp:featuredmedia":[{"embeddable":true,"href":"https:\/\/rtt-dev.sitewise.ee\/en\/wp-json\/wp\/v2\/media\/362"}],"wp:attachment":[{"href":"https:\/\/rtt-dev.sitewise.ee\/en\/wp-json\/wp\/v2\/media?parent=2283"}],"wp:term":[{"taxonomy":"product_brand","embeddable":true,"href":"https:\/\/rtt-dev.sitewise.ee\/en\/wp-json\/wp\/v2\/product_brand?post=2283"},{"taxonomy":"product_cat","embeddable":true,"href":"https:\/\/rtt-dev.sitewise.ee\/en\/wp-json\/wp\/v2\/product_cat?post=2283"},{"taxonomy":"product_tag","embeddable":true,"href":"https:\/\/rtt-dev.sitewise.ee\/en\/wp-json\/wp\/v2\/product_tag?post=2283"}],"curies":[{"name":"wp","href":"https:\/\/api.w.org\/{rel}","templated":true}]}}