{"id":2245,"date":"2018-10-16T02:09:05","date_gmt":"2018-10-15T23:09:05","guid":{"rendered":"https:\/\/rtt-dev.sitewise.ee\/toode\/maaratlemata\/sharp-ll-s201a-20ae%c2%b3\/"},"modified":"2025-07-07T21:07:43","modified_gmt":"2025-07-07T18:07:43","slug":"sharp-ll-s201a-20ae%c2%b3","status":"publish","type":"product","link":"https:\/\/rtt-dev.sitewise.ee\/en\/toode\/reklaamekraanid-en\/sharp-ll-s201a-20ae%c2%b3\/","title":{"rendered":"SHARP LL-S201A 20 \u2033"},"content":{"rendered":"<p>Puutetundlikekraan loob paremad tingimused kliendiga suhtlemisel. Saate kuvada oma sisu v\u00f5i kasutada ka tootmises t\u00f6\u00f6de j\u00e4lgimiseks. Tegemist on \u00e4\u00e4rmiselt laia otstarbega seadmega, mis on leidnud kasutust koolides, meditsiiniasutustes ja disainib\u00fcroodes.<\/p>\n<p>10 punkti mahutundlik ekraan , passiivne pliiats; nurgaga jalg,\u00a0Sharp Display connect litsentsi ei sisalda.<\/p>\n<p>Lisainfo telefonil\u00a0+372 6 112 258\u00a0v\u00f5i\u00a0<a href=\"mailto:info@rtt.ee\">info@rtt.ee<\/a><\/p>\n","protected":false},"excerpt":{"rendered":"<p>Puutetundlikekraan loob paremad tingimused kliendiga suhtlemisel. Saate kuvada oma sisu v\u00f5i kasutada ka tootmises t\u00f6\u00f6de j\u00e4lgimiseks. Tegemist on \u00e4\u00e4rmiselt laia otstarbega seadmega, mis on leidnud kasutust koolides, meditsiiniasutustes ja disainib\u00fcroodes. 10 punkti mahutundlik ekraan , passiivne pliiats; nurgaga jalg,\u00a0Sharp Display connect litsentsi ei sisalda. Lisainfo telefonil\u00a0+372 6 112 258\u00a0v\u00f5i\u00a0info@rtt.ee<\/p>\n","protected":false},"featured_media":2246,"template":"","meta":[],"product_brand":[],"product_cat":[145],"product_tag":[],"class_list":{"0":"post-2245","1":"product","2":"type-product","3":"status-publish","4":"has-post-thumbnail","6":"product_cat-reklaamekraanid-en","7":"product_brands-sharp-en","9":"first","10":"outofstock","11":"taxable","12":"shipping-taxable","13":"purchasable","14":"product-type-simple"},"acf":[],"yoast_head":"<!-- This site is optimized with the Yoast SEO plugin v24.4 - https:\/\/yoast.com\/wordpress\/plugins\/seo\/ -->\n<title>SHARP LL-S201A 20 \u2033 - RTT<\/title>\n<meta name=\"robots\" content=\"noindex, follow, max-snippet:-1, max-image-preview:large, max-video-preview:-1\" \/>\n<meta property=\"og:locale\" content=\"en_US\" \/>\n<meta property=\"og:type\" content=\"article\" \/>\n<meta property=\"og:title\" content=\"SHARP LL-S201A 20 \u2033 - RTT\" \/>\n<meta property=\"og:description\" content=\"Puutetundlikekraan loob paremad tingimused kliendiga suhtlemisel. Saate kuvada oma sisu v\u00f5i kasutada ka tootmises t\u00f6\u00f6de j\u00e4lgimiseks. Tegemist on \u00e4\u00e4rmiselt laia otstarbega seadmega, mis on leidnud kasutust koolides, meditsiiniasutustes ja disainib\u00fcroodes. 10 punkti mahutundlik ekraan , passiivne pliiats; nurgaga jalg,\u00a0Sharp Display connect litsentsi ei sisalda. Lisainfo telefonil\u00a0+372 6 112 258\u00a0v\u00f5i\u00a0info@rtt.ee\" \/>\n<meta property=\"og:url\" content=\"https:\/\/rtt-dev.sitewise.ee\/?post_type=product&amp;p=1409\" \/>\n<meta property=\"og:site_name\" content=\"RTT\" \/>\n<meta property=\"article:modified_time\" content=\"2025-07-07T18:07:43+00:00\" \/>\n<meta property=\"og:image\" content=\"https:\/\/rtt-dev.sitewise.ee\/wp-content\/uploads\/2018\/10\/558_1_s.jpg\" \/>\n\t<meta property=\"og:image:width\" content=\"450\" \/>\n\t<meta property=\"og:image:height\" content=\"290\" \/>\n\t<meta property=\"og:image:type\" content=\"image\/jpeg\" \/>\n<meta name=\"twitter:card\" content=\"summary_large_image\" \/>\n<script type=\"application\/ld+json\" class=\"yoast-schema-graph\">{\"@context\":\"https:\/\/schema.org\",\"@graph\":[{\"@type\":\"WebPage\",\"@id\":\"https:\/\/rtt-dev.sitewise.ee\/?post_type=product&p=1409\",\"url\":\"https:\/\/rtt-dev.sitewise.ee\/?post_type=product&p=1409\",\"name\":\"SHARP LL-S201A 20 \u2033 - RTT\",\"isPartOf\":{\"@id\":\"https:\/\/rtt-dev.sitewise.ee\/#website\"},\"primaryImageOfPage\":{\"@id\":\"https:\/\/rtt-dev.sitewise.ee\/?post_type=product&p=1409#primaryimage\"},\"image\":{\"@id\":\"https:\/\/rtt-dev.sitewise.ee\/?post_type=product&p=1409#primaryimage\"},\"thumbnailUrl\":\"https:\/\/rtt-dev.sitewise.ee\/wp-content\/uploads\/2018\/10\/558_1_s.jpg\",\"datePublished\":\"2018-10-15T23:09:05+00:00\",\"dateModified\":\"2025-07-07T18:07:43+00:00\",\"breadcrumb\":{\"@id\":\"https:\/\/rtt-dev.sitewise.ee\/?post_type=product&p=1409#breadcrumb\"},\"inLanguage\":\"en-US\",\"potentialAction\":[{\"@type\":\"ReadAction\",\"target\":[\"https:\/\/rtt-dev.sitewise.ee\/?post_type=product&p=1409\"]}]},{\"@type\":\"ImageObject\",\"inLanguage\":\"en-US\",\"@id\":\"https:\/\/rtt-dev.sitewise.ee\/?post_type=product&p=1409#primaryimage\",\"url\":\"https:\/\/rtt-dev.sitewise.ee\/wp-content\/uploads\/2018\/10\/558_1_s.jpg\",\"contentUrl\":\"https:\/\/rtt-dev.sitewise.ee\/wp-content\/uploads\/2018\/10\/558_1_s.jpg\",\"width\":450,\"height\":290},{\"@type\":\"BreadcrumbList\",\"@id\":\"https:\/\/rtt-dev.sitewise.ee\/?post_type=product&p=1409#breadcrumb\",\"itemListElement\":[{\"@type\":\"ListItem\",\"position\":1,\"name\":\"Home\",\"item\":\"https:\/\/rtt-dev.sitewise.ee\/\"},{\"@type\":\"ListItem\",\"position\":2,\"name\":\"Shop\",\"item\":\"https:\/\/rtt-dev.sitewise.ee\/pood\/\"},{\"@type\":\"ListItem\",\"position\":3,\"name\":\"Reklaamekraanid\",\"item\":\"https:\/\/rtt-dev.sitewise.ee\/tootekategooria\/reklaamekraanid\/\"},{\"@type\":\"ListItem\",\"position\":4,\"name\":\"SHARP LL-S201A 20 \u2033\"}]},{\"@type\":\"WebSite\",\"@id\":\"https:\/\/rtt-dev.sitewise.ee\/#website\",\"url\":\"https:\/\/rtt-dev.sitewise.ee\/\",\"name\":\"RTT\",\"description\":\"Kassaaparaadid ja kontorikaubad\",\"potentialAction\":[{\"@type\":\"SearchAction\",\"target\":{\"@type\":\"EntryPoint\",\"urlTemplate\":\"https:\/\/rtt-dev.sitewise.ee\/?s={search_term_string}\"},\"query-input\":{\"@type\":\"PropertyValueSpecification\",\"valueRequired\":true,\"valueName\":\"search_term_string\"}}],\"inLanguage\":\"en-US\"}]}<\/script>\n<!-- \/ Yoast SEO plugin. -->","yoast_head_json":{"title":"SHARP LL-S201A 20 \u2033 - RTT","robots":{"index":"noindex","follow":"follow","max-snippet":"max-snippet:-1","max-image-preview":"max-image-preview:large","max-video-preview":"max-video-preview:-1"},"og_locale":"en_US","og_type":"article","og_title":"SHARP LL-S201A 20 \u2033 - RTT","og_description":"Puutetundlikekraan loob paremad tingimused kliendiga suhtlemisel. Saate kuvada oma sisu v\u00f5i kasutada ka tootmises t\u00f6\u00f6de j\u00e4lgimiseks. Tegemist on \u00e4\u00e4rmiselt laia otstarbega seadmega, mis on leidnud kasutust koolides, meditsiiniasutustes ja disainib\u00fcroodes. 10 punkti mahutundlik ekraan , passiivne pliiats; nurgaga jalg,\u00a0Sharp Display connect litsentsi ei sisalda. Lisainfo telefonil\u00a0+372 6 112 258\u00a0v\u00f5i\u00a0info@rtt.ee","og_url":"https:\/\/rtt-dev.sitewise.ee\/?post_type=product&p=1409","og_site_name":"RTT","article_modified_time":"2025-07-07T18:07:43+00:00","og_image":[{"width":450,"height":290,"url":"https:\/\/rtt-dev.sitewise.ee\/wp-content\/uploads\/2018\/10\/558_1_s.jpg","type":"image\/jpeg"}],"twitter_card":"summary_large_image","schema":{"@context":"https:\/\/schema.org","@graph":[{"@type":"WebPage","@id":"https:\/\/rtt-dev.sitewise.ee\/?post_type=product&p=1409","url":"https:\/\/rtt-dev.sitewise.ee\/?post_type=product&p=1409","name":"SHARP LL-S201A 20 \u2033 - RTT","isPartOf":{"@id":"https:\/\/rtt-dev.sitewise.ee\/#website"},"primaryImageOfPage":{"@id":"https:\/\/rtt-dev.sitewise.ee\/?post_type=product&p=1409#primaryimage"},"image":{"@id":"https:\/\/rtt-dev.sitewise.ee\/?post_type=product&p=1409#primaryimage"},"thumbnailUrl":"https:\/\/rtt-dev.sitewise.ee\/wp-content\/uploads\/2018\/10\/558_1_s.jpg","datePublished":"2018-10-15T23:09:05+00:00","dateModified":"2025-07-07T18:07:43+00:00","breadcrumb":{"@id":"https:\/\/rtt-dev.sitewise.ee\/?post_type=product&p=1409#breadcrumb"},"inLanguage":"en-US","potentialAction":[{"@type":"ReadAction","target":["https:\/\/rtt-dev.sitewise.ee\/?post_type=product&p=1409"]}]},{"@type":"ImageObject","inLanguage":"en-US","@id":"https:\/\/rtt-dev.sitewise.ee\/?post_type=product&p=1409#primaryimage","url":"https:\/\/rtt-dev.sitewise.ee\/wp-content\/uploads\/2018\/10\/558_1_s.jpg","contentUrl":"https:\/\/rtt-dev.sitewise.ee\/wp-content\/uploads\/2018\/10\/558_1_s.jpg","width":450,"height":290},{"@type":"BreadcrumbList","@id":"https:\/\/rtt-dev.sitewise.ee\/?post_type=product&p=1409#breadcrumb","itemListElement":[{"@type":"ListItem","position":1,"name":"Home","item":"https:\/\/rtt-dev.sitewise.ee\/"},{"@type":"ListItem","position":2,"name":"Shop","item":"https:\/\/rtt-dev.sitewise.ee\/pood\/"},{"@type":"ListItem","position":3,"name":"Reklaamekraanid","item":"https:\/\/rtt-dev.sitewise.ee\/tootekategooria\/reklaamekraanid\/"},{"@type":"ListItem","position":4,"name":"SHARP LL-S201A 20 \u2033"}]},{"@type":"WebSite","@id":"https:\/\/rtt-dev.sitewise.ee\/#website","url":"https:\/\/rtt-dev.sitewise.ee\/","name":"RTT","description":"Kassaaparaadid ja kontorikaubad","potentialAction":[{"@type":"SearchAction","target":{"@type":"EntryPoint","urlTemplate":"https:\/\/rtt-dev.sitewise.ee\/?s={search_term_string}"},"query-input":{"@type":"PropertyValueSpecification","valueRequired":true,"valueName":"search_term_string"}}],"inLanguage":"en-US"}]}},"_links":{"self":[{"href":"https:\/\/rtt-dev.sitewise.ee\/en\/wp-json\/wp\/v2\/product\/2245","targetHints":{"allow":["GET"]}}],"collection":[{"href":"https:\/\/rtt-dev.sitewise.ee\/en\/wp-json\/wp\/v2\/product"}],"about":[{"href":"https:\/\/rtt-dev.sitewise.ee\/en\/wp-json\/wp\/v2\/types\/product"}],"wp:featuredmedia":[{"embeddable":true,"href":"https:\/\/rtt-dev.sitewise.ee\/en\/wp-json\/wp\/v2\/media\/2246"}],"wp:attachment":[{"href":"https:\/\/rtt-dev.sitewise.ee\/en\/wp-json\/wp\/v2\/media?parent=2245"}],"wp:term":[{"taxonomy":"product_brand","embeddable":true,"href":"https:\/\/rtt-dev.sitewise.ee\/en\/wp-json\/wp\/v2\/product_brand?post=2245"},{"taxonomy":"product_cat","embeddable":true,"href":"https:\/\/rtt-dev.sitewise.ee\/en\/wp-json\/wp\/v2\/product_cat?post=2245"},{"taxonomy":"product_tag","embeddable":true,"href":"https:\/\/rtt-dev.sitewise.ee\/en\/wp-json\/wp\/v2\/product_tag?post=2245"}],"curies":[{"name":"wp","href":"https:\/\/api.w.org\/{rel}","templated":true}]}}