{"id":2173,"date":"2018-10-16T02:13:11","date_gmt":"2018-10-15T23:13:11","guid":{"rendered":"https:\/\/rtt-dev.sitewise.ee\/toode\/maaratlemata\/sharp-mx-c300w\/"},"modified":"2025-07-07T21:07:42","modified_gmt":"2025-07-07T18:07:42","slug":"sharp-mx-c300w","status":"publish","type":"product","link":"https:\/\/rtt-dev.sitewise.ee\/en\/toode\/koopiamasinad-en\/varvilised-koopiamasinad-en\/sharp-mx-c300w\/","title":{"rendered":"SHARP MX-C300W"},"content":{"rendered":"<p class=\"&quot;western&quot;\"><strong>Sharp MX-C300W<\/strong><\/p>\n<p class=\"&quot;western&quot;\">Stiilse disainiga kompaktne A4 digitaalne multifunktsionaalne v\u00e4rviseade koos automaatse kahepoolse dokumendis\u00f6\u00f6tja,<br \/>\ndupleksseadme, \u00fche paberisahtli, k\u00e4sis\u00f6\u00f6du, v\u00f5rguprinteri, v\u00f5rgusk\u00e4nneri ja faksiga.<br \/>\nSeade on m\u00f5eldud kontorisse, kus igap\u00e4eva t\u00f6\u00f6s ei vajata A3 formaadis v\u00e4ljatr\u00fckke,<br \/>\nolulised on aga suurtele kontorikombainidele omased v\u00f5imalused.<\/p>\n<p class=\"&quot;western&quot;\">\n<p class=\"&quot;western&quot;\"><strong>Lisainfo:<\/strong><\/p>\n<p class=\"&quot;western&quot;\"><strong>Imre Kuuskmann<br \/>\nTel: +372 6 112 256<br \/>\nGSM: +372 5 014 470<br \/>\nimre.kuuskmann@rtt.ee<\/strong><\/p>\n","protected":false},"excerpt":{"rendered":"<p>Sharp MX-C300W Stiilse disainiga kompaktne A4 digitaalne multifunktsionaalne v\u00e4rviseade koos automaatse kahepoolse dokumendis\u00f6\u00f6tja, dupleksseadme, \u00fche paberisahtli, k\u00e4sis\u00f6\u00f6du, v\u00f5rguprinteri, v\u00f5rgusk\u00e4nneri ja faksiga. Seade on m\u00f5eldud kontorisse, kus igap\u00e4eva t\u00f6\u00f6s ei vajata A3 formaadis v\u00e4ljatr\u00fckke, olulised on aga suurtele kontorikombainidele omased v\u00f5imalused. Lisainfo: Imre Kuuskmann Tel: +372 6 112 256 GSM: +372 5 014 470 imre.kuuskmann@rtt.ee<\/p>\n","protected":false},"featured_media":2176,"template":"","meta":[],"product_brand":[],"product_cat":[116],"product_tag":[],"class_list":{"0":"post-2173","1":"product","2":"type-product","3":"status-publish","4":"has-post-thumbnail","6":"product_cat-varvilised-koopiamasinad-en","8":"first","9":"outofstock","10":"taxable","11":"shipping-taxable","12":"purchasable","13":"product-type-simple"},"acf":[],"yoast_head":"<!-- This site is optimized with the Yoast SEO plugin v24.4 - https:\/\/yoast.com\/wordpress\/plugins\/seo\/ -->\n<title>SHARP MX-C300W - RTT<\/title>\n<meta name=\"robots\" content=\"noindex, follow, max-snippet:-1, max-image-preview:large, max-video-preview:-1\" \/>\n<meta property=\"og:locale\" content=\"en_US\" \/>\n<meta property=\"og:type\" content=\"article\" \/>\n<meta property=\"og:title\" content=\"SHARP MX-C300W - RTT\" \/>\n<meta property=\"og:description\" content=\"Sharp MX-C300W Stiilse disainiga kompaktne A4 digitaalne multifunktsionaalne v\u00e4rviseade koos automaatse kahepoolse dokumendis\u00f6\u00f6tja, dupleksseadme, \u00fche paberisahtli, k\u00e4sis\u00f6\u00f6du, v\u00f5rguprinteri, v\u00f5rgusk\u00e4nneri ja faksiga. Seade on m\u00f5eldud kontorisse, kus igap\u00e4eva t\u00f6\u00f6s ei vajata A3 formaadis v\u00e4ljatr\u00fckke, olulised on aga suurtele kontorikombainidele omased v\u00f5imalused. Lisainfo: Imre Kuuskmann Tel: +372 6 112 256 GSM: +372 5 014 470 imre.kuuskmann@rtt.ee\" \/>\n<meta property=\"og:url\" content=\"https:\/\/rtt-dev.sitewise.ee\/en\/toode\/koopiamasinad-en\/varvilised-koopiamasinad-en\/sharp-mx-c300w\/\" \/>\n<meta property=\"og:site_name\" content=\"RTT\" \/>\n<meta property=\"article:modified_time\" content=\"2025-07-07T18:07:42+00:00\" \/>\n<meta property=\"og:image\" content=\"https:\/\/rtt-dev.sitewise.ee\/wp-content\/uploads\/2018\/10\/584_1_s.jpg\" \/>\n\t<meta property=\"og:image:width\" content=\"1200\" \/>\n\t<meta property=\"og:image:height\" content=\"1100\" \/>\n\t<meta property=\"og:image:type\" content=\"image\/jpeg\" \/>\n<meta name=\"twitter:card\" content=\"summary_large_image\" \/>\n<script type=\"application\/ld+json\" class=\"yoast-schema-graph\">{\"@context\":\"https:\/\/schema.org\",\"@graph\":[{\"@type\":\"WebPage\",\"@id\":\"https:\/\/rtt-dev.sitewise.ee\/en\/toode\/koopiamasinad-en\/varvilised-koopiamasinad-en\/sharp-mx-c300w\/\",\"url\":\"https:\/\/rtt-dev.sitewise.ee\/en\/toode\/koopiamasinad-en\/varvilised-koopiamasinad-en\/sharp-mx-c300w\/\",\"name\":\"SHARP MX-C300W - RTT\",\"isPartOf\":{\"@id\":\"https:\/\/rtt-dev.sitewise.ee\/#website\"},\"primaryImageOfPage\":{\"@id\":\"https:\/\/rtt-dev.sitewise.ee\/en\/toode\/koopiamasinad-en\/varvilised-koopiamasinad-en\/sharp-mx-c300w\/#primaryimage\"},\"image\":{\"@id\":\"https:\/\/rtt-dev.sitewise.ee\/en\/toode\/koopiamasinad-en\/varvilised-koopiamasinad-en\/sharp-mx-c300w\/#primaryimage\"},\"thumbnailUrl\":\"https:\/\/rtt-dev.sitewise.ee\/wp-content\/uploads\/2018\/10\/584_1_s.jpg\",\"datePublished\":\"2018-10-15T23:13:11+00:00\",\"dateModified\":\"2025-07-07T18:07:42+00:00\",\"breadcrumb\":{\"@id\":\"https:\/\/rtt-dev.sitewise.ee\/en\/toode\/koopiamasinad-en\/varvilised-koopiamasinad-en\/sharp-mx-c300w\/#breadcrumb\"},\"inLanguage\":\"en-US\",\"potentialAction\":[{\"@type\":\"ReadAction\",\"target\":[\"https:\/\/rtt-dev.sitewise.ee\/en\/toode\/koopiamasinad-en\/varvilised-koopiamasinad-en\/sharp-mx-c300w\/\"]}]},{\"@type\":\"ImageObject\",\"inLanguage\":\"en-US\",\"@id\":\"https:\/\/rtt-dev.sitewise.ee\/en\/toode\/koopiamasinad-en\/varvilised-koopiamasinad-en\/sharp-mx-c300w\/#primaryimage\",\"url\":\"https:\/\/rtt-dev.sitewise.ee\/wp-content\/uploads\/2018\/10\/584_1_s.jpg\",\"contentUrl\":\"https:\/\/rtt-dev.sitewise.ee\/wp-content\/uploads\/2018\/10\/584_1_s.jpg\",\"width\":1200,\"height\":1100},{\"@type\":\"BreadcrumbList\",\"@id\":\"https:\/\/rtt-dev.sitewise.ee\/en\/toode\/koopiamasinad-en\/varvilised-koopiamasinad-en\/sharp-mx-c300w\/#breadcrumb\",\"itemListElement\":[{\"@type\":\"ListItem\",\"position\":1,\"name\":\"Home\",\"item\":\"https:\/\/rtt-dev.sitewise.ee\/\"},{\"@type\":\"ListItem\",\"position\":2,\"name\":\"Shop\",\"item\":\"https:\/\/rtt-dev.sitewise.ee\/pood\/\"},{\"@type\":\"ListItem\",\"position\":3,\"name\":\"Koopiamasinad\",\"item\":\"https:\/\/rtt-dev.sitewise.ee\/tootekategooria\/koopiamasinad\/\"},{\"@type\":\"ListItem\",\"position\":4,\"name\":\"V\u00e4rvi koopiamasinad\",\"item\":\"https:\/\/rtt-dev.sitewise.ee\/tootekategooria\/koopiamasinad\/varvi-koopiamasinad\/\"},{\"@type\":\"ListItem\",\"position\":5,\"name\":\"SHARP MX-C300W\"}]},{\"@type\":\"WebSite\",\"@id\":\"https:\/\/rtt-dev.sitewise.ee\/#website\",\"url\":\"https:\/\/rtt-dev.sitewise.ee\/\",\"name\":\"RTT\",\"description\":\"Kassaaparaadid ja kontorikaubad\",\"potentialAction\":[{\"@type\":\"SearchAction\",\"target\":{\"@type\":\"EntryPoint\",\"urlTemplate\":\"https:\/\/rtt-dev.sitewise.ee\/?s={search_term_string}\"},\"query-input\":{\"@type\":\"PropertyValueSpecification\",\"valueRequired\":true,\"valueName\":\"search_term_string\"}}],\"inLanguage\":\"en-US\"}]}<\/script>\n<!-- \/ Yoast SEO plugin. -->","yoast_head_json":{"title":"SHARP MX-C300W - RTT","robots":{"index":"noindex","follow":"follow","max-snippet":"max-snippet:-1","max-image-preview":"max-image-preview:large","max-video-preview":"max-video-preview:-1"},"og_locale":"en_US","og_type":"article","og_title":"SHARP MX-C300W - RTT","og_description":"Sharp MX-C300W Stiilse disainiga kompaktne A4 digitaalne multifunktsionaalne v\u00e4rviseade koos automaatse kahepoolse dokumendis\u00f6\u00f6tja, dupleksseadme, \u00fche paberisahtli, k\u00e4sis\u00f6\u00f6du, v\u00f5rguprinteri, v\u00f5rgusk\u00e4nneri ja faksiga. Seade on m\u00f5eldud kontorisse, kus igap\u00e4eva t\u00f6\u00f6s ei vajata A3 formaadis v\u00e4ljatr\u00fckke, olulised on aga suurtele kontorikombainidele omased v\u00f5imalused. Lisainfo: Imre Kuuskmann Tel: +372 6 112 256 GSM: +372 5 014 470 imre.kuuskmann@rtt.ee","og_url":"https:\/\/rtt-dev.sitewise.ee\/en\/toode\/koopiamasinad-en\/varvilised-koopiamasinad-en\/sharp-mx-c300w\/","og_site_name":"RTT","article_modified_time":"2025-07-07T18:07:42+00:00","og_image":[{"width":1200,"height":1100,"url":"https:\/\/rtt-dev.sitewise.ee\/wp-content\/uploads\/2018\/10\/584_1_s.jpg","type":"image\/jpeg"}],"twitter_card":"summary_large_image","schema":{"@context":"https:\/\/schema.org","@graph":[{"@type":"WebPage","@id":"https:\/\/rtt-dev.sitewise.ee\/en\/toode\/koopiamasinad-en\/varvilised-koopiamasinad-en\/sharp-mx-c300w\/","url":"https:\/\/rtt-dev.sitewise.ee\/en\/toode\/koopiamasinad-en\/varvilised-koopiamasinad-en\/sharp-mx-c300w\/","name":"SHARP MX-C300W - RTT","isPartOf":{"@id":"https:\/\/rtt-dev.sitewise.ee\/#website"},"primaryImageOfPage":{"@id":"https:\/\/rtt-dev.sitewise.ee\/en\/toode\/koopiamasinad-en\/varvilised-koopiamasinad-en\/sharp-mx-c300w\/#primaryimage"},"image":{"@id":"https:\/\/rtt-dev.sitewise.ee\/en\/toode\/koopiamasinad-en\/varvilised-koopiamasinad-en\/sharp-mx-c300w\/#primaryimage"},"thumbnailUrl":"https:\/\/rtt-dev.sitewise.ee\/wp-content\/uploads\/2018\/10\/584_1_s.jpg","datePublished":"2018-10-15T23:13:11+00:00","dateModified":"2025-07-07T18:07:42+00:00","breadcrumb":{"@id":"https:\/\/rtt-dev.sitewise.ee\/en\/toode\/koopiamasinad-en\/varvilised-koopiamasinad-en\/sharp-mx-c300w\/#breadcrumb"},"inLanguage":"en-US","potentialAction":[{"@type":"ReadAction","target":["https:\/\/rtt-dev.sitewise.ee\/en\/toode\/koopiamasinad-en\/varvilised-koopiamasinad-en\/sharp-mx-c300w\/"]}]},{"@type":"ImageObject","inLanguage":"en-US","@id":"https:\/\/rtt-dev.sitewise.ee\/en\/toode\/koopiamasinad-en\/varvilised-koopiamasinad-en\/sharp-mx-c300w\/#primaryimage","url":"https:\/\/rtt-dev.sitewise.ee\/wp-content\/uploads\/2018\/10\/584_1_s.jpg","contentUrl":"https:\/\/rtt-dev.sitewise.ee\/wp-content\/uploads\/2018\/10\/584_1_s.jpg","width":1200,"height":1100},{"@type":"BreadcrumbList","@id":"https:\/\/rtt-dev.sitewise.ee\/en\/toode\/koopiamasinad-en\/varvilised-koopiamasinad-en\/sharp-mx-c300w\/#breadcrumb","itemListElement":[{"@type":"ListItem","position":1,"name":"Home","item":"https:\/\/rtt-dev.sitewise.ee\/"},{"@type":"ListItem","position":2,"name":"Shop","item":"https:\/\/rtt-dev.sitewise.ee\/pood\/"},{"@type":"ListItem","position":3,"name":"Koopiamasinad","item":"https:\/\/rtt-dev.sitewise.ee\/tootekategooria\/koopiamasinad\/"},{"@type":"ListItem","position":4,"name":"V\u00e4rvi koopiamasinad","item":"https:\/\/rtt-dev.sitewise.ee\/tootekategooria\/koopiamasinad\/varvi-koopiamasinad\/"},{"@type":"ListItem","position":5,"name":"SHARP MX-C300W"}]},{"@type":"WebSite","@id":"https:\/\/rtt-dev.sitewise.ee\/#website","url":"https:\/\/rtt-dev.sitewise.ee\/","name":"RTT","description":"Kassaaparaadid ja kontorikaubad","potentialAction":[{"@type":"SearchAction","target":{"@type":"EntryPoint","urlTemplate":"https:\/\/rtt-dev.sitewise.ee\/?s={search_term_string}"},"query-input":{"@type":"PropertyValueSpecification","valueRequired":true,"valueName":"search_term_string"}}],"inLanguage":"en-US"}]}},"_links":{"self":[{"href":"https:\/\/rtt-dev.sitewise.ee\/en\/wp-json\/wp\/v2\/product\/2173","targetHints":{"allow":["GET"]}}],"collection":[{"href":"https:\/\/rtt-dev.sitewise.ee\/en\/wp-json\/wp\/v2\/product"}],"about":[{"href":"https:\/\/rtt-dev.sitewise.ee\/en\/wp-json\/wp\/v2\/types\/product"}],"wp:featuredmedia":[{"embeddable":true,"href":"https:\/\/rtt-dev.sitewise.ee\/en\/wp-json\/wp\/v2\/media\/2176"}],"wp:attachment":[{"href":"https:\/\/rtt-dev.sitewise.ee\/en\/wp-json\/wp\/v2\/media?parent=2173"}],"wp:term":[{"taxonomy":"product_brand","embeddable":true,"href":"https:\/\/rtt-dev.sitewise.ee\/en\/wp-json\/wp\/v2\/product_brand?post=2173"},{"taxonomy":"product_cat","embeddable":true,"href":"https:\/\/rtt-dev.sitewise.ee\/en\/wp-json\/wp\/v2\/product_cat?post=2173"},{"taxonomy":"product_tag","embeddable":true,"href":"https:\/\/rtt-dev.sitewise.ee\/en\/wp-json\/wp\/v2\/product_tag?post=2173"}],"curies":[{"name":"wp","href":"https:\/\/api.w.org\/{rel}","templated":true}]}}