{"id":2076,"date":"2018-10-16T02:20:38","date_gmt":"2018-10-15T23:20:38","guid":{"rendered":"https:\/\/rtt-dev.sitewise.ee\/toode\/maaratlemata\/etiketiprinter-zebra-zd420-termo-termosiirelan\/"},"modified":"2025-07-07T21:07:41","modified_gmt":"2025-07-07T18:07:41","slug":"etiketiprinter-zebra-zd420-thermal-thermaltransfer-lan","status":"publish","type":"product","link":"https:\/\/rtt-dev.sitewise.ee\/en\/toode\/printerid-en\/etiketiprinter-en\/etiketiprinter-zebra-zd420-thermal-thermaltransfer-lan\/","title":{"rendered":"Label Printer Zebra ZD420 Thermal\/Thermal Transfer, LAN"},"content":{"rendered":"<p>Tr\u00fckitehnoloogia: Termo\/Termosiire<br \/>\nresolutsioon 203dpi<br \/>\nusb,LAN<br \/>\ntr\u00fckikiirus max 152\u00a0mm\/sek<br \/>\nm\u00e4lu 512MB<br \/>\nmaksimum paberilaius 118mm<br \/>\nmaksimum printimislaius 104mm<br \/>\nmiinimum printimislaius 19mm<br \/>\nprintimiskiirus 127mm\/1sek<br \/>\nmaksimum etiketirulli l\u00e4bim\u00f5\u00f5t 127mm(pool40mm)<br \/>\n<strong>termokile 110mm x 300m\u00a0 \u00a0<\/strong><br \/>\nkomplektis etiketikujundustarkvara (tekst,triipkoodid)<br \/>\nUSB kaabel<br \/>\nm\u00f5\u00f5dud: 254mm x 202mm x 177mm<\/p>\n","protected":false},"excerpt":{"rendered":"<p>Tr\u00fckitehnoloogia: Termo\/Termosiire resolutsioon 203dpi usb,LAN tr\u00fckikiirus max 152\u00a0mm\/sek m\u00e4lu 512MB maksimum paberilaius 118mm maksimum printimislaius 104mm miinimum printimislaius 19mm printimiskiirus 127mm\/1sek maksimum etiketirulli l\u00e4bim\u00f5\u00f5t 127mm(pool40mm) termokile 110mm x 300m\u00a0 \u00a0 komplektis etiketikujundustarkvara (tekst,triipkoodid) USB kaabel m\u00f5\u00f5dud: 254mm x 202mm x 177mm<\/p>\n","protected":false},"featured_media":2077,"template":"","meta":[],"product_brand":[],"product_cat":[129],"product_tag":[],"class_list":{"0":"post-2076","1":"product","2":"type-product","3":"status-publish","4":"has-post-thumbnail","6":"product_cat-etiketiprinter-en","7":"product_brands-zebra-en","9":"first","10":"instock","11":"taxable","12":"shipping-taxable","13":"purchasable","14":"product-type-simple"},"acf":[],"yoast_head":"<!-- This site is optimized with the Yoast SEO plugin v24.4 - https:\/\/yoast.com\/wordpress\/plugins\/seo\/ -->\n<title>Label Printer Zebra ZD420 Thermal\/Thermal Transfer, LAN - RTT<\/title>\n<meta name=\"robots\" content=\"noindex, follow, max-snippet:-1, max-image-preview:large, max-video-preview:-1\" \/>\n<meta property=\"og:locale\" content=\"en_US\" \/>\n<meta property=\"og:type\" content=\"article\" \/>\n<meta property=\"og:title\" content=\"Label Printer Zebra ZD420 Thermal\/Thermal Transfer, LAN - RTT\" \/>\n<meta property=\"og:description\" content=\"Tr\u00fckitehnoloogia: Termo\/Termosiire resolutsioon 203dpi usb,LAN tr\u00fckikiirus max 152\u00a0mm\/sek m\u00e4lu 512MB maksimum paberilaius 118mm maksimum printimislaius 104mm miinimum printimislaius 19mm printimiskiirus 127mm\/1sek maksimum etiketirulli l\u00e4bim\u00f5\u00f5t 127mm(pool40mm) termokile 110mm x 300m\u00a0 \u00a0 komplektis etiketikujundustarkvara (tekst,triipkoodid) USB kaabel m\u00f5\u00f5dud: 254mm x 202mm x 177mm\" \/>\n<meta property=\"og:url\" content=\"https:\/\/rtt-dev.sitewise.ee\/toode\/printerid\/etiketiprinter\/etiketiprinter-zebra-zd420-termo-termosiirelan\/\" \/>\n<meta property=\"og:site_name\" content=\"RTT\" \/>\n<meta property=\"article:modified_time\" content=\"2025-07-07T18:07:41+00:00\" \/>\n<meta property=\"og:image\" content=\"https:\/\/rtt-dev.sitewise.ee\/wp-content\/uploads\/2018\/10\/614_1_s.jpg\" \/>\n\t<meta property=\"og:image:width\" content=\"300\" \/>\n\t<meta property=\"og:image:height\" content=\"225\" \/>\n\t<meta property=\"og:image:type\" content=\"image\/jpeg\" \/>\n<meta name=\"twitter:card\" content=\"summary_large_image\" \/>\n<script type=\"application\/ld+json\" class=\"yoast-schema-graph\">{\"@context\":\"https:\/\/schema.org\",\"@graph\":[{\"@type\":\"WebPage\",\"@id\":\"https:\/\/rtt-dev.sitewise.ee\/toode\/printerid\/etiketiprinter\/etiketiprinter-zebra-zd420-termo-termosiirelan\/\",\"url\":\"https:\/\/rtt-dev.sitewise.ee\/toode\/printerid\/etiketiprinter\/etiketiprinter-zebra-zd420-termo-termosiirelan\/\",\"name\":\"Label Printer Zebra ZD420 Thermal\/Thermal Transfer, LAN - RTT\",\"isPartOf\":{\"@id\":\"https:\/\/rtt-dev.sitewise.ee\/#website\"},\"primaryImageOfPage\":{\"@id\":\"https:\/\/rtt-dev.sitewise.ee\/toode\/printerid\/etiketiprinter\/etiketiprinter-zebra-zd420-termo-termosiirelan\/#primaryimage\"},\"image\":{\"@id\":\"https:\/\/rtt-dev.sitewise.ee\/toode\/printerid\/etiketiprinter\/etiketiprinter-zebra-zd420-termo-termosiirelan\/#primaryimage\"},\"thumbnailUrl\":\"https:\/\/rtt-dev.sitewise.ee\/wp-content\/uploads\/2018\/10\/614_1_s.jpg\",\"datePublished\":\"2018-10-15T23:20:38+00:00\",\"dateModified\":\"2025-07-07T18:07:41+00:00\",\"breadcrumb\":{\"@id\":\"https:\/\/rtt-dev.sitewise.ee\/toode\/printerid\/etiketiprinter\/etiketiprinter-zebra-zd420-termo-termosiirelan\/#breadcrumb\"},\"inLanguage\":\"en-US\",\"potentialAction\":[{\"@type\":\"ReadAction\",\"target\":[\"https:\/\/rtt-dev.sitewise.ee\/toode\/printerid\/etiketiprinter\/etiketiprinter-zebra-zd420-termo-termosiirelan\/\"]}]},{\"@type\":\"ImageObject\",\"inLanguage\":\"en-US\",\"@id\":\"https:\/\/rtt-dev.sitewise.ee\/toode\/printerid\/etiketiprinter\/etiketiprinter-zebra-zd420-termo-termosiirelan\/#primaryimage\",\"url\":\"https:\/\/rtt-dev.sitewise.ee\/wp-content\/uploads\/2018\/10\/614_1_s.jpg\",\"contentUrl\":\"https:\/\/rtt-dev.sitewise.ee\/wp-content\/uploads\/2018\/10\/614_1_s.jpg\",\"width\":300,\"height\":225},{\"@type\":\"BreadcrumbList\",\"@id\":\"https:\/\/rtt-dev.sitewise.ee\/toode\/printerid\/etiketiprinter\/etiketiprinter-zebra-zd420-termo-termosiirelan\/#breadcrumb\",\"itemListElement\":[{\"@type\":\"ListItem\",\"position\":1,\"name\":\"Home\",\"item\":\"https:\/\/rtt-dev.sitewise.ee\/\"},{\"@type\":\"ListItem\",\"position\":2,\"name\":\"Shop\",\"item\":\"https:\/\/rtt-dev.sitewise.ee\/pood\/\"},{\"@type\":\"ListItem\",\"position\":3,\"name\":\"Printerid\",\"item\":\"https:\/\/rtt-dev.sitewise.ee\/tootekategooria\/printerid\/\"},{\"@type\":\"ListItem\",\"position\":4,\"name\":\"Label printers\",\"item\":\"https:\/\/rtt-dev.sitewise.ee\/en\/tootekategooria\/printerid-en\/etiketiprinter-en\/\"},{\"@type\":\"ListItem\",\"position\":5,\"name\":\"Label Printer Zebra ZD420 Thermal\/Thermal Transfer, LAN\"}]},{\"@type\":\"WebSite\",\"@id\":\"https:\/\/rtt-dev.sitewise.ee\/#website\",\"url\":\"https:\/\/rtt-dev.sitewise.ee\/\",\"name\":\"RTT\",\"description\":\"Kassaaparaadid ja kontorikaubad\",\"potentialAction\":[{\"@type\":\"SearchAction\",\"target\":{\"@type\":\"EntryPoint\",\"urlTemplate\":\"https:\/\/rtt-dev.sitewise.ee\/?s={search_term_string}\"},\"query-input\":{\"@type\":\"PropertyValueSpecification\",\"valueRequired\":true,\"valueName\":\"search_term_string\"}}],\"inLanguage\":\"en-US\"}]}<\/script>\n<!-- \/ Yoast SEO plugin. -->","yoast_head_json":{"title":"Label Printer Zebra ZD420 Thermal\/Thermal Transfer, LAN - RTT","robots":{"index":"noindex","follow":"follow","max-snippet":"max-snippet:-1","max-image-preview":"max-image-preview:large","max-video-preview":"max-video-preview:-1"},"og_locale":"en_US","og_type":"article","og_title":"Label Printer Zebra ZD420 Thermal\/Thermal Transfer, LAN - RTT","og_description":"Tr\u00fckitehnoloogia: Termo\/Termosiire resolutsioon 203dpi usb,LAN tr\u00fckikiirus max 152\u00a0mm\/sek m\u00e4lu 512MB maksimum paberilaius 118mm maksimum printimislaius 104mm miinimum printimislaius 19mm printimiskiirus 127mm\/1sek maksimum etiketirulli l\u00e4bim\u00f5\u00f5t 127mm(pool40mm) termokile 110mm x 300m\u00a0 \u00a0 komplektis etiketikujundustarkvara (tekst,triipkoodid) USB kaabel m\u00f5\u00f5dud: 254mm x 202mm x 177mm","og_url":"https:\/\/rtt-dev.sitewise.ee\/toode\/printerid\/etiketiprinter\/etiketiprinter-zebra-zd420-termo-termosiirelan\/","og_site_name":"RTT","article_modified_time":"2025-07-07T18:07:41+00:00","og_image":[{"width":300,"height":225,"url":"https:\/\/rtt-dev.sitewise.ee\/wp-content\/uploads\/2018\/10\/614_1_s.jpg","type":"image\/jpeg"}],"twitter_card":"summary_large_image","schema":{"@context":"https:\/\/schema.org","@graph":[{"@type":"WebPage","@id":"https:\/\/rtt-dev.sitewise.ee\/toode\/printerid\/etiketiprinter\/etiketiprinter-zebra-zd420-termo-termosiirelan\/","url":"https:\/\/rtt-dev.sitewise.ee\/toode\/printerid\/etiketiprinter\/etiketiprinter-zebra-zd420-termo-termosiirelan\/","name":"Label Printer Zebra ZD420 Thermal\/Thermal Transfer, LAN - RTT","isPartOf":{"@id":"https:\/\/rtt-dev.sitewise.ee\/#website"},"primaryImageOfPage":{"@id":"https:\/\/rtt-dev.sitewise.ee\/toode\/printerid\/etiketiprinter\/etiketiprinter-zebra-zd420-termo-termosiirelan\/#primaryimage"},"image":{"@id":"https:\/\/rtt-dev.sitewise.ee\/toode\/printerid\/etiketiprinter\/etiketiprinter-zebra-zd420-termo-termosiirelan\/#primaryimage"},"thumbnailUrl":"https:\/\/rtt-dev.sitewise.ee\/wp-content\/uploads\/2018\/10\/614_1_s.jpg","datePublished":"2018-10-15T23:20:38+00:00","dateModified":"2025-07-07T18:07:41+00:00","breadcrumb":{"@id":"https:\/\/rtt-dev.sitewise.ee\/toode\/printerid\/etiketiprinter\/etiketiprinter-zebra-zd420-termo-termosiirelan\/#breadcrumb"},"inLanguage":"en-US","potentialAction":[{"@type":"ReadAction","target":["https:\/\/rtt-dev.sitewise.ee\/toode\/printerid\/etiketiprinter\/etiketiprinter-zebra-zd420-termo-termosiirelan\/"]}]},{"@type":"ImageObject","inLanguage":"en-US","@id":"https:\/\/rtt-dev.sitewise.ee\/toode\/printerid\/etiketiprinter\/etiketiprinter-zebra-zd420-termo-termosiirelan\/#primaryimage","url":"https:\/\/rtt-dev.sitewise.ee\/wp-content\/uploads\/2018\/10\/614_1_s.jpg","contentUrl":"https:\/\/rtt-dev.sitewise.ee\/wp-content\/uploads\/2018\/10\/614_1_s.jpg","width":300,"height":225},{"@type":"BreadcrumbList","@id":"https:\/\/rtt-dev.sitewise.ee\/toode\/printerid\/etiketiprinter\/etiketiprinter-zebra-zd420-termo-termosiirelan\/#breadcrumb","itemListElement":[{"@type":"ListItem","position":1,"name":"Home","item":"https:\/\/rtt-dev.sitewise.ee\/"},{"@type":"ListItem","position":2,"name":"Shop","item":"https:\/\/rtt-dev.sitewise.ee\/pood\/"},{"@type":"ListItem","position":3,"name":"Printerid","item":"https:\/\/rtt-dev.sitewise.ee\/tootekategooria\/printerid\/"},{"@type":"ListItem","position":4,"name":"Label printers","item":"https:\/\/rtt-dev.sitewise.ee\/en\/tootekategooria\/printerid-en\/etiketiprinter-en\/"},{"@type":"ListItem","position":5,"name":"Label Printer Zebra ZD420 Thermal\/Thermal Transfer, LAN"}]},{"@type":"WebSite","@id":"https:\/\/rtt-dev.sitewise.ee\/#website","url":"https:\/\/rtt-dev.sitewise.ee\/","name":"RTT","description":"Kassaaparaadid ja kontorikaubad","potentialAction":[{"@type":"SearchAction","target":{"@type":"EntryPoint","urlTemplate":"https:\/\/rtt-dev.sitewise.ee\/?s={search_term_string}"},"query-input":{"@type":"PropertyValueSpecification","valueRequired":true,"valueName":"search_term_string"}}],"inLanguage":"en-US"}]}},"_links":{"self":[{"href":"https:\/\/rtt-dev.sitewise.ee\/en\/wp-json\/wp\/v2\/product\/2076","targetHints":{"allow":["GET"]}}],"collection":[{"href":"https:\/\/rtt-dev.sitewise.ee\/en\/wp-json\/wp\/v2\/product"}],"about":[{"href":"https:\/\/rtt-dev.sitewise.ee\/en\/wp-json\/wp\/v2\/types\/product"}],"wp:featuredmedia":[{"embeddable":true,"href":"https:\/\/rtt-dev.sitewise.ee\/en\/wp-json\/wp\/v2\/media\/2077"}],"wp:attachment":[{"href":"https:\/\/rtt-dev.sitewise.ee\/en\/wp-json\/wp\/v2\/media?parent=2076"}],"wp:term":[{"taxonomy":"product_brand","embeddable":true,"href":"https:\/\/rtt-dev.sitewise.ee\/en\/wp-json\/wp\/v2\/product_brand?post=2076"},{"taxonomy":"product_cat","embeddable":true,"href":"https:\/\/rtt-dev.sitewise.ee\/en\/wp-json\/wp\/v2\/product_cat?post=2076"},{"taxonomy":"product_tag","embeddable":true,"href":"https:\/\/rtt-dev.sitewise.ee\/en\/wp-json\/wp\/v2\/product_tag?post=2076"}],"curies":[{"name":"wp","href":"https:\/\/api.w.org\/{rel}","templated":true}]}}