{"id":1811,"date":"2018-10-16T02:24:59","date_gmt":"2018-10-15T23:24:59","guid":{"rendered":"https:\/\/rtt-dev.sitewise.ee\/toode\/maaratlemata\/sharp-mx-3560n\/"},"modified":"2025-07-07T21:07:40","modified_gmt":"2025-07-07T18:07:40","slug":"sharp-mx-3560n","status":"publish","type":"product","link":"https:\/\/rtt-dev.sitewise.ee\/en\/toode\/koopiamasinad-en\/varvilised-koopiamasinad-en\/sharp-mx-3560n\/","title":{"rendered":"SHARP MX-3560N"},"content":{"rendered":"<p><strong>SHARP MX-3560N<\/strong><\/p>\n<p><strong>SHARP MX-3560N<\/strong>\u00a0sobib ideaalselt keskmisele v\u00f5i suuremale t\u00f6\u00f6r\u00fchmale kus vajatakse igap\u00e4eva t\u00f6\u00f6s laialdaste v\u00f5imalustega t\u00f6\u00f6kindlaid seadmeid.<\/p>\n<p>Sharp MX-3560N on kuni SRA3 paberiformaadile m\u00f5eldud multifunktsionaalne v\u00e4rviseade mis on varustatud paljude t\u00e4iustatud j\u00f5udlusfunktsioonidega.<br \/>\nSharp MX-3560N \u00fchendab endas kaasaegse disaini, v\u00f5imsad printimise-ja kopeerimise ning skaneerimise funktsioonid, mis tagavad t\u00f5rgeteta t\u00f6\u00f6 igas kontoris.<\/p>\n<p>Avatud Sharp OSA tarkvaline platvorm tagab \u00fchilduvuse pilve rakendustega ning lisaks<br \/>\nsaate t\u00e4ieliku interneti juurdep\u00e4\u00e4stu veebisisude sirvimiseks ja printimiseks.<br \/>\nLainedatud v\u00f5imalustega sk\u00e4nneriliides v\u00f5imaldab skaneerida dokumente otse\u00a0<strong>Word<\/strong>\u00a0ja\u00a0<strong>Exel<\/strong>\u00a0formaati.<br \/>\nIntegreeritud WiFi liides v\u00f5imaldab seadet paigaldada vastavalt vajadusele ilma v\u00f5rgukaableid vedamatta.<\/p>\n<p>Kiirusega 35 lehte minutis, koos automaatse kahepoolse dokumendis\u00f6\u00f6tja ja dupleksseadmega v\u00f5imaldab<br \/>\nSharp MX-3560N kiiret kahepoolset kopeerimiset, skaneerimist ja printimist.<br \/>\nSeadmel on standardis kaks paberisahtlit mahutavusega 2&#215;550 lehte ja\u00a0k\u00e4sis\u00f6\u00f6t mahtuvausega 100 lehte.<\/p>\n<p>10,1&#8243; v\u00e4rviline ergonommiline LCD puutekraan, mis on seadistatv vastavalt kasutaja soovile tagab seadme mugava ja kiire kasutamise.<\/p>\n<p>Sharp MX-3560N kiirelt kasutatav kaughaldus v\u00f5imaldab IT- juhtidelt seadme administeerimist ja<br \/>\nhaldamist oma t\u00f6\u00f6laua tagant lahkumatta.<\/p>\n<p>Vastavalt vajadusele on v\u00f5imalik lisada laialdaselt lisaseadmeid,<br \/>\nmis muudavad\u00a0Sharp MX-3560N kasutamise veelgi mugavamaks ja efektiivsemaks.<\/p>\n<p>&nbsp;<\/p>\n<p class=\"&quot;western&quot;\"><strong>Lisainfo:<\/strong><\/p>\n<p class=\"&quot;western&quot;\"><strong>Imre Kuuskmann<br \/>\nTel: +372 6 112 256<br \/>\nGSM: +372 5 014 470<br \/>\nimre.kuuskmann@rtt.ee<\/strong><\/p>\n","protected":false},"excerpt":{"rendered":"<p>SHARP MX-3560N SHARP MX-3560N\u00a0sobib ideaalselt keskmisele v\u00f5i suuremale t\u00f6\u00f6r\u00fchmale kus vajatakse igap\u00e4eva t\u00f6\u00f6s laialdaste v\u00f5imalustega t\u00f6\u00f6kindlaid seadmeid. Sharp MX-3560N on kuni SRA3 paberiformaadile m\u00f5eldud multifunktsionaalne v\u00e4rviseade mis on varustatud paljude t\u00e4iustatud j\u00f5udlusfunktsioonidega. Sharp MX-3560N \u00fchendab endas kaasaegse disaini, v\u00f5imsad printimise-ja kopeerimise ning skaneerimise funktsioonid, mis tagavad t\u00f5rgeteta t\u00f6\u00f6 igas kontoris. Avatud Sharp OSA tarkvaline platvorm [&hellip;]<\/p>\n","protected":false},"featured_media":1815,"template":"","meta":[],"product_brand":[],"product_cat":[116],"product_tag":[],"class_list":{"0":"post-1811","1":"product","2":"type-product","3":"status-publish","4":"has-post-thumbnail","6":"product_cat-varvilised-koopiamasinad-en","8":"first","9":"outofstock","10":"taxable","11":"shipping-taxable","12":"purchasable","13":"product-type-simple"},"acf":[],"yoast_head":"<!-- This site is optimized with the Yoast SEO plugin v24.4 - https:\/\/yoast.com\/wordpress\/plugins\/seo\/ -->\n<title>SHARP MX-3560N - RTT<\/title>\n<meta name=\"robots\" content=\"noindex, follow, max-snippet:-1, max-image-preview:large, max-video-preview:-1\" \/>\n<meta property=\"og:locale\" content=\"en_US\" \/>\n<meta property=\"og:type\" content=\"article\" \/>\n<meta property=\"og:title\" content=\"SHARP MX-3560N - RTT\" \/>\n<meta property=\"og:description\" content=\"SHARP MX-3560N SHARP MX-3560N\u00a0sobib ideaalselt keskmisele v\u00f5i suuremale t\u00f6\u00f6r\u00fchmale kus vajatakse igap\u00e4eva t\u00f6\u00f6s laialdaste v\u00f5imalustega t\u00f6\u00f6kindlaid seadmeid. Sharp MX-3560N on kuni SRA3 paberiformaadile m\u00f5eldud multifunktsionaalne v\u00e4rviseade mis on varustatud paljude t\u00e4iustatud j\u00f5udlusfunktsioonidega. Sharp MX-3560N \u00fchendab endas kaasaegse disaini, v\u00f5imsad printimise-ja kopeerimise ning skaneerimise funktsioonid, mis tagavad t\u00f5rgeteta t\u00f6\u00f6 igas kontoris. Avatud Sharp OSA tarkvaline platvorm [&hellip;]\" \/>\n<meta property=\"og:url\" content=\"https:\/\/rtt-dev.sitewise.ee\/toode\/koopiamasinad\/varvi-koopiamasinad\/sharp-mx-3560n\/\" \/>\n<meta property=\"og:site_name\" content=\"RTT\" \/>\n<meta property=\"article:modified_time\" content=\"2025-07-07T18:07:40+00:00\" \/>\n<meta property=\"og:image\" content=\"https:\/\/rtt-dev.sitewise.ee\/wp-content\/uploads\/2018\/10\/650_1_s.jpg\" \/>\n\t<meta property=\"og:image:width\" content=\"1200\" \/>\n\t<meta property=\"og:image:height\" content=\"1500\" \/>\n\t<meta property=\"og:image:type\" content=\"image\/jpeg\" \/>\n<meta name=\"twitter:card\" content=\"summary_large_image\" \/>\n<meta name=\"twitter:label1\" content=\"Est. reading time\" \/>\n\t<meta name=\"twitter:data1\" content=\"1 minute\" \/>\n<script type=\"application\/ld+json\" class=\"yoast-schema-graph\">{\"@context\":\"https:\/\/schema.org\",\"@graph\":[{\"@type\":\"WebPage\",\"@id\":\"https:\/\/rtt-dev.sitewise.ee\/toode\/koopiamasinad\/varvi-koopiamasinad\/sharp-mx-3560n\/\",\"url\":\"https:\/\/rtt-dev.sitewise.ee\/toode\/koopiamasinad\/varvi-koopiamasinad\/sharp-mx-3560n\/\",\"name\":\"SHARP MX-3560N - RTT\",\"isPartOf\":{\"@id\":\"https:\/\/rtt-dev.sitewise.ee\/#website\"},\"primaryImageOfPage\":{\"@id\":\"https:\/\/rtt-dev.sitewise.ee\/toode\/koopiamasinad\/varvi-koopiamasinad\/sharp-mx-3560n\/#primaryimage\"},\"image\":{\"@id\":\"https:\/\/rtt-dev.sitewise.ee\/toode\/koopiamasinad\/varvi-koopiamasinad\/sharp-mx-3560n\/#primaryimage\"},\"thumbnailUrl\":\"https:\/\/rtt-dev.sitewise.ee\/wp-content\/uploads\/2018\/10\/650_1_s.jpg\",\"datePublished\":\"2018-10-15T23:24:59+00:00\",\"dateModified\":\"2025-07-07T18:07:40+00:00\",\"breadcrumb\":{\"@id\":\"https:\/\/rtt-dev.sitewise.ee\/toode\/koopiamasinad\/varvi-koopiamasinad\/sharp-mx-3560n\/#breadcrumb\"},\"inLanguage\":\"en-US\",\"potentialAction\":[{\"@type\":\"ReadAction\",\"target\":[\"https:\/\/rtt-dev.sitewise.ee\/toode\/koopiamasinad\/varvi-koopiamasinad\/sharp-mx-3560n\/\"]}]},{\"@type\":\"ImageObject\",\"inLanguage\":\"en-US\",\"@id\":\"https:\/\/rtt-dev.sitewise.ee\/toode\/koopiamasinad\/varvi-koopiamasinad\/sharp-mx-3560n\/#primaryimage\",\"url\":\"https:\/\/rtt-dev.sitewise.ee\/wp-content\/uploads\/2018\/10\/650_1_s.jpg\",\"contentUrl\":\"https:\/\/rtt-dev.sitewise.ee\/wp-content\/uploads\/2018\/10\/650_1_s.jpg\",\"width\":1200,\"height\":1500},{\"@type\":\"BreadcrumbList\",\"@id\":\"https:\/\/rtt-dev.sitewise.ee\/toode\/koopiamasinad\/varvi-koopiamasinad\/sharp-mx-3560n\/#breadcrumb\",\"itemListElement\":[{\"@type\":\"ListItem\",\"position\":1,\"name\":\"Home\",\"item\":\"https:\/\/rtt-dev.sitewise.ee\/\"},{\"@type\":\"ListItem\",\"position\":2,\"name\":\"Shop\",\"item\":\"https:\/\/rtt-dev.sitewise.ee\/pood\/\"},{\"@type\":\"ListItem\",\"position\":3,\"name\":\"Koopiamasinad\",\"item\":\"https:\/\/rtt-dev.sitewise.ee\/tootekategooria\/koopiamasinad\/\"},{\"@type\":\"ListItem\",\"position\":4,\"name\":\"V\u00e4rvi koopiamasinad\",\"item\":\"https:\/\/rtt-dev.sitewise.ee\/tootekategooria\/koopiamasinad\/varvi-koopiamasinad\/\"},{\"@type\":\"ListItem\",\"position\":5,\"name\":\"SHARP MX-3560N\"}]},{\"@type\":\"WebSite\",\"@id\":\"https:\/\/rtt-dev.sitewise.ee\/#website\",\"url\":\"https:\/\/rtt-dev.sitewise.ee\/\",\"name\":\"RTT\",\"description\":\"Kassaaparaadid ja kontorikaubad\",\"potentialAction\":[{\"@type\":\"SearchAction\",\"target\":{\"@type\":\"EntryPoint\",\"urlTemplate\":\"https:\/\/rtt-dev.sitewise.ee\/?s={search_term_string}\"},\"query-input\":{\"@type\":\"PropertyValueSpecification\",\"valueRequired\":true,\"valueName\":\"search_term_string\"}}],\"inLanguage\":\"en-US\"}]}<\/script>\n<!-- \/ Yoast SEO plugin. -->","yoast_head_json":{"title":"SHARP MX-3560N - RTT","robots":{"index":"noindex","follow":"follow","max-snippet":"max-snippet:-1","max-image-preview":"max-image-preview:large","max-video-preview":"max-video-preview:-1"},"og_locale":"en_US","og_type":"article","og_title":"SHARP MX-3560N - RTT","og_description":"SHARP MX-3560N SHARP MX-3560N\u00a0sobib ideaalselt keskmisele v\u00f5i suuremale t\u00f6\u00f6r\u00fchmale kus vajatakse igap\u00e4eva t\u00f6\u00f6s laialdaste v\u00f5imalustega t\u00f6\u00f6kindlaid seadmeid. Sharp MX-3560N on kuni SRA3 paberiformaadile m\u00f5eldud multifunktsionaalne v\u00e4rviseade mis on varustatud paljude t\u00e4iustatud j\u00f5udlusfunktsioonidega. Sharp MX-3560N \u00fchendab endas kaasaegse disaini, v\u00f5imsad printimise-ja kopeerimise ning skaneerimise funktsioonid, mis tagavad t\u00f5rgeteta t\u00f6\u00f6 igas kontoris. Avatud Sharp OSA tarkvaline platvorm [&hellip;]","og_url":"https:\/\/rtt-dev.sitewise.ee\/toode\/koopiamasinad\/varvi-koopiamasinad\/sharp-mx-3560n\/","og_site_name":"RTT","article_modified_time":"2025-07-07T18:07:40+00:00","og_image":[{"width":1200,"height":1500,"url":"https:\/\/rtt-dev.sitewise.ee\/wp-content\/uploads\/2018\/10\/650_1_s.jpg","type":"image\/jpeg"}],"twitter_card":"summary_large_image","twitter_misc":{"Est. reading time":"1 minute"},"schema":{"@context":"https:\/\/schema.org","@graph":[{"@type":"WebPage","@id":"https:\/\/rtt-dev.sitewise.ee\/toode\/koopiamasinad\/varvi-koopiamasinad\/sharp-mx-3560n\/","url":"https:\/\/rtt-dev.sitewise.ee\/toode\/koopiamasinad\/varvi-koopiamasinad\/sharp-mx-3560n\/","name":"SHARP MX-3560N - RTT","isPartOf":{"@id":"https:\/\/rtt-dev.sitewise.ee\/#website"},"primaryImageOfPage":{"@id":"https:\/\/rtt-dev.sitewise.ee\/toode\/koopiamasinad\/varvi-koopiamasinad\/sharp-mx-3560n\/#primaryimage"},"image":{"@id":"https:\/\/rtt-dev.sitewise.ee\/toode\/koopiamasinad\/varvi-koopiamasinad\/sharp-mx-3560n\/#primaryimage"},"thumbnailUrl":"https:\/\/rtt-dev.sitewise.ee\/wp-content\/uploads\/2018\/10\/650_1_s.jpg","datePublished":"2018-10-15T23:24:59+00:00","dateModified":"2025-07-07T18:07:40+00:00","breadcrumb":{"@id":"https:\/\/rtt-dev.sitewise.ee\/toode\/koopiamasinad\/varvi-koopiamasinad\/sharp-mx-3560n\/#breadcrumb"},"inLanguage":"en-US","potentialAction":[{"@type":"ReadAction","target":["https:\/\/rtt-dev.sitewise.ee\/toode\/koopiamasinad\/varvi-koopiamasinad\/sharp-mx-3560n\/"]}]},{"@type":"ImageObject","inLanguage":"en-US","@id":"https:\/\/rtt-dev.sitewise.ee\/toode\/koopiamasinad\/varvi-koopiamasinad\/sharp-mx-3560n\/#primaryimage","url":"https:\/\/rtt-dev.sitewise.ee\/wp-content\/uploads\/2018\/10\/650_1_s.jpg","contentUrl":"https:\/\/rtt-dev.sitewise.ee\/wp-content\/uploads\/2018\/10\/650_1_s.jpg","width":1200,"height":1500},{"@type":"BreadcrumbList","@id":"https:\/\/rtt-dev.sitewise.ee\/toode\/koopiamasinad\/varvi-koopiamasinad\/sharp-mx-3560n\/#breadcrumb","itemListElement":[{"@type":"ListItem","position":1,"name":"Home","item":"https:\/\/rtt-dev.sitewise.ee\/"},{"@type":"ListItem","position":2,"name":"Shop","item":"https:\/\/rtt-dev.sitewise.ee\/pood\/"},{"@type":"ListItem","position":3,"name":"Koopiamasinad","item":"https:\/\/rtt-dev.sitewise.ee\/tootekategooria\/koopiamasinad\/"},{"@type":"ListItem","position":4,"name":"V\u00e4rvi koopiamasinad","item":"https:\/\/rtt-dev.sitewise.ee\/tootekategooria\/koopiamasinad\/varvi-koopiamasinad\/"},{"@type":"ListItem","position":5,"name":"SHARP MX-3560N"}]},{"@type":"WebSite","@id":"https:\/\/rtt-dev.sitewise.ee\/#website","url":"https:\/\/rtt-dev.sitewise.ee\/","name":"RTT","description":"Kassaaparaadid ja kontorikaubad","potentialAction":[{"@type":"SearchAction","target":{"@type":"EntryPoint","urlTemplate":"https:\/\/rtt-dev.sitewise.ee\/?s={search_term_string}"},"query-input":{"@type":"PropertyValueSpecification","valueRequired":true,"valueName":"search_term_string"}}],"inLanguage":"en-US"}]}},"_links":{"self":[{"href":"https:\/\/rtt-dev.sitewise.ee\/en\/wp-json\/wp\/v2\/product\/1811","targetHints":{"allow":["GET"]}}],"collection":[{"href":"https:\/\/rtt-dev.sitewise.ee\/en\/wp-json\/wp\/v2\/product"}],"about":[{"href":"https:\/\/rtt-dev.sitewise.ee\/en\/wp-json\/wp\/v2\/types\/product"}],"wp:featuredmedia":[{"embeddable":true,"href":"https:\/\/rtt-dev.sitewise.ee\/en\/wp-json\/wp\/v2\/media\/1815"}],"wp:attachment":[{"href":"https:\/\/rtt-dev.sitewise.ee\/en\/wp-json\/wp\/v2\/media?parent=1811"}],"wp:term":[{"taxonomy":"product_brand","embeddable":true,"href":"https:\/\/rtt-dev.sitewise.ee\/en\/wp-json\/wp\/v2\/product_brand?post=1811"},{"taxonomy":"product_cat","embeddable":true,"href":"https:\/\/rtt-dev.sitewise.ee\/en\/wp-json\/wp\/v2\/product_cat?post=1811"},{"taxonomy":"product_tag","embeddable":true,"href":"https:\/\/rtt-dev.sitewise.ee\/en\/wp-json\/wp\/v2\/product_tag?post=1811"}],"curies":[{"name":"wp","href":"https:\/\/api.w.org\/{rel}","templated":true}]}}