{"id":1772,"date":"2018-10-16T02:29:36","date_gmt":"2018-10-15T23:29:36","guid":{"rendered":"https:\/\/rtt-dev.sitewise.ee\/toode\/maaratlemata\/kassaaparaat-se-s100-suur-sahtel\/"},"modified":"2025-07-07T20:58:22","modified_gmt":"2025-07-07T17:58:22","slug":"kassaaparaat-se-s100-big-drawer","status":"publish","type":"product","link":"https:\/\/rtt-dev.sitewise.ee\/en\/toode\/kassatehnika-en\/kassaaparaadid-en\/kassaaparaat-se-s100-big-drawer\/","title":{"rendered":"Cash Register SE-S100 (Big Drawer)"},"content":{"rendered":"<p>Elegantne, imelihtne ja soodne kassaaparaat, sobilik igasse \u00e4risse! Saadaval nii suure kui v\u00e4ikese sahtliga.<br \/>\nV\u00e4rvused: Punane, H\u00f5bedane, Must, Hall<\/p>\n<p><strong>PAKUME TEIE ETTEV\u00d5TTE VAJADUSTEST L\u00c4HTUVALT PARIMA KVALITEEDI JA HINNA SUHTEGA KASSALAHENDUSE!<br \/>\nMEIE KASSAKLIENTIDELE KULUMATERJALID -25% SOODSAMALT !<\/strong><\/p>\n<p><iframe loading=\"lazy\" src=\"https:\/\/www.youtube.com\/embed\/KB2O_CzYGII\" width=\"&quot;560&quot;\" height=\"&quot;315&quot;\" frameborder=\"&quot;0&quot;\"><\/iframe><\/p>\n<p>&nbsp;<\/p>\n","protected":false},"excerpt":{"rendered":"<p>Elegantne, imelihtne ja soodne kassaaparaat, sobilik igasse \u00e4risse! Saadaval nii suure kui v\u00e4ikese sahtliga. V\u00e4rvused: Punane, H\u00f5bedane, Must, Hall PAKUME TEIE ETTEV\u00d5TTE VAJADUSTEST L\u00c4HTUVALT PARIMA KVALITEEDI JA HINNA SUHTEGA KASSALAHENDUSE! MEIE KASSAKLIENTIDELE KULUMATERJALID -25% SOODSAMALT ! &nbsp;<\/p>\n","protected":false},"featured_media":1773,"template":"","meta":[],"product_brand":[],"product_cat":[113],"product_tag":[],"class_list":{"0":"post-1772","1":"product","2":"type-product","3":"status-publish","4":"has-post-thumbnail","6":"product_cat-kassaaparaadid-en","7":"product_brands-casio-en","9":"first","10":"outofstock","11":"taxable","12":"shipping-taxable","13":"purchasable","14":"product-type-simple"},"acf":[],"yoast_head":"<!-- This site is optimized with the Yoast SEO plugin v24.4 - https:\/\/yoast.com\/wordpress\/plugins\/seo\/ -->\n<title>Cash Register SE-S100 (Big Drawer) - RTT<\/title>\n<meta name=\"robots\" content=\"noindex, follow, max-snippet:-1, max-image-preview:large, max-video-preview:-1\" \/>\n<meta property=\"og:locale\" content=\"en_US\" \/>\n<meta property=\"og:type\" content=\"article\" \/>\n<meta property=\"og:title\" content=\"Cash Register SE-S100 (Big Drawer) - RTT\" \/>\n<meta property=\"og:description\" content=\"Elegantne, imelihtne ja soodne kassaaparaat, sobilik igasse \u00e4risse! Saadaval nii suure kui v\u00e4ikese sahtliga. V\u00e4rvused: Punane, H\u00f5bedane, Must, Hall PAKUME TEIE ETTEV\u00d5TTE VAJADUSTEST L\u00c4HTUVALT PARIMA KVALITEEDI JA HINNA SUHTEGA KASSALAHENDUSE! MEIE KASSAKLIENTIDELE KULUMATERJALID -25% SOODSAMALT ! &nbsp;\" \/>\n<meta property=\"og:url\" content=\"https:\/\/rtt-dev.sitewise.ee\/toode\/kassatehnika\/kassaaparaadid\/kassaaparaat-se-s100-suur-sahtel\/\" \/>\n<meta property=\"og:site_name\" content=\"RTT\" \/>\n<meta property=\"article:modified_time\" content=\"2025-07-07T17:58:22+00:00\" \/>\n<meta property=\"og:image\" content=\"https:\/\/rtt-dev.sitewise.ee\/wp-content\/uploads\/2018\/10\/653_1_s.jpg\" \/>\n\t<meta property=\"og:image:width\" content=\"476\" \/>\n\t<meta property=\"og:image:height\" content=\"476\" \/>\n\t<meta property=\"og:image:type\" content=\"image\/jpeg\" \/>\n<meta name=\"twitter:card\" content=\"summary_large_image\" \/>\n<script type=\"application\/ld+json\" class=\"yoast-schema-graph\">{\"@context\":\"https:\/\/schema.org\",\"@graph\":[{\"@type\":\"WebPage\",\"@id\":\"https:\/\/rtt-dev.sitewise.ee\/toode\/kassatehnika\/kassaaparaadid\/kassaaparaat-se-s100-suur-sahtel\/\",\"url\":\"https:\/\/rtt-dev.sitewise.ee\/toode\/kassatehnika\/kassaaparaadid\/kassaaparaat-se-s100-suur-sahtel\/\",\"name\":\"Cash Register SE-S100 (Big Drawer) - RTT\",\"isPartOf\":{\"@id\":\"https:\/\/rtt-dev.sitewise.ee\/#website\"},\"primaryImageOfPage\":{\"@id\":\"https:\/\/rtt-dev.sitewise.ee\/toode\/kassatehnika\/kassaaparaadid\/kassaaparaat-se-s100-suur-sahtel\/#primaryimage\"},\"image\":{\"@id\":\"https:\/\/rtt-dev.sitewise.ee\/toode\/kassatehnika\/kassaaparaadid\/kassaaparaat-se-s100-suur-sahtel\/#primaryimage\"},\"thumbnailUrl\":\"https:\/\/rtt-dev.sitewise.ee\/wp-content\/uploads\/2018\/10\/653_1_s.jpg\",\"datePublished\":\"2018-10-15T23:29:36+00:00\",\"dateModified\":\"2025-07-07T17:58:22+00:00\",\"breadcrumb\":{\"@id\":\"https:\/\/rtt-dev.sitewise.ee\/toode\/kassatehnika\/kassaaparaadid\/kassaaparaat-se-s100-suur-sahtel\/#breadcrumb\"},\"inLanguage\":\"en-US\",\"potentialAction\":[{\"@type\":\"ReadAction\",\"target\":[\"https:\/\/rtt-dev.sitewise.ee\/toode\/kassatehnika\/kassaaparaadid\/kassaaparaat-se-s100-suur-sahtel\/\"]}]},{\"@type\":\"ImageObject\",\"inLanguage\":\"en-US\",\"@id\":\"https:\/\/rtt-dev.sitewise.ee\/toode\/kassatehnika\/kassaaparaadid\/kassaaparaat-se-s100-suur-sahtel\/#primaryimage\",\"url\":\"https:\/\/rtt-dev.sitewise.ee\/wp-content\/uploads\/2018\/10\/653_1_s.jpg\",\"contentUrl\":\"https:\/\/rtt-dev.sitewise.ee\/wp-content\/uploads\/2018\/10\/653_1_s.jpg\",\"width\":476,\"height\":476},{\"@type\":\"BreadcrumbList\",\"@id\":\"https:\/\/rtt-dev.sitewise.ee\/toode\/kassatehnika\/kassaaparaadid\/kassaaparaat-se-s100-suur-sahtel\/#breadcrumb\",\"itemListElement\":[{\"@type\":\"ListItem\",\"position\":1,\"name\":\"Home\",\"item\":\"https:\/\/rtt-dev.sitewise.ee\/\"},{\"@type\":\"ListItem\",\"position\":2,\"name\":\"Shop\",\"item\":\"https:\/\/rtt-dev.sitewise.ee\/pood\/\"},{\"@type\":\"ListItem\",\"position\":3,\"name\":\"Kassatehnika\",\"item\":\"https:\/\/rtt-dev.sitewise.ee\/tootekategooria\/kassatehnika\/\"},{\"@type\":\"ListItem\",\"position\":4,\"name\":\"Cash registers\",\"item\":\"https:\/\/rtt-dev.sitewise.ee\/en\/tootekategooria\/kassatehnika-en\/kassaaparaadid-en\/\"},{\"@type\":\"ListItem\",\"position\":5,\"name\":\"Cash Register SE-S100 (Big Drawer)\"}]},{\"@type\":\"WebSite\",\"@id\":\"https:\/\/rtt-dev.sitewise.ee\/#website\",\"url\":\"https:\/\/rtt-dev.sitewise.ee\/\",\"name\":\"RTT\",\"description\":\"Kassaaparaadid ja kontorikaubad\",\"potentialAction\":[{\"@type\":\"SearchAction\",\"target\":{\"@type\":\"EntryPoint\",\"urlTemplate\":\"https:\/\/rtt-dev.sitewise.ee\/?s={search_term_string}\"},\"query-input\":{\"@type\":\"PropertyValueSpecification\",\"valueRequired\":true,\"valueName\":\"search_term_string\"}}],\"inLanguage\":\"en-US\"}]}<\/script>\n<!-- \/ Yoast SEO plugin. -->","yoast_head_json":{"title":"Cash Register SE-S100 (Big Drawer) - RTT","robots":{"index":"noindex","follow":"follow","max-snippet":"max-snippet:-1","max-image-preview":"max-image-preview:large","max-video-preview":"max-video-preview:-1"},"og_locale":"en_US","og_type":"article","og_title":"Cash Register SE-S100 (Big Drawer) - RTT","og_description":"Elegantne, imelihtne ja soodne kassaaparaat, sobilik igasse \u00e4risse! Saadaval nii suure kui v\u00e4ikese sahtliga. V\u00e4rvused: Punane, H\u00f5bedane, Must, Hall PAKUME TEIE ETTEV\u00d5TTE VAJADUSTEST L\u00c4HTUVALT PARIMA KVALITEEDI JA HINNA SUHTEGA KASSALAHENDUSE! MEIE KASSAKLIENTIDELE KULUMATERJALID -25% SOODSAMALT ! &nbsp;","og_url":"https:\/\/rtt-dev.sitewise.ee\/toode\/kassatehnika\/kassaaparaadid\/kassaaparaat-se-s100-suur-sahtel\/","og_site_name":"RTT","article_modified_time":"2025-07-07T17:58:22+00:00","og_image":[{"width":476,"height":476,"url":"https:\/\/rtt-dev.sitewise.ee\/wp-content\/uploads\/2018\/10\/653_1_s.jpg","type":"image\/jpeg"}],"twitter_card":"summary_large_image","schema":{"@context":"https:\/\/schema.org","@graph":[{"@type":"WebPage","@id":"https:\/\/rtt-dev.sitewise.ee\/toode\/kassatehnika\/kassaaparaadid\/kassaaparaat-se-s100-suur-sahtel\/","url":"https:\/\/rtt-dev.sitewise.ee\/toode\/kassatehnika\/kassaaparaadid\/kassaaparaat-se-s100-suur-sahtel\/","name":"Cash Register SE-S100 (Big Drawer) - RTT","isPartOf":{"@id":"https:\/\/rtt-dev.sitewise.ee\/#website"},"primaryImageOfPage":{"@id":"https:\/\/rtt-dev.sitewise.ee\/toode\/kassatehnika\/kassaaparaadid\/kassaaparaat-se-s100-suur-sahtel\/#primaryimage"},"image":{"@id":"https:\/\/rtt-dev.sitewise.ee\/toode\/kassatehnika\/kassaaparaadid\/kassaaparaat-se-s100-suur-sahtel\/#primaryimage"},"thumbnailUrl":"https:\/\/rtt-dev.sitewise.ee\/wp-content\/uploads\/2018\/10\/653_1_s.jpg","datePublished":"2018-10-15T23:29:36+00:00","dateModified":"2025-07-07T17:58:22+00:00","breadcrumb":{"@id":"https:\/\/rtt-dev.sitewise.ee\/toode\/kassatehnika\/kassaaparaadid\/kassaaparaat-se-s100-suur-sahtel\/#breadcrumb"},"inLanguage":"en-US","potentialAction":[{"@type":"ReadAction","target":["https:\/\/rtt-dev.sitewise.ee\/toode\/kassatehnika\/kassaaparaadid\/kassaaparaat-se-s100-suur-sahtel\/"]}]},{"@type":"ImageObject","inLanguage":"en-US","@id":"https:\/\/rtt-dev.sitewise.ee\/toode\/kassatehnika\/kassaaparaadid\/kassaaparaat-se-s100-suur-sahtel\/#primaryimage","url":"https:\/\/rtt-dev.sitewise.ee\/wp-content\/uploads\/2018\/10\/653_1_s.jpg","contentUrl":"https:\/\/rtt-dev.sitewise.ee\/wp-content\/uploads\/2018\/10\/653_1_s.jpg","width":476,"height":476},{"@type":"BreadcrumbList","@id":"https:\/\/rtt-dev.sitewise.ee\/toode\/kassatehnika\/kassaaparaadid\/kassaaparaat-se-s100-suur-sahtel\/#breadcrumb","itemListElement":[{"@type":"ListItem","position":1,"name":"Home","item":"https:\/\/rtt-dev.sitewise.ee\/"},{"@type":"ListItem","position":2,"name":"Shop","item":"https:\/\/rtt-dev.sitewise.ee\/pood\/"},{"@type":"ListItem","position":3,"name":"Kassatehnika","item":"https:\/\/rtt-dev.sitewise.ee\/tootekategooria\/kassatehnika\/"},{"@type":"ListItem","position":4,"name":"Cash registers","item":"https:\/\/rtt-dev.sitewise.ee\/en\/tootekategooria\/kassatehnika-en\/kassaaparaadid-en\/"},{"@type":"ListItem","position":5,"name":"Cash Register SE-S100 (Big Drawer)"}]},{"@type":"WebSite","@id":"https:\/\/rtt-dev.sitewise.ee\/#website","url":"https:\/\/rtt-dev.sitewise.ee\/","name":"RTT","description":"Kassaaparaadid ja kontorikaubad","potentialAction":[{"@type":"SearchAction","target":{"@type":"EntryPoint","urlTemplate":"https:\/\/rtt-dev.sitewise.ee\/?s={search_term_string}"},"query-input":{"@type":"PropertyValueSpecification","valueRequired":true,"valueName":"search_term_string"}}],"inLanguage":"en-US"}]}},"_links":{"self":[{"href":"https:\/\/rtt-dev.sitewise.ee\/en\/wp-json\/wp\/v2\/product\/1772","targetHints":{"allow":["GET"]}}],"collection":[{"href":"https:\/\/rtt-dev.sitewise.ee\/en\/wp-json\/wp\/v2\/product"}],"about":[{"href":"https:\/\/rtt-dev.sitewise.ee\/en\/wp-json\/wp\/v2\/types\/product"}],"wp:featuredmedia":[{"embeddable":true,"href":"https:\/\/rtt-dev.sitewise.ee\/en\/wp-json\/wp\/v2\/media\/1773"}],"wp:attachment":[{"href":"https:\/\/rtt-dev.sitewise.ee\/en\/wp-json\/wp\/v2\/media?parent=1772"}],"wp:term":[{"taxonomy":"product_brand","embeddable":true,"href":"https:\/\/rtt-dev.sitewise.ee\/en\/wp-json\/wp\/v2\/product_brand?post=1772"},{"taxonomy":"product_cat","embeddable":true,"href":"https:\/\/rtt-dev.sitewise.ee\/en\/wp-json\/wp\/v2\/product_cat?post=1772"},{"taxonomy":"product_tag","embeddable":true,"href":"https:\/\/rtt-dev.sitewise.ee\/en\/wp-json\/wp\/v2\/product_tag?post=1772"}],"curies":[{"name":"wp","href":"https:\/\/api.w.org\/{rel}","templated":true}]}}