{"id":10311,"date":"2023-11-27T16:05:51","date_gmt":"2023-11-27T14:05:51","guid":{"rendered":"https:\/\/rtt-dev.sitewise.ee\/?post_type=product&#038;p=10311"},"modified":"2025-07-07T20:51:31","modified_gmt":"2025-07-07T17:51:31","slug":"ezviz-t4c-juhtmevaba-suitsuandur","status":"publish","type":"product","link":"https:\/\/rtt-dev.sitewise.ee\/en\/toode\/valvekaamerad-en\/ezviz-t4c-juhtmevaba-suitsuandur\/","title":{"rendered":"EZVIZ T4C juhtmevaba suitsuandur"},"content":{"rendered":"<ul style=\"list-style-type: circle;\">\n<li>Optiline suitsuandur \/ TUV EN 14604 sertifikaat \/<\/li>\n<li>Sireen (85dB)<\/li>\n<li>strobo valgusti<\/li>\n<li>kuni 40\u33a1 ruum<\/li>\n<li>Patarei kuni 3a<\/li>\n<li>ZigBee 3.0<\/li>\n<li>T\u00f6\u00f6temp: -10\u00baC ~ 55\u00baC<\/li>\n<li>Keskusega \u00fchendus kuni 200m kauguselt<\/li>\n<li><strong>Annab h\u00e4iret nutitelefoni!<\/strong><\/li>\n<\/ul>\n<p><img loading=\"lazy\" decoding=\"async\" class=\"alignnone size-large wp-image-10287\" src=\"https:\/\/rtt-dev.sitewise.ee\/wp-content\/uploads\/2019\/02\/ezviz_a3_features-1024x511.png\" alt=\"\" width=\"1024\" height=\"511\" srcset=\"https:\/\/rtt-dev.sitewise.ee\/wp-content\/uploads\/2019\/02\/ezviz_a3_features-1024x511.png 1024w, https:\/\/rtt-dev.sitewise.ee\/wp-content\/uploads\/2019\/02\/ezviz_a3_features-300x150.png 300w, https:\/\/rtt-dev.sitewise.ee\/wp-content\/uploads\/2019\/02\/ezviz_a3_features-768x383.png 768w, https:\/\/rtt-dev.sitewise.ee\/wp-content\/uploads\/2019\/02\/ezviz_a3_features-150x75.png 150w, https:\/\/rtt-dev.sitewise.ee\/wp-content\/uploads\/2019\/02\/ezviz_a3_features-600x299.png 600w, https:\/\/rtt-dev.sitewise.ee\/wp-content\/uploads\/2019\/02\/ezviz_a3_features-64x32.png 64w, https:\/\/rtt-dev.sitewise.ee\/wp-content\/uploads\/2019\/02\/ezviz_a3_features.png 1191w\" sizes=\"auto, (max-width: 1024px) 100vw, 1024px\" \/><\/p>\n<p>&nbsp;<\/p>\n<p><iframe loading=\"lazy\" title=\"YouTube video player\" src=\"https:\/\/www.youtube.com\/embed\/nfSIDLfQzqI?si=5HNnMInh_JlTcbFm\" width=\"560\" height=\"315\" frameborder=\"0\" allowfullscreen=\"allowfullscreen\"><\/iframe><\/p>\n","protected":false},"excerpt":{"rendered":"<p>Optiline suitsuandur \/ TUV EN 14604 sertifikaat \/ Sireen (85dB) strobo valgusti kuni 40\u33a1 ruum Patarei kuni 3a ZigBee 3.0 T\u00f6\u00f6temp: -10\u00baC ~ 55\u00baC Keskusega \u00fchendus kuni 200m kauguselt Annab h\u00e4iret nutitelefoni! &nbsp;<\/p>\n","protected":false},"featured_media":10314,"template":"","meta":[],"product_brand":[],"product_cat":[357],"product_tag":[],"class_list":{"0":"post-10311","1":"product","2":"type-product","3":"status-publish","4":"has-post-thumbnail","6":"product_cat-valvekaamerad-en","7":"product_brands-valvekaamerad-sise-ja-valistingimustesse-en","9":"first","10":"outofstock","11":"taxable","12":"shipping-taxable","13":"purchasable","14":"product-type-simple"},"acf":[],"yoast_head":"<!-- This site is optimized with the Yoast SEO plugin v24.4 - https:\/\/yoast.com\/wordpress\/plugins\/seo\/ -->\n<title>EZVIZ T4C juhtmevaba suitsuandur - RTT<\/title>\n<meta name=\"description\" content=\"Ezvizi suitsuandur t\u00f6\u00f6tab ainult koos A3 keskusega v\u00f5imaldades kasutajatel j\u00e4lgida oma vara reaalajas l\u00e4bi telefoni.\" \/>\n<meta name=\"robots\" content=\"noindex, follow, max-snippet:-1, max-image-preview:large, max-video-preview:-1\" \/>\n<meta property=\"og:locale\" content=\"en_US\" \/>\n<meta property=\"og:type\" content=\"article\" \/>\n<meta property=\"og:title\" content=\"EZVIZ T4C juhtmevaba suitsuandur - RTT\" \/>\n<meta property=\"og:description\" content=\"Ezvizi suitsuandur t\u00f6\u00f6tab ainult koos A3 keskusega v\u00f5imaldades kasutajatel j\u00e4lgida oma vara reaalajas l\u00e4bi telefoni.\" \/>\n<meta property=\"og:url\" content=\"https:\/\/rtt-dev.sitewise.ee\/toode\/valveseadmed\/ezviz-t4c-juhtmevaba-suitsuandur\/\" \/>\n<meta property=\"og:site_name\" content=\"RTT\" \/>\n<meta property=\"article:modified_time\" content=\"2025-07-07T17:51:31+00:00\" \/>\n<meta property=\"og:image\" content=\"https:\/\/rtt-dev.sitewise.ee\/wp-content\/uploads\/2023\/11\/ezviz-t4c-smoke-sensor.jpg\" \/>\n\t<meta property=\"og:image:width\" content=\"500\" \/>\n\t<meta property=\"og:image:height\" content=\"500\" \/>\n\t<meta property=\"og:image:type\" content=\"image\/jpeg\" \/>\n<meta name=\"twitter:card\" content=\"summary_large_image\" \/>\n<script type=\"application\/ld+json\" class=\"yoast-schema-graph\">{\"@context\":\"https:\/\/schema.org\",\"@graph\":[{\"@type\":\"WebPage\",\"@id\":\"https:\/\/rtt-dev.sitewise.ee\/toode\/valveseadmed\/ezviz-t4c-juhtmevaba-suitsuandur\/\",\"url\":\"https:\/\/rtt-dev.sitewise.ee\/toode\/valveseadmed\/ezviz-t4c-juhtmevaba-suitsuandur\/\",\"name\":\"EZVIZ T4C juhtmevaba suitsuandur - RTT\",\"isPartOf\":{\"@id\":\"https:\/\/rtt-dev.sitewise.ee\/#website\"},\"primaryImageOfPage\":{\"@id\":\"https:\/\/rtt-dev.sitewise.ee\/toode\/valveseadmed\/ezviz-t4c-juhtmevaba-suitsuandur\/#primaryimage\"},\"image\":{\"@id\":\"https:\/\/rtt-dev.sitewise.ee\/toode\/valveseadmed\/ezviz-t4c-juhtmevaba-suitsuandur\/#primaryimage\"},\"thumbnailUrl\":\"https:\/\/rtt-dev.sitewise.ee\/wp-content\/uploads\/2023\/11\/ezviz-t4c-smoke-sensor.jpg\",\"datePublished\":\"2023-11-27T14:05:51+00:00\",\"dateModified\":\"2025-07-07T17:51:31+00:00\",\"description\":\"Ezvizi suitsuandur t\u00f6\u00f6tab ainult koos A3 keskusega v\u00f5imaldades kasutajatel j\u00e4lgida oma vara reaalajas l\u00e4bi telefoni.\",\"breadcrumb\":{\"@id\":\"https:\/\/rtt-dev.sitewise.ee\/toode\/valveseadmed\/ezviz-t4c-juhtmevaba-suitsuandur\/#breadcrumb\"},\"inLanguage\":\"en-US\",\"potentialAction\":[{\"@type\":\"ReadAction\",\"target\":[\"https:\/\/rtt-dev.sitewise.ee\/toode\/valveseadmed\/ezviz-t4c-juhtmevaba-suitsuandur\/\"]}]},{\"@type\":\"ImageObject\",\"inLanguage\":\"en-US\",\"@id\":\"https:\/\/rtt-dev.sitewise.ee\/toode\/valveseadmed\/ezviz-t4c-juhtmevaba-suitsuandur\/#primaryimage\",\"url\":\"https:\/\/rtt-dev.sitewise.ee\/wp-content\/uploads\/2023\/11\/ezviz-t4c-smoke-sensor.jpg\",\"contentUrl\":\"https:\/\/rtt-dev.sitewise.ee\/wp-content\/uploads\/2023\/11\/ezviz-t4c-smoke-sensor.jpg\",\"width\":500,\"height\":500,\"caption\":\"ezviz_suitsuandur\"},{\"@type\":\"BreadcrumbList\",\"@id\":\"https:\/\/rtt-dev.sitewise.ee\/toode\/valveseadmed\/ezviz-t4c-juhtmevaba-suitsuandur\/#breadcrumb\",\"itemListElement\":[{\"@type\":\"ListItem\",\"position\":1,\"name\":\"Home\",\"item\":\"https:\/\/rtt-dev.sitewise.ee\/\"},{\"@type\":\"ListItem\",\"position\":2,\"name\":\"Shop\",\"item\":\"https:\/\/rtt-dev.sitewise.ee\/pood\/\"},{\"@type\":\"ListItem\",\"position\":3,\"name\":\"Valveseadmed\",\"item\":\"https:\/\/rtt-dev.sitewise.ee\/tootekategooria\/valveseadmed\/\"},{\"@type\":\"ListItem\",\"position\":4,\"name\":\"EZVIZ T4C juhtmevaba suitsuandur\"}]},{\"@type\":\"WebSite\",\"@id\":\"https:\/\/rtt-dev.sitewise.ee\/#website\",\"url\":\"https:\/\/rtt-dev.sitewise.ee\/\",\"name\":\"RTT\",\"description\":\"Kassaaparaadid ja kontorikaubad\",\"potentialAction\":[{\"@type\":\"SearchAction\",\"target\":{\"@type\":\"EntryPoint\",\"urlTemplate\":\"https:\/\/rtt-dev.sitewise.ee\/?s={search_term_string}\"},\"query-input\":{\"@type\":\"PropertyValueSpecification\",\"valueRequired\":true,\"valueName\":\"search_term_string\"}}],\"inLanguage\":\"en-US\"}]}<\/script>\n<!-- \/ Yoast SEO plugin. -->","yoast_head_json":{"title":"EZVIZ T4C juhtmevaba suitsuandur - RTT","description":"Ezvizi suitsuandur t\u00f6\u00f6tab ainult koos A3 keskusega v\u00f5imaldades kasutajatel j\u00e4lgida oma vara reaalajas l\u00e4bi telefoni.","robots":{"index":"noindex","follow":"follow","max-snippet":"max-snippet:-1","max-image-preview":"max-image-preview:large","max-video-preview":"max-video-preview:-1"},"og_locale":"en_US","og_type":"article","og_title":"EZVIZ T4C juhtmevaba suitsuandur - RTT","og_description":"Ezvizi suitsuandur t\u00f6\u00f6tab ainult koos A3 keskusega v\u00f5imaldades kasutajatel j\u00e4lgida oma vara reaalajas l\u00e4bi telefoni.","og_url":"https:\/\/rtt-dev.sitewise.ee\/toode\/valveseadmed\/ezviz-t4c-juhtmevaba-suitsuandur\/","og_site_name":"RTT","article_modified_time":"2025-07-07T17:51:31+00:00","og_image":[{"width":500,"height":500,"url":"https:\/\/rtt-dev.sitewise.ee\/wp-content\/uploads\/2023\/11\/ezviz-t4c-smoke-sensor.jpg","type":"image\/jpeg"}],"twitter_card":"summary_large_image","schema":{"@context":"https:\/\/schema.org","@graph":[{"@type":"WebPage","@id":"https:\/\/rtt-dev.sitewise.ee\/toode\/valveseadmed\/ezviz-t4c-juhtmevaba-suitsuandur\/","url":"https:\/\/rtt-dev.sitewise.ee\/toode\/valveseadmed\/ezviz-t4c-juhtmevaba-suitsuandur\/","name":"EZVIZ T4C juhtmevaba suitsuandur - RTT","isPartOf":{"@id":"https:\/\/rtt-dev.sitewise.ee\/#website"},"primaryImageOfPage":{"@id":"https:\/\/rtt-dev.sitewise.ee\/toode\/valveseadmed\/ezviz-t4c-juhtmevaba-suitsuandur\/#primaryimage"},"image":{"@id":"https:\/\/rtt-dev.sitewise.ee\/toode\/valveseadmed\/ezviz-t4c-juhtmevaba-suitsuandur\/#primaryimage"},"thumbnailUrl":"https:\/\/rtt-dev.sitewise.ee\/wp-content\/uploads\/2023\/11\/ezviz-t4c-smoke-sensor.jpg","datePublished":"2023-11-27T14:05:51+00:00","dateModified":"2025-07-07T17:51:31+00:00","description":"Ezvizi suitsuandur t\u00f6\u00f6tab ainult koos A3 keskusega v\u00f5imaldades kasutajatel j\u00e4lgida oma vara reaalajas l\u00e4bi telefoni.","breadcrumb":{"@id":"https:\/\/rtt-dev.sitewise.ee\/toode\/valveseadmed\/ezviz-t4c-juhtmevaba-suitsuandur\/#breadcrumb"},"inLanguage":"en-US","potentialAction":[{"@type":"ReadAction","target":["https:\/\/rtt-dev.sitewise.ee\/toode\/valveseadmed\/ezviz-t4c-juhtmevaba-suitsuandur\/"]}]},{"@type":"ImageObject","inLanguage":"en-US","@id":"https:\/\/rtt-dev.sitewise.ee\/toode\/valveseadmed\/ezviz-t4c-juhtmevaba-suitsuandur\/#primaryimage","url":"https:\/\/rtt-dev.sitewise.ee\/wp-content\/uploads\/2023\/11\/ezviz-t4c-smoke-sensor.jpg","contentUrl":"https:\/\/rtt-dev.sitewise.ee\/wp-content\/uploads\/2023\/11\/ezviz-t4c-smoke-sensor.jpg","width":500,"height":500,"caption":"ezviz_suitsuandur"},{"@type":"BreadcrumbList","@id":"https:\/\/rtt-dev.sitewise.ee\/toode\/valveseadmed\/ezviz-t4c-juhtmevaba-suitsuandur\/#breadcrumb","itemListElement":[{"@type":"ListItem","position":1,"name":"Home","item":"https:\/\/rtt-dev.sitewise.ee\/"},{"@type":"ListItem","position":2,"name":"Shop","item":"https:\/\/rtt-dev.sitewise.ee\/pood\/"},{"@type":"ListItem","position":3,"name":"Valveseadmed","item":"https:\/\/rtt-dev.sitewise.ee\/tootekategooria\/valveseadmed\/"},{"@type":"ListItem","position":4,"name":"EZVIZ T4C juhtmevaba suitsuandur"}]},{"@type":"WebSite","@id":"https:\/\/rtt-dev.sitewise.ee\/#website","url":"https:\/\/rtt-dev.sitewise.ee\/","name":"RTT","description":"Kassaaparaadid ja kontorikaubad","potentialAction":[{"@type":"SearchAction","target":{"@type":"EntryPoint","urlTemplate":"https:\/\/rtt-dev.sitewise.ee\/?s={search_term_string}"},"query-input":{"@type":"PropertyValueSpecification","valueRequired":true,"valueName":"search_term_string"}}],"inLanguage":"en-US"}]}},"_links":{"self":[{"href":"https:\/\/rtt-dev.sitewise.ee\/en\/wp-json\/wp\/v2\/product\/10311","targetHints":{"allow":["GET"]}}],"collection":[{"href":"https:\/\/rtt-dev.sitewise.ee\/en\/wp-json\/wp\/v2\/product"}],"about":[{"href":"https:\/\/rtt-dev.sitewise.ee\/en\/wp-json\/wp\/v2\/types\/product"}],"wp:featuredmedia":[{"embeddable":true,"href":"https:\/\/rtt-dev.sitewise.ee\/en\/wp-json\/wp\/v2\/media\/10314"}],"wp:attachment":[{"href":"https:\/\/rtt-dev.sitewise.ee\/en\/wp-json\/wp\/v2\/media?parent=10311"}],"wp:term":[{"taxonomy":"product_brand","embeddable":true,"href":"https:\/\/rtt-dev.sitewise.ee\/en\/wp-json\/wp\/v2\/product_brand?post=10311"},{"taxonomy":"product_cat","embeddable":true,"href":"https:\/\/rtt-dev.sitewise.ee\/en\/wp-json\/wp\/v2\/product_cat?post=10311"},{"taxonomy":"product_tag","embeddable":true,"href":"https:\/\/rtt-dev.sitewise.ee\/en\/wp-json\/wp\/v2\/product_tag?post=10311"}],"curies":[{"name":"wp","href":"https:\/\/api.w.org\/{rel}","templated":true}]}}