{"id":1754,"date":"2018-11-16T00:26:13","date_gmt":"2018-11-15T22:26:13","guid":{"rendered":"https:\/\/rtt-dev.sitewise.ee\/hooldus\/"},"modified":"2022-01-14T11:41:33","modified_gmt":"2022-01-14T09:41:33","slug":"maintenance","status":"publish","type":"page","link":"https:\/\/rtt-dev.sitewise.ee\/en\/maintenance\/","title":{"rendered":"Maintenance"},"content":{"rendered":"<p>We offer maintenance and repair services for all copiers and laser printers.<\/p>\n","protected":false},"excerpt":{"rendered":"<p><b>Hoolduse saad mugavalt tellida otse veebist<\/b><\/p>\n<p> Hoolduse tellimiseks vali oma seadmele vastav br\u00e4nd:<\/p>\n","protected":false},"author":1,"featured_media":0,"parent":0,"menu_order":0,"comment_status":"closed","ping_status":"closed","template":"template-service.php","meta":{"footnotes":""},"class_list":["post-1754","page","type-page","status-publish","hentry"],"acf":[],"yoast_head":"<!-- This site is optimized with the Yoast SEO plugin v24.4 - https:\/\/yoast.com\/wordpress\/plugins\/seo\/ -->\n<title>Koopiamasinate, printerite ja b\u00fcrootehnika hooldus ja remont | RTT<\/title>\n<meta name=\"description\" content=\"Hooldame ja remondime k\u00f5iki koopiamasinaid ja laserprintereid. Vajaminevad t\u00f6\u00f6d telli otse veebist. Teostame t\u00f6id \u00fcle Eesti (k.a. saared). K\u00fcsi pakkumist!\" \/>\n<meta name=\"robots\" content=\"noindex, follow, max-snippet:-1, max-image-preview:large, max-video-preview:-1\" \/>\n<meta property=\"og:locale\" content=\"en_US\" \/>\n<meta property=\"og:type\" content=\"article\" \/>\n<meta property=\"og:title\" content=\"Koopiamasinate, printerite ja b\u00fcrootehnika hooldus ja remont | RTT\" \/>\n<meta property=\"og:description\" content=\"Hooldame ja remondime k\u00f5iki koopiamasinaid ja laserprintereid. Vajaminevad t\u00f6\u00f6d telli otse veebist. Teostame t\u00f6id \u00fcle Eesti (k.a. saared). K\u00fcsi pakkumist!\" \/>\n<meta property=\"og:url\" content=\"https:\/\/rtt-dev.sitewise.ee\/hooldus\/\" \/>\n<meta property=\"og:site_name\" content=\"RTT\" \/>\n<meta property=\"article:modified_time\" content=\"2022-01-14T09:41:33+00:00\" \/>\n<meta property=\"og:image\" content=\"https:\/\/rtt-dev.sitewise.ee\/wp-content\/uploads\/2022\/01\/rtt_logo_350X350.jpg\" \/>\n\t<meta property=\"og:image:width\" content=\"350\" \/>\n\t<meta property=\"og:image:height\" content=\"350\" \/>\n\t<meta property=\"og:image:type\" content=\"image\/jpeg\" \/>\n<meta name=\"twitter:card\" content=\"summary_large_image\" \/>\n<script type=\"application\/ld+json\" class=\"yoast-schema-graph\">{\"@context\":\"https:\/\/schema.org\",\"@graph\":[{\"@type\":\"WebPage\",\"@id\":\"https:\/\/rtt-dev.sitewise.ee\/hooldus\/\",\"url\":\"https:\/\/rtt-dev.sitewise.ee\/hooldus\/\",\"name\":\"Koopiamasinate, printerite ja b\u00fcrootehnika hooldus ja remont | RTT\",\"isPartOf\":{\"@id\":\"https:\/\/rtt-dev.sitewise.ee\/#website\"},\"datePublished\":\"2018-11-15T22:26:13+00:00\",\"dateModified\":\"2022-01-14T09:41:33+00:00\",\"description\":\"Hooldame ja remondime k\u00f5iki koopiamasinaid ja laserprintereid. Vajaminevad t\u00f6\u00f6d telli otse veebist. Teostame t\u00f6id \u00fcle Eesti (k.a. saared). K\u00fcsi pakkumist!\",\"breadcrumb\":{\"@id\":\"https:\/\/rtt-dev.sitewise.ee\/hooldus\/#breadcrumb\"},\"inLanguage\":\"en-US\",\"potentialAction\":[{\"@type\":\"ReadAction\",\"target\":[\"https:\/\/rtt-dev.sitewise.ee\/hooldus\/\"]}]},{\"@type\":\"BreadcrumbList\",\"@id\":\"https:\/\/rtt-dev.sitewise.ee\/hooldus\/#breadcrumb\",\"itemListElement\":[{\"@type\":\"ListItem\",\"position\":1,\"name\":\"Home\",\"item\":\"https:\/\/rtt-dev.sitewise.ee\/\"},{\"@type\":\"ListItem\",\"position\":2,\"name\":\"Maintenance\"}]},{\"@type\":\"WebSite\",\"@id\":\"https:\/\/rtt-dev.sitewise.ee\/#website\",\"url\":\"https:\/\/rtt-dev.sitewise.ee\/\",\"name\":\"RTT\",\"description\":\"Kassaaparaadid ja kontorikaubad\",\"potentialAction\":[{\"@type\":\"SearchAction\",\"target\":{\"@type\":\"EntryPoint\",\"urlTemplate\":\"https:\/\/rtt-dev.sitewise.ee\/?s={search_term_string}\"},\"query-input\":{\"@type\":\"PropertyValueSpecification\",\"valueRequired\":true,\"valueName\":\"search_term_string\"}}],\"inLanguage\":\"en-US\"}]}<\/script>\n<!-- \/ Yoast SEO plugin. -->","yoast_head_json":{"title":"Koopiamasinate, printerite ja b\u00fcrootehnika hooldus ja remont | RTT","description":"Hooldame ja remondime k\u00f5iki koopiamasinaid ja laserprintereid. Vajaminevad t\u00f6\u00f6d telli otse veebist. Teostame t\u00f6id \u00fcle Eesti (k.a. saared). K\u00fcsi pakkumist!","robots":{"index":"noindex","follow":"follow","max-snippet":"max-snippet:-1","max-image-preview":"max-image-preview:large","max-video-preview":"max-video-preview:-1"},"og_locale":"en_US","og_type":"article","og_title":"Koopiamasinate, printerite ja b\u00fcrootehnika hooldus ja remont | RTT","og_description":"Hooldame ja remondime k\u00f5iki koopiamasinaid ja laserprintereid. Vajaminevad t\u00f6\u00f6d telli otse veebist. Teostame t\u00f6id \u00fcle Eesti (k.a. saared). K\u00fcsi pakkumist!","og_url":"https:\/\/rtt-dev.sitewise.ee\/hooldus\/","og_site_name":"RTT","article_modified_time":"2022-01-14T09:41:33+00:00","og_image":[{"width":350,"height":350,"url":"https:\/\/rtt-dev.sitewise.ee\/wp-content\/uploads\/2022\/01\/rtt_logo_350X350.jpg","type":"image\/jpeg"}],"twitter_card":"summary_large_image","schema":{"@context":"https:\/\/schema.org","@graph":[{"@type":"WebPage","@id":"https:\/\/rtt-dev.sitewise.ee\/hooldus\/","url":"https:\/\/rtt-dev.sitewise.ee\/hooldus\/","name":"Koopiamasinate, printerite ja b\u00fcrootehnika hooldus ja remont | RTT","isPartOf":{"@id":"https:\/\/rtt-dev.sitewise.ee\/#website"},"datePublished":"2018-11-15T22:26:13+00:00","dateModified":"2022-01-14T09:41:33+00:00","description":"Hooldame ja remondime k\u00f5iki koopiamasinaid ja laserprintereid. Vajaminevad t\u00f6\u00f6d telli otse veebist. Teostame t\u00f6id \u00fcle Eesti (k.a. saared). K\u00fcsi pakkumist!","breadcrumb":{"@id":"https:\/\/rtt-dev.sitewise.ee\/hooldus\/#breadcrumb"},"inLanguage":"en-US","potentialAction":[{"@type":"ReadAction","target":["https:\/\/rtt-dev.sitewise.ee\/hooldus\/"]}]},{"@type":"BreadcrumbList","@id":"https:\/\/rtt-dev.sitewise.ee\/hooldus\/#breadcrumb","itemListElement":[{"@type":"ListItem","position":1,"name":"Home","item":"https:\/\/rtt-dev.sitewise.ee\/"},{"@type":"ListItem","position":2,"name":"Maintenance"}]},{"@type":"WebSite","@id":"https:\/\/rtt-dev.sitewise.ee\/#website","url":"https:\/\/rtt-dev.sitewise.ee\/","name":"RTT","description":"Kassaaparaadid ja kontorikaubad","potentialAction":[{"@type":"SearchAction","target":{"@type":"EntryPoint","urlTemplate":"https:\/\/rtt-dev.sitewise.ee\/?s={search_term_string}"},"query-input":{"@type":"PropertyValueSpecification","valueRequired":true,"valueName":"search_term_string"}}],"inLanguage":"en-US"}]}},"_links":{"self":[{"href":"https:\/\/rtt-dev.sitewise.ee\/en\/wp-json\/wp\/v2\/pages\/1754","targetHints":{"allow":["GET"]}}],"collection":[{"href":"https:\/\/rtt-dev.sitewise.ee\/en\/wp-json\/wp\/v2\/pages"}],"about":[{"href":"https:\/\/rtt-dev.sitewise.ee\/en\/wp-json\/wp\/v2\/types\/page"}],"author":[{"embeddable":true,"href":"https:\/\/rtt-dev.sitewise.ee\/en\/wp-json\/wp\/v2\/users\/1"}],"replies":[{"embeddable":true,"href":"https:\/\/rtt-dev.sitewise.ee\/en\/wp-json\/wp\/v2\/comments?post=1754"}],"version-history":[{"count":9,"href":"https:\/\/rtt-dev.sitewise.ee\/en\/wp-json\/wp\/v2\/pages\/1754\/revisions"}],"predecessor-version":[{"id":8136,"href":"https:\/\/rtt-dev.sitewise.ee\/en\/wp-json\/wp\/v2\/pages\/1754\/revisions\/8136"}],"wp:attachment":[{"href":"https:\/\/rtt-dev.sitewise.ee\/en\/wp-json\/wp\/v2\/media?parent=1754"}],"curies":[{"name":"wp","href":"https:\/\/api.w.org\/{rel}","templated":true}]}}